{"id":33067,"date":"2025-04-08T21:12:12","date_gmt":"2025-04-09T03:12:12","guid":{"rendered":"https:\/\/www.mexicanguitarplayers.com\/tienda\/sin categor\u00eda\/combo-blackstar-p-guit-debut-50r-blk\/"},"modified":"2026-05-01T07:23:01","modified_gmt":"2026-05-01T13:23:01","slug":"combo-blackstar-p-guit-debut-50r-blk","status":"publish","type":"product","link":"https:\/\/www.mexicanguitarplayers.com\/en\/tienda\/audio\/amplificadores-audio\/amplificadores-de-potencia\/combo-blackstar-p-guit-debut-50r-blk\/","title":{"rendered":"COMBO BLACKSTAR P\/GUIT DEBUT-50R  BLK"},"content":{"rendered":"<div style=\"text-align: justify\">\n<div>\n<h3>DEBUT 50R<\/h3>\n<\/div>\n<div>Profesional desde el primer momento.  El Debut 50R es una alternativa completamente anal\u00f3gica simple y elegante, sin complicaciones, a los amplificadores de modelado digital de nivel de entrada. Ideal para los que tocan pedales, el Debut 50R se enfoca m\u00e1s en el tono y la facilidad de uso que en las &#8220;campanas y silbatos&#8221; no deseados. Este amplificador vers\u00e1til es perfecto para guitarristas de todos los niveles, ya sea tocando en un dormitorio, practicando en una habitaci\u00f3n peque\u00f1a o actuando en el escenario.<\/div>\n<div>\n<h4>Characteristics<\/h4>\n<\/div>\n<div>\n<ul style=\"margin: 0px 0px 0px 25px\">\n<li style=\"list-style-type: circle;margin: 5px\">ENTRADA<\/li>\n<li style=\"list-style-type: circle;margin: 5px\">GAIN<\/li>\n<li style=\"list-style-type: circle;margin: 5px\">EL CONTROL BRIGHT<\/li>\n<li style=\"list-style-type: circle;margin: 5px\">OD (OVERDRIVE) <\/li>\n<li style=\"list-style-type: circle;margin: 5px\">GAIN<\/li>\n<li style=\"list-style-type: circle;margin: 5px\">VOLUMEN<\/li>\n<li style=\"list-style-type: circle;margin: 5px\">ECUALIZACI\u00d3N<\/li>\n<li style=\"list-style-type: circle;margin: 5px\">ISF (Infinite Shape Feature)<\/li>\n<li style=\"list-style-type: circle;margin: 5px\">PLATE \/ HALL REVERB<\/li>\n<li style=\"list-style-type: circle;margin: 5px\">. NIVEL DE REVERB<\/li>\n<li style=\"list-style-type: circle;margin: 5px\">REDUCCI\u00d3N DE POTENCIA<\/li>\n<li style=\"list-style-type: circle;margin: 5px\">LUZ INDICADORA DE ENCENDIDO<\/li>\n<li style=\"list-style-type: circle;margin: 5px\">MAINS INPUT<\/li>\n<li style=\"list-style-type: circle;margin: 5px\">LINE OUT \/ HEADPHONES<\/li>\n<li style=\"list-style-type: circle;margin: 5px\">FOOTSWITCH<\/li>\n<\/ul>\n<\/div>\n<\/div>","protected":false},"excerpt":{"rendered":"<p>El DEBUT 50R es un amplificador compacto e innovador con un enorme SONIDO. Combinando dos canales, EQ completa, nuestra patentada Infinite Shape Feature (ISF) y una reverb Plate \/ Hall seleccionable, es el amplificador perfecto para el escenario y el estudio. DEBUT 50R re\u00fane todo el sonido y las caracter\u00edsticas innovadoras que cabe esperar de un Blackstar. El circuito patentado ISF (Infinite Shape Feature) le ofrece un ajuste infinito sobre las caracter\u00edsticas de la red de control del tono y le lleva desde los EE.UU. hasta el Reino Unido y a cualquier lugar entre medias. As\u00ed que ahora puede dise\u00f1ar eficazmente su propio tono y encontrar \u201cel sonido en su cabeza\u201d. El modelo DEBUT 50R tambi\u00e9n dispone de una salida de l\u00ednea emulada de altavoz totalmente especificada que le permite obtener f\u00e1cilmente un sonido asombrosodirectamente a cinta o disco, o a trav\u00e9s de auriculares. A\u00f1ada a esto una entrada de l\u00ednea, que le permitir\u00e1 improvisar con sus pistasfavoritas, y un bucle de efectos y reverberaci\u00f3n Plate \/  Hall y tendr\u00e1 todo lo que necesita para practicar, grabar o tocar en directo.&hellip; <a class=\"kt-excerpt-readmore more-link\" href=\"https:\/\/www.mexicanguitarplayers.com\/en\/tienda\/audio\/amplificadores-audio\/amplificadores-de-potencia\/combo-blackstar-p-guit-debut-50r-blk\/\">Read more<\/a><\/p>","protected":false},"featured_media":33062,"comment_status":"open","ping_status":"closed","template":"","meta":{"kt_blocks_editor_width":""},"pwb-brand":[172],"product_brand":[],"product_cat":[219,220,213],"product_tag":[],"class_list":{"0":"post-33067","1":"product","2":"type-product","3":"status-publish","4":"has-post-thumbnail","6":"pwb-brand-blackstar","7":"product_cat-amplificadores-audio","8":"product_cat-amplificadores-de-potencia","9":"product_cat-audio","10":"product_shipping_class-10-15-kg","12":"first","13":"instock","14":"taxable","15":"shipping-taxable","16":"purchasable","17":"product-type-simple"},"yoast_head":"<!-- This site is optimized with the Yoast SEO plugin v27.6 - https:\/\/yoast.com\/product\/yoast-seo-wordpress\/ -->\n<title>COMBO BLACKSTAR P\/GUIT DEBUT-50R BLK - Mexican Guitar Players<\/title>\n<meta name=\"description\" content=\"El DEBUT 50R es un amplificador compacto e innovador con un enorme SONIDO. Combinando dos canales, EQ completa, nuestra patentada Infinite Shape Feature (ISF) y una reverb Plate \/ Hall seleccionable, es el amplificador perfecto para el escenario y el estudio. DEBUT 50R re\u00fane todo el sonido y las caracter\u00edsticas innovadoras que cabe esperar de un Blackstar. El circuito patentado ISF (Infinite Shape Feature) le ofrece un ajuste infinito sobre las caracter\u00edsticas de la red de control del tono y le lleva desde los EE.UU. hasta el Reino Unido y a cualquier lugar entre medias. As\u00ed que ahora puede dise\u00f1ar eficazmente su propio tono y encontrar \u201cel sonido en su cabeza\u201d. El modelo DEBUT 50R tambi\u00e9n dispone de una salida de l\u00ednea emulada de altavoz totalmente especificada que le permite obtener f\u00e1cilmente un sonido asombrosodirectamente a cinta o disco, o a trav\u00e9s de auriculares. A\u00f1ada a esto una entrada de l\u00ednea, que le permitir\u00e1 improvisar con sus pistasfavoritas, y un bucle de efectos y reverberaci\u00f3n Plate \/ Hall y tendr\u00e1 todo lo que necesita para practicar, grabar o tocar en directo.\" \/>\n<meta name=\"robots\" content=\"index, follow, max-snippet:-1, max-image-preview:large, max-video-preview:-1\" \/>\n<link rel=\"canonical\" href=\"https:\/\/www.mexicanguitarplayers.com\/en\/tienda\/sin%20categor\u00eda\/combo-blackstar-p-guit-debut-50r-blk\/\" \/>\n<meta property=\"og:locale\" content=\"en_US\" \/>\n<meta property=\"og:type\" content=\"article\" \/>\n<meta property=\"og:title\" content=\"COMBO BLACKSTAR P\/GUIT DEBUT-50R BLK - Mexican Guitar Players\" \/>\n<meta property=\"og:description\" content=\"El DEBUT 50R es un amplificador compacto e innovador con un enorme SONIDO. Combinando dos canales, EQ completa, nuestra patentada Infinite Shape Feature (ISF) y una reverb Plate \/ Hall seleccionable, es el amplificador perfecto para el escenario y el estudio. DEBUT 50R re\u00fane todo el sonido y las caracter\u00edsticas innovadoras que cabe esperar de un Blackstar. El circuito patentado ISF (Infinite Shape Feature) le ofrece un ajuste infinito sobre las caracter\u00edsticas de la red de control del tono y le lleva desde los EE.UU. hasta el Reino Unido y a cualquier lugar entre medias. As\u00ed que ahora puede dise\u00f1ar eficazmente su propio tono y encontrar \u201cel sonido en su cabeza\u201d. El modelo DEBUT 50R tambi\u00e9n dispone de una salida de l\u00ednea emulada de altavoz totalmente especificada que le permite obtener f\u00e1cilmente un sonido asombrosodirectamente a cinta o disco, o a trav\u00e9s de auriculares. A\u00f1ada a esto una entrada de l\u00ednea, que le permitir\u00e1 improvisar con sus pistasfavoritas, y un bucle de efectos y reverberaci\u00f3n Plate \/ Hall y tendr\u00e1 todo lo que necesita para practicar, grabar o tocar en directo.\" \/>\n<meta property=\"og:url\" content=\"https:\/\/www.mexicanguitarplayers.com\/en\/tienda\/sin categor\u00eda\/combo-blackstar-p-guit-debut-50r-blk\/\" \/>\n<meta property=\"og:site_name\" content=\"Mexican Guitar Players\" \/>\n<meta property=\"article:modified_time\" content=\"2026-05-01T13:23:01+00:00\" \/>\n<meta name=\"twitter:card\" content=\"summary_large_image\" \/>\n<meta name=\"twitter:label1\" content=\"Est. reading time\" \/>\n\t<meta name=\"twitter:data1\" content=\"1 minute\" \/>\n<script type=\"application\/ld+json\" class=\"yoast-schema-graph\">{\"@context\":\"https:\\\/\\\/schema.org\",\"@graph\":[{\"@type\":[\"WebPage\",\"ItemPage\"],\"@id\":\"https:\\\/\\\/www.mexicanguitarplayers.com\\\/tienda\\\/sin categor\u00eda\\\/combo-blackstar-p-guit-debut-50r-blk\\\/\",\"url\":\"https:\\\/\\\/www.mexicanguitarplayers.com\\\/tienda\\\/sin categor\u00eda\\\/combo-blackstar-p-guit-debut-50r-blk\\\/\",\"name\":\"COMBO BLACKSTAR P\\\/GUIT DEBUT-50R BLK - Mexican Guitar Players\",\"isPartOf\":{\"@id\":\"https:\\\/\\\/www.mexicanguitarplayers.com\\\/#website\"},\"primaryImageOfPage\":{\"@id\":\"https:\\\/\\\/www.mexicanguitarplayers.com\\\/tienda\\\/sin categor\u00eda\\\/combo-blackstar-p-guit-debut-50r-blk\\\/#primaryimage\"},\"image\":{\"@id\":\"https:\\\/\\\/www.mexicanguitarplayers.com\\\/tienda\\\/sin categor\u00eda\\\/combo-blackstar-p-guit-debut-50r-blk\\\/#primaryimage\"},\"thumbnailUrl\":\"https:\\\/\\\/www.mexicanguitarplayers.com\\\/wp-content\\\/uploads\\\/2025\\\/04\\\/ICBLSDEBUT50BK.jpg\",\"datePublished\":\"2025-04-09T03:12:12+00:00\",\"dateModified\":\"2026-05-01T13:23:01+00:00\",\"description\":\"El DEBUT 50R es un amplificador compacto e innovador con un enorme SONIDO. Combinando dos canales, EQ completa, nuestra patentada Infinite Shape Feature (ISF) y una reverb Plate \\\/ Hall seleccionable, es el amplificador perfecto para el escenario y el estudio. DEBUT 50R re\u00fane todo el sonido y las caracter\u00edsticas innovadoras que cabe esperar de un Blackstar. El circuito patentado ISF (Infinite Shape Feature) le ofrece un ajuste infinito sobre las caracter\u00edsticas de la red de control del tono y le lleva desde los EE.UU. hasta el Reino Unido y a cualquier lugar entre medias. As\u00ed que ahora puede dise\u00f1ar eficazmente su propio tono y encontrar \u201cel sonido en su cabeza\u201d. El modelo DEBUT 50R tambi\u00e9n dispone de una salida de l\u00ednea emulada de altavoz totalmente especificada que le permite obtener f\u00e1cilmente un sonido asombrosodirectamente a cinta o disco, o a trav\u00e9s de auriculares. A\u00f1ada a esto una entrada de l\u00ednea, que le permitir\u00e1 improvisar con sus pistasfavoritas, y un bucle de efectos y reverberaci\u00f3n Plate \\\/ Hall y tendr\u00e1 todo lo que necesita para practicar, grabar o tocar en directo.\",\"breadcrumb\":{\"@id\":\"https:\\\/\\\/www.mexicanguitarplayers.com\\\/tienda\\\/sin categor\u00eda\\\/combo-blackstar-p-guit-debut-50r-blk\\\/#breadcrumb\"},\"inLanguage\":\"en-US\",\"potentialAction\":[{\"@type\":\"ReadAction\",\"target\":[\"https:\\\/\\\/www.mexicanguitarplayers.com\\\/tienda\\\/sin categor\u00eda\\\/combo-blackstar-p-guit-debut-50r-blk\\\/\"]}]},{\"@type\":\"ImageObject\",\"inLanguage\":\"en-US\",\"@id\":\"https:\\\/\\\/www.mexicanguitarplayers.com\\\/tienda\\\/sin categor\u00eda\\\/combo-blackstar-p-guit-debut-50r-blk\\\/#primaryimage\",\"url\":\"https:\\\/\\\/www.mexicanguitarplayers.com\\\/wp-content\\\/uploads\\\/2025\\\/04\\\/ICBLSDEBUT50BK.jpg\",\"contentUrl\":\"https:\\\/\\\/www.mexicanguitarplayers.com\\\/wp-content\\\/uploads\\\/2025\\\/04\\\/ICBLSDEBUT50BK.jpg\",\"width\":1500,\"height\":1500},{\"@type\":\"BreadcrumbList\",\"@id\":\"https:\\\/\\\/www.mexicanguitarplayers.com\\\/tienda\\\/sin categor\u00eda\\\/combo-blackstar-p-guit-debut-50r-blk\\\/#breadcrumb\",\"itemListElement\":[{\"@type\":\"ListItem\",\"position\":1,\"name\":\"Portada\",\"item\":\"https:\\\/\\\/www.mexicanguitarplayers.com\\\/\"},{\"@type\":\"ListItem\",\"position\":2,\"name\":\"Tienda\",\"item\":\"https:\\\/\\\/www.mexicanguitarplayers.com\\\/tienda\\\/\"},{\"@type\":\"ListItem\",\"position\":3,\"name\":\"COMBO BLACKSTAR P\\\/GUIT DEBUT-50R BLK\"}]},{\"@type\":\"WebSite\",\"@id\":\"https:\\\/\\\/www.mexicanguitarplayers.com\\\/#website\",\"url\":\"https:\\\/\\\/www.mexicanguitarplayers.com\\\/\",\"name\":\"Mexican Guitar Players\",\"description\":\"Website\",\"publisher\":{\"@id\":\"https:\\\/\\\/www.mexicanguitarplayers.com\\\/#organization\"},\"potentialAction\":[{\"@type\":\"SearchAction\",\"target\":{\"@type\":\"EntryPoint\",\"urlTemplate\":\"https:\\\/\\\/www.mexicanguitarplayers.com\\\/?s={search_term_string}\"},\"query-input\":{\"@type\":\"PropertyValueSpecification\",\"valueRequired\":true,\"valueName\":\"search_term_string\"}}],\"inLanguage\":\"en-US\"},{\"@type\":\"Organization\",\"@id\":\"https:\\\/\\\/www.mexicanguitarplayers.com\\\/#organization\",\"name\":\"Mexican Guitar Players\",\"url\":\"https:\\\/\\\/www.mexicanguitarplayers.com\\\/\",\"logo\":{\"@type\":\"ImageObject\",\"inLanguage\":\"en-US\",\"@id\":\"https:\\\/\\\/www.mexicanguitarplayers.com\\\/#\\\/schema\\\/logo\\\/image\\\/\",\"url\":\"\",\"contentUrl\":\"\",\"caption\":\"Mexican Guitar Players\"},\"image\":{\"@id\":\"https:\\\/\\\/www.mexicanguitarplayers.com\\\/#\\\/schema\\\/logo\\\/image\\\/\"}}]}<\/script>\n<!-- \/ Yoast SEO plugin. -->","yoast_head_json":{"title":"COMBO BLACKSTAR P\/GUIT DEBUT-50R BLK - Mexican Guitar Players","description":"El DEBUT 50R es un amplificador compacto e innovador con un enorme SONIDO. Combinando dos canales, EQ completa, nuestra patentada Infinite Shape Feature (ISF) y una reverb Plate \/ Hall seleccionable, es el amplificador perfecto para el escenario y el estudio. DEBUT 50R re\u00fane todo el sonido y las caracter\u00edsticas innovadoras que cabe esperar de un Blackstar. El circuito patentado ISF (Infinite Shape Feature) le ofrece un ajuste infinito sobre las caracter\u00edsticas de la red de control del tono y le lleva desde los EE.UU. hasta el Reino Unido y a cualquier lugar entre medias. As\u00ed que ahora puede dise\u00f1ar eficazmente su propio tono y encontrar \u201cel sonido en su cabeza\u201d. El modelo DEBUT 50R tambi\u00e9n dispone de una salida de l\u00ednea emulada de altavoz totalmente especificada que le permite obtener f\u00e1cilmente un sonido asombrosodirectamente a cinta o disco, o a trav\u00e9s de auriculares. A\u00f1ada a esto una entrada de l\u00ednea, que le permitir\u00e1 improvisar con sus pistasfavoritas, y un bucle de efectos y reverberaci\u00f3n Plate \/ Hall y tendr\u00e1 todo lo que necesita para practicar, grabar o tocar en directo.","robots":{"index":"index","follow":"follow","max-snippet":"max-snippet:-1","max-image-preview":"max-image-preview:large","max-video-preview":"max-video-preview:-1"},"canonical":"https:\/\/www.mexicanguitarplayers.com\/en\/tienda\/sin categor\u00eda\/combo-blackstar-p-guit-debut-50r-blk\/","og_locale":"en_US","og_type":"article","og_title":"COMBO BLACKSTAR P\/GUIT DEBUT-50R BLK - Mexican Guitar Players","og_description":"El DEBUT 50R es un amplificador compacto e innovador con un enorme SONIDO. Combinando dos canales, EQ completa, nuestra patentada Infinite Shape Feature (ISF) y una reverb Plate \/ Hall seleccionable, es el amplificador perfecto para el escenario y el estudio. DEBUT 50R re\u00fane todo el sonido y las caracter\u00edsticas innovadoras que cabe esperar de un Blackstar. El circuito patentado ISF (Infinite Shape Feature) le ofrece un ajuste infinito sobre las caracter\u00edsticas de la red de control del tono y le lleva desde los EE.UU. hasta el Reino Unido y a cualquier lugar entre medias. As\u00ed que ahora puede dise\u00f1ar eficazmente su propio tono y encontrar \u201cel sonido en su cabeza\u201d. El modelo DEBUT 50R tambi\u00e9n dispone de una salida de l\u00ednea emulada de altavoz totalmente especificada que le permite obtener f\u00e1cilmente un sonido asombrosodirectamente a cinta o disco, o a trav\u00e9s de auriculares. A\u00f1ada a esto una entrada de l\u00ednea, que le permitir\u00e1 improvisar con sus pistasfavoritas, y un bucle de efectos y reverberaci\u00f3n Plate \/ Hall y tendr\u00e1 todo lo que necesita para practicar, grabar o tocar en directo.","og_url":"https:\/\/www.mexicanguitarplayers.com\/en\/tienda\/sin categor\u00eda\/combo-blackstar-p-guit-debut-50r-blk\/","og_site_name":"Mexican Guitar Players","article_modified_time":"2026-05-01T13:23:01+00:00","twitter_card":"summary_large_image","twitter_misc":{"Est. reading time":"1 minute"},"schema":{"@context":"https:\/\/schema.org","@graph":[{"@type":["WebPage","ItemPage"],"@id":"https:\/\/www.mexicanguitarplayers.com\/tienda\/sin categor\u00eda\/combo-blackstar-p-guit-debut-50r-blk\/","url":"https:\/\/www.mexicanguitarplayers.com\/tienda\/sin categor\u00eda\/combo-blackstar-p-guit-debut-50r-blk\/","name":"COMBO BLACKSTAR P\/GUIT DEBUT-50R BLK - Mexican Guitar Players","isPartOf":{"@id":"https:\/\/www.mexicanguitarplayers.com\/#website"},"primaryImageOfPage":{"@id":"https:\/\/www.mexicanguitarplayers.com\/tienda\/sin categor\u00eda\/combo-blackstar-p-guit-debut-50r-blk\/#primaryimage"},"image":{"@id":"https:\/\/www.mexicanguitarplayers.com\/tienda\/sin categor\u00eda\/combo-blackstar-p-guit-debut-50r-blk\/#primaryimage"},"thumbnailUrl":"https:\/\/www.mexicanguitarplayers.com\/wp-content\/uploads\/2025\/04\/ICBLSDEBUT50BK.jpg","datePublished":"2025-04-09T03:12:12+00:00","dateModified":"2026-05-01T13:23:01+00:00","description":"El DEBUT 50R es un amplificador compacto e innovador con un enorme SONIDO. Combinando dos canales, EQ completa, nuestra patentada Infinite Shape Feature (ISF) y una reverb Plate \/ Hall seleccionable, es el amplificador perfecto para el escenario y el estudio. DEBUT 50R re\u00fane todo el sonido y las caracter\u00edsticas innovadoras que cabe esperar de un Blackstar. El circuito patentado ISF (Infinite Shape Feature) le ofrece un ajuste infinito sobre las caracter\u00edsticas de la red de control del tono y le lleva desde los EE.UU. hasta el Reino Unido y a cualquier lugar entre medias. As\u00ed que ahora puede dise\u00f1ar eficazmente su propio tono y encontrar \u201cel sonido en su cabeza\u201d. El modelo DEBUT 50R tambi\u00e9n dispone de una salida de l\u00ednea emulada de altavoz totalmente especificada que le permite obtener f\u00e1cilmente un sonido asombrosodirectamente a cinta o disco, o a trav\u00e9s de auriculares. A\u00f1ada a esto una entrada de l\u00ednea, que le permitir\u00e1 improvisar con sus pistasfavoritas, y un bucle de efectos y reverberaci\u00f3n Plate \/ Hall y tendr\u00e1 todo lo que necesita para practicar, grabar o tocar en directo.","breadcrumb":{"@id":"https:\/\/www.mexicanguitarplayers.com\/tienda\/sin categor\u00eda\/combo-blackstar-p-guit-debut-50r-blk\/#breadcrumb"},"inLanguage":"en-US","potentialAction":[{"@type":"ReadAction","target":["https:\/\/www.mexicanguitarplayers.com\/tienda\/sin categor\u00eda\/combo-blackstar-p-guit-debut-50r-blk\/"]}]},{"@type":"ImageObject","inLanguage":"en-US","@id":"https:\/\/www.mexicanguitarplayers.com\/tienda\/sin categor\u00eda\/combo-blackstar-p-guit-debut-50r-blk\/#primaryimage","url":"https:\/\/www.mexicanguitarplayers.com\/wp-content\/uploads\/2025\/04\/ICBLSDEBUT50BK.jpg","contentUrl":"https:\/\/www.mexicanguitarplayers.com\/wp-content\/uploads\/2025\/04\/ICBLSDEBUT50BK.jpg","width":1500,"height":1500},{"@type":"BreadcrumbList","@id":"https:\/\/www.mexicanguitarplayers.com\/tienda\/sin categor\u00eda\/combo-blackstar-p-guit-debut-50r-blk\/#breadcrumb","itemListElement":[{"@type":"ListItem","position":1,"name":"Portada","item":"https:\/\/www.mexicanguitarplayers.com\/"},{"@type":"ListItem","position":2,"name":"Tienda","item":"https:\/\/www.mexicanguitarplayers.com\/tienda\/"},{"@type":"ListItem","position":3,"name":"COMBO BLACKSTAR P\/GUIT DEBUT-50R BLK"}]},{"@type":"WebSite","@id":"https:\/\/www.mexicanguitarplayers.com\/#website","url":"https:\/\/www.mexicanguitarplayers.com\/","name":"Mexican Guitar Players","description":"Website","publisher":{"@id":"https:\/\/www.mexicanguitarplayers.com\/#organization"},"potentialAction":[{"@type":"SearchAction","target":{"@type":"EntryPoint","urlTemplate":"https:\/\/www.mexicanguitarplayers.com\/?s={search_term_string}"},"query-input":{"@type":"PropertyValueSpecification","valueRequired":true,"valueName":"search_term_string"}}],"inLanguage":"en-US"},{"@type":"Organization","@id":"https:\/\/www.mexicanguitarplayers.com\/#organization","name":"Mexican Guitar Players","url":"https:\/\/www.mexicanguitarplayers.com\/","logo":{"@type":"ImageObject","inLanguage":"en-US","@id":"https:\/\/www.mexicanguitarplayers.com\/#\/schema\/logo\/image\/","url":"","contentUrl":"","caption":"Mexican Guitar Players"},"image":{"@id":"https:\/\/www.mexicanguitarplayers.com\/#\/schema\/logo\/image\/"}}]}},"brands":[{"id":172,"name":"BLACKSTAR","slug":"blackstar"}],"_links":{"self":[{"href":"https:\/\/www.mexicanguitarplayers.com\/en\/wp-json\/wp\/v2\/product\/33067","targetHints":{"allow":["GET"]}}],"collection":[{"href":"https:\/\/www.mexicanguitarplayers.com\/en\/wp-json\/wp\/v2\/product"}],"about":[{"href":"https:\/\/www.mexicanguitarplayers.com\/en\/wp-json\/wp\/v2\/types\/product"}],"replies":[{"embeddable":true,"href":"https:\/\/www.mexicanguitarplayers.com\/en\/wp-json\/wp\/v2\/comments?post=33067"}],"wp:featuredmedia":[{"embeddable":true,"href":"https:\/\/www.mexicanguitarplayers.com\/en\/wp-json\/wp\/v2\/media\/33062"}],"wp:attachment":[{"href":"https:\/\/www.mexicanguitarplayers.com\/en\/wp-json\/wp\/v2\/media?parent=33067"}],"wp:term":[{"taxonomy":"pwb-brand","embeddable":true,"href":"https:\/\/www.mexicanguitarplayers.com\/en\/wp-json\/wp\/v2\/pwb-brand?post=33067"},{"taxonomy":"product_brand","embeddable":true,"href":"https:\/\/www.mexicanguitarplayers.com\/en\/wp-json\/wp\/v2\/product_brand?post=33067"},{"taxonomy":"product_cat","embeddable":true,"href":"https:\/\/www.mexicanguitarplayers.com\/en\/wp-json\/wp\/v2\/product_cat?post=33067"},{"taxonomy":"product_tag","embeddable":true,"href":"https:\/\/www.mexicanguitarplayers.com\/en\/wp-json\/wp\/v2\/product_tag?post=33067"}],"curies":[{"name":"wp","href":"https:\/\/api.w.org\/{rel}","templated":true}]}}