{"id":33080,"date":"2025-04-08T21:12:27","date_gmt":"2025-04-09T03:12:27","guid":{"rendered":"https:\/\/www.mexicanguitarplayers.com\/tienda\/sin categor\u00eda\/guitarra-schecter-elect-mod-robert-smith-ultracure\/"},"modified":"2026-04-10T04:32:26","modified_gmt":"2026-04-10T10:32:26","slug":"guitarra-schecter-elect-mod-robert-smith-ultracure","status":"publish","type":"product","link":"https:\/\/www.mexicanguitarplayers.com\/en\/tienda\/cuerdas\/guitarras-cuerdas\/electricas\/guitarras-electricas-solidas\/guitarra-schecter-elect-mod-robert-smith-ultracure\/","title":{"rendered":"GUITARRA SCHECTER ELECT. MOD. ROBERT SMITH ULTRACURE"},"content":{"rendered":"<div style=\"text-align: justify\">\n<div>\n<h3>Schecter Robert Smith UltraCure BLK<\/h3>\n<\/div>\n<div>Guitarra el\u00e9ctrica Schecter Robert Smith UltraCure, acabado negro perla.<\/div>\n<div>\n<h4>Characteristics<\/h4>\n<\/div>\n<div>\n<ul style=\"margin: 0px 0px 0px 25px\">\n<li style=\"list-style-type: circle;margin: 5px\">GENERAL<\/li>\n<li style=\"list-style-type: circle;margin: 5px\">NECK<\/li>\n<li style=\"list-style-type: circle;margin: 5px\">BODY<\/li>\n<li style=\"list-style-type: circle;margin: 5px\">ELECTRONICS<\/li>\n<li style=\"list-style-type: circle;margin: 5px\">ACCESSORIES<\/li>\n<\/ul>\n<\/div>\n<\/div>","protected":false},"excerpt":{"rendered":"<p>Guitarra el\u00e9ctrica con la firma de Rober Smith (The Cure). Construida con cuerpo de caoba, m\u00e1stil de 3 tiras y diapas\u00f3n de arce. Incrustraciones de bloque de n\u00e1car en el diapas\u00f3n. Perfil del m\u00e1stil C delgada. Tuerca Graph Tech XL TUSQ Negra. De 24 trastes X-JUMBO y pastillas humbucker Seymour Duncan  &#8217;59 SH-1B (puente) y Seymour Duncan &#8217;59 SH-1N (cuello) 2 controles de volumen con funci\u00f3n push\/pullBigsby Flat Top B50 con Roller TonePros TOM TPFR \u201dT3BT bridge\u201d, 1 volumen maestro e Interruptor de 3 v\u00edas con herrajes cromadosCuerdas de f\u00e1brica: Ernie Ball Regular Slinky #2221 .010 &#8211; .046 Color: Perla Negra&hellip; <a class=\"kt-excerpt-readmore more-link\" href=\"https:\/\/www.mexicanguitarplayers.com\/en\/tienda\/cuerdas\/guitarras-cuerdas\/electricas\/guitarras-electricas-solidas\/guitarra-schecter-elect-mod-robert-smith-ultracure\/\">Read more<\/a><\/p>","protected":false},"featured_media":33068,"comment_status":"open","ping_status":"closed","template":"","meta":{"kt_blocks_editor_width":""},"pwb-brand":[175],"product_brand":[],"product_cat":[224,313,312,314],"product_tag":[],"class_list":{"0":"post-33080","1":"product","2":"type-product","3":"status-publish","4":"has-post-thumbnail","6":"pwb-brand-schecter","7":"product_cat-cuerdas","8":"product_cat-electricas","9":"product_cat-guitarras-cuerdas","10":"product_cat-guitarras-electricas-solidas","11":"product_shipping_class-5-10-kg","13":"first","14":"outofstock","15":"taxable","16":"shipping-taxable","17":"purchasable","18":"product-type-simple"},"yoast_head":"<!-- This site is optimized with the Yoast SEO plugin v27.5 - https:\/\/yoast.com\/product\/yoast-seo-wordpress\/ -->\n<title>GUITARRA SCHECTER ELECT. MOD. ROBERT SMITH ULTRACURE - Mexican Guitar Players<\/title>\n<meta name=\"description\" content=\"Guitarra el\u00e9ctrica con la firma de Rober Smith (The Cure). Construida con cuerpo de caoba, m\u00e1stil de 3 tiras y diapas\u00f3n de arce. Incrustraciones de bloque de n\u00e1car en el diapas\u00f3n. Perfil del m\u00e1stil C delgada. Tuerca Graph Tech XL TUSQ Negra. De 24 trastes X-JUMBO y pastillas humbucker Seymour Duncan &#039;59 SH-1B (puente) y Seymour Duncan &#039;59 SH-1N (cuello) 2 controles de volumen con funci\u00f3n push\/pullBigsby Flat Top B50 con Roller TonePros TOM TPFR \u201dT3BT bridge\u201d, 1 volumen maestro e Interruptor de 3 v\u00edas con herrajes cromadosCuerdas de f\u00e1brica: Ernie Ball Regular Slinky #2221 .010 - .046 Color: Perla Negra\" \/>\n<meta name=\"robots\" content=\"index, follow, max-snippet:-1, max-image-preview:large, max-video-preview:-1\" \/>\n<link rel=\"canonical\" href=\"https:\/\/www.mexicanguitarplayers.com\/en\/tienda\/sin%20categor\u00eda\/guitarra-schecter-elect-mod-robert-smith-ultracure\/\" \/>\n<meta property=\"og:locale\" content=\"en_US\" \/>\n<meta property=\"og:type\" content=\"article\" \/>\n<meta property=\"og:title\" content=\"GUITARRA SCHECTER ELECT. MOD. ROBERT SMITH ULTRACURE - Mexican Guitar Players\" \/>\n<meta property=\"og:description\" content=\"Guitarra el\u00e9ctrica con la firma de Rober Smith (The Cure). Construida con cuerpo de caoba, m\u00e1stil de 3 tiras y diapas\u00f3n de arce. Incrustraciones de bloque de n\u00e1car en el diapas\u00f3n. Perfil del m\u00e1stil C delgada. Tuerca Graph Tech XL TUSQ Negra. De 24 trastes X-JUMBO y pastillas humbucker Seymour Duncan &#039;59 SH-1B (puente) y Seymour Duncan &#039;59 SH-1N (cuello) 2 controles de volumen con funci\u00f3n push\/pullBigsby Flat Top B50 con Roller TonePros TOM TPFR \u201dT3BT bridge\u201d, 1 volumen maestro e Interruptor de 3 v\u00edas con herrajes cromadosCuerdas de f\u00e1brica: Ernie Ball Regular Slinky #2221 .010 - .046 Color: Perla Negra\" \/>\n<meta property=\"og:url\" content=\"https:\/\/www.mexicanguitarplayers.com\/en\/tienda\/sin categor\u00eda\/guitarra-schecter-elect-mod-robert-smith-ultracure\/\" \/>\n<meta property=\"og:site_name\" content=\"Mexican Guitar Players\" \/>\n<meta property=\"article:modified_time\" content=\"2026-04-10T10:32:26+00:00\" \/>\n<meta name=\"twitter:card\" content=\"summary_large_image\" \/>\n<script type=\"application\/ld+json\" class=\"yoast-schema-graph\">{\"@context\":\"https:\\\/\\\/schema.org\",\"@graph\":[{\"@type\":[\"WebPage\",\"ItemPage\"],\"@id\":\"https:\\\/\\\/www.mexicanguitarplayers.com\\\/tienda\\\/sin categor\u00eda\\\/guitarra-schecter-elect-mod-robert-smith-ultracure\\\/\",\"url\":\"https:\\\/\\\/www.mexicanguitarplayers.com\\\/tienda\\\/sin categor\u00eda\\\/guitarra-schecter-elect-mod-robert-smith-ultracure\\\/\",\"name\":\"GUITARRA SCHECTER ELECT. MOD. ROBERT SMITH ULTRACURE - Mexican Guitar Players\",\"isPartOf\":{\"@id\":\"https:\\\/\\\/www.mexicanguitarplayers.com\\\/#website\"},\"primaryImageOfPage\":{\"@id\":\"https:\\\/\\\/www.mexicanguitarplayers.com\\\/tienda\\\/sin categor\u00eda\\\/guitarra-schecter-elect-mod-robert-smith-ultracure\\\/#primaryimage\"},\"image\":{\"@id\":\"https:\\\/\\\/www.mexicanguitarplayers.com\\\/tienda\\\/sin categor\u00eda\\\/guitarra-schecter-elect-mod-robert-smith-ultracure\\\/#primaryimage\"},\"thumbnailUrl\":\"https:\\\/\\\/www.mexicanguitarplayers.com\\\/wp-content\\\/uploads\\\/2025\\\/04\\\/ISSCCROBERTSMI.jpg\",\"datePublished\":\"2025-04-09T03:12:27+00:00\",\"dateModified\":\"2026-04-10T10:32:26+00:00\",\"description\":\"Guitarra el\u00e9ctrica con la firma de Rober Smith (The Cure). Construida con cuerpo de caoba, m\u00e1stil de 3 tiras y diapas\u00f3n de arce. Incrustraciones de bloque de n\u00e1car en el diapas\u00f3n. Perfil del m\u00e1stil C delgada. Tuerca Graph Tech XL TUSQ Negra. De 24 trastes X-JUMBO y pastillas humbucker Seymour Duncan '59 SH-1B (puente) y Seymour Duncan '59 SH-1N (cuello) 2 controles de volumen con funci\u00f3n push\\\/pullBigsby Flat Top B50 con Roller TonePros TOM TPFR \u201dT3BT bridge\u201d, 1 volumen maestro e Interruptor de 3 v\u00edas con herrajes cromadosCuerdas de f\u00e1brica: Ernie Ball Regular Slinky #2221 .010 - .046 Color: Perla Negra\",\"breadcrumb\":{\"@id\":\"https:\\\/\\\/www.mexicanguitarplayers.com\\\/tienda\\\/sin categor\u00eda\\\/guitarra-schecter-elect-mod-robert-smith-ultracure\\\/#breadcrumb\"},\"inLanguage\":\"en-US\",\"potentialAction\":[{\"@type\":\"ReadAction\",\"target\":[\"https:\\\/\\\/www.mexicanguitarplayers.com\\\/tienda\\\/sin categor\u00eda\\\/guitarra-schecter-elect-mod-robert-smith-ultracure\\\/\"]}]},{\"@type\":\"ImageObject\",\"inLanguage\":\"en-US\",\"@id\":\"https:\\\/\\\/www.mexicanguitarplayers.com\\\/tienda\\\/sin categor\u00eda\\\/guitarra-schecter-elect-mod-robert-smith-ultracure\\\/#primaryimage\",\"url\":\"https:\\\/\\\/www.mexicanguitarplayers.com\\\/wp-content\\\/uploads\\\/2025\\\/04\\\/ISSCCROBERTSMI.jpg\",\"contentUrl\":\"https:\\\/\\\/www.mexicanguitarplayers.com\\\/wp-content\\\/uploads\\\/2025\\\/04\\\/ISSCCROBERTSMI.jpg\",\"width\":800,\"height\":1600},{\"@type\":\"BreadcrumbList\",\"@id\":\"https:\\\/\\\/www.mexicanguitarplayers.com\\\/tienda\\\/sin categor\u00eda\\\/guitarra-schecter-elect-mod-robert-smith-ultracure\\\/#breadcrumb\",\"itemListElement\":[{\"@type\":\"ListItem\",\"position\":1,\"name\":\"Portada\",\"item\":\"https:\\\/\\\/www.mexicanguitarplayers.com\\\/\"},{\"@type\":\"ListItem\",\"position\":2,\"name\":\"Tienda\",\"item\":\"https:\\\/\\\/www.mexicanguitarplayers.com\\\/tienda\\\/\"},{\"@type\":\"ListItem\",\"position\":3,\"name\":\"GUITARRA SCHECTER ELECT. MOD. ROBERT SMITH ULTRACURE\"}]},{\"@type\":\"WebSite\",\"@id\":\"https:\\\/\\\/www.mexicanguitarplayers.com\\\/#website\",\"url\":\"https:\\\/\\\/www.mexicanguitarplayers.com\\\/\",\"name\":\"Mexican Guitar Players\",\"description\":\"Website\",\"publisher\":{\"@id\":\"https:\\\/\\\/www.mexicanguitarplayers.com\\\/#organization\"},\"potentialAction\":[{\"@type\":\"SearchAction\",\"target\":{\"@type\":\"EntryPoint\",\"urlTemplate\":\"https:\\\/\\\/www.mexicanguitarplayers.com\\\/?s={search_term_string}\"},\"query-input\":{\"@type\":\"PropertyValueSpecification\",\"valueRequired\":true,\"valueName\":\"search_term_string\"}}],\"inLanguage\":\"en-US\"},{\"@type\":\"Organization\",\"@id\":\"https:\\\/\\\/www.mexicanguitarplayers.com\\\/#organization\",\"name\":\"Mexican Guitar Players\",\"url\":\"https:\\\/\\\/www.mexicanguitarplayers.com\\\/\",\"logo\":{\"@type\":\"ImageObject\",\"inLanguage\":\"en-US\",\"@id\":\"https:\\\/\\\/www.mexicanguitarplayers.com\\\/#\\\/schema\\\/logo\\\/image\\\/\",\"url\":\"\",\"contentUrl\":\"\",\"caption\":\"Mexican Guitar Players\"},\"image\":{\"@id\":\"https:\\\/\\\/www.mexicanguitarplayers.com\\\/#\\\/schema\\\/logo\\\/image\\\/\"}}]}<\/script>\n<!-- \/ Yoast SEO plugin. -->","yoast_head_json":{"title":"GUITARRA SCHECTER ELECT. MOD. ROBERT SMITH ULTRACURE - Mexican Guitar Players","description":"Guitarra el\u00e9ctrica con la firma de Rober Smith (The Cure). Construida con cuerpo de caoba, m\u00e1stil de 3 tiras y diapas\u00f3n de arce. Incrustraciones de bloque de n\u00e1car en el diapas\u00f3n. Perfil del m\u00e1stil C delgada. Tuerca Graph Tech XL TUSQ Negra. De 24 trastes X-JUMBO y pastillas humbucker Seymour Duncan '59 SH-1B (puente) y Seymour Duncan '59 SH-1N (cuello) 2 controles de volumen con funci\u00f3n push\/pullBigsby Flat Top B50 con Roller TonePros TOM TPFR \u201dT3BT bridge\u201d, 1 volumen maestro e Interruptor de 3 v\u00edas con herrajes cromadosCuerdas de f\u00e1brica: Ernie Ball Regular Slinky #2221 .010 - .046 Color: Perla Negra","robots":{"index":"index","follow":"follow","max-snippet":"max-snippet:-1","max-image-preview":"max-image-preview:large","max-video-preview":"max-video-preview:-1"},"canonical":"https:\/\/www.mexicanguitarplayers.com\/en\/tienda\/sin categor\u00eda\/guitarra-schecter-elect-mod-robert-smith-ultracure\/","og_locale":"en_US","og_type":"article","og_title":"GUITARRA SCHECTER ELECT. MOD. ROBERT SMITH ULTRACURE - Mexican Guitar Players","og_description":"Guitarra el\u00e9ctrica con la firma de Rober Smith (The Cure). Construida con cuerpo de caoba, m\u00e1stil de 3 tiras y diapas\u00f3n de arce. Incrustraciones de bloque de n\u00e1car en el diapas\u00f3n. Perfil del m\u00e1stil C delgada. Tuerca Graph Tech XL TUSQ Negra. De 24 trastes X-JUMBO y pastillas humbucker Seymour Duncan '59 SH-1B (puente) y Seymour Duncan '59 SH-1N (cuello) 2 controles de volumen con funci\u00f3n push\/pullBigsby Flat Top B50 con Roller TonePros TOM TPFR \u201dT3BT bridge\u201d, 1 volumen maestro e Interruptor de 3 v\u00edas con herrajes cromadosCuerdas de f\u00e1brica: Ernie Ball Regular Slinky #2221 .010 - .046 Color: Perla Negra","og_url":"https:\/\/www.mexicanguitarplayers.com\/en\/tienda\/sin categor\u00eda\/guitarra-schecter-elect-mod-robert-smith-ultracure\/","og_site_name":"Mexican Guitar Players","article_modified_time":"2026-04-10T10:32:26+00:00","twitter_card":"summary_large_image","schema":{"@context":"https:\/\/schema.org","@graph":[{"@type":["WebPage","ItemPage"],"@id":"https:\/\/www.mexicanguitarplayers.com\/tienda\/sin categor\u00eda\/guitarra-schecter-elect-mod-robert-smith-ultracure\/","url":"https:\/\/www.mexicanguitarplayers.com\/tienda\/sin categor\u00eda\/guitarra-schecter-elect-mod-robert-smith-ultracure\/","name":"GUITARRA SCHECTER ELECT. MOD. ROBERT SMITH ULTRACURE - Mexican Guitar Players","isPartOf":{"@id":"https:\/\/www.mexicanguitarplayers.com\/#website"},"primaryImageOfPage":{"@id":"https:\/\/www.mexicanguitarplayers.com\/tienda\/sin categor\u00eda\/guitarra-schecter-elect-mod-robert-smith-ultracure\/#primaryimage"},"image":{"@id":"https:\/\/www.mexicanguitarplayers.com\/tienda\/sin categor\u00eda\/guitarra-schecter-elect-mod-robert-smith-ultracure\/#primaryimage"},"thumbnailUrl":"https:\/\/www.mexicanguitarplayers.com\/wp-content\/uploads\/2025\/04\/ISSCCROBERTSMI.jpg","datePublished":"2025-04-09T03:12:27+00:00","dateModified":"2026-04-10T10:32:26+00:00","description":"Guitarra el\u00e9ctrica con la firma de Rober Smith (The Cure). Construida con cuerpo de caoba, m\u00e1stil de 3 tiras y diapas\u00f3n de arce. Incrustraciones de bloque de n\u00e1car en el diapas\u00f3n. Perfil del m\u00e1stil C delgada. Tuerca Graph Tech XL TUSQ Negra. De 24 trastes X-JUMBO y pastillas humbucker Seymour Duncan '59 SH-1B (puente) y Seymour Duncan '59 SH-1N (cuello) 2 controles de volumen con funci\u00f3n push\/pullBigsby Flat Top B50 con Roller TonePros TOM TPFR \u201dT3BT bridge\u201d, 1 volumen maestro e Interruptor de 3 v\u00edas con herrajes cromadosCuerdas de f\u00e1brica: Ernie Ball Regular Slinky #2221 .010 - .046 Color: Perla Negra","breadcrumb":{"@id":"https:\/\/www.mexicanguitarplayers.com\/tienda\/sin categor\u00eda\/guitarra-schecter-elect-mod-robert-smith-ultracure\/#breadcrumb"},"inLanguage":"en-US","potentialAction":[{"@type":"ReadAction","target":["https:\/\/www.mexicanguitarplayers.com\/tienda\/sin categor\u00eda\/guitarra-schecter-elect-mod-robert-smith-ultracure\/"]}]},{"@type":"ImageObject","inLanguage":"en-US","@id":"https:\/\/www.mexicanguitarplayers.com\/tienda\/sin categor\u00eda\/guitarra-schecter-elect-mod-robert-smith-ultracure\/#primaryimage","url":"https:\/\/www.mexicanguitarplayers.com\/wp-content\/uploads\/2025\/04\/ISSCCROBERTSMI.jpg","contentUrl":"https:\/\/www.mexicanguitarplayers.com\/wp-content\/uploads\/2025\/04\/ISSCCROBERTSMI.jpg","width":800,"height":1600},{"@type":"BreadcrumbList","@id":"https:\/\/www.mexicanguitarplayers.com\/tienda\/sin categor\u00eda\/guitarra-schecter-elect-mod-robert-smith-ultracure\/#breadcrumb","itemListElement":[{"@type":"ListItem","position":1,"name":"Portada","item":"https:\/\/www.mexicanguitarplayers.com\/"},{"@type":"ListItem","position":2,"name":"Tienda","item":"https:\/\/www.mexicanguitarplayers.com\/tienda\/"},{"@type":"ListItem","position":3,"name":"GUITARRA SCHECTER ELECT. MOD. ROBERT SMITH ULTRACURE"}]},{"@type":"WebSite","@id":"https:\/\/www.mexicanguitarplayers.com\/#website","url":"https:\/\/www.mexicanguitarplayers.com\/","name":"Mexican Guitar Players","description":"Website","publisher":{"@id":"https:\/\/www.mexicanguitarplayers.com\/#organization"},"potentialAction":[{"@type":"SearchAction","target":{"@type":"EntryPoint","urlTemplate":"https:\/\/www.mexicanguitarplayers.com\/?s={search_term_string}"},"query-input":{"@type":"PropertyValueSpecification","valueRequired":true,"valueName":"search_term_string"}}],"inLanguage":"en-US"},{"@type":"Organization","@id":"https:\/\/www.mexicanguitarplayers.com\/#organization","name":"Mexican Guitar Players","url":"https:\/\/www.mexicanguitarplayers.com\/","logo":{"@type":"ImageObject","inLanguage":"en-US","@id":"https:\/\/www.mexicanguitarplayers.com\/#\/schema\/logo\/image\/","url":"","contentUrl":"","caption":"Mexican Guitar Players"},"image":{"@id":"https:\/\/www.mexicanguitarplayers.com\/#\/schema\/logo\/image\/"}}]}},"brands":[{"id":175,"name":"SCHECTER","slug":"schecter"}],"_links":{"self":[{"href":"https:\/\/www.mexicanguitarplayers.com\/en\/wp-json\/wp\/v2\/product\/33080","targetHints":{"allow":["GET"]}}],"collection":[{"href":"https:\/\/www.mexicanguitarplayers.com\/en\/wp-json\/wp\/v2\/product"}],"about":[{"href":"https:\/\/www.mexicanguitarplayers.com\/en\/wp-json\/wp\/v2\/types\/product"}],"replies":[{"embeddable":true,"href":"https:\/\/www.mexicanguitarplayers.com\/en\/wp-json\/wp\/v2\/comments?post=33080"}],"wp:featuredmedia":[{"embeddable":true,"href":"https:\/\/www.mexicanguitarplayers.com\/en\/wp-json\/wp\/v2\/media\/33068"}],"wp:attachment":[{"href":"https:\/\/www.mexicanguitarplayers.com\/en\/wp-json\/wp\/v2\/media?parent=33080"}],"wp:term":[{"taxonomy":"pwb-brand","embeddable":true,"href":"https:\/\/www.mexicanguitarplayers.com\/en\/wp-json\/wp\/v2\/pwb-brand?post=33080"},{"taxonomy":"product_brand","embeddable":true,"href":"https:\/\/www.mexicanguitarplayers.com\/en\/wp-json\/wp\/v2\/product_brand?post=33080"},{"taxonomy":"product_cat","embeddable":true,"href":"https:\/\/www.mexicanguitarplayers.com\/en\/wp-json\/wp\/v2\/product_cat?post=33080"},{"taxonomy":"product_tag","embeddable":true,"href":"https:\/\/www.mexicanguitarplayers.com\/en\/wp-json\/wp\/v2\/product_tag?post=33080"}],"curies":[{"name":"wp","href":"https:\/\/api.w.org\/{rel}","templated":true}]}}