{"id":33085,"date":"2025-04-08T21:12:32","date_gmt":"2025-04-09T03:12:32","guid":{"rendered":"https:\/\/www.mexicanguitarplayers.com\/tienda\/sin categor\u00eda\/parche-evans-p-jazz-timbal-e13j1\/"},"modified":"2025-04-08T21:12:32","modified_gmt":"2025-04-09T03:12:32","slug":"parche-evans-p-jazz-timbal-e13j1","status":"publish","type":"product","link":"https:\/\/www.mexicanguitarplayers.com\/en\/tienda\/accesorios\/para-bateria\/parches\/para-tarola\/parche-evans-p-jazz-timbal-e13j1\/","title":{"rendered":"PARCHE EVANS P\/JAZZ\/TIMBAL E13J1"},"content":{"rendered":"<div style=\"text-align: justify\">\n<div>\n<h3>Texturas con sonidos suaves.<\/h3>\n<\/div>\n<div>El parche Evans de la serie J1 para timbal y\/o tom, es ideal para el llamado multi-din\u00e1mico, timbal altamente resonante y excelente para el efecto de tocar junto al aro. Est\u00e1 fabricado con una capa de pel\u00edcula de 10 mil\u00e9simas de pulgada y tambi\u00e9n es ideal para escobillas y golpes de mano y es sensible a todos los niveles din\u00e1micos. La textura es resistente a los da\u00f1os normales que causan las baquetas.<\/div>\n<div>\n<h4>Quick look<\/h4>\n<\/div>\n<ul style=\"margin: 0px 0px 0px 25px\">\n<li style=\"list-style-type: circle;margin: 5px\">Sensitivity.<\/li>\n<\/ul>\n<div>\n<div style=\"font-weight: bold\">Sensitivity.<\/div>\n<div>\n<p>El parche J1 es sensible a todos los niveles din\u00e1micos, la textura es resistente a los da\u00f1os normales que causan las baquetas.<\/p>\n<\/div>\n<\/div>\n<div>\n<h4>Characteristics<\/h4>\n<\/div>\n<div>\n<ul style=\"margin: 0px 0px 0px 25px\">\n<li style=\"list-style-type: circle;margin: 5px\">Terminado liso.<\/li>\n<li style=\"list-style-type: circle;margin: 5px\">Sensible a todos los niveles din\u00e1micos.<\/li>\n<li style=\"list-style-type: circle;margin: 5px\">Textura resistente.<\/li>\n<li style=\"list-style-type: circle;margin: 5px\">Di\u00e1metro: 13&#8243; pulgadas.<\/li>\n<li style=\"list-style-type: circle;margin: 5px\">Hecho en USA.<\/li>\n<\/ul>\n<\/div>\n<\/div>","protected":false},"excerpt":{"rendered":"<p>Parche de golpe para timbal y\/o tom de 13\u201d pulgadas, serie J1, terminado liso, fabricado con una capa de pel\u00edcula de 10 mil\u00e9simas de pulgada, gran sonido brillante, gran sustain, hecho en USA.&hellip; <a class=\"kt-excerpt-readmore more-link\" href=\"https:\/\/www.mexicanguitarplayers.com\/en\/tienda\/accesorios\/para-bateria\/parches\/para-tarola\/parche-evans-p-jazz-timbal-e13j1\/\">Read more<\/a><\/p>","protected":false},"featured_media":33083,"comment_status":"open","ping_status":"closed","template":"","meta":{"kt_blocks_editor_width":""},"pwb-brand":[366],"product_brand":[],"product_cat":[85,306,365,363],"product_tag":[],"class_list":{"0":"post-33085","1":"product","2":"type-product","3":"status-publish","4":"has-post-thumbnail","6":"pwb-brand-evans","7":"product_cat-accesorios","8":"product_cat-para-bateria","9":"product_cat-para-tarola","10":"product_cat-parches","11":"product_shipping_class-0-5-kg","13":"first","14":"outofstock","15":"taxable","16":"shipping-taxable","17":"purchasable","18":"product-type-simple"},"yoast_head":"<!-- This site is optimized with the Yoast SEO plugin v27.3 - https:\/\/yoast.com\/product\/yoast-seo-wordpress\/ -->\n<title>PARCHE EVANS P\/JAZZ\/TIMBAL E13J1 - Mexican Guitar Players<\/title>\n<meta name=\"description\" content=\"Parche de golpe para timbal y\/o tom de 13\u201d pulgadas, serie J1, terminado liso, fabricado con una capa de pel\u00edcula de 10 mil\u00e9simas de pulgada, gran sonido brillante, gran sustain, hecho en USA.\" \/>\n<meta name=\"robots\" content=\"index, follow, max-snippet:-1, max-image-preview:large, max-video-preview:-1\" \/>\n<link rel=\"canonical\" href=\"https:\/\/www.mexicanguitarplayers.com\/en\/tienda\/sin%20categor\u00eda\/parche-evans-p-jazz-timbal-e13j1\/\" \/>\n<meta property=\"og:locale\" content=\"en_US\" \/>\n<meta property=\"og:type\" content=\"article\" \/>\n<meta property=\"og:title\" content=\"PARCHE EVANS P\/JAZZ\/TIMBAL E13J1 - Mexican Guitar Players\" \/>\n<meta property=\"og:description\" content=\"Parche de golpe para timbal y\/o tom de 13\u201d pulgadas, serie J1, terminado liso, fabricado con una capa de pel\u00edcula de 10 mil\u00e9simas de pulgada, gran sonido brillante, gran sustain, hecho en USA.\" \/>\n<meta property=\"og:url\" content=\"https:\/\/www.mexicanguitarplayers.com\/en\/tienda\/sin categor\u00eda\/parche-evans-p-jazz-timbal-e13j1\/\" \/>\n<meta property=\"og:site_name\" content=\"Mexican Guitar Players\" \/>\n<meta name=\"twitter:card\" content=\"summary_large_image\" \/>\n<meta name=\"twitter:label1\" content=\"Est. reading time\" \/>\n\t<meta name=\"twitter:data1\" content=\"1 minute\" \/>\n<script type=\"application\/ld+json\" class=\"yoast-schema-graph\">{\"@context\":\"https:\\\/\\\/schema.org\",\"@graph\":[{\"@type\":[\"WebPage\",\"ItemPage\"],\"@id\":\"https:\\\/\\\/www.mexicanguitarplayers.com\\\/tienda\\\/sin categor\u00eda\\\/parche-evans-p-jazz-timbal-e13j1\\\/\",\"url\":\"https:\\\/\\\/www.mexicanguitarplayers.com\\\/tienda\\\/sin categor\u00eda\\\/parche-evans-p-jazz-timbal-e13j1\\\/\",\"name\":\"PARCHE EVANS P\\\/JAZZ\\\/TIMBAL E13J1 - Mexican Guitar Players\",\"isPartOf\":{\"@id\":\"https:\\\/\\\/www.mexicanguitarplayers.com\\\/#website\"},\"primaryImageOfPage\":{\"@id\":\"https:\\\/\\\/www.mexicanguitarplayers.com\\\/tienda\\\/sin categor\u00eda\\\/parche-evans-p-jazz-timbal-e13j1\\\/#primaryimage\"},\"image\":{\"@id\":\"https:\\\/\\\/www.mexicanguitarplayers.com\\\/tienda\\\/sin categor\u00eda\\\/parche-evans-p-jazz-timbal-e13j1\\\/#primaryimage\"},\"thumbnailUrl\":\"https:\\\/\\\/www.mexicanguitarplayers.com\\\/wp-content\\\/uploads\\\/2025\\\/04\\\/RAEVAE13J1.jpg\",\"datePublished\":\"2025-04-09T03:12:32+00:00\",\"description\":\"Parche de golpe para timbal y\\\/o tom de 13\u201d pulgadas, serie J1, terminado liso, fabricado con una capa de pel\u00edcula de 10 mil\u00e9simas de pulgada, gran sonido brillante, gran sustain, hecho en USA.\",\"breadcrumb\":{\"@id\":\"https:\\\/\\\/www.mexicanguitarplayers.com\\\/tienda\\\/sin categor\u00eda\\\/parche-evans-p-jazz-timbal-e13j1\\\/#breadcrumb\"},\"inLanguage\":\"en-US\",\"potentialAction\":[{\"@type\":\"ReadAction\",\"target\":[\"https:\\\/\\\/www.mexicanguitarplayers.com\\\/tienda\\\/sin categor\u00eda\\\/parche-evans-p-jazz-timbal-e13j1\\\/\"]}]},{\"@type\":\"ImageObject\",\"inLanguage\":\"en-US\",\"@id\":\"https:\\\/\\\/www.mexicanguitarplayers.com\\\/tienda\\\/sin categor\u00eda\\\/parche-evans-p-jazz-timbal-e13j1\\\/#primaryimage\",\"url\":\"https:\\\/\\\/www.mexicanguitarplayers.com\\\/wp-content\\\/uploads\\\/2025\\\/04\\\/RAEVAE13J1.jpg\",\"contentUrl\":\"https:\\\/\\\/www.mexicanguitarplayers.com\\\/wp-content\\\/uploads\\\/2025\\\/04\\\/RAEVAE13J1.jpg\",\"width\":1200,\"height\":1200},{\"@type\":\"BreadcrumbList\",\"@id\":\"https:\\\/\\\/www.mexicanguitarplayers.com\\\/tienda\\\/sin categor\u00eda\\\/parche-evans-p-jazz-timbal-e13j1\\\/#breadcrumb\",\"itemListElement\":[{\"@type\":\"ListItem\",\"position\":1,\"name\":\"Portada\",\"item\":\"https:\\\/\\\/www.mexicanguitarplayers.com\\\/\"},{\"@type\":\"ListItem\",\"position\":2,\"name\":\"Tienda\",\"item\":\"https:\\\/\\\/www.mexicanguitarplayers.com\\\/tienda\\\/\"},{\"@type\":\"ListItem\",\"position\":3,\"name\":\"PARCHE EVANS P\\\/JAZZ\\\/TIMBAL E13J1\"}]},{\"@type\":\"WebSite\",\"@id\":\"https:\\\/\\\/www.mexicanguitarplayers.com\\\/#website\",\"url\":\"https:\\\/\\\/www.mexicanguitarplayers.com\\\/\",\"name\":\"Mexican Guitar Players\",\"description\":\"Website\",\"publisher\":{\"@id\":\"https:\\\/\\\/www.mexicanguitarplayers.com\\\/#organization\"},\"potentialAction\":[{\"@type\":\"SearchAction\",\"target\":{\"@type\":\"EntryPoint\",\"urlTemplate\":\"https:\\\/\\\/www.mexicanguitarplayers.com\\\/?s={search_term_string}\"},\"query-input\":{\"@type\":\"PropertyValueSpecification\",\"valueRequired\":true,\"valueName\":\"search_term_string\"}}],\"inLanguage\":\"en-US\"},{\"@type\":\"Organization\",\"@id\":\"https:\\\/\\\/www.mexicanguitarplayers.com\\\/#organization\",\"name\":\"Mexican Guitar Players\",\"url\":\"https:\\\/\\\/www.mexicanguitarplayers.com\\\/\",\"logo\":{\"@type\":\"ImageObject\",\"inLanguage\":\"en-US\",\"@id\":\"https:\\\/\\\/www.mexicanguitarplayers.com\\\/#\\\/schema\\\/logo\\\/image\\\/\",\"url\":\"\",\"contentUrl\":\"\",\"caption\":\"Mexican Guitar Players\"},\"image\":{\"@id\":\"https:\\\/\\\/www.mexicanguitarplayers.com\\\/#\\\/schema\\\/logo\\\/image\\\/\"}}]}<\/script>\n<!-- \/ Yoast SEO plugin. -->","yoast_head_json":{"title":"PARCHE EVANS P\/JAZZ\/TIMBAL E13J1 - Mexican Guitar Players","description":"13\u201d inch timpani and\/or tom head, J1 series, smooth finish, made with a 10 mil layer of film, great bright sound, great sustain, made in the USA.","robots":{"index":"index","follow":"follow","max-snippet":"max-snippet:-1","max-image-preview":"max-image-preview:large","max-video-preview":"max-video-preview:-1"},"canonical":"https:\/\/www.mexicanguitarplayers.com\/en\/tienda\/sin categor\u00eda\/parche-evans-p-jazz-timbal-e13j1\/","og_locale":"en_US","og_type":"article","og_title":"PARCHE EVANS P\/JAZZ\/TIMBAL E13J1 - Mexican Guitar Players","og_description":"Parche de golpe para timbal y\/o tom de 13\u201d pulgadas, serie J1, terminado liso, fabricado con una capa de pel\u00edcula de 10 mil\u00e9simas de pulgada, gran sonido brillante, gran sustain, hecho en USA.","og_url":"https:\/\/www.mexicanguitarplayers.com\/en\/tienda\/sin categor\u00eda\/parche-evans-p-jazz-timbal-e13j1\/","og_site_name":"Mexican Guitar Players","twitter_card":"summary_large_image","twitter_misc":{"Est. reading time":"1 minute"},"schema":{"@context":"https:\/\/schema.org","@graph":[{"@type":["WebPage","ItemPage"],"@id":"https:\/\/www.mexicanguitarplayers.com\/tienda\/sin categor\u00eda\/parche-evans-p-jazz-timbal-e13j1\/","url":"https:\/\/www.mexicanguitarplayers.com\/tienda\/sin categor\u00eda\/parche-evans-p-jazz-timbal-e13j1\/","name":"PARCHE EVANS P\/JAZZ\/TIMBAL E13J1 - Mexican Guitar Players","isPartOf":{"@id":"https:\/\/www.mexicanguitarplayers.com\/#website"},"primaryImageOfPage":{"@id":"https:\/\/www.mexicanguitarplayers.com\/tienda\/sin categor\u00eda\/parche-evans-p-jazz-timbal-e13j1\/#primaryimage"},"image":{"@id":"https:\/\/www.mexicanguitarplayers.com\/tienda\/sin categor\u00eda\/parche-evans-p-jazz-timbal-e13j1\/#primaryimage"},"thumbnailUrl":"https:\/\/www.mexicanguitarplayers.com\/wp-content\/uploads\/2025\/04\/RAEVAE13J1.jpg","datePublished":"2025-04-09T03:12:32+00:00","description":"13\u201d inch timpani and\/or tom head, J1 series, smooth finish, made with a 10 mil layer of film, great bright sound, great sustain, made in the USA.","breadcrumb":{"@id":"https:\/\/www.mexicanguitarplayers.com\/tienda\/sin categor\u00eda\/parche-evans-p-jazz-timbal-e13j1\/#breadcrumb"},"inLanguage":"en-US","potentialAction":[{"@type":"ReadAction","target":["https:\/\/www.mexicanguitarplayers.com\/tienda\/sin categor\u00eda\/parche-evans-p-jazz-timbal-e13j1\/"]}]},{"@type":"ImageObject","inLanguage":"en-US","@id":"https:\/\/www.mexicanguitarplayers.com\/tienda\/sin categor\u00eda\/parche-evans-p-jazz-timbal-e13j1\/#primaryimage","url":"https:\/\/www.mexicanguitarplayers.com\/wp-content\/uploads\/2025\/04\/RAEVAE13J1.jpg","contentUrl":"https:\/\/www.mexicanguitarplayers.com\/wp-content\/uploads\/2025\/04\/RAEVAE13J1.jpg","width":1200,"height":1200},{"@type":"BreadcrumbList","@id":"https:\/\/www.mexicanguitarplayers.com\/tienda\/sin categor\u00eda\/parche-evans-p-jazz-timbal-e13j1\/#breadcrumb","itemListElement":[{"@type":"ListItem","position":1,"name":"Portada","item":"https:\/\/www.mexicanguitarplayers.com\/"},{"@type":"ListItem","position":2,"name":"Tienda","item":"https:\/\/www.mexicanguitarplayers.com\/tienda\/"},{"@type":"ListItem","position":3,"name":"PARCHE EVANS P\/JAZZ\/TIMBAL E13J1"}]},{"@type":"WebSite","@id":"https:\/\/www.mexicanguitarplayers.com\/#website","url":"https:\/\/www.mexicanguitarplayers.com\/","name":"Mexican Guitar Players","description":"Website","publisher":{"@id":"https:\/\/www.mexicanguitarplayers.com\/#organization"},"potentialAction":[{"@type":"SearchAction","target":{"@type":"EntryPoint","urlTemplate":"https:\/\/www.mexicanguitarplayers.com\/?s={search_term_string}"},"query-input":{"@type":"PropertyValueSpecification","valueRequired":true,"valueName":"search_term_string"}}],"inLanguage":"en-US"},{"@type":"Organization","@id":"https:\/\/www.mexicanguitarplayers.com\/#organization","name":"Mexican Guitar Players","url":"https:\/\/www.mexicanguitarplayers.com\/","logo":{"@type":"ImageObject","inLanguage":"en-US","@id":"https:\/\/www.mexicanguitarplayers.com\/#\/schema\/logo\/image\/","url":"","contentUrl":"","caption":"Mexican Guitar Players"},"image":{"@id":"https:\/\/www.mexicanguitarplayers.com\/#\/schema\/logo\/image\/"}}]}},"brands":[{"id":366,"name":"EVANS","slug":"evans"}],"_links":{"self":[{"href":"https:\/\/www.mexicanguitarplayers.com\/en\/wp-json\/wp\/v2\/product\/33085","targetHints":{"allow":["GET"]}}],"collection":[{"href":"https:\/\/www.mexicanguitarplayers.com\/en\/wp-json\/wp\/v2\/product"}],"about":[{"href":"https:\/\/www.mexicanguitarplayers.com\/en\/wp-json\/wp\/v2\/types\/product"}],"replies":[{"embeddable":true,"href":"https:\/\/www.mexicanguitarplayers.com\/en\/wp-json\/wp\/v2\/comments?post=33085"}],"wp:featuredmedia":[{"embeddable":true,"href":"https:\/\/www.mexicanguitarplayers.com\/en\/wp-json\/wp\/v2\/media\/33083"}],"wp:attachment":[{"href":"https:\/\/www.mexicanguitarplayers.com\/en\/wp-json\/wp\/v2\/media?parent=33085"}],"wp:term":[{"taxonomy":"pwb-brand","embeddable":true,"href":"https:\/\/www.mexicanguitarplayers.com\/en\/wp-json\/wp\/v2\/pwb-brand?post=33085"},{"taxonomy":"product_brand","embeddable":true,"href":"https:\/\/www.mexicanguitarplayers.com\/en\/wp-json\/wp\/v2\/product_brand?post=33085"},{"taxonomy":"product_cat","embeddable":true,"href":"https:\/\/www.mexicanguitarplayers.com\/en\/wp-json\/wp\/v2\/product_cat?post=33085"},{"taxonomy":"product_tag","embeddable":true,"href":"https:\/\/www.mexicanguitarplayers.com\/en\/wp-json\/wp\/v2\/product_tag?post=33085"}],"curies":[{"name":"wp","href":"https:\/\/api.w.org\/{rel}","templated":true}]}}