{"id":33110,"date":"2025-04-08T21:13:07","date_gmt":"2025-04-09T03:13:07","guid":{"rendered":"https:\/\/www.mexicanguitarplayers.com\/tienda\/sin categor\u00eda\/microfono-sennheiser-p-video-cam-mke-200\/"},"modified":"2026-04-15T04:19:13","modified_gmt":"2026-04-15T10:19:13","slug":"microfono-sennheiser-p-video-cam-mke-200","status":"publish","type":"product","link":"https:\/\/www.mexicanguitarplayers.com\/en\/tienda\/audio\/microfonia\/microfonos-alambricos\/de-mano\/microfono-sennheiser-p-video-cam-mke-200\/","title":{"rendered":"MICROFONO SENNHEISER P\/VIDEO CAM.MKE 200"},"content":{"rendered":"<div style=\"text-align: justify\">\n<div>\n<h3>S\u00e9 escuchado.<\/h3>\n<\/div>\n<div>El video de calidad es f\u00e1cil de conseguir en estos d\u00edas, pero ese no siempre es el caso cuando se trata de audio. Incluso el tel\u00e9fono en tu bolsillo tiene la capacidad de grabar videos con una resoluci\u00f3n n\u00edtida de 4K, entonces, \u00bfpor qu\u00e9 no deber\u00eda sonar tan bien como se ve? Presentamos el MKE 200, el primer paso de Sennheiser para mejorar tu sonido. Ahora capturar audio en entornos ruidosos ya no es un problema. Una c\u00e1psula de micr\u00f3fono direccional le da presencia a tu voz mientras que caracter\u00edsticas como una pantalla antiviento incorporada y un shock-mount, mantienen tus grabaciones con un sonido m\u00e1s limpio que nunca. Lo suficientemente compacto y elegante para tu c\u00e1mara o tu tel\u00e9fono, este micr\u00f3fono seguramente mejorar\u00e1 el audio de cualquier video que grabes. Actualiza tu sonido con la marca en la que conf\u00edan los profesionales del audio.<\/div>\n<div>\n<h4>Quick look<\/h4>\n<\/div>\n<ul style=\"margin: 0px 0px 0px 25px\">\n<li style=\"list-style-type: circle;margin: 5px\">Audio direccional.<\/li>\n<li style=\"list-style-type: circle;margin: 5px\">Pantalla antiviento y shock mount incorporados.<\/li>\n<li style=\"list-style-type: circle;margin: 5px\">Compatibilidad.<\/li>\n<li style=\"list-style-type: circle;margin: 5px\">Polar pattern.<\/li>\n<li style=\"list-style-type: circle;margin: 5px\">Principio del transductor.<\/li>\n<li style=\"list-style-type: circle;margin: 5px\">SPL m\u00e1ximo (pasivo).<\/li>\n<li style=\"list-style-type: circle;margin: 5px\">Power.<\/li>\n<li style=\"list-style-type: circle;margin: 5px\">Sensitivity.<\/li>\n<li style=\"list-style-type: circle;margin: 5px\">Color.<\/li>\n<li style=\"list-style-type: circle;margin: 5px\">Conexi\u00f3n.<\/li>\n<li style=\"list-style-type: circle;margin: 5px\">Cable de conexi\u00f3n.<\/li>\n<li style=\"list-style-type: circle;margin: 5px\">Equivalent noise level.<\/li>\n<li style=\"list-style-type: circle;margin: 5px\">Frequency response.<\/li>\n<li style=\"list-style-type: circle;margin: 5px\">Contenido de la caja.<\/li>\n<li style=\"list-style-type: circle;margin: 5px\">Dimensions.<\/li>\n<li style=\"list-style-type: circle;margin: 5px\">Weight.<\/li>\n<\/ul>\n<div>\n<div style=\"font-weight: bold\">Audio direccional.<\/div>\n<div>\n<p>El MKE 200 cuenta con una c\u00e1psula s\u00fapercardioide que proporciona enfoque y detalle mientras rechaza el ruido de fondo no deseado. Ideal tanto para vloggers como para vide\u00f3grafos, este micr\u00f3fono direccional mejorar\u00e1 el audio de tu c\u00e1mara y brindar\u00e1 claridad a tus grabaciones.<\/p>\n<\/div>\n<div style=\"font-weight: bold\">Pantalla antiviento y shock mount incorporados.<\/div>\n<div>\n<p>Todas las c\u00e1maras port\u00e1tiles son susceptibles al ruido de manejo, por lo que el MKE 200 cuenta con protecci\u00f3n contra el viento y absorci\u00f3n de impactos integrado. Estas dos caracter\u00edsticas combinadas aseguran las grabaciones de audio m\u00e1s limpias posibles mientras grabas video en movimiento. <\/p>\n<\/div>\n<div style=\"font-weight: bold\">Compatibilidad.<\/div>\n<div>\n<p>En el mundo actual, lo m\u00e1s probable es que la grabaci\u00f3n de video no se limite a un solo dispositivo y tu micr\u00f3fono tampoco tiene por qu\u00e9 estarlo. Cada MKE 200 incluye cables TRS y TRRS de 3.5 mm (1\/8&#8243;) para usar con c\u00e1maras DSLR, c\u00e1maras sin espejo y dispositivos m\u00f3viles.<\/p>\n<\/div>\n<div style=\"font-weight: bold\">Polar pattern.<\/div>\n<div>\n<p>S\u00faper cardioide.<\/p>\n<\/div>\n<div style=\"font-weight: bold\">Principio del transductor.<\/div>\n<div>\n<p>Condensador prepolarizado.<\/p>\n<\/div>\n<div style=\"font-weight: bold\">SPL m\u00e1ximo (pasivo).<\/div>\n<div>\n<p>120 dB.<\/p>\n<\/div>\n<div style=\"font-weight: bold\">Power.<\/div>\n<div>\n<p>2-10V<\/p>\n<\/div>\n<div style=\"font-weight: bold\">Sensitivity.<\/div>\n<div>\n<p>-33 dB V\/Pa.<\/p>\n<\/div>\n<div style=\"font-weight: bold\">Color.<\/div>\n<div>\n<p>Black.<\/p>\n<\/div>\n<div style=\"font-weight: bold\">Conexi\u00f3n.<\/div>\n<div>\n<p>3.5 mm locking jack.<\/p>\n<\/div>\n<div style=\"font-weight: bold\">Cable de conexi\u00f3n.<\/div>\n<div>\n<p>Cables 3.5 mm TRS y 3.5 mm TRRS incluidos.<\/p>\n<\/div>\n<div style=\"font-weight: bold\">Equivalent noise level.<\/div>\n<div>\n<p>20 dB SPL.<\/p>\n<\/div>\n<div style=\"font-weight: bold\">Frequency response.<\/div>\n<div>\n<p>40 a 20,000 Hz.<\/p>\n<\/div>\n<div style=\"font-weight: bold\">Contenido de la caja.<\/div>\n<div>\n<p>Micr\u00f3fono de c\u00e1mara MKE 200. Cable en espiral 3.5 TRS, locking. Cable en espiral 3.5 TRRS, locking. Parabrisas antiviento MZH 200. Bolsa con cord\u00f3n. Gu\u00eda r\u00e1pida. Gu\u00eda de seguridad.<\/p>\n<\/div>\n<div style=\"font-weight: bold\">Dimensions.<\/div>\n<div>\n<p>69 x 60 x 39 mm.<\/p>\n<\/div>\n<div style=\"font-weight: bold\">Weight.<\/div>\n<div>\n<p>48 g.<\/p>\n<\/div>\n<\/div>\n<\/div>","protected":false},"excerpt":{"rendered":"<p>Micr\u00f3fono direccional para c\u00e1maras DSLR, c\u00e1maras sin espejo y dispositivos m\u00f3viles, dise\u00f1o compacto con acabado elegante y con estilo, protecci\u00f3n contra el viento integrada y soporte de suspensi\u00f3n interno para minimizar el ruido de manejo, conectividad TRS y TRRS intercambiable de 3.5 mm (1\/8\u201d), soporte est\u00e1ndar de zapata para uso universal, funcionamiento sin bater\u00edas, patr\u00f3n polar s\u00faper cardioide, transductor condensador prepolarizado, SPL m\u00e1ximo: 120 dB, dimensiones: 69 x 60 x 39 mm, peso: 48 g.&hellip; <a class=\"kt-excerpt-readmore more-link\" href=\"https:\/\/www.mexicanguitarplayers.com\/en\/tienda\/audio\/microfonia\/microfonos-alambricos\/de-mano\/microfono-sennheiser-p-video-cam-mke-200\/\">Read more<\/a><\/p>","protected":false},"featured_media":33104,"comment_status":"open","ping_status":"closed","template":"","meta":{"kt_blocks_editor_width":""},"pwb-brand":[176],"product_brand":[],"product_cat":[213,218,214,215],"product_tag":[],"class_list":{"0":"post-33110","1":"product","2":"type-product","3":"status-publish","4":"has-post-thumbnail","6":"pwb-brand-sennheiser","7":"product_cat-audio","8":"product_cat-de-mano","9":"product_cat-microfonia","10":"product_cat-microfonos-alambricos","11":"product_shipping_class-0-5-kg","13":"first","14":"outofstock","15":"taxable","16":"shipping-taxable","17":"purchasable","18":"product-type-simple"},"yoast_head":"<!-- This site is optimized with the Yoast SEO plugin v27.6 - https:\/\/yoast.com\/product\/yoast-seo-wordpress\/ -->\n<title>MICROFONO SENNHEISER P\/VIDEO CAM.MKE 200 - Mexican Guitar Players<\/title>\n<meta name=\"description\" content=\"Micr\u00f3fono direccional para c\u00e1maras DSLR, c\u00e1maras sin espejo y dispositivos m\u00f3viles, dise\u00f1o compacto con acabado elegante y con estilo, protecci\u00f3n contra el viento integrada y soporte de suspensi\u00f3n interno para minimizar el ruido de manejo, conectividad TRS y TRRS intercambiable de 3.5 mm (1\/8\u201d), soporte est\u00e1ndar de zapata para uso universal, funcionamiento sin bater\u00edas, patr\u00f3n polar s\u00faper cardioide, transductor condensador prepolarizado, SPL m\u00e1ximo: 120 dB, dimensiones: 69 x 60 x 39 mm, peso: 48 g.\" \/>\n<meta name=\"robots\" content=\"index, follow, max-snippet:-1, max-image-preview:large, max-video-preview:-1\" \/>\n<link rel=\"canonical\" href=\"https:\/\/www.mexicanguitarplayers.com\/en\/tienda\/sin%20categor\u00eda\/microfono-sennheiser-p-video-cam-mke-200\/\" \/>\n<meta property=\"og:locale\" content=\"en_US\" \/>\n<meta property=\"og:type\" content=\"article\" \/>\n<meta property=\"og:title\" content=\"MICROFONO SENNHEISER P\/VIDEO CAM.MKE 200 - Mexican Guitar Players\" \/>\n<meta property=\"og:description\" content=\"Micr\u00f3fono direccional para c\u00e1maras DSLR, c\u00e1maras sin espejo y dispositivos m\u00f3viles, dise\u00f1o compacto con acabado elegante y con estilo, protecci\u00f3n contra el viento integrada y soporte de suspensi\u00f3n interno para minimizar el ruido de manejo, conectividad TRS y TRRS intercambiable de 3.5 mm (1\/8\u201d), soporte est\u00e1ndar de zapata para uso universal, funcionamiento sin bater\u00edas, patr\u00f3n polar s\u00faper cardioide, transductor condensador prepolarizado, SPL m\u00e1ximo: 120 dB, dimensiones: 69 x 60 x 39 mm, peso: 48 g.\" \/>\n<meta property=\"og:url\" content=\"https:\/\/www.mexicanguitarplayers.com\/en\/tienda\/sin categor\u00eda\/microfono-sennheiser-p-video-cam-mke-200\/\" \/>\n<meta property=\"og:site_name\" content=\"Mexican Guitar Players\" \/>\n<meta property=\"article:modified_time\" content=\"2026-04-15T10:19:13+00:00\" \/>\n<meta name=\"twitter:card\" content=\"summary_large_image\" \/>\n<meta name=\"twitter:label1\" content=\"Est. reading time\" \/>\n\t<meta name=\"twitter:data1\" content=\"2 minutes\" \/>\n<script type=\"application\/ld+json\" class=\"yoast-schema-graph\">{\"@context\":\"https:\\\/\\\/schema.org\",\"@graph\":[{\"@type\":[\"WebPage\",\"ItemPage\"],\"@id\":\"https:\\\/\\\/www.mexicanguitarplayers.com\\\/tienda\\\/sin categor\u00eda\\\/microfono-sennheiser-p-video-cam-mke-200\\\/\",\"url\":\"https:\\\/\\\/www.mexicanguitarplayers.com\\\/tienda\\\/sin categor\u00eda\\\/microfono-sennheiser-p-video-cam-mke-200\\\/\",\"name\":\"MICROFONO SENNHEISER P\\\/VIDEO CAM.MKE 200 - Mexican Guitar Players\",\"isPartOf\":{\"@id\":\"https:\\\/\\\/www.mexicanguitarplayers.com\\\/#website\"},\"primaryImageOfPage\":{\"@id\":\"https:\\\/\\\/www.mexicanguitarplayers.com\\\/tienda\\\/sin categor\u00eda\\\/microfono-sennheiser-p-video-cam-mke-200\\\/#primaryimage\"},\"image\":{\"@id\":\"https:\\\/\\\/www.mexicanguitarplayers.com\\\/tienda\\\/sin categor\u00eda\\\/microfono-sennheiser-p-video-cam-mke-200\\\/#primaryimage\"},\"thumbnailUrl\":\"https:\\\/\\\/www.mexicanguitarplayers.com\\\/wp-content\\\/uploads\\\/2025\\\/04\\\/IASENMKE200.jpg\",\"datePublished\":\"2025-04-09T03:13:07+00:00\",\"dateModified\":\"2026-04-15T10:19:13+00:00\",\"description\":\"Micr\u00f3fono direccional para c\u00e1maras DSLR, c\u00e1maras sin espejo y dispositivos m\u00f3viles, dise\u00f1o compacto con acabado elegante y con estilo, protecci\u00f3n contra el viento integrada y soporte de suspensi\u00f3n interno para minimizar el ruido de manejo, conectividad TRS y TRRS intercambiable de 3.5 mm (1\\\/8\u201d), soporte est\u00e1ndar de zapata para uso universal, funcionamiento sin bater\u00edas, patr\u00f3n polar s\u00faper cardioide, transductor condensador prepolarizado, SPL m\u00e1ximo: 120 dB, dimensiones: 69 x 60 x 39 mm, peso: 48 g.\",\"breadcrumb\":{\"@id\":\"https:\\\/\\\/www.mexicanguitarplayers.com\\\/tienda\\\/sin categor\u00eda\\\/microfono-sennheiser-p-video-cam-mke-200\\\/#breadcrumb\"},\"inLanguage\":\"en-US\",\"potentialAction\":[{\"@type\":\"ReadAction\",\"target\":[\"https:\\\/\\\/www.mexicanguitarplayers.com\\\/tienda\\\/sin categor\u00eda\\\/microfono-sennheiser-p-video-cam-mke-200\\\/\"]}]},{\"@type\":\"ImageObject\",\"inLanguage\":\"en-US\",\"@id\":\"https:\\\/\\\/www.mexicanguitarplayers.com\\\/tienda\\\/sin categor\u00eda\\\/microfono-sennheiser-p-video-cam-mke-200\\\/#primaryimage\",\"url\":\"https:\\\/\\\/www.mexicanguitarplayers.com\\\/wp-content\\\/uploads\\\/2025\\\/04\\\/IASENMKE200.jpg\",\"contentUrl\":\"https:\\\/\\\/www.mexicanguitarplayers.com\\\/wp-content\\\/uploads\\\/2025\\\/04\\\/IASENMKE200.jpg\",\"width\":1200,\"height\":1200},{\"@type\":\"BreadcrumbList\",\"@id\":\"https:\\\/\\\/www.mexicanguitarplayers.com\\\/tienda\\\/sin categor\u00eda\\\/microfono-sennheiser-p-video-cam-mke-200\\\/#breadcrumb\",\"itemListElement\":[{\"@type\":\"ListItem\",\"position\":1,\"name\":\"Portada\",\"item\":\"https:\\\/\\\/www.mexicanguitarplayers.com\\\/\"},{\"@type\":\"ListItem\",\"position\":2,\"name\":\"Tienda\",\"item\":\"https:\\\/\\\/www.mexicanguitarplayers.com\\\/tienda\\\/\"},{\"@type\":\"ListItem\",\"position\":3,\"name\":\"MICROFONO SENNHEISER P\\\/VIDEO CAM.MKE 200\"}]},{\"@type\":\"WebSite\",\"@id\":\"https:\\\/\\\/www.mexicanguitarplayers.com\\\/#website\",\"url\":\"https:\\\/\\\/www.mexicanguitarplayers.com\\\/\",\"name\":\"Mexican Guitar Players\",\"description\":\"Website\",\"publisher\":{\"@id\":\"https:\\\/\\\/www.mexicanguitarplayers.com\\\/#organization\"},\"potentialAction\":[{\"@type\":\"SearchAction\",\"target\":{\"@type\":\"EntryPoint\",\"urlTemplate\":\"https:\\\/\\\/www.mexicanguitarplayers.com\\\/?s={search_term_string}\"},\"query-input\":{\"@type\":\"PropertyValueSpecification\",\"valueRequired\":true,\"valueName\":\"search_term_string\"}}],\"inLanguage\":\"en-US\"},{\"@type\":\"Organization\",\"@id\":\"https:\\\/\\\/www.mexicanguitarplayers.com\\\/#organization\",\"name\":\"Mexican Guitar Players\",\"url\":\"https:\\\/\\\/www.mexicanguitarplayers.com\\\/\",\"logo\":{\"@type\":\"ImageObject\",\"inLanguage\":\"en-US\",\"@id\":\"https:\\\/\\\/www.mexicanguitarplayers.com\\\/#\\\/schema\\\/logo\\\/image\\\/\",\"url\":\"\",\"contentUrl\":\"\",\"caption\":\"Mexican Guitar Players\"},\"image\":{\"@id\":\"https:\\\/\\\/www.mexicanguitarplayers.com\\\/#\\\/schema\\\/logo\\\/image\\\/\"}}]}<\/script>\n<!-- \/ Yoast SEO plugin. -->","yoast_head_json":{"title":"MICROFONO SENNHEISER P\/VIDEO CAM.MKE 200 - Mexican Guitar Players","description":"Micr\u00f3fono direccional para c\u00e1maras DSLR, c\u00e1maras sin espejo y dispositivos m\u00f3viles, dise\u00f1o compacto con acabado elegante y con estilo, protecci\u00f3n contra el viento integrada y soporte de suspensi\u00f3n interno para minimizar el ruido de manejo, conectividad TRS y TRRS intercambiable de 3.5 mm (1\/8\u201d), soporte est\u00e1ndar de zapata para uso universal, funcionamiento sin bater\u00edas, patr\u00f3n polar s\u00faper cardioide, transductor condensador prepolarizado, SPL m\u00e1ximo: 120 dB, dimensiones: 69 x 60 x 39 mm, peso: 48 g.","robots":{"index":"index","follow":"follow","max-snippet":"max-snippet:-1","max-image-preview":"max-image-preview:large","max-video-preview":"max-video-preview:-1"},"canonical":"https:\/\/www.mexicanguitarplayers.com\/en\/tienda\/sin categor\u00eda\/microfono-sennheiser-p-video-cam-mke-200\/","og_locale":"en_US","og_type":"article","og_title":"MICROFONO SENNHEISER P\/VIDEO CAM.MKE 200 - Mexican Guitar Players","og_description":"Micr\u00f3fono direccional para c\u00e1maras DSLR, c\u00e1maras sin espejo y dispositivos m\u00f3viles, dise\u00f1o compacto con acabado elegante y con estilo, protecci\u00f3n contra el viento integrada y soporte de suspensi\u00f3n interno para minimizar el ruido de manejo, conectividad TRS y TRRS intercambiable de 3.5 mm (1\/8\u201d), soporte est\u00e1ndar de zapata para uso universal, funcionamiento sin bater\u00edas, patr\u00f3n polar s\u00faper cardioide, transductor condensador prepolarizado, SPL m\u00e1ximo: 120 dB, dimensiones: 69 x 60 x 39 mm, peso: 48 g.","og_url":"https:\/\/www.mexicanguitarplayers.com\/en\/tienda\/sin categor\u00eda\/microfono-sennheiser-p-video-cam-mke-200\/","og_site_name":"Mexican Guitar Players","article_modified_time":"2026-04-15T10:19:13+00:00","twitter_card":"summary_large_image","twitter_misc":{"Est. reading time":"2 minutes"},"schema":{"@context":"https:\/\/schema.org","@graph":[{"@type":["WebPage","ItemPage"],"@id":"https:\/\/www.mexicanguitarplayers.com\/tienda\/sin categor\u00eda\/microfono-sennheiser-p-video-cam-mke-200\/","url":"https:\/\/www.mexicanguitarplayers.com\/tienda\/sin categor\u00eda\/microfono-sennheiser-p-video-cam-mke-200\/","name":"MICROFONO SENNHEISER P\/VIDEO CAM.MKE 200 - Mexican Guitar Players","isPartOf":{"@id":"https:\/\/www.mexicanguitarplayers.com\/#website"},"primaryImageOfPage":{"@id":"https:\/\/www.mexicanguitarplayers.com\/tienda\/sin categor\u00eda\/microfono-sennheiser-p-video-cam-mke-200\/#primaryimage"},"image":{"@id":"https:\/\/www.mexicanguitarplayers.com\/tienda\/sin categor\u00eda\/microfono-sennheiser-p-video-cam-mke-200\/#primaryimage"},"thumbnailUrl":"https:\/\/www.mexicanguitarplayers.com\/wp-content\/uploads\/2025\/04\/IASENMKE200.jpg","datePublished":"2025-04-09T03:13:07+00:00","dateModified":"2026-04-15T10:19:13+00:00","description":"Micr\u00f3fono direccional para c\u00e1maras DSLR, c\u00e1maras sin espejo y dispositivos m\u00f3viles, dise\u00f1o compacto con acabado elegante y con estilo, protecci\u00f3n contra el viento integrada y soporte de suspensi\u00f3n interno para minimizar el ruido de manejo, conectividad TRS y TRRS intercambiable de 3.5 mm (1\/8\u201d), soporte est\u00e1ndar de zapata para uso universal, funcionamiento sin bater\u00edas, patr\u00f3n polar s\u00faper cardioide, transductor condensador prepolarizado, SPL m\u00e1ximo: 120 dB, dimensiones: 69 x 60 x 39 mm, peso: 48 g.","breadcrumb":{"@id":"https:\/\/www.mexicanguitarplayers.com\/tienda\/sin categor\u00eda\/microfono-sennheiser-p-video-cam-mke-200\/#breadcrumb"},"inLanguage":"en-US","potentialAction":[{"@type":"ReadAction","target":["https:\/\/www.mexicanguitarplayers.com\/tienda\/sin categor\u00eda\/microfono-sennheiser-p-video-cam-mke-200\/"]}]},{"@type":"ImageObject","inLanguage":"en-US","@id":"https:\/\/www.mexicanguitarplayers.com\/tienda\/sin categor\u00eda\/microfono-sennheiser-p-video-cam-mke-200\/#primaryimage","url":"https:\/\/www.mexicanguitarplayers.com\/wp-content\/uploads\/2025\/04\/IASENMKE200.jpg","contentUrl":"https:\/\/www.mexicanguitarplayers.com\/wp-content\/uploads\/2025\/04\/IASENMKE200.jpg","width":1200,"height":1200},{"@type":"BreadcrumbList","@id":"https:\/\/www.mexicanguitarplayers.com\/tienda\/sin categor\u00eda\/microfono-sennheiser-p-video-cam-mke-200\/#breadcrumb","itemListElement":[{"@type":"ListItem","position":1,"name":"Portada","item":"https:\/\/www.mexicanguitarplayers.com\/"},{"@type":"ListItem","position":2,"name":"Tienda","item":"https:\/\/www.mexicanguitarplayers.com\/tienda\/"},{"@type":"ListItem","position":3,"name":"MICROFONO SENNHEISER P\/VIDEO CAM.MKE 200"}]},{"@type":"WebSite","@id":"https:\/\/www.mexicanguitarplayers.com\/#website","url":"https:\/\/www.mexicanguitarplayers.com\/","name":"Mexican Guitar Players","description":"Website","publisher":{"@id":"https:\/\/www.mexicanguitarplayers.com\/#organization"},"potentialAction":[{"@type":"SearchAction","target":{"@type":"EntryPoint","urlTemplate":"https:\/\/www.mexicanguitarplayers.com\/?s={search_term_string}"},"query-input":{"@type":"PropertyValueSpecification","valueRequired":true,"valueName":"search_term_string"}}],"inLanguage":"en-US"},{"@type":"Organization","@id":"https:\/\/www.mexicanguitarplayers.com\/#organization","name":"Mexican Guitar Players","url":"https:\/\/www.mexicanguitarplayers.com\/","logo":{"@type":"ImageObject","inLanguage":"en-US","@id":"https:\/\/www.mexicanguitarplayers.com\/#\/schema\/logo\/image\/","url":"","contentUrl":"","caption":"Mexican Guitar Players"},"image":{"@id":"https:\/\/www.mexicanguitarplayers.com\/#\/schema\/logo\/image\/"}}]}},"brands":[{"id":176,"name":"SENNHEISER","slug":"sennheiser"}],"_links":{"self":[{"href":"https:\/\/www.mexicanguitarplayers.com\/en\/wp-json\/wp\/v2\/product\/33110","targetHints":{"allow":["GET"]}}],"collection":[{"href":"https:\/\/www.mexicanguitarplayers.com\/en\/wp-json\/wp\/v2\/product"}],"about":[{"href":"https:\/\/www.mexicanguitarplayers.com\/en\/wp-json\/wp\/v2\/types\/product"}],"replies":[{"embeddable":true,"href":"https:\/\/www.mexicanguitarplayers.com\/en\/wp-json\/wp\/v2\/comments?post=33110"}],"wp:featuredmedia":[{"embeddable":true,"href":"https:\/\/www.mexicanguitarplayers.com\/en\/wp-json\/wp\/v2\/media\/33104"}],"wp:attachment":[{"href":"https:\/\/www.mexicanguitarplayers.com\/en\/wp-json\/wp\/v2\/media?parent=33110"}],"wp:term":[{"taxonomy":"pwb-brand","embeddable":true,"href":"https:\/\/www.mexicanguitarplayers.com\/en\/wp-json\/wp\/v2\/pwb-brand?post=33110"},{"taxonomy":"product_brand","embeddable":true,"href":"https:\/\/www.mexicanguitarplayers.com\/en\/wp-json\/wp\/v2\/product_brand?post=33110"},{"taxonomy":"product_cat","embeddable":true,"href":"https:\/\/www.mexicanguitarplayers.com\/en\/wp-json\/wp\/v2\/product_cat?post=33110"},{"taxonomy":"product_tag","embeddable":true,"href":"https:\/\/www.mexicanguitarplayers.com\/en\/wp-json\/wp\/v2\/product_tag?post=33110"}],"curies":[{"name":"wp","href":"https:\/\/api.w.org\/{rel}","templated":true}]}}