{"id":33116,"date":"2025-04-08T21:13:16","date_gmt":"2025-04-09T03:13:16","guid":{"rendered":"https:\/\/www.mexicanguitarplayers.com\/tienda\/sin categor\u00eda\/guitarra-washburn-e-acustica-d10sce12\/"},"modified":"2026-04-10T04:32:22","modified_gmt":"2026-04-10T10:32:22","slug":"guitarra-washburn-e-acustica-d10sce12","status":"publish","type":"product","link":"https:\/\/www.mexicanguitarplayers.com\/en\/tienda\/cuerdas\/guitarras-cuerdas\/acusticas\/guitarras-electro-acusticas\/guitarra-washburn-e-acustica-d10sce12\/","title":{"rendered":"GUITARRA WASHBURN E\/ACUSTICA    D10SCE12"},"content":{"rendered":"<div style=\"text-align: justify\">\n<div>\n<h3>El cl\u00e1sico sonido Washburn.<\/h3>\n<\/div>\n<div>D10SCE es una guitarra dreadnought cutaway electroac\u00fastica que cuenta con una tapa s\u00f3lida de abeto Sitka y refuerzos Cathedral Peaked Scalloped-X para un tono superior que mejora con el tiempo. Cuenta con aros y fondo de caoba, diapas\u00f3n y puente de ovangkol, maquinaria fundida a presi\u00f3n para una afinaci\u00f3n r\u00e1pida, f\u00e1cil y precisa, una mica protectora Washburn y una roseta \u201cHeritage\u201d tambi\u00e9n de Washburn. El corte facilita el acceso a los trastes superiores. Cuenta con una pastilla premium con afinador Fishman Presys II 301T incorporada, con lo cual nunca tendr\u00e1s que llevar tu afinador y adem\u00e1s est\u00e1 lista para conectarse y sonar en un amplificador. La D10SCE es la guitarra perfecta para rasguear o elegir algunos tonos de blues o bluegrass. Es el instrumento para el show perfecto gracias a la electr\u00f3nica premium de Fishman. Este preamp proporciona el tono ac\u00fastico amplificado m\u00e1s natural y presenta controles de volumen, graves y agudos y un switch de fase para el control de retroalimentaci\u00f3n.<\/div>\n<div>\n<h4>Quick look<\/h4>\n<\/div>\n<ul style=\"margin: 0px 0px 0px 25px\">\n<li style=\"list-style-type: circle;margin: 5px\">Cuerpo.<\/li>\n<li style=\"list-style-type: circle;margin: 5px\">Electr\u00f3nicos.<\/li>\n<li style=\"list-style-type: circle;margin: 5px\">Otros.<\/li>\n<li style=\"list-style-type: circle;margin: 5px\">Arm.<\/li>\n<li style=\"list-style-type: circle;margin: 5px\">Hardware.<\/li>\n<\/ul>\n<div>\n<div style=\"font-weight: bold\">Cuerpo.<\/div>\n<div>\n<p>Tipo: Electroac\u00fastica. Cuerpo: Abeto sitka s\u00f3lido. Forma del cuerpo: Dreadnought Aros y fondo de caoba. Refuerzo Cathedral Peaked Scalloped-X. Roseta Heritage de Washburn. Estilo: 12 cuerdas, cutaway.<\/p>\n<\/div>\n<div style=\"font-weight: bold\">Electr\u00f3nicos.<\/div>\n<div>\n<p>Controles: Volumen \/ EQ = (bass, mid, treble) \/ Phase. Pastillas: Under saddle transducer. Sistema de pre amplificaci\u00f3n: Fishman Presys II301T con afinador.<\/p>\n<\/div>\n<div style=\"font-weight: bold\">Otros.<\/div>\n<div>\n<p>Terminado: Al alto brillo.<\/p>\n<\/div>\n<div style=\"font-weight: bold\">Arm.<\/div>\n<div>\n<p>Brazo de caoba satinada con alma de 2 v\u00edas. Diapas\u00f3n de ovangkol. 20 trastes Incrustaciones de puntos. Cejuela Graphtech Nubone. Ancho de la cejuela: 1-7\/8. Escala: 25-5\/16.<\/p>\n<\/div>\n<div style=\"font-weight: bold\">Hardware.<\/div>\n<div>\n<p>Hardware cromado. Puente de ovangkol. Maquinaria cromada diecast.<\/p>\n<\/div>\n<\/div>\n<\/div>","protected":false},"excerpt":{"rendered":"<p>Guitarra dreadnought electroac\u00fastica de 12 cuerdas, serie Heritage, tapa de abeto Sitka s\u00f3lido, aros y fondo de caoba, brazo de caoba satinada con alma de 2 v\u00edas, diapas\u00f3n y puente de ovangkol, 20 trastes, incrustaciones de puntos, cejuela de graphtech nubone, escala 25 5\/16\u201d, refuerzo Cathedral Peaked Scalloped-X, roseta Heritage de Washburn, preamplificador Fishman Presys II301T con afinador, control de volumen y ecualizador (bass, mid, treble) \/ Phase, pastillas under saddle transducer, terminado al alto brillo, hardware cromado, maquinaria diecast cromada.&hellip; <a class=\"kt-excerpt-readmore more-link\" href=\"https:\/\/www.mexicanguitarplayers.com\/en\/tienda\/cuerdas\/guitarras-cuerdas\/acusticas\/guitarras-electro-acusticas\/guitarra-washburn-e-acustica-d10sce12\/\">Read more<\/a><\/p>","protected":false},"featured_media":33111,"comment_status":"open","ping_status":"closed","template":"","meta":{"kt_blocks_editor_width":""},"pwb-brand":[178],"product_brand":[],"product_cat":[315,224,312,316],"product_tag":[],"class_list":{"0":"post-33116","1":"product","2":"type-product","3":"status-publish","4":"has-post-thumbnail","6":"pwb-brand-washburn","7":"product_cat-acusticas","8":"product_cat-cuerdas","9":"product_cat-guitarras-cuerdas","10":"product_cat-guitarras-electro-acusticas","11":"product_shipping_class-0-5-kg","13":"first","14":"outofstock","15":"taxable","16":"shipping-taxable","17":"purchasable","18":"product-type-simple"},"yoast_head":"<!-- This site is optimized with the Yoast SEO plugin v27.5 - https:\/\/yoast.com\/product\/yoast-seo-wordpress\/ -->\n<title>GUITARRA WASHBURN E\/ACUSTICA  D10SCE12 - Mexican Guitar Players<\/title>\n<meta name=\"description\" content=\"Guitarra dreadnought electroac\u00fastica de 12 cuerdas, serie Heritage, tapa de abeto Sitka s\u00f3lido, aros y fondo de caoba, brazo de caoba satinada con alma de 2 v\u00edas, diapas\u00f3n y puente de ovangkol, 20 trastes, incrustaciones de puntos, cejuela de graphtech nubone, escala 25 5\/16\u201d, refuerzo Cathedral Peaked Scalloped-X, roseta Heritage de Washburn, preamplificador Fishman Presys II301T con afinador, control de volumen y ecualizador (bass, mid, treble) \/ Phase, pastillas under saddle transducer, terminado al alto brillo, hardware cromado, maquinaria diecast cromada.\" \/>\n<meta name=\"robots\" content=\"index, follow, max-snippet:-1, max-image-preview:large, max-video-preview:-1\" \/>\n<link rel=\"canonical\" href=\"https:\/\/www.mexicanguitarplayers.com\/en\/tienda\/sin%20categor\u00eda\/guitarra-washburn-e-acustica-d10sce12\/\" \/>\n<meta property=\"og:locale\" content=\"en_US\" \/>\n<meta property=\"og:type\" content=\"article\" \/>\n<meta property=\"og:title\" content=\"GUITARRA WASHBURN E\/ACUSTICA  D10SCE12 - Mexican Guitar Players\" \/>\n<meta property=\"og:description\" content=\"Guitarra dreadnought electroac\u00fastica de 12 cuerdas, serie Heritage, tapa de abeto Sitka s\u00f3lido, aros y fondo de caoba, brazo de caoba satinada con alma de 2 v\u00edas, diapas\u00f3n y puente de ovangkol, 20 trastes, incrustaciones de puntos, cejuela de graphtech nubone, escala 25 5\/16\u201d, refuerzo Cathedral Peaked Scalloped-X, roseta Heritage de Washburn, preamplificador Fishman Presys II301T con afinador, control de volumen y ecualizador (bass, mid, treble) \/ Phase, pastillas under saddle transducer, terminado al alto brillo, hardware cromado, maquinaria diecast cromada.\" \/>\n<meta property=\"og:url\" content=\"https:\/\/www.mexicanguitarplayers.com\/en\/tienda\/sin categor\u00eda\/guitarra-washburn-e-acustica-d10sce12\/\" \/>\n<meta property=\"og:site_name\" content=\"Mexican Guitar Players\" \/>\n<meta property=\"article:modified_time\" content=\"2026-04-10T10:32:22+00:00\" \/>\n<meta name=\"twitter:card\" content=\"summary_large_image\" \/>\n<meta name=\"twitter:label1\" content=\"Est. reading time\" \/>\n\t<meta name=\"twitter:data1\" content=\"1 minute\" \/>\n<script type=\"application\/ld+json\" class=\"yoast-schema-graph\">{\"@context\":\"https:\\\/\\\/schema.org\",\"@graph\":[{\"@type\":[\"WebPage\",\"ItemPage\"],\"@id\":\"https:\\\/\\\/www.mexicanguitarplayers.com\\\/tienda\\\/sin categor\u00eda\\\/guitarra-washburn-e-acustica-d10sce12\\\/\",\"url\":\"https:\\\/\\\/www.mexicanguitarplayers.com\\\/tienda\\\/sin categor\u00eda\\\/guitarra-washburn-e-acustica-d10sce12\\\/\",\"name\":\"GUITARRA WASHBURN E\\\/ACUSTICA D10SCE12 - Mexican Guitar Players\",\"isPartOf\":{\"@id\":\"https:\\\/\\\/www.mexicanguitarplayers.com\\\/#website\"},\"primaryImageOfPage\":{\"@id\":\"https:\\\/\\\/www.mexicanguitarplayers.com\\\/tienda\\\/sin categor\u00eda\\\/guitarra-washburn-e-acustica-d10sce12\\\/#primaryimage\"},\"image\":{\"@id\":\"https:\\\/\\\/www.mexicanguitarplayers.com\\\/tienda\\\/sin categor\u00eda\\\/guitarra-washburn-e-acustica-d10sce12\\\/#primaryimage\"},\"thumbnailUrl\":\"https:\\\/\\\/www.mexicanguitarplayers.com\\\/wp-content\\\/uploads\\\/2025\\\/04\\\/ISWASD10SCE12.jpg\",\"datePublished\":\"2025-04-09T03:13:16+00:00\",\"dateModified\":\"2026-04-10T10:32:22+00:00\",\"description\":\"Guitarra dreadnought electroac\u00fastica de 12 cuerdas, serie Heritage, tapa de abeto Sitka s\u00f3lido, aros y fondo de caoba, brazo de caoba satinada con alma de 2 v\u00edas, diapas\u00f3n y puente de ovangkol, 20 trastes, incrustaciones de puntos, cejuela de graphtech nubone, escala 25 5\\\/16\u201d, refuerzo Cathedral Peaked Scalloped-X, roseta Heritage de Washburn, preamplificador Fishman Presys II301T con afinador, control de volumen y ecualizador (bass, mid, treble) \\\/ Phase, pastillas under saddle transducer, terminado al alto brillo, hardware cromado, maquinaria diecast cromada.\",\"breadcrumb\":{\"@id\":\"https:\\\/\\\/www.mexicanguitarplayers.com\\\/tienda\\\/sin categor\u00eda\\\/guitarra-washburn-e-acustica-d10sce12\\\/#breadcrumb\"},\"inLanguage\":\"en-US\",\"potentialAction\":[{\"@type\":\"ReadAction\",\"target\":[\"https:\\\/\\\/www.mexicanguitarplayers.com\\\/tienda\\\/sin categor\u00eda\\\/guitarra-washburn-e-acustica-d10sce12\\\/\"]}]},{\"@type\":\"ImageObject\",\"inLanguage\":\"en-US\",\"@id\":\"https:\\\/\\\/www.mexicanguitarplayers.com\\\/tienda\\\/sin categor\u00eda\\\/guitarra-washburn-e-acustica-d10sce12\\\/#primaryimage\",\"url\":\"https:\\\/\\\/www.mexicanguitarplayers.com\\\/wp-content\\\/uploads\\\/2025\\\/04\\\/ISWASD10SCE12.jpg\",\"contentUrl\":\"https:\\\/\\\/www.mexicanguitarplayers.com\\\/wp-content\\\/uploads\\\/2025\\\/04\\\/ISWASD10SCE12.jpg\",\"width\":800,\"height\":1600},{\"@type\":\"BreadcrumbList\",\"@id\":\"https:\\\/\\\/www.mexicanguitarplayers.com\\\/tienda\\\/sin categor\u00eda\\\/guitarra-washburn-e-acustica-d10sce12\\\/#breadcrumb\",\"itemListElement\":[{\"@type\":\"ListItem\",\"position\":1,\"name\":\"Portada\",\"item\":\"https:\\\/\\\/www.mexicanguitarplayers.com\\\/\"},{\"@type\":\"ListItem\",\"position\":2,\"name\":\"Tienda\",\"item\":\"https:\\\/\\\/www.mexicanguitarplayers.com\\\/tienda\\\/\"},{\"@type\":\"ListItem\",\"position\":3,\"name\":\"GUITARRA WASHBURN E\\\/ACUSTICA D10SCE12\"}]},{\"@type\":\"WebSite\",\"@id\":\"https:\\\/\\\/www.mexicanguitarplayers.com\\\/#website\",\"url\":\"https:\\\/\\\/www.mexicanguitarplayers.com\\\/\",\"name\":\"Mexican Guitar Players\",\"description\":\"Website\",\"publisher\":{\"@id\":\"https:\\\/\\\/www.mexicanguitarplayers.com\\\/#organization\"},\"potentialAction\":[{\"@type\":\"SearchAction\",\"target\":{\"@type\":\"EntryPoint\",\"urlTemplate\":\"https:\\\/\\\/www.mexicanguitarplayers.com\\\/?s={search_term_string}\"},\"query-input\":{\"@type\":\"PropertyValueSpecification\",\"valueRequired\":true,\"valueName\":\"search_term_string\"}}],\"inLanguage\":\"en-US\"},{\"@type\":\"Organization\",\"@id\":\"https:\\\/\\\/www.mexicanguitarplayers.com\\\/#organization\",\"name\":\"Mexican Guitar Players\",\"url\":\"https:\\\/\\\/www.mexicanguitarplayers.com\\\/\",\"logo\":{\"@type\":\"ImageObject\",\"inLanguage\":\"en-US\",\"@id\":\"https:\\\/\\\/www.mexicanguitarplayers.com\\\/#\\\/schema\\\/logo\\\/image\\\/\",\"url\":\"\",\"contentUrl\":\"\",\"caption\":\"Mexican Guitar Players\"},\"image\":{\"@id\":\"https:\\\/\\\/www.mexicanguitarplayers.com\\\/#\\\/schema\\\/logo\\\/image\\\/\"}}]}<\/script>\n<!-- \/ Yoast SEO plugin. -->","yoast_head_json":{"title":"GUITARRA WASHBURN E\/ACUSTICA  D10SCE12 - Mexican Guitar Players","description":"Guitarra dreadnought electroac\u00fastica de 12 cuerdas, serie Heritage, tapa de abeto Sitka s\u00f3lido, aros y fondo de caoba, brazo de caoba satinada con alma de 2 v\u00edas, diapas\u00f3n y puente de ovangkol, 20 trastes, incrustaciones de puntos, cejuela de graphtech nubone, escala 25 5\/16\u201d, refuerzo Cathedral Peaked Scalloped-X, roseta Heritage de Washburn, preamplificador Fishman Presys II301T con afinador, control de volumen y ecualizador (bass, mid, treble) \/ Phase, pastillas under saddle transducer, terminado al alto brillo, hardware cromado, maquinaria diecast cromada.","robots":{"index":"index","follow":"follow","max-snippet":"max-snippet:-1","max-image-preview":"max-image-preview:large","max-video-preview":"max-video-preview:-1"},"canonical":"https:\/\/www.mexicanguitarplayers.com\/en\/tienda\/sin categor\u00eda\/guitarra-washburn-e-acustica-d10sce12\/","og_locale":"en_US","og_type":"article","og_title":"GUITARRA WASHBURN E\/ACUSTICA  D10SCE12 - Mexican Guitar Players","og_description":"Guitarra dreadnought electroac\u00fastica de 12 cuerdas, serie Heritage, tapa de abeto Sitka s\u00f3lido, aros y fondo de caoba, brazo de caoba satinada con alma de 2 v\u00edas, diapas\u00f3n y puente de ovangkol, 20 trastes, incrustaciones de puntos, cejuela de graphtech nubone, escala 25 5\/16\u201d, refuerzo Cathedral Peaked Scalloped-X, roseta Heritage de Washburn, preamplificador Fishman Presys II301T con afinador, control de volumen y ecualizador (bass, mid, treble) \/ Phase, pastillas under saddle transducer, terminado al alto brillo, hardware cromado, maquinaria diecast cromada.","og_url":"https:\/\/www.mexicanguitarplayers.com\/en\/tienda\/sin categor\u00eda\/guitarra-washburn-e-acustica-d10sce12\/","og_site_name":"Mexican Guitar Players","article_modified_time":"2026-04-10T10:32:22+00:00","twitter_card":"summary_large_image","twitter_misc":{"Est. reading time":"1 minute"},"schema":{"@context":"https:\/\/schema.org","@graph":[{"@type":["WebPage","ItemPage"],"@id":"https:\/\/www.mexicanguitarplayers.com\/tienda\/sin categor\u00eda\/guitarra-washburn-e-acustica-d10sce12\/","url":"https:\/\/www.mexicanguitarplayers.com\/tienda\/sin categor\u00eda\/guitarra-washburn-e-acustica-d10sce12\/","name":"GUITARRA WASHBURN E\/ACUSTICA D10SCE12 - Mexican Guitar Players","isPartOf":{"@id":"https:\/\/www.mexicanguitarplayers.com\/#website"},"primaryImageOfPage":{"@id":"https:\/\/www.mexicanguitarplayers.com\/tienda\/sin categor\u00eda\/guitarra-washburn-e-acustica-d10sce12\/#primaryimage"},"image":{"@id":"https:\/\/www.mexicanguitarplayers.com\/tienda\/sin categor\u00eda\/guitarra-washburn-e-acustica-d10sce12\/#primaryimage"},"thumbnailUrl":"https:\/\/www.mexicanguitarplayers.com\/wp-content\/uploads\/2025\/04\/ISWASD10SCE12.jpg","datePublished":"2025-04-09T03:13:16+00:00","dateModified":"2026-04-10T10:32:22+00:00","description":"Guitarra dreadnought electroac\u00fastica de 12 cuerdas, serie Heritage, tapa de abeto Sitka s\u00f3lido, aros y fondo de caoba, brazo de caoba satinada con alma de 2 v\u00edas, diapas\u00f3n y puente de ovangkol, 20 trastes, incrustaciones de puntos, cejuela de graphtech nubone, escala 25 5\/16\u201d, refuerzo Cathedral Peaked Scalloped-X, roseta Heritage de Washburn, preamplificador Fishman Presys II301T con afinador, control de volumen y ecualizador (bass, mid, treble) \/ Phase, pastillas under saddle transducer, terminado al alto brillo, hardware cromado, maquinaria diecast cromada.","breadcrumb":{"@id":"https:\/\/www.mexicanguitarplayers.com\/tienda\/sin categor\u00eda\/guitarra-washburn-e-acustica-d10sce12\/#breadcrumb"},"inLanguage":"en-US","potentialAction":[{"@type":"ReadAction","target":["https:\/\/www.mexicanguitarplayers.com\/tienda\/sin categor\u00eda\/guitarra-washburn-e-acustica-d10sce12\/"]}]},{"@type":"ImageObject","inLanguage":"en-US","@id":"https:\/\/www.mexicanguitarplayers.com\/tienda\/sin categor\u00eda\/guitarra-washburn-e-acustica-d10sce12\/#primaryimage","url":"https:\/\/www.mexicanguitarplayers.com\/wp-content\/uploads\/2025\/04\/ISWASD10SCE12.jpg","contentUrl":"https:\/\/www.mexicanguitarplayers.com\/wp-content\/uploads\/2025\/04\/ISWASD10SCE12.jpg","width":800,"height":1600},{"@type":"BreadcrumbList","@id":"https:\/\/www.mexicanguitarplayers.com\/tienda\/sin categor\u00eda\/guitarra-washburn-e-acustica-d10sce12\/#breadcrumb","itemListElement":[{"@type":"ListItem","position":1,"name":"Portada","item":"https:\/\/www.mexicanguitarplayers.com\/"},{"@type":"ListItem","position":2,"name":"Tienda","item":"https:\/\/www.mexicanguitarplayers.com\/tienda\/"},{"@type":"ListItem","position":3,"name":"GUITARRA WASHBURN E\/ACUSTICA D10SCE12"}]},{"@type":"WebSite","@id":"https:\/\/www.mexicanguitarplayers.com\/#website","url":"https:\/\/www.mexicanguitarplayers.com\/","name":"Mexican Guitar Players","description":"Website","publisher":{"@id":"https:\/\/www.mexicanguitarplayers.com\/#organization"},"potentialAction":[{"@type":"SearchAction","target":{"@type":"EntryPoint","urlTemplate":"https:\/\/www.mexicanguitarplayers.com\/?s={search_term_string}"},"query-input":{"@type":"PropertyValueSpecification","valueRequired":true,"valueName":"search_term_string"}}],"inLanguage":"en-US"},{"@type":"Organization","@id":"https:\/\/www.mexicanguitarplayers.com\/#organization","name":"Mexican Guitar Players","url":"https:\/\/www.mexicanguitarplayers.com\/","logo":{"@type":"ImageObject","inLanguage":"en-US","@id":"https:\/\/www.mexicanguitarplayers.com\/#\/schema\/logo\/image\/","url":"","contentUrl":"","caption":"Mexican Guitar Players"},"image":{"@id":"https:\/\/www.mexicanguitarplayers.com\/#\/schema\/logo\/image\/"}}]}},"brands":[{"id":178,"name":"WASHBURN","slug":"washburn"}],"_links":{"self":[{"href":"https:\/\/www.mexicanguitarplayers.com\/en\/wp-json\/wp\/v2\/product\/33116","targetHints":{"allow":["GET"]}}],"collection":[{"href":"https:\/\/www.mexicanguitarplayers.com\/en\/wp-json\/wp\/v2\/product"}],"about":[{"href":"https:\/\/www.mexicanguitarplayers.com\/en\/wp-json\/wp\/v2\/types\/product"}],"replies":[{"embeddable":true,"href":"https:\/\/www.mexicanguitarplayers.com\/en\/wp-json\/wp\/v2\/comments?post=33116"}],"wp:featuredmedia":[{"embeddable":true,"href":"https:\/\/www.mexicanguitarplayers.com\/en\/wp-json\/wp\/v2\/media\/33111"}],"wp:attachment":[{"href":"https:\/\/www.mexicanguitarplayers.com\/en\/wp-json\/wp\/v2\/media?parent=33116"}],"wp:term":[{"taxonomy":"pwb-brand","embeddable":true,"href":"https:\/\/www.mexicanguitarplayers.com\/en\/wp-json\/wp\/v2\/pwb-brand?post=33116"},{"taxonomy":"product_brand","embeddable":true,"href":"https:\/\/www.mexicanguitarplayers.com\/en\/wp-json\/wp\/v2\/product_brand?post=33116"},{"taxonomy":"product_cat","embeddable":true,"href":"https:\/\/www.mexicanguitarplayers.com\/en\/wp-json\/wp\/v2\/product_cat?post=33116"},{"taxonomy":"product_tag","embeddable":true,"href":"https:\/\/www.mexicanguitarplayers.com\/en\/wp-json\/wp\/v2\/product_tag?post=33116"}],"curies":[{"name":"wp","href":"https:\/\/api.w.org\/{rel}","templated":true}]}}