{"id":33122,"date":"2025-04-08T21:13:23","date_gmt":"2025-04-09T03:13:23","guid":{"rendered":"https:\/\/www.mexicanguitarplayers.com\/tienda\/sin categor\u00eda\/bocina-beyma-18-mod-18lex1600fe\/"},"modified":"2026-05-01T07:23:00","modified_gmt":"2026-05-01T13:23:00","slug":"bocina-beyma-18-mod-18lex1600fe","status":"publish","type":"product","link":"https:\/\/www.mexicanguitarplayers.com\/en\/tienda\/audio\/bafles-y-bocinas\/bocinas-y-componentes\/graves\/bocina-beyma-18-mod-18lex1600fe\/","title":{"rendered":"BOCINA BEYMA  18     MOD. 18LEX1600FE"},"content":{"rendered":"<div style=\"text-align: justify\">\n<div>\n<h3>Incre\u00edble fidelidad.<\/h3>\n<\/div>\n<div>Altavoz de 18\u201d pulgadas para subwoofer, cuenta con una potencia programa de 1600 watts, exclusivo sistema de enfriamiento con tecnolog\u00eda Malt Cross, p\u00e9rdidas de compresi\u00f3n de baja potencia, alta sensibilidad: 97 dB (1W \/ 1m). circuito magn\u00e9tico cer\u00e1mico optimizado FEA,  anillo demodulador de aluminio, ruido de aire ultra bajo, comportamiento lineal optimizado, membrana NCR exclusiva (refuerzo de acoplamiento de cuello), cono resistente a la intemperie con tratamiento por ambos lados, doble ara\u00f1a de silicona, bobina m\u00f3vil de cobre de entrada \/ salida DUO de 4&#8243; pulgadas, desplazamiento extendido controlado: Xmax \u00b1 13 mm, Excursi\u00f3n pico a pico de 60 mm antes del da\u00f1o, Optimizado para aplicaciones de subwoofer de paso de banda  radiaci\u00f3n directa.<\/div>\n<div>\n<h4>Quick look<\/h4>\n<\/div>\n<ul style=\"margin: 0px 0px 0px 25px\">\n<li style=\"list-style-type: circle;margin: 5px\">Di\u00e1metro nominal.<\/li>\n<li style=\"list-style-type: circle;margin: 5px\">Nominal impedance.<\/li>\n<li style=\"list-style-type: circle;margin: 5px\">Impedancia m\u00ednima<\/li>\n<li style=\"list-style-type: circle;margin: 5px\">Power.<\/li>\n<li style=\"list-style-type: circle;margin: 5px\">Sensitivity.<\/li>\n<li style=\"list-style-type: circle;margin: 5px\">Rango de frecuencia.<\/li>\n<li style=\"list-style-type: circle;margin: 5px\">Volumen recomendado de gabinete.<\/li>\n<li style=\"list-style-type: circle;margin: 5px\">Dise\u00f1o Bass-Reflex.<\/li>\n<li style=\"list-style-type: circle;margin: 5px\">Di\u00e1metro de la bobina m\u00f3vil.<\/li>\n<li style=\"list-style-type: circle;margin: 5px\">Factor BL.<\/li>\n<li style=\"list-style-type: circle;margin: 5px\">Masa m\u00f3vil<\/li>\n<li style=\"list-style-type: circle;margin: 5px\">Longitud del bobinado.<\/li>\n<li style=\"list-style-type: circle;margin: 5px\">Altura del entrehierro.<\/li>\n<li style=\"list-style-type: circle;margin: 5px\">Da\u00f1o X (pico a pico).<\/li>\n<li style=\"list-style-type: circle;margin: 5px\">Frecuencia de resonancia, FS.<\/li>\n<li style=\"list-style-type: circle;margin: 5px\">Resistencia D.C. bobina m\u00f3vil, RE.<\/li>\n<li style=\"list-style-type: circle;margin: 5px\">Factor de calidad mec\u00e1nica, QMS.<\/li>\n<li style=\"list-style-type: circle;margin: 5px\">Factor de calidad el\u00e9ctrica, QES.<\/li>\n<li style=\"list-style-type: circle;margin: 5px\">Factor de calidad total, QTS.<\/li>\n<li style=\"list-style-type: circle;margin: 5px\">Nivel de aire equivalente a CMS, VAS.<\/li>\n<li style=\"list-style-type: circle;margin: 5px\">Cumplimiento mec\u00e1nico, CMS.<\/li>\n<li style=\"list-style-type: circle;margin: 5px\">Resistencia mec\u00e1nica, RMS.<\/li>\n<li style=\"list-style-type: circle;margin: 5px\">Eficiencia, n0.<\/li>\n<li style=\"list-style-type: circle;margin: 5px\">Nivel de superficie efectiva, SD.<\/li>\n<li style=\"list-style-type: circle;margin: 5px\">Desplazamiento m\u00e1ximo, XMAX.<\/li>\n<li style=\"list-style-type: circle;margin: 5px\">Volumen de desplazamiento, VD.<\/li>\n<li style=\"list-style-type: circle;margin: 5px\">Inductancia de la bobina m\u00f3vil, LE.<\/li>\n<li style=\"list-style-type: circle;margin: 5px\">Di\u00e1metro total.<\/li>\n<li style=\"list-style-type: circle;margin: 5px\">Di\u00e1metro del c\u00edrculo del perno.<\/li>\n<li style=\"list-style-type: circle;margin: 5px\">Di\u00e1metro del corte del bafle.<\/li>\n<li style=\"list-style-type: circle;margin: 5px\">Profundidad.<\/li>\n<li style=\"list-style-type: circle;margin: 5px\">Weight.<\/li>\n<\/ul>\n<div>\n<div style=\"font-weight: bold\">Di\u00e1metro nominal.<\/div>\n<div>\n<p>18\u201d pulgadas (460 mm).<\/p>\n<\/div>\n<div style=\"font-weight: bold\">Nominal impedance.<\/div>\n<div>\n<p>8 ohms.<\/p>\n<\/div>\n<div style=\"font-weight: bold\">Impedancia m\u00ednima<\/div>\n<div>\n<p>6.1 ohms.<\/p>\n<\/div>\n<div style=\"font-weight: bold\">Power.<\/div>\n<div>\n<p>AES: 1,6000 W. Programa: 3,200 W.<\/p>\n<\/div>\n<div style=\"font-weight: bold\">Sensitivity.<\/div>\n<div>\n<p>97 dB 1W \/ 1m @ ZN.<\/p>\n<\/div>\n<div style=\"font-weight: bold\">Rango de frecuencia.<\/div>\n<div>\n<p>35 &#8211; 1,000 Hz.<\/p>\n<\/div>\n<div style=\"font-weight: bold\">Volumen recomendado de gabinete.<\/div>\n<div>\n<p>Vb = 174 l.<\/p>\n<\/div>\n<div style=\"font-weight: bold\">Dise\u00f1o Bass-Reflex.<\/div>\n<div>\n<p>Fb = 37 Hz.<\/p>\n<\/div>\n<div style=\"font-weight: bold\">Di\u00e1metro de la bobina m\u00f3vil.<\/div>\n<div>\n<p>4\u201d pulgadas (101.6 mm).<\/p>\n<\/div>\n<div style=\"font-weight: bold\">Factor BL.<\/div>\n<div>\n<p>26.9 N\/A.<\/p>\n<\/div>\n<div style=\"font-weight: bold\">Masa m\u00f3vil<\/div>\n<div>\n<p>0.252kg.<\/p>\n<\/div>\n<div style=\"font-weight: bold\">Longitud del bobinado.<\/div>\n<div>\n<p>32 mm.<\/p>\n<\/div>\n<div style=\"font-weight: bold\">Altura del entrehierro.<\/div>\n<div>\n<p>15 mm.<\/p>\n<\/div>\n<div style=\"font-weight: bold\">Da\u00f1o X (pico a pico).<\/div>\n<div>\n<p>60 mm.<\/p>\n<\/div>\n<div style=\"font-weight: bold\">Frecuencia de resonancia, FS.<\/div>\n<div>\n<p>34 Hz.<\/p>\n<\/div>\n<div style=\"font-weight: bold\">Resistencia D.C. bobina m\u00f3vil, RE.<\/div>\n<div>\n<p>5.3 ohms.<\/p>\n<\/div>\n<div style=\"font-weight: bold\">Factor de calidad mec\u00e1nica, QMS.<\/div>\n<div>\n<p>7.4.<\/p>\n<\/div>\n<div style=\"font-weight: bold\">Factor de calidad el\u00e9ctrica, QES.<\/div>\n<div>\n<p>0.40.<\/p>\n<\/div>\n<div style=\"font-weight: bold\">Factor de calidad total, QTS.<\/div>\n<div>\n<p>0.38.<\/p>\n<\/div>\n<div style=\"font-weight: bold\">Nivel de aire equivalente a CMS, VAS.<\/div>\n<div>\n<p>188 l.<\/p>\n<\/div>\n<div style=\"font-weight: bold\">Cumplimiento mec\u00e1nico, CMS.<\/div>\n<div>\n<p>85 \u00b5m \/ N.<\/p>\n<\/div>\n<div style=\"font-weight: bold\">Resistencia mec\u00e1nica, RMS.<\/div>\n<div>\n<p>7.4 kg \/ s.<\/p>\n<\/div>\n<div style=\"font-weight: bold\">Eficiencia, n0.<\/div>\n<div>\n<p>1.9 %.<\/p>\n<\/div>\n<div style=\"font-weight: bold\">Nivel de superficie efectiva, SD.<\/div>\n<div>\n<p>0.1255 m2.<\/p>\n<\/div>\n<div style=\"font-weight: bold\">Desplazamiento m\u00e1ximo, XMAX.<\/div>\n<div>\n<p>13 mm.<\/p>\n<\/div>\n<div style=\"font-weight: bold\">Volumen de desplazamiento, VD.<\/div>\n<div>\n<p>1631 cm3.<\/p>\n<\/div>\n<div style=\"font-weight: bold\">Inductancia de la bobina m\u00f3vil, LE.<\/div>\n<div>\n<p>1.7 mH.<\/p>\n<\/div>\n<div style=\"font-weight: bold\">Di\u00e1metro total.<\/div>\n<div>\n<p>18.2\u201d pulgadas (462 mm).<\/p>\n<\/div>\n<div style=\"font-weight: bold\">Di\u00e1metro del c\u00edrculo del perno.<\/div>\n<div>\n<p>17.4\u201d pulgadas (441 mm).<\/p>\n<\/div>\n<div style=\"font-weight: bold\">Di\u00e1metro del corte del bafle.<\/div>\n<div>\n<p>Montaje frontal: 16.8\u201d pulgadas (426 mm).<\/p>\n<\/div>\n<div style=\"font-weight: bold\">Profundidad.<\/div>\n<div>\n<p>9.2&#8243; pulgadas (233 mm).<\/p>\n<\/div>\n<div style=\"font-weight: bold\">Weight.<\/div>\n<div>\n<p>14.6 kg.<\/p>\n<\/div>\n<\/div>\n<\/div>","protected":false},"excerpt":{"rendered":"<p>Altavoz de 18\u201d pulgadas para subwoofer, impedancia: 8 ohms, potencia AES: 1600 watts, potencia programa: 3200 watts, sensibilidad: 97 dB, rango de frecuencia: 35 &#8211; 1,000 Hz, peso: 14.6 kg, im\u00e1n: ferrita, exclusivo sistema de enfriamiento con tecnolog\u00eda Malt Cross, p\u00e9rdidas de compresi\u00f3n de baja potencia, circuito magn\u00e9tico cer\u00e1mico optimizado FEA, anillo demodulador de aluminio, ruido de aire ultra bajo, comportamiento lineal optimizado, membrana NCR exclusiva (refuerzo de acoplamiento de cuello), cono resistente a la intemperie con tratamiento por ambos lados, doble ara\u00f1a de silicona, bobina m\u00f3vil de cobre de entrada \/ salida DUO de 4\u201d pulgadas, desplazamiento extendido controlado: Xmax \u00b1 13 mm, Excursi\u00f3n pico a pico de 60 mm antes del da\u00f1o, Optimizado para aplicaciones de subwoofer de paso de banda  radiaci\u00f3n directa.&hellip; <a class=\"kt-excerpt-readmore more-link\" href=\"https:\/\/www.mexicanguitarplayers.com\/en\/tienda\/audio\/bafles-y-bocinas\/bocinas-y-componentes\/graves\/bocina-beyma-18-mod-18lex1600fe\/\">Read more<\/a><\/p>","protected":false},"featured_media":33120,"comment_status":"open","ping_status":"closed","template":"","meta":{"kt_blocks_editor_width":""},"pwb-brand":[477],"product_brand":[],"product_cat":[213,221,474,529],"product_tag":[],"class_list":{"0":"post-33122","1":"product","2":"type-product","3":"status-publish","4":"has-post-thumbnail","6":"pwb-brand-beyma","7":"product_cat-audio","8":"product_cat-bafles-y-bocinas","9":"product_cat-bocinas-y-componentes","10":"product_cat-graves","11":"product_shipping_class-10-15-kg","13":"first","14":"instock","15":"taxable","16":"shipping-taxable","17":"purchasable","18":"product-type-simple"},"yoast_head":"<!-- This site is optimized with the Yoast SEO plugin v27.5 - https:\/\/yoast.com\/product\/yoast-seo-wordpress\/ -->\n<title>BOCINA BEYMA 18   MOD. 18LEX1600FE - Mexican Guitar Players<\/title>\n<meta name=\"description\" content=\"Altavoz de 18\u201d pulgadas para subwoofer, impedancia: 8 ohms, potencia AES: 1600 watts, potencia programa: 3200 watts, sensibilidad: 97 dB, rango de frecuencia: 35 - 1,000 Hz, peso: 14.6 kg, im\u00e1n: ferrita, exclusivo sistema de enfriamiento con tecnolog\u00eda Malt Cross, p\u00e9rdidas de compresi\u00f3n de baja potencia, circuito magn\u00e9tico cer\u00e1mico optimizado FEA, anillo demodulador de aluminio, ruido de aire ultra bajo, comportamiento lineal optimizado, membrana NCR exclusiva (refuerzo de acoplamiento de cuello), cono resistente a la intemperie con tratamiento por ambos lados, doble ara\u00f1a de silicona, bobina m\u00f3vil de cobre de entrada \/ salida DUO de 4\u201d pulgadas, desplazamiento extendido controlado: Xmax \u00b1 13 mm, Excursi\u00f3n pico a pico de 60 mm antes del da\u00f1o, Optimizado para aplicaciones de subwoofer de paso de banda radiaci\u00f3n directa.\" \/>\n<meta name=\"robots\" content=\"index, follow, max-snippet:-1, max-image-preview:large, max-video-preview:-1\" \/>\n<link rel=\"canonical\" href=\"https:\/\/www.mexicanguitarplayers.com\/en\/tienda\/sin%20categor\u00eda\/bocina-beyma-18-mod-18lex1600fe\/\" \/>\n<meta property=\"og:locale\" content=\"en_US\" \/>\n<meta property=\"og:type\" content=\"article\" \/>\n<meta property=\"og:title\" content=\"BOCINA BEYMA 18   MOD. 18LEX1600FE - Mexican Guitar Players\" \/>\n<meta property=\"og:description\" content=\"Altavoz de 18\u201d pulgadas para subwoofer, impedancia: 8 ohms, potencia AES: 1600 watts, potencia programa: 3200 watts, sensibilidad: 97 dB, rango de frecuencia: 35 - 1,000 Hz, peso: 14.6 kg, im\u00e1n: ferrita, exclusivo sistema de enfriamiento con tecnolog\u00eda Malt Cross, p\u00e9rdidas de compresi\u00f3n de baja potencia, circuito magn\u00e9tico cer\u00e1mico optimizado FEA, anillo demodulador de aluminio, ruido de aire ultra bajo, comportamiento lineal optimizado, membrana NCR exclusiva (refuerzo de acoplamiento de cuello), cono resistente a la intemperie con tratamiento por ambos lados, doble ara\u00f1a de silicona, bobina m\u00f3vil de cobre de entrada \/ salida DUO de 4\u201d pulgadas, desplazamiento extendido controlado: Xmax \u00b1 13 mm, Excursi\u00f3n pico a pico de 60 mm antes del da\u00f1o, Optimizado para aplicaciones de subwoofer de paso de banda radiaci\u00f3n directa.\" \/>\n<meta property=\"og:url\" content=\"https:\/\/www.mexicanguitarplayers.com\/en\/tienda\/sin categor\u00eda\/bocina-beyma-18-mod-18lex1600fe\/\" \/>\n<meta property=\"og:site_name\" content=\"Mexican Guitar Players\" \/>\n<meta property=\"article:modified_time\" content=\"2026-05-01T13:23:00+00:00\" \/>\n<meta name=\"twitter:card\" content=\"summary_large_image\" \/>\n<meta name=\"twitter:label1\" content=\"Est. reading time\" \/>\n\t<meta name=\"twitter:data1\" content=\"2 minutes\" \/>\n<script type=\"application\/ld+json\" class=\"yoast-schema-graph\">{\"@context\":\"https:\\\/\\\/schema.org\",\"@graph\":[{\"@type\":[\"WebPage\",\"ItemPage\"],\"@id\":\"https:\\\/\\\/www.mexicanguitarplayers.com\\\/tienda\\\/sin categor\u00eda\\\/bocina-beyma-18-mod-18lex1600fe\\\/\",\"url\":\"https:\\\/\\\/www.mexicanguitarplayers.com\\\/tienda\\\/sin categor\u00eda\\\/bocina-beyma-18-mod-18lex1600fe\\\/\",\"name\":\"BOCINA BEYMA 18 MOD. 18LEX1600FE - Mexican Guitar Players\",\"isPartOf\":{\"@id\":\"https:\\\/\\\/www.mexicanguitarplayers.com\\\/#website\"},\"primaryImageOfPage\":{\"@id\":\"https:\\\/\\\/www.mexicanguitarplayers.com\\\/tienda\\\/sin categor\u00eda\\\/bocina-beyma-18-mod-18lex1600fe\\\/#primaryimage\"},\"image\":{\"@id\":\"https:\\\/\\\/www.mexicanguitarplayers.com\\\/tienda\\\/sin categor\u00eda\\\/bocina-beyma-18-mod-18lex1600fe\\\/#primaryimage\"},\"thumbnailUrl\":\"https:\\\/\\\/www.mexicanguitarplayers.com\\\/wp-content\\\/uploads\\\/2025\\\/04\\\/IABEY18LEX1600.jpg\",\"datePublished\":\"2025-04-09T03:13:23+00:00\",\"dateModified\":\"2026-05-01T13:23:00+00:00\",\"description\":\"Altavoz de 18\u201d pulgadas para subwoofer, impedancia: 8 ohms, potencia AES: 1600 watts, potencia programa: 3200 watts, sensibilidad: 97 dB, rango de frecuencia: 35 - 1,000 Hz, peso: 14.6 kg, im\u00e1n: ferrita, exclusivo sistema de enfriamiento con tecnolog\u00eda Malt Cross, p\u00e9rdidas de compresi\u00f3n de baja potencia, circuito magn\u00e9tico cer\u00e1mico optimizado FEA, anillo demodulador de aluminio, ruido de aire ultra bajo, comportamiento lineal optimizado, membrana NCR exclusiva (refuerzo de acoplamiento de cuello), cono resistente a la intemperie con tratamiento por ambos lados, doble ara\u00f1a de silicona, bobina m\u00f3vil de cobre de entrada \\\/ salida DUO de 4\u201d pulgadas, desplazamiento extendido controlado: Xmax \u00b1 13 mm, Excursi\u00f3n pico a pico de 60 mm antes del da\u00f1o, Optimizado para aplicaciones de subwoofer de paso de banda radiaci\u00f3n directa.\",\"breadcrumb\":{\"@id\":\"https:\\\/\\\/www.mexicanguitarplayers.com\\\/tienda\\\/sin categor\u00eda\\\/bocina-beyma-18-mod-18lex1600fe\\\/#breadcrumb\"},\"inLanguage\":\"en-US\",\"potentialAction\":[{\"@type\":\"ReadAction\",\"target\":[\"https:\\\/\\\/www.mexicanguitarplayers.com\\\/tienda\\\/sin categor\u00eda\\\/bocina-beyma-18-mod-18lex1600fe\\\/\"]}]},{\"@type\":\"ImageObject\",\"inLanguage\":\"en-US\",\"@id\":\"https:\\\/\\\/www.mexicanguitarplayers.com\\\/tienda\\\/sin categor\u00eda\\\/bocina-beyma-18-mod-18lex1600fe\\\/#primaryimage\",\"url\":\"https:\\\/\\\/www.mexicanguitarplayers.com\\\/wp-content\\\/uploads\\\/2025\\\/04\\\/IABEY18LEX1600.jpg\",\"contentUrl\":\"https:\\\/\\\/www.mexicanguitarplayers.com\\\/wp-content\\\/uploads\\\/2025\\\/04\\\/IABEY18LEX1600.jpg\",\"width\":1200,\"height\":1200},{\"@type\":\"BreadcrumbList\",\"@id\":\"https:\\\/\\\/www.mexicanguitarplayers.com\\\/tienda\\\/sin categor\u00eda\\\/bocina-beyma-18-mod-18lex1600fe\\\/#breadcrumb\",\"itemListElement\":[{\"@type\":\"ListItem\",\"position\":1,\"name\":\"Portada\",\"item\":\"https:\\\/\\\/www.mexicanguitarplayers.com\\\/\"},{\"@type\":\"ListItem\",\"position\":2,\"name\":\"Tienda\",\"item\":\"https:\\\/\\\/www.mexicanguitarplayers.com\\\/tienda\\\/\"},{\"@type\":\"ListItem\",\"position\":3,\"name\":\"BOCINA BEYMA 18 MOD. 18LEX1600FE\"}]},{\"@type\":\"WebSite\",\"@id\":\"https:\\\/\\\/www.mexicanguitarplayers.com\\\/#website\",\"url\":\"https:\\\/\\\/www.mexicanguitarplayers.com\\\/\",\"name\":\"Mexican Guitar Players\",\"description\":\"Website\",\"publisher\":{\"@id\":\"https:\\\/\\\/www.mexicanguitarplayers.com\\\/#organization\"},\"potentialAction\":[{\"@type\":\"SearchAction\",\"target\":{\"@type\":\"EntryPoint\",\"urlTemplate\":\"https:\\\/\\\/www.mexicanguitarplayers.com\\\/?s={search_term_string}\"},\"query-input\":{\"@type\":\"PropertyValueSpecification\",\"valueRequired\":true,\"valueName\":\"search_term_string\"}}],\"inLanguage\":\"en-US\"},{\"@type\":\"Organization\",\"@id\":\"https:\\\/\\\/www.mexicanguitarplayers.com\\\/#organization\",\"name\":\"Mexican Guitar Players\",\"url\":\"https:\\\/\\\/www.mexicanguitarplayers.com\\\/\",\"logo\":{\"@type\":\"ImageObject\",\"inLanguage\":\"en-US\",\"@id\":\"https:\\\/\\\/www.mexicanguitarplayers.com\\\/#\\\/schema\\\/logo\\\/image\\\/\",\"url\":\"\",\"contentUrl\":\"\",\"caption\":\"Mexican Guitar Players\"},\"image\":{\"@id\":\"https:\\\/\\\/www.mexicanguitarplayers.com\\\/#\\\/schema\\\/logo\\\/image\\\/\"}}]}<\/script>\n<!-- \/ Yoast SEO plugin. -->","yoast_head_json":{"title":"BOCINA BEYMA 18   MOD. 18LEX1600FE - Mexican Guitar Players","description":"Altavoz de 18\u201d pulgadas para subwoofer, impedancia: 8 ohms, potencia AES: 1600 watts, potencia programa: 3200 watts, sensibilidad: 97 dB, rango de frecuencia: 35 - 1,000 Hz, peso: 14.6 kg, im\u00e1n: ferrita, exclusivo sistema de enfriamiento con tecnolog\u00eda Malt Cross, p\u00e9rdidas de compresi\u00f3n de baja potencia, circuito magn\u00e9tico cer\u00e1mico optimizado FEA, anillo demodulador de aluminio, ruido de aire ultra bajo, comportamiento lineal optimizado, membrana NCR exclusiva (refuerzo de acoplamiento de cuello), cono resistente a la intemperie con tratamiento por ambos lados, doble ara\u00f1a de silicona, bobina m\u00f3vil de cobre de entrada \/ salida DUO de 4\u201d pulgadas, desplazamiento extendido controlado: Xmax \u00b1 13 mm, Excursi\u00f3n pico a pico de 60 mm antes del da\u00f1o, Optimizado para aplicaciones de subwoofer de paso de banda radiaci\u00f3n directa.","robots":{"index":"index","follow":"follow","max-snippet":"max-snippet:-1","max-image-preview":"max-image-preview:large","max-video-preview":"max-video-preview:-1"},"canonical":"https:\/\/www.mexicanguitarplayers.com\/en\/tienda\/sin categor\u00eda\/bocina-beyma-18-mod-18lex1600fe\/","og_locale":"en_US","og_type":"article","og_title":"BOCINA BEYMA 18   MOD. 18LEX1600FE - Mexican Guitar Players","og_description":"Altavoz de 18\u201d pulgadas para subwoofer, impedancia: 8 ohms, potencia AES: 1600 watts, potencia programa: 3200 watts, sensibilidad: 97 dB, rango de frecuencia: 35 - 1,000 Hz, peso: 14.6 kg, im\u00e1n: ferrita, exclusivo sistema de enfriamiento con tecnolog\u00eda Malt Cross, p\u00e9rdidas de compresi\u00f3n de baja potencia, circuito magn\u00e9tico cer\u00e1mico optimizado FEA, anillo demodulador de aluminio, ruido de aire ultra bajo, comportamiento lineal optimizado, membrana NCR exclusiva (refuerzo de acoplamiento de cuello), cono resistente a la intemperie con tratamiento por ambos lados, doble ara\u00f1a de silicona, bobina m\u00f3vil de cobre de entrada \/ salida DUO de 4\u201d pulgadas, desplazamiento extendido controlado: Xmax \u00b1 13 mm, Excursi\u00f3n pico a pico de 60 mm antes del da\u00f1o, Optimizado para aplicaciones de subwoofer de paso de banda radiaci\u00f3n directa.","og_url":"https:\/\/www.mexicanguitarplayers.com\/en\/tienda\/sin categor\u00eda\/bocina-beyma-18-mod-18lex1600fe\/","og_site_name":"Mexican Guitar Players","article_modified_time":"2026-05-01T13:23:00+00:00","twitter_card":"summary_large_image","twitter_misc":{"Est. reading time":"2 minutes"},"schema":{"@context":"https:\/\/schema.org","@graph":[{"@type":["WebPage","ItemPage"],"@id":"https:\/\/www.mexicanguitarplayers.com\/tienda\/sin categor\u00eda\/bocina-beyma-18-mod-18lex1600fe\/","url":"https:\/\/www.mexicanguitarplayers.com\/tienda\/sin categor\u00eda\/bocina-beyma-18-mod-18lex1600fe\/","name":"BOCINA BEYMA 18 MOD. 18LEX1600FE - Mexican Guitar Players","isPartOf":{"@id":"https:\/\/www.mexicanguitarplayers.com\/#website"},"primaryImageOfPage":{"@id":"https:\/\/www.mexicanguitarplayers.com\/tienda\/sin categor\u00eda\/bocina-beyma-18-mod-18lex1600fe\/#primaryimage"},"image":{"@id":"https:\/\/www.mexicanguitarplayers.com\/tienda\/sin categor\u00eda\/bocina-beyma-18-mod-18lex1600fe\/#primaryimage"},"thumbnailUrl":"https:\/\/www.mexicanguitarplayers.com\/wp-content\/uploads\/2025\/04\/IABEY18LEX1600.jpg","datePublished":"2025-04-09T03:13:23+00:00","dateModified":"2026-05-01T13:23:00+00:00","description":"Altavoz de 18\u201d pulgadas para subwoofer, impedancia: 8 ohms, potencia AES: 1600 watts, potencia programa: 3200 watts, sensibilidad: 97 dB, rango de frecuencia: 35 - 1,000 Hz, peso: 14.6 kg, im\u00e1n: ferrita, exclusivo sistema de enfriamiento con tecnolog\u00eda Malt Cross, p\u00e9rdidas de compresi\u00f3n de baja potencia, circuito magn\u00e9tico cer\u00e1mico optimizado FEA, anillo demodulador de aluminio, ruido de aire ultra bajo, comportamiento lineal optimizado, membrana NCR exclusiva (refuerzo de acoplamiento de cuello), cono resistente a la intemperie con tratamiento por ambos lados, doble ara\u00f1a de silicona, bobina m\u00f3vil de cobre de entrada \/ salida DUO de 4\u201d pulgadas, desplazamiento extendido controlado: Xmax \u00b1 13 mm, Excursi\u00f3n pico a pico de 60 mm antes del da\u00f1o, Optimizado para aplicaciones de subwoofer de paso de banda radiaci\u00f3n directa.","breadcrumb":{"@id":"https:\/\/www.mexicanguitarplayers.com\/tienda\/sin categor\u00eda\/bocina-beyma-18-mod-18lex1600fe\/#breadcrumb"},"inLanguage":"en-US","potentialAction":[{"@type":"ReadAction","target":["https:\/\/www.mexicanguitarplayers.com\/tienda\/sin categor\u00eda\/bocina-beyma-18-mod-18lex1600fe\/"]}]},{"@type":"ImageObject","inLanguage":"en-US","@id":"https:\/\/www.mexicanguitarplayers.com\/tienda\/sin categor\u00eda\/bocina-beyma-18-mod-18lex1600fe\/#primaryimage","url":"https:\/\/www.mexicanguitarplayers.com\/wp-content\/uploads\/2025\/04\/IABEY18LEX1600.jpg","contentUrl":"https:\/\/www.mexicanguitarplayers.com\/wp-content\/uploads\/2025\/04\/IABEY18LEX1600.jpg","width":1200,"height":1200},{"@type":"BreadcrumbList","@id":"https:\/\/www.mexicanguitarplayers.com\/tienda\/sin categor\u00eda\/bocina-beyma-18-mod-18lex1600fe\/#breadcrumb","itemListElement":[{"@type":"ListItem","position":1,"name":"Portada","item":"https:\/\/www.mexicanguitarplayers.com\/"},{"@type":"ListItem","position":2,"name":"Tienda","item":"https:\/\/www.mexicanguitarplayers.com\/tienda\/"},{"@type":"ListItem","position":3,"name":"BOCINA BEYMA 18 MOD. 18LEX1600FE"}]},{"@type":"WebSite","@id":"https:\/\/www.mexicanguitarplayers.com\/#website","url":"https:\/\/www.mexicanguitarplayers.com\/","name":"Mexican Guitar Players","description":"Website","publisher":{"@id":"https:\/\/www.mexicanguitarplayers.com\/#organization"},"potentialAction":[{"@type":"SearchAction","target":{"@type":"EntryPoint","urlTemplate":"https:\/\/www.mexicanguitarplayers.com\/?s={search_term_string}"},"query-input":{"@type":"PropertyValueSpecification","valueRequired":true,"valueName":"search_term_string"}}],"inLanguage":"en-US"},{"@type":"Organization","@id":"https:\/\/www.mexicanguitarplayers.com\/#organization","name":"Mexican Guitar Players","url":"https:\/\/www.mexicanguitarplayers.com\/","logo":{"@type":"ImageObject","inLanguage":"en-US","@id":"https:\/\/www.mexicanguitarplayers.com\/#\/schema\/logo\/image\/","url":"","contentUrl":"","caption":"Mexican Guitar Players"},"image":{"@id":"https:\/\/www.mexicanguitarplayers.com\/#\/schema\/logo\/image\/"}}]}},"brands":[{"id":477,"name":"BEYMA","slug":"beyma"}],"_links":{"self":[{"href":"https:\/\/www.mexicanguitarplayers.com\/en\/wp-json\/wp\/v2\/product\/33122","targetHints":{"allow":["GET"]}}],"collection":[{"href":"https:\/\/www.mexicanguitarplayers.com\/en\/wp-json\/wp\/v2\/product"}],"about":[{"href":"https:\/\/www.mexicanguitarplayers.com\/en\/wp-json\/wp\/v2\/types\/product"}],"replies":[{"embeddable":true,"href":"https:\/\/www.mexicanguitarplayers.com\/en\/wp-json\/wp\/v2\/comments?post=33122"}],"wp:featuredmedia":[{"embeddable":true,"href":"https:\/\/www.mexicanguitarplayers.com\/en\/wp-json\/wp\/v2\/media\/33120"}],"wp:attachment":[{"href":"https:\/\/www.mexicanguitarplayers.com\/en\/wp-json\/wp\/v2\/media?parent=33122"}],"wp:term":[{"taxonomy":"pwb-brand","embeddable":true,"href":"https:\/\/www.mexicanguitarplayers.com\/en\/wp-json\/wp\/v2\/pwb-brand?post=33122"},{"taxonomy":"product_brand","embeddable":true,"href":"https:\/\/www.mexicanguitarplayers.com\/en\/wp-json\/wp\/v2\/product_brand?post=33122"},{"taxonomy":"product_cat","embeddable":true,"href":"https:\/\/www.mexicanguitarplayers.com\/en\/wp-json\/wp\/v2\/product_cat?post=33122"},{"taxonomy":"product_tag","embeddable":true,"href":"https:\/\/www.mexicanguitarplayers.com\/en\/wp-json\/wp\/v2\/product_tag?post=33122"}],"curies":[{"name":"wp","href":"https:\/\/api.w.org\/{rel}","templated":true}]}}