{"id":33124,"date":"2025-04-08T21:13:26","date_gmt":"2025-04-09T03:13:26","guid":{"rendered":"https:\/\/www.mexicanguitarplayers.com\/tienda\/sin categor\u00eda\/driver-beyma-mod-wl-3fe-lineales\/"},"modified":"2025-07-01T04:23:57","modified_gmt":"2025-07-01T10:23:57","slug":"driver-beyma-mod-wl-3fe-lineales","status":"publish","type":"product","link":"https:\/\/www.mexicanguitarplayers.com\/en\/tienda\/audio\/bafles-y-bocinas\/bocinas-y-componentes\/agudos\/driver-beyma-mod-wl-3fe-lineales\/","title":{"rendered":"DRIVER BEYMA      MOD. WL-3FE (LINEALES)"},"content":{"rendered":"<div style=\"text-align: justify\">\n<div>\n<h3>Excelente para aplicaciones de arreglo lineal.<\/h3>\n<\/div>\n<div>Driver Beyma con bobina m\u00f3vil de 1.75&#8243; pulgadas (44.4 mm), mejora de movimiento de acoplamiento mec\u00e1nico para excelente capacidad de manejo de potencia, diafragma de pol\u00edmero PM-4, potencia AES de 70 watts por encima de los 1.2 kHz y programa de 140 watts por encima de los 1.2 kHz, sensibilidad de 104 dB con acoplamiento de 90\u00ba x 5\u00ba.<\/div>\n<div>\n<h4>Quick look<\/h4>\n<\/div>\n<ul style=\"margin: 0px 0px 0px 25px\">\n<li style=\"list-style-type: circle;margin: 5px\">Di\u00e1metro de la garganta.<\/li>\n<li style=\"list-style-type: circle;margin: 5px\">Nominal impedance.<\/li>\n<li style=\"list-style-type: circle;margin: 5px\">Impedancia m\u00ednima.<\/li>\n<li style=\"list-style-type: circle;margin: 5px\">Resistencia.<\/li>\n<li style=\"list-style-type: circle;margin: 5px\">Power.<\/li>\n<li style=\"list-style-type: circle;margin: 5px\">Sensitivity.<\/li>\n<li style=\"list-style-type: circle;margin: 5px\">Rango de frecuencias.<\/li>\n<li style=\"list-style-type: circle;margin: 5px\">Frecuencia recomendada de crossover.<\/li>\n<li style=\"list-style-type: circle;margin: 5px\">Di\u00e1metro de la bobina m\u00f3vil.<\/li>\n<li style=\"list-style-type: circle;margin: 5px\">Densidad de flujo.<\/li>\n<li style=\"list-style-type: circle;margin: 5px\">Factor BL.<\/li>\n<li style=\"list-style-type: circle;margin: 5px\">Material de la membrana.<\/li>\n<li style=\"list-style-type: circle;margin: 5px\">Weight.<\/li>\n<li style=\"list-style-type: circle;margin: 5px\">Di\u00e1metro externo.<\/li>\n<li style=\"list-style-type: circle;margin: 5px\">Profundidad.<\/li>\n<li style=\"list-style-type: circle;margin: 5px\">Montaje.<\/li>\n<li style=\"list-style-type: circle;margin: 5px\">Im\u00e1n.<\/li>\n<li style=\"list-style-type: circle;margin: 5px\">Tecnolog\u00edas.<\/li>\n<\/ul>\n<div>\n<div style=\"font-weight: bold\">Di\u00e1metro de la garganta.<\/div>\n<div>\n<p>0.8\u201d pulgadas (20.5 mm).<\/p>\n<\/div>\n<div style=\"font-weight: bold\">Nominal impedance.<\/div>\n<div>\n<p>8 ohms.<\/p>\n<\/div>\n<div style=\"font-weight: bold\">Impedancia m\u00ednima.<\/div>\n<div>\n<p>5.1 ohms @ 3.4 kHz.<\/p>\n<\/div>\n<div style=\"font-weight: bold\">Resistencia.<\/div>\n<div>\n<p>4.3 ohms.<\/p>\n<\/div>\n<div style=\"font-weight: bold\">Power.<\/div>\n<div>\n<p>AES: 70 watts por encima de los 1.8 kHz. Programa: 140 watts por encima de los 1.8 kHz.<\/p>\n<\/div>\n<div style=\"font-weight: bold\">Sensitivity.<\/div>\n<div>\n<p>102 dB (1W\/1m @ ZN acoplado a bocina 90\u00b0 x 5\u00b0).<\/p>\n<\/div>\n<div style=\"font-weight: bold\">Rango de frecuencias.<\/div>\n<div>\n<p>1,000 &#8211; 18,000 Hz.<\/p>\n<\/div>\n<div style=\"font-weight: bold\">Frecuencia recomendada de crossover.<\/div>\n<div>\n<p>1.8 kHz o superior (12 dB\/oct pendiente m\u00ednima).<\/p>\n<\/div>\n<div style=\"font-weight: bold\">Di\u00e1metro de la bobina m\u00f3vil.<\/div>\n<div>\n<p>1.75\u201d pulgadas (44.3 mm).<\/p>\n<\/div>\n<div style=\"font-weight: bold\">Densidad de flujo.<\/div>\n<div>\n<p>1.6 T.<\/p>\n<\/div>\n<div style=\"font-weight: bold\">Factor BL.<\/div>\n<div>\n<p>4.8 N\/A.<\/p>\n<\/div>\n<div style=\"font-weight: bold\">Material de la membrana.<\/div>\n<div>\n<p>PM4.<\/p>\n<\/div>\n<div style=\"font-weight: bold\">Weight.<\/div>\n<div>\n<p>1.8 kg.<\/p>\n<\/div>\n<div style=\"font-weight: bold\">Di\u00e1metro externo.<\/div>\n<div>\n<p>4.5\u201d pulgadas (115 mm).<\/p>\n<\/div>\n<div style=\"font-weight: bold\">Profundidad.<\/div>\n<div>\n<p>5.91\u201d pulgadas (150 mm).<\/p>\n<\/div>\n<div style=\"font-weight: bold\">Montaje.<\/div>\n<div>\n<p>4 agujeros de 6 mm de di\u00e1metro.<\/p>\n<\/div>\n<div style=\"font-weight: bold\">Im\u00e1n.<\/div>\n<div>\n<p>Ferrita.<\/p>\n<\/div>\n<div style=\"font-weight: bold\">Tecnolog\u00edas.<\/div>\n<div>\n<p>PM4.<\/p>\n<\/div>\n<\/div>\n<\/div>","protected":false},"excerpt":{"rendered":"<p>Driver para lineales, garganta de 0.8\u201d pulgadas, bobina m\u00f3vil de 1.75\u201d pulgadas (44.4 mm), mejora de movimiento de acoplamiento mec\u00e1nico para excelente capacidad de manejo de potencia, diafragma de pol\u00edmero PM-4, potencia AES: 70 watts, programa: 140 watts, sensibilidad: 102 dB, acoplamiento de 90\u00ba x 5\u00ba, excelente para aplicaciones de arreglo lineal, peso: 1.7 kg, im\u00e1n de ferrita.&hellip; <a class=\"kt-excerpt-readmore more-link\" href=\"https:\/\/www.mexicanguitarplayers.com\/en\/tienda\/audio\/bafles-y-bocinas\/bocinas-y-componentes\/agudos\/driver-beyma-mod-wl-3fe-lineales\/\">Read more<\/a><\/p>","protected":false},"featured_media":33123,"comment_status":"open","ping_status":"closed","template":"","meta":{"kt_blocks_editor_width":""},"pwb-brand":[477],"product_brand":[],"product_cat":[530,213,221,474],"product_tag":[],"class_list":{"0":"post-33124","1":"product","2":"type-product","3":"status-publish","4":"has-post-thumbnail","6":"pwb-brand-beyma","7":"product_cat-agudos","8":"product_cat-audio","9":"product_cat-bafles-y-bocinas","10":"product_cat-bocinas-y-componentes","11":"product_shipping_class-0-5-kg","13":"first","14":"outofstock","15":"taxable","16":"shipping-taxable","17":"purchasable","18":"product-type-simple"},"yoast_head":"<!-- This site is optimized with the Yoast SEO plugin v27.3 - https:\/\/yoast.com\/product\/yoast-seo-wordpress\/ -->\n<title>DRIVER BEYMA   MOD. WL-3FE (LINEALES) - Mexican Guitar Players<\/title>\n<meta name=\"description\" content=\"Driver para lineales, garganta de 0.8\u201d pulgadas, bobina m\u00f3vil de 1.75\u201d pulgadas (44.4 mm), mejora de movimiento de acoplamiento mec\u00e1nico para excelente capacidad de manejo de potencia, diafragma de pol\u00edmero PM-4, potencia AES: 70 watts, programa: 140 watts, sensibilidad: 102 dB, acoplamiento de 90\u00ba x 5\u00ba, excelente para aplicaciones de arreglo lineal, peso: 1.7 kg, im\u00e1n de ferrita.\" \/>\n<meta name=\"robots\" content=\"index, follow, max-snippet:-1, max-image-preview:large, max-video-preview:-1\" \/>\n<link rel=\"canonical\" href=\"https:\/\/www.mexicanguitarplayers.com\/en\/tienda\/sin%20categor\u00eda\/driver-beyma-mod-wl-3fe-lineales\/\" \/>\n<meta property=\"og:locale\" content=\"en_US\" \/>\n<meta property=\"og:type\" content=\"article\" \/>\n<meta property=\"og:title\" content=\"DRIVER BEYMA   MOD. WL-3FE (LINEALES) - Mexican Guitar Players\" \/>\n<meta property=\"og:description\" content=\"Driver para lineales, garganta de 0.8\u201d pulgadas, bobina m\u00f3vil de 1.75\u201d pulgadas (44.4 mm), mejora de movimiento de acoplamiento mec\u00e1nico para excelente capacidad de manejo de potencia, diafragma de pol\u00edmero PM-4, potencia AES: 70 watts, programa: 140 watts, sensibilidad: 102 dB, acoplamiento de 90\u00ba x 5\u00ba, excelente para aplicaciones de arreglo lineal, peso: 1.7 kg, im\u00e1n de ferrita.\" \/>\n<meta property=\"og:url\" content=\"https:\/\/www.mexicanguitarplayers.com\/en\/tienda\/sin categor\u00eda\/driver-beyma-mod-wl-3fe-lineales\/\" \/>\n<meta property=\"og:site_name\" content=\"Mexican Guitar Players\" \/>\n<meta property=\"article:modified_time\" content=\"2025-07-01T10:23:57+00:00\" \/>\n<meta name=\"twitter:card\" content=\"summary_large_image\" \/>\n<meta name=\"twitter:label1\" content=\"Est. reading time\" \/>\n\t<meta name=\"twitter:data1\" content=\"1 minute\" \/>\n<script type=\"application\/ld+json\" class=\"yoast-schema-graph\">{\"@context\":\"https:\\\/\\\/schema.org\",\"@graph\":[{\"@type\":[\"WebPage\",\"ItemPage\"],\"@id\":\"https:\\\/\\\/www.mexicanguitarplayers.com\\\/tienda\\\/sin categor\u00eda\\\/driver-beyma-mod-wl-3fe-lineales\\\/\",\"url\":\"https:\\\/\\\/www.mexicanguitarplayers.com\\\/tienda\\\/sin categor\u00eda\\\/driver-beyma-mod-wl-3fe-lineales\\\/\",\"name\":\"DRIVER BEYMA MOD. WL-3FE (LINEALES) - Mexican Guitar Players\",\"isPartOf\":{\"@id\":\"https:\\\/\\\/www.mexicanguitarplayers.com\\\/#website\"},\"primaryImageOfPage\":{\"@id\":\"https:\\\/\\\/www.mexicanguitarplayers.com\\\/tienda\\\/sin categor\u00eda\\\/driver-beyma-mod-wl-3fe-lineales\\\/#primaryimage\"},\"image\":{\"@id\":\"https:\\\/\\\/www.mexicanguitarplayers.com\\\/tienda\\\/sin categor\u00eda\\\/driver-beyma-mod-wl-3fe-lineales\\\/#primaryimage\"},\"thumbnailUrl\":\"https:\\\/\\\/www.mexicanguitarplayers.com\\\/wp-content\\\/uploads\\\/2025\\\/04\\\/IABEYWL3FE.jpg\",\"datePublished\":\"2025-04-09T03:13:26+00:00\",\"dateModified\":\"2025-07-01T10:23:57+00:00\",\"description\":\"Driver para lineales, garganta de 0.8\u201d pulgadas, bobina m\u00f3vil de 1.75\u201d pulgadas (44.4 mm), mejora de movimiento de acoplamiento mec\u00e1nico para excelente capacidad de manejo de potencia, diafragma de pol\u00edmero PM-4, potencia AES: 70 watts, programa: 140 watts, sensibilidad: 102 dB, acoplamiento de 90\u00ba x 5\u00ba, excelente para aplicaciones de arreglo lineal, peso: 1.7 kg, im\u00e1n de ferrita.\",\"breadcrumb\":{\"@id\":\"https:\\\/\\\/www.mexicanguitarplayers.com\\\/tienda\\\/sin categor\u00eda\\\/driver-beyma-mod-wl-3fe-lineales\\\/#breadcrumb\"},\"inLanguage\":\"en-US\",\"potentialAction\":[{\"@type\":\"ReadAction\",\"target\":[\"https:\\\/\\\/www.mexicanguitarplayers.com\\\/tienda\\\/sin categor\u00eda\\\/driver-beyma-mod-wl-3fe-lineales\\\/\"]}]},{\"@type\":\"ImageObject\",\"inLanguage\":\"en-US\",\"@id\":\"https:\\\/\\\/www.mexicanguitarplayers.com\\\/tienda\\\/sin categor\u00eda\\\/driver-beyma-mod-wl-3fe-lineales\\\/#primaryimage\",\"url\":\"https:\\\/\\\/www.mexicanguitarplayers.com\\\/wp-content\\\/uploads\\\/2025\\\/04\\\/IABEYWL3FE.jpg\",\"contentUrl\":\"https:\\\/\\\/www.mexicanguitarplayers.com\\\/wp-content\\\/uploads\\\/2025\\\/04\\\/IABEYWL3FE.jpg\",\"width\":1200,\"height\":1200},{\"@type\":\"BreadcrumbList\",\"@id\":\"https:\\\/\\\/www.mexicanguitarplayers.com\\\/tienda\\\/sin categor\u00eda\\\/driver-beyma-mod-wl-3fe-lineales\\\/#breadcrumb\",\"itemListElement\":[{\"@type\":\"ListItem\",\"position\":1,\"name\":\"Portada\",\"item\":\"https:\\\/\\\/www.mexicanguitarplayers.com\\\/\"},{\"@type\":\"ListItem\",\"position\":2,\"name\":\"Tienda\",\"item\":\"https:\\\/\\\/www.mexicanguitarplayers.com\\\/tienda\\\/\"},{\"@type\":\"ListItem\",\"position\":3,\"name\":\"DRIVER BEYMA MOD. WL-3FE (LINEALES)\"}]},{\"@type\":\"WebSite\",\"@id\":\"https:\\\/\\\/www.mexicanguitarplayers.com\\\/#website\",\"url\":\"https:\\\/\\\/www.mexicanguitarplayers.com\\\/\",\"name\":\"Mexican Guitar Players\",\"description\":\"Website\",\"publisher\":{\"@id\":\"https:\\\/\\\/www.mexicanguitarplayers.com\\\/#organization\"},\"potentialAction\":[{\"@type\":\"SearchAction\",\"target\":{\"@type\":\"EntryPoint\",\"urlTemplate\":\"https:\\\/\\\/www.mexicanguitarplayers.com\\\/?s={search_term_string}\"},\"query-input\":{\"@type\":\"PropertyValueSpecification\",\"valueRequired\":true,\"valueName\":\"search_term_string\"}}],\"inLanguage\":\"en-US\"},{\"@type\":\"Organization\",\"@id\":\"https:\\\/\\\/www.mexicanguitarplayers.com\\\/#organization\",\"name\":\"Mexican Guitar Players\",\"url\":\"https:\\\/\\\/www.mexicanguitarplayers.com\\\/\",\"logo\":{\"@type\":\"ImageObject\",\"inLanguage\":\"en-US\",\"@id\":\"https:\\\/\\\/www.mexicanguitarplayers.com\\\/#\\\/schema\\\/logo\\\/image\\\/\",\"url\":\"\",\"contentUrl\":\"\",\"caption\":\"Mexican Guitar Players\"},\"image\":{\"@id\":\"https:\\\/\\\/www.mexicanguitarplayers.com\\\/#\\\/schema\\\/logo\\\/image\\\/\"}}]}<\/script>\n<!-- \/ Yoast SEO plugin. -->","yoast_head_json":{"title":"DRIVER BEYMA   MOD. WL-3FE (LINEALES) - Mexican Guitar Players","description":"Driver para lineales, garganta de 0.8\u201d pulgadas, bobina m\u00f3vil de 1.75\u201d pulgadas (44.4 mm), mejora de movimiento de acoplamiento mec\u00e1nico para excelente capacidad de manejo de potencia, diafragma de pol\u00edmero PM-4, potencia AES: 70 watts, programa: 140 watts, sensibilidad: 102 dB, acoplamiento de 90\u00ba x 5\u00ba, excelente para aplicaciones de arreglo lineal, peso: 1.7 kg, im\u00e1n de ferrita.","robots":{"index":"index","follow":"follow","max-snippet":"max-snippet:-1","max-image-preview":"max-image-preview:large","max-video-preview":"max-video-preview:-1"},"canonical":"https:\/\/www.mexicanguitarplayers.com\/en\/tienda\/sin categor\u00eda\/driver-beyma-mod-wl-3fe-lineales\/","og_locale":"en_US","og_type":"article","og_title":"DRIVER BEYMA   MOD. WL-3FE (LINEALES) - Mexican Guitar Players","og_description":"Driver para lineales, garganta de 0.8\u201d pulgadas, bobina m\u00f3vil de 1.75\u201d pulgadas (44.4 mm), mejora de movimiento de acoplamiento mec\u00e1nico para excelente capacidad de manejo de potencia, diafragma de pol\u00edmero PM-4, potencia AES: 70 watts, programa: 140 watts, sensibilidad: 102 dB, acoplamiento de 90\u00ba x 5\u00ba, excelente para aplicaciones de arreglo lineal, peso: 1.7 kg, im\u00e1n de ferrita.","og_url":"https:\/\/www.mexicanguitarplayers.com\/en\/tienda\/sin categor\u00eda\/driver-beyma-mod-wl-3fe-lineales\/","og_site_name":"Mexican Guitar Players","article_modified_time":"2025-07-01T10:23:57+00:00","twitter_card":"summary_large_image","twitter_misc":{"Est. reading time":"1 minute"},"schema":{"@context":"https:\/\/schema.org","@graph":[{"@type":["WebPage","ItemPage"],"@id":"https:\/\/www.mexicanguitarplayers.com\/tienda\/sin categor\u00eda\/driver-beyma-mod-wl-3fe-lineales\/","url":"https:\/\/www.mexicanguitarplayers.com\/tienda\/sin categor\u00eda\/driver-beyma-mod-wl-3fe-lineales\/","name":"DRIVER BEYMA MOD. WL-3FE (LINEALES) - Mexican Guitar Players","isPartOf":{"@id":"https:\/\/www.mexicanguitarplayers.com\/#website"},"primaryImageOfPage":{"@id":"https:\/\/www.mexicanguitarplayers.com\/tienda\/sin categor\u00eda\/driver-beyma-mod-wl-3fe-lineales\/#primaryimage"},"image":{"@id":"https:\/\/www.mexicanguitarplayers.com\/tienda\/sin categor\u00eda\/driver-beyma-mod-wl-3fe-lineales\/#primaryimage"},"thumbnailUrl":"https:\/\/www.mexicanguitarplayers.com\/wp-content\/uploads\/2025\/04\/IABEYWL3FE.jpg","datePublished":"2025-04-09T03:13:26+00:00","dateModified":"2025-07-01T10:23:57+00:00","description":"Driver para lineales, garganta de 0.8\u201d pulgadas, bobina m\u00f3vil de 1.75\u201d pulgadas (44.4 mm), mejora de movimiento de acoplamiento mec\u00e1nico para excelente capacidad de manejo de potencia, diafragma de pol\u00edmero PM-4, potencia AES: 70 watts, programa: 140 watts, sensibilidad: 102 dB, acoplamiento de 90\u00ba x 5\u00ba, excelente para aplicaciones de arreglo lineal, peso: 1.7 kg, im\u00e1n de ferrita.","breadcrumb":{"@id":"https:\/\/www.mexicanguitarplayers.com\/tienda\/sin categor\u00eda\/driver-beyma-mod-wl-3fe-lineales\/#breadcrumb"},"inLanguage":"en-US","potentialAction":[{"@type":"ReadAction","target":["https:\/\/www.mexicanguitarplayers.com\/tienda\/sin categor\u00eda\/driver-beyma-mod-wl-3fe-lineales\/"]}]},{"@type":"ImageObject","inLanguage":"en-US","@id":"https:\/\/www.mexicanguitarplayers.com\/tienda\/sin categor\u00eda\/driver-beyma-mod-wl-3fe-lineales\/#primaryimage","url":"https:\/\/www.mexicanguitarplayers.com\/wp-content\/uploads\/2025\/04\/IABEYWL3FE.jpg","contentUrl":"https:\/\/www.mexicanguitarplayers.com\/wp-content\/uploads\/2025\/04\/IABEYWL3FE.jpg","width":1200,"height":1200},{"@type":"BreadcrumbList","@id":"https:\/\/www.mexicanguitarplayers.com\/tienda\/sin categor\u00eda\/driver-beyma-mod-wl-3fe-lineales\/#breadcrumb","itemListElement":[{"@type":"ListItem","position":1,"name":"Portada","item":"https:\/\/www.mexicanguitarplayers.com\/"},{"@type":"ListItem","position":2,"name":"Tienda","item":"https:\/\/www.mexicanguitarplayers.com\/tienda\/"},{"@type":"ListItem","position":3,"name":"DRIVER BEYMA MOD. WL-3FE (LINEALES)"}]},{"@type":"WebSite","@id":"https:\/\/www.mexicanguitarplayers.com\/#website","url":"https:\/\/www.mexicanguitarplayers.com\/","name":"Mexican Guitar Players","description":"Website","publisher":{"@id":"https:\/\/www.mexicanguitarplayers.com\/#organization"},"potentialAction":[{"@type":"SearchAction","target":{"@type":"EntryPoint","urlTemplate":"https:\/\/www.mexicanguitarplayers.com\/?s={search_term_string}"},"query-input":{"@type":"PropertyValueSpecification","valueRequired":true,"valueName":"search_term_string"}}],"inLanguage":"en-US"},{"@type":"Organization","@id":"https:\/\/www.mexicanguitarplayers.com\/#organization","name":"Mexican Guitar Players","url":"https:\/\/www.mexicanguitarplayers.com\/","logo":{"@type":"ImageObject","inLanguage":"en-US","@id":"https:\/\/www.mexicanguitarplayers.com\/#\/schema\/logo\/image\/","url":"","contentUrl":"","caption":"Mexican Guitar Players"},"image":{"@id":"https:\/\/www.mexicanguitarplayers.com\/#\/schema\/logo\/image\/"}}]}},"brands":[{"id":477,"name":"BEYMA","slug":"beyma"}],"_links":{"self":[{"href":"https:\/\/www.mexicanguitarplayers.com\/en\/wp-json\/wp\/v2\/product\/33124","targetHints":{"allow":["GET"]}}],"collection":[{"href":"https:\/\/www.mexicanguitarplayers.com\/en\/wp-json\/wp\/v2\/product"}],"about":[{"href":"https:\/\/www.mexicanguitarplayers.com\/en\/wp-json\/wp\/v2\/types\/product"}],"replies":[{"embeddable":true,"href":"https:\/\/www.mexicanguitarplayers.com\/en\/wp-json\/wp\/v2\/comments?post=33124"}],"wp:featuredmedia":[{"embeddable":true,"href":"https:\/\/www.mexicanguitarplayers.com\/en\/wp-json\/wp\/v2\/media\/33123"}],"wp:attachment":[{"href":"https:\/\/www.mexicanguitarplayers.com\/en\/wp-json\/wp\/v2\/media?parent=33124"}],"wp:term":[{"taxonomy":"pwb-brand","embeddable":true,"href":"https:\/\/www.mexicanguitarplayers.com\/en\/wp-json\/wp\/v2\/pwb-brand?post=33124"},{"taxonomy":"product_brand","embeddable":true,"href":"https:\/\/www.mexicanguitarplayers.com\/en\/wp-json\/wp\/v2\/product_brand?post=33124"},{"taxonomy":"product_cat","embeddable":true,"href":"https:\/\/www.mexicanguitarplayers.com\/en\/wp-json\/wp\/v2\/product_cat?post=33124"},{"taxonomy":"product_tag","embeddable":true,"href":"https:\/\/www.mexicanguitarplayers.com\/en\/wp-json\/wp\/v2\/product_tag?post=33124"}],"curies":[{"name":"wp","href":"https:\/\/api.w.org\/{rel}","templated":true}]}}