{"id":33137,"date":"2025-04-08T21:13:41","date_gmt":"2025-04-09T03:13:41","guid":{"rendered":"https:\/\/www.mexicanguitarplayers.com\/tienda\/sin categor\u00eda\/platillo-meinl-18-mod-p-hcs18c\/"},"modified":"2026-01-17T04:38:40","modified_gmt":"2026-01-17T10:38:40","slug":"platillo-meinl-18-mod-p-hcs18c","status":"publish","type":"product","link":"https:\/\/www.mexicanguitarplayers.com\/en\/tienda\/percusiones\/platillos\/rides\/platillo-meinl-18-mod-p-hcs18c\/","title":{"rendered":"PLATILLO MEINL  18   MOD. P-HCS18C"},"content":{"rendered":"<div style=\"text-align: justify\">\n<div>\n<h3>Practica con comodidad y sin molestar a nadie.<\/h3>\n<\/div>\n<div>Hechos para tocar a bajo volumen, puedes practicar en cualquier momento sin molestar a tu familia o vecinos. Estos platillos de pr\u00e1ctica est\u00e1n hechos de una aleaci\u00f3n de lat\u00f3n y tienen un patr\u00f3n de orificios exclusivo dise\u00f1ado por Meinl para brindar un sonido y una sensaci\u00f3n aut\u00e9nticos en la baqueta.<\/div>\n<div>\n<h4>Quick look<\/h4>\n<\/div>\n<ul style=\"margin: 0px 0px 0px 25px\">\n<li style=\"list-style-type: circle;margin: 5px\">Characteristics.<\/li>\n<li style=\"list-style-type: circle;margin: 5px\">Di\u00e1metro.<\/li>\n<li style=\"list-style-type: circle;margin: 5px\">Tono.<\/li>\n<li style=\"list-style-type: circle;margin: 5px\">Car\u00e1cter.<\/li>\n<li style=\"list-style-type: circle;margin: 5px\">Timbre.<\/li>\n<li style=\"list-style-type: circle;margin: 5px\">Volumen.<\/li>\n<li style=\"list-style-type: circle;margin: 5px\">Torno.<\/li>\n<li style=\"list-style-type: circle;margin: 5px\">Sustain.<\/li>\n<li style=\"list-style-type: circle;margin: 5px\">Forma.<\/li>\n<\/ul>\n<div>\n<div style=\"font-weight: bold\">Characteristics.<\/div>\n<div>\n<p>Platillo de pr\u00e1ctica de bajo volumen. Fabricado con aleaci\u00f3n de lat\u00f3n. Patr\u00f3n de agujeros \u00fanico para un sonido aut\u00e9ntico.<\/p>\n<\/div>\n<div style=\"font-weight: bold\">Di\u00e1metro.<\/div>\n<div>\n<p>18&#8243; pulgadas.<\/p>\n<\/div>\n<div style=\"font-weight: bold\">Tono.<\/div>\n<div>\n<p>Agudo-medio.<\/p>\n<\/div>\n<div style=\"font-weight: bold\">Car\u00e1cter.<\/div>\n<div>\n<p>Sensible, seco y complejo.<\/p>\n<\/div>\n<div style=\"font-weight: bold\">Timbre.<\/div>\n<div>\n<p>Medio brillante.<\/p>\n<\/div>\n<div style=\"font-weight: bold\">Volumen.<\/div>\n<div>\n<p>Bajo.<\/p>\n<\/div>\n<div style=\"font-weight: bold\">Torno.<\/div>\n<div>\n<p>Ninguno.<\/p>\n<\/div>\n<div style=\"font-weight: bold\">Sustain.<\/div>\n<div>\n<p>Corto.<\/p>\n<\/div>\n<div style=\"font-weight: bold\">Forma.<\/div>\n<div>\n<p>Tecnolog\u00eda de punto de presi\u00f3n.<\/p>\n<\/div>\n<\/div>\n<\/div>","protected":false},"excerpt":{"rendered":"<p>Platillo de bajo volumen para pr\u00e1ctica, crash de 18\u201d pulgadas, fabricado con una resistente aleaci\u00f3n de lat\u00f3n, patr\u00f3n de agujeros \u00fanico para un sonido aut\u00e9ntico.&hellip; <a class=\"kt-excerpt-readmore more-link\" href=\"https:\/\/www.mexicanguitarplayers.com\/en\/tienda\/percusiones\/platillos\/rides\/platillo-meinl-18-mod-p-hcs18c\/\">Read more<\/a><\/p>","protected":false},"featured_media":33131,"comment_status":"open","ping_status":"closed","template":"","meta":{"kt_blocks_editor_width":""},"pwb-brand":[290],"product_brand":[],"product_cat":[208,260,286],"product_tag":[],"class_list":{"0":"post-33137","1":"product","2":"type-product","3":"status-publish","4":"has-post-thumbnail","6":"pwb-brand-meinl","7":"product_cat-percusiones","8":"product_cat-platillos","9":"product_cat-rides","10":"product_shipping_class-0-5-kg","12":"first","13":"instock","14":"taxable","15":"shipping-taxable","16":"purchasable","17":"product-type-simple"},"yoast_head":"<!-- This site is optimized with the Yoast SEO plugin v27.3 - https:\/\/yoast.com\/product\/yoast-seo-wordpress\/ -->\n<title>PLATILLO MEINL 18  MOD. P-HCS18C - Mexican Guitar Players<\/title>\n<meta name=\"description\" content=\"Platillo de bajo volumen para pr\u00e1ctica, crash de 18\u201d pulgadas, fabricado con una resistente aleaci\u00f3n de lat\u00f3n, patr\u00f3n de agujeros \u00fanico para un sonido aut\u00e9ntico.\" \/>\n<meta name=\"robots\" content=\"index, follow, max-snippet:-1, max-image-preview:large, max-video-preview:-1\" \/>\n<link rel=\"canonical\" href=\"https:\/\/www.mexicanguitarplayers.com\/en\/tienda\/sin%20categor\u00eda\/platillo-meinl-18-mod-p-hcs18c\/\" \/>\n<meta property=\"og:locale\" content=\"en_US\" \/>\n<meta property=\"og:type\" content=\"article\" \/>\n<meta property=\"og:title\" content=\"PLATILLO MEINL 18  MOD. P-HCS18C - Mexican Guitar Players\" \/>\n<meta property=\"og:description\" content=\"Platillo de bajo volumen para pr\u00e1ctica, crash de 18\u201d pulgadas, fabricado con una resistente aleaci\u00f3n de lat\u00f3n, patr\u00f3n de agujeros \u00fanico para un sonido aut\u00e9ntico.\" \/>\n<meta property=\"og:url\" content=\"https:\/\/www.mexicanguitarplayers.com\/en\/tienda\/sin categor\u00eda\/platillo-meinl-18-mod-p-hcs18c\/\" \/>\n<meta property=\"og:site_name\" content=\"Mexican Guitar Players\" \/>\n<meta property=\"article:modified_time\" content=\"2026-01-17T10:38:40+00:00\" \/>\n<meta name=\"twitter:card\" content=\"summary_large_image\" \/>\n<meta name=\"twitter:label1\" content=\"Est. reading time\" \/>\n\t<meta name=\"twitter:data1\" content=\"1 minute\" \/>\n<script type=\"application\/ld+json\" class=\"yoast-schema-graph\">{\"@context\":\"https:\\\/\\\/schema.org\",\"@graph\":[{\"@type\":[\"WebPage\",\"ItemPage\"],\"@id\":\"https:\\\/\\\/www.mexicanguitarplayers.com\\\/tienda\\\/sin categor\u00eda\\\/platillo-meinl-18-mod-p-hcs18c\\\/\",\"url\":\"https:\\\/\\\/www.mexicanguitarplayers.com\\\/tienda\\\/sin categor\u00eda\\\/platillo-meinl-18-mod-p-hcs18c\\\/\",\"name\":\"PLATILLO MEINL 18 MOD. P-HCS18C - Mexican Guitar Players\",\"isPartOf\":{\"@id\":\"https:\\\/\\\/www.mexicanguitarplayers.com\\\/#website\"},\"primaryImageOfPage\":{\"@id\":\"https:\\\/\\\/www.mexicanguitarplayers.com\\\/tienda\\\/sin categor\u00eda\\\/platillo-meinl-18-mod-p-hcs18c\\\/#primaryimage\"},\"image\":{\"@id\":\"https:\\\/\\\/www.mexicanguitarplayers.com\\\/tienda\\\/sin categor\u00eda\\\/platillo-meinl-18-mod-p-hcs18c\\\/#primaryimage\"},\"thumbnailUrl\":\"https:\\\/\\\/www.mexicanguitarplayers.com\\\/wp-content\\\/uploads\\\/2025\\\/04\\\/IPMEIPHCS18C.jpg\",\"datePublished\":\"2025-04-09T03:13:41+00:00\",\"dateModified\":\"2026-01-17T10:38:40+00:00\",\"description\":\"Platillo de bajo volumen para pr\u00e1ctica, crash de 18\u201d pulgadas, fabricado con una resistente aleaci\u00f3n de lat\u00f3n, patr\u00f3n de agujeros \u00fanico para un sonido aut\u00e9ntico.\",\"breadcrumb\":{\"@id\":\"https:\\\/\\\/www.mexicanguitarplayers.com\\\/tienda\\\/sin categor\u00eda\\\/platillo-meinl-18-mod-p-hcs18c\\\/#breadcrumb\"},\"inLanguage\":\"en-US\",\"potentialAction\":[{\"@type\":\"ReadAction\",\"target\":[\"https:\\\/\\\/www.mexicanguitarplayers.com\\\/tienda\\\/sin categor\u00eda\\\/platillo-meinl-18-mod-p-hcs18c\\\/\"]}]},{\"@type\":\"ImageObject\",\"inLanguage\":\"en-US\",\"@id\":\"https:\\\/\\\/www.mexicanguitarplayers.com\\\/tienda\\\/sin categor\u00eda\\\/platillo-meinl-18-mod-p-hcs18c\\\/#primaryimage\",\"url\":\"https:\\\/\\\/www.mexicanguitarplayers.com\\\/wp-content\\\/uploads\\\/2025\\\/04\\\/IPMEIPHCS18C.jpg\",\"contentUrl\":\"https:\\\/\\\/www.mexicanguitarplayers.com\\\/wp-content\\\/uploads\\\/2025\\\/04\\\/IPMEIPHCS18C.jpg\",\"width\":1200,\"height\":1200},{\"@type\":\"BreadcrumbList\",\"@id\":\"https:\\\/\\\/www.mexicanguitarplayers.com\\\/tienda\\\/sin categor\u00eda\\\/platillo-meinl-18-mod-p-hcs18c\\\/#breadcrumb\",\"itemListElement\":[{\"@type\":\"ListItem\",\"position\":1,\"name\":\"Portada\",\"item\":\"https:\\\/\\\/www.mexicanguitarplayers.com\\\/\"},{\"@type\":\"ListItem\",\"position\":2,\"name\":\"Tienda\",\"item\":\"https:\\\/\\\/www.mexicanguitarplayers.com\\\/tienda\\\/\"},{\"@type\":\"ListItem\",\"position\":3,\"name\":\"PLATILLO MEINL 18 MOD. P-HCS18C\"}]},{\"@type\":\"WebSite\",\"@id\":\"https:\\\/\\\/www.mexicanguitarplayers.com\\\/#website\",\"url\":\"https:\\\/\\\/www.mexicanguitarplayers.com\\\/\",\"name\":\"Mexican Guitar Players\",\"description\":\"Website\",\"publisher\":{\"@id\":\"https:\\\/\\\/www.mexicanguitarplayers.com\\\/#organization\"},\"potentialAction\":[{\"@type\":\"SearchAction\",\"target\":{\"@type\":\"EntryPoint\",\"urlTemplate\":\"https:\\\/\\\/www.mexicanguitarplayers.com\\\/?s={search_term_string}\"},\"query-input\":{\"@type\":\"PropertyValueSpecification\",\"valueRequired\":true,\"valueName\":\"search_term_string\"}}],\"inLanguage\":\"en-US\"},{\"@type\":\"Organization\",\"@id\":\"https:\\\/\\\/www.mexicanguitarplayers.com\\\/#organization\",\"name\":\"Mexican Guitar Players\",\"url\":\"https:\\\/\\\/www.mexicanguitarplayers.com\\\/\",\"logo\":{\"@type\":\"ImageObject\",\"inLanguage\":\"en-US\",\"@id\":\"https:\\\/\\\/www.mexicanguitarplayers.com\\\/#\\\/schema\\\/logo\\\/image\\\/\",\"url\":\"\",\"contentUrl\":\"\",\"caption\":\"Mexican Guitar Players\"},\"image\":{\"@id\":\"https:\\\/\\\/www.mexicanguitarplayers.com\\\/#\\\/schema\\\/logo\\\/image\\\/\"}}]}<\/script>\n<!-- \/ Yoast SEO plugin. -->","yoast_head_json":{"title":"PLATILLO MEINL 18  MOD. P-HCS18C - Mexican Guitar Players","description":"Platillo de bajo volumen para pr\u00e1ctica, crash de 18\u201d pulgadas, fabricado con una resistente aleaci\u00f3n de lat\u00f3n, patr\u00f3n de agujeros \u00fanico para un sonido aut\u00e9ntico.","robots":{"index":"index","follow":"follow","max-snippet":"max-snippet:-1","max-image-preview":"max-image-preview:large","max-video-preview":"max-video-preview:-1"},"canonical":"https:\/\/www.mexicanguitarplayers.com\/en\/tienda\/sin categor\u00eda\/platillo-meinl-18-mod-p-hcs18c\/","og_locale":"en_US","og_type":"article","og_title":"PLATILLO MEINL 18  MOD. P-HCS18C - Mexican Guitar Players","og_description":"Platillo de bajo volumen para pr\u00e1ctica, crash de 18\u201d pulgadas, fabricado con una resistente aleaci\u00f3n de lat\u00f3n, patr\u00f3n de agujeros \u00fanico para un sonido aut\u00e9ntico.","og_url":"https:\/\/www.mexicanguitarplayers.com\/en\/tienda\/sin categor\u00eda\/platillo-meinl-18-mod-p-hcs18c\/","og_site_name":"Mexican Guitar Players","article_modified_time":"2026-01-17T10:38:40+00:00","twitter_card":"summary_large_image","twitter_misc":{"Est. reading time":"1 minute"},"schema":{"@context":"https:\/\/schema.org","@graph":[{"@type":["WebPage","ItemPage"],"@id":"https:\/\/www.mexicanguitarplayers.com\/tienda\/sin categor\u00eda\/platillo-meinl-18-mod-p-hcs18c\/","url":"https:\/\/www.mexicanguitarplayers.com\/tienda\/sin categor\u00eda\/platillo-meinl-18-mod-p-hcs18c\/","name":"PLATILLO MEINL 18 MOD. P-HCS18C - Mexican Guitar Players","isPartOf":{"@id":"https:\/\/www.mexicanguitarplayers.com\/#website"},"primaryImageOfPage":{"@id":"https:\/\/www.mexicanguitarplayers.com\/tienda\/sin categor\u00eda\/platillo-meinl-18-mod-p-hcs18c\/#primaryimage"},"image":{"@id":"https:\/\/www.mexicanguitarplayers.com\/tienda\/sin categor\u00eda\/platillo-meinl-18-mod-p-hcs18c\/#primaryimage"},"thumbnailUrl":"https:\/\/www.mexicanguitarplayers.com\/wp-content\/uploads\/2025\/04\/IPMEIPHCS18C.jpg","datePublished":"2025-04-09T03:13:41+00:00","dateModified":"2026-01-17T10:38:40+00:00","description":"Platillo de bajo volumen para pr\u00e1ctica, crash de 18\u201d pulgadas, fabricado con una resistente aleaci\u00f3n de lat\u00f3n, patr\u00f3n de agujeros \u00fanico para un sonido aut\u00e9ntico.","breadcrumb":{"@id":"https:\/\/www.mexicanguitarplayers.com\/tienda\/sin categor\u00eda\/platillo-meinl-18-mod-p-hcs18c\/#breadcrumb"},"inLanguage":"en-US","potentialAction":[{"@type":"ReadAction","target":["https:\/\/www.mexicanguitarplayers.com\/tienda\/sin categor\u00eda\/platillo-meinl-18-mod-p-hcs18c\/"]}]},{"@type":"ImageObject","inLanguage":"en-US","@id":"https:\/\/www.mexicanguitarplayers.com\/tienda\/sin categor\u00eda\/platillo-meinl-18-mod-p-hcs18c\/#primaryimage","url":"https:\/\/www.mexicanguitarplayers.com\/wp-content\/uploads\/2025\/04\/IPMEIPHCS18C.jpg","contentUrl":"https:\/\/www.mexicanguitarplayers.com\/wp-content\/uploads\/2025\/04\/IPMEIPHCS18C.jpg","width":1200,"height":1200},{"@type":"BreadcrumbList","@id":"https:\/\/www.mexicanguitarplayers.com\/tienda\/sin categor\u00eda\/platillo-meinl-18-mod-p-hcs18c\/#breadcrumb","itemListElement":[{"@type":"ListItem","position":1,"name":"Portada","item":"https:\/\/www.mexicanguitarplayers.com\/"},{"@type":"ListItem","position":2,"name":"Tienda","item":"https:\/\/www.mexicanguitarplayers.com\/tienda\/"},{"@type":"ListItem","position":3,"name":"PLATILLO MEINL 18 MOD. P-HCS18C"}]},{"@type":"WebSite","@id":"https:\/\/www.mexicanguitarplayers.com\/#website","url":"https:\/\/www.mexicanguitarplayers.com\/","name":"Mexican Guitar Players","description":"Website","publisher":{"@id":"https:\/\/www.mexicanguitarplayers.com\/#organization"},"potentialAction":[{"@type":"SearchAction","target":{"@type":"EntryPoint","urlTemplate":"https:\/\/www.mexicanguitarplayers.com\/?s={search_term_string}"},"query-input":{"@type":"PropertyValueSpecification","valueRequired":true,"valueName":"search_term_string"}}],"inLanguage":"en-US"},{"@type":"Organization","@id":"https:\/\/www.mexicanguitarplayers.com\/#organization","name":"Mexican Guitar Players","url":"https:\/\/www.mexicanguitarplayers.com\/","logo":{"@type":"ImageObject","inLanguage":"en-US","@id":"https:\/\/www.mexicanguitarplayers.com\/#\/schema\/logo\/image\/","url":"","contentUrl":"","caption":"Mexican Guitar Players"},"image":{"@id":"https:\/\/www.mexicanguitarplayers.com\/#\/schema\/logo\/image\/"}}]}},"brands":[{"id":290,"name":"MEINL","slug":"meinl"}],"_links":{"self":[{"href":"https:\/\/www.mexicanguitarplayers.com\/en\/wp-json\/wp\/v2\/product\/33137","targetHints":{"allow":["GET"]}}],"collection":[{"href":"https:\/\/www.mexicanguitarplayers.com\/en\/wp-json\/wp\/v2\/product"}],"about":[{"href":"https:\/\/www.mexicanguitarplayers.com\/en\/wp-json\/wp\/v2\/types\/product"}],"replies":[{"embeddable":true,"href":"https:\/\/www.mexicanguitarplayers.com\/en\/wp-json\/wp\/v2\/comments?post=33137"}],"wp:featuredmedia":[{"embeddable":true,"href":"https:\/\/www.mexicanguitarplayers.com\/en\/wp-json\/wp\/v2\/media\/33131"}],"wp:attachment":[{"href":"https:\/\/www.mexicanguitarplayers.com\/en\/wp-json\/wp\/v2\/media?parent=33137"}],"wp:term":[{"taxonomy":"pwb-brand","embeddable":true,"href":"https:\/\/www.mexicanguitarplayers.com\/en\/wp-json\/wp\/v2\/pwb-brand?post=33137"},{"taxonomy":"product_brand","embeddable":true,"href":"https:\/\/www.mexicanguitarplayers.com\/en\/wp-json\/wp\/v2\/product_brand?post=33137"},{"taxonomy":"product_cat","embeddable":true,"href":"https:\/\/www.mexicanguitarplayers.com\/en\/wp-json\/wp\/v2\/product_cat?post=33137"},{"taxonomy":"product_tag","embeddable":true,"href":"https:\/\/www.mexicanguitarplayers.com\/en\/wp-json\/wp\/v2\/product_tag?post=33137"}],"curies":[{"name":"wp","href":"https:\/\/api.w.org\/{rel}","templated":true}]}}