{"id":33141,"date":"2025-04-08T21:13:47","date_gmt":"2025-04-09T03:13:47","guid":{"rendered":"https:\/\/www.mexicanguitarplayers.com\/tienda\/sin categor\u00eda\/bocina-beyma-6-mod-6mi100\/"},"modified":"2026-05-01T07:22:58","modified_gmt":"2026-05-01T13:22:58","slug":"bocina-beyma-6-mod-6mi100","status":"publish","type":"product","link":"https:\/\/www.mexicanguitarplayers.com\/en\/tienda\/audio\/bafles-y-bocinas\/bocinas-y-componentes\/medios\/bocina-beyma-6-mod-6mi100\/","title":{"rendered":"BOCINA BEYMA   6   MOD. 6MI100"},"content":{"rendered":"<div style=\"text-align: justify\">\n<div>\n<h3>Componentes de alta calidad.<\/h3>\n<\/div>\n<div>Este transductor de baja frecuencia a mediados ofrece tres principales puntos de inter\u00e9s: una buena sensibilidad (97 dB), una dispersi\u00f3n controlada hasta 3 kHz y una baja distorsi\u00f3n arm\u00f3nica.  Estas caracter\u00edsticas lo hacen apto para sistemas de alta calidad de refuerzo de sonido, especialmente para aplicaciones en vivo. Adem\u00e1s, se monta con una cesta de aluminio fundido que reduce las vibraciones mec\u00e1nicas y aumenta la disipaci\u00f3n t\u00e9rmica. Este hecho, unido a la utilizaci\u00f3n de una alta calidad de 2&#8221; de la bobina m\u00f3vil, aumenta considerablemente el manejo de potencia que llega a 250 w AES.<\/div>\n<div>\n<h4>Quick look<\/h4>\n<\/div>\n<ul style=\"margin: 0px 0px 0px 25px\">\n<li style=\"list-style-type: circle;margin: 5px\">Di\u00e1metro nominal.<\/li>\n<li style=\"list-style-type: circle;margin: 5px\">Nominal impedance.<\/li>\n<li style=\"list-style-type: circle;margin: 5px\">Impedancia m\u00ednima.<\/li>\n<li style=\"list-style-type: circle;margin: 5px\">Power.<\/li>\n<li style=\"list-style-type: circle;margin: 5px\">Sensitivity.<\/li>\n<li style=\"list-style-type: circle;margin: 5px\">Rango de frecuencia.<\/li>\n<li style=\"list-style-type: circle;margin: 5px\">Di\u00e1metro de la bobina m\u00f3vil.<\/li>\n<li style=\"list-style-type: circle;margin: 5px\">Factor BL.<\/li>\n<li style=\"list-style-type: circle;margin: 5px\">Masa m\u00f3vil.<\/li>\n<li style=\"list-style-type: circle;margin: 5px\">Longitud del bobinado.<\/li>\n<li style=\"list-style-type: circle;margin: 5px\">Altura del entrehierro.<\/li>\n<li style=\"list-style-type: circle;margin: 5px\">FS (Frecuencia de resonancia).<\/li>\n<li style=\"list-style-type: circle;margin: 5px\">Resistencia.<\/li>\n<li style=\"list-style-type: circle;margin: 5px\">QMS (Factor de calidad mec\u00e1nica).<\/li>\n<li style=\"list-style-type: circle;margin: 5px\">QES (Factor de calidad el\u00e9ctrica).<\/li>\n<li style=\"list-style-type: circle;margin: 5px\">QTS (Factor de calidad total).<\/li>\n<li style=\"list-style-type: circle;margin: 5px\">VAS (Volumen de aire equivalente a CMS).<\/li>\n<li style=\"list-style-type: circle;margin: 5px\">CMS (Cumplimiento mec\u00e1nico).<\/li>\n<li style=\"list-style-type: circle;margin: 5px\">RMS (Resistencia mec\u00e1nica).<\/li>\n<li style=\"list-style-type: circle;margin: 5px\">Porcentaje de eficiencia.<\/li>\n<li style=\"list-style-type: circle;margin: 5px\">SD (Superficie efectiva).<\/li>\n<li style=\"list-style-type: circle;margin: 5px\">XMAX (Desplazamiento m\u00e1ximo).<\/li>\n<li style=\"list-style-type: circle;margin: 5px\">VD (Volumen de desplazamiento).<\/li>\n<li style=\"list-style-type: circle;margin: 5px\">Inductancia de bobina m\u00f3vil (Le @ 1kHz).<\/li>\n<li style=\"list-style-type: circle;margin: 5px\">Weight.<\/li>\n<li style=\"list-style-type: circle;margin: 5px\">Im\u00e1n.<\/li>\n<\/ul>\n<div>\n<div style=\"font-weight: bold\">Di\u00e1metro nominal.<\/div>\n<div>\n<p>6&#8243; pulgadas (165 mm).<\/p>\n<\/div>\n<div style=\"font-weight: bold\">Nominal impedance.<\/div>\n<div>\n<p>8 ohms.<\/p>\n<\/div>\n<div style=\"font-weight: bold\">Impedancia m\u00ednima.<\/div>\n<div>\n<p>6.8 ohms.<\/p>\n<\/div>\n<div style=\"font-weight: bold\">Power.<\/div>\n<div>\n<p>AES: 250 watts. Programa: 500 watts.<\/p>\n<\/div>\n<div style=\"font-weight: bold\">Sensitivity.<\/div>\n<div>\n<p>94 dB @ 1W@ZN.<\/p>\n<\/div>\n<div style=\"font-weight: bold\">Rango de frecuencia.<\/div>\n<div>\n<p>100 &#8211; 8,000 Hz.<\/p>\n<\/div>\n<div style=\"font-weight: bold\">Di\u00e1metro de la bobina m\u00f3vil.<\/div>\n<div>\n<p>2&#8243; pulgadas (51.7 mm).<\/p>\n<\/div>\n<div style=\"font-weight: bold\">Factor BL.<\/div>\n<div>\n<p>10.8 N\/A.<\/p>\n<\/div>\n<div style=\"font-weight: bold\">Masa m\u00f3vil.<\/div>\n<div>\n<p>0.014 kg.<\/p>\n<\/div>\n<div style=\"font-weight: bold\">Longitud del bobinado.<\/div>\n<div>\n<p>9.2 mm.<\/p>\n<\/div>\n<div style=\"font-weight: bold\">Altura del entrehierro.<\/div>\n<div>\n<p>7 mm.<\/p>\n<\/div>\n<div style=\"font-weight: bold\">FS (Frecuencia de resonancia).<\/div>\n<div>\n<p>128 Hz.<\/p>\n<\/div>\n<div style=\"font-weight: bold\">Resistencia.<\/div>\n<div>\n<p>6 ohms.<\/p>\n<\/div>\n<div style=\"font-weight: bold\">QMS (Factor de calidad mec\u00e1nica).<\/div>\n<div>\n<p>8.6.<\/p>\n<\/div>\n<div style=\"font-weight: bold\">QES (Factor de calidad el\u00e9ctrica).<\/div>\n<div>\n<p>0.55.<\/p>\n<\/div>\n<div style=\"font-weight: bold\">QTS (Factor de calidad total).<\/div>\n<div>\n<p>0.51.<\/p>\n<\/div>\n<div style=\"font-weight: bold\">VAS (Volumen de aire equivalente a CMS).<\/div>\n<div>\n<p>3.07 l.<\/p>\n<\/div>\n<div style=\"font-weight: bold\">CMS (Cumplimiento mec\u00e1nico).<\/div>\n<div>\n<p>119 \u00b5m \/ N.<\/p>\n<\/div>\n<div style=\"font-weight: bold\">RMS (Resistencia mec\u00e1nica).<\/div>\n<div>\n<p>1.2 kg\/s.<\/p>\n<\/div>\n<div style=\"font-weight: bold\">Porcentaje de eficiencia.<\/div>\n<div>\n<p>1.2%.<\/p>\n<\/div>\n<div style=\"font-weight: bold\">SD (Superficie efectiva).<\/div>\n<div>\n<p>0.014 m\u00b2.<\/p>\n<\/div>\n<div style=\"font-weight: bold\">XMAX (Desplazamiento m\u00e1ximo).<\/div>\n<div>\n<p>3 mm.<\/p>\n<\/div>\n<div style=\"font-weight: bold\">VD (Volumen de desplazamiento).<\/div>\n<div>\n<p>42 cm\u00b3.<\/p>\n<\/div>\n<div style=\"font-weight: bold\">Inductancia de bobina m\u00f3vil (Le @ 1kHz).<\/div>\n<div>\n<p>0.2 mH.<\/p>\n<\/div>\n<div style=\"font-weight: bold\">Weight.<\/div>\n<div>\n<p>2.2 kg.<\/p>\n<\/div>\n<div style=\"font-weight: bold\">Im\u00e1n.<\/div>\n<div>\n<p>Ferrita.<\/p>\n<\/div>\n<\/div>\n<\/div>","protected":false},"excerpt":{"rendered":"<p>Bocina de 6\u201d pulgadas, impedancia: 8 ohms, potencia AES: 250 watts, programa: 500 watts, sensibilidad: 94 dB, rango de frecuencia: 100 &#8211; 8,000 Hz, bobina m\u00f3vil: 2\u201d pulgadas,  (51.7 mm), peso: 2.2 kg, im\u00e1n: ferrita.&hellip; <a class=\"kt-excerpt-readmore more-link\" href=\"https:\/\/www.mexicanguitarplayers.com\/en\/tienda\/audio\/bafles-y-bocinas\/bocinas-y-componentes\/medios\/bocina-beyma-6-mod-6mi100\/\">Read more<\/a><\/p>","protected":false},"featured_media":33140,"comment_status":"open","ping_status":"closed","template":"","meta":{"kt_blocks_editor_width":""},"pwb-brand":[477],"product_brand":[],"product_cat":[213,221,474,534],"product_tag":[],"class_list":{"0":"post-33141","1":"product","2":"type-product","3":"status-publish","4":"has-post-thumbnail","6":"pwb-brand-beyma","7":"product_cat-audio","8":"product_cat-bafles-y-bocinas","9":"product_cat-bocinas-y-componentes","10":"product_cat-medios","11":"product_shipping_class-0-5-kg","13":"first","14":"instock","15":"taxable","16":"shipping-taxable","17":"purchasable","18":"product-type-simple"},"yoast_head":"<!-- This site is optimized with the Yoast SEO plugin v27.5 - https:\/\/yoast.com\/product\/yoast-seo-wordpress\/ -->\n<title>BOCINA BEYMA  6  MOD. 6MI100 - Mexican Guitar Players<\/title>\n<meta name=\"description\" content=\"Bocina de 6\u201d pulgadas, impedancia: 8 ohms, potencia AES: 250 watts, programa: 500 watts, sensibilidad: 94 dB, rango de frecuencia: 100 - 8,000 Hz, bobina m\u00f3vil: 2\u201d pulgadas, (51.7 mm), peso: 2.2 kg, im\u00e1n: ferrita.\" \/>\n<meta name=\"robots\" content=\"index, follow, max-snippet:-1, max-image-preview:large, max-video-preview:-1\" \/>\n<link rel=\"canonical\" href=\"https:\/\/www.mexicanguitarplayers.com\/en\/tienda\/sin%20categor\u00eda\/bocina-beyma-6-mod-6mi100\/\" \/>\n<meta property=\"og:locale\" content=\"en_US\" \/>\n<meta property=\"og:type\" content=\"article\" \/>\n<meta property=\"og:title\" content=\"BOCINA BEYMA  6  MOD. 6MI100 - Mexican Guitar Players\" \/>\n<meta property=\"og:description\" content=\"Bocina de 6\u201d pulgadas, impedancia: 8 ohms, potencia AES: 250 watts, programa: 500 watts, sensibilidad: 94 dB, rango de frecuencia: 100 - 8,000 Hz, bobina m\u00f3vil: 2\u201d pulgadas, (51.7 mm), peso: 2.2 kg, im\u00e1n: ferrita.\" \/>\n<meta property=\"og:url\" content=\"https:\/\/www.mexicanguitarplayers.com\/en\/tienda\/sin categor\u00eda\/bocina-beyma-6-mod-6mi100\/\" \/>\n<meta property=\"og:site_name\" content=\"Mexican Guitar Players\" \/>\n<meta property=\"article:modified_time\" content=\"2026-05-01T13:22:58+00:00\" \/>\n<meta name=\"twitter:card\" content=\"summary_large_image\" \/>\n<meta name=\"twitter:label1\" content=\"Est. reading time\" \/>\n\t<meta name=\"twitter:data1\" content=\"2 minutes\" \/>\n<script type=\"application\/ld+json\" class=\"yoast-schema-graph\">{\"@context\":\"https:\\\/\\\/schema.org\",\"@graph\":[{\"@type\":[\"WebPage\",\"ItemPage\"],\"@id\":\"https:\\\/\\\/www.mexicanguitarplayers.com\\\/tienda\\\/sin categor\u00eda\\\/bocina-beyma-6-mod-6mi100\\\/\",\"url\":\"https:\\\/\\\/www.mexicanguitarplayers.com\\\/tienda\\\/sin categor\u00eda\\\/bocina-beyma-6-mod-6mi100\\\/\",\"name\":\"BOCINA BEYMA 6 MOD. 6MI100 - Mexican Guitar Players\",\"isPartOf\":{\"@id\":\"https:\\\/\\\/www.mexicanguitarplayers.com\\\/#website\"},\"primaryImageOfPage\":{\"@id\":\"https:\\\/\\\/www.mexicanguitarplayers.com\\\/tienda\\\/sin categor\u00eda\\\/bocina-beyma-6-mod-6mi100\\\/#primaryimage\"},\"image\":{\"@id\":\"https:\\\/\\\/www.mexicanguitarplayers.com\\\/tienda\\\/sin categor\u00eda\\\/bocina-beyma-6-mod-6mi100\\\/#primaryimage\"},\"thumbnailUrl\":\"https:\\\/\\\/www.mexicanguitarplayers.com\\\/wp-content\\\/uploads\\\/2025\\\/04\\\/IABEY6M1008.jpg\",\"datePublished\":\"2025-04-09T03:13:47+00:00\",\"dateModified\":\"2026-05-01T13:22:58+00:00\",\"description\":\"Bocina de 6\u201d pulgadas, impedancia: 8 ohms, potencia AES: 250 watts, programa: 500 watts, sensibilidad: 94 dB, rango de frecuencia: 100 - 8,000 Hz, bobina m\u00f3vil: 2\u201d pulgadas, (51.7 mm), peso: 2.2 kg, im\u00e1n: ferrita.\",\"breadcrumb\":{\"@id\":\"https:\\\/\\\/www.mexicanguitarplayers.com\\\/tienda\\\/sin categor\u00eda\\\/bocina-beyma-6-mod-6mi100\\\/#breadcrumb\"},\"inLanguage\":\"en-US\",\"potentialAction\":[{\"@type\":\"ReadAction\",\"target\":[\"https:\\\/\\\/www.mexicanguitarplayers.com\\\/tienda\\\/sin categor\u00eda\\\/bocina-beyma-6-mod-6mi100\\\/\"]}]},{\"@type\":\"ImageObject\",\"inLanguage\":\"en-US\",\"@id\":\"https:\\\/\\\/www.mexicanguitarplayers.com\\\/tienda\\\/sin categor\u00eda\\\/bocina-beyma-6-mod-6mi100\\\/#primaryimage\",\"url\":\"https:\\\/\\\/www.mexicanguitarplayers.com\\\/wp-content\\\/uploads\\\/2025\\\/04\\\/IABEY6M1008.jpg\",\"contentUrl\":\"https:\\\/\\\/www.mexicanguitarplayers.com\\\/wp-content\\\/uploads\\\/2025\\\/04\\\/IABEY6M1008.jpg\",\"width\":1987,\"height\":2071},{\"@type\":\"BreadcrumbList\",\"@id\":\"https:\\\/\\\/www.mexicanguitarplayers.com\\\/tienda\\\/sin categor\u00eda\\\/bocina-beyma-6-mod-6mi100\\\/#breadcrumb\",\"itemListElement\":[{\"@type\":\"ListItem\",\"position\":1,\"name\":\"Portada\",\"item\":\"https:\\\/\\\/www.mexicanguitarplayers.com\\\/\"},{\"@type\":\"ListItem\",\"position\":2,\"name\":\"Tienda\",\"item\":\"https:\\\/\\\/www.mexicanguitarplayers.com\\\/tienda\\\/\"},{\"@type\":\"ListItem\",\"position\":3,\"name\":\"BOCINA BEYMA 6 MOD. 6MI100\"}]},{\"@type\":\"WebSite\",\"@id\":\"https:\\\/\\\/www.mexicanguitarplayers.com\\\/#website\",\"url\":\"https:\\\/\\\/www.mexicanguitarplayers.com\\\/\",\"name\":\"Mexican Guitar Players\",\"description\":\"Website\",\"publisher\":{\"@id\":\"https:\\\/\\\/www.mexicanguitarplayers.com\\\/#organization\"},\"potentialAction\":[{\"@type\":\"SearchAction\",\"target\":{\"@type\":\"EntryPoint\",\"urlTemplate\":\"https:\\\/\\\/www.mexicanguitarplayers.com\\\/?s={search_term_string}\"},\"query-input\":{\"@type\":\"PropertyValueSpecification\",\"valueRequired\":true,\"valueName\":\"search_term_string\"}}],\"inLanguage\":\"en-US\"},{\"@type\":\"Organization\",\"@id\":\"https:\\\/\\\/www.mexicanguitarplayers.com\\\/#organization\",\"name\":\"Mexican Guitar Players\",\"url\":\"https:\\\/\\\/www.mexicanguitarplayers.com\\\/\",\"logo\":{\"@type\":\"ImageObject\",\"inLanguage\":\"en-US\",\"@id\":\"https:\\\/\\\/www.mexicanguitarplayers.com\\\/#\\\/schema\\\/logo\\\/image\\\/\",\"url\":\"\",\"contentUrl\":\"\",\"caption\":\"Mexican Guitar Players\"},\"image\":{\"@id\":\"https:\\\/\\\/www.mexicanguitarplayers.com\\\/#\\\/schema\\\/logo\\\/image\\\/\"}}]}<\/script>\n<!-- \/ Yoast SEO plugin. -->","yoast_head_json":{"title":"BOCINA BEYMA  6  MOD. 6MI100 - Mexican Guitar Players","description":"Bocina de 6\u201d pulgadas, impedancia: 8 ohms, potencia AES: 250 watts, programa: 500 watts, sensibilidad: 94 dB, rango de frecuencia: 100 - 8,000 Hz, bobina m\u00f3vil: 2\u201d pulgadas, (51.7 mm), peso: 2.2 kg, im\u00e1n: ferrita.","robots":{"index":"index","follow":"follow","max-snippet":"max-snippet:-1","max-image-preview":"max-image-preview:large","max-video-preview":"max-video-preview:-1"},"canonical":"https:\/\/www.mexicanguitarplayers.com\/en\/tienda\/sin categor\u00eda\/bocina-beyma-6-mod-6mi100\/","og_locale":"en_US","og_type":"article","og_title":"BOCINA BEYMA  6  MOD. 6MI100 - Mexican Guitar Players","og_description":"Bocina de 6\u201d pulgadas, impedancia: 8 ohms, potencia AES: 250 watts, programa: 500 watts, sensibilidad: 94 dB, rango de frecuencia: 100 - 8,000 Hz, bobina m\u00f3vil: 2\u201d pulgadas, (51.7 mm), peso: 2.2 kg, im\u00e1n: ferrita.","og_url":"https:\/\/www.mexicanguitarplayers.com\/en\/tienda\/sin categor\u00eda\/bocina-beyma-6-mod-6mi100\/","og_site_name":"Mexican Guitar Players","article_modified_time":"2026-05-01T13:22:58+00:00","twitter_card":"summary_large_image","twitter_misc":{"Est. reading time":"2 minutes"},"schema":{"@context":"https:\/\/schema.org","@graph":[{"@type":["WebPage","ItemPage"],"@id":"https:\/\/www.mexicanguitarplayers.com\/tienda\/sin categor\u00eda\/bocina-beyma-6-mod-6mi100\/","url":"https:\/\/www.mexicanguitarplayers.com\/tienda\/sin categor\u00eda\/bocina-beyma-6-mod-6mi100\/","name":"BOCINA BEYMA 6 MOD. 6MI100 - Mexican Guitar Players","isPartOf":{"@id":"https:\/\/www.mexicanguitarplayers.com\/#website"},"primaryImageOfPage":{"@id":"https:\/\/www.mexicanguitarplayers.com\/tienda\/sin categor\u00eda\/bocina-beyma-6-mod-6mi100\/#primaryimage"},"image":{"@id":"https:\/\/www.mexicanguitarplayers.com\/tienda\/sin categor\u00eda\/bocina-beyma-6-mod-6mi100\/#primaryimage"},"thumbnailUrl":"https:\/\/www.mexicanguitarplayers.com\/wp-content\/uploads\/2025\/04\/IABEY6M1008.jpg","datePublished":"2025-04-09T03:13:47+00:00","dateModified":"2026-05-01T13:22:58+00:00","description":"Bocina de 6\u201d pulgadas, impedancia: 8 ohms, potencia AES: 250 watts, programa: 500 watts, sensibilidad: 94 dB, rango de frecuencia: 100 - 8,000 Hz, bobina m\u00f3vil: 2\u201d pulgadas, (51.7 mm), peso: 2.2 kg, im\u00e1n: ferrita.","breadcrumb":{"@id":"https:\/\/www.mexicanguitarplayers.com\/tienda\/sin categor\u00eda\/bocina-beyma-6-mod-6mi100\/#breadcrumb"},"inLanguage":"en-US","potentialAction":[{"@type":"ReadAction","target":["https:\/\/www.mexicanguitarplayers.com\/tienda\/sin categor\u00eda\/bocina-beyma-6-mod-6mi100\/"]}]},{"@type":"ImageObject","inLanguage":"en-US","@id":"https:\/\/www.mexicanguitarplayers.com\/tienda\/sin categor\u00eda\/bocina-beyma-6-mod-6mi100\/#primaryimage","url":"https:\/\/www.mexicanguitarplayers.com\/wp-content\/uploads\/2025\/04\/IABEY6M1008.jpg","contentUrl":"https:\/\/www.mexicanguitarplayers.com\/wp-content\/uploads\/2025\/04\/IABEY6M1008.jpg","width":1987,"height":2071},{"@type":"BreadcrumbList","@id":"https:\/\/www.mexicanguitarplayers.com\/tienda\/sin categor\u00eda\/bocina-beyma-6-mod-6mi100\/#breadcrumb","itemListElement":[{"@type":"ListItem","position":1,"name":"Portada","item":"https:\/\/www.mexicanguitarplayers.com\/"},{"@type":"ListItem","position":2,"name":"Tienda","item":"https:\/\/www.mexicanguitarplayers.com\/tienda\/"},{"@type":"ListItem","position":3,"name":"BOCINA BEYMA 6 MOD. 6MI100"}]},{"@type":"WebSite","@id":"https:\/\/www.mexicanguitarplayers.com\/#website","url":"https:\/\/www.mexicanguitarplayers.com\/","name":"Mexican Guitar Players","description":"Website","publisher":{"@id":"https:\/\/www.mexicanguitarplayers.com\/#organization"},"potentialAction":[{"@type":"SearchAction","target":{"@type":"EntryPoint","urlTemplate":"https:\/\/www.mexicanguitarplayers.com\/?s={search_term_string}"},"query-input":{"@type":"PropertyValueSpecification","valueRequired":true,"valueName":"search_term_string"}}],"inLanguage":"en-US"},{"@type":"Organization","@id":"https:\/\/www.mexicanguitarplayers.com\/#organization","name":"Mexican Guitar Players","url":"https:\/\/www.mexicanguitarplayers.com\/","logo":{"@type":"ImageObject","inLanguage":"en-US","@id":"https:\/\/www.mexicanguitarplayers.com\/#\/schema\/logo\/image\/","url":"","contentUrl":"","caption":"Mexican Guitar Players"},"image":{"@id":"https:\/\/www.mexicanguitarplayers.com\/#\/schema\/logo\/image\/"}}]}},"brands":[{"id":477,"name":"BEYMA","slug":"beyma"}],"_links":{"self":[{"href":"https:\/\/www.mexicanguitarplayers.com\/en\/wp-json\/wp\/v2\/product\/33141","targetHints":{"allow":["GET"]}}],"collection":[{"href":"https:\/\/www.mexicanguitarplayers.com\/en\/wp-json\/wp\/v2\/product"}],"about":[{"href":"https:\/\/www.mexicanguitarplayers.com\/en\/wp-json\/wp\/v2\/types\/product"}],"replies":[{"embeddable":true,"href":"https:\/\/www.mexicanguitarplayers.com\/en\/wp-json\/wp\/v2\/comments?post=33141"}],"wp:featuredmedia":[{"embeddable":true,"href":"https:\/\/www.mexicanguitarplayers.com\/en\/wp-json\/wp\/v2\/media\/33140"}],"wp:attachment":[{"href":"https:\/\/www.mexicanguitarplayers.com\/en\/wp-json\/wp\/v2\/media?parent=33141"}],"wp:term":[{"taxonomy":"pwb-brand","embeddable":true,"href":"https:\/\/www.mexicanguitarplayers.com\/en\/wp-json\/wp\/v2\/pwb-brand?post=33141"},{"taxonomy":"product_brand","embeddable":true,"href":"https:\/\/www.mexicanguitarplayers.com\/en\/wp-json\/wp\/v2\/product_brand?post=33141"},{"taxonomy":"product_cat","embeddable":true,"href":"https:\/\/www.mexicanguitarplayers.com\/en\/wp-json\/wp\/v2\/product_cat?post=33141"},{"taxonomy":"product_tag","embeddable":true,"href":"https:\/\/www.mexicanguitarplayers.com\/en\/wp-json\/wp\/v2\/product_tag?post=33141"}],"curies":[{"name":"wp","href":"https:\/\/api.w.org\/{rel}","templated":true}]}}