{"id":33157,"date":"2025-04-08T21:14:07","date_gmt":"2025-04-09T03:14:07","guid":{"rendered":"https:\/\/www.mexicanguitarplayers.com\/tienda\/sin categor\u00eda\/bafle-proel-pasivo-p-pa-mod-ex-215p\/"},"modified":"2026-04-10T04:32:16","modified_gmt":"2026-04-10T10:32:16","slug":"bafle-proel-pasivo-p-pa-mod-ex-215p","status":"publish","type":"product","link":"https:\/\/www.mexicanguitarplayers.com\/en\/tienda\/audio\/bafles-y-bocinas\/bafles\/bafles-pasivos\/bafle-proel-pasivo-p-pa-mod-ex-215p\/","title":{"rendered":"BAFLE PROEL PASIVO P\/PA MOD. EX-215P"},"content":{"rendered":"<div style=\"text-align: justify\">\n<div>\n<h3>Sencillez y perfecci\u00f3n italiana.<\/h3>\n<\/div>\n<div>La serie EXTREME ha sido dise\u00f1ada para ofrecer una alta calidad de sonido a un precio muy conveniente. A fin de satisfacer este criterio, cada detalle del dise\u00f1o se estudia con cuidado para obtener el m\u00e1ximo provecho de los elementos que definen un altavoz eficaz y confiable y que pueda ofrecer un sonido potente y preciso. El resultado es una l\u00ednea completa de altavoces compactos que cualquier persona que ame la reproducci\u00f3n de sonido de calidad pueda permitirse. La serie EXTREME incluye 10 modelos, de los cuales la mayor\u00eda est\u00e1 disponible en versiones activa y pasiva, que van desde el X10 ultra compacto con woofer de 10&#8243; pulgadas hasta el EX218P con un potente subwoofer doble de 18&#8243; pulgadas. Entre las caracter\u00edsticas m\u00e1s interesantes de la serie son los resistentes gabinetes de 18 mm de MDF con terminado resistente para garantizar la m\u00e1xima durabilidad, nuestra exclusiva gu\u00eda de onda el\u00edptica, drivers de compresi\u00f3n con membrana de titanio para una definici\u00f3n excepcional en altas frecuencias y amplificadores Clase H para una respuesta din\u00e1mica \u00f3ptima en las versiones activas. Las tecnolog\u00edas y conocimientos que Proel ha empleado y probado a trav\u00e9s de los a\u00f1os de dise\u00f1o de sistemas profesionales, ha contribuido a la serie EXTREME y la convirti\u00f3 en un sistema de refuerzo sonoro de alto valor para los m\u00fasicos, DJ&#8217;s o entusiastas del audio en cualquier presupuesto.<\/div>\n<div>\n<h4>Quick look<\/h4>\n<\/div>\n<ul style=\"margin: 0px 0px 0px 25px\">\n<li style=\"list-style-type: circle;margin: 5px\">Tipo de sistema.<\/li>\n<li style=\"list-style-type: circle;margin: 5px\">Nominal impedance.<\/li>\n<li style=\"list-style-type: circle;margin: 5px\">Power.<\/li>\n<li style=\"list-style-type: circle;margin: 5px\">Frequency response.<\/li>\n<li style=\"list-style-type: circle;margin: 5px\">Sensitivity.<\/li>\n<li style=\"list-style-type: circle;margin: 5px\">Dispositivo de alta frecuencia.<\/li>\n<li style=\"list-style-type: circle;margin: 5px\">Dispositivo de baja frecuencia.<\/li>\n<li style=\"list-style-type: circle;margin: 5px\">Frecuencia de crossover.<\/li>\n<li style=\"list-style-type: circle;margin: 5px\">\u00c1ngulo de cobertura.<\/li>\n<li style=\"list-style-type: circle;margin: 5px\">\u00c1ngulo trapezoidal.<\/li>\n<li style=\"list-style-type: circle;margin: 5px\">Connectors.<\/li>\n<li style=\"list-style-type: circle;margin: 5px\">Construcci\u00f3n.<\/li>\n<li style=\"list-style-type: circle;margin: 5px\">Montaje en poste.<\/li>\n<li style=\"list-style-type: circle;margin: 5px\">Weight.<\/li>\n<li style=\"list-style-type: circle;margin: 5px\">Dimensions.<\/li>\n<\/ul>\n<div>\n<div style=\"font-weight: bold\">Tipo de sistema.<\/div>\n<div>\n<p>Gabinete ventilado Quasi de 3 v\u00edas.<\/p>\n<\/div>\n<div style=\"font-weight: bold\">Nominal impedance.<\/div>\n<div>\n<p>4 ohms.<\/p>\n<\/div>\n<div style=\"font-weight: bold\">Power.<\/div>\n<div>\n<p>Continuo: 450 watts. Pico: 900 watts.<\/p>\n<\/div>\n<div style=\"font-weight: bold\">Frequency response.<\/div>\n<div>\n<p>50 Hz &#8211; 20 kHz.<\/p>\n<\/div>\n<div style=\"font-weight: bold\">Sensitivity.<\/div>\n<div>\n<p>97 dB.<\/p>\n<\/div>\n<div style=\"font-weight: bold\">Dispositivo de alta frecuencia.<\/div>\n<div>\n<p>2 woofers de 15&#8243; pulgadas.<\/p>\n<\/div>\n<div style=\"font-weight: bold\">Dispositivo de baja frecuencia.<\/div>\n<div>\n<p>Driver de compresi\u00f3n de 1&#8243; pulgada.<\/p>\n<\/div>\n<div style=\"font-weight: bold\">Frecuencia de crossover.<\/div>\n<div>\n<p>400 Hz.<\/p>\n<\/div>\n<div style=\"font-weight: bold\">\u00c1ngulo de cobertura.<\/div>\n<div>\n<p>90\u00b0H x 60\u00b0V. <\/p>\n<\/div>\n<div style=\"font-weight: bold\">\u00c1ngulo trapezoidal.<\/div>\n<div>\n<p>10\u00b0.<\/p>\n<\/div>\n<div style=\"font-weight: bold\">Connectors.<\/div>\n<div>\n<p>2 x SPEAKON linked.<\/p>\n<\/div>\n<div style=\"font-weight: bold\">Construcci\u00f3n.<\/div>\n<div>\n<p>MDF de 18 mm.<\/p>\n<\/div>\n<div style=\"font-weight: bold\">Montaje en poste.<\/div>\n<div>\n<p>1 arriba.<\/p>\n<\/div>\n<div style=\"font-weight: bold\">Weight.<\/div>\n<div>\n<p>35 kg.<\/p>\n<\/div>\n<div style=\"font-weight: bold\">Dimensions.<\/div>\n<div>\n<p>43 x 101 x 48 cm.<\/p>\n<\/div>\n<\/div>\n<\/div>","protected":false},"excerpt":{"rendered":"<p>Bafle pasivo, gabinete vented Quasi de 3 v\u00edas, impedancia: 4 ohms, potencia: 450 watts continuos, 900 watts pico, respuesta de frecuencia: 50 Hz &#8211; 20 kHz, sensibilidad: 97 dB, 2 woofers de 15\u201d pulgadas, driver de compresi\u00f3n de 1\u201d pulgada, frecuencia de crossover: 400 Hz, cobertura: 90\u00b0H x 60\u00b0V, \u00e1ngulo trapezoidal: 10\u00b0, material: MDF de 18 mm, dimensiones: 43 x 101 x 48 cm, peso: 35 kg.&hellip; <a class=\"kt-excerpt-readmore more-link\" href=\"https:\/\/www.mexicanguitarplayers.com\/en\/tienda\/audio\/bafles-y-bocinas\/bafles\/bafles-pasivos\/bafle-proel-pasivo-p-pa-mod-ex-215p\/\">Read more<\/a><\/p>","protected":false},"featured_media":33153,"comment_status":"open","ping_status":"closed","template":"","meta":{"kt_blocks_editor_width":""},"pwb-brand":[252],"product_brand":[],"product_cat":[213,222,223,221],"product_tag":[],"class_list":{"0":"post-33157","1":"product","2":"type-product","3":"status-publish","4":"has-post-thumbnail","6":"pwb-brand-proel","7":"product_cat-audio","8":"product_cat-bafles","9":"product_cat-bafles-pasivos","10":"product_cat-bafles-y-bocinas","12":"first","13":"outofstock","14":"taxable","15":"shipping-taxable","16":"purchasable","17":"product-type-simple"},"yoast_head":"<!-- This site is optimized with the Yoast SEO plugin v27.5 - https:\/\/yoast.com\/product\/yoast-seo-wordpress\/ -->\n<title>BAFLE PROEL PASIVO P\/PA MOD. EX-215P - Mexican Guitar Players<\/title>\n<meta name=\"description\" content=\"Bafle pasivo, gabinete vented Quasi de 3 v\u00edas, impedancia: 4 ohms, potencia: 450 watts continuos, 900 watts pico, respuesta de frecuencia: 50 Hz - 20 kHz, sensibilidad: 97 dB, 2 woofers de 15\u201d pulgadas, driver de compresi\u00f3n de 1\u201d pulgada, frecuencia de crossover: 400 Hz, cobertura: 90\u00b0H x 60\u00b0V, \u00e1ngulo trapezoidal: 10\u00b0, material: MDF de 18 mm, dimensiones: 43 x 101 x 48 cm, peso: 35 kg.\" \/>\n<meta name=\"robots\" content=\"index, follow, max-snippet:-1, max-image-preview:large, max-video-preview:-1\" \/>\n<link rel=\"canonical\" href=\"https:\/\/www.mexicanguitarplayers.com\/en\/tienda\/sin%20categor\u00eda\/bafle-proel-pasivo-p-pa-mod-ex-215p\/\" \/>\n<meta property=\"og:locale\" content=\"en_US\" \/>\n<meta property=\"og:type\" content=\"article\" \/>\n<meta property=\"og:title\" content=\"BAFLE PROEL PASIVO P\/PA MOD. EX-215P - Mexican Guitar Players\" \/>\n<meta property=\"og:description\" content=\"Bafle pasivo, gabinete vented Quasi de 3 v\u00edas, impedancia: 4 ohms, potencia: 450 watts continuos, 900 watts pico, respuesta de frecuencia: 50 Hz - 20 kHz, sensibilidad: 97 dB, 2 woofers de 15\u201d pulgadas, driver de compresi\u00f3n de 1\u201d pulgada, frecuencia de crossover: 400 Hz, cobertura: 90\u00b0H x 60\u00b0V, \u00e1ngulo trapezoidal: 10\u00b0, material: MDF de 18 mm, dimensiones: 43 x 101 x 48 cm, peso: 35 kg.\" \/>\n<meta property=\"og:url\" content=\"https:\/\/www.mexicanguitarplayers.com\/en\/tienda\/sin categor\u00eda\/bafle-proel-pasivo-p-pa-mod-ex-215p\/\" \/>\n<meta property=\"og:site_name\" content=\"Mexican Guitar Players\" \/>\n<meta property=\"article:modified_time\" content=\"2026-04-10T10:32:16+00:00\" \/>\n<meta name=\"twitter:card\" content=\"summary_large_image\" \/>\n<meta name=\"twitter:label1\" content=\"Est. reading time\" \/>\n\t<meta name=\"twitter:data1\" content=\"2 minutes\" \/>\n<script type=\"application\/ld+json\" class=\"yoast-schema-graph\">{\"@context\":\"https:\\\/\\\/schema.org\",\"@graph\":[{\"@type\":[\"WebPage\",\"ItemPage\"],\"@id\":\"https:\\\/\\\/www.mexicanguitarplayers.com\\\/tienda\\\/sin categor\u00eda\\\/bafle-proel-pasivo-p-pa-mod-ex-215p\\\/\",\"url\":\"https:\\\/\\\/www.mexicanguitarplayers.com\\\/tienda\\\/sin categor\u00eda\\\/bafle-proel-pasivo-p-pa-mod-ex-215p\\\/\",\"name\":\"BAFLE PROEL PASIVO P\\\/PA MOD. EX-215P - Mexican Guitar Players\",\"isPartOf\":{\"@id\":\"https:\\\/\\\/www.mexicanguitarplayers.com\\\/#website\"},\"primaryImageOfPage\":{\"@id\":\"https:\\\/\\\/www.mexicanguitarplayers.com\\\/tienda\\\/sin categor\u00eda\\\/bafle-proel-pasivo-p-pa-mod-ex-215p\\\/#primaryimage\"},\"image\":{\"@id\":\"https:\\\/\\\/www.mexicanguitarplayers.com\\\/tienda\\\/sin categor\u00eda\\\/bafle-proel-pasivo-p-pa-mod-ex-215p\\\/#primaryimage\"},\"thumbnailUrl\":\"https:\\\/\\\/www.mexicanguitarplayers.com\\\/wp-content\\\/uploads\\\/2025\\\/04\\\/IAPREEX215P.jpg\",\"datePublished\":\"2025-04-09T03:14:07+00:00\",\"dateModified\":\"2026-04-10T10:32:16+00:00\",\"description\":\"Bafle pasivo, gabinete vented Quasi de 3 v\u00edas, impedancia: 4 ohms, potencia: 450 watts continuos, 900 watts pico, respuesta de frecuencia: 50 Hz - 20 kHz, sensibilidad: 97 dB, 2 woofers de 15\u201d pulgadas, driver de compresi\u00f3n de 1\u201d pulgada, frecuencia de crossover: 400 Hz, cobertura: 90\u00b0H x 60\u00b0V, \u00e1ngulo trapezoidal: 10\u00b0, material: MDF de 18 mm, dimensiones: 43 x 101 x 48 cm, peso: 35 kg.\",\"breadcrumb\":{\"@id\":\"https:\\\/\\\/www.mexicanguitarplayers.com\\\/tienda\\\/sin categor\u00eda\\\/bafle-proel-pasivo-p-pa-mod-ex-215p\\\/#breadcrumb\"},\"inLanguage\":\"en-US\",\"potentialAction\":[{\"@type\":\"ReadAction\",\"target\":[\"https:\\\/\\\/www.mexicanguitarplayers.com\\\/tienda\\\/sin categor\u00eda\\\/bafle-proel-pasivo-p-pa-mod-ex-215p\\\/\"]}]},{\"@type\":\"ImageObject\",\"inLanguage\":\"en-US\",\"@id\":\"https:\\\/\\\/www.mexicanguitarplayers.com\\\/tienda\\\/sin categor\u00eda\\\/bafle-proel-pasivo-p-pa-mod-ex-215p\\\/#primaryimage\",\"url\":\"https:\\\/\\\/www.mexicanguitarplayers.com\\\/wp-content\\\/uploads\\\/2025\\\/04\\\/IAPREEX215P.jpg\",\"contentUrl\":\"https:\\\/\\\/www.mexicanguitarplayers.com\\\/wp-content\\\/uploads\\\/2025\\\/04\\\/IAPREEX215P.jpg\",\"width\":800,\"height\":1600},{\"@type\":\"BreadcrumbList\",\"@id\":\"https:\\\/\\\/www.mexicanguitarplayers.com\\\/tienda\\\/sin categor\u00eda\\\/bafle-proel-pasivo-p-pa-mod-ex-215p\\\/#breadcrumb\",\"itemListElement\":[{\"@type\":\"ListItem\",\"position\":1,\"name\":\"Portada\",\"item\":\"https:\\\/\\\/www.mexicanguitarplayers.com\\\/\"},{\"@type\":\"ListItem\",\"position\":2,\"name\":\"Tienda\",\"item\":\"https:\\\/\\\/www.mexicanguitarplayers.com\\\/tienda\\\/\"},{\"@type\":\"ListItem\",\"position\":3,\"name\":\"BAFLE PROEL PASIVO P\\\/PA MOD. EX-215P\"}]},{\"@type\":\"WebSite\",\"@id\":\"https:\\\/\\\/www.mexicanguitarplayers.com\\\/#website\",\"url\":\"https:\\\/\\\/www.mexicanguitarplayers.com\\\/\",\"name\":\"Mexican Guitar Players\",\"description\":\"Website\",\"publisher\":{\"@id\":\"https:\\\/\\\/www.mexicanguitarplayers.com\\\/#organization\"},\"potentialAction\":[{\"@type\":\"SearchAction\",\"target\":{\"@type\":\"EntryPoint\",\"urlTemplate\":\"https:\\\/\\\/www.mexicanguitarplayers.com\\\/?s={search_term_string}\"},\"query-input\":{\"@type\":\"PropertyValueSpecification\",\"valueRequired\":true,\"valueName\":\"search_term_string\"}}],\"inLanguage\":\"en-US\"},{\"@type\":\"Organization\",\"@id\":\"https:\\\/\\\/www.mexicanguitarplayers.com\\\/#organization\",\"name\":\"Mexican Guitar Players\",\"url\":\"https:\\\/\\\/www.mexicanguitarplayers.com\\\/\",\"logo\":{\"@type\":\"ImageObject\",\"inLanguage\":\"en-US\",\"@id\":\"https:\\\/\\\/www.mexicanguitarplayers.com\\\/#\\\/schema\\\/logo\\\/image\\\/\",\"url\":\"\",\"contentUrl\":\"\",\"caption\":\"Mexican Guitar Players\"},\"image\":{\"@id\":\"https:\\\/\\\/www.mexicanguitarplayers.com\\\/#\\\/schema\\\/logo\\\/image\\\/\"}}]}<\/script>\n<!-- \/ Yoast SEO plugin. -->","yoast_head_json":{"title":"BAFLE PROEL PASIVO P\/PA MOD. EX-215P - Mexican Guitar Players","description":"Bafle pasivo, gabinete vented Quasi de 3 v\u00edas, impedancia: 4 ohms, potencia: 450 watts continuos, 900 watts pico, respuesta de frecuencia: 50 Hz - 20 kHz, sensibilidad: 97 dB, 2 woofers de 15\u201d pulgadas, driver de compresi\u00f3n de 1\u201d pulgada, frecuencia de crossover: 400 Hz, cobertura: 90\u00b0H x 60\u00b0V, \u00e1ngulo trapezoidal: 10\u00b0, material: MDF de 18 mm, dimensiones: 43 x 101 x 48 cm, peso: 35 kg.","robots":{"index":"index","follow":"follow","max-snippet":"max-snippet:-1","max-image-preview":"max-image-preview:large","max-video-preview":"max-video-preview:-1"},"canonical":"https:\/\/www.mexicanguitarplayers.com\/en\/tienda\/sin categor\u00eda\/bafle-proel-pasivo-p-pa-mod-ex-215p\/","og_locale":"en_US","og_type":"article","og_title":"BAFLE PROEL PASIVO P\/PA MOD. EX-215P - Mexican Guitar Players","og_description":"Bafle pasivo, gabinete vented Quasi de 3 v\u00edas, impedancia: 4 ohms, potencia: 450 watts continuos, 900 watts pico, respuesta de frecuencia: 50 Hz - 20 kHz, sensibilidad: 97 dB, 2 woofers de 15\u201d pulgadas, driver de compresi\u00f3n de 1\u201d pulgada, frecuencia de crossover: 400 Hz, cobertura: 90\u00b0H x 60\u00b0V, \u00e1ngulo trapezoidal: 10\u00b0, material: MDF de 18 mm, dimensiones: 43 x 101 x 48 cm, peso: 35 kg.","og_url":"https:\/\/www.mexicanguitarplayers.com\/en\/tienda\/sin categor\u00eda\/bafle-proel-pasivo-p-pa-mod-ex-215p\/","og_site_name":"Mexican Guitar Players","article_modified_time":"2026-04-10T10:32:16+00:00","twitter_card":"summary_large_image","twitter_misc":{"Est. reading time":"2 minutes"},"schema":{"@context":"https:\/\/schema.org","@graph":[{"@type":["WebPage","ItemPage"],"@id":"https:\/\/www.mexicanguitarplayers.com\/tienda\/sin categor\u00eda\/bafle-proel-pasivo-p-pa-mod-ex-215p\/","url":"https:\/\/www.mexicanguitarplayers.com\/tienda\/sin categor\u00eda\/bafle-proel-pasivo-p-pa-mod-ex-215p\/","name":"BAFLE PROEL PASIVO P\/PA MOD. EX-215P - Mexican Guitar Players","isPartOf":{"@id":"https:\/\/www.mexicanguitarplayers.com\/#website"},"primaryImageOfPage":{"@id":"https:\/\/www.mexicanguitarplayers.com\/tienda\/sin categor\u00eda\/bafle-proel-pasivo-p-pa-mod-ex-215p\/#primaryimage"},"image":{"@id":"https:\/\/www.mexicanguitarplayers.com\/tienda\/sin categor\u00eda\/bafle-proel-pasivo-p-pa-mod-ex-215p\/#primaryimage"},"thumbnailUrl":"https:\/\/www.mexicanguitarplayers.com\/wp-content\/uploads\/2025\/04\/IAPREEX215P.jpg","datePublished":"2025-04-09T03:14:07+00:00","dateModified":"2026-04-10T10:32:16+00:00","description":"Bafle pasivo, gabinete vented Quasi de 3 v\u00edas, impedancia: 4 ohms, potencia: 450 watts continuos, 900 watts pico, respuesta de frecuencia: 50 Hz - 20 kHz, sensibilidad: 97 dB, 2 woofers de 15\u201d pulgadas, driver de compresi\u00f3n de 1\u201d pulgada, frecuencia de crossover: 400 Hz, cobertura: 90\u00b0H x 60\u00b0V, \u00e1ngulo trapezoidal: 10\u00b0, material: MDF de 18 mm, dimensiones: 43 x 101 x 48 cm, peso: 35 kg.","breadcrumb":{"@id":"https:\/\/www.mexicanguitarplayers.com\/tienda\/sin categor\u00eda\/bafle-proel-pasivo-p-pa-mod-ex-215p\/#breadcrumb"},"inLanguage":"en-US","potentialAction":[{"@type":"ReadAction","target":["https:\/\/www.mexicanguitarplayers.com\/tienda\/sin categor\u00eda\/bafle-proel-pasivo-p-pa-mod-ex-215p\/"]}]},{"@type":"ImageObject","inLanguage":"en-US","@id":"https:\/\/www.mexicanguitarplayers.com\/tienda\/sin categor\u00eda\/bafle-proel-pasivo-p-pa-mod-ex-215p\/#primaryimage","url":"https:\/\/www.mexicanguitarplayers.com\/wp-content\/uploads\/2025\/04\/IAPREEX215P.jpg","contentUrl":"https:\/\/www.mexicanguitarplayers.com\/wp-content\/uploads\/2025\/04\/IAPREEX215P.jpg","width":800,"height":1600},{"@type":"BreadcrumbList","@id":"https:\/\/www.mexicanguitarplayers.com\/tienda\/sin categor\u00eda\/bafle-proel-pasivo-p-pa-mod-ex-215p\/#breadcrumb","itemListElement":[{"@type":"ListItem","position":1,"name":"Portada","item":"https:\/\/www.mexicanguitarplayers.com\/"},{"@type":"ListItem","position":2,"name":"Tienda","item":"https:\/\/www.mexicanguitarplayers.com\/tienda\/"},{"@type":"ListItem","position":3,"name":"BAFLE PROEL PASIVO P\/PA MOD. EX-215P"}]},{"@type":"WebSite","@id":"https:\/\/www.mexicanguitarplayers.com\/#website","url":"https:\/\/www.mexicanguitarplayers.com\/","name":"Mexican Guitar Players","description":"Website","publisher":{"@id":"https:\/\/www.mexicanguitarplayers.com\/#organization"},"potentialAction":[{"@type":"SearchAction","target":{"@type":"EntryPoint","urlTemplate":"https:\/\/www.mexicanguitarplayers.com\/?s={search_term_string}"},"query-input":{"@type":"PropertyValueSpecification","valueRequired":true,"valueName":"search_term_string"}}],"inLanguage":"en-US"},{"@type":"Organization","@id":"https:\/\/www.mexicanguitarplayers.com\/#organization","name":"Mexican Guitar Players","url":"https:\/\/www.mexicanguitarplayers.com\/","logo":{"@type":"ImageObject","inLanguage":"en-US","@id":"https:\/\/www.mexicanguitarplayers.com\/#\/schema\/logo\/image\/","url":"","contentUrl":"","caption":"Mexican Guitar Players"},"image":{"@id":"https:\/\/www.mexicanguitarplayers.com\/#\/schema\/logo\/image\/"}}]}},"brands":[{"id":252,"name":"PROEL","slug":"proel"}],"_links":{"self":[{"href":"https:\/\/www.mexicanguitarplayers.com\/en\/wp-json\/wp\/v2\/product\/33157","targetHints":{"allow":["GET"]}}],"collection":[{"href":"https:\/\/www.mexicanguitarplayers.com\/en\/wp-json\/wp\/v2\/product"}],"about":[{"href":"https:\/\/www.mexicanguitarplayers.com\/en\/wp-json\/wp\/v2\/types\/product"}],"replies":[{"embeddable":true,"href":"https:\/\/www.mexicanguitarplayers.com\/en\/wp-json\/wp\/v2\/comments?post=33157"}],"wp:featuredmedia":[{"embeddable":true,"href":"https:\/\/www.mexicanguitarplayers.com\/en\/wp-json\/wp\/v2\/media\/33153"}],"wp:attachment":[{"href":"https:\/\/www.mexicanguitarplayers.com\/en\/wp-json\/wp\/v2\/media?parent=33157"}],"wp:term":[{"taxonomy":"pwb-brand","embeddable":true,"href":"https:\/\/www.mexicanguitarplayers.com\/en\/wp-json\/wp\/v2\/pwb-brand?post=33157"},{"taxonomy":"product_brand","embeddable":true,"href":"https:\/\/www.mexicanguitarplayers.com\/en\/wp-json\/wp\/v2\/product_brand?post=33157"},{"taxonomy":"product_cat","embeddable":true,"href":"https:\/\/www.mexicanguitarplayers.com\/en\/wp-json\/wp\/v2\/product_cat?post=33157"},{"taxonomy":"product_tag","embeddable":true,"href":"https:\/\/www.mexicanguitarplayers.com\/en\/wp-json\/wp\/v2\/product_tag?post=33157"}],"curies":[{"name":"wp","href":"https:\/\/api.w.org\/{rel}","templated":true}]}}