{"id":33172,"date":"2025-04-08T21:14:25","date_gmt":"2025-04-09T03:14:25","guid":{"rendered":"https:\/\/www.mexicanguitarplayers.com\/tienda\/sin categor\u00eda\/bafle-turbosound-mod-tfx122m-an\/"},"modified":"2026-05-01T07:22:57","modified_gmt":"2026-05-01T13:22:57","slug":"bafle-turbosound-mod-tfx122m-an","status":"publish","type":"product","link":"https:\/\/www.mexicanguitarplayers.com\/en\/tienda\/audio\/bafles-y-bocinas\/bafles\/bafles-activos\/bafle-turbosound-mod-tfx122m-an\/","title":{"rendered":"BAFLE TURBOSOUND MOD. TFX122M-AN"},"content":{"rendered":"<div style=\"text-align: justify\">\n<div>\n<h3>BAFLE TURBOSOUND MOD. TFX122M-AN<\/h3>\n<\/div>\n<div>El TFX122M-AN es un sistema de altavoces autoamplificado de 12&#8243; y 2 v\u00edas con una potencia de 1,100 vatios que est\u00e1 especialmente dise\u00f1ado para una amplia gama de aplicaciones port\u00e1tiles de refuerzo de sonido para m\u00fasica y discursos. Dise\u00f1ado para funcionar de forma independiente sin necesidad de un controlador, el TFX122M-AN proporciona un rendimiento \u00f3ptimo para monitoreo de cu\u00f1a y es una opci\u00f3n excepcional para aplicaciones de FOH (Front of House), sidefill y l\u00edneas de retardo.<\/div>\n<div>\n<h4>Characteristics<\/h4>\n<\/div>\n<div>\n<ul style=\"margin: 0px 0px 0px 25px\">\n<li style=\"list-style-type: circle;margin: 5px\">Power<\/li>\n<li style=\"list-style-type: circle;margin: 5px\">Procesamiento de se\u00f1al digital<\/li>\n<li style=\"list-style-type: circle;margin: 5px\">Connectivity<\/li>\n<li style=\"list-style-type: circle;margin: 5px\">Altavoz de baja frecuencia:<\/li>\n<li style=\"list-style-type: circle;margin: 5px\">Driver de compresi\u00f3n<\/li>\n<li style=\"list-style-type: circle;margin: 5px\">Dise\u00f1o de perfil bajo<\/li>\n<li style=\"list-style-type: circle;margin: 5px\">Gu\u00eda de ondas de baja distorsi\u00f3n<\/li>\n<li style=\"list-style-type: circle;margin: 5px\">Interfaz de usuario<\/li>\n<li style=\"list-style-type: circle;margin: 5px\">Software de control remoto para PC:<\/li>\n<li style=\"list-style-type: circle;margin: 5px\">Carcasa<\/li>\n<li style=\"list-style-type: circle;margin: 5px\">Acabado<\/li>\n<li style=\"list-style-type: circle;margin: 5px\">Rejilla<\/li>\n<li style=\"list-style-type: circle;margin: 5px\">Asas:<\/li>\n<\/ul>\n<\/div>\n<\/div>","protected":false},"excerpt":{"rendered":"<p>El monitor de escenario bidireccional para aplicaciones port\u00e1tiles ofrece una potencia de 1,100 vatios con tecnolog\u00eda Klark Teknik Clase-D para un rendimiento \u00f3ptimo. Incorpora procesamiento de se\u00f1al digital Klark Teknik para un control total del sistema, y la conectividad ULTRANET permite la conexi\u00f3n a mezcladoras y otras fuentes de audio digital. Cuenta con un altavoz de baja frecuencia de 12\u201d con bobina de voz de baja masa para una respuesta transitoria mejorada, as\u00ed como un driver de compresi\u00f3n de domo de titanio de 1\u201d para una reproducci\u00f3n de alta frecuencia extendida. Su dise\u00f1o de perfil bajo maximiza la visibilidad del p\u00fablico, mientras que la gu\u00eda de ondas de baja distorsi\u00f3n proporciona una dispersi\u00f3n de 60\u00b0 H x 40\u00b0 V. La interfaz de usuario totalmente equipada con pantalla LCD facilita la navegaci\u00f3n, y el software de control remoto para PC est\u00e1 disponible para su descarga en turbosound.com. Fabricado con una carcasa de contrachapado de 15 mm con refuerzos de fibra de vidrio, acabado en pintura negra semi mate resistente, y una rejilla de acero perforada con recubrimiento de polvo para mayor durabilidad. Asas robustas facilitan su transporte.&hellip; <a class=\"kt-excerpt-readmore more-link\" href=\"https:\/\/www.mexicanguitarplayers.com\/en\/tienda\/audio\/bafles-y-bocinas\/bafles\/bafles-activos\/bafle-turbosound-mod-tfx122m-an\/\">Read more<\/a><\/p>","protected":false},"featured_media":33166,"comment_status":"open","ping_status":"closed","template":"","meta":{"kt_blocks_editor_width":""},"pwb-brand":[498],"product_brand":[],"product_cat":[213,222,472,221],"product_tag":[],"class_list":{"0":"post-33172","1":"product","2":"type-product","3":"status-publish","4":"has-post-thumbnail","6":"pwb-brand-turbosound","7":"product_cat-audio","8":"product_cat-bafles","9":"product_cat-bafles-activos","10":"product_cat-bafles-y-bocinas","11":"product_shipping_class-15-20-kg","13":"first","14":"instock","15":"taxable","16":"shipping-taxable","17":"purchasable","18":"product-type-simple"},"yoast_head":"<!-- This site is optimized with the Yoast SEO plugin v27.5 - https:\/\/yoast.com\/product\/yoast-seo-wordpress\/ -->\n<title>BAFLE TURBOSOUND MOD. TFX122M-AN - Mexican Guitar Players<\/title>\n<meta name=\"description\" content=\"El monitor de escenario bidireccional para aplicaciones port\u00e1tiles ofrece una potencia de 1,100 vatios con tecnolog\u00eda Klark Teknik Clase-D para un rendimiento \u00f3ptimo. Incorpora procesamiento de se\u00f1al digital Klark Teknik para un control total del sistema, y la conectividad ULTRANET permite la conexi\u00f3n a mezcladoras y otras fuentes de audio digital. Cuenta con un altavoz de baja frecuencia de 12\u201d con bobina de voz de baja masa para una respuesta transitoria mejorada, as\u00ed como un driver de compresi\u00f3n de domo de titanio de 1\u201d para una reproducci\u00f3n de alta frecuencia extendida. Su dise\u00f1o de perfil bajo maximiza la visibilidad del p\u00fablico, mientras que la gu\u00eda de ondas de baja distorsi\u00f3n proporciona una dispersi\u00f3n de 60\u00b0 H x 40\u00b0 V. La interfaz de usuario totalmente equipada con pantalla LCD facilita la navegaci\u00f3n, y el software de control remoto para PC est\u00e1 disponible para su descarga en turbosound.com. Fabricado con una carcasa de contrachapado de 15 mm con refuerzos de fibra de vidrio, acabado en pintura negra semi mate resistente, y una rejilla de acero perforada con recubrimiento de polvo para mayor durabilidad. Asas robustas facilitan su transporte.\" \/>\n<meta name=\"robots\" content=\"index, follow, max-snippet:-1, max-image-preview:large, max-video-preview:-1\" \/>\n<link rel=\"canonical\" href=\"https:\/\/www.mexicanguitarplayers.com\/en\/tienda\/sin%20categor\u00eda\/bafle-turbosound-mod-tfx122m-an\/\" \/>\n<meta property=\"og:locale\" content=\"en_US\" \/>\n<meta property=\"og:type\" content=\"article\" \/>\n<meta property=\"og:title\" content=\"BAFLE TURBOSOUND MOD. TFX122M-AN - Mexican Guitar Players\" \/>\n<meta property=\"og:description\" content=\"El monitor de escenario bidireccional para aplicaciones port\u00e1tiles ofrece una potencia de 1,100 vatios con tecnolog\u00eda Klark Teknik Clase-D para un rendimiento \u00f3ptimo. Incorpora procesamiento de se\u00f1al digital Klark Teknik para un control total del sistema, y la conectividad ULTRANET permite la conexi\u00f3n a mezcladoras y otras fuentes de audio digital. Cuenta con un altavoz de baja frecuencia de 12\u201d con bobina de voz de baja masa para una respuesta transitoria mejorada, as\u00ed como un driver de compresi\u00f3n de domo de titanio de 1\u201d para una reproducci\u00f3n de alta frecuencia extendida. Su dise\u00f1o de perfil bajo maximiza la visibilidad del p\u00fablico, mientras que la gu\u00eda de ondas de baja distorsi\u00f3n proporciona una dispersi\u00f3n de 60\u00b0 H x 40\u00b0 V. La interfaz de usuario totalmente equipada con pantalla LCD facilita la navegaci\u00f3n, y el software de control remoto para PC est\u00e1 disponible para su descarga en turbosound.com. Fabricado con una carcasa de contrachapado de 15 mm con refuerzos de fibra de vidrio, acabado en pintura negra semi mate resistente, y una rejilla de acero perforada con recubrimiento de polvo para mayor durabilidad. Asas robustas facilitan su transporte.\" \/>\n<meta property=\"og:url\" content=\"https:\/\/www.mexicanguitarplayers.com\/en\/tienda\/sin categor\u00eda\/bafle-turbosound-mod-tfx122m-an\/\" \/>\n<meta property=\"og:site_name\" content=\"Mexican Guitar Players\" \/>\n<meta property=\"article:modified_time\" content=\"2026-05-01T13:22:57+00:00\" \/>\n<meta name=\"twitter:card\" content=\"summary_large_image\" \/>\n<meta name=\"twitter:label1\" content=\"Est. reading time\" \/>\n\t<meta name=\"twitter:data1\" content=\"1 minute\" \/>\n<script type=\"application\/ld+json\" class=\"yoast-schema-graph\">{\"@context\":\"https:\\\/\\\/schema.org\",\"@graph\":[{\"@type\":[\"WebPage\",\"ItemPage\"],\"@id\":\"https:\\\/\\\/www.mexicanguitarplayers.com\\\/tienda\\\/sin categor\u00eda\\\/bafle-turbosound-mod-tfx122m-an\\\/\",\"url\":\"https:\\\/\\\/www.mexicanguitarplayers.com\\\/tienda\\\/sin categor\u00eda\\\/bafle-turbosound-mod-tfx122m-an\\\/\",\"name\":\"BAFLE TURBOSOUND MOD. TFX122M-AN - Mexican Guitar Players\",\"isPartOf\":{\"@id\":\"https:\\\/\\\/www.mexicanguitarplayers.com\\\/#website\"},\"primaryImageOfPage\":{\"@id\":\"https:\\\/\\\/www.mexicanguitarplayers.com\\\/tienda\\\/sin categor\u00eda\\\/bafle-turbosound-mod-tfx122m-an\\\/#primaryimage\"},\"image\":{\"@id\":\"https:\\\/\\\/www.mexicanguitarplayers.com\\\/tienda\\\/sin categor\u00eda\\\/bafle-turbosound-mod-tfx122m-an\\\/#primaryimage\"},\"thumbnailUrl\":\"https:\\\/\\\/www.mexicanguitarplayers.com\\\/wp-content\\\/uploads\\\/2025\\\/04\\\/IATURTFX122MAN.jpg\",\"datePublished\":\"2025-04-09T03:14:25+00:00\",\"dateModified\":\"2026-05-01T13:22:57+00:00\",\"description\":\"El monitor de escenario bidireccional para aplicaciones port\u00e1tiles ofrece una potencia de 1,100 vatios con tecnolog\u00eda Klark Teknik Clase-D para un rendimiento \u00f3ptimo. Incorpora procesamiento de se\u00f1al digital Klark Teknik para un control total del sistema, y la conectividad ULTRANET permite la conexi\u00f3n a mezcladoras y otras fuentes de audio digital. Cuenta con un altavoz de baja frecuencia de 12\u201d con bobina de voz de baja masa para una respuesta transitoria mejorada, as\u00ed como un driver de compresi\u00f3n de domo de titanio de 1\u201d para una reproducci\u00f3n de alta frecuencia extendida. Su dise\u00f1o de perfil bajo maximiza la visibilidad del p\u00fablico, mientras que la gu\u00eda de ondas de baja distorsi\u00f3n proporciona una dispersi\u00f3n de 60\u00b0 H x 40\u00b0 V. La interfaz de usuario totalmente equipada con pantalla LCD facilita la navegaci\u00f3n, y el software de control remoto para PC est\u00e1 disponible para su descarga en turbosound.com. Fabricado con una carcasa de contrachapado de 15 mm con refuerzos de fibra de vidrio, acabado en pintura negra semi mate resistente, y una rejilla de acero perforada con recubrimiento de polvo para mayor durabilidad. Asas robustas facilitan su transporte.\",\"breadcrumb\":{\"@id\":\"https:\\\/\\\/www.mexicanguitarplayers.com\\\/tienda\\\/sin categor\u00eda\\\/bafle-turbosound-mod-tfx122m-an\\\/#breadcrumb\"},\"inLanguage\":\"en-US\",\"potentialAction\":[{\"@type\":\"ReadAction\",\"target\":[\"https:\\\/\\\/www.mexicanguitarplayers.com\\\/tienda\\\/sin categor\u00eda\\\/bafle-turbosound-mod-tfx122m-an\\\/\"]}]},{\"@type\":\"ImageObject\",\"inLanguage\":\"en-US\",\"@id\":\"https:\\\/\\\/www.mexicanguitarplayers.com\\\/tienda\\\/sin categor\u00eda\\\/bafle-turbosound-mod-tfx122m-an\\\/#primaryimage\",\"url\":\"https:\\\/\\\/www.mexicanguitarplayers.com\\\/wp-content\\\/uploads\\\/2025\\\/04\\\/IATURTFX122MAN.jpg\",\"contentUrl\":\"https:\\\/\\\/www.mexicanguitarplayers.com\\\/wp-content\\\/uploads\\\/2025\\\/04\\\/IATURTFX122MAN.jpg\",\"width\":1200,\"height\":1200},{\"@type\":\"BreadcrumbList\",\"@id\":\"https:\\\/\\\/www.mexicanguitarplayers.com\\\/tienda\\\/sin categor\u00eda\\\/bafle-turbosound-mod-tfx122m-an\\\/#breadcrumb\",\"itemListElement\":[{\"@type\":\"ListItem\",\"position\":1,\"name\":\"Portada\",\"item\":\"https:\\\/\\\/www.mexicanguitarplayers.com\\\/\"},{\"@type\":\"ListItem\",\"position\":2,\"name\":\"Tienda\",\"item\":\"https:\\\/\\\/www.mexicanguitarplayers.com\\\/tienda\\\/\"},{\"@type\":\"ListItem\",\"position\":3,\"name\":\"BAFLE TURBOSOUND MOD. TFX122M-AN\"}]},{\"@type\":\"WebSite\",\"@id\":\"https:\\\/\\\/www.mexicanguitarplayers.com\\\/#website\",\"url\":\"https:\\\/\\\/www.mexicanguitarplayers.com\\\/\",\"name\":\"Mexican Guitar Players\",\"description\":\"Website\",\"publisher\":{\"@id\":\"https:\\\/\\\/www.mexicanguitarplayers.com\\\/#organization\"},\"potentialAction\":[{\"@type\":\"SearchAction\",\"target\":{\"@type\":\"EntryPoint\",\"urlTemplate\":\"https:\\\/\\\/www.mexicanguitarplayers.com\\\/?s={search_term_string}\"},\"query-input\":{\"@type\":\"PropertyValueSpecification\",\"valueRequired\":true,\"valueName\":\"search_term_string\"}}],\"inLanguage\":\"en-US\"},{\"@type\":\"Organization\",\"@id\":\"https:\\\/\\\/www.mexicanguitarplayers.com\\\/#organization\",\"name\":\"Mexican Guitar Players\",\"url\":\"https:\\\/\\\/www.mexicanguitarplayers.com\\\/\",\"logo\":{\"@type\":\"ImageObject\",\"inLanguage\":\"en-US\",\"@id\":\"https:\\\/\\\/www.mexicanguitarplayers.com\\\/#\\\/schema\\\/logo\\\/image\\\/\",\"url\":\"\",\"contentUrl\":\"\",\"caption\":\"Mexican Guitar Players\"},\"image\":{\"@id\":\"https:\\\/\\\/www.mexicanguitarplayers.com\\\/#\\\/schema\\\/logo\\\/image\\\/\"}}]}<\/script>\n<!-- \/ Yoast SEO plugin. -->","yoast_head_json":{"title":"BAFLE TURBOSOUND MOD. TFX122M-AN - Mexican Guitar Players","description":"El monitor de escenario bidireccional para aplicaciones port\u00e1tiles ofrece una potencia de 1,100 vatios con tecnolog\u00eda Klark Teknik Clase-D para un rendimiento \u00f3ptimo. Incorpora procesamiento de se\u00f1al digital Klark Teknik para un control total del sistema, y la conectividad ULTRANET permite la conexi\u00f3n a mezcladoras y otras fuentes de audio digital. Cuenta con un altavoz de baja frecuencia de 12\u201d con bobina de voz de baja masa para una respuesta transitoria mejorada, as\u00ed como un driver de compresi\u00f3n de domo de titanio de 1\u201d para una reproducci\u00f3n de alta frecuencia extendida. Su dise\u00f1o de perfil bajo maximiza la visibilidad del p\u00fablico, mientras que la gu\u00eda de ondas de baja distorsi\u00f3n proporciona una dispersi\u00f3n de 60\u00b0 H x 40\u00b0 V. La interfaz de usuario totalmente equipada con pantalla LCD facilita la navegaci\u00f3n, y el software de control remoto para PC est\u00e1 disponible para su descarga en turbosound.com. Fabricado con una carcasa de contrachapado de 15 mm con refuerzos de fibra de vidrio, acabado en pintura negra semi mate resistente, y una rejilla de acero perforada con recubrimiento de polvo para mayor durabilidad. Asas robustas facilitan su transporte.","robots":{"index":"index","follow":"follow","max-snippet":"max-snippet:-1","max-image-preview":"max-image-preview:large","max-video-preview":"max-video-preview:-1"},"canonical":"https:\/\/www.mexicanguitarplayers.com\/en\/tienda\/sin categor\u00eda\/bafle-turbosound-mod-tfx122m-an\/","og_locale":"en_US","og_type":"article","og_title":"BAFLE TURBOSOUND MOD. TFX122M-AN - Mexican Guitar Players","og_description":"El monitor de escenario bidireccional para aplicaciones port\u00e1tiles ofrece una potencia de 1,100 vatios con tecnolog\u00eda Klark Teknik Clase-D para un rendimiento \u00f3ptimo. Incorpora procesamiento de se\u00f1al digital Klark Teknik para un control total del sistema, y la conectividad ULTRANET permite la conexi\u00f3n a mezcladoras y otras fuentes de audio digital. Cuenta con un altavoz de baja frecuencia de 12\u201d con bobina de voz de baja masa para una respuesta transitoria mejorada, as\u00ed como un driver de compresi\u00f3n de domo de titanio de 1\u201d para una reproducci\u00f3n de alta frecuencia extendida. Su dise\u00f1o de perfil bajo maximiza la visibilidad del p\u00fablico, mientras que la gu\u00eda de ondas de baja distorsi\u00f3n proporciona una dispersi\u00f3n de 60\u00b0 H x 40\u00b0 V. La interfaz de usuario totalmente equipada con pantalla LCD facilita la navegaci\u00f3n, y el software de control remoto para PC est\u00e1 disponible para su descarga en turbosound.com. Fabricado con una carcasa de contrachapado de 15 mm con refuerzos de fibra de vidrio, acabado en pintura negra semi mate resistente, y una rejilla de acero perforada con recubrimiento de polvo para mayor durabilidad. Asas robustas facilitan su transporte.","og_url":"https:\/\/www.mexicanguitarplayers.com\/en\/tienda\/sin categor\u00eda\/bafle-turbosound-mod-tfx122m-an\/","og_site_name":"Mexican Guitar Players","article_modified_time":"2026-05-01T13:22:57+00:00","twitter_card":"summary_large_image","twitter_misc":{"Est. reading time":"1 minute"},"schema":{"@context":"https:\/\/schema.org","@graph":[{"@type":["WebPage","ItemPage"],"@id":"https:\/\/www.mexicanguitarplayers.com\/tienda\/sin categor\u00eda\/bafle-turbosound-mod-tfx122m-an\/","url":"https:\/\/www.mexicanguitarplayers.com\/tienda\/sin categor\u00eda\/bafle-turbosound-mod-tfx122m-an\/","name":"BAFLE TURBOSOUND MOD. TFX122M-AN - Mexican Guitar Players","isPartOf":{"@id":"https:\/\/www.mexicanguitarplayers.com\/#website"},"primaryImageOfPage":{"@id":"https:\/\/www.mexicanguitarplayers.com\/tienda\/sin categor\u00eda\/bafle-turbosound-mod-tfx122m-an\/#primaryimage"},"image":{"@id":"https:\/\/www.mexicanguitarplayers.com\/tienda\/sin categor\u00eda\/bafle-turbosound-mod-tfx122m-an\/#primaryimage"},"thumbnailUrl":"https:\/\/www.mexicanguitarplayers.com\/wp-content\/uploads\/2025\/04\/IATURTFX122MAN.jpg","datePublished":"2025-04-09T03:14:25+00:00","dateModified":"2026-05-01T13:22:57+00:00","description":"El monitor de escenario bidireccional para aplicaciones port\u00e1tiles ofrece una potencia de 1,100 vatios con tecnolog\u00eda Klark Teknik Clase-D para un rendimiento \u00f3ptimo. Incorpora procesamiento de se\u00f1al digital Klark Teknik para un control total del sistema, y la conectividad ULTRANET permite la conexi\u00f3n a mezcladoras y otras fuentes de audio digital. Cuenta con un altavoz de baja frecuencia de 12\u201d con bobina de voz de baja masa para una respuesta transitoria mejorada, as\u00ed como un driver de compresi\u00f3n de domo de titanio de 1\u201d para una reproducci\u00f3n de alta frecuencia extendida. Su dise\u00f1o de perfil bajo maximiza la visibilidad del p\u00fablico, mientras que la gu\u00eda de ondas de baja distorsi\u00f3n proporciona una dispersi\u00f3n de 60\u00b0 H x 40\u00b0 V. La interfaz de usuario totalmente equipada con pantalla LCD facilita la navegaci\u00f3n, y el software de control remoto para PC est\u00e1 disponible para su descarga en turbosound.com. Fabricado con una carcasa de contrachapado de 15 mm con refuerzos de fibra de vidrio, acabado en pintura negra semi mate resistente, y una rejilla de acero perforada con recubrimiento de polvo para mayor durabilidad. Asas robustas facilitan su transporte.","breadcrumb":{"@id":"https:\/\/www.mexicanguitarplayers.com\/tienda\/sin categor\u00eda\/bafle-turbosound-mod-tfx122m-an\/#breadcrumb"},"inLanguage":"en-US","potentialAction":[{"@type":"ReadAction","target":["https:\/\/www.mexicanguitarplayers.com\/tienda\/sin categor\u00eda\/bafle-turbosound-mod-tfx122m-an\/"]}]},{"@type":"ImageObject","inLanguage":"en-US","@id":"https:\/\/www.mexicanguitarplayers.com\/tienda\/sin categor\u00eda\/bafle-turbosound-mod-tfx122m-an\/#primaryimage","url":"https:\/\/www.mexicanguitarplayers.com\/wp-content\/uploads\/2025\/04\/IATURTFX122MAN.jpg","contentUrl":"https:\/\/www.mexicanguitarplayers.com\/wp-content\/uploads\/2025\/04\/IATURTFX122MAN.jpg","width":1200,"height":1200},{"@type":"BreadcrumbList","@id":"https:\/\/www.mexicanguitarplayers.com\/tienda\/sin categor\u00eda\/bafle-turbosound-mod-tfx122m-an\/#breadcrumb","itemListElement":[{"@type":"ListItem","position":1,"name":"Portada","item":"https:\/\/www.mexicanguitarplayers.com\/"},{"@type":"ListItem","position":2,"name":"Tienda","item":"https:\/\/www.mexicanguitarplayers.com\/tienda\/"},{"@type":"ListItem","position":3,"name":"BAFLE TURBOSOUND MOD. TFX122M-AN"}]},{"@type":"WebSite","@id":"https:\/\/www.mexicanguitarplayers.com\/#website","url":"https:\/\/www.mexicanguitarplayers.com\/","name":"Mexican Guitar Players","description":"Website","publisher":{"@id":"https:\/\/www.mexicanguitarplayers.com\/#organization"},"potentialAction":[{"@type":"SearchAction","target":{"@type":"EntryPoint","urlTemplate":"https:\/\/www.mexicanguitarplayers.com\/?s={search_term_string}"},"query-input":{"@type":"PropertyValueSpecification","valueRequired":true,"valueName":"search_term_string"}}],"inLanguage":"en-US"},{"@type":"Organization","@id":"https:\/\/www.mexicanguitarplayers.com\/#organization","name":"Mexican Guitar Players","url":"https:\/\/www.mexicanguitarplayers.com\/","logo":{"@type":"ImageObject","inLanguage":"en-US","@id":"https:\/\/www.mexicanguitarplayers.com\/#\/schema\/logo\/image\/","url":"","contentUrl":"","caption":"Mexican Guitar Players"},"image":{"@id":"https:\/\/www.mexicanguitarplayers.com\/#\/schema\/logo\/image\/"}}]}},"brands":[{"id":498,"name":"TURBO SOUND","slug":"turbosound"}],"_links":{"self":[{"href":"https:\/\/www.mexicanguitarplayers.com\/en\/wp-json\/wp\/v2\/product\/33172","targetHints":{"allow":["GET"]}}],"collection":[{"href":"https:\/\/www.mexicanguitarplayers.com\/en\/wp-json\/wp\/v2\/product"}],"about":[{"href":"https:\/\/www.mexicanguitarplayers.com\/en\/wp-json\/wp\/v2\/types\/product"}],"replies":[{"embeddable":true,"href":"https:\/\/www.mexicanguitarplayers.com\/en\/wp-json\/wp\/v2\/comments?post=33172"}],"wp:featuredmedia":[{"embeddable":true,"href":"https:\/\/www.mexicanguitarplayers.com\/en\/wp-json\/wp\/v2\/media\/33166"}],"wp:attachment":[{"href":"https:\/\/www.mexicanguitarplayers.com\/en\/wp-json\/wp\/v2\/media?parent=33172"}],"wp:term":[{"taxonomy":"pwb-brand","embeddable":true,"href":"https:\/\/www.mexicanguitarplayers.com\/en\/wp-json\/wp\/v2\/pwb-brand?post=33172"},{"taxonomy":"product_brand","embeddable":true,"href":"https:\/\/www.mexicanguitarplayers.com\/en\/wp-json\/wp\/v2\/product_brand?post=33172"},{"taxonomy":"product_cat","embeddable":true,"href":"https:\/\/www.mexicanguitarplayers.com\/en\/wp-json\/wp\/v2\/product_cat?post=33172"},{"taxonomy":"product_tag","embeddable":true,"href":"https:\/\/www.mexicanguitarplayers.com\/en\/wp-json\/wp\/v2\/product_tag?post=33172"}],"curies":[{"name":"wp","href":"https:\/\/api.w.org\/{rel}","templated":true}]}}