{"id":33182,"date":"2025-04-08T21:14:38","date_gmt":"2025-04-09T03:14:38","guid":{"rendered":"https:\/\/www.mexicanguitarplayers.com\/tienda\/sin categor\u00eda\/bafle-audiocenter-subwoofer-sa3218\/"},"modified":"2026-04-10T04:32:12","modified_gmt":"2026-04-10T10:32:12","slug":"bafle-audiocenter-subwoofer-sa3218","status":"publish","type":"product","link":"https:\/\/www.mexicanguitarplayers.com\/en\/tienda\/audio\/bafles-y-bocinas\/bafles\/bafles-activos\/bafle-audiocenter-subwoofer-sa3218\/","title":{"rendered":"BAFLE AUDIOCENTER SUBWOOFER SA3218"},"content":{"rendered":"<div style=\"text-align: justify\">\n<div>\n<h3>Un gran sistema de audio.<\/h3>\n<\/div>\n<div>La serie SA3 de Audiocenter es el \u00faltimo altavoz activo controlado por DSP con alto rendimiento y una gran relaci\u00f3n entre calidad y precio. SA3 est\u00e1 construido con tecnolog\u00eda BrainCore, que analiza y procesa la se\u00f1al de entrada, el m\u00f3dulo DSP y el amplificador Clase D de manera \u00f3ptima, mejorando significativamente el rendimiento de audio del sistema. El Bluetooth incorporado hace que varios dispositivos Bluetooth puedan conectarse f\u00e1cilmente a los altavoces de la serie SA3 y obtener la salida de audio. SA3 est\u00e1 dise\u00f1ado tanto para instalaci\u00f3n fija y giras, as\u00ed como para salas de conferencias, salas multiusos, lugares de culto, museos, bodas, conferencias, DJ, monitores de escenario, etc. 3 filtros pasa-bajos (80 Hz, 100 Hz, 120 Hz) en el SA3218 est\u00e1n disponibles para elegir seg\u00fan diferentes lugares y estilos musicales. Tambi\u00e9n hay un cambio de fase. Todos los conectores y botones de funci\u00f3n est\u00e1n en el panel posterior. El subwoofer SA3218 viene con XLR de 1 v\u00eda para entrada y salida. Las se\u00f1ales se pueden enviar a diferentes altavoces para distribuci\u00f3n de audio.<\/div>\n<div>\n<h4>Quick look<\/h4>\n<\/div>\n<ul style=\"margin: 0px 0px 0px 25px\">\n<li style=\"list-style-type: circle;margin: 5px\">Kind.<\/li>\n<li style=\"list-style-type: circle;margin: 5px\">Respuesta de frecuencia (c\u00e1mara anecoica -6 dB).<\/li>\n<li style=\"list-style-type: circle;margin: 5px\">Maximum SPL.<\/li>\n<li style=\"list-style-type: circle;margin: 5px\">Driver LF.<\/li>\n<li style=\"list-style-type: circle;margin: 5px\">Amplifier.<\/li>\n<li style=\"list-style-type: circle;margin: 5px\">DSP.<\/li>\n<li style=\"list-style-type: circle;margin: 5px\">Entrada\/Salida.<\/li>\n<li style=\"list-style-type: circle;margin: 5px\">Gabinete.<\/li>\n<li style=\"list-style-type: circle;margin: 5px\">Dimensions.<\/li>\n<li style=\"list-style-type: circle;margin: 5px\">Weight.<\/li>\n<\/ul>\n<div>\n<div style=\"font-weight: bold\">Kind.<\/div>\n<div>\n<p>Bafle activo de rango completo controlado por DSP.<\/p>\n<\/div>\n<div style=\"font-weight: bold\">Respuesta de frecuencia (c\u00e1mara anecoica -6 dB).<\/div>\n<div>\n<p>35 Hz &#8211;  150 Hz.<\/p>\n<\/div>\n<div style=\"font-weight: bold\">Maximum SPL.<\/div>\n<div>\n<p>140 dB.<\/p>\n<\/div>\n<div style=\"font-weight: bold\">Driver LF.<\/div>\n<div>\n<p>2 altavoces Audiocenter personalizados de 18\u201d con im\u00e1n de ferrita y bobina m\u00f3vil de 4\u201d pulgadas.<\/p>\n<\/div>\n<div style=\"font-weight: bold\">Amplifier.<\/div>\n<div>\n<p>Circuiter\u00eda del amplificador: Clase D. Potencia: 4000W pico. Respuesta de frecuencia de amplificador: (1W 8 ohms 2 canales): 20 Hz \u2013 6 kHz (\u00b10.5 dB). Distorsi\u00f3n de intermodulaci\u00f3n: &lt;0.05% Distorsi\u00f3n arm\u00f3nica total: &lt;0.05% Protecci\u00f3n DC, corto circuito,  sobrecarga, sobrecarga de entrada, sobrecarga de salida, arranque suave, sobretensi\u00f3n y subtensi\u00f3n. Sistema de enfriamiento: Enfriamiento con ventiladores, convecci\u00f3n de aire.<\/p>\n<\/div>\n<div style=\"font-weight: bold\">DSP.<\/div>\n<div>\n<p>Procesador: 96 kHz frecuencia de muestreo de la se\u00f1al, precisi\u00f3n de 24 bits. Preajustes: 80 Hz, 100 Hz, 120 Hz. Crossover: Controlado por DSP.<\/p>\n<\/div>\n<div style=\"font-weight: bold\">Entrada\/Salida.<\/div>\n<div>\n<p>Entrada de se\u00f1al: 1 XLR NEUTRIK hembra. Salida de se\u00f1al: 1 XLR NEUTRIK\u00ae macho. Entrada de energ\u00eda: Plug de 3 pines. Voltaje de funcionamiento: 100V-130V\/60Hz o 220V-240V\/50Hz.<\/p>\n<\/div>\n<div style=\"font-weight: bold\">Gabinete.<\/div>\n<div>\n<p>Material del gabinete: CNC de excelente madera. Polo de montaje: Base M20, F35 mm.<\/p>\n<\/div>\n<div style=\"font-weight: bold\">Dimensions.<\/div>\n<div>\n<p>988 \u00d7 520 \u00d7 714 mm.<\/p>\n<\/div>\n<div style=\"font-weight: bold\">Weight.<\/div>\n<div>\n<p>70 kg.<\/p>\n<\/div>\n<\/div>\n<\/div>","protected":false},"excerpt":{"rendered":"<p>Subwoofer activo con dos altavoces AudioCenter personalizados de 18\u201d cada uno, im\u00e1n de ferrita, bobina m\u00f3vil 4\u201d y gabinete de madera, amplificador clase D, potencia de 4000W pico, 140 dB m\u00e1ximo, respuesta de frecuencia de 20 Hz &#8211; 6 kHz, 3 filtros pasa bajas en (80 Hz, 100 Hz, 120 Hz), opci\u00f3n de cambio de fase, todos los botones y conectores en la parte posterior, un conector XLR para la entrada y otro para a salida, con opci\u00f3n a enviar la se\u00f1al a diferentes sistemas, cuando necesitamos distribuirla a m\u00e1s lugares, sistema de enfriamiento por medio de potentes ventiladores y convecci\u00f3n de aire, protecci\u00f3n para cortos circuitos, sobrecarga, sobre carga de entrada, sobre carga de salida y arranque suave, configurable con los dem\u00e1s sistemas que ofrece la serie SA3, voltaje de funcionamiento: 100v-130v\/60Hz o 220V-240V\/50Hz.&hellip; <a class=\"kt-excerpt-readmore more-link\" href=\"https:\/\/www.mexicanguitarplayers.com\/en\/tienda\/audio\/bafles-y-bocinas\/bafles\/bafles-activos\/bafle-audiocenter-subwoofer-sa3218\/\">Read more<\/a><\/p>","protected":false},"featured_media":33180,"comment_status":"open","ping_status":"closed","template":"","meta":{"kt_blocks_editor_width":""},"pwb-brand":[525],"product_brand":[],"product_cat":[213,222,472,221],"product_tag":[],"class_list":{"0":"post-33182","1":"product","2":"type-product","3":"status-publish","4":"has-post-thumbnail","6":"pwb-brand-audiocenter","7":"product_cat-audio","8":"product_cat-bafles","9":"product_cat-bafles-activos","10":"product_cat-bafles-y-bocinas","12":"first","13":"outofstock","14":"taxable","15":"shipping-taxable","16":"purchasable","17":"product-type-simple"},"yoast_head":"<!-- This site is optimized with the Yoast SEO plugin v27.5 - https:\/\/yoast.com\/product\/yoast-seo-wordpress\/ -->\n<title>BAFLE AUDIOCENTER SUBWOOFER SA3218 - Mexican Guitar Players<\/title>\n<meta name=\"description\" content=\"Subwoofer activo con dos altavoces AudioCenter personalizados de 18\u201d cada uno, im\u00e1n de ferrita, bobina m\u00f3vil 4\u201d y gabinete de madera, amplificador clase D, potencia de 4000W pico, 140 dB m\u00e1ximo, respuesta de frecuencia de 20 Hz - 6 kHz, 3 filtros pasa bajas en (80 Hz, 100 Hz, 120 Hz), opci\u00f3n de cambio de fase, todos los botones y conectores en la parte posterior, un conector XLR para la entrada y otro para a salida, con opci\u00f3n a enviar la se\u00f1al a diferentes sistemas, cuando necesitamos distribuirla a m\u00e1s lugares, sistema de enfriamiento por medio de potentes ventiladores y convecci\u00f3n de aire, protecci\u00f3n para cortos circuitos, sobrecarga, sobre carga de entrada, sobre carga de salida y arranque suave, configurable con los dem\u00e1s sistemas que ofrece la serie SA3, voltaje de funcionamiento: 100v-130v\/60Hz o 220V-240V\/50Hz.\" \/>\n<meta name=\"robots\" content=\"index, follow, max-snippet:-1, max-image-preview:large, max-video-preview:-1\" \/>\n<link rel=\"canonical\" href=\"https:\/\/www.mexicanguitarplayers.com\/en\/tienda\/sin%20categor\u00eda\/bafle-audiocenter-subwoofer-sa3218\/\" \/>\n<meta property=\"og:locale\" content=\"en_US\" \/>\n<meta property=\"og:type\" content=\"article\" \/>\n<meta property=\"og:title\" content=\"BAFLE AUDIOCENTER SUBWOOFER SA3218 - Mexican Guitar Players\" \/>\n<meta property=\"og:description\" content=\"Subwoofer activo con dos altavoces AudioCenter personalizados de 18\u201d cada uno, im\u00e1n de ferrita, bobina m\u00f3vil 4\u201d y gabinete de madera, amplificador clase D, potencia de 4000W pico, 140 dB m\u00e1ximo, respuesta de frecuencia de 20 Hz - 6 kHz, 3 filtros pasa bajas en (80 Hz, 100 Hz, 120 Hz), opci\u00f3n de cambio de fase, todos los botones y conectores en la parte posterior, un conector XLR para la entrada y otro para a salida, con opci\u00f3n a enviar la se\u00f1al a diferentes sistemas, cuando necesitamos distribuirla a m\u00e1s lugares, sistema de enfriamiento por medio de potentes ventiladores y convecci\u00f3n de aire, protecci\u00f3n para cortos circuitos, sobrecarga, sobre carga de entrada, sobre carga de salida y arranque suave, configurable con los dem\u00e1s sistemas que ofrece la serie SA3, voltaje de funcionamiento: 100v-130v\/60Hz o 220V-240V\/50Hz.\" \/>\n<meta property=\"og:url\" content=\"https:\/\/www.mexicanguitarplayers.com\/en\/tienda\/sin categor\u00eda\/bafle-audiocenter-subwoofer-sa3218\/\" \/>\n<meta property=\"og:site_name\" content=\"Mexican Guitar Players\" \/>\n<meta property=\"article:modified_time\" content=\"2026-04-10T10:32:12+00:00\" \/>\n<meta name=\"twitter:card\" content=\"summary_large_image\" \/>\n<meta name=\"twitter:label1\" content=\"Est. reading time\" \/>\n\t<meta name=\"twitter:data1\" content=\"2 minutes\" \/>\n<script type=\"application\/ld+json\" class=\"yoast-schema-graph\">{\"@context\":\"https:\\\/\\\/schema.org\",\"@graph\":[{\"@type\":[\"WebPage\",\"ItemPage\"],\"@id\":\"https:\\\/\\\/www.mexicanguitarplayers.com\\\/tienda\\\/sin categor\u00eda\\\/bafle-audiocenter-subwoofer-sa3218\\\/\",\"url\":\"https:\\\/\\\/www.mexicanguitarplayers.com\\\/tienda\\\/sin categor\u00eda\\\/bafle-audiocenter-subwoofer-sa3218\\\/\",\"name\":\"BAFLE AUDIOCENTER SUBWOOFER SA3218 - Mexican Guitar Players\",\"isPartOf\":{\"@id\":\"https:\\\/\\\/www.mexicanguitarplayers.com\\\/#website\"},\"primaryImageOfPage\":{\"@id\":\"https:\\\/\\\/www.mexicanguitarplayers.com\\\/tienda\\\/sin categor\u00eda\\\/bafle-audiocenter-subwoofer-sa3218\\\/#primaryimage\"},\"image\":{\"@id\":\"https:\\\/\\\/www.mexicanguitarplayers.com\\\/tienda\\\/sin categor\u00eda\\\/bafle-audiocenter-subwoofer-sa3218\\\/#primaryimage\"},\"thumbnailUrl\":\"https:\\\/\\\/www.mexicanguitarplayers.com\\\/wp-content\\\/uploads\\\/2025\\\/04\\\/IAACTSA3218.jpg\",\"datePublished\":\"2025-04-09T03:14:38+00:00\",\"dateModified\":\"2026-04-10T10:32:12+00:00\",\"description\":\"Subwoofer activo con dos altavoces AudioCenter personalizados de 18\u201d cada uno, im\u00e1n de ferrita, bobina m\u00f3vil 4\u201d y gabinete de madera, amplificador clase D, potencia de 4000W pico, 140 dB m\u00e1ximo, respuesta de frecuencia de 20 Hz - 6 kHz, 3 filtros pasa bajas en (80 Hz, 100 Hz, 120 Hz), opci\u00f3n de cambio de fase, todos los botones y conectores en la parte posterior, un conector XLR para la entrada y otro para a salida, con opci\u00f3n a enviar la se\u00f1al a diferentes sistemas, cuando necesitamos distribuirla a m\u00e1s lugares, sistema de enfriamiento por medio de potentes ventiladores y convecci\u00f3n de aire, protecci\u00f3n para cortos circuitos, sobrecarga, sobre carga de entrada, sobre carga de salida y arranque suave, configurable con los dem\u00e1s sistemas que ofrece la serie SA3, voltaje de funcionamiento: 100v-130v\\\/60Hz o 220V-240V\\\/50Hz.\",\"breadcrumb\":{\"@id\":\"https:\\\/\\\/www.mexicanguitarplayers.com\\\/tienda\\\/sin categor\u00eda\\\/bafle-audiocenter-subwoofer-sa3218\\\/#breadcrumb\"},\"inLanguage\":\"en-US\",\"potentialAction\":[{\"@type\":\"ReadAction\",\"target\":[\"https:\\\/\\\/www.mexicanguitarplayers.com\\\/tienda\\\/sin categor\u00eda\\\/bafle-audiocenter-subwoofer-sa3218\\\/\"]}]},{\"@type\":\"ImageObject\",\"inLanguage\":\"en-US\",\"@id\":\"https:\\\/\\\/www.mexicanguitarplayers.com\\\/tienda\\\/sin categor\u00eda\\\/bafle-audiocenter-subwoofer-sa3218\\\/#primaryimage\",\"url\":\"https:\\\/\\\/www.mexicanguitarplayers.com\\\/wp-content\\\/uploads\\\/2025\\\/04\\\/IAACTSA3218.jpg\",\"contentUrl\":\"https:\\\/\\\/www.mexicanguitarplayers.com\\\/wp-content\\\/uploads\\\/2025\\\/04\\\/IAACTSA3218.jpg\",\"width\":1200,\"height\":1200},{\"@type\":\"BreadcrumbList\",\"@id\":\"https:\\\/\\\/www.mexicanguitarplayers.com\\\/tienda\\\/sin categor\u00eda\\\/bafle-audiocenter-subwoofer-sa3218\\\/#breadcrumb\",\"itemListElement\":[{\"@type\":\"ListItem\",\"position\":1,\"name\":\"Portada\",\"item\":\"https:\\\/\\\/www.mexicanguitarplayers.com\\\/\"},{\"@type\":\"ListItem\",\"position\":2,\"name\":\"Tienda\",\"item\":\"https:\\\/\\\/www.mexicanguitarplayers.com\\\/tienda\\\/\"},{\"@type\":\"ListItem\",\"position\":3,\"name\":\"BAFLE AUDIOCENTER SUBWOOFER SA3218\"}]},{\"@type\":\"WebSite\",\"@id\":\"https:\\\/\\\/www.mexicanguitarplayers.com\\\/#website\",\"url\":\"https:\\\/\\\/www.mexicanguitarplayers.com\\\/\",\"name\":\"Mexican Guitar Players\",\"description\":\"Website\",\"publisher\":{\"@id\":\"https:\\\/\\\/www.mexicanguitarplayers.com\\\/#organization\"},\"potentialAction\":[{\"@type\":\"SearchAction\",\"target\":{\"@type\":\"EntryPoint\",\"urlTemplate\":\"https:\\\/\\\/www.mexicanguitarplayers.com\\\/?s={search_term_string}\"},\"query-input\":{\"@type\":\"PropertyValueSpecification\",\"valueRequired\":true,\"valueName\":\"search_term_string\"}}],\"inLanguage\":\"en-US\"},{\"@type\":\"Organization\",\"@id\":\"https:\\\/\\\/www.mexicanguitarplayers.com\\\/#organization\",\"name\":\"Mexican Guitar Players\",\"url\":\"https:\\\/\\\/www.mexicanguitarplayers.com\\\/\",\"logo\":{\"@type\":\"ImageObject\",\"inLanguage\":\"en-US\",\"@id\":\"https:\\\/\\\/www.mexicanguitarplayers.com\\\/#\\\/schema\\\/logo\\\/image\\\/\",\"url\":\"\",\"contentUrl\":\"\",\"caption\":\"Mexican Guitar Players\"},\"image\":{\"@id\":\"https:\\\/\\\/www.mexicanguitarplayers.com\\\/#\\\/schema\\\/logo\\\/image\\\/\"}}]}<\/script>\n<!-- \/ Yoast SEO plugin. -->","yoast_head_json":{"title":"BAFLE AUDIOCENTER SUBWOOFER SA3218 - Mexican Guitar Players","description":"Subwoofer activo con dos altavoces AudioCenter personalizados de 18\u201d cada uno, im\u00e1n de ferrita, bobina m\u00f3vil 4\u201d y gabinete de madera, amplificador clase D, potencia de 4000W pico, 140 dB m\u00e1ximo, respuesta de frecuencia de 20 Hz - 6 kHz, 3 filtros pasa bajas en (80 Hz, 100 Hz, 120 Hz), opci\u00f3n de cambio de fase, todos los botones y conectores en la parte posterior, un conector XLR para la entrada y otro para a salida, con opci\u00f3n a enviar la se\u00f1al a diferentes sistemas, cuando necesitamos distribuirla a m\u00e1s lugares, sistema de enfriamiento por medio de potentes ventiladores y convecci\u00f3n de aire, protecci\u00f3n para cortos circuitos, sobrecarga, sobre carga de entrada, sobre carga de salida y arranque suave, configurable con los dem\u00e1s sistemas que ofrece la serie SA3, voltaje de funcionamiento: 100v-130v\/60Hz o 220V-240V\/50Hz.","robots":{"index":"index","follow":"follow","max-snippet":"max-snippet:-1","max-image-preview":"max-image-preview:large","max-video-preview":"max-video-preview:-1"},"canonical":"https:\/\/www.mexicanguitarplayers.com\/en\/tienda\/sin categor\u00eda\/bafle-audiocenter-subwoofer-sa3218\/","og_locale":"en_US","og_type":"article","og_title":"BAFLE AUDIOCENTER SUBWOOFER SA3218 - Mexican Guitar Players","og_description":"Subwoofer activo con dos altavoces AudioCenter personalizados de 18\u201d cada uno, im\u00e1n de ferrita, bobina m\u00f3vil 4\u201d y gabinete de madera, amplificador clase D, potencia de 4000W pico, 140 dB m\u00e1ximo, respuesta de frecuencia de 20 Hz - 6 kHz, 3 filtros pasa bajas en (80 Hz, 100 Hz, 120 Hz), opci\u00f3n de cambio de fase, todos los botones y conectores en la parte posterior, un conector XLR para la entrada y otro para a salida, con opci\u00f3n a enviar la se\u00f1al a diferentes sistemas, cuando necesitamos distribuirla a m\u00e1s lugares, sistema de enfriamiento por medio de potentes ventiladores y convecci\u00f3n de aire, protecci\u00f3n para cortos circuitos, sobrecarga, sobre carga de entrada, sobre carga de salida y arranque suave, configurable con los dem\u00e1s sistemas que ofrece la serie SA3, voltaje de funcionamiento: 100v-130v\/60Hz o 220V-240V\/50Hz.","og_url":"https:\/\/www.mexicanguitarplayers.com\/en\/tienda\/sin categor\u00eda\/bafle-audiocenter-subwoofer-sa3218\/","og_site_name":"Mexican Guitar Players","article_modified_time":"2026-04-10T10:32:12+00:00","twitter_card":"summary_large_image","twitter_misc":{"Est. reading time":"2 minutes"},"schema":{"@context":"https:\/\/schema.org","@graph":[{"@type":["WebPage","ItemPage"],"@id":"https:\/\/www.mexicanguitarplayers.com\/tienda\/sin categor\u00eda\/bafle-audiocenter-subwoofer-sa3218\/","url":"https:\/\/www.mexicanguitarplayers.com\/tienda\/sin categor\u00eda\/bafle-audiocenter-subwoofer-sa3218\/","name":"BAFLE AUDIOCENTER SUBWOOFER SA3218 - Mexican Guitar Players","isPartOf":{"@id":"https:\/\/www.mexicanguitarplayers.com\/#website"},"primaryImageOfPage":{"@id":"https:\/\/www.mexicanguitarplayers.com\/tienda\/sin categor\u00eda\/bafle-audiocenter-subwoofer-sa3218\/#primaryimage"},"image":{"@id":"https:\/\/www.mexicanguitarplayers.com\/tienda\/sin categor\u00eda\/bafle-audiocenter-subwoofer-sa3218\/#primaryimage"},"thumbnailUrl":"https:\/\/www.mexicanguitarplayers.com\/wp-content\/uploads\/2025\/04\/IAACTSA3218.jpg","datePublished":"2025-04-09T03:14:38+00:00","dateModified":"2026-04-10T10:32:12+00:00","description":"Subwoofer activo con dos altavoces AudioCenter personalizados de 18\u201d cada uno, im\u00e1n de ferrita, bobina m\u00f3vil 4\u201d y gabinete de madera, amplificador clase D, potencia de 4000W pico, 140 dB m\u00e1ximo, respuesta de frecuencia de 20 Hz - 6 kHz, 3 filtros pasa bajas en (80 Hz, 100 Hz, 120 Hz), opci\u00f3n de cambio de fase, todos los botones y conectores en la parte posterior, un conector XLR para la entrada y otro para a salida, con opci\u00f3n a enviar la se\u00f1al a diferentes sistemas, cuando necesitamos distribuirla a m\u00e1s lugares, sistema de enfriamiento por medio de potentes ventiladores y convecci\u00f3n de aire, protecci\u00f3n para cortos circuitos, sobrecarga, sobre carga de entrada, sobre carga de salida y arranque suave, configurable con los dem\u00e1s sistemas que ofrece la serie SA3, voltaje de funcionamiento: 100v-130v\/60Hz o 220V-240V\/50Hz.","breadcrumb":{"@id":"https:\/\/www.mexicanguitarplayers.com\/tienda\/sin categor\u00eda\/bafle-audiocenter-subwoofer-sa3218\/#breadcrumb"},"inLanguage":"en-US","potentialAction":[{"@type":"ReadAction","target":["https:\/\/www.mexicanguitarplayers.com\/tienda\/sin categor\u00eda\/bafle-audiocenter-subwoofer-sa3218\/"]}]},{"@type":"ImageObject","inLanguage":"en-US","@id":"https:\/\/www.mexicanguitarplayers.com\/tienda\/sin categor\u00eda\/bafle-audiocenter-subwoofer-sa3218\/#primaryimage","url":"https:\/\/www.mexicanguitarplayers.com\/wp-content\/uploads\/2025\/04\/IAACTSA3218.jpg","contentUrl":"https:\/\/www.mexicanguitarplayers.com\/wp-content\/uploads\/2025\/04\/IAACTSA3218.jpg","width":1200,"height":1200},{"@type":"BreadcrumbList","@id":"https:\/\/www.mexicanguitarplayers.com\/tienda\/sin categor\u00eda\/bafle-audiocenter-subwoofer-sa3218\/#breadcrumb","itemListElement":[{"@type":"ListItem","position":1,"name":"Portada","item":"https:\/\/www.mexicanguitarplayers.com\/"},{"@type":"ListItem","position":2,"name":"Tienda","item":"https:\/\/www.mexicanguitarplayers.com\/tienda\/"},{"@type":"ListItem","position":3,"name":"BAFLE AUDIOCENTER SUBWOOFER SA3218"}]},{"@type":"WebSite","@id":"https:\/\/www.mexicanguitarplayers.com\/#website","url":"https:\/\/www.mexicanguitarplayers.com\/","name":"Mexican Guitar Players","description":"Website","publisher":{"@id":"https:\/\/www.mexicanguitarplayers.com\/#organization"},"potentialAction":[{"@type":"SearchAction","target":{"@type":"EntryPoint","urlTemplate":"https:\/\/www.mexicanguitarplayers.com\/?s={search_term_string}"},"query-input":{"@type":"PropertyValueSpecification","valueRequired":true,"valueName":"search_term_string"}}],"inLanguage":"en-US"},{"@type":"Organization","@id":"https:\/\/www.mexicanguitarplayers.com\/#organization","name":"Mexican Guitar Players","url":"https:\/\/www.mexicanguitarplayers.com\/","logo":{"@type":"ImageObject","inLanguage":"en-US","@id":"https:\/\/www.mexicanguitarplayers.com\/#\/schema\/logo\/image\/","url":"","contentUrl":"","caption":"Mexican Guitar Players"},"image":{"@id":"https:\/\/www.mexicanguitarplayers.com\/#\/schema\/logo\/image\/"}}]}},"brands":[{"id":525,"name":"AUDIOCENTER","slug":"audiocenter"}],"_links":{"self":[{"href":"https:\/\/www.mexicanguitarplayers.com\/en\/wp-json\/wp\/v2\/product\/33182","targetHints":{"allow":["GET"]}}],"collection":[{"href":"https:\/\/www.mexicanguitarplayers.com\/en\/wp-json\/wp\/v2\/product"}],"about":[{"href":"https:\/\/www.mexicanguitarplayers.com\/en\/wp-json\/wp\/v2\/types\/product"}],"replies":[{"embeddable":true,"href":"https:\/\/www.mexicanguitarplayers.com\/en\/wp-json\/wp\/v2\/comments?post=33182"}],"wp:featuredmedia":[{"embeddable":true,"href":"https:\/\/www.mexicanguitarplayers.com\/en\/wp-json\/wp\/v2\/media\/33180"}],"wp:attachment":[{"href":"https:\/\/www.mexicanguitarplayers.com\/en\/wp-json\/wp\/v2\/media?parent=33182"}],"wp:term":[{"taxonomy":"pwb-brand","embeddable":true,"href":"https:\/\/www.mexicanguitarplayers.com\/en\/wp-json\/wp\/v2\/pwb-brand?post=33182"},{"taxonomy":"product_brand","embeddable":true,"href":"https:\/\/www.mexicanguitarplayers.com\/en\/wp-json\/wp\/v2\/product_brand?post=33182"},{"taxonomy":"product_cat","embeddable":true,"href":"https:\/\/www.mexicanguitarplayers.com\/en\/wp-json\/wp\/v2\/product_cat?post=33182"},{"taxonomy":"product_tag","embeddable":true,"href":"https:\/\/www.mexicanguitarplayers.com\/en\/wp-json\/wp\/v2\/product_tag?post=33182"}],"curies":[{"name":"wp","href":"https:\/\/api.w.org\/{rel}","templated":true}]}}