{"id":33207,"date":"2025-04-08T21:15:11","date_gmt":"2025-04-09T03:15:11","guid":{"rendered":"https:\/\/www.mexicanguitarplayers.com\/tienda\/sin categor\u00eda\/microfono-sennheiser-inalamb-xsw-1-ci1\/"},"modified":"2026-04-15T04:19:12","modified_gmt":"2026-04-15T10:19:12","slug":"microfono-sennheiser-inalamb-xsw-1-ci1","status":"publish","type":"product","link":"https:\/\/www.mexicanguitarplayers.com\/en\/tienda\/audio\/sistema-de-monitoreo-personal\/transmisores-y-receptores-sistema-de-monitoreo-personal\/microfono-sennheiser-inalamb-xsw-1-ci1\/","title":{"rendered":"MICROFONO SENNHEISER INALAMB. XSW 1-CI1"},"content":{"rendered":"<div style=\"text-align: justify\">\n<div>\n<h3>XSW 1-Cl1<\/h3>\n<\/div>\n<div>Amplifica tus melod\u00edas. Sistema inal\u00e1mbrico todo en uno y f\u00e1cil de usar para instrumentalistas.<\/div>\n<div>\n<h4>Characteristics<\/h4>\n<\/div>\n<div>\n<ul style=\"margin: 0px 0px 0px 25px\">\n<li style=\"list-style-type: circle;margin: 5px\">Dimensions<\/li>\n<li style=\"list-style-type: circle;margin: 5px\">THD, distorsi\u00f3n arm\u00f3nica total<\/li>\n<li style=\"list-style-type: circle;margin: 5px\">Weight<\/li>\n<li style=\"list-style-type: circle;margin: 5px\">Relaci\u00f3n se\u00f1al-ruido<\/li>\n<li style=\"list-style-type: circle;margin: 5px\">Potencia de salida de RF<\/li>\n<li style=\"list-style-type: circle;margin: 5px\">Ancho de banda de conmutaci\u00f3n<\/li>\n<li style=\"list-style-type: circle;margin: 5px\">Tiempo de operaci\u00f3n<\/li>\n<li style=\"list-style-type: circle;margin: 5px\">Modulaci\u00f3n<\/li>\n<li style=\"list-style-type: circle;margin: 5px\">Fuente de poder<\/li>\n<li style=\"list-style-type: circle;margin: 5px\">Voltaje de salida<\/li>\n<li style=\"list-style-type: circle;margin: 5px\">Armaz\u00f3n<\/li>\n<li style=\"list-style-type: circle;margin: 5px\">Frecuencia<\/li>\n<li style=\"list-style-type: circle;margin: 5px\">Rango de frecuencias<\/li>\n<li style=\"list-style-type: circle;margin: 5px\">Sensibilidad<\/li>\n<li style=\"list-style-type: circle;margin: 5px\">SPL para desviaci\u00f3n pico<\/li>\n<li style=\"list-style-type: circle;margin: 5px\">Silenciador<\/li>\n<li style=\"list-style-type: circle;margin: 5px\">Sincronizaci\u00f3n<\/li>\n<li style=\"list-style-type: circle;margin: 5px\">Sensibilidad de entrada<\/li>\n<li style=\"list-style-type: circle;margin: 5px\">Respuesta de frecuencia BF<\/li>\n<li style=\"list-style-type: circle;margin: 5px\">Adjustment Range Transmitter<\/li>\n<li style=\"list-style-type: circle;margin: 5px\">Audio adjustment range<\/li>\n<li style=\"list-style-type: circle;margin: 5px\">Line \/ Mic level<\/li>\n<li style=\"list-style-type: circle;margin: 5px\">Rango de temperatura<\/li>\n<li style=\"list-style-type: circle;margin: 5px\">Principio de receptor<\/li>\n<li style=\"list-style-type: circle;margin: 5px\">Principio Diversity<\/li>\n<\/ul>\n<\/div>\n<\/div>","protected":false},"excerpt":{"rendered":"<p>Amplifica tus melod\u00edas. Obt\u00e9n el sistema XS WIRELESS 1 y conf\u00eda en una transmisi\u00f3n inal\u00e1mbrica s\u00f3lida con hasta 10 canales compatibles y una banda UHF estable. El set para instrumentos XS WIRELESS 1 es un sistema inal\u00e1mbrico todo en uno y f\u00e1cil de usar para guitarristas y bajistas, excelente para sonido en vivo. El set incluye un receptor estacionario intuitivo, adem\u00e1s de un transmisor de bolsillo compacto y un resistente cable para instrumentos.Transmisor de bolsillo compacto, cable para instrumentos resistenteRecepci\u00f3n diversity con antena conmutableAntenas integradasGesti\u00f3n de frecuencia autom\u00e1tica y sincronizaci\u00f3n a trav\u00e9s de un canal remoto para una f\u00e1cil configuraci\u00f3nFrecuencias UHF seleccionables dentro de una amplia banda anchaHasta 10 canales compatibles&hellip; <a class=\"kt-excerpt-readmore more-link\" href=\"https:\/\/www.mexicanguitarplayers.com\/en\/tienda\/audio\/sistema-de-monitoreo-personal\/transmisores-y-receptores-sistema-de-monitoreo-personal\/microfono-sennheiser-inalamb-xsw-1-ci1\/\">Read more<\/a><\/p>","protected":false},"featured_media":33198,"comment_status":"open","ping_status":"closed","template":"","meta":{"kt_blocks_editor_width":""},"pwb-brand":[176],"product_brand":[],"product_cat":[213,214,231,245],"product_tag":[],"class_list":{"0":"post-33207","1":"product","2":"type-product","3":"status-publish","4":"has-post-thumbnail","6":"pwb-brand-sennheiser","7":"product_cat-audio","8":"product_cat-microfonia","9":"product_cat-microfonos-inalambricos","10":"product_cat-transmisores-y-receptores-sistema-de-monitoreo-personal","11":"product_shipping_class-0-5-kg","13":"first","14":"instock","15":"taxable","16":"shipping-taxable","17":"purchasable","18":"product-type-simple"},"yoast_head":"<!-- This site is optimized with the Yoast SEO plugin v27.4 - https:\/\/yoast.com\/product\/yoast-seo-wordpress\/ -->\n<title>MICROFONO SENNHEISER INALAMB. XSW 1-CI1 - Mexican Guitar Players<\/title>\n<meta name=\"description\" content=\"Amplifica tus melod\u00edas. Obt\u00e9n el sistema XS WIRELESS 1 y conf\u00eda en una transmisi\u00f3n inal\u00e1mbrica s\u00f3lida con hasta 10 canales compatibles y una banda UHF estable. El set para instrumentos XS WIRELESS 1 es un sistema inal\u00e1mbrico todo en uno y f\u00e1cil de usar para guitarristas y bajistas, excelente para sonido en vivo. El set incluye un receptor estacionario intuitivo, adem\u00e1s de un transmisor de bolsillo compacto y un resistente cable para instrumentos.Transmisor de bolsillo compacto, cable para instrumentos resistenteRecepci\u00f3n diversity con antena conmutableAntenas integradasGesti\u00f3n de frecuencia autom\u00e1tica y sincronizaci\u00f3n a trav\u00e9s de un canal remoto para una f\u00e1cil configuraci\u00f3nFrecuencias UHF seleccionables dentro de una amplia banda anchaHasta 10 canales compatibles\" \/>\n<meta name=\"robots\" content=\"index, follow, max-snippet:-1, max-image-preview:large, max-video-preview:-1\" \/>\n<link rel=\"canonical\" href=\"https:\/\/www.mexicanguitarplayers.com\/en\/tienda\/sin%20categor\u00eda\/microfono-sennheiser-inalamb-xsw-1-ci1\/\" \/>\n<meta property=\"og:locale\" content=\"en_US\" \/>\n<meta property=\"og:type\" content=\"article\" \/>\n<meta property=\"og:title\" content=\"MICROFONO SENNHEISER INALAMB. XSW 1-CI1 - Mexican Guitar Players\" \/>\n<meta property=\"og:description\" content=\"Amplifica tus melod\u00edas. Obt\u00e9n el sistema XS WIRELESS 1 y conf\u00eda en una transmisi\u00f3n inal\u00e1mbrica s\u00f3lida con hasta 10 canales compatibles y una banda UHF estable. El set para instrumentos XS WIRELESS 1 es un sistema inal\u00e1mbrico todo en uno y f\u00e1cil de usar para guitarristas y bajistas, excelente para sonido en vivo. El set incluye un receptor estacionario intuitivo, adem\u00e1s de un transmisor de bolsillo compacto y un resistente cable para instrumentos.Transmisor de bolsillo compacto, cable para instrumentos resistenteRecepci\u00f3n diversity con antena conmutableAntenas integradasGesti\u00f3n de frecuencia autom\u00e1tica y sincronizaci\u00f3n a trav\u00e9s de un canal remoto para una f\u00e1cil configuraci\u00f3nFrecuencias UHF seleccionables dentro de una amplia banda anchaHasta 10 canales compatibles\" \/>\n<meta property=\"og:url\" content=\"https:\/\/www.mexicanguitarplayers.com\/en\/tienda\/sin categor\u00eda\/microfono-sennheiser-inalamb-xsw-1-ci1\/\" \/>\n<meta property=\"og:site_name\" content=\"Mexican Guitar Players\" \/>\n<meta property=\"article:modified_time\" content=\"2026-04-15T10:19:12+00:00\" \/>\n<meta name=\"twitter:card\" content=\"summary_large_image\" \/>\n<script type=\"application\/ld+json\" class=\"yoast-schema-graph\">{\"@context\":\"https:\\\/\\\/schema.org\",\"@graph\":[{\"@type\":[\"WebPage\",\"ItemPage\"],\"@id\":\"https:\\\/\\\/www.mexicanguitarplayers.com\\\/tienda\\\/sin categor\u00eda\\\/microfono-sennheiser-inalamb-xsw-1-ci1\\\/\",\"url\":\"https:\\\/\\\/www.mexicanguitarplayers.com\\\/tienda\\\/sin categor\u00eda\\\/microfono-sennheiser-inalamb-xsw-1-ci1\\\/\",\"name\":\"MICROFONO SENNHEISER INALAMB. XSW 1-CI1 - Mexican Guitar Players\",\"isPartOf\":{\"@id\":\"https:\\\/\\\/www.mexicanguitarplayers.com\\\/#website\"},\"primaryImageOfPage\":{\"@id\":\"https:\\\/\\\/www.mexicanguitarplayers.com\\\/tienda\\\/sin categor\u00eda\\\/microfono-sennheiser-inalamb-xsw-1-ci1\\\/#primaryimage\"},\"image\":{\"@id\":\"https:\\\/\\\/www.mexicanguitarplayers.com\\\/tienda\\\/sin categor\u00eda\\\/microfono-sennheiser-inalamb-xsw-1-ci1\\\/#primaryimage\"},\"thumbnailUrl\":\"https:\\\/\\\/www.mexicanguitarplayers.com\\\/wp-content\\\/uploads\\\/2025\\\/04\\\/IASENXSW1CI1.jpg\",\"datePublished\":\"2025-04-09T03:15:11+00:00\",\"dateModified\":\"2026-04-15T10:19:12+00:00\",\"description\":\"Amplifica tus melod\u00edas. Obt\u00e9n el sistema XS WIRELESS 1 y conf\u00eda en una transmisi\u00f3n inal\u00e1mbrica s\u00f3lida con hasta 10 canales compatibles y una banda UHF estable. El set para instrumentos XS WIRELESS 1 es un sistema inal\u00e1mbrico todo en uno y f\u00e1cil de usar para guitarristas y bajistas, excelente para sonido en vivo. El set incluye un receptor estacionario intuitivo, adem\u00e1s de un transmisor de bolsillo compacto y un resistente cable para instrumentos.Transmisor de bolsillo compacto, cable para instrumentos resistenteRecepci\u00f3n diversity con antena conmutableAntenas integradasGesti\u00f3n de frecuencia autom\u00e1tica y sincronizaci\u00f3n a trav\u00e9s de un canal remoto para una f\u00e1cil configuraci\u00f3nFrecuencias UHF seleccionables dentro de una amplia banda anchaHasta 10 canales compatibles\",\"breadcrumb\":{\"@id\":\"https:\\\/\\\/www.mexicanguitarplayers.com\\\/tienda\\\/sin categor\u00eda\\\/microfono-sennheiser-inalamb-xsw-1-ci1\\\/#breadcrumb\"},\"inLanguage\":\"en-US\",\"potentialAction\":[{\"@type\":\"ReadAction\",\"target\":[\"https:\\\/\\\/www.mexicanguitarplayers.com\\\/tienda\\\/sin categor\u00eda\\\/microfono-sennheiser-inalamb-xsw-1-ci1\\\/\"]}]},{\"@type\":\"ImageObject\",\"inLanguage\":\"en-US\",\"@id\":\"https:\\\/\\\/www.mexicanguitarplayers.com\\\/tienda\\\/sin categor\u00eda\\\/microfono-sennheiser-inalamb-xsw-1-ci1\\\/#primaryimage\",\"url\":\"https:\\\/\\\/www.mexicanguitarplayers.com\\\/wp-content\\\/uploads\\\/2025\\\/04\\\/IASENXSW1CI1.jpg\",\"contentUrl\":\"https:\\\/\\\/www.mexicanguitarplayers.com\\\/wp-content\\\/uploads\\\/2025\\\/04\\\/IASENXSW1CI1.jpg\",\"width\":1200,\"height\":1200},{\"@type\":\"BreadcrumbList\",\"@id\":\"https:\\\/\\\/www.mexicanguitarplayers.com\\\/tienda\\\/sin categor\u00eda\\\/microfono-sennheiser-inalamb-xsw-1-ci1\\\/#breadcrumb\",\"itemListElement\":[{\"@type\":\"ListItem\",\"position\":1,\"name\":\"Portada\",\"item\":\"https:\\\/\\\/www.mexicanguitarplayers.com\\\/\"},{\"@type\":\"ListItem\",\"position\":2,\"name\":\"Tienda\",\"item\":\"https:\\\/\\\/www.mexicanguitarplayers.com\\\/tienda\\\/\"},{\"@type\":\"ListItem\",\"position\":3,\"name\":\"MICROFONO SENNHEISER INALAMB. XSW 1-CI1\"}]},{\"@type\":\"WebSite\",\"@id\":\"https:\\\/\\\/www.mexicanguitarplayers.com\\\/#website\",\"url\":\"https:\\\/\\\/www.mexicanguitarplayers.com\\\/\",\"name\":\"Mexican Guitar Players\",\"description\":\"Website\",\"publisher\":{\"@id\":\"https:\\\/\\\/www.mexicanguitarplayers.com\\\/#organization\"},\"potentialAction\":[{\"@type\":\"SearchAction\",\"target\":{\"@type\":\"EntryPoint\",\"urlTemplate\":\"https:\\\/\\\/www.mexicanguitarplayers.com\\\/?s={search_term_string}\"},\"query-input\":{\"@type\":\"PropertyValueSpecification\",\"valueRequired\":true,\"valueName\":\"search_term_string\"}}],\"inLanguage\":\"en-US\"},{\"@type\":\"Organization\",\"@id\":\"https:\\\/\\\/www.mexicanguitarplayers.com\\\/#organization\",\"name\":\"Mexican Guitar Players\",\"url\":\"https:\\\/\\\/www.mexicanguitarplayers.com\\\/\",\"logo\":{\"@type\":\"ImageObject\",\"inLanguage\":\"en-US\",\"@id\":\"https:\\\/\\\/www.mexicanguitarplayers.com\\\/#\\\/schema\\\/logo\\\/image\\\/\",\"url\":\"\",\"contentUrl\":\"\",\"caption\":\"Mexican Guitar Players\"},\"image\":{\"@id\":\"https:\\\/\\\/www.mexicanguitarplayers.com\\\/#\\\/schema\\\/logo\\\/image\\\/\"}}]}<\/script>\n<!-- \/ Yoast SEO plugin. -->","yoast_head_json":{"title":"MICROFONO SENNHEISER INALAMB. XSW 1-CI1 - Mexican Guitar Players","description":"Amplifica tus melod\u00edas. Obt\u00e9n el sistema XS WIRELESS 1 y conf\u00eda en una transmisi\u00f3n inal\u00e1mbrica s\u00f3lida con hasta 10 canales compatibles y una banda UHF estable. El set para instrumentos XS WIRELESS 1 es un sistema inal\u00e1mbrico todo en uno y f\u00e1cil de usar para guitarristas y bajistas, excelente para sonido en vivo. El set incluye un receptor estacionario intuitivo, adem\u00e1s de un transmisor de bolsillo compacto y un resistente cable para instrumentos.Transmisor de bolsillo compacto, cable para instrumentos resistenteRecepci\u00f3n diversity con antena conmutableAntenas integradasGesti\u00f3n de frecuencia autom\u00e1tica y sincronizaci\u00f3n a trav\u00e9s de un canal remoto para una f\u00e1cil configuraci\u00f3nFrecuencias UHF seleccionables dentro de una amplia banda anchaHasta 10 canales compatibles","robots":{"index":"index","follow":"follow","max-snippet":"max-snippet:-1","max-image-preview":"max-image-preview:large","max-video-preview":"max-video-preview:-1"},"canonical":"https:\/\/www.mexicanguitarplayers.com\/en\/tienda\/sin categor\u00eda\/microfono-sennheiser-inalamb-xsw-1-ci1\/","og_locale":"en_US","og_type":"article","og_title":"MICROFONO SENNHEISER INALAMB. XSW 1-CI1 - Mexican Guitar Players","og_description":"Amplifica tus melod\u00edas. Obt\u00e9n el sistema XS WIRELESS 1 y conf\u00eda en una transmisi\u00f3n inal\u00e1mbrica s\u00f3lida con hasta 10 canales compatibles y una banda UHF estable. El set para instrumentos XS WIRELESS 1 es un sistema inal\u00e1mbrico todo en uno y f\u00e1cil de usar para guitarristas y bajistas, excelente para sonido en vivo. El set incluye un receptor estacionario intuitivo, adem\u00e1s de un transmisor de bolsillo compacto y un resistente cable para instrumentos.Transmisor de bolsillo compacto, cable para instrumentos resistenteRecepci\u00f3n diversity con antena conmutableAntenas integradasGesti\u00f3n de frecuencia autom\u00e1tica y sincronizaci\u00f3n a trav\u00e9s de un canal remoto para una f\u00e1cil configuraci\u00f3nFrecuencias UHF seleccionables dentro de una amplia banda anchaHasta 10 canales compatibles","og_url":"https:\/\/www.mexicanguitarplayers.com\/en\/tienda\/sin categor\u00eda\/microfono-sennheiser-inalamb-xsw-1-ci1\/","og_site_name":"Mexican Guitar Players","article_modified_time":"2026-04-15T10:19:12+00:00","twitter_card":"summary_large_image","schema":{"@context":"https:\/\/schema.org","@graph":[{"@type":["WebPage","ItemPage"],"@id":"https:\/\/www.mexicanguitarplayers.com\/tienda\/sin categor\u00eda\/microfono-sennheiser-inalamb-xsw-1-ci1\/","url":"https:\/\/www.mexicanguitarplayers.com\/tienda\/sin categor\u00eda\/microfono-sennheiser-inalamb-xsw-1-ci1\/","name":"MICROFONO SENNHEISER INALAMB. XSW 1-CI1 - Mexican Guitar Players","isPartOf":{"@id":"https:\/\/www.mexicanguitarplayers.com\/#website"},"primaryImageOfPage":{"@id":"https:\/\/www.mexicanguitarplayers.com\/tienda\/sin categor\u00eda\/microfono-sennheiser-inalamb-xsw-1-ci1\/#primaryimage"},"image":{"@id":"https:\/\/www.mexicanguitarplayers.com\/tienda\/sin categor\u00eda\/microfono-sennheiser-inalamb-xsw-1-ci1\/#primaryimage"},"thumbnailUrl":"https:\/\/www.mexicanguitarplayers.com\/wp-content\/uploads\/2025\/04\/IASENXSW1CI1.jpg","datePublished":"2025-04-09T03:15:11+00:00","dateModified":"2026-04-15T10:19:12+00:00","description":"Amplifica tus melod\u00edas. Obt\u00e9n el sistema XS WIRELESS 1 y conf\u00eda en una transmisi\u00f3n inal\u00e1mbrica s\u00f3lida con hasta 10 canales compatibles y una banda UHF estable. El set para instrumentos XS WIRELESS 1 es un sistema inal\u00e1mbrico todo en uno y f\u00e1cil de usar para guitarristas y bajistas, excelente para sonido en vivo. El set incluye un receptor estacionario intuitivo, adem\u00e1s de un transmisor de bolsillo compacto y un resistente cable para instrumentos.Transmisor de bolsillo compacto, cable para instrumentos resistenteRecepci\u00f3n diversity con antena conmutableAntenas integradasGesti\u00f3n de frecuencia autom\u00e1tica y sincronizaci\u00f3n a trav\u00e9s de un canal remoto para una f\u00e1cil configuraci\u00f3nFrecuencias UHF seleccionables dentro de una amplia banda anchaHasta 10 canales compatibles","breadcrumb":{"@id":"https:\/\/www.mexicanguitarplayers.com\/tienda\/sin categor\u00eda\/microfono-sennheiser-inalamb-xsw-1-ci1\/#breadcrumb"},"inLanguage":"en-US","potentialAction":[{"@type":"ReadAction","target":["https:\/\/www.mexicanguitarplayers.com\/tienda\/sin categor\u00eda\/microfono-sennheiser-inalamb-xsw-1-ci1\/"]}]},{"@type":"ImageObject","inLanguage":"en-US","@id":"https:\/\/www.mexicanguitarplayers.com\/tienda\/sin categor\u00eda\/microfono-sennheiser-inalamb-xsw-1-ci1\/#primaryimage","url":"https:\/\/www.mexicanguitarplayers.com\/wp-content\/uploads\/2025\/04\/IASENXSW1CI1.jpg","contentUrl":"https:\/\/www.mexicanguitarplayers.com\/wp-content\/uploads\/2025\/04\/IASENXSW1CI1.jpg","width":1200,"height":1200},{"@type":"BreadcrumbList","@id":"https:\/\/www.mexicanguitarplayers.com\/tienda\/sin categor\u00eda\/microfono-sennheiser-inalamb-xsw-1-ci1\/#breadcrumb","itemListElement":[{"@type":"ListItem","position":1,"name":"Portada","item":"https:\/\/www.mexicanguitarplayers.com\/"},{"@type":"ListItem","position":2,"name":"Tienda","item":"https:\/\/www.mexicanguitarplayers.com\/tienda\/"},{"@type":"ListItem","position":3,"name":"MICROFONO SENNHEISER INALAMB. XSW 1-CI1"}]},{"@type":"WebSite","@id":"https:\/\/www.mexicanguitarplayers.com\/#website","url":"https:\/\/www.mexicanguitarplayers.com\/","name":"Mexican Guitar Players","description":"Website","publisher":{"@id":"https:\/\/www.mexicanguitarplayers.com\/#organization"},"potentialAction":[{"@type":"SearchAction","target":{"@type":"EntryPoint","urlTemplate":"https:\/\/www.mexicanguitarplayers.com\/?s={search_term_string}"},"query-input":{"@type":"PropertyValueSpecification","valueRequired":true,"valueName":"search_term_string"}}],"inLanguage":"en-US"},{"@type":"Organization","@id":"https:\/\/www.mexicanguitarplayers.com\/#organization","name":"Mexican Guitar Players","url":"https:\/\/www.mexicanguitarplayers.com\/","logo":{"@type":"ImageObject","inLanguage":"en-US","@id":"https:\/\/www.mexicanguitarplayers.com\/#\/schema\/logo\/image\/","url":"","contentUrl":"","caption":"Mexican Guitar Players"},"image":{"@id":"https:\/\/www.mexicanguitarplayers.com\/#\/schema\/logo\/image\/"}}]}},"brands":[{"id":176,"name":"SENNHEISER","slug":"sennheiser"}],"_links":{"self":[{"href":"https:\/\/www.mexicanguitarplayers.com\/en\/wp-json\/wp\/v2\/product\/33207","targetHints":{"allow":["GET"]}}],"collection":[{"href":"https:\/\/www.mexicanguitarplayers.com\/en\/wp-json\/wp\/v2\/product"}],"about":[{"href":"https:\/\/www.mexicanguitarplayers.com\/en\/wp-json\/wp\/v2\/types\/product"}],"replies":[{"embeddable":true,"href":"https:\/\/www.mexicanguitarplayers.com\/en\/wp-json\/wp\/v2\/comments?post=33207"}],"wp:featuredmedia":[{"embeddable":true,"href":"https:\/\/www.mexicanguitarplayers.com\/en\/wp-json\/wp\/v2\/media\/33198"}],"wp:attachment":[{"href":"https:\/\/www.mexicanguitarplayers.com\/en\/wp-json\/wp\/v2\/media?parent=33207"}],"wp:term":[{"taxonomy":"pwb-brand","embeddable":true,"href":"https:\/\/www.mexicanguitarplayers.com\/en\/wp-json\/wp\/v2\/pwb-brand?post=33207"},{"taxonomy":"product_brand","embeddable":true,"href":"https:\/\/www.mexicanguitarplayers.com\/en\/wp-json\/wp\/v2\/product_brand?post=33207"},{"taxonomy":"product_cat","embeddable":true,"href":"https:\/\/www.mexicanguitarplayers.com\/en\/wp-json\/wp\/v2\/product_cat?post=33207"},{"taxonomy":"product_tag","embeddable":true,"href":"https:\/\/www.mexicanguitarplayers.com\/en\/wp-json\/wp\/v2\/product_tag?post=33207"}],"curies":[{"name":"wp","href":"https:\/\/api.w.org\/{rel}","templated":true}]}}