{"id":33238,"date":"2025-04-08T21:15:47","date_gmt":"2025-04-09T03:15:47","guid":{"rendered":"https:\/\/www.mexicanguitarplayers.com\/tienda\/sin categor\u00eda\/amplificador-audyson-poder-mod-v-5000\/"},"modified":"2026-04-10T04:32:05","modified_gmt":"2026-04-10T10:32:05","slug":"amplificador-audyson-poder-mod-v-5000","status":"publish","type":"product","link":"https:\/\/www.mexicanguitarplayers.com\/en\/tienda\/audio\/amplificadores-audio\/amplificadores-de-potencia\/amplificador-audyson-poder-mod-v-5000\/","title":{"rendered":"AMPLIFICADOR AUDYSON PODER MOD. V-5000"},"content":{"rendered":"<div style=\"text-align: justify\">\n<div>\n<h3>El mejor precio y el mejor sonido s\u00f3lo con Audyson.<\/h3>\n<\/div>\n<div>La serie V fue creada para el mercado de instalaciones profesionales medianas y medianas-bajas. Dise\u00f1adas con un amplio y preciso sistema de protecci\u00f3n, excelente din\u00e1mica sonora junto con avanzada ingenier\u00eda con la finalidad de alcanzar la m\u00e1s alta relaci\u00f3n calidad &#8211;  precio para asegurar un mayor margen de utilidad durante la comercializaci\u00f3n. Esta serie fue desarrollada a partir de nuestro muy estable circuito.  Pero hemos a\u00f1adido m\u00e1s ventajas y reducido el costo. 1. Alta confiabilidad. La Serie D.V fue dise\u00f1ada con un excelente sistema de protecci\u00f3n. Este puede garantizar una tasa de confiabilidad de casi el 100% de los V y una completa seguridad de su sistema de audio. 2. Comodidad de uso. La Serie V posee un dise\u00f1o simple y gran facilidad de uso. Inclusive el usuario principiante puede operarlo sin errores. Especialmente, la pantalla LCD puede mostrar la informaci\u00f3n del aparato tal como modo de operaci\u00f3n, temperatura y estado de protecci\u00f3n, etc. Esto puede ayudar a usuarios principiantes. 3. Bajo precio. Hemos utilizado una completa ingenier\u00eda de costos al dise\u00f1ar la Serie D,V. Esto asegura una muy alta relaci\u00f3n calidad &#8211; precio. 4. Atractivo dise\u00f1o. 5. Alta tecnolog\u00eda. La Serie V no es un amplificador ordinario para el mercado de DJs. Proporciona a la gente una mayor percepci\u00f3n de la tecnolog\u00eda, como la pantalla de LCD. Esto es m\u00e1s indicado para los gustos del mercado de DJ\u2019s, especialmente la gente joven quien otorga un mayor valor a la Serie D.V.<\/div>\n<div>\n<h4>Quick look<\/h4>\n<\/div>\n<ul style=\"margin: 0px 0px 0px 25px\">\n<li style=\"list-style-type: circle;margin: 5px\">Potencia nominal (1 kHz, THD+N=0.1%).<\/li>\n<li style=\"list-style-type: circle;margin: 5px\">Crossover.<\/li>\n<li style=\"list-style-type: circle;margin: 5px\">Corte de graves.<\/li>\n<li style=\"list-style-type: circle;margin: 5px\">Protecci\u00f3n.<\/li>\n<li style=\"list-style-type: circle;margin: 5px\">Respuesta de frecuencia (1W 8 O est\u00e9reo).<\/li>\n<li style=\"list-style-type: circle;margin: 5px\">Sensibilidad (8 O est\u00e9reo &amp; 1 kHz).<\/li>\n<li style=\"list-style-type: circle;margin: 5px\">Mode.<\/li>\n<li style=\"list-style-type: circle;margin: 5px\">Velocidad del ventilador.<\/li>\n<li style=\"list-style-type: circle;margin: 5px\">Conectores (cada canal).<\/li>\n<li style=\"list-style-type: circle;margin: 5px\">Capacidad de filtrado.<\/li>\n<li style=\"list-style-type: circle;margin: 5px\">Input impedance.<\/li>\n<li style=\"list-style-type: circle;margin: 5px\">Crosstalk (20 Hz &#8211; 20 kHz, Potencia nominal 8 O).<\/li>\n<li style=\"list-style-type: circle;margin: 5px\">Relaci\u00f3n se\u00f1al a ruido (Potencia nominal 8 O).<\/li>\n<li style=\"list-style-type: circle;margin: 5px\">Factor de amortiguamiento (1 kHz &amp; 8 O).<\/li>\n<li style=\"list-style-type: circle;margin: 5px\">Distorsi\u00f3n de intermodulaci\u00f3n.<\/li>\n<li style=\"list-style-type: circle;margin: 5px\">Distorsi\u00f3n arm\u00f3nica total (20 Hz &#8211; 20 kHz, Potencia nominal 8 O).<\/li>\n<li style=\"list-style-type: circle;margin: 5px\">Respuesta de fase (1W &amp; 8 O, 20 Hz &#8211; 20 kHz).<\/li>\n<li style=\"list-style-type: circle;margin: 5px\">Respuesta al impulso (Velocidad de respuesta).<\/li>\n<li style=\"list-style-type: circle;margin: 5px\">Circuito de salida.<\/li>\n<li style=\"list-style-type: circle;margin: 5px\">Weight.<\/li>\n<li style=\"list-style-type: circle;margin: 5px\">Dimensions.<\/li>\n<li style=\"list-style-type: circle;margin: 5px\">Pesta\u00f1as para montaje en rack.<\/li>\n<li style=\"list-style-type: circle;margin: 5px\">Rejillas de ventilaci\u00f3n.<\/li>\n<li style=\"list-style-type: circle;margin: 5px\">Atenuadores de entrada.<\/li>\n<li style=\"list-style-type: circle;margin: 5px\">LED luminoso de (PROTECT).<\/li>\n<li style=\"list-style-type: circle;margin: 5px\">LED luminoso de saturaci\u00f3n o clipeo.<\/li>\n<li style=\"list-style-type: circle;margin: 5px\">Indicador de nivel.<\/li>\n<li style=\"list-style-type: circle;margin: 5px\">Interruptor de encendido.<\/li>\n<li style=\"list-style-type: circle;margin: 5px\">Display de LCD<\/li>\n<li style=\"list-style-type: circle;margin: 5px\">Output connectors.<\/li>\n<li style=\"list-style-type: circle;margin: 5px\">Conectores balanceados de entrada XLR.<\/li>\n<li style=\"list-style-type: circle;margin: 5px\">Interruptor de selecci\u00f3n de modo.<\/li>\n<li style=\"list-style-type: circle;margin: 5px\">Selector de tierra.<\/li>\n<li style=\"list-style-type: circle;margin: 5px\">Ventanillas de enfriamiento.<\/li>\n<\/ul>\n<div>\n<div style=\"font-weight: bold\">Potencia nominal (1 kHz, THD+N=0.1%).<\/div>\n<div>\n<p>8 O est\u00e9reo: 2&#215;1300 watts.4 O est\u00e9reo: 2&#215;2000 watts.2 O est\u00e9reo: 2&#215;2200 watts.8 O puente mono: 4000 watts.4 O puente mono: 4400 watts.<\/p>\n<\/div>\n<div style=\"font-weight: bold\">Crossover.<\/div>\n<div>\n<p>Pasa altos: 120 Hz.Pasa bajos: 120 Hz.<\/p>\n<\/div>\n<div style=\"font-weight: bold\">Corte de graves.<\/div>\n<div>\n<p>30 Hz.<\/p>\n<\/div>\n<div style=\"font-weight: bold\">Protecci\u00f3n.<\/div>\n<div>\n<p>Protecci\u00f3n DC.Protecci\u00f3n ante corto circuito.Protecci\u00f3n ante alta temperatura.Protecci\u00f3n ante interrupci\u00f3n de corrienteProtecci\u00f3n ante sobrecarga de entrada.Protecci\u00f3n ante sobrecarga de salida.Protecci\u00f3n en arranque suave.  <\/p>\n<\/div>\n<div style=\"font-weight: bold\">Respuesta de frecuencia (1W 8 O est\u00e9reo).<\/div>\n<div>\n<p>20 Hz &#8211; 20 kHz (+\/- 0.3 dB).<\/p>\n<\/div>\n<div style=\"font-weight: bold\">Sensibilidad (8 O est\u00e9reo &amp; 1 kHz).<\/div>\n<div>\n<p>1.0V.<\/p>\n<\/div>\n<div style=\"font-weight: bold\">Mode.<\/div>\n<div>\n<p>Est\u00e9reo.Paralelo.Puente-mono.<\/p>\n<\/div>\n<div style=\"font-weight: bold\">Velocidad del ventilador.<\/div>\n<div>\n<p>Dos velocidades.<\/p>\n<\/div>\n<div style=\"font-weight: bold\">Conectores (cada canal).<\/div>\n<div>\n<p>Conectores de entrada: Neutrik XLR hembra + Neutrik XLR macho.Conectores de salida: 3 x Speakon (Neutrik).<\/p>\n<\/div>\n<div style=\"font-weight: bold\">Capacidad de filtrado.<\/div>\n<div>\n<p>10000 uF\/80vx12.<\/p>\n<\/div>\n<div style=\"font-weight: bold\">Input impedance.<\/div>\n<div>\n<p>Balanceada: 20 kO.No balanceada: 10 k O.<\/p>\n<\/div>\n<div style=\"font-weight: bold\">Crosstalk (20 Hz &#8211; 20 kHz, Potencia nominal 8 O).<\/div>\n<div>\n<p>= 60 dB.<\/p>\n<\/div>\n<div style=\"font-weight: bold\">Relaci\u00f3n se\u00f1al a ruido (Potencia nominal 8 O).<\/div>\n<div>\n<p>= 100 dB.<\/p>\n<\/div>\n<div style=\"font-weight: bold\">Factor de amortiguamiento (1 kHz &amp; 8 O).<\/div>\n<div>\n<p>= 700 dB.<\/p>\n<\/div>\n<div style=\"font-weight: bold\">Distorsi\u00f3n de intermodulaci\u00f3n.<\/div>\n<div>\n<p>=0.5%.<\/p>\n<\/div>\n<div style=\"font-weight: bold\">Distorsi\u00f3n arm\u00f3nica total (20 Hz &#8211; 20 kHz, Potencia nominal 8 O).<\/div>\n<div>\n<p>=0.5%.<\/p>\n<\/div>\n<div style=\"font-weight: bold\">Respuesta de fase (1W &amp; 8 O, 20 Hz &#8211; 20 kHz).<\/div>\n<div>\n<p>+\/-10\u00ba.<\/p>\n<\/div>\n<div style=\"font-weight: bold\">Respuesta al impulso (Velocidad de respuesta).<\/div>\n<div>\n<p>=25 V\/us.<\/p>\n<\/div>\n<div style=\"font-weight: bold\">Circuito de salida.<\/div>\n<div>\n<p>H+.<\/p>\n<\/div>\n<div style=\"font-weight: bold\">Weight.<\/div>\n<div>\n<p>38 kg.<\/p>\n<\/div>\n<div style=\"font-weight: bold\">Dimensions.<\/div>\n<div>\n<p>482 \u00d7 132 \u00d7 483 mm.<\/p>\n<\/div>\n<div style=\"font-weight: bold\">Pesta\u00f1as para montaje en rack.<\/div>\n<div>\n<p>Cada pesta\u00f1a cuenta con dos orificios para su montaje en rack.<\/p>\n<\/div>\n<div style=\"font-weight: bold\">Rejillas de ventilaci\u00f3n.<\/div>\n<div>\n<p>Los amplificadores de la Serie V son enfriados mediante dos ventiladores. El aire fresco fluye sobre los disipadores t\u00e9rmicos y es expulsado a trav\u00e9s de estas Modelos V3000, V4000, V5000 12 rejillas frontales. Cerci\u00f3rate de que las mismas se encuentren sin obst\u00e1culos para que el aire fresco fluya libremente.<\/p>\n<\/div>\n<div style=\"font-weight: bold\">Atenuadores de entrada.<\/div>\n<div>\n<p>Estos atenuadores permiten un preciso ajuste del nivel de la se\u00f1al entrante o ganancia.<\/p>\n<\/div>\n<div style=\"font-weight: bold\">LED luminoso de (PROTECT).<\/div>\n<div>\n<p>Indica que ese canal se encuentra en modo de Protecci\u00f3n o PROTECT (Los altavoces se  desconectan autom\u00e1ticamente mediante el relevador de salida).<\/p>\n<\/div>\n<div style=\"font-weight: bold\">LED luminoso de saturaci\u00f3n o clipeo.<\/div>\n<div>\n<p>Se ilumina cuando la unidad alcanza el umbral o threshold de saturaci\u00f3n. Si se ilumina de manera constante indicar\u00e1 que el circuito de protecci\u00f3n ACL (Limitaci\u00f3n Activa de Clipeo) ha sido activado.<\/p>\n<\/div>\n<div style=\"font-weight: bold\">Indicador de nivel.<\/div>\n<div>\n<p>Indica el nivel en el que se encuentra la se\u00f1al.<\/p>\n<\/div>\n<div style=\"font-weight: bold\">Interruptor de encendido.<\/div>\n<div>\n<p>Presione este interruptor para Encender\/Apagar la unidad.<\/p>\n<\/div>\n<div style=\"font-weight: bold\">Display de LCD<\/div>\n<div>\n<p>Muestra el modo de operaci\u00f3n, el estatus de la protecci\u00f3n y la temperatura de los m\u00f3dulos.<\/p>\n<\/div>\n<div style=\"font-weight: bold\">Output connectors.<\/div>\n<div>\n<p>Empleando conectores para altavoces tipo Speakon conecte las terminales de ambos canales A y B para operar en los modos est\u00e9reo o paralelo o al conector del modo puenteado para operar en modo puenteado-monoaural. Lea la secci\u00f3n de Selecci\u00f3n de Modo para m\u00e1s informaci\u00f3n.<\/p>\n<\/div>\n<div style=\"font-weight: bold\">Conectores balanceados de entrada XLR.<\/div>\n<div>\n<p>Estos conectores aceptan se\u00f1ales de entrada a trav\u00e9s de los plugs de entrada XLR tanto machos como hembras. Los conectores de cada canal est\u00e1n en paralelo; los conectores no usados pueden emplearse para conectar en cadena otros amplificadores.NOTA: Los plugs no-balanceados \u201cpunta-masa\u201d pueden utilizarse con los conectores TRS balanceados. La terminal del \u201canillo\u201d o entrada negativa ser\u00e1 conectada internamente a la tierra f\u00edsica. Cuando emplee conectores de 3 polos TRS (est\u00e9reo), aseg\u00farese que la conexi\u00f3n del anillo sea hecha ya sea a la salida negativa del equipo fuente o a la tierra f\u00edsica. Una conexi\u00f3n incorrecta puede provocar una p\u00e9rdida de 6 dB.<\/p>\n<\/div>\n<div style=\"font-weight: bold\">Interruptor de selecci\u00f3n de modo.<\/div>\n<div>\n<p>Este interruptor de tres posiciones ajusta el amplificador para que opere en modo est\u00e9reo, puente o paralelo-mono. Los amplificadores se encuentran configurados de f\u00e1brica para operar en modo est\u00e9reo.<\/p>\n<\/div>\n<div style=\"font-weight: bold\">Selector de tierra.<\/div>\n<div>\n<p>Si el sistema presenta ruido por inducci\u00f3n o por tierra, mueva este switch a la posici\u00f3n \u201cEARTHED\u201d para anularlo.<\/p>\n<\/div>\n<div style=\"font-weight: bold\">Ventanillas de enfriamiento.<\/div>\n<div>\n<p>La unidad toma aire a trav\u00e9s de estas. No obstruya estas rejillas.<\/p>\n<\/div>\n<\/div>\n<\/div>","protected":false},"excerpt":{"rendered":"<p>Amplificador Audyson Poder. Modelo: V-5000. Potencia: \ud83d\ude2f est\u00e9reo: 2&#215;1300 watts.4O est\u00e9reo: 2&#215;2000 watts. 2O est\u00e9reo: 2&#215;2200 watts. \ud83d\ude2f puente mono: 4000 watts.4O puente mono: 4400 watts.  Respuesta de frecuencia: 20 Hz &#8211; 20 kHz. Modos: Est\u00e9reo, paralelo, puente-mono. Conectores de entrada: Neutrik XLR hembra + NeutrikXLR macho. Conectores de salida: 3 x Speakon (Neutrik). Peso: 38 kg. Dimensiones: 482 \u00d7 132 \u00d7 483 mm.&hellip; <a class=\"kt-excerpt-readmore more-link\" href=\"https:\/\/www.mexicanguitarplayers.com\/en\/tienda\/audio\/amplificadores-audio\/amplificadores-de-potencia\/amplificador-audyson-poder-mod-v-5000\/\">Read more<\/a><\/p>","protected":false},"featured_media":33236,"comment_status":"open","ping_status":"closed","template":"","meta":{"kt_blocks_editor_width":""},"pwb-brand":[229],"product_brand":[],"product_cat":[219,220,213],"product_tag":[],"class_list":{"0":"post-33238","1":"product","2":"type-product","3":"status-publish","4":"has-post-thumbnail","6":"pwb-brand-audyson","7":"product_cat-amplificadores-audio","8":"product_cat-amplificadores-de-potencia","9":"product_cat-audio","11":"first","12":"outofstock","13":"taxable","14":"shipping-taxable","15":"purchasable","16":"product-type-simple"},"yoast_head":"<!-- This site is optimized with the Yoast SEO plugin v27.5 - https:\/\/yoast.com\/product\/yoast-seo-wordpress\/ -->\n<title>AMPLIFICADOR AUDYSON PODER MOD. V-5000 - Mexican Guitar Players<\/title>\n<meta name=\"description\" content=\"Amplificador Audyson Poder. Modelo: V-5000. Potencia: 8O est\u00e9reo: 2x1300 watts.4O est\u00e9reo: 2x2000 watts. 2O est\u00e9reo: 2x2200 watts. 8O puente mono: 4000 watts.4O puente mono: 4400 watts. Respuesta de frecuencia: 20 Hz - 20 kHz. Modos: Est\u00e9reo, paralelo, puente-mono. Conectores de entrada: Neutrik XLR hembra + NeutrikXLR macho. Conectores de salida: 3 x Speakon (Neutrik). Peso: 38 kg. Dimensiones: 482 \u00d7 132 \u00d7 483 mm.\" \/>\n<meta name=\"robots\" content=\"index, follow, max-snippet:-1, max-image-preview:large, max-video-preview:-1\" \/>\n<link rel=\"canonical\" href=\"https:\/\/www.mexicanguitarplayers.com\/en\/tienda\/sin%20categor\u00eda\/amplificador-audyson-poder-mod-v-5000\/\" \/>\n<meta property=\"og:locale\" content=\"en_US\" \/>\n<meta property=\"og:type\" content=\"article\" \/>\n<meta property=\"og:title\" content=\"AMPLIFICADOR AUDYSON PODER MOD. V-5000 - Mexican Guitar Players\" \/>\n<meta property=\"og:description\" content=\"Amplificador Audyson Poder. Modelo: V-5000. Potencia: 8O est\u00e9reo: 2x1300 watts.4O est\u00e9reo: 2x2000 watts. 2O est\u00e9reo: 2x2200 watts. 8O puente mono: 4000 watts.4O puente mono: 4400 watts. Respuesta de frecuencia: 20 Hz - 20 kHz. Modos: Est\u00e9reo, paralelo, puente-mono. Conectores de entrada: Neutrik XLR hembra + NeutrikXLR macho. Conectores de salida: 3 x Speakon (Neutrik). Peso: 38 kg. Dimensiones: 482 \u00d7 132 \u00d7 483 mm.\" \/>\n<meta property=\"og:url\" content=\"https:\/\/www.mexicanguitarplayers.com\/en\/tienda\/sin categor\u00eda\/amplificador-audyson-poder-mod-v-5000\/\" \/>\n<meta property=\"og:site_name\" content=\"Mexican Guitar Players\" \/>\n<meta property=\"article:modified_time\" content=\"2026-04-10T10:32:05+00:00\" \/>\n<meta name=\"twitter:card\" content=\"summary_large_image\" \/>\n<meta name=\"twitter:label1\" content=\"Est. reading time\" \/>\n\t<meta name=\"twitter:data1\" content=\"5 minutes\" \/>\n<script type=\"application\/ld+json\" class=\"yoast-schema-graph\">{\"@context\":\"https:\\\/\\\/schema.org\",\"@graph\":[{\"@type\":[\"WebPage\",\"ItemPage\"],\"@id\":\"https:\\\/\\\/www.mexicanguitarplayers.com\\\/tienda\\\/sin categor\u00eda\\\/amplificador-audyson-poder-mod-v-5000\\\/\",\"url\":\"https:\\\/\\\/www.mexicanguitarplayers.com\\\/tienda\\\/sin categor\u00eda\\\/amplificador-audyson-poder-mod-v-5000\\\/\",\"name\":\"AMPLIFICADOR AUDYSON PODER MOD. V-5000 - Mexican Guitar Players\",\"isPartOf\":{\"@id\":\"https:\\\/\\\/www.mexicanguitarplayers.com\\\/#website\"},\"primaryImageOfPage\":{\"@id\":\"https:\\\/\\\/www.mexicanguitarplayers.com\\\/tienda\\\/sin categor\u00eda\\\/amplificador-audyson-poder-mod-v-5000\\\/#primaryimage\"},\"image\":{\"@id\":\"https:\\\/\\\/www.mexicanguitarplayers.com\\\/tienda\\\/sin categor\u00eda\\\/amplificador-audyson-poder-mod-v-5000\\\/#primaryimage\"},\"thumbnailUrl\":\"https:\\\/\\\/www.mexicanguitarplayers.com\\\/wp-content\\\/uploads\\\/2025\\\/04\\\/IAADYV5000.jpg\",\"datePublished\":\"2025-04-09T03:15:47+00:00\",\"dateModified\":\"2026-04-10T10:32:05+00:00\",\"description\":\"Amplificador Audyson Poder. Modelo: V-5000. Potencia: 8O est\u00e9reo: 2x1300 watts.4O est\u00e9reo: 2x2000 watts. 2O est\u00e9reo: 2x2200 watts. 8O puente mono: 4000 watts.4O puente mono: 4400 watts. Respuesta de frecuencia: 20 Hz - 20 kHz. Modos: Est\u00e9reo, paralelo, puente-mono. Conectores de entrada: Neutrik XLR hembra + NeutrikXLR macho. Conectores de salida: 3 x Speakon (Neutrik). Peso: 38 kg. Dimensiones: 482 \u00d7 132 \u00d7 483 mm.\",\"breadcrumb\":{\"@id\":\"https:\\\/\\\/www.mexicanguitarplayers.com\\\/tienda\\\/sin categor\u00eda\\\/amplificador-audyson-poder-mod-v-5000\\\/#breadcrumb\"},\"inLanguage\":\"en-US\",\"potentialAction\":[{\"@type\":\"ReadAction\",\"target\":[\"https:\\\/\\\/www.mexicanguitarplayers.com\\\/tienda\\\/sin categor\u00eda\\\/amplificador-audyson-poder-mod-v-5000\\\/\"]}]},{\"@type\":\"ImageObject\",\"inLanguage\":\"en-US\",\"@id\":\"https:\\\/\\\/www.mexicanguitarplayers.com\\\/tienda\\\/sin categor\u00eda\\\/amplificador-audyson-poder-mod-v-5000\\\/#primaryimage\",\"url\":\"https:\\\/\\\/www.mexicanguitarplayers.com\\\/wp-content\\\/uploads\\\/2025\\\/04\\\/IAADYV5000.jpg\",\"contentUrl\":\"https:\\\/\\\/www.mexicanguitarplayers.com\\\/wp-content\\\/uploads\\\/2025\\\/04\\\/IAADYV5000.jpg\",\"width\":1200,\"height\":1200},{\"@type\":\"BreadcrumbList\",\"@id\":\"https:\\\/\\\/www.mexicanguitarplayers.com\\\/tienda\\\/sin categor\u00eda\\\/amplificador-audyson-poder-mod-v-5000\\\/#breadcrumb\",\"itemListElement\":[{\"@type\":\"ListItem\",\"position\":1,\"name\":\"Portada\",\"item\":\"https:\\\/\\\/www.mexicanguitarplayers.com\\\/\"},{\"@type\":\"ListItem\",\"position\":2,\"name\":\"Tienda\",\"item\":\"https:\\\/\\\/www.mexicanguitarplayers.com\\\/tienda\\\/\"},{\"@type\":\"ListItem\",\"position\":3,\"name\":\"AMPLIFICADOR AUDYSON PODER MOD. V-5000\"}]},{\"@type\":\"WebSite\",\"@id\":\"https:\\\/\\\/www.mexicanguitarplayers.com\\\/#website\",\"url\":\"https:\\\/\\\/www.mexicanguitarplayers.com\\\/\",\"name\":\"Mexican Guitar Players\",\"description\":\"Website\",\"publisher\":{\"@id\":\"https:\\\/\\\/www.mexicanguitarplayers.com\\\/#organization\"},\"potentialAction\":[{\"@type\":\"SearchAction\",\"target\":{\"@type\":\"EntryPoint\",\"urlTemplate\":\"https:\\\/\\\/www.mexicanguitarplayers.com\\\/?s={search_term_string}\"},\"query-input\":{\"@type\":\"PropertyValueSpecification\",\"valueRequired\":true,\"valueName\":\"search_term_string\"}}],\"inLanguage\":\"en-US\"},{\"@type\":\"Organization\",\"@id\":\"https:\\\/\\\/www.mexicanguitarplayers.com\\\/#organization\",\"name\":\"Mexican Guitar Players\",\"url\":\"https:\\\/\\\/www.mexicanguitarplayers.com\\\/\",\"logo\":{\"@type\":\"ImageObject\",\"inLanguage\":\"en-US\",\"@id\":\"https:\\\/\\\/www.mexicanguitarplayers.com\\\/#\\\/schema\\\/logo\\\/image\\\/\",\"url\":\"\",\"contentUrl\":\"\",\"caption\":\"Mexican Guitar Players\"},\"image\":{\"@id\":\"https:\\\/\\\/www.mexicanguitarplayers.com\\\/#\\\/schema\\\/logo\\\/image\\\/\"}}]}<\/script>\n<!-- \/ Yoast SEO plugin. -->","yoast_head_json":{"title":"AMPLIFICADOR AUDYSON PODER MOD. V-5000 - Mexican Guitar Players","description":"Amplificador Audyson Poder. Modelo: V-5000. Potencia: 8O est\u00e9reo: 2x1300 watts.4O est\u00e9reo: 2x2000 watts. 2O est\u00e9reo: 2x2200 watts. 8O puente mono: 4000 watts.4O puente mono: 4400 watts. Respuesta de frecuencia: 20 Hz - 20 kHz. Modos: Est\u00e9reo, paralelo, puente-mono. Conectores de entrada: Neutrik XLR hembra + NeutrikXLR macho. Conectores de salida: 3 x Speakon (Neutrik). Peso: 38 kg. Dimensiones: 482 \u00d7 132 \u00d7 483 mm.","robots":{"index":"index","follow":"follow","max-snippet":"max-snippet:-1","max-image-preview":"max-image-preview:large","max-video-preview":"max-video-preview:-1"},"canonical":"https:\/\/www.mexicanguitarplayers.com\/en\/tienda\/sin categor\u00eda\/amplificador-audyson-poder-mod-v-5000\/","og_locale":"en_US","og_type":"article","og_title":"AMPLIFICADOR AUDYSON PODER MOD. V-5000 - Mexican Guitar Players","og_description":"Amplificador Audyson Poder. Modelo: V-5000. Potencia: 8O est\u00e9reo: 2x1300 watts.4O est\u00e9reo: 2x2000 watts. 2O est\u00e9reo: 2x2200 watts. 8O puente mono: 4000 watts.4O puente mono: 4400 watts. Respuesta de frecuencia: 20 Hz - 20 kHz. Modos: Est\u00e9reo, paralelo, puente-mono. Conectores de entrada: Neutrik XLR hembra + NeutrikXLR macho. Conectores de salida: 3 x Speakon (Neutrik). Peso: 38 kg. Dimensiones: 482 \u00d7 132 \u00d7 483 mm.","og_url":"https:\/\/www.mexicanguitarplayers.com\/en\/tienda\/sin categor\u00eda\/amplificador-audyson-poder-mod-v-5000\/","og_site_name":"Mexican Guitar Players","article_modified_time":"2026-04-10T10:32:05+00:00","twitter_card":"summary_large_image","twitter_misc":{"Est. reading time":"5 minutes"},"schema":{"@context":"https:\/\/schema.org","@graph":[{"@type":["WebPage","ItemPage"],"@id":"https:\/\/www.mexicanguitarplayers.com\/tienda\/sin categor\u00eda\/amplificador-audyson-poder-mod-v-5000\/","url":"https:\/\/www.mexicanguitarplayers.com\/tienda\/sin categor\u00eda\/amplificador-audyson-poder-mod-v-5000\/","name":"AMPLIFICADOR AUDYSON PODER MOD. V-5000 - Mexican Guitar Players","isPartOf":{"@id":"https:\/\/www.mexicanguitarplayers.com\/#website"},"primaryImageOfPage":{"@id":"https:\/\/www.mexicanguitarplayers.com\/tienda\/sin categor\u00eda\/amplificador-audyson-poder-mod-v-5000\/#primaryimage"},"image":{"@id":"https:\/\/www.mexicanguitarplayers.com\/tienda\/sin categor\u00eda\/amplificador-audyson-poder-mod-v-5000\/#primaryimage"},"thumbnailUrl":"https:\/\/www.mexicanguitarplayers.com\/wp-content\/uploads\/2025\/04\/IAADYV5000.jpg","datePublished":"2025-04-09T03:15:47+00:00","dateModified":"2026-04-10T10:32:05+00:00","description":"Amplificador Audyson Poder. Modelo: V-5000. Potencia: 8O est\u00e9reo: 2x1300 watts.4O est\u00e9reo: 2x2000 watts. 2O est\u00e9reo: 2x2200 watts. 8O puente mono: 4000 watts.4O puente mono: 4400 watts. Respuesta de frecuencia: 20 Hz - 20 kHz. Modos: Est\u00e9reo, paralelo, puente-mono. Conectores de entrada: Neutrik XLR hembra + NeutrikXLR macho. Conectores de salida: 3 x Speakon (Neutrik). Peso: 38 kg. Dimensiones: 482 \u00d7 132 \u00d7 483 mm.","breadcrumb":{"@id":"https:\/\/www.mexicanguitarplayers.com\/tienda\/sin categor\u00eda\/amplificador-audyson-poder-mod-v-5000\/#breadcrumb"},"inLanguage":"en-US","potentialAction":[{"@type":"ReadAction","target":["https:\/\/www.mexicanguitarplayers.com\/tienda\/sin categor\u00eda\/amplificador-audyson-poder-mod-v-5000\/"]}]},{"@type":"ImageObject","inLanguage":"en-US","@id":"https:\/\/www.mexicanguitarplayers.com\/tienda\/sin categor\u00eda\/amplificador-audyson-poder-mod-v-5000\/#primaryimage","url":"https:\/\/www.mexicanguitarplayers.com\/wp-content\/uploads\/2025\/04\/IAADYV5000.jpg","contentUrl":"https:\/\/www.mexicanguitarplayers.com\/wp-content\/uploads\/2025\/04\/IAADYV5000.jpg","width":1200,"height":1200},{"@type":"BreadcrumbList","@id":"https:\/\/www.mexicanguitarplayers.com\/tienda\/sin categor\u00eda\/amplificador-audyson-poder-mod-v-5000\/#breadcrumb","itemListElement":[{"@type":"ListItem","position":1,"name":"Portada","item":"https:\/\/www.mexicanguitarplayers.com\/"},{"@type":"ListItem","position":2,"name":"Tienda","item":"https:\/\/www.mexicanguitarplayers.com\/tienda\/"},{"@type":"ListItem","position":3,"name":"AMPLIFICADOR AUDYSON PODER MOD. V-5000"}]},{"@type":"WebSite","@id":"https:\/\/www.mexicanguitarplayers.com\/#website","url":"https:\/\/www.mexicanguitarplayers.com\/","name":"Mexican Guitar Players","description":"Website","publisher":{"@id":"https:\/\/www.mexicanguitarplayers.com\/#organization"},"potentialAction":[{"@type":"SearchAction","target":{"@type":"EntryPoint","urlTemplate":"https:\/\/www.mexicanguitarplayers.com\/?s={search_term_string}"},"query-input":{"@type":"PropertyValueSpecification","valueRequired":true,"valueName":"search_term_string"}}],"inLanguage":"en-US"},{"@type":"Organization","@id":"https:\/\/www.mexicanguitarplayers.com\/#organization","name":"Mexican Guitar Players","url":"https:\/\/www.mexicanguitarplayers.com\/","logo":{"@type":"ImageObject","inLanguage":"en-US","@id":"https:\/\/www.mexicanguitarplayers.com\/#\/schema\/logo\/image\/","url":"","contentUrl":"","caption":"Mexican Guitar Players"},"image":{"@id":"https:\/\/www.mexicanguitarplayers.com\/#\/schema\/logo\/image\/"}}]}},"brands":[{"id":229,"name":"AUDYSON","slug":"audyson"}],"_links":{"self":[{"href":"https:\/\/www.mexicanguitarplayers.com\/en\/wp-json\/wp\/v2\/product\/33238","targetHints":{"allow":["GET"]}}],"collection":[{"href":"https:\/\/www.mexicanguitarplayers.com\/en\/wp-json\/wp\/v2\/product"}],"about":[{"href":"https:\/\/www.mexicanguitarplayers.com\/en\/wp-json\/wp\/v2\/types\/product"}],"replies":[{"embeddable":true,"href":"https:\/\/www.mexicanguitarplayers.com\/en\/wp-json\/wp\/v2\/comments?post=33238"}],"wp:featuredmedia":[{"embeddable":true,"href":"https:\/\/www.mexicanguitarplayers.com\/en\/wp-json\/wp\/v2\/media\/33236"}],"wp:attachment":[{"href":"https:\/\/www.mexicanguitarplayers.com\/en\/wp-json\/wp\/v2\/media?parent=33238"}],"wp:term":[{"taxonomy":"pwb-brand","embeddable":true,"href":"https:\/\/www.mexicanguitarplayers.com\/en\/wp-json\/wp\/v2\/pwb-brand?post=33238"},{"taxonomy":"product_brand","embeddable":true,"href":"https:\/\/www.mexicanguitarplayers.com\/en\/wp-json\/wp\/v2\/product_brand?post=33238"},{"taxonomy":"product_cat","embeddable":true,"href":"https:\/\/www.mexicanguitarplayers.com\/en\/wp-json\/wp\/v2\/product_cat?post=33238"},{"taxonomy":"product_tag","embeddable":true,"href":"https:\/\/www.mexicanguitarplayers.com\/en\/wp-json\/wp\/v2\/product_tag?post=33238"}],"curies":[{"name":"wp","href":"https:\/\/api.w.org\/{rel}","templated":true}]}}