{"id":33269,"date":"2025-04-08T21:16:27","date_gmt":"2025-04-09T03:16:27","guid":{"rendered":"https:\/\/www.mexicanguitarplayers.com\/tienda\/sin categor\u00eda\/mezcladora-prosound-mod-pamx-12fx\/"},"modified":"2026-05-01T07:22:54","modified_gmt":"2026-05-01T13:22:54","slug":"mezcladora-prosound-mod-pamx-12fx","status":"publish","type":"product","link":"https:\/\/www.mexicanguitarplayers.com\/en\/tienda\/audio\/mezcladoras\/mezcladoras-digitales\/superficies-de-control\/mezcladora-prosound-mod-pamx-12fx\/","title":{"rendered":"MEZCLADORA PROSOUND MOD. PAMX-12FX"},"content":{"rendered":"<div style=\"text-align: justify\">\n<div>\n<h3>Mezcladora ProSound PAMX-12FX<\/h3>\n<\/div>\n<div>Mezcladora de 12 canales, con entrada mono y entrada est\u00e9reo. Cada uno de los canales cuenta con bot\u00f3n de PFL. Entrada de micr\u00f3fono o l\u00ednea. Ecualizador de 3 bandas, agudo. Medio y Grave. Paneo y Fader en cada canal. Env\u00edo de efectos, y grabaci\u00f3n estereo. Salidas balanceadas en XLR o TRS.<\/div>\n<div>\n<h4>Quick look<\/h4>\n<\/div>\n<ul style=\"margin: 0px 0px 0px 25px\">\n<li style=\"list-style-type: circle;margin: 5px\">Tickets<\/li>\n<li style=\"list-style-type: circle;margin: 5px\">Conector<\/li>\n<li style=\"list-style-type: circle;margin: 5px\">Departures<\/li>\n<li style=\"list-style-type: circle;margin: 5px\">Conectores de Salida<\/li>\n<li style=\"list-style-type: circle;margin: 5px\">Distorsi\u00f3n Arm\u00f3nica<\/li>\n<li style=\"list-style-type: circle;margin: 5px\">Respuesta de frecuencia<\/li>\n<li style=\"list-style-type: circle;margin: 5px\">Ruido<\/li>\n<li style=\"list-style-type: circle;margin: 5px\">Channel EQ<\/li>\n<li style=\"list-style-type: circle;margin: 5px\">Master Graphic EQ<\/li>\n<li style=\"list-style-type: circle;margin: 5px\">Poder<\/li>\n<li style=\"list-style-type: circle;margin: 5px\">Dimensions<\/li>\n<\/ul>\n<div>\n<div style=\"font-weight: bold\">Tickets<\/div>\n<div>\n<p>XLR o Plug 6.3mm. Entradas RCA para dispositivos. <\/p>\n<\/div>\n<div style=\"font-weight: bold\">Conector<\/div>\n<div>\n<p>XLR 3 Pines\/ TRS\/ RCA <\/p>\n<\/div>\n<div style=\"font-weight: bold\">Departures<\/div>\n<div>\n<p>MAIN OUT, MONITOR, FX <\/p>\n<\/div>\n<div style=\"font-weight: bold\">Conectores de Salida<\/div>\n<div>\n<p>2 XLR1 TRS1 TRS2 RCA3-POLES TRS<\/p>\n<\/div>\n<div style=\"font-weight: bold\">Distorsi\u00f3n Arm\u00f3nica<\/div>\n<div>\n<p>20Hz-20Khz<\/p>\n<\/div>\n<div style=\"font-weight: bold\">Respuesta de frecuencia<\/div>\n<div>\n<p>20Hz-20KHz +1dB<\/p>\n<\/div>\n<div style=\"font-weight: bold\">Ruido<\/div>\n<div>\n<p>-120dB @max gain<\/p>\n<\/div>\n<div style=\"font-weight: bold\">Channel EQ<\/div>\n<div>\n<p>HI:15KHz, 15dB, MID:2.5KHz, LOW:80Hz +15dB<\/p>\n<\/div>\n<div style=\"font-weight: bold\">Master Graphic EQ<\/div>\n<div>\n<p>100Hz, 250Hz, 500Hz, 1Khz, 2KHz, 4KHz, 8KHz<\/p>\n<\/div>\n<div style=\"font-weight: bold\">Poder<\/div>\n<div>\n<p>100v-240V<\/p>\n<\/div>\n<div style=\"font-weight: bold\">Dimensions<\/div>\n<div>\n<p>12 CANALES, 540 X 335 X 80<\/p>\n<\/div>\n<\/div>\n<\/div>","protected":false},"excerpt":{"rendered":"<p>Mezcladora ProSound PAMX-12FX de 11 canales en XLR y 2 en plug, Ecualizador gr\u00e1fico 7 bandas, Conexi\u00f3n Bluetooth, reproductor USB MP3, e interface digital de audio USB. Cada uno de los canales cuenta con bot\u00f3n de PFL. Entrada de micr\u00f3fono o l\u00ednea. Ecualizador de 3 bandas por canal, Agudo. Medio y Grave. Paneo y fader deslizable en cada canal. Env\u00edo de efectos, y grabaci\u00f3n est\u00e9reo. Salidas en XLR o TRS.&hellip; <a class=\"kt-excerpt-readmore more-link\" href=\"https:\/\/www.mexicanguitarplayers.com\/en\/tienda\/audio\/mezcladoras\/mezcladoras-digitales\/superficies-de-control\/mezcladora-prosound-mod-pamx-12fx\/\">Read more<\/a><\/p>","protected":false},"featured_media":33263,"comment_status":"open","ping_status":"closed","template":"","meta":{"kt_blocks_editor_width":""},"pwb-brand":[542],"product_brand":[],"product_cat":[213,491,526,537],"product_tag":[],"class_list":{"0":"post-33269","1":"product","2":"type-product","3":"status-publish","4":"has-post-thumbnail","6":"pwb-brand-prosound","7":"product_cat-audio","8":"product_cat-mezcladoras","9":"product_cat-mezcladoras-digitales","10":"product_cat-superficies-de-control","11":"product_shipping_class-5-10-kg","13":"first","14":"instock","15":"taxable","16":"shipping-taxable","17":"purchasable","18":"product-type-simple"},"yoast_head":"<!-- This site is optimized with the Yoast SEO plugin v27.5 - https:\/\/yoast.com\/product\/yoast-seo-wordpress\/ -->\n<title>MEZCLADORA PROSOUND MOD. PAMX-12FX - Mexican Guitar Players<\/title>\n<meta name=\"description\" content=\"Mezcladora ProSound PAMX-12FX de 11 canales en XLR y 2 en plug, Ecualizador gr\u00e1fico 7 bandas, Conexi\u00f3n Bluetooth, reproductor USB MP3, e interface digital de audio USB. Cada uno de los canales cuenta con bot\u00f3n de PFL. Entrada de micr\u00f3fono o l\u00ednea. Ecualizador de 3 bandas por canal, Agudo. Medio y Grave. Paneo y fader deslizable en cada canal. Env\u00edo de efectos, y grabaci\u00f3n est\u00e9reo. Salidas en XLR o TRS.\" \/>\n<meta name=\"robots\" content=\"index, follow, max-snippet:-1, max-image-preview:large, max-video-preview:-1\" \/>\n<link rel=\"canonical\" href=\"https:\/\/www.mexicanguitarplayers.com\/en\/tienda\/sin%20categor\u00eda\/mezcladora-prosound-mod-pamx-12fx\/\" \/>\n<meta property=\"og:locale\" content=\"en_US\" \/>\n<meta property=\"og:type\" content=\"article\" \/>\n<meta property=\"og:title\" content=\"MEZCLADORA PROSOUND MOD. PAMX-12FX - Mexican Guitar Players\" \/>\n<meta property=\"og:description\" content=\"Mezcladora ProSound PAMX-12FX de 11 canales en XLR y 2 en plug, Ecualizador gr\u00e1fico 7 bandas, Conexi\u00f3n Bluetooth, reproductor USB MP3, e interface digital de audio USB. Cada uno de los canales cuenta con bot\u00f3n de PFL. Entrada de micr\u00f3fono o l\u00ednea. Ecualizador de 3 bandas por canal, Agudo. Medio y Grave. Paneo y fader deslizable en cada canal. Env\u00edo de efectos, y grabaci\u00f3n est\u00e9reo. Salidas en XLR o TRS.\" \/>\n<meta property=\"og:url\" content=\"https:\/\/www.mexicanguitarplayers.com\/en\/tienda\/sin categor\u00eda\/mezcladora-prosound-mod-pamx-12fx\/\" \/>\n<meta property=\"og:site_name\" content=\"Mexican Guitar Players\" \/>\n<meta property=\"article:modified_time\" content=\"2026-05-01T13:22:54+00:00\" \/>\n<meta name=\"twitter:card\" content=\"summary_large_image\" \/>\n<meta name=\"twitter:label1\" content=\"Est. reading time\" \/>\n\t<meta name=\"twitter:data1\" content=\"1 minute\" \/>\n<script type=\"application\/ld+json\" class=\"yoast-schema-graph\">{\"@context\":\"https:\\\/\\\/schema.org\",\"@graph\":[{\"@type\":[\"WebPage\",\"ItemPage\"],\"@id\":\"https:\\\/\\\/www.mexicanguitarplayers.com\\\/tienda\\\/sin categor\u00eda\\\/mezcladora-prosound-mod-pamx-12fx\\\/\",\"url\":\"https:\\\/\\\/www.mexicanguitarplayers.com\\\/tienda\\\/sin categor\u00eda\\\/mezcladora-prosound-mod-pamx-12fx\\\/\",\"name\":\"MEZCLADORA PROSOUND MOD. PAMX-12FX - Mexican Guitar Players\",\"isPartOf\":{\"@id\":\"https:\\\/\\\/www.mexicanguitarplayers.com\\\/#website\"},\"primaryImageOfPage\":{\"@id\":\"https:\\\/\\\/www.mexicanguitarplayers.com\\\/tienda\\\/sin categor\u00eda\\\/mezcladora-prosound-mod-pamx-12fx\\\/#primaryimage\"},\"image\":{\"@id\":\"https:\\\/\\\/www.mexicanguitarplayers.com\\\/tienda\\\/sin categor\u00eda\\\/mezcladora-prosound-mod-pamx-12fx\\\/#primaryimage\"},\"thumbnailUrl\":\"https:\\\/\\\/www.mexicanguitarplayers.com\\\/wp-content\\\/uploads\\\/2025\\\/04\\\/IAPRSPAMX12FX.jpg\",\"datePublished\":\"2025-04-09T03:16:27+00:00\",\"dateModified\":\"2026-05-01T13:22:54+00:00\",\"description\":\"Mezcladora ProSound PAMX-12FX de 11 canales en XLR y 2 en plug, Ecualizador gr\u00e1fico 7 bandas, Conexi\u00f3n Bluetooth, reproductor USB MP3, e interface digital de audio USB. Cada uno de los canales cuenta con bot\u00f3n de PFL. Entrada de micr\u00f3fono o l\u00ednea. Ecualizador de 3 bandas por canal, Agudo. Medio y Grave. Paneo y fader deslizable en cada canal. Env\u00edo de efectos, y grabaci\u00f3n est\u00e9reo. Salidas en XLR o TRS.\",\"breadcrumb\":{\"@id\":\"https:\\\/\\\/www.mexicanguitarplayers.com\\\/tienda\\\/sin categor\u00eda\\\/mezcladora-prosound-mod-pamx-12fx\\\/#breadcrumb\"},\"inLanguage\":\"en-US\",\"potentialAction\":[{\"@type\":\"ReadAction\",\"target\":[\"https:\\\/\\\/www.mexicanguitarplayers.com\\\/tienda\\\/sin categor\u00eda\\\/mezcladora-prosound-mod-pamx-12fx\\\/\"]}]},{\"@type\":\"ImageObject\",\"inLanguage\":\"en-US\",\"@id\":\"https:\\\/\\\/www.mexicanguitarplayers.com\\\/tienda\\\/sin categor\u00eda\\\/mezcladora-prosound-mod-pamx-12fx\\\/#primaryimage\",\"url\":\"https:\\\/\\\/www.mexicanguitarplayers.com\\\/wp-content\\\/uploads\\\/2025\\\/04\\\/IAPRSPAMX12FX.jpg\",\"contentUrl\":\"https:\\\/\\\/www.mexicanguitarplayers.com\\\/wp-content\\\/uploads\\\/2025\\\/04\\\/IAPRSPAMX12FX.jpg\",\"width\":1200,\"height\":1200},{\"@type\":\"BreadcrumbList\",\"@id\":\"https:\\\/\\\/www.mexicanguitarplayers.com\\\/tienda\\\/sin categor\u00eda\\\/mezcladora-prosound-mod-pamx-12fx\\\/#breadcrumb\",\"itemListElement\":[{\"@type\":\"ListItem\",\"position\":1,\"name\":\"Portada\",\"item\":\"https:\\\/\\\/www.mexicanguitarplayers.com\\\/\"},{\"@type\":\"ListItem\",\"position\":2,\"name\":\"Tienda\",\"item\":\"https:\\\/\\\/www.mexicanguitarplayers.com\\\/tienda\\\/\"},{\"@type\":\"ListItem\",\"position\":3,\"name\":\"MEZCLADORA PROSOUND MOD. PAMX-12FX\"}]},{\"@type\":\"WebSite\",\"@id\":\"https:\\\/\\\/www.mexicanguitarplayers.com\\\/#website\",\"url\":\"https:\\\/\\\/www.mexicanguitarplayers.com\\\/\",\"name\":\"Mexican Guitar Players\",\"description\":\"Website\",\"publisher\":{\"@id\":\"https:\\\/\\\/www.mexicanguitarplayers.com\\\/#organization\"},\"potentialAction\":[{\"@type\":\"SearchAction\",\"target\":{\"@type\":\"EntryPoint\",\"urlTemplate\":\"https:\\\/\\\/www.mexicanguitarplayers.com\\\/?s={search_term_string}\"},\"query-input\":{\"@type\":\"PropertyValueSpecification\",\"valueRequired\":true,\"valueName\":\"search_term_string\"}}],\"inLanguage\":\"en-US\"},{\"@type\":\"Organization\",\"@id\":\"https:\\\/\\\/www.mexicanguitarplayers.com\\\/#organization\",\"name\":\"Mexican Guitar Players\",\"url\":\"https:\\\/\\\/www.mexicanguitarplayers.com\\\/\",\"logo\":{\"@type\":\"ImageObject\",\"inLanguage\":\"en-US\",\"@id\":\"https:\\\/\\\/www.mexicanguitarplayers.com\\\/#\\\/schema\\\/logo\\\/image\\\/\",\"url\":\"\",\"contentUrl\":\"\",\"caption\":\"Mexican Guitar Players\"},\"image\":{\"@id\":\"https:\\\/\\\/www.mexicanguitarplayers.com\\\/#\\\/schema\\\/logo\\\/image\\\/\"}}]}<\/script>\n<!-- \/ Yoast SEO plugin. -->","yoast_head_json":{"title":"MEZCLADORA PROSOUND MOD. PAMX-12FX - Mexican Guitar Players","description":"Mezcladora ProSound PAMX-12FX de 11 canales en XLR y 2 en plug, Ecualizador gr\u00e1fico 7 bandas, Conexi\u00f3n Bluetooth, reproductor USB MP3, e interface digital de audio USB. Cada uno de los canales cuenta con bot\u00f3n de PFL. Entrada de micr\u00f3fono o l\u00ednea. Ecualizador de 3 bandas por canal, Agudo. Medio y Grave. Paneo y fader deslizable en cada canal. Env\u00edo de efectos, y grabaci\u00f3n est\u00e9reo. Salidas en XLR o TRS.","robots":{"index":"index","follow":"follow","max-snippet":"max-snippet:-1","max-image-preview":"max-image-preview:large","max-video-preview":"max-video-preview:-1"},"canonical":"https:\/\/www.mexicanguitarplayers.com\/en\/tienda\/sin categor\u00eda\/mezcladora-prosound-mod-pamx-12fx\/","og_locale":"en_US","og_type":"article","og_title":"MEZCLADORA PROSOUND MOD. PAMX-12FX - Mexican Guitar Players","og_description":"Mezcladora ProSound PAMX-12FX de 11 canales en XLR y 2 en plug, Ecualizador gr\u00e1fico 7 bandas, Conexi\u00f3n Bluetooth, reproductor USB MP3, e interface digital de audio USB. Cada uno de los canales cuenta con bot\u00f3n de PFL. Entrada de micr\u00f3fono o l\u00ednea. Ecualizador de 3 bandas por canal, Agudo. Medio y Grave. Paneo y fader deslizable en cada canal. Env\u00edo de efectos, y grabaci\u00f3n est\u00e9reo. Salidas en XLR o TRS.","og_url":"https:\/\/www.mexicanguitarplayers.com\/en\/tienda\/sin categor\u00eda\/mezcladora-prosound-mod-pamx-12fx\/","og_site_name":"Mexican Guitar Players","article_modified_time":"2026-05-01T13:22:54+00:00","twitter_card":"summary_large_image","twitter_misc":{"Est. reading time":"1 minute"},"schema":{"@context":"https:\/\/schema.org","@graph":[{"@type":["WebPage","ItemPage"],"@id":"https:\/\/www.mexicanguitarplayers.com\/tienda\/sin categor\u00eda\/mezcladora-prosound-mod-pamx-12fx\/","url":"https:\/\/www.mexicanguitarplayers.com\/tienda\/sin categor\u00eda\/mezcladora-prosound-mod-pamx-12fx\/","name":"MEZCLADORA PROSOUND MOD. PAMX-12FX - Mexican Guitar Players","isPartOf":{"@id":"https:\/\/www.mexicanguitarplayers.com\/#website"},"primaryImageOfPage":{"@id":"https:\/\/www.mexicanguitarplayers.com\/tienda\/sin categor\u00eda\/mezcladora-prosound-mod-pamx-12fx\/#primaryimage"},"image":{"@id":"https:\/\/www.mexicanguitarplayers.com\/tienda\/sin categor\u00eda\/mezcladora-prosound-mod-pamx-12fx\/#primaryimage"},"thumbnailUrl":"https:\/\/www.mexicanguitarplayers.com\/wp-content\/uploads\/2025\/04\/IAPRSPAMX12FX.jpg","datePublished":"2025-04-09T03:16:27+00:00","dateModified":"2026-05-01T13:22:54+00:00","description":"Mezcladora ProSound PAMX-12FX de 11 canales en XLR y 2 en plug, Ecualizador gr\u00e1fico 7 bandas, Conexi\u00f3n Bluetooth, reproductor USB MP3, e interface digital de audio USB. Cada uno de los canales cuenta con bot\u00f3n de PFL. Entrada de micr\u00f3fono o l\u00ednea. Ecualizador de 3 bandas por canal, Agudo. Medio y Grave. Paneo y fader deslizable en cada canal. Env\u00edo de efectos, y grabaci\u00f3n est\u00e9reo. Salidas en XLR o TRS.","breadcrumb":{"@id":"https:\/\/www.mexicanguitarplayers.com\/tienda\/sin categor\u00eda\/mezcladora-prosound-mod-pamx-12fx\/#breadcrumb"},"inLanguage":"en-US","potentialAction":[{"@type":"ReadAction","target":["https:\/\/www.mexicanguitarplayers.com\/tienda\/sin categor\u00eda\/mezcladora-prosound-mod-pamx-12fx\/"]}]},{"@type":"ImageObject","inLanguage":"en-US","@id":"https:\/\/www.mexicanguitarplayers.com\/tienda\/sin categor\u00eda\/mezcladora-prosound-mod-pamx-12fx\/#primaryimage","url":"https:\/\/www.mexicanguitarplayers.com\/wp-content\/uploads\/2025\/04\/IAPRSPAMX12FX.jpg","contentUrl":"https:\/\/www.mexicanguitarplayers.com\/wp-content\/uploads\/2025\/04\/IAPRSPAMX12FX.jpg","width":1200,"height":1200},{"@type":"BreadcrumbList","@id":"https:\/\/www.mexicanguitarplayers.com\/tienda\/sin categor\u00eda\/mezcladora-prosound-mod-pamx-12fx\/#breadcrumb","itemListElement":[{"@type":"ListItem","position":1,"name":"Portada","item":"https:\/\/www.mexicanguitarplayers.com\/"},{"@type":"ListItem","position":2,"name":"Tienda","item":"https:\/\/www.mexicanguitarplayers.com\/tienda\/"},{"@type":"ListItem","position":3,"name":"MEZCLADORA PROSOUND MOD. PAMX-12FX"}]},{"@type":"WebSite","@id":"https:\/\/www.mexicanguitarplayers.com\/#website","url":"https:\/\/www.mexicanguitarplayers.com\/","name":"Mexican Guitar Players","description":"Website","publisher":{"@id":"https:\/\/www.mexicanguitarplayers.com\/#organization"},"potentialAction":[{"@type":"SearchAction","target":{"@type":"EntryPoint","urlTemplate":"https:\/\/www.mexicanguitarplayers.com\/?s={search_term_string}"},"query-input":{"@type":"PropertyValueSpecification","valueRequired":true,"valueName":"search_term_string"}}],"inLanguage":"en-US"},{"@type":"Organization","@id":"https:\/\/www.mexicanguitarplayers.com\/#organization","name":"Mexican Guitar Players","url":"https:\/\/www.mexicanguitarplayers.com\/","logo":{"@type":"ImageObject","inLanguage":"en-US","@id":"https:\/\/www.mexicanguitarplayers.com\/#\/schema\/logo\/image\/","url":"","contentUrl":"","caption":"Mexican Guitar Players"},"image":{"@id":"https:\/\/www.mexicanguitarplayers.com\/#\/schema\/logo\/image\/"}}]}},"brands":[{"id":542,"name":"PROSOUND","slug":"prosound"}],"_links":{"self":[{"href":"https:\/\/www.mexicanguitarplayers.com\/en\/wp-json\/wp\/v2\/product\/33269","targetHints":{"allow":["GET"]}}],"collection":[{"href":"https:\/\/www.mexicanguitarplayers.com\/en\/wp-json\/wp\/v2\/product"}],"about":[{"href":"https:\/\/www.mexicanguitarplayers.com\/en\/wp-json\/wp\/v2\/types\/product"}],"replies":[{"embeddable":true,"href":"https:\/\/www.mexicanguitarplayers.com\/en\/wp-json\/wp\/v2\/comments?post=33269"}],"wp:featuredmedia":[{"embeddable":true,"href":"https:\/\/www.mexicanguitarplayers.com\/en\/wp-json\/wp\/v2\/media\/33263"}],"wp:attachment":[{"href":"https:\/\/www.mexicanguitarplayers.com\/en\/wp-json\/wp\/v2\/media?parent=33269"}],"wp:term":[{"taxonomy":"pwb-brand","embeddable":true,"href":"https:\/\/www.mexicanguitarplayers.com\/en\/wp-json\/wp\/v2\/pwb-brand?post=33269"},{"taxonomy":"product_brand","embeddable":true,"href":"https:\/\/www.mexicanguitarplayers.com\/en\/wp-json\/wp\/v2\/product_brand?post=33269"},{"taxonomy":"product_cat","embeddable":true,"href":"https:\/\/www.mexicanguitarplayers.com\/en\/wp-json\/wp\/v2\/product_cat?post=33269"},{"taxonomy":"product_tag","embeddable":true,"href":"https:\/\/www.mexicanguitarplayers.com\/en\/wp-json\/wp\/v2\/product_tag?post=33269"}],"curies":[{"name":"wp","href":"https:\/\/api.w.org\/{rel}","templated":true}]}}