{"id":33282,"date":"2025-04-08T21:16:44","date_gmt":"2025-04-09T03:16:44","guid":{"rendered":"https:\/\/www.mexicanguitarplayers.com\/tienda\/sin categor\u00eda\/disco-reloop-mod-serato-official-control-vinyl\/"},"modified":"2026-04-22T16:15:03","modified_gmt":"2026-04-22T22:15:03","slug":"disco-reloop-mod-serato-official-control-vinyl","status":"publish","type":"product","link":"https:\/\/www.mexicanguitarplayers.com\/en\/tienda\/accesorios\/varios\/disco-reloop-mod-serato-official-control-vinyl\/","title":{"rendered":"DISCO RELOOP MOD. SERATO OFFICIAL CONTROL VINYL"},"content":{"rendered":"<div style=\"text-align: justify\">\n<div>\n<h3> Serato Control Vinyl 12&#8243; par en negro.<\/h3>\n<\/div>\n<div>Un par del formato cl\u00e1sico de 12&#8243; en el que ha llegado a confiar en nuestro color m\u00e1s vendido: negro. El vinilo de rendimiento Serato Control Vinyl 2.5 presenta nuestro tono de control Serato NoiseMap\u2122 remasterizado que es 6db m\u00e1s fuerte que las ediciones anteriores, lo que permite un seguimiento preciso , mejor desgaste del vinilo y la experiencia de vinilo digital con la sensaci\u00f3n m\u00e1s aut\u00e9ntica del mercado.<\/div>\n<div>\n<h4>Characteristics<\/h4>\n<\/div>\n<div>\n<ul style=\"margin: 0px 0px 0px 25px\">\n<li style=\"list-style-type: circle;margin: 5px\">CARACTERISTICAS<\/li>\n<\/ul>\n<\/div>\n<\/div>","protected":false},"excerpt":{"rendered":"<p>Un par del formato cl\u00e1sico de 12\u201d en el que ha llegado a confiar en nuestro color m\u00e1s vendido: negro. El vinilo de rendimiento Serato Control Vinyl 2.5 presenta nuestro tono de control Serato NoiseMap\u2122 remasterizado que es 6db m\u00e1s fuerte que las ediciones anteriores, lo que permite un seguimiento preciso , mejor desgaste del vinilo y la experiencia de vinilo digital con la sensaci\u00f3n m\u00e1s aut\u00e9ntica del mercado.&hellip; <a class=\"kt-excerpt-readmore more-link\" href=\"https:\/\/www.mexicanguitarplayers.com\/en\/tienda\/accesorios\/varios\/disco-reloop-mod-serato-official-control-vinyl\/\">Read more<\/a><\/p>","protected":false},"featured_media":33279,"comment_status":"open","ping_status":"closed","template":"","meta":{"kt_blocks_editor_width":""},"pwb-brand":[496],"product_brand":[],"product_cat":[85,249],"product_tag":[],"class_list":{"0":"post-33282","1":"product","2":"type-product","3":"status-publish","4":"has-post-thumbnail","6":"pwb-brand-reloop","7":"product_cat-accesorios","8":"product_cat-varios","9":"product_shipping_class-0-5-kg","11":"first","12":"outofstock","13":"taxable","14":"shipping-taxable","15":"purchasable","16":"product-type-simple"},"yoast_head":"<!-- This site is optimized with the Yoast SEO plugin v27.5 - https:\/\/yoast.com\/product\/yoast-seo-wordpress\/ -->\n<title>DISCO RELOOP MOD. SERATO OFFICIAL CONTROL VINYL - Mexican Guitar Players<\/title>\n<meta name=\"description\" content=\"Un par del formato cl\u00e1sico de 12\u201d en el que ha llegado a confiar en nuestro color m\u00e1s vendido: negro. El vinilo de rendimiento Serato Control Vinyl 2.5 presenta nuestro tono de control Serato NoiseMap\u2122 remasterizado que es 6db m\u00e1s fuerte que las ediciones anteriores, lo que permite un seguimiento preciso , mejor desgaste del vinilo y la experiencia de vinilo digital con la sensaci\u00f3n m\u00e1s aut\u00e9ntica del mercado.\" \/>\n<meta name=\"robots\" content=\"index, follow, max-snippet:-1, max-image-preview:large, max-video-preview:-1\" \/>\n<link rel=\"canonical\" href=\"https:\/\/www.mexicanguitarplayers.com\/en\/tienda\/sin%20categor\u00eda\/disco-reloop-mod-serato-official-control-vinyl\/\" \/>\n<meta property=\"og:locale\" content=\"en_US\" \/>\n<meta property=\"og:type\" content=\"article\" \/>\n<meta property=\"og:title\" content=\"DISCO RELOOP MOD. SERATO OFFICIAL CONTROL VINYL - Mexican Guitar Players\" \/>\n<meta property=\"og:description\" content=\"Un par del formato cl\u00e1sico de 12\u201d en el que ha llegado a confiar en nuestro color m\u00e1s vendido: negro. El vinilo de rendimiento Serato Control Vinyl 2.5 presenta nuestro tono de control Serato NoiseMap\u2122 remasterizado que es 6db m\u00e1s fuerte que las ediciones anteriores, lo que permite un seguimiento preciso , mejor desgaste del vinilo y la experiencia de vinilo digital con la sensaci\u00f3n m\u00e1s aut\u00e9ntica del mercado.\" \/>\n<meta property=\"og:url\" content=\"https:\/\/www.mexicanguitarplayers.com\/en\/tienda\/sin categor\u00eda\/disco-reloop-mod-serato-official-control-vinyl\/\" \/>\n<meta property=\"og:site_name\" content=\"Mexican Guitar Players\" \/>\n<meta property=\"article:modified_time\" content=\"2026-04-22T22:15:03+00:00\" \/>\n<meta name=\"twitter:card\" content=\"summary_large_image\" \/>\n<script type=\"application\/ld+json\" class=\"yoast-schema-graph\">{\"@context\":\"https:\\\/\\\/schema.org\",\"@graph\":[{\"@type\":[\"WebPage\",\"ItemPage\"],\"@id\":\"https:\\\/\\\/www.mexicanguitarplayers.com\\\/tienda\\\/sin categor\u00eda\\\/disco-reloop-mod-serato-official-control-vinyl\\\/\",\"url\":\"https:\\\/\\\/www.mexicanguitarplayers.com\\\/tienda\\\/sin categor\u00eda\\\/disco-reloop-mod-serato-official-control-vinyl\\\/\",\"name\":\"DISCO RELOOP MOD. SERATO OFFICIAL CONTROL VINYL - Mexican Guitar Players\",\"isPartOf\":{\"@id\":\"https:\\\/\\\/www.mexicanguitarplayers.com\\\/#website\"},\"primaryImageOfPage\":{\"@id\":\"https:\\\/\\\/www.mexicanguitarplayers.com\\\/tienda\\\/sin categor\u00eda\\\/disco-reloop-mod-serato-official-control-vinyl\\\/#primaryimage\"},\"image\":{\"@id\":\"https:\\\/\\\/www.mexicanguitarplayers.com\\\/tienda\\\/sin categor\u00eda\\\/disco-reloop-mod-serato-official-control-vinyl\\\/#primaryimage\"},\"thumbnailUrl\":\"https:\\\/\\\/www.mexicanguitarplayers.com\\\/wp-content\\\/uploads\\\/2025\\\/04\\\/VARELSRTOFFCVY.jpg\",\"datePublished\":\"2025-04-09T03:16:44+00:00\",\"dateModified\":\"2026-04-22T22:15:03+00:00\",\"description\":\"Un par del formato cl\u00e1sico de 12\u201d en el que ha llegado a confiar en nuestro color m\u00e1s vendido: negro. El vinilo de rendimiento Serato Control Vinyl 2.5 presenta nuestro tono de control Serato NoiseMap\u2122 remasterizado que es 6db m\u00e1s fuerte que las ediciones anteriores, lo que permite un seguimiento preciso , mejor desgaste del vinilo y la experiencia de vinilo digital con la sensaci\u00f3n m\u00e1s aut\u00e9ntica del mercado.\",\"breadcrumb\":{\"@id\":\"https:\\\/\\\/www.mexicanguitarplayers.com\\\/tienda\\\/sin categor\u00eda\\\/disco-reloop-mod-serato-official-control-vinyl\\\/#breadcrumb\"},\"inLanguage\":\"en-US\",\"potentialAction\":[{\"@type\":\"ReadAction\",\"target\":[\"https:\\\/\\\/www.mexicanguitarplayers.com\\\/tienda\\\/sin categor\u00eda\\\/disco-reloop-mod-serato-official-control-vinyl\\\/\"]}]},{\"@type\":\"ImageObject\",\"inLanguage\":\"en-US\",\"@id\":\"https:\\\/\\\/www.mexicanguitarplayers.com\\\/tienda\\\/sin categor\u00eda\\\/disco-reloop-mod-serato-official-control-vinyl\\\/#primaryimage\",\"url\":\"https:\\\/\\\/www.mexicanguitarplayers.com\\\/wp-content\\\/uploads\\\/2025\\\/04\\\/VARELSRTOFFCVY.jpg\",\"contentUrl\":\"https:\\\/\\\/www.mexicanguitarplayers.com\\\/wp-content\\\/uploads\\\/2025\\\/04\\\/VARELSRTOFFCVY.jpg\",\"width\":1200,\"height\":1200},{\"@type\":\"BreadcrumbList\",\"@id\":\"https:\\\/\\\/www.mexicanguitarplayers.com\\\/tienda\\\/sin categor\u00eda\\\/disco-reloop-mod-serato-official-control-vinyl\\\/#breadcrumb\",\"itemListElement\":[{\"@type\":\"ListItem\",\"position\":1,\"name\":\"Portada\",\"item\":\"https:\\\/\\\/www.mexicanguitarplayers.com\\\/\"},{\"@type\":\"ListItem\",\"position\":2,\"name\":\"Tienda\",\"item\":\"https:\\\/\\\/www.mexicanguitarplayers.com\\\/tienda\\\/\"},{\"@type\":\"ListItem\",\"position\":3,\"name\":\"DISCO RELOOP MOD. SERATO OFFICIAL CONTROL VINYL\"}]},{\"@type\":\"WebSite\",\"@id\":\"https:\\\/\\\/www.mexicanguitarplayers.com\\\/#website\",\"url\":\"https:\\\/\\\/www.mexicanguitarplayers.com\\\/\",\"name\":\"Mexican Guitar Players\",\"description\":\"Website\",\"publisher\":{\"@id\":\"https:\\\/\\\/www.mexicanguitarplayers.com\\\/#organization\"},\"potentialAction\":[{\"@type\":\"SearchAction\",\"target\":{\"@type\":\"EntryPoint\",\"urlTemplate\":\"https:\\\/\\\/www.mexicanguitarplayers.com\\\/?s={search_term_string}\"},\"query-input\":{\"@type\":\"PropertyValueSpecification\",\"valueRequired\":true,\"valueName\":\"search_term_string\"}}],\"inLanguage\":\"en-US\"},{\"@type\":\"Organization\",\"@id\":\"https:\\\/\\\/www.mexicanguitarplayers.com\\\/#organization\",\"name\":\"Mexican Guitar Players\",\"url\":\"https:\\\/\\\/www.mexicanguitarplayers.com\\\/\",\"logo\":{\"@type\":\"ImageObject\",\"inLanguage\":\"en-US\",\"@id\":\"https:\\\/\\\/www.mexicanguitarplayers.com\\\/#\\\/schema\\\/logo\\\/image\\\/\",\"url\":\"\",\"contentUrl\":\"\",\"caption\":\"Mexican Guitar Players\"},\"image\":{\"@id\":\"https:\\\/\\\/www.mexicanguitarplayers.com\\\/#\\\/schema\\\/logo\\\/image\\\/\"}}]}<\/script>\n<!-- \/ Yoast SEO plugin. -->","yoast_head_json":{"title":"DISCO RELOOP MOD. SERATO OFFICIAL CONTROL VINYL - Mexican Guitar Players","description":"Un par del formato cl\u00e1sico de 12\u201d en el que ha llegado a confiar en nuestro color m\u00e1s vendido: negro. El vinilo de rendimiento Serato Control Vinyl 2.5 presenta nuestro tono de control Serato NoiseMap\u2122 remasterizado que es 6db m\u00e1s fuerte que las ediciones anteriores, lo que permite un seguimiento preciso , mejor desgaste del vinilo y la experiencia de vinilo digital con la sensaci\u00f3n m\u00e1s aut\u00e9ntica del mercado.","robots":{"index":"index","follow":"follow","max-snippet":"max-snippet:-1","max-image-preview":"max-image-preview:large","max-video-preview":"max-video-preview:-1"},"canonical":"https:\/\/www.mexicanguitarplayers.com\/en\/tienda\/sin categor\u00eda\/disco-reloop-mod-serato-official-control-vinyl\/","og_locale":"en_US","og_type":"article","og_title":"DISCO RELOOP MOD. SERATO OFFICIAL CONTROL VINYL - Mexican Guitar Players","og_description":"Un par del formato cl\u00e1sico de 12\u201d en el que ha llegado a confiar en nuestro color m\u00e1s vendido: negro. El vinilo de rendimiento Serato Control Vinyl 2.5 presenta nuestro tono de control Serato NoiseMap\u2122 remasterizado que es 6db m\u00e1s fuerte que las ediciones anteriores, lo que permite un seguimiento preciso , mejor desgaste del vinilo y la experiencia de vinilo digital con la sensaci\u00f3n m\u00e1s aut\u00e9ntica del mercado.","og_url":"https:\/\/www.mexicanguitarplayers.com\/en\/tienda\/sin categor\u00eda\/disco-reloop-mod-serato-official-control-vinyl\/","og_site_name":"Mexican Guitar Players","article_modified_time":"2026-04-22T22:15:03+00:00","twitter_card":"summary_large_image","schema":{"@context":"https:\/\/schema.org","@graph":[{"@type":["WebPage","ItemPage"],"@id":"https:\/\/www.mexicanguitarplayers.com\/tienda\/sin categor\u00eda\/disco-reloop-mod-serato-official-control-vinyl\/","url":"https:\/\/www.mexicanguitarplayers.com\/tienda\/sin categor\u00eda\/disco-reloop-mod-serato-official-control-vinyl\/","name":"DISCO RELOOP MOD. SERATO OFFICIAL CONTROL VINYL - Mexican Guitar Players","isPartOf":{"@id":"https:\/\/www.mexicanguitarplayers.com\/#website"},"primaryImageOfPage":{"@id":"https:\/\/www.mexicanguitarplayers.com\/tienda\/sin categor\u00eda\/disco-reloop-mod-serato-official-control-vinyl\/#primaryimage"},"image":{"@id":"https:\/\/www.mexicanguitarplayers.com\/tienda\/sin categor\u00eda\/disco-reloop-mod-serato-official-control-vinyl\/#primaryimage"},"thumbnailUrl":"https:\/\/www.mexicanguitarplayers.com\/wp-content\/uploads\/2025\/04\/VARELSRTOFFCVY.jpg","datePublished":"2025-04-09T03:16:44+00:00","dateModified":"2026-04-22T22:15:03+00:00","description":"Un par del formato cl\u00e1sico de 12\u201d en el que ha llegado a confiar en nuestro color m\u00e1s vendido: negro. El vinilo de rendimiento Serato Control Vinyl 2.5 presenta nuestro tono de control Serato NoiseMap\u2122 remasterizado que es 6db m\u00e1s fuerte que las ediciones anteriores, lo que permite un seguimiento preciso , mejor desgaste del vinilo y la experiencia de vinilo digital con la sensaci\u00f3n m\u00e1s aut\u00e9ntica del mercado.","breadcrumb":{"@id":"https:\/\/www.mexicanguitarplayers.com\/tienda\/sin categor\u00eda\/disco-reloop-mod-serato-official-control-vinyl\/#breadcrumb"},"inLanguage":"en-US","potentialAction":[{"@type":"ReadAction","target":["https:\/\/www.mexicanguitarplayers.com\/tienda\/sin categor\u00eda\/disco-reloop-mod-serato-official-control-vinyl\/"]}]},{"@type":"ImageObject","inLanguage":"en-US","@id":"https:\/\/www.mexicanguitarplayers.com\/tienda\/sin categor\u00eda\/disco-reloop-mod-serato-official-control-vinyl\/#primaryimage","url":"https:\/\/www.mexicanguitarplayers.com\/wp-content\/uploads\/2025\/04\/VARELSRTOFFCVY.jpg","contentUrl":"https:\/\/www.mexicanguitarplayers.com\/wp-content\/uploads\/2025\/04\/VARELSRTOFFCVY.jpg","width":1200,"height":1200},{"@type":"BreadcrumbList","@id":"https:\/\/www.mexicanguitarplayers.com\/tienda\/sin categor\u00eda\/disco-reloop-mod-serato-official-control-vinyl\/#breadcrumb","itemListElement":[{"@type":"ListItem","position":1,"name":"Portada","item":"https:\/\/www.mexicanguitarplayers.com\/"},{"@type":"ListItem","position":2,"name":"Tienda","item":"https:\/\/www.mexicanguitarplayers.com\/tienda\/"},{"@type":"ListItem","position":3,"name":"DISCO RELOOP MOD. SERATO OFFICIAL CONTROL VINYL"}]},{"@type":"WebSite","@id":"https:\/\/www.mexicanguitarplayers.com\/#website","url":"https:\/\/www.mexicanguitarplayers.com\/","name":"Mexican Guitar Players","description":"Website","publisher":{"@id":"https:\/\/www.mexicanguitarplayers.com\/#organization"},"potentialAction":[{"@type":"SearchAction","target":{"@type":"EntryPoint","urlTemplate":"https:\/\/www.mexicanguitarplayers.com\/?s={search_term_string}"},"query-input":{"@type":"PropertyValueSpecification","valueRequired":true,"valueName":"search_term_string"}}],"inLanguage":"en-US"},{"@type":"Organization","@id":"https:\/\/www.mexicanguitarplayers.com\/#organization","name":"Mexican Guitar Players","url":"https:\/\/www.mexicanguitarplayers.com\/","logo":{"@type":"ImageObject","inLanguage":"en-US","@id":"https:\/\/www.mexicanguitarplayers.com\/#\/schema\/logo\/image\/","url":"","contentUrl":"","caption":"Mexican Guitar Players"},"image":{"@id":"https:\/\/www.mexicanguitarplayers.com\/#\/schema\/logo\/image\/"}}]}},"brands":[{"id":496,"name":"RELOOP","slug":"reloop"}],"_links":{"self":[{"href":"https:\/\/www.mexicanguitarplayers.com\/en\/wp-json\/wp\/v2\/product\/33282","targetHints":{"allow":["GET"]}}],"collection":[{"href":"https:\/\/www.mexicanguitarplayers.com\/en\/wp-json\/wp\/v2\/product"}],"about":[{"href":"https:\/\/www.mexicanguitarplayers.com\/en\/wp-json\/wp\/v2\/types\/product"}],"replies":[{"embeddable":true,"href":"https:\/\/www.mexicanguitarplayers.com\/en\/wp-json\/wp\/v2\/comments?post=33282"}],"wp:featuredmedia":[{"embeddable":true,"href":"https:\/\/www.mexicanguitarplayers.com\/en\/wp-json\/wp\/v2\/media\/33279"}],"wp:attachment":[{"href":"https:\/\/www.mexicanguitarplayers.com\/en\/wp-json\/wp\/v2\/media?parent=33282"}],"wp:term":[{"taxonomy":"pwb-brand","embeddable":true,"href":"https:\/\/www.mexicanguitarplayers.com\/en\/wp-json\/wp\/v2\/pwb-brand?post=33282"},{"taxonomy":"product_brand","embeddable":true,"href":"https:\/\/www.mexicanguitarplayers.com\/en\/wp-json\/wp\/v2\/product_brand?post=33282"},{"taxonomy":"product_cat","embeddable":true,"href":"https:\/\/www.mexicanguitarplayers.com\/en\/wp-json\/wp\/v2\/product_cat?post=33282"},{"taxonomy":"product_tag","embeddable":true,"href":"https:\/\/www.mexicanguitarplayers.com\/en\/wp-json\/wp\/v2\/product_tag?post=33282"}],"curies":[{"name":"wp","href":"https:\/\/api.w.org\/{rel}","templated":true}]}}