{"id":33284,"date":"2025-04-08T21:16:46","date_gmt":"2025-04-09T03:16:46","guid":{"rendered":"https:\/\/www.mexicanguitarplayers.com\/tienda\/sin categor\u00eda\/pastilla-belcat-p-guitarra-atn-3000\/"},"modified":"2026-05-01T07:22:53","modified_gmt":"2026-05-01T13:22:53","slug":"pastilla-belcat-p-guitarra-atn-3000","status":"publish","type":"product","link":"https:\/\/www.mexicanguitarplayers.com\/en\/tienda\/accesorios\/para-guitarras\/pastillas-para-guitarra-acustica\/pastilla-belcat-p-guitarra-atn-3000\/","title":{"rendered":"PASTILLA BELCAT P\/GUITARRA   ATN-3000"},"content":{"rendered":"<div style=\"text-align: justify\">\n<div>\n<h3>Alta definici\u00f3n s\u00f3nica.<\/h3>\n<\/div>\n<div>El preamplificador ATN-3000 de Belcat te ofrece toda la potencia, fidelidad y nitidez que est\u00e1s buscando para tu guitarra electroac\u00fastica y toda una gama de tonos a trav\u00e9s de su ecualizador de 3 bandas. Est\u00e1 dise\u00f1ada para dar una captaci\u00f3n especial de las vibraciones en tu guitarra. Tus acordes sonar\u00e1n m\u00e1s n\u00edtidos, brillosos y con un cuerpo a\u00fan m\u00e1s consistente. Es ideal para recitales ac\u00fasticos, blues, pop y baladas. Belcat es una empresa que ha desarrollado una gran l\u00ednea de productos y accesorios muy bien fabricados, ofreciendo una gran relaci\u00f3n en cuanto a precio y calidad. Cuenta con afinadores, aud\u00edfonos, preamps, combos, metr\u00f3nomos, pastillas para guitarras el\u00e9ctricas, ac\u00fasticas y bajos de gran calidad y precisi\u00f3n.<\/div>\n<div>\n<h4>Characteristics<\/h4>\n<\/div>\n<div>\n<ul style=\"margin: 0px 0px 0px 25px\">\n<li style=\"list-style-type: circle;margin: 5px\">Preamplificador para guitarra electroac\u00fastica.<\/li>\n<li style=\"list-style-type: circle;margin: 5px\">EQ de 4 bandas con afinador crom\u00e1tico integrado.<\/li>\n<li style=\"list-style-type: circle;margin: 5px\">Funciona con una pila de 9V.<\/li>\n<li style=\"list-style-type: circle;margin: 5px\">Impedancia de entrada: 20 mohms.<\/li>\n<li style=\"list-style-type: circle;margin: 5px\">Impedancia de salida: 1 kohm.<\/li>\n<li style=\"list-style-type: circle;margin: 5px\">LED indicador de nivel de bater\u00eda.<\/li>\n<li style=\"list-style-type: circle;margin: 5px\">Pastilla OMEGA-II (piezo-cable).<\/li>\n<li style=\"list-style-type: circle;margin: 5px\">Dimensiones: 72 x 50 mm.<\/li>\n<\/ul>\n<\/div>\n<\/div>","protected":false},"excerpt":{"rendered":"<p>Preamplificador para guitarra electroac\u00fastica, EQ de 4 bandas con afinador crom\u00e1tico integrado, funciona con una pila de 9V, impedancia de entrada: 20 mili-ohms, impedancia de salida: 1 kilo-ohm, LED indicador de nivel de bater\u00eda, pastilla OMEGA-II (piezo-cable), dimensiones: 72 x 50 mm.&hellip; <a class=\"kt-excerpt-readmore more-link\" href=\"https:\/\/www.mexicanguitarplayers.com\/en\/tienda\/accesorios\/para-guitarras\/pastillas-para-guitarra-acustica\/pastilla-belcat-p-guitarra-atn-3000\/\">Read more<\/a><\/p>","protected":false},"featured_media":33283,"comment_status":"open","ping_status":"closed","template":"","meta":{"kt_blocks_editor_width":""},"pwb-brand":[258],"product_brand":[],"product_cat":[85,336,357],"product_tag":[],"class_list":{"0":"post-33284","1":"product","2":"type-product","3":"status-publish","4":"has-post-thumbnail","6":"pwb-brand-belcat","7":"product_cat-accesorios","8":"product_cat-para-guitarras","9":"product_cat-pastillas-para-guitarra-acustica","10":"product_shipping_class-0-5-kg","12":"first","13":"instock","14":"taxable","15":"shipping-taxable","16":"purchasable","17":"product-type-simple"},"yoast_head":"<!-- This site is optimized with the Yoast SEO plugin v27.5 - https:\/\/yoast.com\/product\/yoast-seo-wordpress\/ -->\n<title>PASTILLA BELCAT P\/GUITARRA  ATN-3000 - Mexican Guitar Players<\/title>\n<meta name=\"description\" content=\"Preamplificador para guitarra electroac\u00fastica, EQ de 4 bandas con afinador crom\u00e1tico integrado, funciona con una pila de 9V, impedancia de entrada: 20 mili-ohms, impedancia de salida: 1 kilo-ohm, LED indicador de nivel de bater\u00eda, pastilla OMEGA-II (piezo-cable), dimensiones: 72 x 50 mm.\" \/>\n<meta name=\"robots\" content=\"index, follow, max-snippet:-1, max-image-preview:large, max-video-preview:-1\" \/>\n<link rel=\"canonical\" href=\"https:\/\/www.mexicanguitarplayers.com\/en\/tienda\/sin%20categor\u00eda\/pastilla-belcat-p-guitarra-atn-3000\/\" \/>\n<meta property=\"og:locale\" content=\"en_US\" \/>\n<meta property=\"og:type\" content=\"article\" \/>\n<meta property=\"og:title\" content=\"PASTILLA BELCAT P\/GUITARRA  ATN-3000 - Mexican Guitar Players\" \/>\n<meta property=\"og:description\" content=\"Preamplificador para guitarra electroac\u00fastica, EQ de 4 bandas con afinador crom\u00e1tico integrado, funciona con una pila de 9V, impedancia de entrada: 20 mili-ohms, impedancia de salida: 1 kilo-ohm, LED indicador de nivel de bater\u00eda, pastilla OMEGA-II (piezo-cable), dimensiones: 72 x 50 mm.\" \/>\n<meta property=\"og:url\" content=\"https:\/\/www.mexicanguitarplayers.com\/en\/tienda\/sin categor\u00eda\/pastilla-belcat-p-guitarra-atn-3000\/\" \/>\n<meta property=\"og:site_name\" content=\"Mexican Guitar Players\" \/>\n<meta property=\"article:modified_time\" content=\"2026-05-01T13:22:53+00:00\" \/>\n<meta name=\"twitter:card\" content=\"summary_large_image\" \/>\n<meta name=\"twitter:label1\" content=\"Est. reading time\" \/>\n\t<meta name=\"twitter:data1\" content=\"1 minute\" \/>\n<script type=\"application\/ld+json\" class=\"yoast-schema-graph\">{\"@context\":\"https:\\\/\\\/schema.org\",\"@graph\":[{\"@type\":[\"WebPage\",\"ItemPage\"],\"@id\":\"https:\\\/\\\/www.mexicanguitarplayers.com\\\/tienda\\\/sin categor\u00eda\\\/pastilla-belcat-p-guitarra-atn-3000\\\/\",\"url\":\"https:\\\/\\\/www.mexicanguitarplayers.com\\\/tienda\\\/sin categor\u00eda\\\/pastilla-belcat-p-guitarra-atn-3000\\\/\",\"name\":\"PASTILLA BELCAT P\\\/GUITARRA ATN-3000 - Mexican Guitar Players\",\"isPartOf\":{\"@id\":\"https:\\\/\\\/www.mexicanguitarplayers.com\\\/#website\"},\"primaryImageOfPage\":{\"@id\":\"https:\\\/\\\/www.mexicanguitarplayers.com\\\/tienda\\\/sin categor\u00eda\\\/pastilla-belcat-p-guitarra-atn-3000\\\/#primaryimage\"},\"image\":{\"@id\":\"https:\\\/\\\/www.mexicanguitarplayers.com\\\/tienda\\\/sin categor\u00eda\\\/pastilla-belcat-p-guitarra-atn-3000\\\/#primaryimage\"},\"thumbnailUrl\":\"https:\\\/\\\/www.mexicanguitarplayers.com\\\/wp-content\\\/uploads\\\/2025\\\/04\\\/RABELATN3000.jpg\",\"datePublished\":\"2025-04-09T03:16:46+00:00\",\"dateModified\":\"2026-05-01T13:22:53+00:00\",\"description\":\"Preamplificador para guitarra electroac\u00fastica, EQ de 4 bandas con afinador crom\u00e1tico integrado, funciona con una pila de 9V, impedancia de entrada: 20 mili-ohms, impedancia de salida: 1 kilo-ohm, LED indicador de nivel de bater\u00eda, pastilla OMEGA-II (piezo-cable), dimensiones: 72 x 50 mm.\",\"breadcrumb\":{\"@id\":\"https:\\\/\\\/www.mexicanguitarplayers.com\\\/tienda\\\/sin categor\u00eda\\\/pastilla-belcat-p-guitarra-atn-3000\\\/#breadcrumb\"},\"inLanguage\":\"en-US\",\"potentialAction\":[{\"@type\":\"ReadAction\",\"target\":[\"https:\\\/\\\/www.mexicanguitarplayers.com\\\/tienda\\\/sin categor\u00eda\\\/pastilla-belcat-p-guitarra-atn-3000\\\/\"]}]},{\"@type\":\"ImageObject\",\"inLanguage\":\"en-US\",\"@id\":\"https:\\\/\\\/www.mexicanguitarplayers.com\\\/tienda\\\/sin categor\u00eda\\\/pastilla-belcat-p-guitarra-atn-3000\\\/#primaryimage\",\"url\":\"https:\\\/\\\/www.mexicanguitarplayers.com\\\/wp-content\\\/uploads\\\/2025\\\/04\\\/RABELATN3000.jpg\",\"contentUrl\":\"https:\\\/\\\/www.mexicanguitarplayers.com\\\/wp-content\\\/uploads\\\/2025\\\/04\\\/RABELATN3000.jpg\",\"width\":1200,\"height\":1200},{\"@type\":\"BreadcrumbList\",\"@id\":\"https:\\\/\\\/www.mexicanguitarplayers.com\\\/tienda\\\/sin categor\u00eda\\\/pastilla-belcat-p-guitarra-atn-3000\\\/#breadcrumb\",\"itemListElement\":[{\"@type\":\"ListItem\",\"position\":1,\"name\":\"Portada\",\"item\":\"https:\\\/\\\/www.mexicanguitarplayers.com\\\/\"},{\"@type\":\"ListItem\",\"position\":2,\"name\":\"Tienda\",\"item\":\"https:\\\/\\\/www.mexicanguitarplayers.com\\\/tienda\\\/\"},{\"@type\":\"ListItem\",\"position\":3,\"name\":\"PASTILLA BELCAT P\\\/GUITARRA ATN-3000\"}]},{\"@type\":\"WebSite\",\"@id\":\"https:\\\/\\\/www.mexicanguitarplayers.com\\\/#website\",\"url\":\"https:\\\/\\\/www.mexicanguitarplayers.com\\\/\",\"name\":\"Mexican Guitar Players\",\"description\":\"Website\",\"publisher\":{\"@id\":\"https:\\\/\\\/www.mexicanguitarplayers.com\\\/#organization\"},\"potentialAction\":[{\"@type\":\"SearchAction\",\"target\":{\"@type\":\"EntryPoint\",\"urlTemplate\":\"https:\\\/\\\/www.mexicanguitarplayers.com\\\/?s={search_term_string}\"},\"query-input\":{\"@type\":\"PropertyValueSpecification\",\"valueRequired\":true,\"valueName\":\"search_term_string\"}}],\"inLanguage\":\"en-US\"},{\"@type\":\"Organization\",\"@id\":\"https:\\\/\\\/www.mexicanguitarplayers.com\\\/#organization\",\"name\":\"Mexican Guitar Players\",\"url\":\"https:\\\/\\\/www.mexicanguitarplayers.com\\\/\",\"logo\":{\"@type\":\"ImageObject\",\"inLanguage\":\"en-US\",\"@id\":\"https:\\\/\\\/www.mexicanguitarplayers.com\\\/#\\\/schema\\\/logo\\\/image\\\/\",\"url\":\"\",\"contentUrl\":\"\",\"caption\":\"Mexican Guitar Players\"},\"image\":{\"@id\":\"https:\\\/\\\/www.mexicanguitarplayers.com\\\/#\\\/schema\\\/logo\\\/image\\\/\"}}]}<\/script>\n<!-- \/ Yoast SEO plugin. -->","yoast_head_json":{"title":"PASTILLA BELCAT P\/GUITARRA  ATN-3000 - Mexican Guitar Players","description":"Preamplificador para guitarra electroac\u00fastica, EQ de 4 bandas con afinador crom\u00e1tico integrado, funciona con una pila de 9V, impedancia de entrada: 20 mili-ohms, impedancia de salida: 1 kilo-ohm, LED indicador de nivel de bater\u00eda, pastilla OMEGA-II (piezo-cable), dimensiones: 72 x 50 mm.","robots":{"index":"index","follow":"follow","max-snippet":"max-snippet:-1","max-image-preview":"max-image-preview:large","max-video-preview":"max-video-preview:-1"},"canonical":"https:\/\/www.mexicanguitarplayers.com\/en\/tienda\/sin categor\u00eda\/pastilla-belcat-p-guitarra-atn-3000\/","og_locale":"en_US","og_type":"article","og_title":"PASTILLA BELCAT P\/GUITARRA  ATN-3000 - Mexican Guitar Players","og_description":"Preamplificador para guitarra electroac\u00fastica, EQ de 4 bandas con afinador crom\u00e1tico integrado, funciona con una pila de 9V, impedancia de entrada: 20 mili-ohms, impedancia de salida: 1 kilo-ohm, LED indicador de nivel de bater\u00eda, pastilla OMEGA-II (piezo-cable), dimensiones: 72 x 50 mm.","og_url":"https:\/\/www.mexicanguitarplayers.com\/en\/tienda\/sin categor\u00eda\/pastilla-belcat-p-guitarra-atn-3000\/","og_site_name":"Mexican Guitar Players","article_modified_time":"2026-05-01T13:22:53+00:00","twitter_card":"summary_large_image","twitter_misc":{"Est. reading time":"1 minute"},"schema":{"@context":"https:\/\/schema.org","@graph":[{"@type":["WebPage","ItemPage"],"@id":"https:\/\/www.mexicanguitarplayers.com\/tienda\/sin categor\u00eda\/pastilla-belcat-p-guitarra-atn-3000\/","url":"https:\/\/www.mexicanguitarplayers.com\/tienda\/sin categor\u00eda\/pastilla-belcat-p-guitarra-atn-3000\/","name":"PASTILLA BELCAT P\/GUITARRA ATN-3000 - Mexican Guitar Players","isPartOf":{"@id":"https:\/\/www.mexicanguitarplayers.com\/#website"},"primaryImageOfPage":{"@id":"https:\/\/www.mexicanguitarplayers.com\/tienda\/sin categor\u00eda\/pastilla-belcat-p-guitarra-atn-3000\/#primaryimage"},"image":{"@id":"https:\/\/www.mexicanguitarplayers.com\/tienda\/sin categor\u00eda\/pastilla-belcat-p-guitarra-atn-3000\/#primaryimage"},"thumbnailUrl":"https:\/\/www.mexicanguitarplayers.com\/wp-content\/uploads\/2025\/04\/RABELATN3000.jpg","datePublished":"2025-04-09T03:16:46+00:00","dateModified":"2026-05-01T13:22:53+00:00","description":"Preamplificador para guitarra electroac\u00fastica, EQ de 4 bandas con afinador crom\u00e1tico integrado, funciona con una pila de 9V, impedancia de entrada: 20 mili-ohms, impedancia de salida: 1 kilo-ohm, LED indicador de nivel de bater\u00eda, pastilla OMEGA-II (piezo-cable), dimensiones: 72 x 50 mm.","breadcrumb":{"@id":"https:\/\/www.mexicanguitarplayers.com\/tienda\/sin categor\u00eda\/pastilla-belcat-p-guitarra-atn-3000\/#breadcrumb"},"inLanguage":"en-US","potentialAction":[{"@type":"ReadAction","target":["https:\/\/www.mexicanguitarplayers.com\/tienda\/sin categor\u00eda\/pastilla-belcat-p-guitarra-atn-3000\/"]}]},{"@type":"ImageObject","inLanguage":"en-US","@id":"https:\/\/www.mexicanguitarplayers.com\/tienda\/sin categor\u00eda\/pastilla-belcat-p-guitarra-atn-3000\/#primaryimage","url":"https:\/\/www.mexicanguitarplayers.com\/wp-content\/uploads\/2025\/04\/RABELATN3000.jpg","contentUrl":"https:\/\/www.mexicanguitarplayers.com\/wp-content\/uploads\/2025\/04\/RABELATN3000.jpg","width":1200,"height":1200},{"@type":"BreadcrumbList","@id":"https:\/\/www.mexicanguitarplayers.com\/tienda\/sin categor\u00eda\/pastilla-belcat-p-guitarra-atn-3000\/#breadcrumb","itemListElement":[{"@type":"ListItem","position":1,"name":"Portada","item":"https:\/\/www.mexicanguitarplayers.com\/"},{"@type":"ListItem","position":2,"name":"Tienda","item":"https:\/\/www.mexicanguitarplayers.com\/tienda\/"},{"@type":"ListItem","position":3,"name":"PASTILLA BELCAT P\/GUITARRA ATN-3000"}]},{"@type":"WebSite","@id":"https:\/\/www.mexicanguitarplayers.com\/#website","url":"https:\/\/www.mexicanguitarplayers.com\/","name":"Mexican Guitar Players","description":"Website","publisher":{"@id":"https:\/\/www.mexicanguitarplayers.com\/#organization"},"potentialAction":[{"@type":"SearchAction","target":{"@type":"EntryPoint","urlTemplate":"https:\/\/www.mexicanguitarplayers.com\/?s={search_term_string}"},"query-input":{"@type":"PropertyValueSpecification","valueRequired":true,"valueName":"search_term_string"}}],"inLanguage":"en-US"},{"@type":"Organization","@id":"https:\/\/www.mexicanguitarplayers.com\/#organization","name":"Mexican Guitar Players","url":"https:\/\/www.mexicanguitarplayers.com\/","logo":{"@type":"ImageObject","inLanguage":"en-US","@id":"https:\/\/www.mexicanguitarplayers.com\/#\/schema\/logo\/image\/","url":"","contentUrl":"","caption":"Mexican Guitar Players"},"image":{"@id":"https:\/\/www.mexicanguitarplayers.com\/#\/schema\/logo\/image\/"}}]}},"brands":[{"id":258,"name":"BELCAT","slug":"belcat"}],"_links":{"self":[{"href":"https:\/\/www.mexicanguitarplayers.com\/en\/wp-json\/wp\/v2\/product\/33284","targetHints":{"allow":["GET"]}}],"collection":[{"href":"https:\/\/www.mexicanguitarplayers.com\/en\/wp-json\/wp\/v2\/product"}],"about":[{"href":"https:\/\/www.mexicanguitarplayers.com\/en\/wp-json\/wp\/v2\/types\/product"}],"replies":[{"embeddable":true,"href":"https:\/\/www.mexicanguitarplayers.com\/en\/wp-json\/wp\/v2\/comments?post=33284"}],"wp:featuredmedia":[{"embeddable":true,"href":"https:\/\/www.mexicanguitarplayers.com\/en\/wp-json\/wp\/v2\/media\/33283"}],"wp:attachment":[{"href":"https:\/\/www.mexicanguitarplayers.com\/en\/wp-json\/wp\/v2\/media?parent=33284"}],"wp:term":[{"taxonomy":"pwb-brand","embeddable":true,"href":"https:\/\/www.mexicanguitarplayers.com\/en\/wp-json\/wp\/v2\/pwb-brand?post=33284"},{"taxonomy":"product_brand","embeddable":true,"href":"https:\/\/www.mexicanguitarplayers.com\/en\/wp-json\/wp\/v2\/product_brand?post=33284"},{"taxonomy":"product_cat","embeddable":true,"href":"https:\/\/www.mexicanguitarplayers.com\/en\/wp-json\/wp\/v2\/product_cat?post=33284"},{"taxonomy":"product_tag","embeddable":true,"href":"https:\/\/www.mexicanguitarplayers.com\/en\/wp-json\/wp\/v2\/product_tag?post=33284"}],"curies":[{"name":"wp","href":"https:\/\/api.w.org\/{rel}","templated":true}]}}