{"id":33286,"date":"2025-04-08T21:16:49","date_gmt":"2025-04-09T03:16:49","guid":{"rendered":"https:\/\/www.mexicanguitarplayers.com\/tienda\/sin categor\u00eda\/cable-pro-sound-p-bocina-psc-614-100mt\/"},"modified":"2026-03-25T13:15:06","modified_gmt":"2026-03-25T19:15:06","slug":"cable-pro-sound-p-bocina-psc-614-100mt","status":"publish","type":"product","link":"https:\/\/www.mexicanguitarplayers.com\/en\/tienda\/audio\/cables\/cables-armados\/cables-para-bocina-cables-armados\/cable-pro-sound-p-bocina-psc-614-100mt\/","title":{"rendered":"CABLE PRO SOUND P\/BOCINA  PSC-614\/100MT"},"content":{"rendered":"<div style=\"text-align: justify\">\n<div>\n<h3>Resistencia, tecnolog\u00eda y calidad.<\/h3>\n<\/div>\n<div>Los cables de Prosound han sido dise\u00f1ados pensando en los m\u00fasicos y los profesionales del audio que exigen la mejor calidad en para cada situaci\u00f3n. Durabilidad \u00fanica, resistencia y transmisi\u00f3n fiel y clara de la se\u00f1al son parte de las caracter\u00edsticas que te dan los cables de la marca Prosound.<\/div>\n<div>\n<h4>Quick look<\/h4>\n<\/div>\n<ul style=\"margin: 0px 0px 0px 25px\">\n<li style=\"list-style-type: circle;margin: 5px\">Descripci\u00f3n de uso.<\/li>\n<li style=\"list-style-type: circle;margin: 5px\">Di\u00e1metro total.<\/li>\n<li style=\"list-style-type: circle;margin: 5px\">Recubrimiento.<\/li>\n<li style=\"list-style-type: circle;margin: 5px\">Conductores internos.<\/li>\n<li style=\"list-style-type: circle;margin: 5px\">Hilos de cobre por conductor.<\/li>\n<li style=\"list-style-type: circle;margin: 5px\">Conductor.<\/li>\n<li style=\"list-style-type: circle;margin: 5px\">Aislamiento del n\u00facleo.<\/li>\n<li style=\"list-style-type: circle;margin: 5px\">Di\u00e1metro del n\u00facleo.<\/li>\n<li style=\"list-style-type: circle;margin: 5px\">Rango de temperatura.<\/li>\n<li style=\"list-style-type: circle;margin: 5px\">Resistencia del conductor.<\/li>\n<li style=\"list-style-type: circle;margin: 5px\">Propagaci\u00f3n a la flama.<\/li>\n<\/ul>\n<div>\n<div style=\"font-weight: bold\">Descripci\u00f3n de uso.<\/div>\n<div>\n<p>Cable profesional para bocina \/ bafle.<\/p>\n<\/div>\n<div style=\"font-weight: bold\">Di\u00e1metro total.<\/div>\n<div>\n<p>12.10 mm.<\/p>\n<\/div>\n<div style=\"font-weight: bold\">Recubrimiento.<\/div>\n<div>\n<p>Flex PVC &#8211; Gris oscuro TM2 &#8211; De acuerdo al est\u00e1ndar HD 21 (CEI 20-11)<\/p>\n<\/div>\n<div style=\"font-weight: bold\">Conductores internos.<\/div>\n<div>\n<p>6 x 2.028 (AWG 14).<\/p>\n<\/div>\n<div style=\"font-weight: bold\">Hilos de cobre por conductor.<\/div>\n<div>\n<p>43 x 0.245 mm.<\/p>\n<\/div>\n<div style=\"font-weight: bold\">Conductor.<\/div>\n<div>\n<p>Cobre rojo de acuerdo al est\u00e1ndar IEC 228\/HD 383 S2 (CEI 20-29).<\/p>\n<\/div>\n<div style=\"font-weight: bold\">Aislamiento del n\u00facleo.<\/div>\n<div>\n<p>PVC-TI2 calidad de acuerdo al est\u00e1ndar HD 21 (CEI 20-11).<\/p>\n<\/div>\n<div style=\"font-weight: bold\">Di\u00e1metro del n\u00facleo.<\/div>\n<div>\n<p>3.10 mm.<\/p>\n<\/div>\n<div style=\"font-weight: bold\">Rango de temperatura.<\/div>\n<div>\n<p>&#8211; 25 \u00b0C\u2026+ 70 \u00b0C.<\/p>\n<\/div>\n<div style=\"font-weight: bold\">Resistencia del conductor.<\/div>\n<div>\n<p>7.94 O \/ Km.<\/p>\n<\/div>\n<div style=\"font-weight: bold\">Propagaci\u00f3n a la flama.<\/div>\n<div>\n<p>De acuerdo al est\u00e1ndar IEC 332-1 (CEI 20-35).<\/p>\n<\/div>\n<\/div>\n<\/div>","protected":false},"excerpt":{"rendered":"<p>Cable Prosound para bocina. Modelo: PSC-614. Di\u00e1metro: 12.10 mm. Altamente flexible. Aislado con cloruro de polivinilo y recubierto con cloruro de polivinilo. Precisa reproducci\u00f3n musical. Largo: 100 mts.&hellip; <a class=\"kt-excerpt-readmore more-link\" href=\"https:\/\/www.mexicanguitarplayers.com\/en\/tienda\/audio\/cables\/cables-armados\/cables-para-bocina-cables-armados\/cable-pro-sound-p-bocina-psc-614-100mt\/\">Read more<\/a><\/p>","protected":false},"featured_media":33285,"comment_status":"open","ping_status":"closed","template":"","meta":{"kt_blocks_editor_width":""},"pwb-brand":[542],"product_brand":[],"product_cat":[213,358,499,630],"product_tag":[],"class_list":{"0":"post-33286","1":"product","2":"type-product","3":"status-publish","4":"has-post-thumbnail","6":"pwb-brand-prosound","7":"product_cat-audio","8":"product_cat-cables","9":"product_cat-cables-bulk","10":"product_cat-cables-para-bocina-cables-armados","11":"product_shipping_class-25-30-kg","13":"first","14":"instock","15":"taxable","16":"shipping-taxable","17":"purchasable","18":"product-type-simple"},"yoast_head":"<!-- This site is optimized with the Yoast SEO plugin v27.3 - https:\/\/yoast.com\/product\/yoast-seo-wordpress\/ -->\n<title>CABLE PRO SOUND P\/BOCINA PSC-614\/100MT - Mexican Guitar Players<\/title>\n<meta name=\"description\" content=\"Cable Prosound para bocina. Modelo: PSC-614. Di\u00e1metro: 12.10 mm. Altamente flexible. Aislado con cloruro de polivinilo y recubierto con cloruro de polivinilo. Precisa reproducci\u00f3n musical. Largo: 100 mts.\" \/>\n<meta name=\"robots\" content=\"index, follow, max-snippet:-1, max-image-preview:large, max-video-preview:-1\" \/>\n<link rel=\"canonical\" href=\"https:\/\/www.mexicanguitarplayers.com\/en\/tienda\/sin%20categor\u00eda\/cable-pro-sound-p-bocina-psc-614-100mt\/\" \/>\n<meta property=\"og:locale\" content=\"en_US\" \/>\n<meta property=\"og:type\" content=\"article\" \/>\n<meta property=\"og:title\" content=\"CABLE PRO SOUND P\/BOCINA PSC-614\/100MT - Mexican Guitar Players\" \/>\n<meta property=\"og:description\" content=\"Cable Prosound para bocina. Modelo: PSC-614. Di\u00e1metro: 12.10 mm. Altamente flexible. Aislado con cloruro de polivinilo y recubierto con cloruro de polivinilo. Precisa reproducci\u00f3n musical. Largo: 100 mts.\" \/>\n<meta property=\"og:url\" content=\"https:\/\/www.mexicanguitarplayers.com\/en\/tienda\/sin categor\u00eda\/cable-pro-sound-p-bocina-psc-614-100mt\/\" \/>\n<meta property=\"og:site_name\" content=\"Mexican Guitar Players\" \/>\n<meta property=\"article:modified_time\" content=\"2026-03-25T19:15:06+00:00\" \/>\n<meta name=\"twitter:card\" content=\"summary_large_image\" \/>\n<meta name=\"twitter:label1\" content=\"Est. reading time\" \/>\n\t<meta name=\"twitter:data1\" content=\"1 minute\" \/>\n<script type=\"application\/ld+json\" class=\"yoast-schema-graph\">{\"@context\":\"https:\\\/\\\/schema.org\",\"@graph\":[{\"@type\":[\"WebPage\",\"ItemPage\"],\"@id\":\"https:\\\/\\\/www.mexicanguitarplayers.com\\\/tienda\\\/sin categor\u00eda\\\/cable-pro-sound-p-bocina-psc-614-100mt\\\/\",\"url\":\"https:\\\/\\\/www.mexicanguitarplayers.com\\\/tienda\\\/sin categor\u00eda\\\/cable-pro-sound-p-bocina-psc-614-100mt\\\/\",\"name\":\"CABLE PRO SOUND P\\\/BOCINA PSC-614\\\/100MT - Mexican Guitar Players\",\"isPartOf\":{\"@id\":\"https:\\\/\\\/www.mexicanguitarplayers.com\\\/#website\"},\"primaryImageOfPage\":{\"@id\":\"https:\\\/\\\/www.mexicanguitarplayers.com\\\/tienda\\\/sin categor\u00eda\\\/cable-pro-sound-p-bocina-psc-614-100mt\\\/#primaryimage\"},\"image\":{\"@id\":\"https:\\\/\\\/www.mexicanguitarplayers.com\\\/tienda\\\/sin categor\u00eda\\\/cable-pro-sound-p-bocina-psc-614-100mt\\\/#primaryimage\"},\"thumbnailUrl\":\"https:\\\/\\\/www.mexicanguitarplayers.com\\\/wp-content\\\/uploads\\\/2025\\\/04\\\/RAPRSPSC614100.jpg\",\"datePublished\":\"2025-04-09T03:16:49+00:00\",\"dateModified\":\"2026-03-25T19:15:06+00:00\",\"description\":\"Cable Prosound para bocina. Modelo: PSC-614. Di\u00e1metro: 12.10 mm. Altamente flexible. Aislado con cloruro de polivinilo y recubierto con cloruro de polivinilo. Precisa reproducci\u00f3n musical. Largo: 100 mts.\",\"breadcrumb\":{\"@id\":\"https:\\\/\\\/www.mexicanguitarplayers.com\\\/tienda\\\/sin categor\u00eda\\\/cable-pro-sound-p-bocina-psc-614-100mt\\\/#breadcrumb\"},\"inLanguage\":\"en-US\",\"potentialAction\":[{\"@type\":\"ReadAction\",\"target\":[\"https:\\\/\\\/www.mexicanguitarplayers.com\\\/tienda\\\/sin categor\u00eda\\\/cable-pro-sound-p-bocina-psc-614-100mt\\\/\"]}]},{\"@type\":\"ImageObject\",\"inLanguage\":\"en-US\",\"@id\":\"https:\\\/\\\/www.mexicanguitarplayers.com\\\/tienda\\\/sin categor\u00eda\\\/cable-pro-sound-p-bocina-psc-614-100mt\\\/#primaryimage\",\"url\":\"https:\\\/\\\/www.mexicanguitarplayers.com\\\/wp-content\\\/uploads\\\/2025\\\/04\\\/RAPRSPSC614100.jpg\",\"contentUrl\":\"https:\\\/\\\/www.mexicanguitarplayers.com\\\/wp-content\\\/uploads\\\/2025\\\/04\\\/RAPRSPSC614100.jpg\",\"width\":1200,\"height\":1200},{\"@type\":\"BreadcrumbList\",\"@id\":\"https:\\\/\\\/www.mexicanguitarplayers.com\\\/tienda\\\/sin categor\u00eda\\\/cable-pro-sound-p-bocina-psc-614-100mt\\\/#breadcrumb\",\"itemListElement\":[{\"@type\":\"ListItem\",\"position\":1,\"name\":\"Portada\",\"item\":\"https:\\\/\\\/www.mexicanguitarplayers.com\\\/\"},{\"@type\":\"ListItem\",\"position\":2,\"name\":\"Tienda\",\"item\":\"https:\\\/\\\/www.mexicanguitarplayers.com\\\/tienda\\\/\"},{\"@type\":\"ListItem\",\"position\":3,\"name\":\"CABLE PRO SOUND P\\\/BOCINA PSC-614\\\/100MT\"}]},{\"@type\":\"WebSite\",\"@id\":\"https:\\\/\\\/www.mexicanguitarplayers.com\\\/#website\",\"url\":\"https:\\\/\\\/www.mexicanguitarplayers.com\\\/\",\"name\":\"Mexican Guitar Players\",\"description\":\"Website\",\"publisher\":{\"@id\":\"https:\\\/\\\/www.mexicanguitarplayers.com\\\/#organization\"},\"potentialAction\":[{\"@type\":\"SearchAction\",\"target\":{\"@type\":\"EntryPoint\",\"urlTemplate\":\"https:\\\/\\\/www.mexicanguitarplayers.com\\\/?s={search_term_string}\"},\"query-input\":{\"@type\":\"PropertyValueSpecification\",\"valueRequired\":true,\"valueName\":\"search_term_string\"}}],\"inLanguage\":\"en-US\"},{\"@type\":\"Organization\",\"@id\":\"https:\\\/\\\/www.mexicanguitarplayers.com\\\/#organization\",\"name\":\"Mexican Guitar Players\",\"url\":\"https:\\\/\\\/www.mexicanguitarplayers.com\\\/\",\"logo\":{\"@type\":\"ImageObject\",\"inLanguage\":\"en-US\",\"@id\":\"https:\\\/\\\/www.mexicanguitarplayers.com\\\/#\\\/schema\\\/logo\\\/image\\\/\",\"url\":\"\",\"contentUrl\":\"\",\"caption\":\"Mexican Guitar Players\"},\"image\":{\"@id\":\"https:\\\/\\\/www.mexicanguitarplayers.com\\\/#\\\/schema\\\/logo\\\/image\\\/\"}}]}<\/script>\n<!-- \/ Yoast SEO plugin. -->","yoast_head_json":{"title":"CABLE PRO SOUND P\/BOCINA PSC-614\/100MT - Mexican Guitar Players","description":"Cable Prosound para bocina. Modelo: PSC-614. Di\u00e1metro: 12.10 mm. Altamente flexible. Aislado con cloruro de polivinilo y recubierto con cloruro de polivinilo. Precisa reproducci\u00f3n musical. Largo: 100 mts.","robots":{"index":"index","follow":"follow","max-snippet":"max-snippet:-1","max-image-preview":"max-image-preview:large","max-video-preview":"max-video-preview:-1"},"canonical":"https:\/\/www.mexicanguitarplayers.com\/en\/tienda\/sin categor\u00eda\/cable-pro-sound-p-bocina-psc-614-100mt\/","og_locale":"en_US","og_type":"article","og_title":"CABLE PRO SOUND P\/BOCINA PSC-614\/100MT - Mexican Guitar Players","og_description":"Cable Prosound para bocina. Modelo: PSC-614. Di\u00e1metro: 12.10 mm. Altamente flexible. Aislado con cloruro de polivinilo y recubierto con cloruro de polivinilo. Precisa reproducci\u00f3n musical. Largo: 100 mts.","og_url":"https:\/\/www.mexicanguitarplayers.com\/en\/tienda\/sin categor\u00eda\/cable-pro-sound-p-bocina-psc-614-100mt\/","og_site_name":"Mexican Guitar Players","article_modified_time":"2026-03-25T19:15:06+00:00","twitter_card":"summary_large_image","twitter_misc":{"Est. reading time":"1 minute"},"schema":{"@context":"https:\/\/schema.org","@graph":[{"@type":["WebPage","ItemPage"],"@id":"https:\/\/www.mexicanguitarplayers.com\/tienda\/sin categor\u00eda\/cable-pro-sound-p-bocina-psc-614-100mt\/","url":"https:\/\/www.mexicanguitarplayers.com\/tienda\/sin categor\u00eda\/cable-pro-sound-p-bocina-psc-614-100mt\/","name":"CABLE PRO SOUND P\/BOCINA PSC-614\/100MT - Mexican Guitar Players","isPartOf":{"@id":"https:\/\/www.mexicanguitarplayers.com\/#website"},"primaryImageOfPage":{"@id":"https:\/\/www.mexicanguitarplayers.com\/tienda\/sin categor\u00eda\/cable-pro-sound-p-bocina-psc-614-100mt\/#primaryimage"},"image":{"@id":"https:\/\/www.mexicanguitarplayers.com\/tienda\/sin categor\u00eda\/cable-pro-sound-p-bocina-psc-614-100mt\/#primaryimage"},"thumbnailUrl":"https:\/\/www.mexicanguitarplayers.com\/wp-content\/uploads\/2025\/04\/RAPRSPSC614100.jpg","datePublished":"2025-04-09T03:16:49+00:00","dateModified":"2026-03-25T19:15:06+00:00","description":"Cable Prosound para bocina. Modelo: PSC-614. Di\u00e1metro: 12.10 mm. Altamente flexible. Aislado con cloruro de polivinilo y recubierto con cloruro de polivinilo. Precisa reproducci\u00f3n musical. Largo: 100 mts.","breadcrumb":{"@id":"https:\/\/www.mexicanguitarplayers.com\/tienda\/sin categor\u00eda\/cable-pro-sound-p-bocina-psc-614-100mt\/#breadcrumb"},"inLanguage":"en-US","potentialAction":[{"@type":"ReadAction","target":["https:\/\/www.mexicanguitarplayers.com\/tienda\/sin categor\u00eda\/cable-pro-sound-p-bocina-psc-614-100mt\/"]}]},{"@type":"ImageObject","inLanguage":"en-US","@id":"https:\/\/www.mexicanguitarplayers.com\/tienda\/sin categor\u00eda\/cable-pro-sound-p-bocina-psc-614-100mt\/#primaryimage","url":"https:\/\/www.mexicanguitarplayers.com\/wp-content\/uploads\/2025\/04\/RAPRSPSC614100.jpg","contentUrl":"https:\/\/www.mexicanguitarplayers.com\/wp-content\/uploads\/2025\/04\/RAPRSPSC614100.jpg","width":1200,"height":1200},{"@type":"BreadcrumbList","@id":"https:\/\/www.mexicanguitarplayers.com\/tienda\/sin categor\u00eda\/cable-pro-sound-p-bocina-psc-614-100mt\/#breadcrumb","itemListElement":[{"@type":"ListItem","position":1,"name":"Portada","item":"https:\/\/www.mexicanguitarplayers.com\/"},{"@type":"ListItem","position":2,"name":"Tienda","item":"https:\/\/www.mexicanguitarplayers.com\/tienda\/"},{"@type":"ListItem","position":3,"name":"CABLE PRO SOUND P\/BOCINA PSC-614\/100MT"}]},{"@type":"WebSite","@id":"https:\/\/www.mexicanguitarplayers.com\/#website","url":"https:\/\/www.mexicanguitarplayers.com\/","name":"Mexican Guitar Players","description":"Website","publisher":{"@id":"https:\/\/www.mexicanguitarplayers.com\/#organization"},"potentialAction":[{"@type":"SearchAction","target":{"@type":"EntryPoint","urlTemplate":"https:\/\/www.mexicanguitarplayers.com\/?s={search_term_string}"},"query-input":{"@type":"PropertyValueSpecification","valueRequired":true,"valueName":"search_term_string"}}],"inLanguage":"en-US"},{"@type":"Organization","@id":"https:\/\/www.mexicanguitarplayers.com\/#organization","name":"Mexican Guitar Players","url":"https:\/\/www.mexicanguitarplayers.com\/","logo":{"@type":"ImageObject","inLanguage":"en-US","@id":"https:\/\/www.mexicanguitarplayers.com\/#\/schema\/logo\/image\/","url":"","contentUrl":"","caption":"Mexican Guitar Players"},"image":{"@id":"https:\/\/www.mexicanguitarplayers.com\/#\/schema\/logo\/image\/"}}]}},"brands":[{"id":542,"name":"PROSOUND","slug":"prosound"}],"_links":{"self":[{"href":"https:\/\/www.mexicanguitarplayers.com\/en\/wp-json\/wp\/v2\/product\/33286","targetHints":{"allow":["GET"]}}],"collection":[{"href":"https:\/\/www.mexicanguitarplayers.com\/en\/wp-json\/wp\/v2\/product"}],"about":[{"href":"https:\/\/www.mexicanguitarplayers.com\/en\/wp-json\/wp\/v2\/types\/product"}],"replies":[{"embeddable":true,"href":"https:\/\/www.mexicanguitarplayers.com\/en\/wp-json\/wp\/v2\/comments?post=33286"}],"wp:featuredmedia":[{"embeddable":true,"href":"https:\/\/www.mexicanguitarplayers.com\/en\/wp-json\/wp\/v2\/media\/33285"}],"wp:attachment":[{"href":"https:\/\/www.mexicanguitarplayers.com\/en\/wp-json\/wp\/v2\/media?parent=33286"}],"wp:term":[{"taxonomy":"pwb-brand","embeddable":true,"href":"https:\/\/www.mexicanguitarplayers.com\/en\/wp-json\/wp\/v2\/pwb-brand?post=33286"},{"taxonomy":"product_brand","embeddable":true,"href":"https:\/\/www.mexicanguitarplayers.com\/en\/wp-json\/wp\/v2\/product_brand?post=33286"},{"taxonomy":"product_cat","embeddable":true,"href":"https:\/\/www.mexicanguitarplayers.com\/en\/wp-json\/wp\/v2\/product_cat?post=33286"},{"taxonomy":"product_tag","embeddable":true,"href":"https:\/\/www.mexicanguitarplayers.com\/en\/wp-json\/wp\/v2\/product_tag?post=33286"}],"curies":[{"name":"wp","href":"https:\/\/api.w.org\/{rel}","templated":true}]}}