{"id":33298,"date":"2025-04-08T21:17:07","date_gmt":"2025-04-09T03:17:07","guid":{"rendered":"https:\/\/www.mexicanguitarplayers.com\/tienda\/sin categor\u00eda\/combo-ashdown-p-guitarra-acust-aa-woodsman-par\/"},"modified":"2026-05-01T07:22:52","modified_gmt":"2026-05-01T13:22:52","slug":"combo-ashdown-p-guitarra-acust-aa-woodsman-par","status":"publish","type":"product","link":"https:\/\/www.mexicanguitarplayers.com\/en\/tienda\/accesorios\/estuches-y-fundas\/para-guitarra\/combo-ashdown-p-guitarra-acust-aa-woodsman-par\/","title":{"rendered":"COMBO ASHDOWN P\/GUITARRA ACUST. AA-WOODSMAN-PAR"},"content":{"rendered":"<div style=\"text-align: justify\">\n<div>\n<h3>Combo ac\u00fastico Woodsman Parlour 25W<\/h3>\n<\/div>\n<div>El Woodsman se basa en un largo legado de dise\u00f1o de amplificadores ac\u00fasticos para ofrecer est\u00e1ndares de interpretaci\u00f3n vocal e instrumental l\u00edderes en su clase. Dise\u00f1ado para la nueva ola de int\u00e9rpretes ac\u00fasticos, Ashdown anuncia la familia de amplificadores Woodsman, que combina hermosos gabinetes de madera tradicionales con potentes caracter\u00edsticas modernas para presentaciones en vivo y grabaciones. &#8220;Ashdown tiene una larga tradici\u00f3n en la creaci\u00f3n de excelentes amplificadores para int\u00e9rpretes ac\u00fasticos&#8221;, dice Mark Gooday de Ashdown. &#8220;Con esta \u00faltima gama, hemos dise\u00f1ado amplificadores que ofrecen un sonido excelente para una nueva generaci\u00f3n de guitarristas y cantantes ac\u00fasticos y ofrecen las funciones que necesitan a un nuevo nivel de asequibilidad&#8221;.<\/div>\n<div>\n<h4>Characteristics<\/h4>\n<\/div>\n<div>\n<ul style=\"margin: 0px 0px 0px 25px\">\n<li style=\"list-style-type: circle;margin: 5px\">Salida de potencia<\/li>\n<li style=\"list-style-type: circle;margin: 5px\">Configuraci\u00f3n de los altavoces <\/li>\n<li style=\"list-style-type: circle;margin: 5px\">Respuesta frecuente<\/li>\n<li style=\"list-style-type: circle;margin: 5px\">Entrada de instrumento alta <\/li>\n<li style=\"list-style-type: circle;margin: 5px\">Entrada de instrumento baja<\/li>\n<li style=\"list-style-type: circle;margin: 5px\">Entrada de l\u00ednea <\/li>\n<li style=\"list-style-type: circle;margin: 5px\">Salida de l\u00ednea<\/li>\n<li style=\"list-style-type: circle;margin: 5px\">Se\u00f1al a ruido <\/li>\n<li style=\"list-style-type: circle;margin: 5px\">Ecualizador<\/li>\n<li style=\"list-style-type: circle;margin: 5px\">Env\u00edo de efectos<\/li>\n<li style=\"list-style-type: circle;margin: 5px\">Distorsi\u00f3n<\/li>\n<li style=\"list-style-type: circle;margin: 5px\">Alto x ancho x profundidad (mm)<\/li>\n<li style=\"list-style-type: circle;margin: 5px\">Peso (kg)<\/li>\n<\/ul>\n<\/div>\n<\/div>","protected":false},"excerpt":{"rendered":"<p>Combo ac\u00fastico Woodsman Parlour 25W. Con entradas para micr\u00f3fonos y guitarra ac\u00fastica, los amplificadores Woodsman son ideales para d\u00faos o cantantes\/guitarristas solistas, ya que ofrecen un tono ac\u00fastico puro y claro y funciones esenciales de afinaci\u00f3n de interpretaci\u00f3n, incluida la inversi\u00f3n de fase y la retroalimentaci\u00f3n que eliminan los filtros de muesca. Hay tres modelos compactos disponibles: Parlour de 25 W, Classic de 40 W y Jumbo de 65 W. Cada modelo cuenta con un controlador Ashdown de 8\u201d dise\u00f1ado a medida. Los modelos Classic y Parlor tambi\u00e9n cuentan con una bocina para aumentar el sonido de rango completo. El modelo Parlor de 25 W cuenta con un canal de micr\u00f3fono con control de volumen independiente, un canal de guitarra con controles de volumen, graves, medios y agudos, reverberaci\u00f3n digital con calidad de estudio y un volumen maestro.&hellip; <a class=\"kt-excerpt-readmore more-link\" href=\"https:\/\/www.mexicanguitarplayers.com\/en\/tienda\/accesorios\/estuches-y-fundas\/para-guitarra\/combo-ashdown-p-guitarra-acust-aa-woodsman-par\/\">Read more<\/a><\/p>","protected":false},"featured_media":33293,"comment_status":"open","ping_status":"closed","template":"","meta":{"kt_blocks_editor_width":""},"pwb-brand":[257],"product_brand":[],"product_cat":[213,221,474,566],"product_tag":[],"class_list":{"0":"post-33298","1":"product","2":"type-product","3":"status-publish","4":"has-post-thumbnail","6":"pwb-brand-ashdown","7":"product_cat-audio","8":"product_cat-bafles-y-bocinas","9":"product_cat-bocinas-y-componentes","10":"product_cat-para-guitarra","11":"product_shipping_class-5-10-kg","13":"first","14":"instock","15":"taxable","16":"shipping-taxable","17":"purchasable","18":"product-type-simple"},"yoast_head":"<!-- This site is optimized with the Yoast SEO plugin v27.5 - https:\/\/yoast.com\/product\/yoast-seo-wordpress\/ -->\n<title>COMBO ASHDOWN P\/GUITARRA ACUST. AA-WOODSMAN-PAR - Mexican Guitar Players<\/title>\n<meta name=\"description\" content=\"Combo ac\u00fastico Woodsman Parlour 25W. Con entradas para micr\u00f3fonos y guitarra ac\u00fastica, los amplificadores Woodsman son ideales para d\u00faos o cantantes\/guitarristas solistas, ya que ofrecen un tono ac\u00fastico puro y claro y funciones esenciales de afinaci\u00f3n de interpretaci\u00f3n, incluida la inversi\u00f3n de fase y la retroalimentaci\u00f3n que eliminan los filtros de muesca. Hay tres modelos compactos disponibles: Parlour de 25 W, Classic de 40 W y Jumbo de 65 W. Cada modelo cuenta con un controlador Ashdown de 8\u201d dise\u00f1ado a medida. Los modelos Classic y Parlor tambi\u00e9n cuentan con una bocina para aumentar el sonido de rango completo. El modelo Parlor de 25 W cuenta con un canal de micr\u00f3fono con control de volumen independiente, un canal de guitarra con controles de volumen, graves, medios y agudos, reverberaci\u00f3n digital con calidad de estudio y un volumen maestro.\" \/>\n<meta name=\"robots\" content=\"index, follow, max-snippet:-1, max-image-preview:large, max-video-preview:-1\" \/>\n<link rel=\"canonical\" href=\"https:\/\/www.mexicanguitarplayers.com\/en\/tienda\/sin%20categor\u00eda\/combo-ashdown-p-guitarra-acust-aa-woodsman-par\/\" \/>\n<meta property=\"og:locale\" content=\"en_US\" \/>\n<meta property=\"og:type\" content=\"article\" \/>\n<meta property=\"og:title\" content=\"COMBO ASHDOWN P\/GUITARRA ACUST. AA-WOODSMAN-PAR - Mexican Guitar Players\" \/>\n<meta property=\"og:description\" content=\"Combo ac\u00fastico Woodsman Parlour 25W. Con entradas para micr\u00f3fonos y guitarra ac\u00fastica, los amplificadores Woodsman son ideales para d\u00faos o cantantes\/guitarristas solistas, ya que ofrecen un tono ac\u00fastico puro y claro y funciones esenciales de afinaci\u00f3n de interpretaci\u00f3n, incluida la inversi\u00f3n de fase y la retroalimentaci\u00f3n que eliminan los filtros de muesca. Hay tres modelos compactos disponibles: Parlour de 25 W, Classic de 40 W y Jumbo de 65 W. Cada modelo cuenta con un controlador Ashdown de 8\u201d dise\u00f1ado a medida. Los modelos Classic y Parlor tambi\u00e9n cuentan con una bocina para aumentar el sonido de rango completo. El modelo Parlor de 25 W cuenta con un canal de micr\u00f3fono con control de volumen independiente, un canal de guitarra con controles de volumen, graves, medios y agudos, reverberaci\u00f3n digital con calidad de estudio y un volumen maestro.\" \/>\n<meta property=\"og:url\" content=\"https:\/\/www.mexicanguitarplayers.com\/en\/tienda\/sin categor\u00eda\/combo-ashdown-p-guitarra-acust-aa-woodsman-par\/\" \/>\n<meta property=\"og:site_name\" content=\"Mexican Guitar Players\" \/>\n<meta property=\"article:modified_time\" content=\"2026-05-01T13:22:52+00:00\" \/>\n<meta name=\"twitter:card\" content=\"summary_large_image\" \/>\n<meta name=\"twitter:label1\" content=\"Est. reading time\" \/>\n\t<meta name=\"twitter:data1\" content=\"1 minute\" \/>\n<script type=\"application\/ld+json\" class=\"yoast-schema-graph\">{\"@context\":\"https:\\\/\\\/schema.org\",\"@graph\":[{\"@type\":[\"WebPage\",\"ItemPage\"],\"@id\":\"https:\\\/\\\/www.mexicanguitarplayers.com\\\/tienda\\\/sin categor\u00eda\\\/combo-ashdown-p-guitarra-acust-aa-woodsman-par\\\/\",\"url\":\"https:\\\/\\\/www.mexicanguitarplayers.com\\\/tienda\\\/sin categor\u00eda\\\/combo-ashdown-p-guitarra-acust-aa-woodsman-par\\\/\",\"name\":\"COMBO ASHDOWN P\\\/GUITARRA ACUST. AA-WOODSMAN-PAR - Mexican Guitar Players\",\"isPartOf\":{\"@id\":\"https:\\\/\\\/www.mexicanguitarplayers.com\\\/#website\"},\"primaryImageOfPage\":{\"@id\":\"https:\\\/\\\/www.mexicanguitarplayers.com\\\/tienda\\\/sin categor\u00eda\\\/combo-ashdown-p-guitarra-acust-aa-woodsman-par\\\/#primaryimage\"},\"image\":{\"@id\":\"https:\\\/\\\/www.mexicanguitarplayers.com\\\/tienda\\\/sin categor\u00eda\\\/combo-ashdown-p-guitarra-acust-aa-woodsman-par\\\/#primaryimage\"},\"thumbnailUrl\":\"https:\\\/\\\/www.mexicanguitarplayers.com\\\/wp-content\\\/uploads\\\/2025\\\/04\\\/ICASOAAWMANPAR.jpg\",\"datePublished\":\"2025-04-09T03:17:07+00:00\",\"dateModified\":\"2026-05-01T13:22:52+00:00\",\"description\":\"Combo ac\u00fastico Woodsman Parlour 25W. Con entradas para micr\u00f3fonos y guitarra ac\u00fastica, los amplificadores Woodsman son ideales para d\u00faos o cantantes\\\/guitarristas solistas, ya que ofrecen un tono ac\u00fastico puro y claro y funciones esenciales de afinaci\u00f3n de interpretaci\u00f3n, incluida la inversi\u00f3n de fase y la retroalimentaci\u00f3n que eliminan los filtros de muesca. Hay tres modelos compactos disponibles: Parlour de 25 W, Classic de 40 W y Jumbo de 65 W. Cada modelo cuenta con un controlador Ashdown de 8\u201d dise\u00f1ado a medida. Los modelos Classic y Parlor tambi\u00e9n cuentan con una bocina para aumentar el sonido de rango completo. El modelo Parlor de 25 W cuenta con un canal de micr\u00f3fono con control de volumen independiente, un canal de guitarra con controles de volumen, graves, medios y agudos, reverberaci\u00f3n digital con calidad de estudio y un volumen maestro.\",\"breadcrumb\":{\"@id\":\"https:\\\/\\\/www.mexicanguitarplayers.com\\\/tienda\\\/sin categor\u00eda\\\/combo-ashdown-p-guitarra-acust-aa-woodsman-par\\\/#breadcrumb\"},\"inLanguage\":\"en-US\",\"potentialAction\":[{\"@type\":\"ReadAction\",\"target\":[\"https:\\\/\\\/www.mexicanguitarplayers.com\\\/tienda\\\/sin categor\u00eda\\\/combo-ashdown-p-guitarra-acust-aa-woodsman-par\\\/\"]}]},{\"@type\":\"ImageObject\",\"inLanguage\":\"en-US\",\"@id\":\"https:\\\/\\\/www.mexicanguitarplayers.com\\\/tienda\\\/sin categor\u00eda\\\/combo-ashdown-p-guitarra-acust-aa-woodsman-par\\\/#primaryimage\",\"url\":\"https:\\\/\\\/www.mexicanguitarplayers.com\\\/wp-content\\\/uploads\\\/2025\\\/04\\\/ICASOAAWMANPAR.jpg\",\"contentUrl\":\"https:\\\/\\\/www.mexicanguitarplayers.com\\\/wp-content\\\/uploads\\\/2025\\\/04\\\/ICASOAAWMANPAR.jpg\",\"width\":1200,\"height\":1200},{\"@type\":\"BreadcrumbList\",\"@id\":\"https:\\\/\\\/www.mexicanguitarplayers.com\\\/tienda\\\/sin categor\u00eda\\\/combo-ashdown-p-guitarra-acust-aa-woodsman-par\\\/#breadcrumb\",\"itemListElement\":[{\"@type\":\"ListItem\",\"position\":1,\"name\":\"Portada\",\"item\":\"https:\\\/\\\/www.mexicanguitarplayers.com\\\/\"},{\"@type\":\"ListItem\",\"position\":2,\"name\":\"Tienda\",\"item\":\"https:\\\/\\\/www.mexicanguitarplayers.com\\\/tienda\\\/\"},{\"@type\":\"ListItem\",\"position\":3,\"name\":\"COMBO ASHDOWN P\\\/GUITARRA ACUST. AA-WOODSMAN-PAR\"}]},{\"@type\":\"WebSite\",\"@id\":\"https:\\\/\\\/www.mexicanguitarplayers.com\\\/#website\",\"url\":\"https:\\\/\\\/www.mexicanguitarplayers.com\\\/\",\"name\":\"Mexican Guitar Players\",\"description\":\"Website\",\"publisher\":{\"@id\":\"https:\\\/\\\/www.mexicanguitarplayers.com\\\/#organization\"},\"potentialAction\":[{\"@type\":\"SearchAction\",\"target\":{\"@type\":\"EntryPoint\",\"urlTemplate\":\"https:\\\/\\\/www.mexicanguitarplayers.com\\\/?s={search_term_string}\"},\"query-input\":{\"@type\":\"PropertyValueSpecification\",\"valueRequired\":true,\"valueName\":\"search_term_string\"}}],\"inLanguage\":\"en-US\"},{\"@type\":\"Organization\",\"@id\":\"https:\\\/\\\/www.mexicanguitarplayers.com\\\/#organization\",\"name\":\"Mexican Guitar Players\",\"url\":\"https:\\\/\\\/www.mexicanguitarplayers.com\\\/\",\"logo\":{\"@type\":\"ImageObject\",\"inLanguage\":\"en-US\",\"@id\":\"https:\\\/\\\/www.mexicanguitarplayers.com\\\/#\\\/schema\\\/logo\\\/image\\\/\",\"url\":\"\",\"contentUrl\":\"\",\"caption\":\"Mexican Guitar Players\"},\"image\":{\"@id\":\"https:\\\/\\\/www.mexicanguitarplayers.com\\\/#\\\/schema\\\/logo\\\/image\\\/\"}}]}<\/script>\n<!-- \/ Yoast SEO plugin. -->","yoast_head_json":{"title":"COMBO ASHDOWN P\/GUITARRA ACUST. AA-WOODSMAN-PAR - Mexican Guitar Players","description":"Combo ac\u00fastico Woodsman Parlour 25W. Con entradas para micr\u00f3fonos y guitarra ac\u00fastica, los amplificadores Woodsman son ideales para d\u00faos o cantantes\/guitarristas solistas, ya que ofrecen un tono ac\u00fastico puro y claro y funciones esenciales de afinaci\u00f3n de interpretaci\u00f3n, incluida la inversi\u00f3n de fase y la retroalimentaci\u00f3n que eliminan los filtros de muesca. Hay tres modelos compactos disponibles: Parlour de 25 W, Classic de 40 W y Jumbo de 65 W. Cada modelo cuenta con un controlador Ashdown de 8\u201d dise\u00f1ado a medida. Los modelos Classic y Parlor tambi\u00e9n cuentan con una bocina para aumentar el sonido de rango completo. El modelo Parlor de 25 W cuenta con un canal de micr\u00f3fono con control de volumen independiente, un canal de guitarra con controles de volumen, graves, medios y agudos, reverberaci\u00f3n digital con calidad de estudio y un volumen maestro.","robots":{"index":"index","follow":"follow","max-snippet":"max-snippet:-1","max-image-preview":"max-image-preview:large","max-video-preview":"max-video-preview:-1"},"canonical":"https:\/\/www.mexicanguitarplayers.com\/en\/tienda\/sin categor\u00eda\/combo-ashdown-p-guitarra-acust-aa-woodsman-par\/","og_locale":"en_US","og_type":"article","og_title":"COMBO ASHDOWN P\/GUITARRA ACUST. AA-WOODSMAN-PAR - Mexican Guitar Players","og_description":"Combo ac\u00fastico Woodsman Parlour 25W. Con entradas para micr\u00f3fonos y guitarra ac\u00fastica, los amplificadores Woodsman son ideales para d\u00faos o cantantes\/guitarristas solistas, ya que ofrecen un tono ac\u00fastico puro y claro y funciones esenciales de afinaci\u00f3n de interpretaci\u00f3n, incluida la inversi\u00f3n de fase y la retroalimentaci\u00f3n que eliminan los filtros de muesca. Hay tres modelos compactos disponibles: Parlour de 25 W, Classic de 40 W y Jumbo de 65 W. Cada modelo cuenta con un controlador Ashdown de 8\u201d dise\u00f1ado a medida. Los modelos Classic y Parlor tambi\u00e9n cuentan con una bocina para aumentar el sonido de rango completo. El modelo Parlor de 25 W cuenta con un canal de micr\u00f3fono con control de volumen independiente, un canal de guitarra con controles de volumen, graves, medios y agudos, reverberaci\u00f3n digital con calidad de estudio y un volumen maestro.","og_url":"https:\/\/www.mexicanguitarplayers.com\/en\/tienda\/sin categor\u00eda\/combo-ashdown-p-guitarra-acust-aa-woodsman-par\/","og_site_name":"Mexican Guitar Players","article_modified_time":"2026-05-01T13:22:52+00:00","twitter_card":"summary_large_image","twitter_misc":{"Est. reading time":"1 minute"},"schema":{"@context":"https:\/\/schema.org","@graph":[{"@type":["WebPage","ItemPage"],"@id":"https:\/\/www.mexicanguitarplayers.com\/tienda\/sin categor\u00eda\/combo-ashdown-p-guitarra-acust-aa-woodsman-par\/","url":"https:\/\/www.mexicanguitarplayers.com\/tienda\/sin categor\u00eda\/combo-ashdown-p-guitarra-acust-aa-woodsman-par\/","name":"COMBO ASHDOWN P\/GUITARRA ACUST. AA-WOODSMAN-PAR - Mexican Guitar Players","isPartOf":{"@id":"https:\/\/www.mexicanguitarplayers.com\/#website"},"primaryImageOfPage":{"@id":"https:\/\/www.mexicanguitarplayers.com\/tienda\/sin categor\u00eda\/combo-ashdown-p-guitarra-acust-aa-woodsman-par\/#primaryimage"},"image":{"@id":"https:\/\/www.mexicanguitarplayers.com\/tienda\/sin categor\u00eda\/combo-ashdown-p-guitarra-acust-aa-woodsman-par\/#primaryimage"},"thumbnailUrl":"https:\/\/www.mexicanguitarplayers.com\/wp-content\/uploads\/2025\/04\/ICASOAAWMANPAR.jpg","datePublished":"2025-04-09T03:17:07+00:00","dateModified":"2026-05-01T13:22:52+00:00","description":"Combo ac\u00fastico Woodsman Parlour 25W. Con entradas para micr\u00f3fonos y guitarra ac\u00fastica, los amplificadores Woodsman son ideales para d\u00faos o cantantes\/guitarristas solistas, ya que ofrecen un tono ac\u00fastico puro y claro y funciones esenciales de afinaci\u00f3n de interpretaci\u00f3n, incluida la inversi\u00f3n de fase y la retroalimentaci\u00f3n que eliminan los filtros de muesca. Hay tres modelos compactos disponibles: Parlour de 25 W, Classic de 40 W y Jumbo de 65 W. Cada modelo cuenta con un controlador Ashdown de 8\u201d dise\u00f1ado a medida. Los modelos Classic y Parlor tambi\u00e9n cuentan con una bocina para aumentar el sonido de rango completo. El modelo Parlor de 25 W cuenta con un canal de micr\u00f3fono con control de volumen independiente, un canal de guitarra con controles de volumen, graves, medios y agudos, reverberaci\u00f3n digital con calidad de estudio y un volumen maestro.","breadcrumb":{"@id":"https:\/\/www.mexicanguitarplayers.com\/tienda\/sin categor\u00eda\/combo-ashdown-p-guitarra-acust-aa-woodsman-par\/#breadcrumb"},"inLanguage":"en-US","potentialAction":[{"@type":"ReadAction","target":["https:\/\/www.mexicanguitarplayers.com\/tienda\/sin categor\u00eda\/combo-ashdown-p-guitarra-acust-aa-woodsman-par\/"]}]},{"@type":"ImageObject","inLanguage":"en-US","@id":"https:\/\/www.mexicanguitarplayers.com\/tienda\/sin categor\u00eda\/combo-ashdown-p-guitarra-acust-aa-woodsman-par\/#primaryimage","url":"https:\/\/www.mexicanguitarplayers.com\/wp-content\/uploads\/2025\/04\/ICASOAAWMANPAR.jpg","contentUrl":"https:\/\/www.mexicanguitarplayers.com\/wp-content\/uploads\/2025\/04\/ICASOAAWMANPAR.jpg","width":1200,"height":1200},{"@type":"BreadcrumbList","@id":"https:\/\/www.mexicanguitarplayers.com\/tienda\/sin categor\u00eda\/combo-ashdown-p-guitarra-acust-aa-woodsman-par\/#breadcrumb","itemListElement":[{"@type":"ListItem","position":1,"name":"Portada","item":"https:\/\/www.mexicanguitarplayers.com\/"},{"@type":"ListItem","position":2,"name":"Tienda","item":"https:\/\/www.mexicanguitarplayers.com\/tienda\/"},{"@type":"ListItem","position":3,"name":"COMBO ASHDOWN P\/GUITARRA ACUST. AA-WOODSMAN-PAR"}]},{"@type":"WebSite","@id":"https:\/\/www.mexicanguitarplayers.com\/#website","url":"https:\/\/www.mexicanguitarplayers.com\/","name":"Mexican Guitar Players","description":"Website","publisher":{"@id":"https:\/\/www.mexicanguitarplayers.com\/#organization"},"potentialAction":[{"@type":"SearchAction","target":{"@type":"EntryPoint","urlTemplate":"https:\/\/www.mexicanguitarplayers.com\/?s={search_term_string}"},"query-input":{"@type":"PropertyValueSpecification","valueRequired":true,"valueName":"search_term_string"}}],"inLanguage":"en-US"},{"@type":"Organization","@id":"https:\/\/www.mexicanguitarplayers.com\/#organization","name":"Mexican Guitar Players","url":"https:\/\/www.mexicanguitarplayers.com\/","logo":{"@type":"ImageObject","inLanguage":"en-US","@id":"https:\/\/www.mexicanguitarplayers.com\/#\/schema\/logo\/image\/","url":"","contentUrl":"","caption":"Mexican Guitar Players"},"image":{"@id":"https:\/\/www.mexicanguitarplayers.com\/#\/schema\/logo\/image\/"}}]}},"brands":[{"id":257,"name":"ASHDOWN","slug":"ashdown"}],"_links":{"self":[{"href":"https:\/\/www.mexicanguitarplayers.com\/en\/wp-json\/wp\/v2\/product\/33298","targetHints":{"allow":["GET"]}}],"collection":[{"href":"https:\/\/www.mexicanguitarplayers.com\/en\/wp-json\/wp\/v2\/product"}],"about":[{"href":"https:\/\/www.mexicanguitarplayers.com\/en\/wp-json\/wp\/v2\/types\/product"}],"replies":[{"embeddable":true,"href":"https:\/\/www.mexicanguitarplayers.com\/en\/wp-json\/wp\/v2\/comments?post=33298"}],"wp:featuredmedia":[{"embeddable":true,"href":"https:\/\/www.mexicanguitarplayers.com\/en\/wp-json\/wp\/v2\/media\/33293"}],"wp:attachment":[{"href":"https:\/\/www.mexicanguitarplayers.com\/en\/wp-json\/wp\/v2\/media?parent=33298"}],"wp:term":[{"taxonomy":"pwb-brand","embeddable":true,"href":"https:\/\/www.mexicanguitarplayers.com\/en\/wp-json\/wp\/v2\/pwb-brand?post=33298"},{"taxonomy":"product_brand","embeddable":true,"href":"https:\/\/www.mexicanguitarplayers.com\/en\/wp-json\/wp\/v2\/product_brand?post=33298"},{"taxonomy":"product_cat","embeddable":true,"href":"https:\/\/www.mexicanguitarplayers.com\/en\/wp-json\/wp\/v2\/product_cat?post=33298"},{"taxonomy":"product_tag","embeddable":true,"href":"https:\/\/www.mexicanguitarplayers.com\/en\/wp-json\/wp\/v2\/product_tag?post=33298"}],"curies":[{"name":"wp","href":"https:\/\/api.w.org\/{rel}","templated":true}]}}