{"id":33323,"date":"2025-04-08T21:17:40","date_gmt":"2025-04-09T03:17:40","guid":{"rendered":"https:\/\/www.mexicanguitarplayers.com\/tienda\/sin categor\u00eda\/sistema-proel-portatil-mod-free10lt\/"},"modified":"2026-04-10T04:31:54","modified_gmt":"2026-04-10T10:31:54","slug":"sistema-proel-portatil-mod-free10lt","status":"publish","type":"product","link":"https:\/\/www.mexicanguitarplayers.com\/en\/tienda\/audio\/sistemas-portatiles\/sistema-proel-portatil-mod-free10lt\/","title":{"rendered":"SISTEMA PROEL PORTATIL MOD. FREE10LT"},"content":{"rendered":"<div style=\"text-align: justify\">\n<div>\n<h3>El mejor sistema inal\u00e1mbrico, s\u00f3lo podr\u00eda ser de Proel.<\/h3>\n<\/div>\n<div>Los sistemas FREE de Proel te ofrecen la libertad de tocar tu m\u00fasica o reproducir sonido de fuentes MP3 o conectar un micr\u00f3fono en cualquier lugar sin tener que preocuparte sobre d\u00f3nde conectar el cable de alimentaci\u00f3n. FREE10LT es un sistema de sonido combinado alimentado por una bater\u00eda con un conjunto completo de caracter\u00edsticas y sonido que no se espera de este tipo de productos. Incluye un reproductor MP3 vers\u00e1til con puerto USB, ranura para tarjetas SD y conexi\u00f3n bluetooth con una gran pantalla LCD y control remoto. El sistema FREE10LT est\u00e1 alojado en un gabinete compacto y resistente que ofrece la m\u00e1xima portabilidad y protecci\u00f3n, mientras que el FREE8LT cuenta con un gabinete de MDF resistente con acabado de PVC negro. Incluye un mango retr\u00e1ctil y ruedas, permitiendo que el sistema pueda ser llevado a cualquier parte. Est\u00e1 equipado tambi\u00e9n con un adaptador para cualquier soporte de altavoz est\u00e1ndar. Con un driver de compresi\u00f3n acoplado a un woofer de 10&#8243; pulgadas y un amplificador de 120 watts de potencia, el FREE10LT es un sistema m\u00f3vil multi prop\u00f3sito para aplicaciones interiores y exteriores que requieren sonido de alta calidad y caracter\u00edsticas avanzadas. El m\u00f3dulo inal\u00e1mbrico incluido proporciona una conexi\u00f3n sin complicaciones con los micr\u00f3fonos de mano incluidos para una m\u00e1xima libertad de movimiento. Un m\u00f3dulo inal\u00e1mbrico adicional, con la opci\u00f3n a elegir de un transmisor de mano (FREE10LTKITH) o el transmisor de bolsillo con micr\u00f3fono de diadema (FREE10LTKITB), est\u00e1 disponible como opcional. Dos pilas recargables de 12V proporcionan hasta 3 o 4 horas de alimentaci\u00f3n para un funcionamiento continuo.<\/div>\n<div>\n<h4>Quick look<\/h4>\n<\/div>\n<ul style=\"margin: 0px 0px 0px 25px\">\n<li style=\"list-style-type: circle;margin: 5px\">Secci\u00f3n de mezcladora.<\/li>\n<li style=\"list-style-type: circle;margin: 5px\">Secci\u00f3n inal\u00e1mbrica.<\/li>\n<li style=\"list-style-type: circle;margin: 5px\">Secci\u00f3n multimedia.<\/li>\n<li style=\"list-style-type: circle;margin: 5px\">Amplifier section.<\/li>\n<li style=\"list-style-type: circle;margin: 5px\">Secci\u00f3n de altavoces.<\/li>\n<li style=\"list-style-type: circle;margin: 5px\">Construcci\u00f3n.<\/li>\n<li style=\"list-style-type: circle;margin: 5px\">Especificaciones generales.<\/li>\n<\/ul>\n<div>\n<div style=\"font-weight: bold\">Secci\u00f3n de mezcladora.<\/div>\n<div>\n<p>Entradas mono: 2 x Mic\/Line in (Combo).Entradas est\u00e9reo: 1 x Line in (2 x RCA + mini-jack).Efectos internos: Eco.Salidas: Mono Line Out (Jack).Ecualizador principal: 2 bandas (Agudo y Grave).<\/p>\n<\/div>\n<div style=\"font-weight: bold\">Secci\u00f3n inal\u00e1mbrica.<\/div>\n<div>\n<p>Receptor inal\u00e1mbrico: FR2R.Transmisor de mano: FR2H.Transmisor de bolsillo: FR2B (opcional).Micr\u00f3fono de mano: HS2 (opcional).Modo de modulaci\u00f3n: FM.Rango de frecuencia: UHF 863 &#8211; 865 MHz.Ancho de banda de audio: 60 Hz &#8211; 16 KHz.Relaci\u00f3n se\u00f1al a ruido: &gt;100 dB.Salida RF de transmisor de mano: 10mW.Salida RF de transmisor de bolsillo: 10mW.THD: &lt;1%.<\/p>\n<\/div>\n<div style=\"font-weight: bold\">Secci\u00f3n multimedia.<\/div>\n<div>\n<p>Tipo de reproductor: USB \/ SD \/ BLUETOOTH.Formatos compatibles: MP3.Interface de control: Display LCD, control remoto.<\/p>\n<\/div>\n<div style=\"font-weight: bold\">Amplifier section.<\/div>\n<div>\n<p>Potencia continua: 80 watts RMS (DC), 120 watts RMS (AC).<\/p>\n<\/div>\n<div style=\"font-weight: bold\">Secci\u00f3n de altavoces.<\/div>\n<div>\n<p>Tipo de sistema: 2 v\u00edas.Dispositivo de alta frecuencia: Driver de compresi\u00f3n de 1&#8243; pulgada.Dispositivo de baja frecuencia: Woofer de 10&#8243; pulgadas.Respuesta de frecuencia: 55 Hz &#8211; 18 kHz.<\/p>\n<\/div>\n<div style=\"font-weight: bold\">Construcci\u00f3n.<\/div>\n<div>\n<p>Gabinete de polipropileno, rejilla de metal, 2 ruedas.Manijas: 1 retr\u00e1ctil por arriba.Montaje en poste: 1 por debajo.<\/p>\n<\/div>\n<div style=\"font-weight: bold\">Especificaciones generales.<\/div>\n<div>\n<p>Dimensiones: 36 x 56 x 31 cm.Peso: 19 kg.Bater\u00edas recargables: 2 x 12V \/ 5A.Tiempo de recarga de las bater\u00edas: De 10 a 12 horas.Duraci\u00f3n de la bater\u00eda: De 3 a 4 horas continuas.Fuente de alimentaci\u00f3n: 230\/115 VAC (conmutable) 50\/60 Hz.<\/p>\n<\/div>\n<\/div>\n<\/div>","protected":false},"excerpt":{"rendered":"<p>Sistema port\u00e1til con m\u00f3dulo inal\u00e1mbrico UHF PLL wireless module  (863-865 MHz) con IR SYNC y micr\u00f3fono de mano, puerto USB, ranura para SD y conexi\u00f3n bluetooth,display LCD y control remoto, amplificador de 120 watts, woofer de 10\u201d y driverde 1\u201d, funcionamiento de hasta 3 o 4 horas con pila de 12V, gabinete compacto yligero, 2 ruedas y manija retr\u00e1ctil, compartimento para 2 micr\u00f3fonos inal\u00e1mbricos.&hellip; <a class=\"kt-excerpt-readmore more-link\" href=\"https:\/\/www.mexicanguitarplayers.com\/en\/tienda\/audio\/sistemas-portatiles\/sistema-proel-portatil-mod-free10lt\/\">Read more<\/a><\/p>","protected":false},"featured_media":33318,"comment_status":"open","ping_status":"closed","template":"","meta":{"kt_blocks_editor_width":""},"pwb-brand":[252],"product_brand":[],"product_cat":[213,571],"product_tag":[],"class_list":{"0":"post-33323","1":"product","2":"type-product","3":"status-publish","4":"has-post-thumbnail","6":"pwb-brand-proel","7":"product_cat-audio","8":"product_cat-sistemas-portatiles","9":"product_shipping_class-15-20-kg","11":"first","12":"outofstock","13":"taxable","14":"shipping-taxable","15":"purchasable","16":"product-type-simple"},"yoast_head":"<!-- This site is optimized with the Yoast SEO plugin v27.6 - https:\/\/yoast.com\/product\/yoast-seo-wordpress\/ -->\n<title>SISTEMA PROEL PORTATIL MOD. FREE10LT - Mexican Guitar Players<\/title>\n<meta name=\"description\" content=\"Sistema port\u00e1til con m\u00f3dulo inal\u00e1mbrico UHF PLL wireless module (863-865 MHz) con IR SYNC y micr\u00f3fono de mano, puerto USB, ranura para SD y conexi\u00f3n bluetooth,display LCD y control remoto, amplificador de 120 watts, woofer de 10\u201d y driverde 1\u201d, funcionamiento de hasta 3 o 4 horas con pila de 12V, gabinete compacto yligero, 2 ruedas y manija retr\u00e1ctil, compartimento para 2 micr\u00f3fonos inal\u00e1mbricos.\" \/>\n<meta name=\"robots\" content=\"index, follow, max-snippet:-1, max-image-preview:large, max-video-preview:-1\" \/>\n<link rel=\"canonical\" href=\"https:\/\/www.mexicanguitarplayers.com\/en\/tienda\/sin%20categor\u00eda\/sistema-proel-portatil-mod-free10lt\/\" \/>\n<meta property=\"og:locale\" content=\"en_US\" \/>\n<meta property=\"og:type\" content=\"article\" \/>\n<meta property=\"og:title\" content=\"SISTEMA PROEL PORTATIL MOD. FREE10LT - Mexican Guitar Players\" \/>\n<meta property=\"og:description\" content=\"Sistema port\u00e1til con m\u00f3dulo inal\u00e1mbrico UHF PLL wireless module (863-865 MHz) con IR SYNC y micr\u00f3fono de mano, puerto USB, ranura para SD y conexi\u00f3n bluetooth,display LCD y control remoto, amplificador de 120 watts, woofer de 10\u201d y driverde 1\u201d, funcionamiento de hasta 3 o 4 horas con pila de 12V, gabinete compacto yligero, 2 ruedas y manija retr\u00e1ctil, compartimento para 2 micr\u00f3fonos inal\u00e1mbricos.\" \/>\n<meta property=\"og:url\" content=\"https:\/\/www.mexicanguitarplayers.com\/en\/tienda\/sin categor\u00eda\/sistema-proel-portatil-mod-free10lt\/\" \/>\n<meta property=\"og:site_name\" content=\"Mexican Guitar Players\" \/>\n<meta property=\"article:modified_time\" content=\"2026-04-10T10:31:54+00:00\" \/>\n<meta name=\"twitter:card\" content=\"summary_large_image\" \/>\n<meta name=\"twitter:label1\" content=\"Est. reading time\" \/>\n\t<meta name=\"twitter:data1\" content=\"3 minutes\" \/>\n<script type=\"application\/ld+json\" class=\"yoast-schema-graph\">{\"@context\":\"https:\\\/\\\/schema.org\",\"@graph\":[{\"@type\":[\"WebPage\",\"ItemPage\"],\"@id\":\"https:\\\/\\\/www.mexicanguitarplayers.com\\\/tienda\\\/sin categor\u00eda\\\/sistema-proel-portatil-mod-free10lt\\\/\",\"url\":\"https:\\\/\\\/www.mexicanguitarplayers.com\\\/tienda\\\/sin categor\u00eda\\\/sistema-proel-portatil-mod-free10lt\\\/\",\"name\":\"SISTEMA PROEL PORTATIL MOD. FREE10LT - Mexican Guitar Players\",\"isPartOf\":{\"@id\":\"https:\\\/\\\/www.mexicanguitarplayers.com\\\/#website\"},\"primaryImageOfPage\":{\"@id\":\"https:\\\/\\\/www.mexicanguitarplayers.com\\\/tienda\\\/sin categor\u00eda\\\/sistema-proel-portatil-mod-free10lt\\\/#primaryimage\"},\"image\":{\"@id\":\"https:\\\/\\\/www.mexicanguitarplayers.com\\\/tienda\\\/sin categor\u00eda\\\/sistema-proel-portatil-mod-free10lt\\\/#primaryimage\"},\"thumbnailUrl\":\"https:\\\/\\\/www.mexicanguitarplayers.com\\\/wp-content\\\/uploads\\\/2025\\\/04\\\/IAPREFREE10LT.jpg\",\"datePublished\":\"2025-04-09T03:17:40+00:00\",\"dateModified\":\"2026-04-10T10:31:54+00:00\",\"description\":\"Sistema port\u00e1til con m\u00f3dulo inal\u00e1mbrico UHF PLL wireless module (863-865 MHz) con IR SYNC y micr\u00f3fono de mano, puerto USB, ranura para SD y conexi\u00f3n bluetooth,display LCD y control remoto, amplificador de 120 watts, woofer de 10\u201d y driverde 1\u201d, funcionamiento de hasta 3 o 4 horas con pila de 12V, gabinete compacto yligero, 2 ruedas y manija retr\u00e1ctil, compartimento para 2 micr\u00f3fonos inal\u00e1mbricos.\",\"breadcrumb\":{\"@id\":\"https:\\\/\\\/www.mexicanguitarplayers.com\\\/tienda\\\/sin categor\u00eda\\\/sistema-proel-portatil-mod-free10lt\\\/#breadcrumb\"},\"inLanguage\":\"en-US\",\"potentialAction\":[{\"@type\":\"ReadAction\",\"target\":[\"https:\\\/\\\/www.mexicanguitarplayers.com\\\/tienda\\\/sin categor\u00eda\\\/sistema-proel-portatil-mod-free10lt\\\/\"]}]},{\"@type\":\"ImageObject\",\"inLanguage\":\"en-US\",\"@id\":\"https:\\\/\\\/www.mexicanguitarplayers.com\\\/tienda\\\/sin categor\u00eda\\\/sistema-proel-portatil-mod-free10lt\\\/#primaryimage\",\"url\":\"https:\\\/\\\/www.mexicanguitarplayers.com\\\/wp-content\\\/uploads\\\/2025\\\/04\\\/IAPREFREE10LT.jpg\",\"contentUrl\":\"https:\\\/\\\/www.mexicanguitarplayers.com\\\/wp-content\\\/uploads\\\/2025\\\/04\\\/IAPREFREE10LT.jpg\",\"width\":1200,\"height\":1200},{\"@type\":\"BreadcrumbList\",\"@id\":\"https:\\\/\\\/www.mexicanguitarplayers.com\\\/tienda\\\/sin categor\u00eda\\\/sistema-proel-portatil-mod-free10lt\\\/#breadcrumb\",\"itemListElement\":[{\"@type\":\"ListItem\",\"position\":1,\"name\":\"Portada\",\"item\":\"https:\\\/\\\/www.mexicanguitarplayers.com\\\/\"},{\"@type\":\"ListItem\",\"position\":2,\"name\":\"Tienda\",\"item\":\"https:\\\/\\\/www.mexicanguitarplayers.com\\\/tienda\\\/\"},{\"@type\":\"ListItem\",\"position\":3,\"name\":\"SISTEMA PROEL PORTATIL MOD. FREE10LT\"}]},{\"@type\":\"WebSite\",\"@id\":\"https:\\\/\\\/www.mexicanguitarplayers.com\\\/#website\",\"url\":\"https:\\\/\\\/www.mexicanguitarplayers.com\\\/\",\"name\":\"Mexican Guitar Players\",\"description\":\"Website\",\"publisher\":{\"@id\":\"https:\\\/\\\/www.mexicanguitarplayers.com\\\/#organization\"},\"potentialAction\":[{\"@type\":\"SearchAction\",\"target\":{\"@type\":\"EntryPoint\",\"urlTemplate\":\"https:\\\/\\\/www.mexicanguitarplayers.com\\\/?s={search_term_string}\"},\"query-input\":{\"@type\":\"PropertyValueSpecification\",\"valueRequired\":true,\"valueName\":\"search_term_string\"}}],\"inLanguage\":\"en-US\"},{\"@type\":\"Organization\",\"@id\":\"https:\\\/\\\/www.mexicanguitarplayers.com\\\/#organization\",\"name\":\"Mexican Guitar Players\",\"url\":\"https:\\\/\\\/www.mexicanguitarplayers.com\\\/\",\"logo\":{\"@type\":\"ImageObject\",\"inLanguage\":\"en-US\",\"@id\":\"https:\\\/\\\/www.mexicanguitarplayers.com\\\/#\\\/schema\\\/logo\\\/image\\\/\",\"url\":\"\",\"contentUrl\":\"\",\"caption\":\"Mexican Guitar Players\"},\"image\":{\"@id\":\"https:\\\/\\\/www.mexicanguitarplayers.com\\\/#\\\/schema\\\/logo\\\/image\\\/\"}}]}<\/script>\n<!-- \/ Yoast SEO plugin. -->","yoast_head_json":{"title":"SISTEMA PROEL PORTATIL MOD. FREE10LT - Mexican Guitar Players","description":"Sistema port\u00e1til con m\u00f3dulo inal\u00e1mbrico UHF PLL wireless module (863-865 MHz) con IR SYNC y micr\u00f3fono de mano, puerto USB, ranura para SD y conexi\u00f3n bluetooth,display LCD y control remoto, amplificador de 120 watts, woofer de 10\u201d y driverde 1\u201d, funcionamiento de hasta 3 o 4 horas con pila de 12V, gabinete compacto yligero, 2 ruedas y manija retr\u00e1ctil, compartimento para 2 micr\u00f3fonos inal\u00e1mbricos.","robots":{"index":"index","follow":"follow","max-snippet":"max-snippet:-1","max-image-preview":"max-image-preview:large","max-video-preview":"max-video-preview:-1"},"canonical":"https:\/\/www.mexicanguitarplayers.com\/en\/tienda\/sin categor\u00eda\/sistema-proel-portatil-mod-free10lt\/","og_locale":"en_US","og_type":"article","og_title":"SISTEMA PROEL PORTATIL MOD. FREE10LT - Mexican Guitar Players","og_description":"Sistema port\u00e1til con m\u00f3dulo inal\u00e1mbrico UHF PLL wireless module (863-865 MHz) con IR SYNC y micr\u00f3fono de mano, puerto USB, ranura para SD y conexi\u00f3n bluetooth,display LCD y control remoto, amplificador de 120 watts, woofer de 10\u201d y driverde 1\u201d, funcionamiento de hasta 3 o 4 horas con pila de 12V, gabinete compacto yligero, 2 ruedas y manija retr\u00e1ctil, compartimento para 2 micr\u00f3fonos inal\u00e1mbricos.","og_url":"https:\/\/www.mexicanguitarplayers.com\/en\/tienda\/sin categor\u00eda\/sistema-proel-portatil-mod-free10lt\/","og_site_name":"Mexican Guitar Players","article_modified_time":"2026-04-10T10:31:54+00:00","twitter_card":"summary_large_image","twitter_misc":{"Est. reading time":"3 minutes"},"schema":{"@context":"https:\/\/schema.org","@graph":[{"@type":["WebPage","ItemPage"],"@id":"https:\/\/www.mexicanguitarplayers.com\/tienda\/sin categor\u00eda\/sistema-proel-portatil-mod-free10lt\/","url":"https:\/\/www.mexicanguitarplayers.com\/tienda\/sin categor\u00eda\/sistema-proel-portatil-mod-free10lt\/","name":"SISTEMA PROEL PORTATIL MOD. FREE10LT - Mexican Guitar Players","isPartOf":{"@id":"https:\/\/www.mexicanguitarplayers.com\/#website"},"primaryImageOfPage":{"@id":"https:\/\/www.mexicanguitarplayers.com\/tienda\/sin categor\u00eda\/sistema-proel-portatil-mod-free10lt\/#primaryimage"},"image":{"@id":"https:\/\/www.mexicanguitarplayers.com\/tienda\/sin categor\u00eda\/sistema-proel-portatil-mod-free10lt\/#primaryimage"},"thumbnailUrl":"https:\/\/www.mexicanguitarplayers.com\/wp-content\/uploads\/2025\/04\/IAPREFREE10LT.jpg","datePublished":"2025-04-09T03:17:40+00:00","dateModified":"2026-04-10T10:31:54+00:00","description":"Sistema port\u00e1til con m\u00f3dulo inal\u00e1mbrico UHF PLL wireless module (863-865 MHz) con IR SYNC y micr\u00f3fono de mano, puerto USB, ranura para SD y conexi\u00f3n bluetooth,display LCD y control remoto, amplificador de 120 watts, woofer de 10\u201d y driverde 1\u201d, funcionamiento de hasta 3 o 4 horas con pila de 12V, gabinete compacto yligero, 2 ruedas y manija retr\u00e1ctil, compartimento para 2 micr\u00f3fonos inal\u00e1mbricos.","breadcrumb":{"@id":"https:\/\/www.mexicanguitarplayers.com\/tienda\/sin categor\u00eda\/sistema-proel-portatil-mod-free10lt\/#breadcrumb"},"inLanguage":"en-US","potentialAction":[{"@type":"ReadAction","target":["https:\/\/www.mexicanguitarplayers.com\/tienda\/sin categor\u00eda\/sistema-proel-portatil-mod-free10lt\/"]}]},{"@type":"ImageObject","inLanguage":"en-US","@id":"https:\/\/www.mexicanguitarplayers.com\/tienda\/sin categor\u00eda\/sistema-proel-portatil-mod-free10lt\/#primaryimage","url":"https:\/\/www.mexicanguitarplayers.com\/wp-content\/uploads\/2025\/04\/IAPREFREE10LT.jpg","contentUrl":"https:\/\/www.mexicanguitarplayers.com\/wp-content\/uploads\/2025\/04\/IAPREFREE10LT.jpg","width":1200,"height":1200},{"@type":"BreadcrumbList","@id":"https:\/\/www.mexicanguitarplayers.com\/tienda\/sin categor\u00eda\/sistema-proel-portatil-mod-free10lt\/#breadcrumb","itemListElement":[{"@type":"ListItem","position":1,"name":"Portada","item":"https:\/\/www.mexicanguitarplayers.com\/"},{"@type":"ListItem","position":2,"name":"Tienda","item":"https:\/\/www.mexicanguitarplayers.com\/tienda\/"},{"@type":"ListItem","position":3,"name":"SISTEMA PROEL PORTATIL MOD. FREE10LT"}]},{"@type":"WebSite","@id":"https:\/\/www.mexicanguitarplayers.com\/#website","url":"https:\/\/www.mexicanguitarplayers.com\/","name":"Mexican Guitar Players","description":"Website","publisher":{"@id":"https:\/\/www.mexicanguitarplayers.com\/#organization"},"potentialAction":[{"@type":"SearchAction","target":{"@type":"EntryPoint","urlTemplate":"https:\/\/www.mexicanguitarplayers.com\/?s={search_term_string}"},"query-input":{"@type":"PropertyValueSpecification","valueRequired":true,"valueName":"search_term_string"}}],"inLanguage":"en-US"},{"@type":"Organization","@id":"https:\/\/www.mexicanguitarplayers.com\/#organization","name":"Mexican Guitar Players","url":"https:\/\/www.mexicanguitarplayers.com\/","logo":{"@type":"ImageObject","inLanguage":"en-US","@id":"https:\/\/www.mexicanguitarplayers.com\/#\/schema\/logo\/image\/","url":"","contentUrl":"","caption":"Mexican Guitar Players"},"image":{"@id":"https:\/\/www.mexicanguitarplayers.com\/#\/schema\/logo\/image\/"}}]}},"brands":[{"id":252,"name":"PROEL","slug":"proel"}],"_links":{"self":[{"href":"https:\/\/www.mexicanguitarplayers.com\/en\/wp-json\/wp\/v2\/product\/33323","targetHints":{"allow":["GET"]}}],"collection":[{"href":"https:\/\/www.mexicanguitarplayers.com\/en\/wp-json\/wp\/v2\/product"}],"about":[{"href":"https:\/\/www.mexicanguitarplayers.com\/en\/wp-json\/wp\/v2\/types\/product"}],"replies":[{"embeddable":true,"href":"https:\/\/www.mexicanguitarplayers.com\/en\/wp-json\/wp\/v2\/comments?post=33323"}],"wp:featuredmedia":[{"embeddable":true,"href":"https:\/\/www.mexicanguitarplayers.com\/en\/wp-json\/wp\/v2\/media\/33318"}],"wp:attachment":[{"href":"https:\/\/www.mexicanguitarplayers.com\/en\/wp-json\/wp\/v2\/media?parent=33323"}],"wp:term":[{"taxonomy":"pwb-brand","embeddable":true,"href":"https:\/\/www.mexicanguitarplayers.com\/en\/wp-json\/wp\/v2\/pwb-brand?post=33323"},{"taxonomy":"product_brand","embeddable":true,"href":"https:\/\/www.mexicanguitarplayers.com\/en\/wp-json\/wp\/v2\/product_brand?post=33323"},{"taxonomy":"product_cat","embeddable":true,"href":"https:\/\/www.mexicanguitarplayers.com\/en\/wp-json\/wp\/v2\/product_cat?post=33323"},{"taxonomy":"product_tag","embeddable":true,"href":"https:\/\/www.mexicanguitarplayers.com\/en\/wp-json\/wp\/v2\/product_tag?post=33323"}],"curies":[{"name":"wp","href":"https:\/\/api.w.org\/{rel}","templated":true}]}}