{"id":33325,"date":"2025-04-08T21:17:43","date_gmt":"2025-04-09T03:17:43","guid":{"rendered":"https:\/\/www.mexicanguitarplayers.com\/tienda\/sin categor\u00eda\/bateria-gretsch-s-stands-renown-mapl-lac\/"},"modified":"2026-04-10T04:31:54","modified_gmt":"2026-04-10T10:31:54","slug":"bateria-gretsch-s-stands-renown-mapl-lac","status":"publish","type":"product","link":"https:\/\/www.mexicanguitarplayers.com\/en\/tienda\/percusiones\/baterias\/baterias-acusticas\/baterias-profesionales\/bateria-gretsch-s-stands-renown-mapl-lac\/","title":{"rendered":"BATERIA GRETSCH S\/STANDS RENOWN MAPL LAC"},"content":{"rendered":"<div style=\"text-align: justify\">\n<div>\n<h3>Dise\u00f1o actualizado y caracter\u00edsticas mejoradas pero el mismo gran sonido Gretsch.<\/h3>\n<\/div>\n<div>Los bateristas de hoy necesitan un kit que pueda hacerlo todo y que pueda hacerlo bien. El nuevo dise\u00f1o 2016 de la Gretsch Renown es uno de los sets m\u00e1s vers\u00e1tiles jam\u00e1s creado. Ahora con un set puedes tocar con sensibilidad y tacto los grooves m\u00e1s suaves de la d\u00e9cada de 1950, el ataque y la proyecci\u00f3n requerida para manejar las composiciones m\u00e1s poderosas de los a\u00f1os 60s y 70s y la claridad y viveza necesarias para reproducir fielmente el sonido limpio de estudio de los 80s, 90s y m\u00e1s all\u00e1. Renown cuenta a\u00fan con los cl\u00e1sicos vasos de 7 capas de arce con formula Gretsch, con bordes de apoyo de 30 grados y exclusivos interiores &#8220;silver sealed&#8221;.  Pero esta renown incluye un nuevo giro al agregarle un aro &#8220;302&#8221; amigable para tocar, el mismo aro que se utiliza en la serie Brooklyn y la serie Broadkaster. Los aros 302 producen un sonido muy enfocado y deseable, como el de un aro die cast pero m\u00e1s ligero y menos r\u00edgido, permitiendo al tambor tener una mejor respiraci\u00f3n y una m\u00e1xima resonancia. La bater\u00eda Renown 2016 de Grestch ofrece el sonido tradicional de Gretsch con un incre\u00edble arm\u00f3nico que abastece de la versatilidad necesaria para satisfacer las demandas de los bateristas que trabajan durante m\u00e1s tiempo.<\/div>\n<div>\n<h4>Quick look<\/h4>\n<\/div>\n<ul style=\"margin: 0px 0px 0px 25px\">\n<li style=\"list-style-type: circle;margin: 5px\">Incluye.<\/li>\n<\/ul>\n<div>\n<div style=\"font-weight: bold\">Incluye.<\/div>\n<div>\n<p>Bombo de 22&#8243; x 18&#8243;.Tom de aire de 10&#8243; x 7&#8243;.Tom de aire de 12&#8243; x 8&#8243;.Tom de piso de 16&#8243; x 14&#8243;.<\/p>\n<\/div>\n<\/div>\n<div>\n<h4>Characteristics<\/h4>\n<\/div>\n<div>\n<ul style=\"margin: 0px 0px 0px 25px\">\n<li style=\"list-style-type: circle;margin: 5px\">Bater\u00eda ac\u00fastica serie Renown Maple.<\/li>\n<li style=\"list-style-type: circle;margin: 5px\">Terminado laqueado.<\/li>\n<li style=\"list-style-type: circle;margin: 5px\">Shell pack de 4 piezas.<\/li>\n<li style=\"list-style-type: circle;margin: 5px\">Vasos de 7 capas de rock maple americano y mezcla de maple.<\/li>\n<li style=\"list-style-type: circle;margin: 5px\">Bordes afilados de 30\u00ba.<\/li>\n<li style=\"list-style-type: circle;margin: 5px\">Parches Remo USA.<\/li>\n<li style=\"list-style-type: circle;margin: 5px\">Incluye dos soportes individuales para toms de aire.<\/li>\n<\/ul>\n<\/div>\n<\/div>","protected":false},"excerpt":{"rendered":"<p>Bater\u00eda ac\u00fastica serie Renown Maple, terminado laqueado, shell pack de 4 piezasque incluye bombo de 22\u201d x 18\u201d, toms de aire de 10\u201d x 7\u201d y 12\u201d x 8\u201d y tom de piso de 16\u201d x 14\u201d, vasos de 7 capas de rock maple americano y mezcla de maple con distintivo renown redondo, bordes afilados de 30\u00ba, parches Remo USA, incluye dossoportes individuales para toms de aire.&hellip; <a class=\"kt-excerpt-readmore more-link\" href=\"https:\/\/www.mexicanguitarplayers.com\/en\/tienda\/percusiones\/baterias\/baterias-acusticas\/baterias-profesionales\/bateria-gretsch-s-stands-renown-mapl-lac\/\">Read more<\/a><\/p>","protected":false},"featured_media":33324,"comment_status":"open","ping_status":"closed","template":"","meta":{"kt_blocks_editor_width":""},"pwb-brand":[275],"product_brand":[],"product_cat":[209,210,211,208],"product_tag":[],"class_list":{"0":"post-33325","1":"product","2":"type-product","3":"status-publish","4":"has-post-thumbnail","6":"pwb-brand-gretsch","7":"product_cat-baterias","8":"product_cat-baterias-acusticas","9":"product_cat-baterias-profesionales","10":"product_cat-percusiones","11":"product_shipping_class-20-25-kg","13":"first","14":"outofstock","15":"taxable","16":"shipping-taxable","17":"purchasable","18":"product-type-simple"},"yoast_head":"<!-- This site is optimized with the Yoast SEO plugin v27.6 - https:\/\/yoast.com\/product\/yoast-seo-wordpress\/ -->\n<title>BATERIA GRETSCH S\/STANDS RENOWN MAPL LAC - Mexican Guitar Players<\/title>\n<meta name=\"description\" content=\"Bater\u00eda ac\u00fastica serie Renown Maple, terminado laqueado, shell pack de 4 piezasque incluye bombo de 22\u201d x 18\u201d, toms de aire de 10\u201d x 7\u201d y 12\u201d x 8\u201d y tom de piso de 16\u201d x 14\u201d, vasos de 7 capas de rock maple americano y mezcla de maple con distintivo renown redondo, bordes afilados de 30\u00ba, parches Remo USA, incluye dossoportes individuales para toms de aire.\" \/>\n<meta name=\"robots\" content=\"index, follow, max-snippet:-1, max-image-preview:large, max-video-preview:-1\" \/>\n<link rel=\"canonical\" href=\"https:\/\/www.mexicanguitarplayers.com\/en\/tienda\/sin%20categor\u00eda\/bateria-gretsch-s-stands-renown-mapl-lac\/\" \/>\n<meta property=\"og:locale\" content=\"en_US\" \/>\n<meta property=\"og:type\" content=\"article\" \/>\n<meta property=\"og:title\" content=\"BATERIA GRETSCH S\/STANDS RENOWN MAPL LAC - Mexican Guitar Players\" \/>\n<meta property=\"og:description\" content=\"Bater\u00eda ac\u00fastica serie Renown Maple, terminado laqueado, shell pack de 4 piezasque incluye bombo de 22\u201d x 18\u201d, toms de aire de 10\u201d x 7\u201d y 12\u201d x 8\u201d y tom de piso de 16\u201d x 14\u201d, vasos de 7 capas de rock maple americano y mezcla de maple con distintivo renown redondo, bordes afilados de 30\u00ba, parches Remo USA, incluye dossoportes individuales para toms de aire.\" \/>\n<meta property=\"og:url\" content=\"https:\/\/www.mexicanguitarplayers.com\/en\/tienda\/sin categor\u00eda\/bateria-gretsch-s-stands-renown-mapl-lac\/\" \/>\n<meta property=\"og:site_name\" content=\"Mexican Guitar Players\" \/>\n<meta property=\"article:modified_time\" content=\"2026-04-10T10:31:54+00:00\" \/>\n<meta name=\"twitter:card\" content=\"summary_large_image\" \/>\n<meta name=\"twitter:label1\" content=\"Est. reading time\" \/>\n\t<meta name=\"twitter:data1\" content=\"2 minutes\" \/>\n<script type=\"application\/ld+json\" class=\"yoast-schema-graph\">{\"@context\":\"https:\\\/\\\/schema.org\",\"@graph\":[{\"@type\":[\"WebPage\",\"ItemPage\"],\"@id\":\"https:\\\/\\\/www.mexicanguitarplayers.com\\\/tienda\\\/sin categor\u00eda\\\/bateria-gretsch-s-stands-renown-mapl-lac\\\/\",\"url\":\"https:\\\/\\\/www.mexicanguitarplayers.com\\\/tienda\\\/sin categor\u00eda\\\/bateria-gretsch-s-stands-renown-mapl-lac\\\/\",\"name\":\"BATERIA GRETSCH S\\\/STANDS RENOWN MAPL LAC - Mexican Guitar Players\",\"isPartOf\":{\"@id\":\"https:\\\/\\\/www.mexicanguitarplayers.com\\\/#website\"},\"primaryImageOfPage\":{\"@id\":\"https:\\\/\\\/www.mexicanguitarplayers.com\\\/tienda\\\/sin categor\u00eda\\\/bateria-gretsch-s-stands-renown-mapl-lac\\\/#primaryimage\"},\"image\":{\"@id\":\"https:\\\/\\\/www.mexicanguitarplayers.com\\\/tienda\\\/sin categor\u00eda\\\/bateria-gretsch-s-stands-renown-mapl-lac\\\/#primaryimage\"},\"thumbnailUrl\":\"https:\\\/\\\/www.mexicanguitarplayers.com\\\/wp-content\\\/uploads\\\/2025\\\/04\\\/IPGRTRN1E8246L.jpg\",\"datePublished\":\"2025-04-09T03:17:43+00:00\",\"dateModified\":\"2026-04-10T10:31:54+00:00\",\"description\":\"Bater\u00eda ac\u00fastica serie Renown Maple, terminado laqueado, shell pack de 4 piezasque incluye bombo de 22\u201d x 18\u201d, toms de aire de 10\u201d x 7\u201d y 12\u201d x 8\u201d y tom de piso de 16\u201d x 14\u201d, vasos de 7 capas de rock maple americano y mezcla de maple con distintivo renown redondo, bordes afilados de 30\u00ba, parches Remo USA, incluye dossoportes individuales para toms de aire.\",\"breadcrumb\":{\"@id\":\"https:\\\/\\\/www.mexicanguitarplayers.com\\\/tienda\\\/sin categor\u00eda\\\/bateria-gretsch-s-stands-renown-mapl-lac\\\/#breadcrumb\"},\"inLanguage\":\"en-US\",\"potentialAction\":[{\"@type\":\"ReadAction\",\"target\":[\"https:\\\/\\\/www.mexicanguitarplayers.com\\\/tienda\\\/sin categor\u00eda\\\/bateria-gretsch-s-stands-renown-mapl-lac\\\/\"]}]},{\"@type\":\"ImageObject\",\"inLanguage\":\"en-US\",\"@id\":\"https:\\\/\\\/www.mexicanguitarplayers.com\\\/tienda\\\/sin categor\u00eda\\\/bateria-gretsch-s-stands-renown-mapl-lac\\\/#primaryimage\",\"url\":\"https:\\\/\\\/www.mexicanguitarplayers.com\\\/wp-content\\\/uploads\\\/2025\\\/04\\\/IPGRTRN1E8246L.jpg\",\"contentUrl\":\"https:\\\/\\\/www.mexicanguitarplayers.com\\\/wp-content\\\/uploads\\\/2025\\\/04\\\/IPGRTRN1E8246L.jpg\",\"width\":1200,\"height\":1200},{\"@type\":\"BreadcrumbList\",\"@id\":\"https:\\\/\\\/www.mexicanguitarplayers.com\\\/tienda\\\/sin categor\u00eda\\\/bateria-gretsch-s-stands-renown-mapl-lac\\\/#breadcrumb\",\"itemListElement\":[{\"@type\":\"ListItem\",\"position\":1,\"name\":\"Portada\",\"item\":\"https:\\\/\\\/www.mexicanguitarplayers.com\\\/\"},{\"@type\":\"ListItem\",\"position\":2,\"name\":\"Tienda\",\"item\":\"https:\\\/\\\/www.mexicanguitarplayers.com\\\/tienda\\\/\"},{\"@type\":\"ListItem\",\"position\":3,\"name\":\"BATERIA GRETSCH S\\\/STANDS RENOWN MAPL LAC\"}]},{\"@type\":\"WebSite\",\"@id\":\"https:\\\/\\\/www.mexicanguitarplayers.com\\\/#website\",\"url\":\"https:\\\/\\\/www.mexicanguitarplayers.com\\\/\",\"name\":\"Mexican Guitar Players\",\"description\":\"Website\",\"publisher\":{\"@id\":\"https:\\\/\\\/www.mexicanguitarplayers.com\\\/#organization\"},\"potentialAction\":[{\"@type\":\"SearchAction\",\"target\":{\"@type\":\"EntryPoint\",\"urlTemplate\":\"https:\\\/\\\/www.mexicanguitarplayers.com\\\/?s={search_term_string}\"},\"query-input\":{\"@type\":\"PropertyValueSpecification\",\"valueRequired\":true,\"valueName\":\"search_term_string\"}}],\"inLanguage\":\"en-US\"},{\"@type\":\"Organization\",\"@id\":\"https:\\\/\\\/www.mexicanguitarplayers.com\\\/#organization\",\"name\":\"Mexican Guitar Players\",\"url\":\"https:\\\/\\\/www.mexicanguitarplayers.com\\\/\",\"logo\":{\"@type\":\"ImageObject\",\"inLanguage\":\"en-US\",\"@id\":\"https:\\\/\\\/www.mexicanguitarplayers.com\\\/#\\\/schema\\\/logo\\\/image\\\/\",\"url\":\"\",\"contentUrl\":\"\",\"caption\":\"Mexican Guitar Players\"},\"image\":{\"@id\":\"https:\\\/\\\/www.mexicanguitarplayers.com\\\/#\\\/schema\\\/logo\\\/image\\\/\"}}]}<\/script>\n<!-- \/ Yoast SEO plugin. -->","yoast_head_json":{"title":"BATERIA GRETSCH S\/STANDS RENOWN MAPL LAC - Mexican Guitar Players","description":"Bater\u00eda ac\u00fastica serie Renown Maple, terminado laqueado, shell pack de 4 piezasque incluye bombo de 22\u201d x 18\u201d, toms de aire de 10\u201d x 7\u201d y 12\u201d x 8\u201d y tom de piso de 16\u201d x 14\u201d, vasos de 7 capas de rock maple americano y mezcla de maple con distintivo renown redondo, bordes afilados de 30\u00ba, parches Remo USA, incluye dossoportes individuales para toms de aire.","robots":{"index":"index","follow":"follow","max-snippet":"max-snippet:-1","max-image-preview":"max-image-preview:large","max-video-preview":"max-video-preview:-1"},"canonical":"https:\/\/www.mexicanguitarplayers.com\/en\/tienda\/sin categor\u00eda\/bateria-gretsch-s-stands-renown-mapl-lac\/","og_locale":"en_US","og_type":"article","og_title":"BATERIA GRETSCH S\/STANDS RENOWN MAPL LAC - Mexican Guitar Players","og_description":"Bater\u00eda ac\u00fastica serie Renown Maple, terminado laqueado, shell pack de 4 piezasque incluye bombo de 22\u201d x 18\u201d, toms de aire de 10\u201d x 7\u201d y 12\u201d x 8\u201d y tom de piso de 16\u201d x 14\u201d, vasos de 7 capas de rock maple americano y mezcla de maple con distintivo renown redondo, bordes afilados de 30\u00ba, parches Remo USA, incluye dossoportes individuales para toms de aire.","og_url":"https:\/\/www.mexicanguitarplayers.com\/en\/tienda\/sin categor\u00eda\/bateria-gretsch-s-stands-renown-mapl-lac\/","og_site_name":"Mexican Guitar Players","article_modified_time":"2026-04-10T10:31:54+00:00","twitter_card":"summary_large_image","twitter_misc":{"Est. reading time":"2 minutes"},"schema":{"@context":"https:\/\/schema.org","@graph":[{"@type":["WebPage","ItemPage"],"@id":"https:\/\/www.mexicanguitarplayers.com\/tienda\/sin categor\u00eda\/bateria-gretsch-s-stands-renown-mapl-lac\/","url":"https:\/\/www.mexicanguitarplayers.com\/tienda\/sin categor\u00eda\/bateria-gretsch-s-stands-renown-mapl-lac\/","name":"BATERIA GRETSCH S\/STANDS RENOWN MAPL LAC - Mexican Guitar Players","isPartOf":{"@id":"https:\/\/www.mexicanguitarplayers.com\/#website"},"primaryImageOfPage":{"@id":"https:\/\/www.mexicanguitarplayers.com\/tienda\/sin categor\u00eda\/bateria-gretsch-s-stands-renown-mapl-lac\/#primaryimage"},"image":{"@id":"https:\/\/www.mexicanguitarplayers.com\/tienda\/sin categor\u00eda\/bateria-gretsch-s-stands-renown-mapl-lac\/#primaryimage"},"thumbnailUrl":"https:\/\/www.mexicanguitarplayers.com\/wp-content\/uploads\/2025\/04\/IPGRTRN1E8246L.jpg","datePublished":"2025-04-09T03:17:43+00:00","dateModified":"2026-04-10T10:31:54+00:00","description":"Bater\u00eda ac\u00fastica serie Renown Maple, terminado laqueado, shell pack de 4 piezasque incluye bombo de 22\u201d x 18\u201d, toms de aire de 10\u201d x 7\u201d y 12\u201d x 8\u201d y tom de piso de 16\u201d x 14\u201d, vasos de 7 capas de rock maple americano y mezcla de maple con distintivo renown redondo, bordes afilados de 30\u00ba, parches Remo USA, incluye dossoportes individuales para toms de aire.","breadcrumb":{"@id":"https:\/\/www.mexicanguitarplayers.com\/tienda\/sin categor\u00eda\/bateria-gretsch-s-stands-renown-mapl-lac\/#breadcrumb"},"inLanguage":"en-US","potentialAction":[{"@type":"ReadAction","target":["https:\/\/www.mexicanguitarplayers.com\/tienda\/sin categor\u00eda\/bateria-gretsch-s-stands-renown-mapl-lac\/"]}]},{"@type":"ImageObject","inLanguage":"en-US","@id":"https:\/\/www.mexicanguitarplayers.com\/tienda\/sin categor\u00eda\/bateria-gretsch-s-stands-renown-mapl-lac\/#primaryimage","url":"https:\/\/www.mexicanguitarplayers.com\/wp-content\/uploads\/2025\/04\/IPGRTRN1E8246L.jpg","contentUrl":"https:\/\/www.mexicanguitarplayers.com\/wp-content\/uploads\/2025\/04\/IPGRTRN1E8246L.jpg","width":1200,"height":1200},{"@type":"BreadcrumbList","@id":"https:\/\/www.mexicanguitarplayers.com\/tienda\/sin categor\u00eda\/bateria-gretsch-s-stands-renown-mapl-lac\/#breadcrumb","itemListElement":[{"@type":"ListItem","position":1,"name":"Portada","item":"https:\/\/www.mexicanguitarplayers.com\/"},{"@type":"ListItem","position":2,"name":"Tienda","item":"https:\/\/www.mexicanguitarplayers.com\/tienda\/"},{"@type":"ListItem","position":3,"name":"BATERIA GRETSCH S\/STANDS RENOWN MAPL LAC"}]},{"@type":"WebSite","@id":"https:\/\/www.mexicanguitarplayers.com\/#website","url":"https:\/\/www.mexicanguitarplayers.com\/","name":"Mexican Guitar Players","description":"Website","publisher":{"@id":"https:\/\/www.mexicanguitarplayers.com\/#organization"},"potentialAction":[{"@type":"SearchAction","target":{"@type":"EntryPoint","urlTemplate":"https:\/\/www.mexicanguitarplayers.com\/?s={search_term_string}"},"query-input":{"@type":"PropertyValueSpecification","valueRequired":true,"valueName":"search_term_string"}}],"inLanguage":"en-US"},{"@type":"Organization","@id":"https:\/\/www.mexicanguitarplayers.com\/#organization","name":"Mexican Guitar Players","url":"https:\/\/www.mexicanguitarplayers.com\/","logo":{"@type":"ImageObject","inLanguage":"en-US","@id":"https:\/\/www.mexicanguitarplayers.com\/#\/schema\/logo\/image\/","url":"","contentUrl":"","caption":"Mexican Guitar Players"},"image":{"@id":"https:\/\/www.mexicanguitarplayers.com\/#\/schema\/logo\/image\/"}}]}},"brands":[{"id":275,"name":"GRETSCH","slug":"gretsch"}],"_links":{"self":[{"href":"https:\/\/www.mexicanguitarplayers.com\/en\/wp-json\/wp\/v2\/product\/33325","targetHints":{"allow":["GET"]}}],"collection":[{"href":"https:\/\/www.mexicanguitarplayers.com\/en\/wp-json\/wp\/v2\/product"}],"about":[{"href":"https:\/\/www.mexicanguitarplayers.com\/en\/wp-json\/wp\/v2\/types\/product"}],"replies":[{"embeddable":true,"href":"https:\/\/www.mexicanguitarplayers.com\/en\/wp-json\/wp\/v2\/comments?post=33325"}],"wp:featuredmedia":[{"embeddable":true,"href":"https:\/\/www.mexicanguitarplayers.com\/en\/wp-json\/wp\/v2\/media\/33324"}],"wp:attachment":[{"href":"https:\/\/www.mexicanguitarplayers.com\/en\/wp-json\/wp\/v2\/media?parent=33325"}],"wp:term":[{"taxonomy":"pwb-brand","embeddable":true,"href":"https:\/\/www.mexicanguitarplayers.com\/en\/wp-json\/wp\/v2\/pwb-brand?post=33325"},{"taxonomy":"product_brand","embeddable":true,"href":"https:\/\/www.mexicanguitarplayers.com\/en\/wp-json\/wp\/v2\/product_brand?post=33325"},{"taxonomy":"product_cat","embeddable":true,"href":"https:\/\/www.mexicanguitarplayers.com\/en\/wp-json\/wp\/v2\/product_cat?post=33325"},{"taxonomy":"product_tag","embeddable":true,"href":"https:\/\/www.mexicanguitarplayers.com\/en\/wp-json\/wp\/v2\/product_tag?post=33325"}],"curies":[{"name":"wp","href":"https:\/\/api.w.org\/{rel}","templated":true}]}}