{"id":33353,"date":"2025-04-08T21:18:23","date_gmt":"2025-04-09T03:18:23","guid":{"rendered":"https:\/\/www.mexicanguitarplayers.com\/tienda\/sin categor\u00eda\/bateria-gretsch-s-stands-ct-club-rock\/"},"modified":"2026-05-01T07:22:50","modified_gmt":"2026-05-01T13:22:50","slug":"bateria-gretsch-s-stands-ct-club-rock","status":"publish","type":"product","link":"https:\/\/www.mexicanguitarplayers.com\/en\/tienda\/percusiones\/baterias\/baterias-acusticas\/baterias-profesionales\/bateria-gretsch-s-stands-ct-club-rock\/","title":{"rendered":"BATERIA GRETSCH S\/STANDS CT.CLUB ROCK"},"content":{"rendered":"<div style=\"text-align: justify\">\n<div>\n<h3>Proyectando un sonido retro.<\/h3>\n<\/div>\n<div>La serie Catalina Club de Gretsch combina las configuraciones tradicionales y el tono cl\u00e1sico con innovaciones de hardware elegantes y contempor\u00e1neas. La serie Catalina Club cuenta con configuraciones de 4 piezas y se construyen alrededor de los cimientos de los amantes de los bombos con profundidad de 14&#8243;&#8221; pulgadas que da a cada una de estas configuraciones un tono vintage c\u00e1lido y potente. Los componentes de hardware de Catalina Club, dotan a esta serie de un toque distintivo &#8220;&#8221;la nueva Gretsch&#8221;&#8221; que rinde homenaje a la rica tradici\u00f3n de la empresa, mientras que le infunde una personalidad emocionante y progresiva. La placa de montaje del bombo es de muy bajo perfil con el sistema de montaje GTS para reducir el contacto del tom, soportes de montaje y tornillos Gretsch T-Wings. La Catalina Club cuenta con una incre\u00edble sensaci\u00f3n amigable al tocar. Los vasos de caoba cl\u00e1sicos a\u00fan se construyen con el mismo interior del vaso natural y el borde de soporte 30 grados que los hicieron famosos. Los bombos incluyen patas telesc\u00f3picas y emparejan aros bombo madera. Los toms cuentan con aros triple flange de 1.6 mm y todos los tambores de la Catalina Club est\u00e1n equipados con parches Remo\u00ae.<\/div>\n<div>\n<h4>Quick look<\/h4>\n<\/div>\n<ul style=\"margin: 0px 0px 0px 25px\">\n<li style=\"list-style-type: circle;margin: 5px\">Incluye.<\/li>\n<\/ul>\n<div>\n<div style=\"font-weight: bold\">Incluye.<\/div>\n<div>\n<p>Bombo de 24&#8243; x 14&#8243; pulgadas. Tom de aire de 12&#8243; x 8&#8243; pulgadas. Tom de piso de 16&#8243; x 16&#8243; pulgadas. Tarola de 14&#8243; x 6.5&#8243; pulgadas.<\/p>\n<\/div>\n<\/div>\n<div>\n<h4>Characteristics<\/h4>\n<\/div>\n<div>\n<ul style=\"margin: 0px 0px 0px 25px\">\n<li style=\"list-style-type: circle;margin: 5px\">Bater\u00eda ac\u00fastica Serie Catalina.<\/li>\n<li style=\"list-style-type: circle;margin: 5px\">Configuraci\u00f3n Club Rock.<\/li>\n<li style=\"list-style-type: circle;margin: 5px\">Shell pack de 4 piezas.<\/li>\n<li style=\"list-style-type: circle;margin: 5px\">Abrazadera para tom de aire de 12.7 mm.<\/li>\n<li style=\"list-style-type: circle;margin: 5px\">Vasos de 7 capas de caoba.<\/li>\n<li style=\"list-style-type: circle;margin: 5px\">Bordes afilados de 30\u00ba grados.<\/li>\n<li style=\"list-style-type: circle;margin: 5px\">Parches Remo UT.<\/li>\n<\/ul>\n<\/div>\n<\/div>","protected":false},"excerpt":{"rendered":"<p>Bater\u00eda ac\u00fastica serie Catalina, configuraci\u00f3n Club Rock, shell pack de 4 piezas que incluye bombo de 24\u201d x 14\u201d, tom de aire de 12\u201d x 8\u201d, tom de piso de 16\u201d x 16\u201d y tarola de 14\u201d x 6.5\u201d, incluye abrazadera para tom de aire de 12.7 mm, vasosde 7 capas de caoba, bordes afilados de 30\u00ba y parches Remo UT.&hellip; <a class=\"kt-excerpt-readmore more-link\" href=\"https:\/\/www.mexicanguitarplayers.com\/en\/tienda\/percusiones\/baterias\/baterias-acusticas\/baterias-profesionales\/bateria-gretsch-s-stands-ct-club-rock\/\">Read more<\/a><\/p>","protected":false},"featured_media":33343,"comment_status":"open","ping_status":"closed","template":"","meta":{"kt_blocks_editor_width":""},"pwb-brand":[275],"product_brand":[],"product_cat":[209,210,211,208],"product_tag":[],"class_list":{"0":"post-33353","1":"product","2":"type-product","3":"status-publish","4":"has-post-thumbnail","6":"pwb-brand-gretsch","7":"product_cat-baterias","8":"product_cat-baterias-acusticas","9":"product_cat-baterias-profesionales","10":"product_cat-percusiones","11":"product_shipping_class-20-25-kg","13":"first","14":"instock","15":"taxable","16":"shipping-taxable","17":"purchasable","18":"product-type-simple"},"yoast_head":"<!-- This site is optimized with the Yoast SEO plugin v27.6 - https:\/\/yoast.com\/product\/yoast-seo-wordpress\/ -->\n<title>BATERIA GRETSCH S\/STANDS CT.CLUB ROCK - Mexican Guitar Players<\/title>\n<meta name=\"description\" content=\"Bater\u00eda ac\u00fastica serie Catalina, configuraci\u00f3n Club Rock, shell pack de 4 piezas que incluye bombo de 24\u201d x 14\u201d, tom de aire de 12\u201d x 8\u201d, tom de piso de 16\u201d x 16\u201d y tarola de 14\u201d x 6.5\u201d, incluye abrazadera para tom de aire de 12.7 mm, vasosde 7 capas de caoba, bordes afilados de 30\u00ba y parches Remo UT.\" \/>\n<meta name=\"robots\" content=\"index, follow, max-snippet:-1, max-image-preview:large, max-video-preview:-1\" \/>\n<link rel=\"canonical\" href=\"https:\/\/www.mexicanguitarplayers.com\/en\/tienda\/sin%20categor\u00eda\/bateria-gretsch-s-stands-ct-club-rock\/\" \/>\n<meta property=\"og:locale\" content=\"en_US\" \/>\n<meta property=\"og:type\" content=\"article\" \/>\n<meta property=\"og:title\" content=\"BATERIA GRETSCH S\/STANDS CT.CLUB ROCK - Mexican Guitar Players\" \/>\n<meta property=\"og:description\" content=\"Bater\u00eda ac\u00fastica serie Catalina, configuraci\u00f3n Club Rock, shell pack de 4 piezas que incluye bombo de 24\u201d x 14\u201d, tom de aire de 12\u201d x 8\u201d, tom de piso de 16\u201d x 16\u201d y tarola de 14\u201d x 6.5\u201d, incluye abrazadera para tom de aire de 12.7 mm, vasosde 7 capas de caoba, bordes afilados de 30\u00ba y parches Remo UT.\" \/>\n<meta property=\"og:url\" content=\"https:\/\/www.mexicanguitarplayers.com\/en\/tienda\/sin categor\u00eda\/bateria-gretsch-s-stands-ct-club-rock\/\" \/>\n<meta property=\"og:site_name\" content=\"Mexican Guitar Players\" \/>\n<meta property=\"article:modified_time\" content=\"2026-05-01T13:22:50+00:00\" \/>\n<meta name=\"twitter:card\" content=\"summary_large_image\" \/>\n<meta name=\"twitter:label1\" content=\"Est. reading time\" \/>\n\t<meta name=\"twitter:data1\" content=\"1 minute\" \/>\n<script type=\"application\/ld+json\" class=\"yoast-schema-graph\">{\"@context\":\"https:\\\/\\\/schema.org\",\"@graph\":[{\"@type\":[\"WebPage\",\"ItemPage\"],\"@id\":\"https:\\\/\\\/www.mexicanguitarplayers.com\\\/tienda\\\/sin categor\u00eda\\\/bateria-gretsch-s-stands-ct-club-rock\\\/\",\"url\":\"https:\\\/\\\/www.mexicanguitarplayers.com\\\/tienda\\\/sin categor\u00eda\\\/bateria-gretsch-s-stands-ct-club-rock\\\/\",\"name\":\"BATERIA GRETSCH S\\\/STANDS CT.CLUB ROCK - Mexican Guitar Players\",\"isPartOf\":{\"@id\":\"https:\\\/\\\/www.mexicanguitarplayers.com\\\/#website\"},\"primaryImageOfPage\":{\"@id\":\"https:\\\/\\\/www.mexicanguitarplayers.com\\\/tienda\\\/sin categor\u00eda\\\/bateria-gretsch-s-stands-ct-club-rock\\\/#primaryimage\"},\"image\":{\"@id\":\"https:\\\/\\\/www.mexicanguitarplayers.com\\\/tienda\\\/sin categor\u00eda\\\/bateria-gretsch-s-stands-ct-club-rock\\\/#primaryimage\"},\"thumbnailUrl\":\"https:\\\/\\\/www.mexicanguitarplayers.com\\\/wp-content\\\/uploads\\\/2025\\\/04\\\/IPGRTCT1R444C.jpg\",\"datePublished\":\"2025-04-09T03:18:23+00:00\",\"dateModified\":\"2026-05-01T13:22:50+00:00\",\"description\":\"Bater\u00eda ac\u00fastica serie Catalina, configuraci\u00f3n Club Rock, shell pack de 4 piezas que incluye bombo de 24\u201d x 14\u201d, tom de aire de 12\u201d x 8\u201d, tom de piso de 16\u201d x 16\u201d y tarola de 14\u201d x 6.5\u201d, incluye abrazadera para tom de aire de 12.7 mm, vasosde 7 capas de caoba, bordes afilados de 30\u00ba y parches Remo UT.\",\"breadcrumb\":{\"@id\":\"https:\\\/\\\/www.mexicanguitarplayers.com\\\/tienda\\\/sin categor\u00eda\\\/bateria-gretsch-s-stands-ct-club-rock\\\/#breadcrumb\"},\"inLanguage\":\"en-US\",\"potentialAction\":[{\"@type\":\"ReadAction\",\"target\":[\"https:\\\/\\\/www.mexicanguitarplayers.com\\\/tienda\\\/sin categor\u00eda\\\/bateria-gretsch-s-stands-ct-club-rock\\\/\"]}]},{\"@type\":\"ImageObject\",\"inLanguage\":\"en-US\",\"@id\":\"https:\\\/\\\/www.mexicanguitarplayers.com\\\/tienda\\\/sin categor\u00eda\\\/bateria-gretsch-s-stands-ct-club-rock\\\/#primaryimage\",\"url\":\"https:\\\/\\\/www.mexicanguitarplayers.com\\\/wp-content\\\/uploads\\\/2025\\\/04\\\/IPGRTCT1R444C.jpg\",\"contentUrl\":\"https:\\\/\\\/www.mexicanguitarplayers.com\\\/wp-content\\\/uploads\\\/2025\\\/04\\\/IPGRTCT1R444C.jpg\",\"width\":1200,\"height\":1200},{\"@type\":\"BreadcrumbList\",\"@id\":\"https:\\\/\\\/www.mexicanguitarplayers.com\\\/tienda\\\/sin categor\u00eda\\\/bateria-gretsch-s-stands-ct-club-rock\\\/#breadcrumb\",\"itemListElement\":[{\"@type\":\"ListItem\",\"position\":1,\"name\":\"Portada\",\"item\":\"https:\\\/\\\/www.mexicanguitarplayers.com\\\/\"},{\"@type\":\"ListItem\",\"position\":2,\"name\":\"Tienda\",\"item\":\"https:\\\/\\\/www.mexicanguitarplayers.com\\\/tienda\\\/\"},{\"@type\":\"ListItem\",\"position\":3,\"name\":\"BATERIA GRETSCH S\\\/STANDS CT.CLUB ROCK\"}]},{\"@type\":\"WebSite\",\"@id\":\"https:\\\/\\\/www.mexicanguitarplayers.com\\\/#website\",\"url\":\"https:\\\/\\\/www.mexicanguitarplayers.com\\\/\",\"name\":\"Mexican Guitar Players\",\"description\":\"Website\",\"publisher\":{\"@id\":\"https:\\\/\\\/www.mexicanguitarplayers.com\\\/#organization\"},\"potentialAction\":[{\"@type\":\"SearchAction\",\"target\":{\"@type\":\"EntryPoint\",\"urlTemplate\":\"https:\\\/\\\/www.mexicanguitarplayers.com\\\/?s={search_term_string}\"},\"query-input\":{\"@type\":\"PropertyValueSpecification\",\"valueRequired\":true,\"valueName\":\"search_term_string\"}}],\"inLanguage\":\"en-US\"},{\"@type\":\"Organization\",\"@id\":\"https:\\\/\\\/www.mexicanguitarplayers.com\\\/#organization\",\"name\":\"Mexican Guitar Players\",\"url\":\"https:\\\/\\\/www.mexicanguitarplayers.com\\\/\",\"logo\":{\"@type\":\"ImageObject\",\"inLanguage\":\"en-US\",\"@id\":\"https:\\\/\\\/www.mexicanguitarplayers.com\\\/#\\\/schema\\\/logo\\\/image\\\/\",\"url\":\"\",\"contentUrl\":\"\",\"caption\":\"Mexican Guitar Players\"},\"image\":{\"@id\":\"https:\\\/\\\/www.mexicanguitarplayers.com\\\/#\\\/schema\\\/logo\\\/image\\\/\"}}]}<\/script>\n<!-- \/ Yoast SEO plugin. -->","yoast_head_json":{"title":"BATERIA GRETSCH S\/STANDS CT.CLUB ROCK - Mexican Guitar Players","description":"Bater\u00eda ac\u00fastica serie Catalina, configuraci\u00f3n Club Rock, shell pack de 4 piezas que incluye bombo de 24\u201d x 14\u201d, tom de aire de 12\u201d x 8\u201d, tom de piso de 16\u201d x 16\u201d y tarola de 14\u201d x 6.5\u201d, incluye abrazadera para tom de aire de 12.7 mm, vasosde 7 capas de caoba, bordes afilados de 30\u00ba y parches Remo UT.","robots":{"index":"index","follow":"follow","max-snippet":"max-snippet:-1","max-image-preview":"max-image-preview:large","max-video-preview":"max-video-preview:-1"},"canonical":"https:\/\/www.mexicanguitarplayers.com\/en\/tienda\/sin categor\u00eda\/bateria-gretsch-s-stands-ct-club-rock\/","og_locale":"en_US","og_type":"article","og_title":"BATERIA GRETSCH S\/STANDS CT.CLUB ROCK - Mexican Guitar Players","og_description":"Bater\u00eda ac\u00fastica serie Catalina, configuraci\u00f3n Club Rock, shell pack de 4 piezas que incluye bombo de 24\u201d x 14\u201d, tom de aire de 12\u201d x 8\u201d, tom de piso de 16\u201d x 16\u201d y tarola de 14\u201d x 6.5\u201d, incluye abrazadera para tom de aire de 12.7 mm, vasosde 7 capas de caoba, bordes afilados de 30\u00ba y parches Remo UT.","og_url":"https:\/\/www.mexicanguitarplayers.com\/en\/tienda\/sin categor\u00eda\/bateria-gretsch-s-stands-ct-club-rock\/","og_site_name":"Mexican Guitar Players","article_modified_time":"2026-05-01T13:22:50+00:00","twitter_card":"summary_large_image","twitter_misc":{"Est. reading time":"1 minute"},"schema":{"@context":"https:\/\/schema.org","@graph":[{"@type":["WebPage","ItemPage"],"@id":"https:\/\/www.mexicanguitarplayers.com\/tienda\/sin categor\u00eda\/bateria-gretsch-s-stands-ct-club-rock\/","url":"https:\/\/www.mexicanguitarplayers.com\/tienda\/sin categor\u00eda\/bateria-gretsch-s-stands-ct-club-rock\/","name":"BATERIA GRETSCH S\/STANDS CT.CLUB ROCK - Mexican Guitar Players","isPartOf":{"@id":"https:\/\/www.mexicanguitarplayers.com\/#website"},"primaryImageOfPage":{"@id":"https:\/\/www.mexicanguitarplayers.com\/tienda\/sin categor\u00eda\/bateria-gretsch-s-stands-ct-club-rock\/#primaryimage"},"image":{"@id":"https:\/\/www.mexicanguitarplayers.com\/tienda\/sin categor\u00eda\/bateria-gretsch-s-stands-ct-club-rock\/#primaryimage"},"thumbnailUrl":"https:\/\/www.mexicanguitarplayers.com\/wp-content\/uploads\/2025\/04\/IPGRTCT1R444C.jpg","datePublished":"2025-04-09T03:18:23+00:00","dateModified":"2026-05-01T13:22:50+00:00","description":"Bater\u00eda ac\u00fastica serie Catalina, configuraci\u00f3n Club Rock, shell pack de 4 piezas que incluye bombo de 24\u201d x 14\u201d, tom de aire de 12\u201d x 8\u201d, tom de piso de 16\u201d x 16\u201d y tarola de 14\u201d x 6.5\u201d, incluye abrazadera para tom de aire de 12.7 mm, vasosde 7 capas de caoba, bordes afilados de 30\u00ba y parches Remo UT.","breadcrumb":{"@id":"https:\/\/www.mexicanguitarplayers.com\/tienda\/sin categor\u00eda\/bateria-gretsch-s-stands-ct-club-rock\/#breadcrumb"},"inLanguage":"en-US","potentialAction":[{"@type":"ReadAction","target":["https:\/\/www.mexicanguitarplayers.com\/tienda\/sin categor\u00eda\/bateria-gretsch-s-stands-ct-club-rock\/"]}]},{"@type":"ImageObject","inLanguage":"en-US","@id":"https:\/\/www.mexicanguitarplayers.com\/tienda\/sin categor\u00eda\/bateria-gretsch-s-stands-ct-club-rock\/#primaryimage","url":"https:\/\/www.mexicanguitarplayers.com\/wp-content\/uploads\/2025\/04\/IPGRTCT1R444C.jpg","contentUrl":"https:\/\/www.mexicanguitarplayers.com\/wp-content\/uploads\/2025\/04\/IPGRTCT1R444C.jpg","width":1200,"height":1200},{"@type":"BreadcrumbList","@id":"https:\/\/www.mexicanguitarplayers.com\/tienda\/sin categor\u00eda\/bateria-gretsch-s-stands-ct-club-rock\/#breadcrumb","itemListElement":[{"@type":"ListItem","position":1,"name":"Portada","item":"https:\/\/www.mexicanguitarplayers.com\/"},{"@type":"ListItem","position":2,"name":"Tienda","item":"https:\/\/www.mexicanguitarplayers.com\/tienda\/"},{"@type":"ListItem","position":3,"name":"BATERIA GRETSCH S\/STANDS CT.CLUB ROCK"}]},{"@type":"WebSite","@id":"https:\/\/www.mexicanguitarplayers.com\/#website","url":"https:\/\/www.mexicanguitarplayers.com\/","name":"Mexican Guitar Players","description":"Website","publisher":{"@id":"https:\/\/www.mexicanguitarplayers.com\/#organization"},"potentialAction":[{"@type":"SearchAction","target":{"@type":"EntryPoint","urlTemplate":"https:\/\/www.mexicanguitarplayers.com\/?s={search_term_string}"},"query-input":{"@type":"PropertyValueSpecification","valueRequired":true,"valueName":"search_term_string"}}],"inLanguage":"en-US"},{"@type":"Organization","@id":"https:\/\/www.mexicanguitarplayers.com\/#organization","name":"Mexican Guitar Players","url":"https:\/\/www.mexicanguitarplayers.com\/","logo":{"@type":"ImageObject","inLanguage":"en-US","@id":"https:\/\/www.mexicanguitarplayers.com\/#\/schema\/logo\/image\/","url":"","contentUrl":"","caption":"Mexican Guitar Players"},"image":{"@id":"https:\/\/www.mexicanguitarplayers.com\/#\/schema\/logo\/image\/"}}]}},"brands":[{"id":275,"name":"GRETSCH","slug":"gretsch"}],"_links":{"self":[{"href":"https:\/\/www.mexicanguitarplayers.com\/en\/wp-json\/wp\/v2\/product\/33353","targetHints":{"allow":["GET"]}}],"collection":[{"href":"https:\/\/www.mexicanguitarplayers.com\/en\/wp-json\/wp\/v2\/product"}],"about":[{"href":"https:\/\/www.mexicanguitarplayers.com\/en\/wp-json\/wp\/v2\/types\/product"}],"replies":[{"embeddable":true,"href":"https:\/\/www.mexicanguitarplayers.com\/en\/wp-json\/wp\/v2\/comments?post=33353"}],"wp:featuredmedia":[{"embeddable":true,"href":"https:\/\/www.mexicanguitarplayers.com\/en\/wp-json\/wp\/v2\/media\/33343"}],"wp:attachment":[{"href":"https:\/\/www.mexicanguitarplayers.com\/en\/wp-json\/wp\/v2\/media?parent=33353"}],"wp:term":[{"taxonomy":"pwb-brand","embeddable":true,"href":"https:\/\/www.mexicanguitarplayers.com\/en\/wp-json\/wp\/v2\/pwb-brand?post=33353"},{"taxonomy":"product_brand","embeddable":true,"href":"https:\/\/www.mexicanguitarplayers.com\/en\/wp-json\/wp\/v2\/product_brand?post=33353"},{"taxonomy":"product_cat","embeddable":true,"href":"https:\/\/www.mexicanguitarplayers.com\/en\/wp-json\/wp\/v2\/product_cat?post=33353"},{"taxonomy":"product_tag","embeddable":true,"href":"https:\/\/www.mexicanguitarplayers.com\/en\/wp-json\/wp\/v2\/product_tag?post=33353"}],"curies":[{"name":"wp","href":"https:\/\/api.w.org\/{rel}","templated":true}]}}