{"id":33446,"date":"2025-04-08T21:20:34","date_gmt":"2025-04-09T03:20:34","guid":{"rendered":"https:\/\/www.mexicanguitarplayers.com\/tienda\/sin categor\u00eda\/soporte-hercules-p-microfono-dg107b\/"},"modified":"2026-04-20T19:15:06","modified_gmt":"2026-04-21T01:15:06","slug":"soporte-hercules-p-microfono-dg107b","status":"publish","type":"product","link":"https:\/\/www.mexicanguitarplayers.com\/en\/tienda\/accesorios\/stands\/para-microfono\/soporte-hercules-p-microfono-dg107b\/","title":{"rendered":"SOPORTE HERCULES P\/MICROFONO DG107B"},"content":{"rendered":"<div style=\"text-align: justify\">\n<div>\n<h3>Elije las mejores herramientas.<\/h3>\n<\/div>\n<div>Este soporte universal para micr\u00f3fono y c\u00e1mara cuenta con diversas conexiones universales de c\u00e1mara y tubos redondos y cuadrados para broadcast en vivo, video o photo shooting. Un rango de soporte m\u00e1s amplio: Rosca de c\u00e1mara de \u00bc\u201d-20 (conexi\u00f3n de c\u00e1maras de acci\u00f3n como GoPro, c\u00e1maras compactas, etc), rosca de micr\u00f3fono de 3\/8&#8243; y adaptador de rosca de micr\u00f3fono de 3\/8\u201d a 5\/8\u201d. Cuenta tambi\u00e9n con un mecanismo de bloqueo TightVice giratorio de 360 grados que mantiene el dispositivo de forma segura y firme en su lugar. Con ejes y articulaciones esf\u00e9ricas flexibles incorporadas, los m\u00fasicos pueden ajustar los dispositivos a cualquier \u00e1ngulo que se adapte a sus necesidades.<\/div>\n<div>\n<h4>Quick look<\/h4>\n<\/div>\n<ul style=\"margin: 0px 0px 0px 25px\">\n<li style=\"list-style-type: circle;margin: 5px\">Aplicaciones adaptables.<\/li>\n<li style=\"list-style-type: circle;margin: 5px\">Rango de soporte m\u00e1s amplio.<\/li>\n<li style=\"list-style-type: circle;margin: 5px\">Mecanismo de bloqueo TightVice giratorio de 360 grados.<\/li>\n<li style=\"list-style-type: circle;margin: 5px\">Weight.<\/li>\n<li style=\"list-style-type: circle;margin: 5px\">Capacidad de carga.<\/li>\n<li style=\"list-style-type: circle;margin: 5px\">Tama\u00f1o plegado.<\/li>\n<\/ul>\n<div>\n<div style=\"font-weight: bold\">Aplicaciones adaptables.<\/div>\n<div>\n<p>&#8211; Conexiones universales de c\u00e1mara. &#8211; Tubos redondos y cuadrados para broadcast en vivo, video o photo shooting.<\/p>\n<\/div>\n<div style=\"font-weight: bold\">Rango de soporte m\u00e1s amplio.<\/div>\n<div>\n<p>&#8211; Rosca de c\u00e1mara de \u00bc\u201d-20 (conexi\u00f3n de c\u00e1maras de acci\u00f3n como GoPro, c\u00e1maras compactas, etc). Rosca de micr\u00f3fono de 3\/8&#8243;. Adaptador de rosca de micr\u00f3fono de 3\/8\u201d a 5\/8\u201d.<\/p>\n<\/div>\n<div style=\"font-weight: bold\">Mecanismo de bloqueo TightVice giratorio de 360 grados.<\/div>\n<div>\n<p>El mecanismo especializado de bloqueo mantiene el dispositivo de forma segura y firme en su lugar. Con ejes y articulaciones esf\u00e9ricas flexibles incorporadas, los m\u00fasicos pueden ajustar los dispositivos a cualquier \u00e1ngulo que se adapte a sus necesidades.<\/p>\n<\/div>\n<div style=\"font-weight: bold\">Weight.<\/div>\n<div>\n<p>720 g.<\/p>\n<\/div>\n<div style=\"font-weight: bold\">Capacidad de carga.<\/div>\n<div>\n<p>1 kg.<\/p>\n<\/div>\n<div style=\"font-weight: bold\">Tama\u00f1o plegado.<\/div>\n<div>\n<p>90 X 80 X 455 mm.<\/p>\n<\/div>\n<\/div>\n<\/div>","protected":false},"excerpt":{"rendered":"<p>Soporte universal para brazo de c\u00e1mara y micr\u00f3fono para podcast, conexiones universales de c\u00e1mara, tubos redondos y cuadrados para broadcast en vivo, video o photo shooting, mecanismo de bloqueo TightVice giratorio de 360 grados, peso: 720 g, capacidad de carga: 1 kg, tama\u00f1o plegado: 90 X 80 X 455 mm.&hellip; <a class=\"kt-excerpt-readmore more-link\" href=\"https:\/\/www.mexicanguitarplayers.com\/en\/tienda\/accesorios\/stands\/para-microfono\/soporte-hercules-p-microfono-dg107b\/\">Read more<\/a><\/p>","protected":false},"featured_media":33439,"comment_status":"open","ping_status":"closed","template":"","meta":{"kt_blocks_editor_width":""},"pwb-brand":[587],"product_brand":[],"product_cat":[85,464,416],"product_tag":[],"class_list":{"0":"post-33446","1":"product","2":"type-product","3":"status-publish","4":"has-post-thumbnail","6":"pwb-brand-hercules","7":"product_cat-accesorios","8":"product_cat-para-microfono","9":"product_cat-stands","10":"product_shipping_class-0-5-kg","12":"first","13":"instock","14":"taxable","15":"shipping-taxable","16":"purchasable","17":"product-type-simple"},"yoast_head":"<!-- This site is optimized with the Yoast SEO plugin v27.5 - https:\/\/yoast.com\/product\/yoast-seo-wordpress\/ -->\n<title>SOPORTE HERCULES P\/MICROFONO DG107B - Mexican Guitar Players<\/title>\n<meta name=\"description\" content=\"Soporte universal para brazo de c\u00e1mara y micr\u00f3fono para podcast, conexiones universales de c\u00e1mara, tubos redondos y cuadrados para broadcast en vivo, video o photo shooting, mecanismo de bloqueo TightVice giratorio de 360 grados, peso: 720 g, capacidad de carga: 1 kg, tama\u00f1o plegado: 90 X 80 X 455 mm.\" \/>\n<meta name=\"robots\" content=\"index, follow, max-snippet:-1, max-image-preview:large, max-video-preview:-1\" \/>\n<link rel=\"canonical\" href=\"https:\/\/www.mexicanguitarplayers.com\/en\/tienda\/sin%20categor\u00eda\/soporte-hercules-p-microfono-dg107b\/\" \/>\n<meta property=\"og:locale\" content=\"en_US\" \/>\n<meta property=\"og:type\" content=\"article\" \/>\n<meta property=\"og:title\" content=\"SOPORTE HERCULES P\/MICROFONO DG107B - Mexican Guitar Players\" \/>\n<meta property=\"og:description\" content=\"Soporte universal para brazo de c\u00e1mara y micr\u00f3fono para podcast, conexiones universales de c\u00e1mara, tubos redondos y cuadrados para broadcast en vivo, video o photo shooting, mecanismo de bloqueo TightVice giratorio de 360 grados, peso: 720 g, capacidad de carga: 1 kg, tama\u00f1o plegado: 90 X 80 X 455 mm.\" \/>\n<meta property=\"og:url\" content=\"https:\/\/www.mexicanguitarplayers.com\/en\/tienda\/sin categor\u00eda\/soporte-hercules-p-microfono-dg107b\/\" \/>\n<meta property=\"og:site_name\" content=\"Mexican Guitar Players\" \/>\n<meta property=\"article:modified_time\" content=\"2026-04-21T01:15:06+00:00\" \/>\n<meta name=\"twitter:card\" content=\"summary_large_image\" \/>\n<meta name=\"twitter:label1\" content=\"Est. reading time\" \/>\n\t<meta name=\"twitter:data1\" content=\"1 minute\" \/>\n<script type=\"application\/ld+json\" class=\"yoast-schema-graph\">{\"@context\":\"https:\\\/\\\/schema.org\",\"@graph\":[{\"@type\":[\"WebPage\",\"ItemPage\"],\"@id\":\"https:\\\/\\\/www.mexicanguitarplayers.com\\\/tienda\\\/sin categor\u00eda\\\/soporte-hercules-p-microfono-dg107b\\\/\",\"url\":\"https:\\\/\\\/www.mexicanguitarplayers.com\\\/tienda\\\/sin categor\u00eda\\\/soporte-hercules-p-microfono-dg107b\\\/\",\"name\":\"SOPORTE HERCULES P\\\/MICROFONO DG107B - Mexican Guitar Players\",\"isPartOf\":{\"@id\":\"https:\\\/\\\/www.mexicanguitarplayers.com\\\/#website\"},\"primaryImageOfPage\":{\"@id\":\"https:\\\/\\\/www.mexicanguitarplayers.com\\\/tienda\\\/sin categor\u00eda\\\/soporte-hercules-p-microfono-dg107b\\\/#primaryimage\"},\"image\":{\"@id\":\"https:\\\/\\\/www.mexicanguitarplayers.com\\\/tienda\\\/sin categor\u00eda\\\/soporte-hercules-p-microfono-dg107b\\\/#primaryimage\"},\"thumbnailUrl\":\"https:\\\/\\\/www.mexicanguitarplayers.com\\\/wp-content\\\/uploads\\\/2025\\\/04\\\/VAHERDG107B.jpg\",\"datePublished\":\"2025-04-09T03:20:34+00:00\",\"dateModified\":\"2026-04-21T01:15:06+00:00\",\"description\":\"Soporte universal para brazo de c\u00e1mara y micr\u00f3fono para podcast, conexiones universales de c\u00e1mara, tubos redondos y cuadrados para broadcast en vivo, video o photo shooting, mecanismo de bloqueo TightVice giratorio de 360 grados, peso: 720 g, capacidad de carga: 1 kg, tama\u00f1o plegado: 90 X 80 X 455 mm.\",\"breadcrumb\":{\"@id\":\"https:\\\/\\\/www.mexicanguitarplayers.com\\\/tienda\\\/sin categor\u00eda\\\/soporte-hercules-p-microfono-dg107b\\\/#breadcrumb\"},\"inLanguage\":\"en-US\",\"potentialAction\":[{\"@type\":\"ReadAction\",\"target\":[\"https:\\\/\\\/www.mexicanguitarplayers.com\\\/tienda\\\/sin categor\u00eda\\\/soporte-hercules-p-microfono-dg107b\\\/\"]}]},{\"@type\":\"ImageObject\",\"inLanguage\":\"en-US\",\"@id\":\"https:\\\/\\\/www.mexicanguitarplayers.com\\\/tienda\\\/sin categor\u00eda\\\/soporte-hercules-p-microfono-dg107b\\\/#primaryimage\",\"url\":\"https:\\\/\\\/www.mexicanguitarplayers.com\\\/wp-content\\\/uploads\\\/2025\\\/04\\\/VAHERDG107B.jpg\",\"contentUrl\":\"https:\\\/\\\/www.mexicanguitarplayers.com\\\/wp-content\\\/uploads\\\/2025\\\/04\\\/VAHERDG107B.jpg\",\"width\":1200,\"height\":1200},{\"@type\":\"BreadcrumbList\",\"@id\":\"https:\\\/\\\/www.mexicanguitarplayers.com\\\/tienda\\\/sin categor\u00eda\\\/soporte-hercules-p-microfono-dg107b\\\/#breadcrumb\",\"itemListElement\":[{\"@type\":\"ListItem\",\"position\":1,\"name\":\"Portada\",\"item\":\"https:\\\/\\\/www.mexicanguitarplayers.com\\\/\"},{\"@type\":\"ListItem\",\"position\":2,\"name\":\"Tienda\",\"item\":\"https:\\\/\\\/www.mexicanguitarplayers.com\\\/tienda\\\/\"},{\"@type\":\"ListItem\",\"position\":3,\"name\":\"SOPORTE HERCULES P\\\/MICROFONO DG107B\"}]},{\"@type\":\"WebSite\",\"@id\":\"https:\\\/\\\/www.mexicanguitarplayers.com\\\/#website\",\"url\":\"https:\\\/\\\/www.mexicanguitarplayers.com\\\/\",\"name\":\"Mexican Guitar Players\",\"description\":\"Website\",\"publisher\":{\"@id\":\"https:\\\/\\\/www.mexicanguitarplayers.com\\\/#organization\"},\"potentialAction\":[{\"@type\":\"SearchAction\",\"target\":{\"@type\":\"EntryPoint\",\"urlTemplate\":\"https:\\\/\\\/www.mexicanguitarplayers.com\\\/?s={search_term_string}\"},\"query-input\":{\"@type\":\"PropertyValueSpecification\",\"valueRequired\":true,\"valueName\":\"search_term_string\"}}],\"inLanguage\":\"en-US\"},{\"@type\":\"Organization\",\"@id\":\"https:\\\/\\\/www.mexicanguitarplayers.com\\\/#organization\",\"name\":\"Mexican Guitar Players\",\"url\":\"https:\\\/\\\/www.mexicanguitarplayers.com\\\/\",\"logo\":{\"@type\":\"ImageObject\",\"inLanguage\":\"en-US\",\"@id\":\"https:\\\/\\\/www.mexicanguitarplayers.com\\\/#\\\/schema\\\/logo\\\/image\\\/\",\"url\":\"\",\"contentUrl\":\"\",\"caption\":\"Mexican Guitar Players\"},\"image\":{\"@id\":\"https:\\\/\\\/www.mexicanguitarplayers.com\\\/#\\\/schema\\\/logo\\\/image\\\/\"}}]}<\/script>\n<!-- \/ Yoast SEO plugin. -->","yoast_head_json":{"title":"SOPORTE HERCULES P\/MICROFONO DG107B - Mexican Guitar Players","description":"Soporte universal para brazo de c\u00e1mara y micr\u00f3fono para podcast, conexiones universales de c\u00e1mara, tubos redondos y cuadrados para broadcast en vivo, video o photo shooting, mecanismo de bloqueo TightVice giratorio de 360 grados, peso: 720 g, capacidad de carga: 1 kg, tama\u00f1o plegado: 90 X 80 X 455 mm.","robots":{"index":"index","follow":"follow","max-snippet":"max-snippet:-1","max-image-preview":"max-image-preview:large","max-video-preview":"max-video-preview:-1"},"canonical":"https:\/\/www.mexicanguitarplayers.com\/en\/tienda\/sin categor\u00eda\/soporte-hercules-p-microfono-dg107b\/","og_locale":"en_US","og_type":"article","og_title":"SOPORTE HERCULES P\/MICROFONO DG107B - Mexican Guitar Players","og_description":"Soporte universal para brazo de c\u00e1mara y micr\u00f3fono para podcast, conexiones universales de c\u00e1mara, tubos redondos y cuadrados para broadcast en vivo, video o photo shooting, mecanismo de bloqueo TightVice giratorio de 360 grados, peso: 720 g, capacidad de carga: 1 kg, tama\u00f1o plegado: 90 X 80 X 455 mm.","og_url":"https:\/\/www.mexicanguitarplayers.com\/en\/tienda\/sin categor\u00eda\/soporte-hercules-p-microfono-dg107b\/","og_site_name":"Mexican Guitar Players","article_modified_time":"2026-04-21T01:15:06+00:00","twitter_card":"summary_large_image","twitter_misc":{"Est. reading time":"1 minute"},"schema":{"@context":"https:\/\/schema.org","@graph":[{"@type":["WebPage","ItemPage"],"@id":"https:\/\/www.mexicanguitarplayers.com\/tienda\/sin categor\u00eda\/soporte-hercules-p-microfono-dg107b\/","url":"https:\/\/www.mexicanguitarplayers.com\/tienda\/sin categor\u00eda\/soporte-hercules-p-microfono-dg107b\/","name":"SOPORTE HERCULES P\/MICROFONO DG107B - Mexican Guitar Players","isPartOf":{"@id":"https:\/\/www.mexicanguitarplayers.com\/#website"},"primaryImageOfPage":{"@id":"https:\/\/www.mexicanguitarplayers.com\/tienda\/sin categor\u00eda\/soporte-hercules-p-microfono-dg107b\/#primaryimage"},"image":{"@id":"https:\/\/www.mexicanguitarplayers.com\/tienda\/sin categor\u00eda\/soporte-hercules-p-microfono-dg107b\/#primaryimage"},"thumbnailUrl":"https:\/\/www.mexicanguitarplayers.com\/wp-content\/uploads\/2025\/04\/VAHERDG107B.jpg","datePublished":"2025-04-09T03:20:34+00:00","dateModified":"2026-04-21T01:15:06+00:00","description":"Soporte universal para brazo de c\u00e1mara y micr\u00f3fono para podcast, conexiones universales de c\u00e1mara, tubos redondos y cuadrados para broadcast en vivo, video o photo shooting, mecanismo de bloqueo TightVice giratorio de 360 grados, peso: 720 g, capacidad de carga: 1 kg, tama\u00f1o plegado: 90 X 80 X 455 mm.","breadcrumb":{"@id":"https:\/\/www.mexicanguitarplayers.com\/tienda\/sin categor\u00eda\/soporte-hercules-p-microfono-dg107b\/#breadcrumb"},"inLanguage":"en-US","potentialAction":[{"@type":"ReadAction","target":["https:\/\/www.mexicanguitarplayers.com\/tienda\/sin categor\u00eda\/soporte-hercules-p-microfono-dg107b\/"]}]},{"@type":"ImageObject","inLanguage":"en-US","@id":"https:\/\/www.mexicanguitarplayers.com\/tienda\/sin categor\u00eda\/soporte-hercules-p-microfono-dg107b\/#primaryimage","url":"https:\/\/www.mexicanguitarplayers.com\/wp-content\/uploads\/2025\/04\/VAHERDG107B.jpg","contentUrl":"https:\/\/www.mexicanguitarplayers.com\/wp-content\/uploads\/2025\/04\/VAHERDG107B.jpg","width":1200,"height":1200},{"@type":"BreadcrumbList","@id":"https:\/\/www.mexicanguitarplayers.com\/tienda\/sin categor\u00eda\/soporte-hercules-p-microfono-dg107b\/#breadcrumb","itemListElement":[{"@type":"ListItem","position":1,"name":"Portada","item":"https:\/\/www.mexicanguitarplayers.com\/"},{"@type":"ListItem","position":2,"name":"Tienda","item":"https:\/\/www.mexicanguitarplayers.com\/tienda\/"},{"@type":"ListItem","position":3,"name":"SOPORTE HERCULES P\/MICROFONO DG107B"}]},{"@type":"WebSite","@id":"https:\/\/www.mexicanguitarplayers.com\/#website","url":"https:\/\/www.mexicanguitarplayers.com\/","name":"Mexican Guitar Players","description":"Website","publisher":{"@id":"https:\/\/www.mexicanguitarplayers.com\/#organization"},"potentialAction":[{"@type":"SearchAction","target":{"@type":"EntryPoint","urlTemplate":"https:\/\/www.mexicanguitarplayers.com\/?s={search_term_string}"},"query-input":{"@type":"PropertyValueSpecification","valueRequired":true,"valueName":"search_term_string"}}],"inLanguage":"en-US"},{"@type":"Organization","@id":"https:\/\/www.mexicanguitarplayers.com\/#organization","name":"Mexican Guitar Players","url":"https:\/\/www.mexicanguitarplayers.com\/","logo":{"@type":"ImageObject","inLanguage":"en-US","@id":"https:\/\/www.mexicanguitarplayers.com\/#\/schema\/logo\/image\/","url":"","contentUrl":"","caption":"Mexican Guitar Players"},"image":{"@id":"https:\/\/www.mexicanguitarplayers.com\/#\/schema\/logo\/image\/"}}]}},"brands":[{"id":587,"name":"HERCULES","slug":"hercules"}],"_links":{"self":[{"href":"https:\/\/www.mexicanguitarplayers.com\/en\/wp-json\/wp\/v2\/product\/33446","targetHints":{"allow":["GET"]}}],"collection":[{"href":"https:\/\/www.mexicanguitarplayers.com\/en\/wp-json\/wp\/v2\/product"}],"about":[{"href":"https:\/\/www.mexicanguitarplayers.com\/en\/wp-json\/wp\/v2\/types\/product"}],"replies":[{"embeddable":true,"href":"https:\/\/www.mexicanguitarplayers.com\/en\/wp-json\/wp\/v2\/comments?post=33446"}],"wp:featuredmedia":[{"embeddable":true,"href":"https:\/\/www.mexicanguitarplayers.com\/en\/wp-json\/wp\/v2\/media\/33439"}],"wp:attachment":[{"href":"https:\/\/www.mexicanguitarplayers.com\/en\/wp-json\/wp\/v2\/media?parent=33446"}],"wp:term":[{"taxonomy":"pwb-brand","embeddable":true,"href":"https:\/\/www.mexicanguitarplayers.com\/en\/wp-json\/wp\/v2\/pwb-brand?post=33446"},{"taxonomy":"product_brand","embeddable":true,"href":"https:\/\/www.mexicanguitarplayers.com\/en\/wp-json\/wp\/v2\/product_brand?post=33446"},{"taxonomy":"product_cat","embeddable":true,"href":"https:\/\/www.mexicanguitarplayers.com\/en\/wp-json\/wp\/v2\/product_cat?post=33446"},{"taxonomy":"product_tag","embeddable":true,"href":"https:\/\/www.mexicanguitarplayers.com\/en\/wp-json\/wp\/v2\/product_tag?post=33446"}],"curies":[{"name":"wp","href":"https:\/\/api.w.org\/{rel}","templated":true}]}}