{"id":33453,"date":"2025-04-08T21:20:44","date_gmt":"2025-04-09T03:20:44","guid":{"rendered":"https:\/\/www.mexicanguitarplayers.com\/tienda\/sin categor\u00eda\/pastilla-f-fluence-7-cdas-prf-ms7-ta2\/"},"modified":"2026-04-10T04:31:46","modified_gmt":"2026-04-10T10:31:46","slug":"pastilla-f-fluence-7-cdas-prf-ms7-ta2","status":"publish","type":"product","link":"https:\/\/www.mexicanguitarplayers.com\/en\/tienda\/accesorios\/para-guitarras\/pastillas-para-guitarra-electrica\/pastilla-f-fluence-7-cdas-prf-ms7-ta2\/","title":{"rendered":"PASTILLA F.FLUENCE 7 CDAS. PRF-MS7-TA2"},"content":{"rendered":"<div style=\"text-align: justify\">\n<div>\n<h3>El mejor sonido de Tosin Abasi.<\/h3>\n<\/div>\n<div>Tosin Abasi ha dominado una amplia gama de estilos y t\u00e9cnicas musicales, por lo que no deber\u00eda de sorprender a nadie que su serie caracter\u00edstica presente la mezcla m\u00e1s diversa de tonos incluidos en cualquier pastilla Fluence hasta la fecha. Siempre a la vanguardia, los tonos de Tosin desaf\u00edan las convenciones. Fluence necesit\u00f3 desbloquear los sonidos que previamente se hab\u00edan quedado atascados en la cabeza de Tosin. El set Tosin Abasi Signature es \u00fanico en la forma en la que hace m\u00faltiples combinaciones de bobinas junto con las diferentes voces. Incluso el circuito magn\u00e9tico est\u00e1 sintonizado con las piezas polares y un im\u00e1n de cuchilla combinados en la posici\u00f3n del brazo para una aut\u00e9ntica interacci\u00f3n single-coil. Para el brazo y el puente, la Voz 1 comienza con nuestra receta moderna y engorda los medios graves mientras ajusta el nivel de salida al gusto de Tosin. La Voz 2 es brillante y limpia, con un extremo superior extremadamente r\u00e1pido y detallado para un ataque de percusi\u00f3n y limpiezas cristalinas. En el puente, la Voz 2 es un tono de rock cl\u00e1sico y hard rock que se funde en cualquier plataforma o mezcla. El rango medio cortante de un &#8216;buker overwound&#8217; con los agudos vidriosos de un P.A.F. Luego cada uno de los modos single-coil tiene su propia voz \u00fanica. La pastilla del brazo recuerda a una Tele vintage y la pastilla del puente se centra en los tonos 2&#8243; y 4&#8243; tipo Strat. <\/div>\n<div>\n<h4>Quick look<\/h4>\n<\/div>\n<ul style=\"margin: 0px 0px 0px 25px\">\n<li style=\"list-style-type: circle;margin: 5px\">Voicings de pastilla de la serie Tosin Abasi Signature.<\/li>\n<li style=\"list-style-type: circle;margin: 5px\">Voicings del set de pastillas de la serie Tosin Abasi Signature.<\/li>\n<li style=\"list-style-type: circle;margin: 5px\">Pastillas Fluence Tosin Abasi Signature.<\/li>\n<li style=\"list-style-type: circle;margin: 5px\">Pastillas de cer\u00e1mica.<\/li>\n<li style=\"list-style-type: circle;margin: 5px\">Pastillas de alnico.<\/li>\n<\/ul>\n<div>\n<div style=\"font-weight: bold\">Voicings de pastilla de la serie Tosin Abasi Signature.<\/div>\n<div>\n<p>Voz 1: Moderna, agresiva, pesada, con un rango medio audaz que no interfiere con los agudos y graves. Voz 2: Perfecci\u00f3n de pastilla pasiva en todo el rango extendido, profundo pero cristalino en el brazo y fuerte y cortante en el puente. Voz 3 (Single Coil): Vidrioso, de alta calidad.<\/p>\n<\/div>\n<div style=\"font-weight: bold\">Voicings del set de pastillas de la serie Tosin Abasi Signature.<\/div>\n<div>\n<p>El set incluye  una pastilla de cer\u00e1mica para el puente y una pastilla de alnico para el brazo o posici\u00f3n central. Todos los componentes necesarios para lograr el esquema de cableado de Tosin (menos selector de pastilla). Potenci\u00f3metros de volumen y tono. Potenci\u00f3metro de selecci\u00f3n de voz push-pull para usar en la posici\u00f3n ya sea de volumen o de tono. Todo el cableado necesario para la instalaci\u00f3n.<\/p>\n<\/div>\n<div style=\"font-weight: bold\">Pastillas Fluence Tosin Abasi Signature.<\/div>\n<div>\n<p>Son multi-voz. Configura y olv\u00eddate o conecta el cable para alternar entre tres voces musicalmente complementarias. Pasa directamente y reemplaza las pastillas humbucker est\u00e1ndar de6, 7 u 8 cuerdas. Son recargables en tu guitarra. El paquete de bater\u00edas de iones de litio opcional ofrece semanas, no horas, de tiempo de reproducci\u00f3n.<\/p>\n<\/div>\n<div style=\"font-weight: bold\">Pastillas de cer\u00e1mica.<\/div>\n<div>\n<p>Frecuencia de pico: Voz 1: 750 Hz, Voz 2: 1.4 kHz, Voz 3: (Single Coil) 7.8 kHz, Material magn\u00e9tico: Cer\u00e1mica VIII. Circuito magn\u00e9tico: Barras magn\u00e9ticas con cuchillas. Impedancia de salida: 2 k. Consumo de corriente: 2.5 mA. Bater\u00eda: 9V o bater\u00eda recargable opcional. Vida de la bater\u00eda: Hasta 100 horas (para el set).<\/p>\n<\/div>\n<div style=\"font-weight: bold\">Pastillas de alnico.<\/div>\n<div>\n<p>Frecuencia de pico: Voz 1: 420 Hz, Voz 2: 1.6 kHz, Voz 3: (Single Coil) 5.8 kHz. Material magn\u00e9tico: Alnico IV \/ V. Circuito magn\u00e9tico: Alnico IV (Polos) \/ Alnico V (Barra magn\u00e9tica). Impedancia de salida: 2 k. Consumo de corriente: 2.5 mA. Bater\u00eda: 9V o bater\u00eda recargable opcional. Vida de la bater\u00eda: Hasta 100 horas (para el set).<\/p>\n<\/div>\n<\/div>\n<\/div>","protected":false},"excerpt":{"rendered":"<p>Set de pastilla para guitarra de 7 cuerdas (brazo y puente) (Set Black Soapbar Mount), Tosin Abasi Signature, circuito magn\u00e9tico sintonizado con piezas polares y un im\u00e1n de cuchilla combinados en el brazo para una aut\u00e9ntica interacci\u00f3n single-coil, multi-voz, pastilla de cer\u00e1mica para puente y pastilla de alnico para brazo o posici\u00f3n central, todos los componentes necesarios para lograr el esquema de cableado de Tosin (menos selector de pastilla), potenci\u00f3metros de volumen y tono, potenci\u00f3metro de selecci\u00f3n de voz push-pull para usar en la posici\u00f3n ya sea de volumen o de tono, todo el cableado necesario para la instalaci\u00f3n, impedancia de salida: 2 k, consumo de corriente: 2.5 mA.&hellip; <a class=\"kt-excerpt-readmore more-link\" href=\"https:\/\/www.mexicanguitarplayers.com\/en\/tienda\/accesorios\/para-guitarras\/pastillas-para-guitarra-electrica\/pastilla-f-fluence-7-cdas-prf-ms7-ta2\/\">Read more<\/a><\/p>","protected":false},"featured_media":33447,"comment_status":"open","ping_status":"closed","template":"","meta":{"kt_blocks_editor_width":""},"pwb-brand":[248],"product_brand":[],"product_cat":[85,336,353],"product_tag":[],"class_list":{"0":"post-33453","1":"product","2":"type-product","3":"status-publish","4":"has-post-thumbnail","6":"pwb-brand-fishman","7":"product_cat-accesorios","8":"product_cat-para-guitarras","9":"product_cat-pastillas-para-guitarra-electrica","10":"product_shipping_class-0-5-kg","12":"first","13":"outofstock","14":"taxable","15":"shipping-taxable","16":"purchasable","17":"product-type-simple"},"yoast_head":"<!-- This site is optimized with the Yoast SEO plugin v27.6 - https:\/\/yoast.com\/product\/yoast-seo-wordpress\/ -->\n<title>PASTILLA F.FLUENCE 7 CDAS. PRF-MS7-TA2 - Mexican Guitar Players<\/title>\n<meta name=\"description\" content=\"Set de pastilla para guitarra de 7 cuerdas (brazo y puente) (Set Black Soapbar Mount), Tosin Abasi Signature, circuito magn\u00e9tico sintonizado con piezas polares y un im\u00e1n de cuchilla combinados en el brazo para una aut\u00e9ntica interacci\u00f3n single-coil, multi-voz, pastilla de cer\u00e1mica para puente y pastilla de alnico para brazo o posici\u00f3n central, todos los componentes necesarios para lograr el esquema de cableado de Tosin (menos selector de pastilla), potenci\u00f3metros de volumen y tono, potenci\u00f3metro de selecci\u00f3n de voz push-pull para usar en la posici\u00f3n ya sea de volumen o de tono, todo el cableado necesario para la instalaci\u00f3n, impedancia de salida: 2 k, consumo de corriente: 2.5 mA.\" \/>\n<meta name=\"robots\" content=\"index, follow, max-snippet:-1, max-image-preview:large, max-video-preview:-1\" \/>\n<link rel=\"canonical\" href=\"https:\/\/www.mexicanguitarplayers.com\/en\/tienda\/sin%20categor\u00eda\/pastilla-f-fluence-7-cdas-prf-ms7-ta2\/\" \/>\n<meta property=\"og:locale\" content=\"en_US\" \/>\n<meta property=\"og:type\" content=\"article\" \/>\n<meta property=\"og:title\" content=\"PASTILLA F.FLUENCE 7 CDAS. PRF-MS7-TA2 - Mexican Guitar Players\" \/>\n<meta property=\"og:description\" content=\"Set de pastilla para guitarra de 7 cuerdas (brazo y puente) (Set Black Soapbar Mount), Tosin Abasi Signature, circuito magn\u00e9tico sintonizado con piezas polares y un im\u00e1n de cuchilla combinados en el brazo para una aut\u00e9ntica interacci\u00f3n single-coil, multi-voz, pastilla de cer\u00e1mica para puente y pastilla de alnico para brazo o posici\u00f3n central, todos los componentes necesarios para lograr el esquema de cableado de Tosin (menos selector de pastilla), potenci\u00f3metros de volumen y tono, potenci\u00f3metro de selecci\u00f3n de voz push-pull para usar en la posici\u00f3n ya sea de volumen o de tono, todo el cableado necesario para la instalaci\u00f3n, impedancia de salida: 2 k, consumo de corriente: 2.5 mA.\" \/>\n<meta property=\"og:url\" content=\"https:\/\/www.mexicanguitarplayers.com\/en\/tienda\/sin categor\u00eda\/pastilla-f-fluence-7-cdas-prf-ms7-ta2\/\" \/>\n<meta property=\"og:site_name\" content=\"Mexican Guitar Players\" \/>\n<meta property=\"article:modified_time\" content=\"2026-04-10T10:31:46+00:00\" \/>\n<meta name=\"twitter:card\" content=\"summary_large_image\" \/>\n<meta name=\"twitter:label1\" content=\"Est. reading time\" \/>\n\t<meta name=\"twitter:data1\" content=\"3 minutes\" \/>\n<script type=\"application\/ld+json\" class=\"yoast-schema-graph\">{\"@context\":\"https:\\\/\\\/schema.org\",\"@graph\":[{\"@type\":[\"WebPage\",\"ItemPage\"],\"@id\":\"https:\\\/\\\/www.mexicanguitarplayers.com\\\/tienda\\\/sin categor\u00eda\\\/pastilla-f-fluence-7-cdas-prf-ms7-ta2\\\/\",\"url\":\"https:\\\/\\\/www.mexicanguitarplayers.com\\\/tienda\\\/sin categor\u00eda\\\/pastilla-f-fluence-7-cdas-prf-ms7-ta2\\\/\",\"name\":\"PASTILLA F.FLUENCE 7 CDAS. PRF-MS7-TA2 - Mexican Guitar Players\",\"isPartOf\":{\"@id\":\"https:\\\/\\\/www.mexicanguitarplayers.com\\\/#website\"},\"primaryImageOfPage\":{\"@id\":\"https:\\\/\\\/www.mexicanguitarplayers.com\\\/tienda\\\/sin categor\u00eda\\\/pastilla-f-fluence-7-cdas-prf-ms7-ta2\\\/#primaryimage\"},\"image\":{\"@id\":\"https:\\\/\\\/www.mexicanguitarplayers.com\\\/tienda\\\/sin categor\u00eda\\\/pastilla-f-fluence-7-cdas-prf-ms7-ta2\\\/#primaryimage\"},\"thumbnailUrl\":\"https:\\\/\\\/www.mexicanguitarplayers.com\\\/wp-content\\\/uploads\\\/2025\\\/04\\\/RAFISPRFMS7TA2.jpg\",\"datePublished\":\"2025-04-09T03:20:44+00:00\",\"dateModified\":\"2026-04-10T10:31:46+00:00\",\"description\":\"Set de pastilla para guitarra de 7 cuerdas (brazo y puente) (Set Black Soapbar Mount), Tosin Abasi Signature, circuito magn\u00e9tico sintonizado con piezas polares y un im\u00e1n de cuchilla combinados en el brazo para una aut\u00e9ntica interacci\u00f3n single-coil, multi-voz, pastilla de cer\u00e1mica para puente y pastilla de alnico para brazo o posici\u00f3n central, todos los componentes necesarios para lograr el esquema de cableado de Tosin (menos selector de pastilla), potenci\u00f3metros de volumen y tono, potenci\u00f3metro de selecci\u00f3n de voz push-pull para usar en la posici\u00f3n ya sea de volumen o de tono, todo el cableado necesario para la instalaci\u00f3n, impedancia de salida: 2 k, consumo de corriente: 2.5 mA.\",\"breadcrumb\":{\"@id\":\"https:\\\/\\\/www.mexicanguitarplayers.com\\\/tienda\\\/sin categor\u00eda\\\/pastilla-f-fluence-7-cdas-prf-ms7-ta2\\\/#breadcrumb\"},\"inLanguage\":\"en-US\",\"potentialAction\":[{\"@type\":\"ReadAction\",\"target\":[\"https:\\\/\\\/www.mexicanguitarplayers.com\\\/tienda\\\/sin categor\u00eda\\\/pastilla-f-fluence-7-cdas-prf-ms7-ta2\\\/\"]}]},{\"@type\":\"ImageObject\",\"inLanguage\":\"en-US\",\"@id\":\"https:\\\/\\\/www.mexicanguitarplayers.com\\\/tienda\\\/sin categor\u00eda\\\/pastilla-f-fluence-7-cdas-prf-ms7-ta2\\\/#primaryimage\",\"url\":\"https:\\\/\\\/www.mexicanguitarplayers.com\\\/wp-content\\\/uploads\\\/2025\\\/04\\\/RAFISPRFMS7TA2.jpg\",\"contentUrl\":\"https:\\\/\\\/www.mexicanguitarplayers.com\\\/wp-content\\\/uploads\\\/2025\\\/04\\\/RAFISPRFMS7TA2.jpg\",\"width\":1200,\"height\":1200},{\"@type\":\"BreadcrumbList\",\"@id\":\"https:\\\/\\\/www.mexicanguitarplayers.com\\\/tienda\\\/sin categor\u00eda\\\/pastilla-f-fluence-7-cdas-prf-ms7-ta2\\\/#breadcrumb\",\"itemListElement\":[{\"@type\":\"ListItem\",\"position\":1,\"name\":\"Portada\",\"item\":\"https:\\\/\\\/www.mexicanguitarplayers.com\\\/\"},{\"@type\":\"ListItem\",\"position\":2,\"name\":\"Tienda\",\"item\":\"https:\\\/\\\/www.mexicanguitarplayers.com\\\/tienda\\\/\"},{\"@type\":\"ListItem\",\"position\":3,\"name\":\"PASTILLA F.FLUENCE 7 CDAS. PRF-MS7-TA2\"}]},{\"@type\":\"WebSite\",\"@id\":\"https:\\\/\\\/www.mexicanguitarplayers.com\\\/#website\",\"url\":\"https:\\\/\\\/www.mexicanguitarplayers.com\\\/\",\"name\":\"Mexican Guitar Players\",\"description\":\"Website\",\"publisher\":{\"@id\":\"https:\\\/\\\/www.mexicanguitarplayers.com\\\/#organization\"},\"potentialAction\":[{\"@type\":\"SearchAction\",\"target\":{\"@type\":\"EntryPoint\",\"urlTemplate\":\"https:\\\/\\\/www.mexicanguitarplayers.com\\\/?s={search_term_string}\"},\"query-input\":{\"@type\":\"PropertyValueSpecification\",\"valueRequired\":true,\"valueName\":\"search_term_string\"}}],\"inLanguage\":\"en-US\"},{\"@type\":\"Organization\",\"@id\":\"https:\\\/\\\/www.mexicanguitarplayers.com\\\/#organization\",\"name\":\"Mexican Guitar Players\",\"url\":\"https:\\\/\\\/www.mexicanguitarplayers.com\\\/\",\"logo\":{\"@type\":\"ImageObject\",\"inLanguage\":\"en-US\",\"@id\":\"https:\\\/\\\/www.mexicanguitarplayers.com\\\/#\\\/schema\\\/logo\\\/image\\\/\",\"url\":\"\",\"contentUrl\":\"\",\"caption\":\"Mexican Guitar Players\"},\"image\":{\"@id\":\"https:\\\/\\\/www.mexicanguitarplayers.com\\\/#\\\/schema\\\/logo\\\/image\\\/\"}}]}<\/script>\n<!-- \/ Yoast SEO plugin. -->","yoast_head_json":{"title":"PASTILLA F.FLUENCE 7 CDAS. PRF-MS7-TA2 - Mexican Guitar Players","description":"Set de pastilla para guitarra de 7 cuerdas (brazo y puente) (Set Black Soapbar Mount), Tosin Abasi Signature, circuito magn\u00e9tico sintonizado con piezas polares y un im\u00e1n de cuchilla combinados en el brazo para una aut\u00e9ntica interacci\u00f3n single-coil, multi-voz, pastilla de cer\u00e1mica para puente y pastilla de alnico para brazo o posici\u00f3n central, todos los componentes necesarios para lograr el esquema de cableado de Tosin (menos selector de pastilla), potenci\u00f3metros de volumen y tono, potenci\u00f3metro de selecci\u00f3n de voz push-pull para usar en la posici\u00f3n ya sea de volumen o de tono, todo el cableado necesario para la instalaci\u00f3n, impedancia de salida: 2 k, consumo de corriente: 2.5 mA.","robots":{"index":"index","follow":"follow","max-snippet":"max-snippet:-1","max-image-preview":"max-image-preview:large","max-video-preview":"max-video-preview:-1"},"canonical":"https:\/\/www.mexicanguitarplayers.com\/en\/tienda\/sin categor\u00eda\/pastilla-f-fluence-7-cdas-prf-ms7-ta2\/","og_locale":"en_US","og_type":"article","og_title":"PASTILLA F.FLUENCE 7 CDAS. PRF-MS7-TA2 - Mexican Guitar Players","og_description":"Set de pastilla para guitarra de 7 cuerdas (brazo y puente) (Set Black Soapbar Mount), Tosin Abasi Signature, circuito magn\u00e9tico sintonizado con piezas polares y un im\u00e1n de cuchilla combinados en el brazo para una aut\u00e9ntica interacci\u00f3n single-coil, multi-voz, pastilla de cer\u00e1mica para puente y pastilla de alnico para brazo o posici\u00f3n central, todos los componentes necesarios para lograr el esquema de cableado de Tosin (menos selector de pastilla), potenci\u00f3metros de volumen y tono, potenci\u00f3metro de selecci\u00f3n de voz push-pull para usar en la posici\u00f3n ya sea de volumen o de tono, todo el cableado necesario para la instalaci\u00f3n, impedancia de salida: 2 k, consumo de corriente: 2.5 mA.","og_url":"https:\/\/www.mexicanguitarplayers.com\/en\/tienda\/sin categor\u00eda\/pastilla-f-fluence-7-cdas-prf-ms7-ta2\/","og_site_name":"Mexican Guitar Players","article_modified_time":"2026-04-10T10:31:46+00:00","twitter_card":"summary_large_image","twitter_misc":{"Est. reading time":"3 minutes"},"schema":{"@context":"https:\/\/schema.org","@graph":[{"@type":["WebPage","ItemPage"],"@id":"https:\/\/www.mexicanguitarplayers.com\/tienda\/sin categor\u00eda\/pastilla-f-fluence-7-cdas-prf-ms7-ta2\/","url":"https:\/\/www.mexicanguitarplayers.com\/tienda\/sin categor\u00eda\/pastilla-f-fluence-7-cdas-prf-ms7-ta2\/","name":"PASTILLA F.FLUENCE 7 CDAS. PRF-MS7-TA2 - Mexican Guitar Players","isPartOf":{"@id":"https:\/\/www.mexicanguitarplayers.com\/#website"},"primaryImageOfPage":{"@id":"https:\/\/www.mexicanguitarplayers.com\/tienda\/sin categor\u00eda\/pastilla-f-fluence-7-cdas-prf-ms7-ta2\/#primaryimage"},"image":{"@id":"https:\/\/www.mexicanguitarplayers.com\/tienda\/sin categor\u00eda\/pastilla-f-fluence-7-cdas-prf-ms7-ta2\/#primaryimage"},"thumbnailUrl":"https:\/\/www.mexicanguitarplayers.com\/wp-content\/uploads\/2025\/04\/RAFISPRFMS7TA2.jpg","datePublished":"2025-04-09T03:20:44+00:00","dateModified":"2026-04-10T10:31:46+00:00","description":"Set de pastilla para guitarra de 7 cuerdas (brazo y puente) (Set Black Soapbar Mount), Tosin Abasi Signature, circuito magn\u00e9tico sintonizado con piezas polares y un im\u00e1n de cuchilla combinados en el brazo para una aut\u00e9ntica interacci\u00f3n single-coil, multi-voz, pastilla de cer\u00e1mica para puente y pastilla de alnico para brazo o posici\u00f3n central, todos los componentes necesarios para lograr el esquema de cableado de Tosin (menos selector de pastilla), potenci\u00f3metros de volumen y tono, potenci\u00f3metro de selecci\u00f3n de voz push-pull para usar en la posici\u00f3n ya sea de volumen o de tono, todo el cableado necesario para la instalaci\u00f3n, impedancia de salida: 2 k, consumo de corriente: 2.5 mA.","breadcrumb":{"@id":"https:\/\/www.mexicanguitarplayers.com\/tienda\/sin categor\u00eda\/pastilla-f-fluence-7-cdas-prf-ms7-ta2\/#breadcrumb"},"inLanguage":"en-US","potentialAction":[{"@type":"ReadAction","target":["https:\/\/www.mexicanguitarplayers.com\/tienda\/sin categor\u00eda\/pastilla-f-fluence-7-cdas-prf-ms7-ta2\/"]}]},{"@type":"ImageObject","inLanguage":"en-US","@id":"https:\/\/www.mexicanguitarplayers.com\/tienda\/sin categor\u00eda\/pastilla-f-fluence-7-cdas-prf-ms7-ta2\/#primaryimage","url":"https:\/\/www.mexicanguitarplayers.com\/wp-content\/uploads\/2025\/04\/RAFISPRFMS7TA2.jpg","contentUrl":"https:\/\/www.mexicanguitarplayers.com\/wp-content\/uploads\/2025\/04\/RAFISPRFMS7TA2.jpg","width":1200,"height":1200},{"@type":"BreadcrumbList","@id":"https:\/\/www.mexicanguitarplayers.com\/tienda\/sin categor\u00eda\/pastilla-f-fluence-7-cdas-prf-ms7-ta2\/#breadcrumb","itemListElement":[{"@type":"ListItem","position":1,"name":"Portada","item":"https:\/\/www.mexicanguitarplayers.com\/"},{"@type":"ListItem","position":2,"name":"Tienda","item":"https:\/\/www.mexicanguitarplayers.com\/tienda\/"},{"@type":"ListItem","position":3,"name":"PASTILLA F.FLUENCE 7 CDAS. PRF-MS7-TA2"}]},{"@type":"WebSite","@id":"https:\/\/www.mexicanguitarplayers.com\/#website","url":"https:\/\/www.mexicanguitarplayers.com\/","name":"Mexican Guitar Players","description":"Website","publisher":{"@id":"https:\/\/www.mexicanguitarplayers.com\/#organization"},"potentialAction":[{"@type":"SearchAction","target":{"@type":"EntryPoint","urlTemplate":"https:\/\/www.mexicanguitarplayers.com\/?s={search_term_string}"},"query-input":{"@type":"PropertyValueSpecification","valueRequired":true,"valueName":"search_term_string"}}],"inLanguage":"en-US"},{"@type":"Organization","@id":"https:\/\/www.mexicanguitarplayers.com\/#organization","name":"Mexican Guitar Players","url":"https:\/\/www.mexicanguitarplayers.com\/","logo":{"@type":"ImageObject","inLanguage":"en-US","@id":"https:\/\/www.mexicanguitarplayers.com\/#\/schema\/logo\/image\/","url":"","contentUrl":"","caption":"Mexican Guitar Players"},"image":{"@id":"https:\/\/www.mexicanguitarplayers.com\/#\/schema\/logo\/image\/"}}]}},"brands":[{"id":248,"name":"FISHMAN","slug":"fishman"}],"_links":{"self":[{"href":"https:\/\/www.mexicanguitarplayers.com\/en\/wp-json\/wp\/v2\/product\/33453","targetHints":{"allow":["GET"]}}],"collection":[{"href":"https:\/\/www.mexicanguitarplayers.com\/en\/wp-json\/wp\/v2\/product"}],"about":[{"href":"https:\/\/www.mexicanguitarplayers.com\/en\/wp-json\/wp\/v2\/types\/product"}],"replies":[{"embeddable":true,"href":"https:\/\/www.mexicanguitarplayers.com\/en\/wp-json\/wp\/v2\/comments?post=33453"}],"wp:featuredmedia":[{"embeddable":true,"href":"https:\/\/www.mexicanguitarplayers.com\/en\/wp-json\/wp\/v2\/media\/33447"}],"wp:attachment":[{"href":"https:\/\/www.mexicanguitarplayers.com\/en\/wp-json\/wp\/v2\/media?parent=33453"}],"wp:term":[{"taxonomy":"pwb-brand","embeddable":true,"href":"https:\/\/www.mexicanguitarplayers.com\/en\/wp-json\/wp\/v2\/pwb-brand?post=33453"},{"taxonomy":"product_brand","embeddable":true,"href":"https:\/\/www.mexicanguitarplayers.com\/en\/wp-json\/wp\/v2\/product_brand?post=33453"},{"taxonomy":"product_cat","embeddable":true,"href":"https:\/\/www.mexicanguitarplayers.com\/en\/wp-json\/wp\/v2\/product_cat?post=33453"},{"taxonomy":"product_tag","embeddable":true,"href":"https:\/\/www.mexicanguitarplayers.com\/en\/wp-json\/wp\/v2\/product_tag?post=33453"}],"curies":[{"name":"wp","href":"https:\/\/api.w.org\/{rel}","templated":true}]}}