{"id":33463,"date":"2025-04-08T21:21:00","date_gmt":"2025-04-09T03:21:00","guid":{"rendered":"https:\/\/www.mexicanguitarplayers.com\/tienda\/sin categor\u00eda\/teclado-casio-portatil-lk-100\/"},"modified":"2025-04-08T21:21:00","modified_gmt":"2025-04-09T03:21:00","slug":"teclado-casio-portatil-lk-100","status":"publish","type":"product","link":"https:\/\/www.mexicanguitarplayers.com\/en\/tienda\/teclas\/teclados\/iluminacion-de-tecla\/teclado-casio-portatil-lk-100\/","title":{"rendered":"TECLADO CASIO PORTATIL    LK-100"},"content":{"rendered":"<div style=\"text-align: justify\">\n<div>\n<h3>Potentes funciones de lecciones para una pr\u00e1ctica m\u00e1s eficaz.<\/h3>\n<\/div>\n<div>El eficaz sistema de aprendizaje con teclas luminosas de CASIO les dar\u00e1 el empuj\u00f3n necesario para que el teclado no tenga secretos. El procedimiento con el modelo LK-120 es muy sencillo: colocarse frente a las 61 teclas luminosas y comenzar a tocar. A trav\u00e9s de tres niveles, el sistema les ofrece la posibilidad de aprender a tocar el teclado a su propio ritmo. Paso a paso practicar\u00e1n con el comp\u00e1s, las teclas y la velocidad, y en poco tiempo se dar\u00e1n cuenta de que su equipamiento (100 tonos, 50 ritmos y 100 canciones) hace crecer su creatividad. Tanto si son autodidactas como si prefieren utilizar el piano como herramienta de apoyo en sus clases de m\u00fasica: aprender con el LK-100 le resultar\u00e1 muy sencillo. Esa sencillez tambi\u00e9n se demuestra en su dise\u00f1o: l\u00edneas finas, formas bonitas.<\/div>\n<div>\n<h4>Quick look<\/h4>\n<\/div>\n<ul style=\"margin: 0px 0px 0px 25px\">\n<li style=\"list-style-type: circle;margin: 5px\">Lecci\u00f3n en 3 pasos.<\/li>\n<li style=\"list-style-type: circle;margin: 5px\">Indicador de tiempo (LCD).<\/li>\n<li style=\"list-style-type: circle;margin: 5px\">Gu\u00eda de digitaci\u00f3n por voz.<\/li>\n<li style=\"list-style-type: circle;margin: 5px\">Botones de selecci\u00f3n de pr\u00e1ctica de las manos derecha e izquierda.<\/li>\n<li style=\"list-style-type: circle;margin: 5px\">Teclado.<\/li>\n<li style=\"list-style-type: circle;margin: 5px\">Polifon\u00eda (M\u00e1ximo).<\/li>\n<li style=\"list-style-type: circle;margin: 5px\">Tonos.<\/li>\n<li style=\"list-style-type: circle;margin: 5px\">Ritmos\/Patrones.<\/li>\n<li style=\"list-style-type: circle;margin: 5px\">Funci\u00f3n de Lecciones.<\/li>\n<li style=\"list-style-type: circle;margin: 5px\">Transposici\u00f3n de Teclas.<\/li>\n<li style=\"list-style-type: circle;margin: 5px\">Salida de Amplificador.<\/li>\n<li style=\"list-style-type: circle;margin: 5px\">Terminales de Entrada\/Salida.<\/li>\n<li style=\"list-style-type: circle;margin: 5px\">Requisitos de Alimentaci\u00f3n.<\/li>\n<li style=\"list-style-type: circle;margin: 5px\">Dimensions.<\/li>\n<li style=\"list-style-type: circle;margin: 5px\">Accessories included.<\/li>\n<\/ul>\n<div>\n<div style=\"font-weight: bold\">Lecci\u00f3n en 3 pasos.<\/div>\n<div>\n<p>Siga las luces del teclado para aprender a dominar la ejecuci\u00f3n del teclado a su propio ritmo.<\/p>\n<\/div>\n<div style=\"font-weight: bold\">Indicador de tiempo (LCD).<\/div>\n<div>\n<p>El indicador de tiempo en pantalla le ense\u00f1a los tiempos correctos para la ejecuci\u00f3n del teclado.<\/p>\n<\/div>\n<div style=\"font-weight: bold\">Gu\u00eda de digitaci\u00f3n por voz.<\/div>\n<div>\n<p>Si el teclado detecta que la interpretaci\u00f3n se demora o se detiene, o que est\u00e1 tocando las notas incorrectas, una voz humana simulada dice un n\u00famero que le indica el dedo que debe utilizar para tocar la nota siguiente.<\/p>\n<\/div>\n<div style=\"font-weight: bold\">Botones de selecci\u00f3n de pr\u00e1ctica de las manos derecha e izquierda.<\/div>\n<div>\n<p>S\u00f3lo melod\u00edas incorporadas para dos manos. Otras melod\u00edas s\u00f3lo admiten la pr\u00e1ctica de lecciones con la mano derecha.<\/p>\n<\/div>\n<div style=\"font-weight: bold\">Teclado.<\/div>\n<div>\n<p>61 teclas de tama\u00f1o natural.<\/p>\n<\/div>\n<div style=\"font-weight: bold\">Polifon\u00eda (M\u00e1ximo).<\/div>\n<div>\n<p>12 notas.<\/p>\n<\/div>\n<div style=\"font-weight: bold\">Tonos.<\/div>\n<div>\n<p>100 tonos incorporados.<\/p>\n<\/div>\n<div style=\"font-weight: bold\">Ritmos\/Patrones.<\/div>\n<div>\n<p>50 ritmos incorporados.<\/p>\n<\/div>\n<div style=\"font-weight: bold\">Funci\u00f3n de Lecciones.<\/div>\n<div>\n<p>Lecci\u00f3n en 3 pasos Indicador de tiempo (LCD) Gu\u00eda de digitaci\u00f3n por voz (Parte de lecci\u00f3n: Mano derecha\/mano izquierda).<\/p>\n<\/div>\n<div style=\"font-weight: bold\">Transposici\u00f3n de Teclas.<\/div>\n<div>\n<p>F# a C a F: silencio de blanca.<\/p>\n<\/div>\n<div style=\"font-weight: bold\">Salida de Amplificador.<\/div>\n<div>\n<p>2 W + 2 W.<\/p>\n<\/div>\n<div style=\"font-weight: bold\">Terminales de Entrada\/Salida.<\/div>\n<div>\n<p>Aud\u00edfonos (Conector est\u00e9reo est\u00e1ndar)  ENTRADA DE MICR. ENTRADA\/SALIDA MIDI SOSTENIDO\/ASIGNABLE  Alimentaci\u00f3n externa (9V CC).<\/p>\n<\/div>\n<div style=\"font-weight: bold\">Requisitos de Alimentaci\u00f3n.<\/div>\n<div>\n<p>Pilas: 6 de tama\u00f1o AA\/Adaptador de CA opcional: AD-5.<\/p>\n<\/div>\n<div style=\"font-weight: bold\">Dimensions.<\/div>\n<div>\n<p>945 x 373 x 135 mm. Peso. 4,7 kg.<\/p>\n<\/div>\n<div style=\"font-weight: bold\">Accessories included.<\/div>\n<div>\n<p>Libro de partituras, atril.<\/p>\n<\/div>\n<\/div>\n<\/div>","protected":false},"excerpt":{"rendered":"<p>Teclado Casio. Modelo: LK.100. Con eliminador. 61 teclas con iluminaci\u00f3n, 12 notas de polifon\u00eda, 100 tonos, 50 ritmos, 100 canciones, display LCD, dos bocinas,sistema de lecciones de 3 pasos, jack para micr\u00f3fono con control de volumen, MIDI y auto acompa\u00f1amiento.&hellip; <a class=\"kt-excerpt-readmore more-link\" href=\"https:\/\/www.mexicanguitarplayers.com\/en\/tienda\/teclas\/teclados\/iluminacion-de-tecla\/teclado-casio-portatil-lk-100\/\">Read more<\/a><\/p>","protected":false},"featured_media":33462,"comment_status":"open","ping_status":"closed","template":"","meta":{"kt_blocks_editor_width":""},"pwb-brand":[274],"product_brand":[],"product_cat":[383,380,376],"product_tag":[],"class_list":{"0":"post-33463","1":"product","2":"type-product","3":"status-publish","4":"has-post-thumbnail","6":"pwb-brand-casio","7":"product_cat-iluminacion-de-tecla","8":"product_cat-teclados","9":"product_cat-teclas","10":"product_shipping_class-5-10-kg","12":"first","13":"outofstock","14":"taxable","15":"shipping-taxable","16":"purchasable","17":"product-type-simple"},"yoast_head":"<!-- This site is optimized with the Yoast SEO plugin v27.3 - https:\/\/yoast.com\/product\/yoast-seo-wordpress\/ -->\n<title>TECLADO CASIO PORTATIL  LK-100 - Mexican Guitar Players<\/title>\n<meta name=\"description\" content=\"Teclado Casio. Modelo: LK.100. Con eliminador. 61 teclas con iluminaci\u00f3n, 12 notas de polifon\u00eda, 100 tonos, 50 ritmos, 100 canciones, display LCD, dos bocinas,sistema de lecciones de 3 pasos, jack para micr\u00f3fono con control de volumen, MIDI y auto acompa\u00f1amiento.\" \/>\n<meta name=\"robots\" content=\"index, follow, max-snippet:-1, max-image-preview:large, max-video-preview:-1\" \/>\n<link rel=\"canonical\" href=\"https:\/\/www.mexicanguitarplayers.com\/en\/tienda\/sin%20categor\u00eda\/teclado-casio-portatil-lk-100\/\" \/>\n<meta property=\"og:locale\" content=\"en_US\" \/>\n<meta property=\"og:type\" content=\"article\" \/>\n<meta property=\"og:title\" content=\"TECLADO CASIO PORTATIL  LK-100 - Mexican Guitar Players\" \/>\n<meta property=\"og:description\" content=\"Teclado Casio. Modelo: LK.100. Con eliminador. 61 teclas con iluminaci\u00f3n, 12 notas de polifon\u00eda, 100 tonos, 50 ritmos, 100 canciones, display LCD, dos bocinas,sistema de lecciones de 3 pasos, jack para micr\u00f3fono con control de volumen, MIDI y auto acompa\u00f1amiento.\" \/>\n<meta property=\"og:url\" content=\"https:\/\/www.mexicanguitarplayers.com\/en\/tienda\/sin categor\u00eda\/teclado-casio-portatil-lk-100\/\" \/>\n<meta property=\"og:site_name\" content=\"Mexican Guitar Players\" \/>\n<meta name=\"twitter:card\" content=\"summary_large_image\" \/>\n<meta name=\"twitter:label1\" content=\"Est. reading time\" \/>\n\t<meta name=\"twitter:data1\" content=\"2 minutes\" \/>\n<script type=\"application\/ld+json\" class=\"yoast-schema-graph\">{\"@context\":\"https:\\\/\\\/schema.org\",\"@graph\":[{\"@type\":[\"WebPage\",\"ItemPage\"],\"@id\":\"https:\\\/\\\/www.mexicanguitarplayers.com\\\/tienda\\\/sin categor\u00eda\\\/teclado-casio-portatil-lk-100\\\/\",\"url\":\"https:\\\/\\\/www.mexicanguitarplayers.com\\\/tienda\\\/sin categor\u00eda\\\/teclado-casio-portatil-lk-100\\\/\",\"name\":\"TECLADO CASIO PORTATIL LK-100 - Mexican Guitar Players\",\"isPartOf\":{\"@id\":\"https:\\\/\\\/www.mexicanguitarplayers.com\\\/#website\"},\"primaryImageOfPage\":{\"@id\":\"https:\\\/\\\/www.mexicanguitarplayers.com\\\/tienda\\\/sin categor\u00eda\\\/teclado-casio-portatil-lk-100\\\/#primaryimage\"},\"image\":{\"@id\":\"https:\\\/\\\/www.mexicanguitarplayers.com\\\/tienda\\\/sin categor\u00eda\\\/teclado-casio-portatil-lk-100\\\/#primaryimage\"},\"thumbnailUrl\":\"https:\\\/\\\/www.mexicanguitarplayers.com\\\/wp-content\\\/uploads\\\/2025\\\/04\\\/ITCASLK100.jpg\",\"datePublished\":\"2025-04-09T03:21:00+00:00\",\"description\":\"Teclado Casio. Modelo: LK.100. Con eliminador. 61 teclas con iluminaci\u00f3n, 12 notas de polifon\u00eda, 100 tonos, 50 ritmos, 100 canciones, display LCD, dos bocinas,sistema de lecciones de 3 pasos, jack para micr\u00f3fono con control de volumen, MIDI y auto acompa\u00f1amiento.\",\"breadcrumb\":{\"@id\":\"https:\\\/\\\/www.mexicanguitarplayers.com\\\/tienda\\\/sin categor\u00eda\\\/teclado-casio-portatil-lk-100\\\/#breadcrumb\"},\"inLanguage\":\"en-US\",\"potentialAction\":[{\"@type\":\"ReadAction\",\"target\":[\"https:\\\/\\\/www.mexicanguitarplayers.com\\\/tienda\\\/sin categor\u00eda\\\/teclado-casio-portatil-lk-100\\\/\"]}]},{\"@type\":\"ImageObject\",\"inLanguage\":\"en-US\",\"@id\":\"https:\\\/\\\/www.mexicanguitarplayers.com\\\/tienda\\\/sin categor\u00eda\\\/teclado-casio-portatil-lk-100\\\/#primaryimage\",\"url\":\"https:\\\/\\\/www.mexicanguitarplayers.com\\\/wp-content\\\/uploads\\\/2025\\\/04\\\/ITCASLK100.jpg\",\"contentUrl\":\"https:\\\/\\\/www.mexicanguitarplayers.com\\\/wp-content\\\/uploads\\\/2025\\\/04\\\/ITCASLK100.jpg\",\"width\":1600,\"height\":800},{\"@type\":\"BreadcrumbList\",\"@id\":\"https:\\\/\\\/www.mexicanguitarplayers.com\\\/tienda\\\/sin categor\u00eda\\\/teclado-casio-portatil-lk-100\\\/#breadcrumb\",\"itemListElement\":[{\"@type\":\"ListItem\",\"position\":1,\"name\":\"Portada\",\"item\":\"https:\\\/\\\/www.mexicanguitarplayers.com\\\/\"},{\"@type\":\"ListItem\",\"position\":2,\"name\":\"Tienda\",\"item\":\"https:\\\/\\\/www.mexicanguitarplayers.com\\\/tienda\\\/\"},{\"@type\":\"ListItem\",\"position\":3,\"name\":\"TECLADO CASIO PORTATIL LK-100\"}]},{\"@type\":\"WebSite\",\"@id\":\"https:\\\/\\\/www.mexicanguitarplayers.com\\\/#website\",\"url\":\"https:\\\/\\\/www.mexicanguitarplayers.com\\\/\",\"name\":\"Mexican Guitar Players\",\"description\":\"Website\",\"publisher\":{\"@id\":\"https:\\\/\\\/www.mexicanguitarplayers.com\\\/#organization\"},\"potentialAction\":[{\"@type\":\"SearchAction\",\"target\":{\"@type\":\"EntryPoint\",\"urlTemplate\":\"https:\\\/\\\/www.mexicanguitarplayers.com\\\/?s={search_term_string}\"},\"query-input\":{\"@type\":\"PropertyValueSpecification\",\"valueRequired\":true,\"valueName\":\"search_term_string\"}}],\"inLanguage\":\"en-US\"},{\"@type\":\"Organization\",\"@id\":\"https:\\\/\\\/www.mexicanguitarplayers.com\\\/#organization\",\"name\":\"Mexican Guitar Players\",\"url\":\"https:\\\/\\\/www.mexicanguitarplayers.com\\\/\",\"logo\":{\"@type\":\"ImageObject\",\"inLanguage\":\"en-US\",\"@id\":\"https:\\\/\\\/www.mexicanguitarplayers.com\\\/#\\\/schema\\\/logo\\\/image\\\/\",\"url\":\"\",\"contentUrl\":\"\",\"caption\":\"Mexican Guitar Players\"},\"image\":{\"@id\":\"https:\\\/\\\/www.mexicanguitarplayers.com\\\/#\\\/schema\\\/logo\\\/image\\\/\"}}]}<\/script>\n<!-- \/ Yoast SEO plugin. -->","yoast_head_json":{"title":"TECLADO CASIO PORTATIL  LK-100 - Mexican Guitar Players","description":"Teclado Casio. Modelo: LK.100. Con eliminador. 61 teclas con iluminaci\u00f3n, 12 notas de polifon\u00eda, 100 tonos, 50 ritmos, 100 canciones, display LCD, dos bocinas,sistema de lecciones de 3 pasos, jack para micr\u00f3fono con control de volumen, MIDI y auto acompa\u00f1amiento.","robots":{"index":"index","follow":"follow","max-snippet":"max-snippet:-1","max-image-preview":"max-image-preview:large","max-video-preview":"max-video-preview:-1"},"canonical":"https:\/\/www.mexicanguitarplayers.com\/en\/tienda\/sin categor\u00eda\/teclado-casio-portatil-lk-100\/","og_locale":"en_US","og_type":"article","og_title":"TECLADO CASIO PORTATIL  LK-100 - Mexican Guitar Players","og_description":"Teclado Casio. Modelo: LK.100. Con eliminador. 61 teclas con iluminaci\u00f3n, 12 notas de polifon\u00eda, 100 tonos, 50 ritmos, 100 canciones, display LCD, dos bocinas,sistema de lecciones de 3 pasos, jack para micr\u00f3fono con control de volumen, MIDI y auto acompa\u00f1amiento.","og_url":"https:\/\/www.mexicanguitarplayers.com\/en\/tienda\/sin categor\u00eda\/teclado-casio-portatil-lk-100\/","og_site_name":"Mexican Guitar Players","twitter_card":"summary_large_image","twitter_misc":{"Est. reading time":"2 minutes"},"schema":{"@context":"https:\/\/schema.org","@graph":[{"@type":["WebPage","ItemPage"],"@id":"https:\/\/www.mexicanguitarplayers.com\/tienda\/sin categor\u00eda\/teclado-casio-portatil-lk-100\/","url":"https:\/\/www.mexicanguitarplayers.com\/tienda\/sin categor\u00eda\/teclado-casio-portatil-lk-100\/","name":"TECLADO CASIO PORTATIL LK-100 - Mexican Guitar Players","isPartOf":{"@id":"https:\/\/www.mexicanguitarplayers.com\/#website"},"primaryImageOfPage":{"@id":"https:\/\/www.mexicanguitarplayers.com\/tienda\/sin categor\u00eda\/teclado-casio-portatil-lk-100\/#primaryimage"},"image":{"@id":"https:\/\/www.mexicanguitarplayers.com\/tienda\/sin categor\u00eda\/teclado-casio-portatil-lk-100\/#primaryimage"},"thumbnailUrl":"https:\/\/www.mexicanguitarplayers.com\/wp-content\/uploads\/2025\/04\/ITCASLK100.jpg","datePublished":"2025-04-09T03:21:00+00:00","description":"Teclado Casio. Modelo: LK.100. Con eliminador. 61 teclas con iluminaci\u00f3n, 12 notas de polifon\u00eda, 100 tonos, 50 ritmos, 100 canciones, display LCD, dos bocinas,sistema de lecciones de 3 pasos, jack para micr\u00f3fono con control de volumen, MIDI y auto acompa\u00f1amiento.","breadcrumb":{"@id":"https:\/\/www.mexicanguitarplayers.com\/tienda\/sin categor\u00eda\/teclado-casio-portatil-lk-100\/#breadcrumb"},"inLanguage":"en-US","potentialAction":[{"@type":"ReadAction","target":["https:\/\/www.mexicanguitarplayers.com\/tienda\/sin categor\u00eda\/teclado-casio-portatil-lk-100\/"]}]},{"@type":"ImageObject","inLanguage":"en-US","@id":"https:\/\/www.mexicanguitarplayers.com\/tienda\/sin categor\u00eda\/teclado-casio-portatil-lk-100\/#primaryimage","url":"https:\/\/www.mexicanguitarplayers.com\/wp-content\/uploads\/2025\/04\/ITCASLK100.jpg","contentUrl":"https:\/\/www.mexicanguitarplayers.com\/wp-content\/uploads\/2025\/04\/ITCASLK100.jpg","width":1600,"height":800},{"@type":"BreadcrumbList","@id":"https:\/\/www.mexicanguitarplayers.com\/tienda\/sin categor\u00eda\/teclado-casio-portatil-lk-100\/#breadcrumb","itemListElement":[{"@type":"ListItem","position":1,"name":"Portada","item":"https:\/\/www.mexicanguitarplayers.com\/"},{"@type":"ListItem","position":2,"name":"Tienda","item":"https:\/\/www.mexicanguitarplayers.com\/tienda\/"},{"@type":"ListItem","position":3,"name":"TECLADO CASIO PORTATIL LK-100"}]},{"@type":"WebSite","@id":"https:\/\/www.mexicanguitarplayers.com\/#website","url":"https:\/\/www.mexicanguitarplayers.com\/","name":"Mexican Guitar Players","description":"Website","publisher":{"@id":"https:\/\/www.mexicanguitarplayers.com\/#organization"},"potentialAction":[{"@type":"SearchAction","target":{"@type":"EntryPoint","urlTemplate":"https:\/\/www.mexicanguitarplayers.com\/?s={search_term_string}"},"query-input":{"@type":"PropertyValueSpecification","valueRequired":true,"valueName":"search_term_string"}}],"inLanguage":"en-US"},{"@type":"Organization","@id":"https:\/\/www.mexicanguitarplayers.com\/#organization","name":"Mexican Guitar Players","url":"https:\/\/www.mexicanguitarplayers.com\/","logo":{"@type":"ImageObject","inLanguage":"en-US","@id":"https:\/\/www.mexicanguitarplayers.com\/#\/schema\/logo\/image\/","url":"","contentUrl":"","caption":"Mexican Guitar Players"},"image":{"@id":"https:\/\/www.mexicanguitarplayers.com\/#\/schema\/logo\/image\/"}}]}},"brands":[{"id":274,"name":"CASIO","slug":"casio"}],"_links":{"self":[{"href":"https:\/\/www.mexicanguitarplayers.com\/en\/wp-json\/wp\/v2\/product\/33463","targetHints":{"allow":["GET"]}}],"collection":[{"href":"https:\/\/www.mexicanguitarplayers.com\/en\/wp-json\/wp\/v2\/product"}],"about":[{"href":"https:\/\/www.mexicanguitarplayers.com\/en\/wp-json\/wp\/v2\/types\/product"}],"replies":[{"embeddable":true,"href":"https:\/\/www.mexicanguitarplayers.com\/en\/wp-json\/wp\/v2\/comments?post=33463"}],"wp:featuredmedia":[{"embeddable":true,"href":"https:\/\/www.mexicanguitarplayers.com\/en\/wp-json\/wp\/v2\/media\/33462"}],"wp:attachment":[{"href":"https:\/\/www.mexicanguitarplayers.com\/en\/wp-json\/wp\/v2\/media?parent=33463"}],"wp:term":[{"taxonomy":"pwb-brand","embeddable":true,"href":"https:\/\/www.mexicanguitarplayers.com\/en\/wp-json\/wp\/v2\/pwb-brand?post=33463"},{"taxonomy":"product_brand","embeddable":true,"href":"https:\/\/www.mexicanguitarplayers.com\/en\/wp-json\/wp\/v2\/product_brand?post=33463"},{"taxonomy":"product_cat","embeddable":true,"href":"https:\/\/www.mexicanguitarplayers.com\/en\/wp-json\/wp\/v2\/product_cat?post=33463"},{"taxonomy":"product_tag","embeddable":true,"href":"https:\/\/www.mexicanguitarplayers.com\/en\/wp-json\/wp\/v2\/product_tag?post=33463"}],"curies":[{"name":"wp","href":"https:\/\/api.w.org\/{rel}","templated":true}]}}