{"id":33536,"date":"2025-04-08T21:22:53","date_gmt":"2025-04-09T03:22:53","guid":{"rendered":"https:\/\/www.mexicanguitarplayers.com\/tienda\/sin categor\u00eda\/microfono-behringer-mod-b-5\/"},"modified":"2026-04-22T13:15:06","modified_gmt":"2026-04-22T19:15:06","slug":"microfono-behringer-mod-b-5","status":"publish","type":"product","link":"https:\/\/www.mexicanguitarplayers.com\/en\/tienda\/accesorios\/stands\/para-instrumento-stands\/microfono-behringer-mod-b-5\/","title":{"rendered":"MICROFONO BEHRINGER MOD. B-5"},"content":{"rendered":"<div style=\"text-align: justify\">\n<div>\n<h3>Herramientas de producci\u00f3n para tu creatividad.<\/h3>\n<\/div>\n<div>El micr\u00f3fono de diafragma \u00fanico B-5 es el sue\u00f1o de entusiastas de la grabaci\u00f3n en casa. Viene con c\u00e1psulas cardioide y omnidireccional intercambiables, lo que lo convierte en un fant\u00e1stico micr\u00f3fono universal de condensador. Est\u00e1 dise\u00f1ado para capturar tus sonidos con incre\u00edble realismo, sensibilidad y precisi\u00f3n y es perfecto para instrumentos ac\u00fasticos, voces y overheads y lo suficientemente robusto para ir contigo de gira. Con un montaje de suspensi\u00f3n resistente y anti viento incluidos, el B-5 es el micr\u00f3fono que tu estudio necesita. \u00bfQu\u00e9 es un micr\u00f3fono de condensador? Los micr\u00f3fonos de condensador son la opci\u00f3n ideal para capturar voces e instrumentos ac\u00fasticos. Son el tipo principal de micr\u00f3fono utilizado en estudios de grabaci\u00f3n y emisoras de radio. Los micr\u00f3fonos B-5 son capaces de capturar mucho m\u00e1s detalle que la mayor\u00eda de los micr\u00f3fonos din\u00e1micos debido a su mayor y m\u00e1s plana respuesta de frecuencia. Otra diferencia entre el condensador y los micr\u00f3fonos din\u00e1micos es que contienen circuitos activos que requieren alimentaci\u00f3n phantom (+48 V) para poder funcionamiento. Puedes alimentar tu B-5 con cualquier mezcladora Behringer Xenyx equipada con alimentaci\u00f3n phantom, adem\u00e1s de disfrutar de los beneficios de nuestros preamplificadores Xenyx de \u00faltima generaci\u00f3n para micr\u00f3fono. \u00bfPor qu\u00e9 el B5? El micr\u00f3fono de condensador B-5 es una forma asequible y de alta calidad para obtener lo que realmente est\u00e1s escuchando. Viene con 2 c\u00e1psulas intercambiables: Omni: Captura el sonido desde todas las direcciones. Cardioide: Recoge la se\u00f1al de origen y rechaza el sonido fuera del eje. Con su excelente transductor y salida XLR chapada en oro, el B-5 tiene un sonido muy neutral y realmente cumple con la promesa de una transmisi\u00f3n libre de ruido. Tambi\u00e9n cuenta con un atenuador conmutable de -10 dB para capturar fuentes de se\u00f1al de alto volumen sin distorsi\u00f3n, as\u00ed como un filtro de corte bajo para eliminar los infra s\u00f3nicos causador por el retumbo del piso y otras turbulencias. Pero eso no es todo. El micr\u00f3fono B-5 est\u00e1 dise\u00f1ado para ser tu micr\u00f3fono de condensador durante muchos a\u00f1os. El duro cuerpo de metal fundido puede soportar todos los rigores de los maratones de grabaci\u00f3n de \u00faltima hora y su estuche de transporte incluido, asegura que siempre viaje con seguridad y estilo. El micr\u00f3fono de condensador B-5 con grado de estudio, es una excelente opci\u00f3n tanto para aplicaciones en vivo como en estudio y est\u00e1 disponible a un precio que te dejar\u00e1 suficiente dinero como para asegurar otros elementos esenciales de grabaci\u00f3n.<\/div>\n<div>\n<h4>Quick look<\/h4>\n<\/div>\n<ul style=\"margin: 0px 0px 0px 25px\">\n<li style=\"list-style-type: circle;margin: 5px\">Kind.<\/li>\n<li style=\"list-style-type: circle;margin: 5px\">Principio de funcionamiento.<\/li>\n<li style=\"list-style-type: circle;margin: 5px\">Polar pattern.<\/li>\n<li style=\"list-style-type: circle;margin: 5px\">Conexi\u00f3n.<\/li>\n<li style=\"list-style-type: circle;margin: 5px\">Sensibilidad de circuito abierto.<\/li>\n<li style=\"list-style-type: circle;margin: 5px\">Signal to noise ratio.<\/li>\n<li style=\"list-style-type: circle;margin: 5px\">Tensi\u00f3n de red \/ Fusible.<\/li>\n<li style=\"list-style-type: circle;margin: 5px\">Dimensions.<\/li>\n<li style=\"list-style-type: circle;margin: 5px\">Weight.<\/li>\n<\/ul>\n<div>\n<div style=\"font-weight: bold\">Kind.<\/div>\n<div>\n<p>Condensador, 18 mm diafragma simple.<\/p>\n<\/div>\n<div style=\"font-weight: bold\">Principio de funcionamiento.<\/div>\n<div>\n<p>Cardioide: Gradiente de presi\u00f3n Omni: Operaci\u00f3n por presi\u00f3n.<\/p>\n<\/div>\n<div style=\"font-weight: bold\">Polar pattern.<\/div>\n<div>\n<p>1 cardioide y 1 omnidireccional cambiable.<\/p>\n<\/div>\n<div style=\"font-weight: bold\">Conexi\u00f3n.<\/div>\n<div>\n<p>Conector XLR balanceado chapado en oro.<\/p>\n<\/div>\n<div style=\"font-weight: bold\">Sensibilidad de circuito abierto.<\/div>\n<div>\n<p>Cardioide: -38 dBV (0 dBV = 1 V\/Pa), 12,6 mV\/Pa. Omnidireccional: -40 dBV (0 dBV = 1 V\/Pa), 10 mV\/Pa. Respuesta de frecuencia: 20 Hz &#8211; 20 kHz. Nivel de atenuaci\u00f3n: -10 dB (conmutable). Filtro low-cut: 6 dB\/Oct en 150 Hz (seleccionable). SPL m\u00e1ximo (1% THD @ 1 kHz): 140 dB (0 dB), 150 dB (-10 dB). SPL equivalente (IEC 651): 16 dB-A (cardioide), 18 dB-a (omnidireccional).<\/p>\n<\/div>\n<div style=\"font-weight: bold\">Signal to noise ratio.<\/div>\n<div>\n<p>Cardioide: 78 dB-A ponderado. Omnidireccional: 76 dB-A ponderado. Impedancia nominal: 70 ohms. Impedancia de carga: &gt;1 kohm.<\/p>\n<\/div>\n<div style=\"font-weight: bold\">Tensi\u00f3n de red \/ Fusible.<\/div>\n<div>\n<p>Voltaje: +48 V. Toma de corriente: 3 mA.<\/p>\n<\/div>\n<div style=\"font-weight: bold\">Dimensions.<\/div>\n<div>\n<p>20 x 120 mm.<\/p>\n<\/div>\n<div style=\"font-weight: bold\">Weight.<\/div>\n<div>\n<p>240 g.<\/p>\n<\/div>\n<\/div>\n<\/div>","protected":false},"excerpt":{"rendered":"<p>Micr\u00f3fono de condensador para estudio con diafragma Gold-sputtered, ideal como micr\u00f3fono principal y de soporte para aplicaciones en vivo y en estudio, perfecto para instrumentos ac\u00fasticos y overhead, 2 c\u00e1psulas intercambiables con patrones de captaci\u00f3n cardioide y omnidireccional, transductor gradiente de presi\u00f3n con c\u00e1psula de diafragma shock-mounted gold-sputtered, reducci\u00f3n conmutable de baja frecuencia y atenuaci\u00f3n de entrada, entrada FET de bajo ruido sin transformador que elimina la distorsi\u00f3n de baja frecuencia, conector de salida XLR de 3 pines chapado en oro para mayor integridad de la se\u00f1al, construcci\u00f3n robusta con cuerpo de lat\u00f3n niquelado satinado, incluye adaptador de soporte, anti viento y estuche de transporte.&hellip; <a class=\"kt-excerpt-readmore more-link\" href=\"https:\/\/www.mexicanguitarplayers.com\/en\/tienda\/accesorios\/stands\/para-instrumento-stands\/microfono-behringer-mod-b-5\/\">Read more<\/a><\/p>","protected":false},"featured_media":33534,"comment_status":"open","ping_status":"closed","template":"","meta":{"kt_blocks_editor_width":""},"pwb-brand":[171],"product_brand":[],"product_cat":[213,214,215,510],"product_tag":[],"class_list":{"0":"post-33536","1":"product","2":"type-product","3":"status-publish","4":"has-post-thumbnail","6":"pwb-brand-behringer","7":"product_cat-audio","8":"product_cat-microfonia","9":"product_cat-microfonos-alambricos","10":"product_cat-para-instrumento-stands","11":"product_shipping_class-0-5-kg","13":"first","14":"outofstock","15":"taxable","16":"shipping-taxable","17":"purchasable","18":"product-type-simple"},"yoast_head":"<!-- This site is optimized with the Yoast SEO plugin v27.5 - https:\/\/yoast.com\/product\/yoast-seo-wordpress\/ -->\n<title>MICROFONO BEHRINGER MOD. B-5 - Mexican Guitar Players<\/title>\n<meta name=\"description\" content=\"Micr\u00f3fono de condensador para estudio con diafragma Gold-sputtered, ideal como micr\u00f3fono principal y de soporte para aplicaciones en vivo y en estudio, perfecto para instrumentos ac\u00fasticos y overhead, 2 c\u00e1psulas intercambiables con patrones de captaci\u00f3n cardioide y omnidireccional, transductor gradiente de presi\u00f3n con c\u00e1psula de diafragma shock-mounted gold-sputtered, reducci\u00f3n conmutable de baja frecuencia y atenuaci\u00f3n de entrada, entrada FET de bajo ruido sin transformador que elimina la distorsi\u00f3n de baja frecuencia, conector de salida XLR de 3 pines chapado en oro para mayor integridad de la se\u00f1al, construcci\u00f3n robusta con cuerpo de lat\u00f3n niquelado satinado, incluye adaptador de soporte, anti viento y estuche de transporte.\" \/>\n<meta name=\"robots\" content=\"index, follow, max-snippet:-1, max-image-preview:large, max-video-preview:-1\" \/>\n<link rel=\"canonical\" href=\"https:\/\/www.mexicanguitarplayers.com\/en\/tienda\/sin%20categor\u00eda\/microfono-behringer-mod-b-5\/\" \/>\n<meta property=\"og:locale\" content=\"en_US\" \/>\n<meta property=\"og:type\" content=\"article\" \/>\n<meta property=\"og:title\" content=\"MICROFONO BEHRINGER MOD. B-5 - Mexican Guitar Players\" \/>\n<meta property=\"og:description\" content=\"Micr\u00f3fono de condensador para estudio con diafragma Gold-sputtered, ideal como micr\u00f3fono principal y de soporte para aplicaciones en vivo y en estudio, perfecto para instrumentos ac\u00fasticos y overhead, 2 c\u00e1psulas intercambiables con patrones de captaci\u00f3n cardioide y omnidireccional, transductor gradiente de presi\u00f3n con c\u00e1psula de diafragma shock-mounted gold-sputtered, reducci\u00f3n conmutable de baja frecuencia y atenuaci\u00f3n de entrada, entrada FET de bajo ruido sin transformador que elimina la distorsi\u00f3n de baja frecuencia, conector de salida XLR de 3 pines chapado en oro para mayor integridad de la se\u00f1al, construcci\u00f3n robusta con cuerpo de lat\u00f3n niquelado satinado, incluye adaptador de soporte, anti viento y estuche de transporte.\" \/>\n<meta property=\"og:url\" content=\"https:\/\/www.mexicanguitarplayers.com\/en\/tienda\/sin categor\u00eda\/microfono-behringer-mod-b-5\/\" \/>\n<meta property=\"og:site_name\" content=\"Mexican Guitar Players\" \/>\n<meta property=\"article:modified_time\" content=\"2026-04-22T19:15:06+00:00\" \/>\n<meta name=\"twitter:card\" content=\"summary_large_image\" \/>\n<meta name=\"twitter:label1\" content=\"Est. reading time\" \/>\n\t<meta name=\"twitter:data1\" content=\"3 minutes\" \/>\n<script type=\"application\/ld+json\" class=\"yoast-schema-graph\">{\"@context\":\"https:\\\/\\\/schema.org\",\"@graph\":[{\"@type\":[\"WebPage\",\"ItemPage\"],\"@id\":\"https:\\\/\\\/www.mexicanguitarplayers.com\\\/tienda\\\/sin categor\u00eda\\\/microfono-behringer-mod-b-5\\\/\",\"url\":\"https:\\\/\\\/www.mexicanguitarplayers.com\\\/tienda\\\/sin categor\u00eda\\\/microfono-behringer-mod-b-5\\\/\",\"name\":\"MICROFONO BEHRINGER MOD. B-5 - Mexican Guitar Players\",\"isPartOf\":{\"@id\":\"https:\\\/\\\/www.mexicanguitarplayers.com\\\/#website\"},\"primaryImageOfPage\":{\"@id\":\"https:\\\/\\\/www.mexicanguitarplayers.com\\\/tienda\\\/sin categor\u00eda\\\/microfono-behringer-mod-b-5\\\/#primaryimage\"},\"image\":{\"@id\":\"https:\\\/\\\/www.mexicanguitarplayers.com\\\/tienda\\\/sin categor\u00eda\\\/microfono-behringer-mod-b-5\\\/#primaryimage\"},\"thumbnailUrl\":\"https:\\\/\\\/www.mexicanguitarplayers.com\\\/wp-content\\\/uploads\\\/2025\\\/04\\\/IABEHB5.jpg\",\"datePublished\":\"2025-04-09T03:22:53+00:00\",\"dateModified\":\"2026-04-22T19:15:06+00:00\",\"description\":\"Micr\u00f3fono de condensador para estudio con diafragma Gold-sputtered, ideal como micr\u00f3fono principal y de soporte para aplicaciones en vivo y en estudio, perfecto para instrumentos ac\u00fasticos y overhead, 2 c\u00e1psulas intercambiables con patrones de captaci\u00f3n cardioide y omnidireccional, transductor gradiente de presi\u00f3n con c\u00e1psula de diafragma shock-mounted gold-sputtered, reducci\u00f3n conmutable de baja frecuencia y atenuaci\u00f3n de entrada, entrada FET de bajo ruido sin transformador que elimina la distorsi\u00f3n de baja frecuencia, conector de salida XLR de 3 pines chapado en oro para mayor integridad de la se\u00f1al, construcci\u00f3n robusta con cuerpo de lat\u00f3n niquelado satinado, incluye adaptador de soporte, anti viento y estuche de transporte.\",\"breadcrumb\":{\"@id\":\"https:\\\/\\\/www.mexicanguitarplayers.com\\\/tienda\\\/sin categor\u00eda\\\/microfono-behringer-mod-b-5\\\/#breadcrumb\"},\"inLanguage\":\"en-US\",\"potentialAction\":[{\"@type\":\"ReadAction\",\"target\":[\"https:\\\/\\\/www.mexicanguitarplayers.com\\\/tienda\\\/sin categor\u00eda\\\/microfono-behringer-mod-b-5\\\/\"]}]},{\"@type\":\"ImageObject\",\"inLanguage\":\"en-US\",\"@id\":\"https:\\\/\\\/www.mexicanguitarplayers.com\\\/tienda\\\/sin categor\u00eda\\\/microfono-behringer-mod-b-5\\\/#primaryimage\",\"url\":\"https:\\\/\\\/www.mexicanguitarplayers.com\\\/wp-content\\\/uploads\\\/2025\\\/04\\\/IABEHB5.jpg\",\"contentUrl\":\"https:\\\/\\\/www.mexicanguitarplayers.com\\\/wp-content\\\/uploads\\\/2025\\\/04\\\/IABEHB5.jpg\",\"width\":800,\"height\":1600},{\"@type\":\"BreadcrumbList\",\"@id\":\"https:\\\/\\\/www.mexicanguitarplayers.com\\\/tienda\\\/sin categor\u00eda\\\/microfono-behringer-mod-b-5\\\/#breadcrumb\",\"itemListElement\":[{\"@type\":\"ListItem\",\"position\":1,\"name\":\"Portada\",\"item\":\"https:\\\/\\\/www.mexicanguitarplayers.com\\\/\"},{\"@type\":\"ListItem\",\"position\":2,\"name\":\"Tienda\",\"item\":\"https:\\\/\\\/www.mexicanguitarplayers.com\\\/tienda\\\/\"},{\"@type\":\"ListItem\",\"position\":3,\"name\":\"MICROFONO BEHRINGER MOD. B-5\"}]},{\"@type\":\"WebSite\",\"@id\":\"https:\\\/\\\/www.mexicanguitarplayers.com\\\/#website\",\"url\":\"https:\\\/\\\/www.mexicanguitarplayers.com\\\/\",\"name\":\"Mexican Guitar Players\",\"description\":\"Website\",\"publisher\":{\"@id\":\"https:\\\/\\\/www.mexicanguitarplayers.com\\\/#organization\"},\"potentialAction\":[{\"@type\":\"SearchAction\",\"target\":{\"@type\":\"EntryPoint\",\"urlTemplate\":\"https:\\\/\\\/www.mexicanguitarplayers.com\\\/?s={search_term_string}\"},\"query-input\":{\"@type\":\"PropertyValueSpecification\",\"valueRequired\":true,\"valueName\":\"search_term_string\"}}],\"inLanguage\":\"en-US\"},{\"@type\":\"Organization\",\"@id\":\"https:\\\/\\\/www.mexicanguitarplayers.com\\\/#organization\",\"name\":\"Mexican Guitar Players\",\"url\":\"https:\\\/\\\/www.mexicanguitarplayers.com\\\/\",\"logo\":{\"@type\":\"ImageObject\",\"inLanguage\":\"en-US\",\"@id\":\"https:\\\/\\\/www.mexicanguitarplayers.com\\\/#\\\/schema\\\/logo\\\/image\\\/\",\"url\":\"\",\"contentUrl\":\"\",\"caption\":\"Mexican Guitar Players\"},\"image\":{\"@id\":\"https:\\\/\\\/www.mexicanguitarplayers.com\\\/#\\\/schema\\\/logo\\\/image\\\/\"}}]}<\/script>\n<!-- \/ Yoast SEO plugin. -->","yoast_head_json":{"title":"MICROFONO BEHRINGER MOD. B-5 - Mexican Guitar Players","description":"Micr\u00f3fono de condensador para estudio con diafragma Gold-sputtered, ideal como micr\u00f3fono principal y de soporte para aplicaciones en vivo y en estudio, perfecto para instrumentos ac\u00fasticos y overhead, 2 c\u00e1psulas intercambiables con patrones de captaci\u00f3n cardioide y omnidireccional, transductor gradiente de presi\u00f3n con c\u00e1psula de diafragma shock-mounted gold-sputtered, reducci\u00f3n conmutable de baja frecuencia y atenuaci\u00f3n de entrada, entrada FET de bajo ruido sin transformador que elimina la distorsi\u00f3n de baja frecuencia, conector de salida XLR de 3 pines chapado en oro para mayor integridad de la se\u00f1al, construcci\u00f3n robusta con cuerpo de lat\u00f3n niquelado satinado, incluye adaptador de soporte, anti viento y estuche de transporte.","robots":{"index":"index","follow":"follow","max-snippet":"max-snippet:-1","max-image-preview":"max-image-preview:large","max-video-preview":"max-video-preview:-1"},"canonical":"https:\/\/www.mexicanguitarplayers.com\/en\/tienda\/sin categor\u00eda\/microfono-behringer-mod-b-5\/","og_locale":"en_US","og_type":"article","og_title":"MICROFONO BEHRINGER MOD. B-5 - Mexican Guitar Players","og_description":"Micr\u00f3fono de condensador para estudio con diafragma Gold-sputtered, ideal como micr\u00f3fono principal y de soporte para aplicaciones en vivo y en estudio, perfecto para instrumentos ac\u00fasticos y overhead, 2 c\u00e1psulas intercambiables con patrones de captaci\u00f3n cardioide y omnidireccional, transductor gradiente de presi\u00f3n con c\u00e1psula de diafragma shock-mounted gold-sputtered, reducci\u00f3n conmutable de baja frecuencia y atenuaci\u00f3n de entrada, entrada FET de bajo ruido sin transformador que elimina la distorsi\u00f3n de baja frecuencia, conector de salida XLR de 3 pines chapado en oro para mayor integridad de la se\u00f1al, construcci\u00f3n robusta con cuerpo de lat\u00f3n niquelado satinado, incluye adaptador de soporte, anti viento y estuche de transporte.","og_url":"https:\/\/www.mexicanguitarplayers.com\/en\/tienda\/sin categor\u00eda\/microfono-behringer-mod-b-5\/","og_site_name":"Mexican Guitar Players","article_modified_time":"2026-04-22T19:15:06+00:00","twitter_card":"summary_large_image","twitter_misc":{"Est. reading time":"3 minutes"},"schema":{"@context":"https:\/\/schema.org","@graph":[{"@type":["WebPage","ItemPage"],"@id":"https:\/\/www.mexicanguitarplayers.com\/tienda\/sin categor\u00eda\/microfono-behringer-mod-b-5\/","url":"https:\/\/www.mexicanguitarplayers.com\/tienda\/sin categor\u00eda\/microfono-behringer-mod-b-5\/","name":"MICROFONO BEHRINGER MOD. B-5 - Mexican Guitar Players","isPartOf":{"@id":"https:\/\/www.mexicanguitarplayers.com\/#website"},"primaryImageOfPage":{"@id":"https:\/\/www.mexicanguitarplayers.com\/tienda\/sin categor\u00eda\/microfono-behringer-mod-b-5\/#primaryimage"},"image":{"@id":"https:\/\/www.mexicanguitarplayers.com\/tienda\/sin categor\u00eda\/microfono-behringer-mod-b-5\/#primaryimage"},"thumbnailUrl":"https:\/\/www.mexicanguitarplayers.com\/wp-content\/uploads\/2025\/04\/IABEHB5.jpg","datePublished":"2025-04-09T03:22:53+00:00","dateModified":"2026-04-22T19:15:06+00:00","description":"Micr\u00f3fono de condensador para estudio con diafragma Gold-sputtered, ideal como micr\u00f3fono principal y de soporte para aplicaciones en vivo y en estudio, perfecto para instrumentos ac\u00fasticos y overhead, 2 c\u00e1psulas intercambiables con patrones de captaci\u00f3n cardioide y omnidireccional, transductor gradiente de presi\u00f3n con c\u00e1psula de diafragma shock-mounted gold-sputtered, reducci\u00f3n conmutable de baja frecuencia y atenuaci\u00f3n de entrada, entrada FET de bajo ruido sin transformador que elimina la distorsi\u00f3n de baja frecuencia, conector de salida XLR de 3 pines chapado en oro para mayor integridad de la se\u00f1al, construcci\u00f3n robusta con cuerpo de lat\u00f3n niquelado satinado, incluye adaptador de soporte, anti viento y estuche de transporte.","breadcrumb":{"@id":"https:\/\/www.mexicanguitarplayers.com\/tienda\/sin categor\u00eda\/microfono-behringer-mod-b-5\/#breadcrumb"},"inLanguage":"en-US","potentialAction":[{"@type":"ReadAction","target":["https:\/\/www.mexicanguitarplayers.com\/tienda\/sin categor\u00eda\/microfono-behringer-mod-b-5\/"]}]},{"@type":"ImageObject","inLanguage":"en-US","@id":"https:\/\/www.mexicanguitarplayers.com\/tienda\/sin categor\u00eda\/microfono-behringer-mod-b-5\/#primaryimage","url":"https:\/\/www.mexicanguitarplayers.com\/wp-content\/uploads\/2025\/04\/IABEHB5.jpg","contentUrl":"https:\/\/www.mexicanguitarplayers.com\/wp-content\/uploads\/2025\/04\/IABEHB5.jpg","width":800,"height":1600},{"@type":"BreadcrumbList","@id":"https:\/\/www.mexicanguitarplayers.com\/tienda\/sin categor\u00eda\/microfono-behringer-mod-b-5\/#breadcrumb","itemListElement":[{"@type":"ListItem","position":1,"name":"Portada","item":"https:\/\/www.mexicanguitarplayers.com\/"},{"@type":"ListItem","position":2,"name":"Tienda","item":"https:\/\/www.mexicanguitarplayers.com\/tienda\/"},{"@type":"ListItem","position":3,"name":"MICROFONO BEHRINGER MOD. B-5"}]},{"@type":"WebSite","@id":"https:\/\/www.mexicanguitarplayers.com\/#website","url":"https:\/\/www.mexicanguitarplayers.com\/","name":"Mexican Guitar Players","description":"Website","publisher":{"@id":"https:\/\/www.mexicanguitarplayers.com\/#organization"},"potentialAction":[{"@type":"SearchAction","target":{"@type":"EntryPoint","urlTemplate":"https:\/\/www.mexicanguitarplayers.com\/?s={search_term_string}"},"query-input":{"@type":"PropertyValueSpecification","valueRequired":true,"valueName":"search_term_string"}}],"inLanguage":"en-US"},{"@type":"Organization","@id":"https:\/\/www.mexicanguitarplayers.com\/#organization","name":"Mexican Guitar Players","url":"https:\/\/www.mexicanguitarplayers.com\/","logo":{"@type":"ImageObject","inLanguage":"en-US","@id":"https:\/\/www.mexicanguitarplayers.com\/#\/schema\/logo\/image\/","url":"","contentUrl":"","caption":"Mexican Guitar Players"},"image":{"@id":"https:\/\/www.mexicanguitarplayers.com\/#\/schema\/logo\/image\/"}}]}},"brands":[{"id":171,"name":"BEHRINGER","slug":"behringer"}],"_links":{"self":[{"href":"https:\/\/www.mexicanguitarplayers.com\/en\/wp-json\/wp\/v2\/product\/33536","targetHints":{"allow":["GET"]}}],"collection":[{"href":"https:\/\/www.mexicanguitarplayers.com\/en\/wp-json\/wp\/v2\/product"}],"about":[{"href":"https:\/\/www.mexicanguitarplayers.com\/en\/wp-json\/wp\/v2\/types\/product"}],"replies":[{"embeddable":true,"href":"https:\/\/www.mexicanguitarplayers.com\/en\/wp-json\/wp\/v2\/comments?post=33536"}],"wp:featuredmedia":[{"embeddable":true,"href":"https:\/\/www.mexicanguitarplayers.com\/en\/wp-json\/wp\/v2\/media\/33534"}],"wp:attachment":[{"href":"https:\/\/www.mexicanguitarplayers.com\/en\/wp-json\/wp\/v2\/media?parent=33536"}],"wp:term":[{"taxonomy":"pwb-brand","embeddable":true,"href":"https:\/\/www.mexicanguitarplayers.com\/en\/wp-json\/wp\/v2\/pwb-brand?post=33536"},{"taxonomy":"product_brand","embeddable":true,"href":"https:\/\/www.mexicanguitarplayers.com\/en\/wp-json\/wp\/v2\/product_brand?post=33536"},{"taxonomy":"product_cat","embeddable":true,"href":"https:\/\/www.mexicanguitarplayers.com\/en\/wp-json\/wp\/v2\/product_cat?post=33536"},{"taxonomy":"product_tag","embeddable":true,"href":"https:\/\/www.mexicanguitarplayers.com\/en\/wp-json\/wp\/v2\/product_tag?post=33536"}],"curies":[{"name":"wp","href":"https:\/\/api.w.org\/{rel}","templated":true}]}}