{"id":33591,"date":"2025-04-08T21:24:10","date_gmt":"2025-04-09T03:24:10","guid":{"rendered":"https:\/\/www.mexicanguitarplayers.com\/tienda\/sin categor\u00eda\/driver-beyma-1-4-mod-cd1014fe-n\/"},"modified":"2026-01-21T04:18:01","modified_gmt":"2026-01-21T10:18:01","slug":"driver-beyma-1-4-mod-cd1014fe-n","status":"publish","type":"product","link":"https:\/\/www.mexicanguitarplayers.com\/en\/tienda\/audio\/bafles-y-bocinas\/bocinas-y-componentes\/agudos\/driver-beyma-1-4-mod-cd1014fe-n\/","title":{"rendered":"DRIVER BEYMA  1.4   MOD. CD1014FE\/N"},"content":{"rendered":"<div style=\"text-align: justify\">\n<div>\n<h3>Agudos de alto alcance.<\/h3>\n<\/div>\n<div>Este driver de compresi\u00f3n de alta frecuencia cuenta con un diafragma de pol\u00edmero PM-4, bobina de aluminio e im\u00e1n de ferrita con la que resulta en una respuesta de frecuencia extremadamente suave y extendida respuesta de frecuencia alta.<\/div>\n<div>\n<h4>Quick look<\/h4>\n<\/div>\n<ul style=\"margin: 0px 0px 0px 25px\">\n<li style=\"list-style-type: circle;margin: 5px\">Di\u00e1metro de la garganta.<\/li>\n<li style=\"list-style-type: circle;margin: 5px\">Nominal impedance.<\/li>\n<li style=\"list-style-type: circle;margin: 5px\">Impedancia m\u00ednima.<\/li>\n<li style=\"list-style-type: circle;margin: 5px\">Resistencia.<\/li>\n<li style=\"list-style-type: circle;margin: 5px\">Power.<\/li>\n<li style=\"list-style-type: circle;margin: 5px\">Sensitivity.<\/li>\n<li style=\"list-style-type: circle;margin: 5px\">Rango de frecuencia.<\/li>\n<li style=\"list-style-type: circle;margin: 5px\">Frecuencia recomendada de crossover.<\/li>\n<li style=\"list-style-type: circle;margin: 5px\">Di\u00e1metro de la bobina m\u00f3vil.<\/li>\n<li style=\"list-style-type: circle;margin: 5px\">Densidad de flujo.<\/li>\n<li style=\"list-style-type: circle;margin: 5px\">Factor BL.<\/li>\n<li style=\"list-style-type: circle;margin: 5px\">Material del diafragma.<\/li>\n<li style=\"list-style-type: circle;margin: 5px\">Di\u00e1metro externo.<\/li>\n<li style=\"list-style-type: circle;margin: 5px\">Profundidad.<\/li>\n<li style=\"list-style-type: circle;margin: 5px\">Weight.<\/li>\n<li style=\"list-style-type: circle;margin: 5px\">Im\u00e1n.<\/li>\n<\/ul>\n<div>\n<div style=\"font-weight: bold\">Di\u00e1metro de la garganta.<\/div>\n<div>\n<p>1.4&#8243; pulgadas (36 mm).<\/p>\n<\/div>\n<div style=\"font-weight: bold\">Nominal impedance.<\/div>\n<div>\n<p>8 ohms.<\/p>\n<\/div>\n<div style=\"font-weight: bold\">Impedancia m\u00ednima.<\/div>\n<div>\n<p>5.2 ohms @ 3.5 kHz.<\/p>\n<\/div>\n<div style=\"font-weight: bold\">Resistencia.<\/div>\n<div>\n<p>4.3 ohms.<\/p>\n<\/div>\n<div style=\"font-weight: bold\">Power.<\/div>\n<div>\n<p>AES: 70 watts por encima de los 1.2 kHz. Programa: 140 watts por encima de los 1.2 kHz.<\/p>\n<\/div>\n<div style=\"font-weight: bold\">Sensitivity.<\/div>\n<div>\n<p>110 dB 1W@1m acoplado a una bocina.<\/p>\n<\/div>\n<div style=\"font-weight: bold\">Rango de frecuencia.<\/div>\n<div>\n<p>700 &#8211; 19000 Hz.<\/p>\n<\/div>\n<div style=\"font-weight: bold\">Frecuencia recomendada de crossover.<\/div>\n<div>\n<p>1.2 kHz o superior (12dB\/oct min pendiente).<\/p>\n<\/div>\n<div style=\"font-weight: bold\">Di\u00e1metro de la bobina m\u00f3vil.<\/div>\n<div>\n<p>1.75&#8243; pulgadas (44.3 mm).<\/p>\n<\/div>\n<div style=\"font-weight: bold\">Densidad de flujo.<\/div>\n<div>\n<p>1.65 T.<\/p>\n<\/div>\n<div style=\"font-weight: bold\">Factor BL.<\/div>\n<div>\n<p>6.6 N\/A.<\/p>\n<\/div>\n<div style=\"font-weight: bold\">Material del diafragma.<\/div>\n<div>\n<p>PM4.<\/p>\n<\/div>\n<div style=\"font-weight: bold\">Di\u00e1metro externo.<\/div>\n<div>\n<p>4.72&#8243; pulgadas (120 mm).<\/p>\n<\/div>\n<div style=\"font-weight: bold\">Profundidad.<\/div>\n<div>\n<p>2.60&#8243; pulgadas (65 mm).<\/p>\n<\/div>\n<div style=\"font-weight: bold\">Weight.<\/div>\n<div>\n<p>2 kg.<\/p>\n<\/div>\n<div style=\"font-weight: bold\">Im\u00e1n.<\/div>\n<div>\n<p>Ferrita.<\/p>\n<\/div>\n<\/div>\n<\/div>","protected":false},"excerpt":{"rendered":"<p>Driver de 1.4\u201d pulgadas con potencia nominal de 70 watts AES y 140 watts programa, impedancia nominal: 8 ohms, impedancia m\u00ednima: 5.2 ohms, sensibilidad: 110 dB, rango de frecuencias: 700 &#8211; 19,000 Hz, bobina m\u00f3vil: 1.75\u201d (4.44 mm), membrana de PM4, peso: 2 kg, im\u00e1n: ferrita.&hellip; <a class=\"kt-excerpt-readmore more-link\" href=\"https:\/\/www.mexicanguitarplayers.com\/en\/tienda\/audio\/bafles-y-bocinas\/bocinas-y-componentes\/agudos\/driver-beyma-1-4-mod-cd1014fe-n\/\">Read more<\/a><\/p>","protected":false},"featured_media":33590,"comment_status":"open","ping_status":"closed","template":"","meta":{"kt_blocks_editor_width":""},"pwb-brand":[477],"product_brand":[],"product_cat":[530,213,221,474],"product_tag":[],"class_list":{"0":"post-33591","1":"product","2":"type-product","3":"status-publish","4":"has-post-thumbnail","6":"pwb-brand-beyma","7":"product_cat-agudos","8":"product_cat-audio","9":"product_cat-bafles-y-bocinas","10":"product_cat-bocinas-y-componentes","11":"product_shipping_class-0-5-kg","13":"first","14":"instock","15":"taxable","16":"shipping-taxable","17":"purchasable","18":"product-type-simple"},"yoast_head":"<!-- This site is optimized with the Yoast SEO plugin v27.3 - https:\/\/yoast.com\/product\/yoast-seo-wordpress\/ -->\n<title>DRIVER BEYMA 1.4  MOD. CD1014FE\/N - Mexican Guitar Players<\/title>\n<meta name=\"description\" content=\"Driver de 1.4\u201d pulgadas con potencia nominal de 70 watts AES y 140 watts programa, impedancia nominal: 8 ohms, impedancia m\u00ednima: 5.2 ohms, sensibilidad: 110 dB, rango de frecuencias: 700 - 19,000 Hz, bobina m\u00f3vil: 1.75\u201d (4.44 mm), membrana de PM4, peso: 2 kg, im\u00e1n: ferrita.\" \/>\n<meta name=\"robots\" content=\"index, follow, max-snippet:-1, max-image-preview:large, max-video-preview:-1\" \/>\n<link rel=\"canonical\" href=\"https:\/\/www.mexicanguitarplayers.com\/en\/tienda\/sin%20categor\u00eda\/driver-beyma-1-4-mod-cd1014fe-n\/\" \/>\n<meta property=\"og:locale\" content=\"en_US\" \/>\n<meta property=\"og:type\" content=\"article\" \/>\n<meta property=\"og:title\" content=\"DRIVER BEYMA 1.4  MOD. CD1014FE\/N - Mexican Guitar Players\" \/>\n<meta property=\"og:description\" content=\"Driver de 1.4\u201d pulgadas con potencia nominal de 70 watts AES y 140 watts programa, impedancia nominal: 8 ohms, impedancia m\u00ednima: 5.2 ohms, sensibilidad: 110 dB, rango de frecuencias: 700 - 19,000 Hz, bobina m\u00f3vil: 1.75\u201d (4.44 mm), membrana de PM4, peso: 2 kg, im\u00e1n: ferrita.\" \/>\n<meta property=\"og:url\" content=\"https:\/\/www.mexicanguitarplayers.com\/en\/tienda\/sin categor\u00eda\/driver-beyma-1-4-mod-cd1014fe-n\/\" \/>\n<meta property=\"og:site_name\" content=\"Mexican Guitar Players\" \/>\n<meta property=\"article:modified_time\" content=\"2026-01-21T10:18:01+00:00\" \/>\n<meta name=\"twitter:card\" content=\"summary_large_image\" \/>\n<meta name=\"twitter:label1\" content=\"Est. reading time\" \/>\n\t<meta name=\"twitter:data1\" content=\"1 minute\" \/>\n<script type=\"application\/ld+json\" class=\"yoast-schema-graph\">{\"@context\":\"https:\\\/\\\/schema.org\",\"@graph\":[{\"@type\":[\"WebPage\",\"ItemPage\"],\"@id\":\"https:\\\/\\\/www.mexicanguitarplayers.com\\\/tienda\\\/sin categor\u00eda\\\/driver-beyma-1-4-mod-cd1014fe-n\\\/\",\"url\":\"https:\\\/\\\/www.mexicanguitarplayers.com\\\/tienda\\\/sin categor\u00eda\\\/driver-beyma-1-4-mod-cd1014fe-n\\\/\",\"name\":\"DRIVER BEYMA 1.4 MOD. CD1014FE\\\/N - Mexican Guitar Players\",\"isPartOf\":{\"@id\":\"https:\\\/\\\/www.mexicanguitarplayers.com\\\/#website\"},\"primaryImageOfPage\":{\"@id\":\"https:\\\/\\\/www.mexicanguitarplayers.com\\\/tienda\\\/sin categor\u00eda\\\/driver-beyma-1-4-mod-cd1014fe-n\\\/#primaryimage\"},\"image\":{\"@id\":\"https:\\\/\\\/www.mexicanguitarplayers.com\\\/tienda\\\/sin categor\u00eda\\\/driver-beyma-1-4-mod-cd1014fe-n\\\/#primaryimage\"},\"thumbnailUrl\":\"https:\\\/\\\/www.mexicanguitarplayers.com\\\/wp-content\\\/uploads\\\/2025\\\/04\\\/IABEYCD1014FEN.jpg\",\"datePublished\":\"2025-04-09T03:24:10+00:00\",\"dateModified\":\"2026-01-21T10:18:01+00:00\",\"description\":\"Driver de 1.4\u201d pulgadas con potencia nominal de 70 watts AES y 140 watts programa, impedancia nominal: 8 ohms, impedancia m\u00ednima: 5.2 ohms, sensibilidad: 110 dB, rango de frecuencias: 700 - 19,000 Hz, bobina m\u00f3vil: 1.75\u201d (4.44 mm), membrana de PM4, peso: 2 kg, im\u00e1n: ferrita.\",\"breadcrumb\":{\"@id\":\"https:\\\/\\\/www.mexicanguitarplayers.com\\\/tienda\\\/sin categor\u00eda\\\/driver-beyma-1-4-mod-cd1014fe-n\\\/#breadcrumb\"},\"inLanguage\":\"en-US\",\"potentialAction\":[{\"@type\":\"ReadAction\",\"target\":[\"https:\\\/\\\/www.mexicanguitarplayers.com\\\/tienda\\\/sin categor\u00eda\\\/driver-beyma-1-4-mod-cd1014fe-n\\\/\"]}]},{\"@type\":\"ImageObject\",\"inLanguage\":\"en-US\",\"@id\":\"https:\\\/\\\/www.mexicanguitarplayers.com\\\/tienda\\\/sin categor\u00eda\\\/driver-beyma-1-4-mod-cd1014fe-n\\\/#primaryimage\",\"url\":\"https:\\\/\\\/www.mexicanguitarplayers.com\\\/wp-content\\\/uploads\\\/2025\\\/04\\\/IABEYCD1014FEN.jpg\",\"contentUrl\":\"https:\\\/\\\/www.mexicanguitarplayers.com\\\/wp-content\\\/uploads\\\/2025\\\/04\\\/IABEYCD1014FEN.jpg\",\"width\":1200,\"height\":1200},{\"@type\":\"BreadcrumbList\",\"@id\":\"https:\\\/\\\/www.mexicanguitarplayers.com\\\/tienda\\\/sin categor\u00eda\\\/driver-beyma-1-4-mod-cd1014fe-n\\\/#breadcrumb\",\"itemListElement\":[{\"@type\":\"ListItem\",\"position\":1,\"name\":\"Portada\",\"item\":\"https:\\\/\\\/www.mexicanguitarplayers.com\\\/\"},{\"@type\":\"ListItem\",\"position\":2,\"name\":\"Tienda\",\"item\":\"https:\\\/\\\/www.mexicanguitarplayers.com\\\/tienda\\\/\"},{\"@type\":\"ListItem\",\"position\":3,\"name\":\"DRIVER BEYMA 1.4 MOD. CD1014FE\\\/N\"}]},{\"@type\":\"WebSite\",\"@id\":\"https:\\\/\\\/www.mexicanguitarplayers.com\\\/#website\",\"url\":\"https:\\\/\\\/www.mexicanguitarplayers.com\\\/\",\"name\":\"Mexican Guitar Players\",\"description\":\"Website\",\"publisher\":{\"@id\":\"https:\\\/\\\/www.mexicanguitarplayers.com\\\/#organization\"},\"potentialAction\":[{\"@type\":\"SearchAction\",\"target\":{\"@type\":\"EntryPoint\",\"urlTemplate\":\"https:\\\/\\\/www.mexicanguitarplayers.com\\\/?s={search_term_string}\"},\"query-input\":{\"@type\":\"PropertyValueSpecification\",\"valueRequired\":true,\"valueName\":\"search_term_string\"}}],\"inLanguage\":\"en-US\"},{\"@type\":\"Organization\",\"@id\":\"https:\\\/\\\/www.mexicanguitarplayers.com\\\/#organization\",\"name\":\"Mexican Guitar Players\",\"url\":\"https:\\\/\\\/www.mexicanguitarplayers.com\\\/\",\"logo\":{\"@type\":\"ImageObject\",\"inLanguage\":\"en-US\",\"@id\":\"https:\\\/\\\/www.mexicanguitarplayers.com\\\/#\\\/schema\\\/logo\\\/image\\\/\",\"url\":\"\",\"contentUrl\":\"\",\"caption\":\"Mexican Guitar Players\"},\"image\":{\"@id\":\"https:\\\/\\\/www.mexicanguitarplayers.com\\\/#\\\/schema\\\/logo\\\/image\\\/\"}}]}<\/script>\n<!-- \/ Yoast SEO plugin. -->","yoast_head_json":{"title":"DRIVER BEYMA 1.4  MOD. CD1014FE\/N - Mexican Guitar Players","description":"Driver de 1.4\u201d pulgadas con potencia nominal de 70 watts AES y 140 watts programa, impedancia nominal: 8 ohms, impedancia m\u00ednima: 5.2 ohms, sensibilidad: 110 dB, rango de frecuencias: 700 - 19,000 Hz, bobina m\u00f3vil: 1.75\u201d (4.44 mm), membrana de PM4, peso: 2 kg, im\u00e1n: ferrita.","robots":{"index":"index","follow":"follow","max-snippet":"max-snippet:-1","max-image-preview":"max-image-preview:large","max-video-preview":"max-video-preview:-1"},"canonical":"https:\/\/www.mexicanguitarplayers.com\/en\/tienda\/sin categor\u00eda\/driver-beyma-1-4-mod-cd1014fe-n\/","og_locale":"en_US","og_type":"article","og_title":"DRIVER BEYMA 1.4  MOD. CD1014FE\/N - Mexican Guitar Players","og_description":"Driver de 1.4\u201d pulgadas con potencia nominal de 70 watts AES y 140 watts programa, impedancia nominal: 8 ohms, impedancia m\u00ednima: 5.2 ohms, sensibilidad: 110 dB, rango de frecuencias: 700 - 19,000 Hz, bobina m\u00f3vil: 1.75\u201d (4.44 mm), membrana de PM4, peso: 2 kg, im\u00e1n: ferrita.","og_url":"https:\/\/www.mexicanguitarplayers.com\/en\/tienda\/sin categor\u00eda\/driver-beyma-1-4-mod-cd1014fe-n\/","og_site_name":"Mexican Guitar Players","article_modified_time":"2026-01-21T10:18:01+00:00","twitter_card":"summary_large_image","twitter_misc":{"Est. reading time":"1 minute"},"schema":{"@context":"https:\/\/schema.org","@graph":[{"@type":["WebPage","ItemPage"],"@id":"https:\/\/www.mexicanguitarplayers.com\/tienda\/sin categor\u00eda\/driver-beyma-1-4-mod-cd1014fe-n\/","url":"https:\/\/www.mexicanguitarplayers.com\/tienda\/sin categor\u00eda\/driver-beyma-1-4-mod-cd1014fe-n\/","name":"DRIVER BEYMA 1.4 MOD. CD1014FE\/N - Mexican Guitar Players","isPartOf":{"@id":"https:\/\/www.mexicanguitarplayers.com\/#website"},"primaryImageOfPage":{"@id":"https:\/\/www.mexicanguitarplayers.com\/tienda\/sin categor\u00eda\/driver-beyma-1-4-mod-cd1014fe-n\/#primaryimage"},"image":{"@id":"https:\/\/www.mexicanguitarplayers.com\/tienda\/sin categor\u00eda\/driver-beyma-1-4-mod-cd1014fe-n\/#primaryimage"},"thumbnailUrl":"https:\/\/www.mexicanguitarplayers.com\/wp-content\/uploads\/2025\/04\/IABEYCD1014FEN.jpg","datePublished":"2025-04-09T03:24:10+00:00","dateModified":"2026-01-21T10:18:01+00:00","description":"Driver de 1.4\u201d pulgadas con potencia nominal de 70 watts AES y 140 watts programa, impedancia nominal: 8 ohms, impedancia m\u00ednima: 5.2 ohms, sensibilidad: 110 dB, rango de frecuencias: 700 - 19,000 Hz, bobina m\u00f3vil: 1.75\u201d (4.44 mm), membrana de PM4, peso: 2 kg, im\u00e1n: ferrita.","breadcrumb":{"@id":"https:\/\/www.mexicanguitarplayers.com\/tienda\/sin categor\u00eda\/driver-beyma-1-4-mod-cd1014fe-n\/#breadcrumb"},"inLanguage":"en-US","potentialAction":[{"@type":"ReadAction","target":["https:\/\/www.mexicanguitarplayers.com\/tienda\/sin categor\u00eda\/driver-beyma-1-4-mod-cd1014fe-n\/"]}]},{"@type":"ImageObject","inLanguage":"en-US","@id":"https:\/\/www.mexicanguitarplayers.com\/tienda\/sin categor\u00eda\/driver-beyma-1-4-mod-cd1014fe-n\/#primaryimage","url":"https:\/\/www.mexicanguitarplayers.com\/wp-content\/uploads\/2025\/04\/IABEYCD1014FEN.jpg","contentUrl":"https:\/\/www.mexicanguitarplayers.com\/wp-content\/uploads\/2025\/04\/IABEYCD1014FEN.jpg","width":1200,"height":1200},{"@type":"BreadcrumbList","@id":"https:\/\/www.mexicanguitarplayers.com\/tienda\/sin categor\u00eda\/driver-beyma-1-4-mod-cd1014fe-n\/#breadcrumb","itemListElement":[{"@type":"ListItem","position":1,"name":"Portada","item":"https:\/\/www.mexicanguitarplayers.com\/"},{"@type":"ListItem","position":2,"name":"Tienda","item":"https:\/\/www.mexicanguitarplayers.com\/tienda\/"},{"@type":"ListItem","position":3,"name":"DRIVER BEYMA 1.4 MOD. CD1014FE\/N"}]},{"@type":"WebSite","@id":"https:\/\/www.mexicanguitarplayers.com\/#website","url":"https:\/\/www.mexicanguitarplayers.com\/","name":"Mexican Guitar Players","description":"Website","publisher":{"@id":"https:\/\/www.mexicanguitarplayers.com\/#organization"},"potentialAction":[{"@type":"SearchAction","target":{"@type":"EntryPoint","urlTemplate":"https:\/\/www.mexicanguitarplayers.com\/?s={search_term_string}"},"query-input":{"@type":"PropertyValueSpecification","valueRequired":true,"valueName":"search_term_string"}}],"inLanguage":"en-US"},{"@type":"Organization","@id":"https:\/\/www.mexicanguitarplayers.com\/#organization","name":"Mexican Guitar Players","url":"https:\/\/www.mexicanguitarplayers.com\/","logo":{"@type":"ImageObject","inLanguage":"en-US","@id":"https:\/\/www.mexicanguitarplayers.com\/#\/schema\/logo\/image\/","url":"","contentUrl":"","caption":"Mexican Guitar Players"},"image":{"@id":"https:\/\/www.mexicanguitarplayers.com\/#\/schema\/logo\/image\/"}}]}},"brands":[{"id":477,"name":"BEYMA","slug":"beyma"}],"_links":{"self":[{"href":"https:\/\/www.mexicanguitarplayers.com\/en\/wp-json\/wp\/v2\/product\/33591","targetHints":{"allow":["GET"]}}],"collection":[{"href":"https:\/\/www.mexicanguitarplayers.com\/en\/wp-json\/wp\/v2\/product"}],"about":[{"href":"https:\/\/www.mexicanguitarplayers.com\/en\/wp-json\/wp\/v2\/types\/product"}],"replies":[{"embeddable":true,"href":"https:\/\/www.mexicanguitarplayers.com\/en\/wp-json\/wp\/v2\/comments?post=33591"}],"wp:featuredmedia":[{"embeddable":true,"href":"https:\/\/www.mexicanguitarplayers.com\/en\/wp-json\/wp\/v2\/media\/33590"}],"wp:attachment":[{"href":"https:\/\/www.mexicanguitarplayers.com\/en\/wp-json\/wp\/v2\/media?parent=33591"}],"wp:term":[{"taxonomy":"pwb-brand","embeddable":true,"href":"https:\/\/www.mexicanguitarplayers.com\/en\/wp-json\/wp\/v2\/pwb-brand?post=33591"},{"taxonomy":"product_brand","embeddable":true,"href":"https:\/\/www.mexicanguitarplayers.com\/en\/wp-json\/wp\/v2\/product_brand?post=33591"},{"taxonomy":"product_cat","embeddable":true,"href":"https:\/\/www.mexicanguitarplayers.com\/en\/wp-json\/wp\/v2\/product_cat?post=33591"},{"taxonomy":"product_tag","embeddable":true,"href":"https:\/\/www.mexicanguitarplayers.com\/en\/wp-json\/wp\/v2\/product_tag?post=33591"}],"curies":[{"name":"wp","href":"https:\/\/api.w.org\/{rel}","templated":true}]}}