{"id":33596,"date":"2025-04-08T21:24:17","date_gmt":"2025-04-09T03:24:17","guid":{"rendered":"https:\/\/www.mexicanguitarplayers.com\/tienda\/sin categor\u00eda\/preamplificador-t-c-mod-jims-45-preamp\/"},"modified":"2026-05-01T07:22:43","modified_gmt":"2026-05-01T13:22:43","slug":"preamplificador-t-c-mod-jims-45-preamp","status":"publish","type":"product","link":"https:\/\/www.mexicanguitarplayers.com\/en\/tienda\/accesorios\/para-guitarras\/pedales-conmutacion\/preamplificador-t-c-mod-jims-45-preamp\/","title":{"rendered":"PREAMPLIFICADOR T.C. MOD. JIMS 45 PREAMP"},"content":{"rendered":"<div style=\"text-align: justify\">\n<div>\n<h3>PREAMPLIFICADOR T.C. MOD. JIMS 45 PREAMP<\/h3>\n<\/div>\n<div>Preamplificador de guitarra de doble canal que recrea fielmente el sonido de un JTM45 de 1965 en un pedal con controles de canal independientes, aumento Pre\/Post opcional, simulaci\u00f3n de cabina opcional y salidas dedicadas para DI y auriculares.<\/div>\n<div>\n<h4>Characteristics<\/h4>\n<\/div>\n<div>\n<ul style=\"margin: 0px 0px 0px 25px\">\n<li style=\"list-style-type: circle;margin: 5px\">Connectors<\/li>\n<li style=\"list-style-type: circle;margin: 5px\">Control<\/li>\n<li style=\"list-style-type: circle;margin: 5px\">Sistema<\/li>\n<\/ul>\n<\/div>\n<\/div>","protected":false},"excerpt":{"rendered":"<p>El pedal de preamplificador para guitarra JIMS 45 PREAMP recrea fielmente el tono, la respuesta y la sensaci\u00f3n de un amplificador de tubos JTM45 de 1965. Con dos canales independientes que ofrecen controles de ganancia, volumen y ecualizaci\u00f3n para obtener tonos cl\u00e1sicos de rock brit\u00e1nico y blues. Los controles de ganancia independientes para las entradas Normal y High, junto con un jumper cable, replican la configuraci\u00f3n del amplificador real.Incluye un booster integrado que activa un aumento de 5 dB con solo presionar un interruptor de pie, con opci\u00f3n Pre\/Post en el panel trasero. El pre-boost est\u00e1 dise\u00f1ado para impulsar el modelo del amplificador y agregar una curva de medios distintiva, similar a un pedal de overdrive cl\u00e1sico.Cuenta con una salida DI dedicada equipada con una simulaci\u00f3n de cabina Celestion 4&#215;12 G12M Creamback IR, convirtiendo tu pedalera en un equipo listo para conciertos directo a sistemas de PA o interfaces de audio para grabaciones. Tambi\u00e9n incluye una salida de auriculares dedicada, con la misma simulaci\u00f3n de cabina, para obtener tonos enormes de amplificador de tubos en sesiones de pr\u00e1ctica que no molesten a tus vecinos.El control de presencia master en el panel trasero te permite adaptar tu preamplificador y compensar equipos y salas m\u00e1s oscuros o m\u00e1s brillantes. Ofrece modos de cambio de canal con bypass opcional o siempre activo, y utiliza la tecnolog\u00eda de modelado TC AMPWORX para una baja latencia, gran rango din\u00e1mico y sensaci\u00f3n aut\u00e9ntica.Con un dise\u00f1o compacto y amigable para la pedalera, este pedal es una plataforma perfecta para pedales de drive.&hellip; <a class=\"kt-excerpt-readmore more-link\" href=\"https:\/\/www.mexicanguitarplayers.com\/en\/tienda\/accesorios\/para-guitarras\/pedales-conmutacion\/preamplificador-t-c-mod-jims-45-preamp\/\">Read more<\/a><\/p>","protected":false},"featured_media":33592,"comment_status":"open","ping_status":"closed","template":"","meta":{"kt_blocks_editor_width":""},"pwb-brand":[170],"product_brand":[],"product_cat":[85,336,503],"product_tag":[],"class_list":{"0":"post-33596","1":"product","2":"type-product","3":"status-publish","4":"has-post-thumbnail","6":"pwb-brand-tc-electronic","7":"product_cat-accesorios","8":"product_cat-para-guitarras","9":"product_cat-pedales-conmutacion","10":"product_shipping_class-0-5-kg","12":"first","13":"instock","14":"taxable","15":"shipping-taxable","16":"purchasable","17":"product-type-simple"},"yoast_head":"<!-- This site is optimized with the Yoast SEO plugin v27.5 - https:\/\/yoast.com\/product\/yoast-seo-wordpress\/ -->\n<title>PREAMPLIFICADOR T.C. MOD. JIMS 45 PREAMP - Mexican Guitar Players<\/title>\n<meta name=\"description\" content=\"El pedal de preamplificador para guitarra JIMS 45 PREAMP recrea fielmente el tono, la respuesta y la sensaci\u00f3n de un amplificador de tubos JTM45 de 1965. Con dos canales independientes que ofrecen controles de ganancia, volumen y ecualizaci\u00f3n para obtener tonos cl\u00e1sicos de rock brit\u00e1nico y blues. Los controles de ganancia independientes para las entradas Normal y High, junto con un jumper cable, replican la configuraci\u00f3n del amplificador real.Incluye un booster integrado que activa un aumento de 5 dB con solo presionar un interruptor de pie, con opci\u00f3n Pre\/Post en el panel trasero. El pre-boost est\u00e1 dise\u00f1ado para impulsar el modelo del amplificador y agregar una curva de medios distintiva, similar a un pedal de overdrive cl\u00e1sico.Cuenta con una salida DI dedicada equipada con una simulaci\u00f3n de cabina Celestion 4x12 G12M Creamback IR, convirtiendo tu pedalera en un equipo listo para conciertos directo a sistemas de PA o interfaces de audio para grabaciones. Tambi\u00e9n incluye una salida de auriculares dedicada, con la misma simulaci\u00f3n de cabina, para obtener tonos enormes de amplificador de tubos en sesiones de pr\u00e1ctica que no molesten a tus vecinos.El control de presencia master en el panel trasero te permite adaptar tu preamplificador y compensar equipos y salas m\u00e1s oscuros o m\u00e1s brillantes. Ofrece modos de cambio de canal con bypass opcional o siempre activo, y utiliza la tecnolog\u00eda de modelado TC AMPWORX para una baja latencia, gran rango din\u00e1mico y sensaci\u00f3n aut\u00e9ntica.Con un dise\u00f1o compacto y amigable para la pedalera, este pedal es una plataforma perfecta para pedales de drive.\" \/>\n<meta name=\"robots\" content=\"index, follow, max-snippet:-1, max-image-preview:large, max-video-preview:-1\" \/>\n<link rel=\"canonical\" href=\"https:\/\/www.mexicanguitarplayers.com\/en\/tienda\/sin%20categor\u00eda\/preamplificador-t-c-mod-jims-45-preamp\/\" \/>\n<meta property=\"og:locale\" content=\"en_US\" \/>\n<meta property=\"og:type\" content=\"article\" \/>\n<meta property=\"og:title\" content=\"PREAMPLIFICADOR T.C. MOD. JIMS 45 PREAMP - Mexican Guitar Players\" \/>\n<meta property=\"og:description\" content=\"El pedal de preamplificador para guitarra JIMS 45 PREAMP recrea fielmente el tono, la respuesta y la sensaci\u00f3n de un amplificador de tubos JTM45 de 1965. Con dos canales independientes que ofrecen controles de ganancia, volumen y ecualizaci\u00f3n para obtener tonos cl\u00e1sicos de rock brit\u00e1nico y blues. Los controles de ganancia independientes para las entradas Normal y High, junto con un jumper cable, replican la configuraci\u00f3n del amplificador real.Incluye un booster integrado que activa un aumento de 5 dB con solo presionar un interruptor de pie, con opci\u00f3n Pre\/Post en el panel trasero. El pre-boost est\u00e1 dise\u00f1ado para impulsar el modelo del amplificador y agregar una curva de medios distintiva, similar a un pedal de overdrive cl\u00e1sico.Cuenta con una salida DI dedicada equipada con una simulaci\u00f3n de cabina Celestion 4x12 G12M Creamback IR, convirtiendo tu pedalera en un equipo listo para conciertos directo a sistemas de PA o interfaces de audio para grabaciones. Tambi\u00e9n incluye una salida de auriculares dedicada, con la misma simulaci\u00f3n de cabina, para obtener tonos enormes de amplificador de tubos en sesiones de pr\u00e1ctica que no molesten a tus vecinos.El control de presencia master en el panel trasero te permite adaptar tu preamplificador y compensar equipos y salas m\u00e1s oscuros o m\u00e1s brillantes. Ofrece modos de cambio de canal con bypass opcional o siempre activo, y utiliza la tecnolog\u00eda de modelado TC AMPWORX para una baja latencia, gran rango din\u00e1mico y sensaci\u00f3n aut\u00e9ntica.Con un dise\u00f1o compacto y amigable para la pedalera, este pedal es una plataforma perfecta para pedales de drive.\" \/>\n<meta property=\"og:url\" content=\"https:\/\/www.mexicanguitarplayers.com\/en\/tienda\/sin categor\u00eda\/preamplificador-t-c-mod-jims-45-preamp\/\" \/>\n<meta property=\"og:site_name\" content=\"Mexican Guitar Players\" \/>\n<meta property=\"article:modified_time\" content=\"2026-05-01T13:22:43+00:00\" \/>\n<meta name=\"twitter:card\" content=\"summary_large_image\" \/>\n<script type=\"application\/ld+json\" class=\"yoast-schema-graph\">{\"@context\":\"https:\\\/\\\/schema.org\",\"@graph\":[{\"@type\":[\"WebPage\",\"ItemPage\"],\"@id\":\"https:\\\/\\\/www.mexicanguitarplayers.com\\\/tienda\\\/sin categor\u00eda\\\/preamplificador-t-c-mod-jims-45-preamp\\\/\",\"url\":\"https:\\\/\\\/www.mexicanguitarplayers.com\\\/tienda\\\/sin categor\u00eda\\\/preamplificador-t-c-mod-jims-45-preamp\\\/\",\"name\":\"PREAMPLIFICADOR T.C. MOD. JIMS 45 PREAMP - Mexican Guitar Players\",\"isPartOf\":{\"@id\":\"https:\\\/\\\/www.mexicanguitarplayers.com\\\/#website\"},\"primaryImageOfPage\":{\"@id\":\"https:\\\/\\\/www.mexicanguitarplayers.com\\\/tienda\\\/sin categor\u00eda\\\/preamplificador-t-c-mod-jims-45-preamp\\\/#primaryimage\"},\"image\":{\"@id\":\"https:\\\/\\\/www.mexicanguitarplayers.com\\\/tienda\\\/sin categor\u00eda\\\/preamplificador-t-c-mod-jims-45-preamp\\\/#primaryimage\"},\"thumbnailUrl\":\"https:\\\/\\\/www.mexicanguitarplayers.com\\\/wp-content\\\/uploads\\\/2025\\\/04\\\/IATCEJIMS45PRE.jpg\",\"datePublished\":\"2025-04-09T03:24:17+00:00\",\"dateModified\":\"2026-05-01T13:22:43+00:00\",\"description\":\"El pedal de preamplificador para guitarra JIMS 45 PREAMP recrea fielmente el tono, la respuesta y la sensaci\u00f3n de un amplificador de tubos JTM45 de 1965. Con dos canales independientes que ofrecen controles de ganancia, volumen y ecualizaci\u00f3n para obtener tonos cl\u00e1sicos de rock brit\u00e1nico y blues. Los controles de ganancia independientes para las entradas Normal y High, junto con un jumper cable, replican la configuraci\u00f3n del amplificador real.Incluye un booster integrado que activa un aumento de 5 dB con solo presionar un interruptor de pie, con opci\u00f3n Pre\\\/Post en el panel trasero. El pre-boost est\u00e1 dise\u00f1ado para impulsar el modelo del amplificador y agregar una curva de medios distintiva, similar a un pedal de overdrive cl\u00e1sico.Cuenta con una salida DI dedicada equipada con una simulaci\u00f3n de cabina Celestion 4x12 G12M Creamback IR, convirtiendo tu pedalera en un equipo listo para conciertos directo a sistemas de PA o interfaces de audio para grabaciones. Tambi\u00e9n incluye una salida de auriculares dedicada, con la misma simulaci\u00f3n de cabina, para obtener tonos enormes de amplificador de tubos en sesiones de pr\u00e1ctica que no molesten a tus vecinos.El control de presencia master en el panel trasero te permite adaptar tu preamplificador y compensar equipos y salas m\u00e1s oscuros o m\u00e1s brillantes. Ofrece modos de cambio de canal con bypass opcional o siempre activo, y utiliza la tecnolog\u00eda de modelado TC AMPWORX para una baja latencia, gran rango din\u00e1mico y sensaci\u00f3n aut\u00e9ntica.Con un dise\u00f1o compacto y amigable para la pedalera, este pedal es una plataforma perfecta para pedales de drive.\",\"breadcrumb\":{\"@id\":\"https:\\\/\\\/www.mexicanguitarplayers.com\\\/tienda\\\/sin categor\u00eda\\\/preamplificador-t-c-mod-jims-45-preamp\\\/#breadcrumb\"},\"inLanguage\":\"en-US\",\"potentialAction\":[{\"@type\":\"ReadAction\",\"target\":[\"https:\\\/\\\/www.mexicanguitarplayers.com\\\/tienda\\\/sin categor\u00eda\\\/preamplificador-t-c-mod-jims-45-preamp\\\/\"]}]},{\"@type\":\"ImageObject\",\"inLanguage\":\"en-US\",\"@id\":\"https:\\\/\\\/www.mexicanguitarplayers.com\\\/tienda\\\/sin categor\u00eda\\\/preamplificador-t-c-mod-jims-45-preamp\\\/#primaryimage\",\"url\":\"https:\\\/\\\/www.mexicanguitarplayers.com\\\/wp-content\\\/uploads\\\/2025\\\/04\\\/IATCEJIMS45PRE.jpg\",\"contentUrl\":\"https:\\\/\\\/www.mexicanguitarplayers.com\\\/wp-content\\\/uploads\\\/2025\\\/04\\\/IATCEJIMS45PRE.jpg\",\"width\":1200,\"height\":1200},{\"@type\":\"BreadcrumbList\",\"@id\":\"https:\\\/\\\/www.mexicanguitarplayers.com\\\/tienda\\\/sin categor\u00eda\\\/preamplificador-t-c-mod-jims-45-preamp\\\/#breadcrumb\",\"itemListElement\":[{\"@type\":\"ListItem\",\"position\":1,\"name\":\"Portada\",\"item\":\"https:\\\/\\\/www.mexicanguitarplayers.com\\\/\"},{\"@type\":\"ListItem\",\"position\":2,\"name\":\"Tienda\",\"item\":\"https:\\\/\\\/www.mexicanguitarplayers.com\\\/tienda\\\/\"},{\"@type\":\"ListItem\",\"position\":3,\"name\":\"PREAMPLIFICADOR T.C. MOD. JIMS 45 PREAMP\"}]},{\"@type\":\"WebSite\",\"@id\":\"https:\\\/\\\/www.mexicanguitarplayers.com\\\/#website\",\"url\":\"https:\\\/\\\/www.mexicanguitarplayers.com\\\/\",\"name\":\"Mexican Guitar Players\",\"description\":\"Website\",\"publisher\":{\"@id\":\"https:\\\/\\\/www.mexicanguitarplayers.com\\\/#organization\"},\"potentialAction\":[{\"@type\":\"SearchAction\",\"target\":{\"@type\":\"EntryPoint\",\"urlTemplate\":\"https:\\\/\\\/www.mexicanguitarplayers.com\\\/?s={search_term_string}\"},\"query-input\":{\"@type\":\"PropertyValueSpecification\",\"valueRequired\":true,\"valueName\":\"search_term_string\"}}],\"inLanguage\":\"en-US\"},{\"@type\":\"Organization\",\"@id\":\"https:\\\/\\\/www.mexicanguitarplayers.com\\\/#organization\",\"name\":\"Mexican Guitar Players\",\"url\":\"https:\\\/\\\/www.mexicanguitarplayers.com\\\/\",\"logo\":{\"@type\":\"ImageObject\",\"inLanguage\":\"en-US\",\"@id\":\"https:\\\/\\\/www.mexicanguitarplayers.com\\\/#\\\/schema\\\/logo\\\/image\\\/\",\"url\":\"\",\"contentUrl\":\"\",\"caption\":\"Mexican Guitar Players\"},\"image\":{\"@id\":\"https:\\\/\\\/www.mexicanguitarplayers.com\\\/#\\\/schema\\\/logo\\\/image\\\/\"}}]}<\/script>\n<!-- \/ Yoast SEO plugin. -->","yoast_head_json":{"title":"PREAMPLIFICADOR T.C. MOD. JIMS 45 PREAMP - Mexican Guitar Players","description":"El pedal de preamplificador para guitarra JIMS 45 PREAMP recrea fielmente el tono, la respuesta y la sensaci\u00f3n de un amplificador de tubos JTM45 de 1965. Con dos canales independientes que ofrecen controles de ganancia, volumen y ecualizaci\u00f3n para obtener tonos cl\u00e1sicos de rock brit\u00e1nico y blues. Los controles de ganancia independientes para las entradas Normal y High, junto con un jumper cable, replican la configuraci\u00f3n del amplificador real.Incluye un booster integrado que activa un aumento de 5 dB con solo presionar un interruptor de pie, con opci\u00f3n Pre\/Post en el panel trasero. El pre-boost est\u00e1 dise\u00f1ado para impulsar el modelo del amplificador y agregar una curva de medios distintiva, similar a un pedal de overdrive cl\u00e1sico.Cuenta con una salida DI dedicada equipada con una simulaci\u00f3n de cabina Celestion 4x12 G12M Creamback IR, convirtiendo tu pedalera en un equipo listo para conciertos directo a sistemas de PA o interfaces de audio para grabaciones. Tambi\u00e9n incluye una salida de auriculares dedicada, con la misma simulaci\u00f3n de cabina, para obtener tonos enormes de amplificador de tubos en sesiones de pr\u00e1ctica que no molesten a tus vecinos.El control de presencia master en el panel trasero te permite adaptar tu preamplificador y compensar equipos y salas m\u00e1s oscuros o m\u00e1s brillantes. Ofrece modos de cambio de canal con bypass opcional o siempre activo, y utiliza la tecnolog\u00eda de modelado TC AMPWORX para una baja latencia, gran rango din\u00e1mico y sensaci\u00f3n aut\u00e9ntica.Con un dise\u00f1o compacto y amigable para la pedalera, este pedal es una plataforma perfecta para pedales de drive.","robots":{"index":"index","follow":"follow","max-snippet":"max-snippet:-1","max-image-preview":"max-image-preview:large","max-video-preview":"max-video-preview:-1"},"canonical":"https:\/\/www.mexicanguitarplayers.com\/en\/tienda\/sin categor\u00eda\/preamplificador-t-c-mod-jims-45-preamp\/","og_locale":"en_US","og_type":"article","og_title":"PREAMPLIFICADOR T.C. MOD. JIMS 45 PREAMP - Mexican Guitar Players","og_description":"El pedal de preamplificador para guitarra JIMS 45 PREAMP recrea fielmente el tono, la respuesta y la sensaci\u00f3n de un amplificador de tubos JTM45 de 1965. Con dos canales independientes que ofrecen controles de ganancia, volumen y ecualizaci\u00f3n para obtener tonos cl\u00e1sicos de rock brit\u00e1nico y blues. Los controles de ganancia independientes para las entradas Normal y High, junto con un jumper cable, replican la configuraci\u00f3n del amplificador real.Incluye un booster integrado que activa un aumento de 5 dB con solo presionar un interruptor de pie, con opci\u00f3n Pre\/Post en el panel trasero. El pre-boost est\u00e1 dise\u00f1ado para impulsar el modelo del amplificador y agregar una curva de medios distintiva, similar a un pedal de overdrive cl\u00e1sico.Cuenta con una salida DI dedicada equipada con una simulaci\u00f3n de cabina Celestion 4x12 G12M Creamback IR, convirtiendo tu pedalera en un equipo listo para conciertos directo a sistemas de PA o interfaces de audio para grabaciones. Tambi\u00e9n incluye una salida de auriculares dedicada, con la misma simulaci\u00f3n de cabina, para obtener tonos enormes de amplificador de tubos en sesiones de pr\u00e1ctica que no molesten a tus vecinos.El control de presencia master en el panel trasero te permite adaptar tu preamplificador y compensar equipos y salas m\u00e1s oscuros o m\u00e1s brillantes. Ofrece modos de cambio de canal con bypass opcional o siempre activo, y utiliza la tecnolog\u00eda de modelado TC AMPWORX para una baja latencia, gran rango din\u00e1mico y sensaci\u00f3n aut\u00e9ntica.Con un dise\u00f1o compacto y amigable para la pedalera, este pedal es una plataforma perfecta para pedales de drive.","og_url":"https:\/\/www.mexicanguitarplayers.com\/en\/tienda\/sin categor\u00eda\/preamplificador-t-c-mod-jims-45-preamp\/","og_site_name":"Mexican Guitar Players","article_modified_time":"2026-05-01T13:22:43+00:00","twitter_card":"summary_large_image","schema":{"@context":"https:\/\/schema.org","@graph":[{"@type":["WebPage","ItemPage"],"@id":"https:\/\/www.mexicanguitarplayers.com\/tienda\/sin categor\u00eda\/preamplificador-t-c-mod-jims-45-preamp\/","url":"https:\/\/www.mexicanguitarplayers.com\/tienda\/sin categor\u00eda\/preamplificador-t-c-mod-jims-45-preamp\/","name":"PREAMPLIFICADOR T.C. MOD. JIMS 45 PREAMP - Mexican Guitar Players","isPartOf":{"@id":"https:\/\/www.mexicanguitarplayers.com\/#website"},"primaryImageOfPage":{"@id":"https:\/\/www.mexicanguitarplayers.com\/tienda\/sin categor\u00eda\/preamplificador-t-c-mod-jims-45-preamp\/#primaryimage"},"image":{"@id":"https:\/\/www.mexicanguitarplayers.com\/tienda\/sin categor\u00eda\/preamplificador-t-c-mod-jims-45-preamp\/#primaryimage"},"thumbnailUrl":"https:\/\/www.mexicanguitarplayers.com\/wp-content\/uploads\/2025\/04\/IATCEJIMS45PRE.jpg","datePublished":"2025-04-09T03:24:17+00:00","dateModified":"2026-05-01T13:22:43+00:00","description":"El pedal de preamplificador para guitarra JIMS 45 PREAMP recrea fielmente el tono, la respuesta y la sensaci\u00f3n de un amplificador de tubos JTM45 de 1965. Con dos canales independientes que ofrecen controles de ganancia, volumen y ecualizaci\u00f3n para obtener tonos cl\u00e1sicos de rock brit\u00e1nico y blues. Los controles de ganancia independientes para las entradas Normal y High, junto con un jumper cable, replican la configuraci\u00f3n del amplificador real.Incluye un booster integrado que activa un aumento de 5 dB con solo presionar un interruptor de pie, con opci\u00f3n Pre\/Post en el panel trasero. El pre-boost est\u00e1 dise\u00f1ado para impulsar el modelo del amplificador y agregar una curva de medios distintiva, similar a un pedal de overdrive cl\u00e1sico.Cuenta con una salida DI dedicada equipada con una simulaci\u00f3n de cabina Celestion 4x12 G12M Creamback IR, convirtiendo tu pedalera en un equipo listo para conciertos directo a sistemas de PA o interfaces de audio para grabaciones. Tambi\u00e9n incluye una salida de auriculares dedicada, con la misma simulaci\u00f3n de cabina, para obtener tonos enormes de amplificador de tubos en sesiones de pr\u00e1ctica que no molesten a tus vecinos.El control de presencia master en el panel trasero te permite adaptar tu preamplificador y compensar equipos y salas m\u00e1s oscuros o m\u00e1s brillantes. Ofrece modos de cambio de canal con bypass opcional o siempre activo, y utiliza la tecnolog\u00eda de modelado TC AMPWORX para una baja latencia, gran rango din\u00e1mico y sensaci\u00f3n aut\u00e9ntica.Con un dise\u00f1o compacto y amigable para la pedalera, este pedal es una plataforma perfecta para pedales de drive.","breadcrumb":{"@id":"https:\/\/www.mexicanguitarplayers.com\/tienda\/sin categor\u00eda\/preamplificador-t-c-mod-jims-45-preamp\/#breadcrumb"},"inLanguage":"en-US","potentialAction":[{"@type":"ReadAction","target":["https:\/\/www.mexicanguitarplayers.com\/tienda\/sin categor\u00eda\/preamplificador-t-c-mod-jims-45-preamp\/"]}]},{"@type":"ImageObject","inLanguage":"en-US","@id":"https:\/\/www.mexicanguitarplayers.com\/tienda\/sin categor\u00eda\/preamplificador-t-c-mod-jims-45-preamp\/#primaryimage","url":"https:\/\/www.mexicanguitarplayers.com\/wp-content\/uploads\/2025\/04\/IATCEJIMS45PRE.jpg","contentUrl":"https:\/\/www.mexicanguitarplayers.com\/wp-content\/uploads\/2025\/04\/IATCEJIMS45PRE.jpg","width":1200,"height":1200},{"@type":"BreadcrumbList","@id":"https:\/\/www.mexicanguitarplayers.com\/tienda\/sin categor\u00eda\/preamplificador-t-c-mod-jims-45-preamp\/#breadcrumb","itemListElement":[{"@type":"ListItem","position":1,"name":"Portada","item":"https:\/\/www.mexicanguitarplayers.com\/"},{"@type":"ListItem","position":2,"name":"Tienda","item":"https:\/\/www.mexicanguitarplayers.com\/tienda\/"},{"@type":"ListItem","position":3,"name":"PREAMPLIFICADOR T.C. MOD. JIMS 45 PREAMP"}]},{"@type":"WebSite","@id":"https:\/\/www.mexicanguitarplayers.com\/#website","url":"https:\/\/www.mexicanguitarplayers.com\/","name":"Mexican Guitar Players","description":"Website","publisher":{"@id":"https:\/\/www.mexicanguitarplayers.com\/#organization"},"potentialAction":[{"@type":"SearchAction","target":{"@type":"EntryPoint","urlTemplate":"https:\/\/www.mexicanguitarplayers.com\/?s={search_term_string}"},"query-input":{"@type":"PropertyValueSpecification","valueRequired":true,"valueName":"search_term_string"}}],"inLanguage":"en-US"},{"@type":"Organization","@id":"https:\/\/www.mexicanguitarplayers.com\/#organization","name":"Mexican Guitar Players","url":"https:\/\/www.mexicanguitarplayers.com\/","logo":{"@type":"ImageObject","inLanguage":"en-US","@id":"https:\/\/www.mexicanguitarplayers.com\/#\/schema\/logo\/image\/","url":"","contentUrl":"","caption":"Mexican Guitar Players"},"image":{"@id":"https:\/\/www.mexicanguitarplayers.com\/#\/schema\/logo\/image\/"}}]}},"brands":[{"id":170,"name":"TC-ELECTRONIC","slug":"tc-electronic"}],"_links":{"self":[{"href":"https:\/\/www.mexicanguitarplayers.com\/en\/wp-json\/wp\/v2\/product\/33596","targetHints":{"allow":["GET"]}}],"collection":[{"href":"https:\/\/www.mexicanguitarplayers.com\/en\/wp-json\/wp\/v2\/product"}],"about":[{"href":"https:\/\/www.mexicanguitarplayers.com\/en\/wp-json\/wp\/v2\/types\/product"}],"replies":[{"embeddable":true,"href":"https:\/\/www.mexicanguitarplayers.com\/en\/wp-json\/wp\/v2\/comments?post=33596"}],"wp:featuredmedia":[{"embeddable":true,"href":"https:\/\/www.mexicanguitarplayers.com\/en\/wp-json\/wp\/v2\/media\/33592"}],"wp:attachment":[{"href":"https:\/\/www.mexicanguitarplayers.com\/en\/wp-json\/wp\/v2\/media?parent=33596"}],"wp:term":[{"taxonomy":"pwb-brand","embeddable":true,"href":"https:\/\/www.mexicanguitarplayers.com\/en\/wp-json\/wp\/v2\/pwb-brand?post=33596"},{"taxonomy":"product_brand","embeddable":true,"href":"https:\/\/www.mexicanguitarplayers.com\/en\/wp-json\/wp\/v2\/product_brand?post=33596"},{"taxonomy":"product_cat","embeddable":true,"href":"https:\/\/www.mexicanguitarplayers.com\/en\/wp-json\/wp\/v2\/product_cat?post=33596"},{"taxonomy":"product_tag","embeddable":true,"href":"https:\/\/www.mexicanguitarplayers.com\/en\/wp-json\/wp\/v2\/product_tag?post=33596"}],"curies":[{"name":"wp","href":"https:\/\/api.w.org\/{rel}","templated":true}]}}