{"id":33608,"date":"2025-04-08T21:24:32","date_gmt":"2025-04-09T03:24:32","guid":{"rendered":"https:\/\/www.mexicanguitarplayers.com\/tienda\/sin categor\u00eda\/crema-planet-wave-limpiadora-pw-pk\/"},"modified":"2026-04-10T04:31:31","modified_gmt":"2026-04-10T10:31:31","slug":"crema-planet-wave-limpiadora-pw-pk","status":"publish","type":"product","link":"https:\/\/www.mexicanguitarplayers.com\/en\/tienda\/accesorios\/para-bateria\/cuidado-y-proteccion\/crema-planet-wave-limpiadora-pw-pk\/","title":{"rendered":"CREMA PLANET WAVE LIMPIADORA PW-PK"},"content":{"rendered":"<div style=\"text-align: justify\">\n<div>\n<h3>El limpiador que tu guitarra necesita.     <\/h3>\n<\/div>\n<div>Los paquetes de pulido r\u00e1pido Planet Waves son el sistema de pulido en 3 pasos de un solo uso m\u00e1s novedoso para guitarras y bajos.  Cada paquete de pulido r\u00e1pido contiene la cantidad necesaria para utilizar una vez cada producto de pulido del sistema de 3 pasos, que incluye restauraci\u00f3n, protecci\u00f3n y brillo. Restauraci\u00f3n penetra la suciedad m\u00e1s dif\u00edcil para pulir marcas de remolino e incluso rayones peque\u00f1os. Protecci\u00f3n es un protector y sellador natural que combina carnauba brasilera de m\u00e1xima calidad y una f\u00f3rmula qu\u00edmica avanzada que proporciona un brillo caracter\u00edstico. Por \u00faltimo, y como su nombre lo indica, Brillo proporciona un nivel m\u00e1s de belleza satinada.<\/div>\n<div>\n<h4>Quick look<\/h4>\n<\/div>\n<ul style=\"margin: 0px 0px 0px 25px\">\n<li style=\"list-style-type: circle;margin: 5px\">Fabricaci\u00f3n del limpiador.  <\/li>\n<li style=\"list-style-type: circle;margin: 5px\">Contenido.<\/li>\n<li style=\"list-style-type: circle;margin: 5px\">Brillo.<\/li>\n<\/ul>\n<div>\n<div style=\"font-weight: bold\">Fabricaci\u00f3n del limpiador.  <\/div>\n<div>\n<p>Est\u00e1a fabricado con materiales no t\u00f3xicos, lo que lo hace  todav\u00eda mas f\u00e1cil y seguro dse utilizar.<\/p>\n<\/div>\n<div style=\"font-weight: bold\">Contenido.<\/div>\n<div>\n<p>Cada paquete contiene la cantidad necesaria de abrillantador para un \u00fanico uso del sistema de restauraci\u00f3n en 3 pasos de Planet Waves.<\/p>\n<\/div>\n<div style=\"font-weight: bold\">Brillo.<\/div>\n<div>\n<p>Te proporcionan todo lo que necesitas para que tu guitarra brille como nueva.<\/p>\n<\/div>\n<\/div>\n<div>\n<h4>Characteristics<\/h4>\n<\/div>\n<div>\n<ul style=\"margin: 0px 0px 0px 25px\">\n<li style=\"list-style-type: circle;margin: 5px\">Haz tu guitarra resistente, durable y atractiva.<\/li>\n<li style=\"list-style-type: circle;margin: 5px\">Seguros para todos los acabados de guitarras comunes.<\/li>\n<\/ul>\n<\/div>\n<\/div>","protected":false},"excerpt":{"rendered":"<p>Kit de pulido r\u00e1pido Planet Waves para guitarra, sistema de pulido en 3 pasos deun solo uso, contiene la cantidad necesaria para utilizar una vez cada producto, incluye restauraci\u00f3n, protecci\u00f3n y brillo, penetra la suciedad m\u00e1s dif\u00edcil para pulir marcas de remolino y rayones peque\u00f1os, protector y sellador natural, f\u00f3rmula qu\u00edmica avanzada que proporciona un brillo caracter\u00edstico, brillo que proporciona un nivel m\u00e1s de belleza satinada.&hellip; <a class=\"kt-excerpt-readmore more-link\" href=\"https:\/\/www.mexicanguitarplayers.com\/en\/tienda\/accesorios\/para-bateria\/cuidado-y-proteccion\/crema-planet-wave-limpiadora-pw-pk\/\">Read more<\/a><\/p>","protected":false},"featured_media":33607,"comment_status":"open","ping_status":"closed","template":"","meta":{"kt_blocks_editor_width":""},"pwb-brand":[604],"product_brand":[],"product_cat":[85,421,336],"product_tag":[],"class_list":{"0":"post-33608","1":"product","2":"type-product","3":"status-publish","4":"has-post-thumbnail","6":"pwb-brand-planet-waves","7":"product_cat-accesorios","8":"product_cat-cuidado-y-proteccion","9":"product_cat-para-guitarras","10":"product_shipping_class-0-5-kg","12":"first","13":"outofstock","14":"taxable","15":"shipping-taxable","16":"purchasable","17":"product-type-simple"},"yoast_head":"<!-- This site is optimized with the Yoast SEO plugin v27.5 - https:\/\/yoast.com\/product\/yoast-seo-wordpress\/ -->\n<title>CREMA PLANET WAVE LIMPIADORA PW-PK - Mexican Guitar Players<\/title>\n<meta name=\"description\" content=\"Kit de pulido r\u00e1pido Planet Waves para guitarra, sistema de pulido en 3 pasos deun solo uso, contiene la cantidad necesaria para utilizar una vez cada producto, incluye restauraci\u00f3n, protecci\u00f3n y brillo, penetra la suciedad m\u00e1s dif\u00edcil para pulir marcas de remolino y rayones peque\u00f1os, protector y sellador natural, f\u00f3rmula qu\u00edmica avanzada que proporciona un brillo caracter\u00edstico, brillo que proporciona un nivel m\u00e1s de belleza satinada.\" \/>\n<meta name=\"robots\" content=\"index, follow, max-snippet:-1, max-image-preview:large, max-video-preview:-1\" \/>\n<link rel=\"canonical\" href=\"https:\/\/www.mexicanguitarplayers.com\/en\/tienda\/sin%20categor\u00eda\/crema-planet-wave-limpiadora-pw-pk\/\" \/>\n<meta property=\"og:locale\" content=\"en_US\" \/>\n<meta property=\"og:type\" content=\"article\" \/>\n<meta property=\"og:title\" content=\"CREMA PLANET WAVE LIMPIADORA PW-PK - Mexican Guitar Players\" \/>\n<meta property=\"og:description\" content=\"Kit de pulido r\u00e1pido Planet Waves para guitarra, sistema de pulido en 3 pasos deun solo uso, contiene la cantidad necesaria para utilizar una vez cada producto, incluye restauraci\u00f3n, protecci\u00f3n y brillo, penetra la suciedad m\u00e1s dif\u00edcil para pulir marcas de remolino y rayones peque\u00f1os, protector y sellador natural, f\u00f3rmula qu\u00edmica avanzada que proporciona un brillo caracter\u00edstico, brillo que proporciona un nivel m\u00e1s de belleza satinada.\" \/>\n<meta property=\"og:url\" content=\"https:\/\/www.mexicanguitarplayers.com\/en\/tienda\/sin categor\u00eda\/crema-planet-wave-limpiadora-pw-pk\/\" \/>\n<meta property=\"og:site_name\" content=\"Mexican Guitar Players\" \/>\n<meta property=\"article:modified_time\" content=\"2026-04-10T10:31:31+00:00\" \/>\n<meta name=\"twitter:card\" content=\"summary_large_image\" \/>\n<meta name=\"twitter:label1\" content=\"Est. reading time\" \/>\n\t<meta name=\"twitter:data1\" content=\"1 minute\" \/>\n<script type=\"application\/ld+json\" class=\"yoast-schema-graph\">{\"@context\":\"https:\\\/\\\/schema.org\",\"@graph\":[{\"@type\":[\"WebPage\",\"ItemPage\"],\"@id\":\"https:\\\/\\\/www.mexicanguitarplayers.com\\\/tienda\\\/sin categor\u00eda\\\/crema-planet-wave-limpiadora-pw-pk\\\/\",\"url\":\"https:\\\/\\\/www.mexicanguitarplayers.com\\\/tienda\\\/sin categor\u00eda\\\/crema-planet-wave-limpiadora-pw-pk\\\/\",\"name\":\"CREMA PLANET WAVE LIMPIADORA PW-PK - Mexican Guitar Players\",\"isPartOf\":{\"@id\":\"https:\\\/\\\/www.mexicanguitarplayers.com\\\/#website\"},\"primaryImageOfPage\":{\"@id\":\"https:\\\/\\\/www.mexicanguitarplayers.com\\\/tienda\\\/sin categor\u00eda\\\/crema-planet-wave-limpiadora-pw-pk\\\/#primaryimage\"},\"image\":{\"@id\":\"https:\\\/\\\/www.mexicanguitarplayers.com\\\/tienda\\\/sin categor\u00eda\\\/crema-planet-wave-limpiadora-pw-pk\\\/#primaryimage\"},\"thumbnailUrl\":\"https:\\\/\\\/www.mexicanguitarplayers.com\\\/wp-content\\\/uploads\\\/2025\\\/04\\\/RAPWAPWPK.jpg\",\"datePublished\":\"2025-04-09T03:24:32+00:00\",\"dateModified\":\"2026-04-10T10:31:31+00:00\",\"description\":\"Kit de pulido r\u00e1pido Planet Waves para guitarra, sistema de pulido en 3 pasos deun solo uso, contiene la cantidad necesaria para utilizar una vez cada producto, incluye restauraci\u00f3n, protecci\u00f3n y brillo, penetra la suciedad m\u00e1s dif\u00edcil para pulir marcas de remolino y rayones peque\u00f1os, protector y sellador natural, f\u00f3rmula qu\u00edmica avanzada que proporciona un brillo caracter\u00edstico, brillo que proporciona un nivel m\u00e1s de belleza satinada.\",\"breadcrumb\":{\"@id\":\"https:\\\/\\\/www.mexicanguitarplayers.com\\\/tienda\\\/sin categor\u00eda\\\/crema-planet-wave-limpiadora-pw-pk\\\/#breadcrumb\"},\"inLanguage\":\"en-US\",\"potentialAction\":[{\"@type\":\"ReadAction\",\"target\":[\"https:\\\/\\\/www.mexicanguitarplayers.com\\\/tienda\\\/sin categor\u00eda\\\/crema-planet-wave-limpiadora-pw-pk\\\/\"]}]},{\"@type\":\"ImageObject\",\"inLanguage\":\"en-US\",\"@id\":\"https:\\\/\\\/www.mexicanguitarplayers.com\\\/tienda\\\/sin categor\u00eda\\\/crema-planet-wave-limpiadora-pw-pk\\\/#primaryimage\",\"url\":\"https:\\\/\\\/www.mexicanguitarplayers.com\\\/wp-content\\\/uploads\\\/2025\\\/04\\\/RAPWAPWPK.jpg\",\"contentUrl\":\"https:\\\/\\\/www.mexicanguitarplayers.com\\\/wp-content\\\/uploads\\\/2025\\\/04\\\/RAPWAPWPK.jpg\",\"width\":1200,\"height\":1200},{\"@type\":\"BreadcrumbList\",\"@id\":\"https:\\\/\\\/www.mexicanguitarplayers.com\\\/tienda\\\/sin categor\u00eda\\\/crema-planet-wave-limpiadora-pw-pk\\\/#breadcrumb\",\"itemListElement\":[{\"@type\":\"ListItem\",\"position\":1,\"name\":\"Portada\",\"item\":\"https:\\\/\\\/www.mexicanguitarplayers.com\\\/\"},{\"@type\":\"ListItem\",\"position\":2,\"name\":\"Tienda\",\"item\":\"https:\\\/\\\/www.mexicanguitarplayers.com\\\/tienda\\\/\"},{\"@type\":\"ListItem\",\"position\":3,\"name\":\"CREMA PLANET WAVE LIMPIADORA PW-PK\"}]},{\"@type\":\"WebSite\",\"@id\":\"https:\\\/\\\/www.mexicanguitarplayers.com\\\/#website\",\"url\":\"https:\\\/\\\/www.mexicanguitarplayers.com\\\/\",\"name\":\"Mexican Guitar Players\",\"description\":\"Website\",\"publisher\":{\"@id\":\"https:\\\/\\\/www.mexicanguitarplayers.com\\\/#organization\"},\"potentialAction\":[{\"@type\":\"SearchAction\",\"target\":{\"@type\":\"EntryPoint\",\"urlTemplate\":\"https:\\\/\\\/www.mexicanguitarplayers.com\\\/?s={search_term_string}\"},\"query-input\":{\"@type\":\"PropertyValueSpecification\",\"valueRequired\":true,\"valueName\":\"search_term_string\"}}],\"inLanguage\":\"en-US\"},{\"@type\":\"Organization\",\"@id\":\"https:\\\/\\\/www.mexicanguitarplayers.com\\\/#organization\",\"name\":\"Mexican Guitar Players\",\"url\":\"https:\\\/\\\/www.mexicanguitarplayers.com\\\/\",\"logo\":{\"@type\":\"ImageObject\",\"inLanguage\":\"en-US\",\"@id\":\"https:\\\/\\\/www.mexicanguitarplayers.com\\\/#\\\/schema\\\/logo\\\/image\\\/\",\"url\":\"\",\"contentUrl\":\"\",\"caption\":\"Mexican Guitar Players\"},\"image\":{\"@id\":\"https:\\\/\\\/www.mexicanguitarplayers.com\\\/#\\\/schema\\\/logo\\\/image\\\/\"}}]}<\/script>\n<!-- \/ Yoast SEO plugin. -->","yoast_head_json":{"title":"CREMA PLANET WAVE LIMPIADORA PW-PK - Mexican Guitar Players","description":"Kit de pulido r\u00e1pido Planet Waves para guitarra, sistema de pulido en 3 pasos deun solo uso, contiene la cantidad necesaria para utilizar una vez cada producto, incluye restauraci\u00f3n, protecci\u00f3n y brillo, penetra la suciedad m\u00e1s dif\u00edcil para pulir marcas de remolino y rayones peque\u00f1os, protector y sellador natural, f\u00f3rmula qu\u00edmica avanzada que proporciona un brillo caracter\u00edstico, brillo que proporciona un nivel m\u00e1s de belleza satinada.","robots":{"index":"index","follow":"follow","max-snippet":"max-snippet:-1","max-image-preview":"max-image-preview:large","max-video-preview":"max-video-preview:-1"},"canonical":"https:\/\/www.mexicanguitarplayers.com\/en\/tienda\/sin categor\u00eda\/crema-planet-wave-limpiadora-pw-pk\/","og_locale":"en_US","og_type":"article","og_title":"CREMA PLANET WAVE LIMPIADORA PW-PK - Mexican Guitar Players","og_description":"Kit de pulido r\u00e1pido Planet Waves para guitarra, sistema de pulido en 3 pasos deun solo uso, contiene la cantidad necesaria para utilizar una vez cada producto, incluye restauraci\u00f3n, protecci\u00f3n y brillo, penetra la suciedad m\u00e1s dif\u00edcil para pulir marcas de remolino y rayones peque\u00f1os, protector y sellador natural, f\u00f3rmula qu\u00edmica avanzada que proporciona un brillo caracter\u00edstico, brillo que proporciona un nivel m\u00e1s de belleza satinada.","og_url":"https:\/\/www.mexicanguitarplayers.com\/en\/tienda\/sin categor\u00eda\/crema-planet-wave-limpiadora-pw-pk\/","og_site_name":"Mexican Guitar Players","article_modified_time":"2026-04-10T10:31:31+00:00","twitter_card":"summary_large_image","twitter_misc":{"Est. reading time":"1 minute"},"schema":{"@context":"https:\/\/schema.org","@graph":[{"@type":["WebPage","ItemPage"],"@id":"https:\/\/www.mexicanguitarplayers.com\/tienda\/sin categor\u00eda\/crema-planet-wave-limpiadora-pw-pk\/","url":"https:\/\/www.mexicanguitarplayers.com\/tienda\/sin categor\u00eda\/crema-planet-wave-limpiadora-pw-pk\/","name":"CREMA PLANET WAVE LIMPIADORA PW-PK - Mexican Guitar Players","isPartOf":{"@id":"https:\/\/www.mexicanguitarplayers.com\/#website"},"primaryImageOfPage":{"@id":"https:\/\/www.mexicanguitarplayers.com\/tienda\/sin categor\u00eda\/crema-planet-wave-limpiadora-pw-pk\/#primaryimage"},"image":{"@id":"https:\/\/www.mexicanguitarplayers.com\/tienda\/sin categor\u00eda\/crema-planet-wave-limpiadora-pw-pk\/#primaryimage"},"thumbnailUrl":"https:\/\/www.mexicanguitarplayers.com\/wp-content\/uploads\/2025\/04\/RAPWAPWPK.jpg","datePublished":"2025-04-09T03:24:32+00:00","dateModified":"2026-04-10T10:31:31+00:00","description":"Kit de pulido r\u00e1pido Planet Waves para guitarra, sistema de pulido en 3 pasos deun solo uso, contiene la cantidad necesaria para utilizar una vez cada producto, incluye restauraci\u00f3n, protecci\u00f3n y brillo, penetra la suciedad m\u00e1s dif\u00edcil para pulir marcas de remolino y rayones peque\u00f1os, protector y sellador natural, f\u00f3rmula qu\u00edmica avanzada que proporciona un brillo caracter\u00edstico, brillo que proporciona un nivel m\u00e1s de belleza satinada.","breadcrumb":{"@id":"https:\/\/www.mexicanguitarplayers.com\/tienda\/sin categor\u00eda\/crema-planet-wave-limpiadora-pw-pk\/#breadcrumb"},"inLanguage":"en-US","potentialAction":[{"@type":"ReadAction","target":["https:\/\/www.mexicanguitarplayers.com\/tienda\/sin categor\u00eda\/crema-planet-wave-limpiadora-pw-pk\/"]}]},{"@type":"ImageObject","inLanguage":"en-US","@id":"https:\/\/www.mexicanguitarplayers.com\/tienda\/sin categor\u00eda\/crema-planet-wave-limpiadora-pw-pk\/#primaryimage","url":"https:\/\/www.mexicanguitarplayers.com\/wp-content\/uploads\/2025\/04\/RAPWAPWPK.jpg","contentUrl":"https:\/\/www.mexicanguitarplayers.com\/wp-content\/uploads\/2025\/04\/RAPWAPWPK.jpg","width":1200,"height":1200},{"@type":"BreadcrumbList","@id":"https:\/\/www.mexicanguitarplayers.com\/tienda\/sin categor\u00eda\/crema-planet-wave-limpiadora-pw-pk\/#breadcrumb","itemListElement":[{"@type":"ListItem","position":1,"name":"Portada","item":"https:\/\/www.mexicanguitarplayers.com\/"},{"@type":"ListItem","position":2,"name":"Tienda","item":"https:\/\/www.mexicanguitarplayers.com\/tienda\/"},{"@type":"ListItem","position":3,"name":"CREMA PLANET WAVE LIMPIADORA PW-PK"}]},{"@type":"WebSite","@id":"https:\/\/www.mexicanguitarplayers.com\/#website","url":"https:\/\/www.mexicanguitarplayers.com\/","name":"Mexican Guitar Players","description":"Website","publisher":{"@id":"https:\/\/www.mexicanguitarplayers.com\/#organization"},"potentialAction":[{"@type":"SearchAction","target":{"@type":"EntryPoint","urlTemplate":"https:\/\/www.mexicanguitarplayers.com\/?s={search_term_string}"},"query-input":{"@type":"PropertyValueSpecification","valueRequired":true,"valueName":"search_term_string"}}],"inLanguage":"en-US"},{"@type":"Organization","@id":"https:\/\/www.mexicanguitarplayers.com\/#organization","name":"Mexican Guitar Players","url":"https:\/\/www.mexicanguitarplayers.com\/","logo":{"@type":"ImageObject","inLanguage":"en-US","@id":"https:\/\/www.mexicanguitarplayers.com\/#\/schema\/logo\/image\/","url":"","contentUrl":"","caption":"Mexican Guitar Players"},"image":{"@id":"https:\/\/www.mexicanguitarplayers.com\/#\/schema\/logo\/image\/"}}]}},"brands":[{"id":604,"name":"PLANET WAVES","slug":"planet-waves"}],"_links":{"self":[{"href":"https:\/\/www.mexicanguitarplayers.com\/en\/wp-json\/wp\/v2\/product\/33608","targetHints":{"allow":["GET"]}}],"collection":[{"href":"https:\/\/www.mexicanguitarplayers.com\/en\/wp-json\/wp\/v2\/product"}],"about":[{"href":"https:\/\/www.mexicanguitarplayers.com\/en\/wp-json\/wp\/v2\/types\/product"}],"replies":[{"embeddable":true,"href":"https:\/\/www.mexicanguitarplayers.com\/en\/wp-json\/wp\/v2\/comments?post=33608"}],"wp:featuredmedia":[{"embeddable":true,"href":"https:\/\/www.mexicanguitarplayers.com\/en\/wp-json\/wp\/v2\/media\/33607"}],"wp:attachment":[{"href":"https:\/\/www.mexicanguitarplayers.com\/en\/wp-json\/wp\/v2\/media?parent=33608"}],"wp:term":[{"taxonomy":"pwb-brand","embeddable":true,"href":"https:\/\/www.mexicanguitarplayers.com\/en\/wp-json\/wp\/v2\/pwb-brand?post=33608"},{"taxonomy":"product_brand","embeddable":true,"href":"https:\/\/www.mexicanguitarplayers.com\/en\/wp-json\/wp\/v2\/product_brand?post=33608"},{"taxonomy":"product_cat","embeddable":true,"href":"https:\/\/www.mexicanguitarplayers.com\/en\/wp-json\/wp\/v2\/product_cat?post=33608"},{"taxonomy":"product_tag","embeddable":true,"href":"https:\/\/www.mexicanguitarplayers.com\/en\/wp-json\/wp\/v2\/product_tag?post=33608"}],"curies":[{"name":"wp","href":"https:\/\/api.w.org\/{rel}","templated":true}]}}