{"id":33626,"date":"2025-04-08T21:24:54","date_gmt":"2025-04-09T03:24:54","guid":{"rendered":"https:\/\/www.mexicanguitarplayers.com\/tienda\/sin categor\u00eda\/cajon-meinl-ajustable-mod-sc100ha\/"},"modified":"2026-04-10T04:31:27","modified_gmt":"2026-04-10T10:31:27","slug":"cajon-meinl-ajustable-mod-sc100ha","status":"publish","type":"product","link":"https:\/\/www.mexicanguitarplayers.com\/en\/tienda\/percusiones\/percusiones-mayores\/cajones\/cajon-meinl-ajustable-mod-sc100ha\/","title":{"rendered":"CAJON MEINL AJUSTABLE MOD. SC100HA"},"content":{"rendered":"<div style=\"text-align: justify\">\n<div>\n<h3>El cl\u00e1sico sonido del caj\u00f3n.<\/h3>\n<\/div>\n<div>Los cajones Meinl Snarecraft combinan la puntuaci\u00f3n r\u00edtmica articulada con una calidad tonal c\u00e1lida para brindar a los percusionistas un sonido enfocado y un amplio rango din\u00e1mico. Est\u00e1n hechos de madera de abedul b\u00e1ltico y responden con un golpe sordo y de tonos crujientes. Los sonidos de tarola altamente expresivos provienen de dos sets internos de alambres de tarola que se fijan contra la placa frontal. Las esquinas redondeadas en la superficie ofrecen una comodidad total mientras maximizan su toque.<\/div>\n<div>\n<h4>Quick look<\/h4>\n<\/div>\n<ul style=\"margin: 0px 0px 0px 25px\">\n<li style=\"list-style-type: circle;margin: 5px\">Dimensions.<\/li>\n<\/ul>\n<div>\n<div style=\"font-weight: bold\">Dimensions.<\/div>\n<div>\n<p>Ancho: 11 3\/4&#8243;. Alto: 19 3\/4&#8243;. Profundidad: 11 3\/4&#8243;.<\/p>\n<\/div>\n<\/div>\n<div>\n<h4>Characteristics<\/h4>\n<\/div>\n<div>\n<ul style=\"margin: 0px 0px 0px 25px\">\n<li style=\"list-style-type: circle;margin: 5px\">Cajon ajustable.<\/li>\n<li style=\"list-style-type: circle;margin: 5px\">Cables internos fijos.<\/li>\n<li style=\"list-style-type: circle;margin: 5px\">Placa frontal de coraz\u00f3n de fresno.<\/li>\n<li style=\"list-style-type: circle;margin: 5px\">Cuerpo de abedul b\u00e1ltico de 7 capas (9 mm).<\/li>\n<li style=\"list-style-type: circle;margin: 5px\">Esquinas redondeadas.<\/li>\n<li style=\"list-style-type: circle;margin: 5px\">Patas de goma.<\/li>\n<li style=\"list-style-type: circle;margin: 5px\">Puerto de sonido.<\/li>\n<\/ul>\n<\/div>\n<\/div>","protected":false},"excerpt":{"rendered":"<p>Cajon ajustable, cables internos fijos, placa frontal de coraz\u00f3n de fresno, cuerpo de abedul b\u00e1ltico de 7 capas (9 mm), esquinas redondeadas, patas de goma, puerto de sonido, ancho: 11 3\/4\u201d, alto: 19 3\/4\u201d, profundidad: 11 3\/4\u201d.&hellip; <a class=\"kt-excerpt-readmore more-link\" href=\"https:\/\/www.mexicanguitarplayers.com\/en\/tienda\/percusiones\/percusiones-mayores\/cajones\/cajon-meinl-ajustable-mod-sc100ha\/\">Read more<\/a><\/p>","protected":false},"featured_media":33625,"comment_status":"open","ping_status":"closed","template":"","meta":{"kt_blocks_editor_width":""},"pwb-brand":[290],"product_brand":[],"product_cat":[268,208,267],"product_tag":[],"class_list":{"0":"post-33626","1":"product","2":"type-product","3":"status-publish","4":"has-post-thumbnail","6":"pwb-brand-meinl","7":"product_cat-cajones","8":"product_cat-percusiones","9":"product_cat-percusiones-mayores","10":"product_shipping_class-0-5-kg","12":"first","13":"instock","14":"taxable","15":"shipping-taxable","16":"purchasable","17":"product-type-simple"},"yoast_head":"<!-- This site is optimized with the Yoast SEO plugin v27.3 - https:\/\/yoast.com\/product\/yoast-seo-wordpress\/ -->\n<title>CAJON MEINL AJUSTABLE MOD. SC100HA - Mexican Guitar Players<\/title>\n<meta name=\"description\" content=\"Cajon ajustable, cables internos fijos, placa frontal de coraz\u00f3n de fresno, cuerpo de abedul b\u00e1ltico de 7 capas (9 mm), esquinas redondeadas, patas de goma, puerto de sonido, ancho: 11 3\/4\u201d, alto: 19 3\/4\u201d, profundidad: 11 3\/4\u201d.\" \/>\n<meta name=\"robots\" content=\"index, follow, max-snippet:-1, max-image-preview:large, max-video-preview:-1\" \/>\n<link rel=\"canonical\" href=\"https:\/\/www.mexicanguitarplayers.com\/en\/tienda\/sin%20categor\u00eda\/cajon-meinl-ajustable-mod-sc100ha\/\" \/>\n<meta property=\"og:locale\" content=\"en_US\" \/>\n<meta property=\"og:type\" content=\"article\" \/>\n<meta property=\"og:title\" content=\"CAJON MEINL AJUSTABLE MOD. SC100HA - Mexican Guitar Players\" \/>\n<meta property=\"og:description\" content=\"Cajon ajustable, cables internos fijos, placa frontal de coraz\u00f3n de fresno, cuerpo de abedul b\u00e1ltico de 7 capas (9 mm), esquinas redondeadas, patas de goma, puerto de sonido, ancho: 11 3\/4\u201d, alto: 19 3\/4\u201d, profundidad: 11 3\/4\u201d.\" \/>\n<meta property=\"og:url\" content=\"https:\/\/www.mexicanguitarplayers.com\/en\/tienda\/sin categor\u00eda\/cajon-meinl-ajustable-mod-sc100ha\/\" \/>\n<meta property=\"og:site_name\" content=\"Mexican Guitar Players\" \/>\n<meta property=\"article:modified_time\" content=\"2026-04-10T10:31:27+00:00\" \/>\n<meta name=\"twitter:card\" content=\"summary_large_image\" \/>\n<meta name=\"twitter:label1\" content=\"Est. reading time\" \/>\n\t<meta name=\"twitter:data1\" content=\"1 minute\" \/>\n<script type=\"application\/ld+json\" class=\"yoast-schema-graph\">{\"@context\":\"https:\\\/\\\/schema.org\",\"@graph\":[{\"@type\":[\"WebPage\",\"ItemPage\"],\"@id\":\"https:\\\/\\\/www.mexicanguitarplayers.com\\\/tienda\\\/sin categor\u00eda\\\/cajon-meinl-ajustable-mod-sc100ha\\\/\",\"url\":\"https:\\\/\\\/www.mexicanguitarplayers.com\\\/tienda\\\/sin categor\u00eda\\\/cajon-meinl-ajustable-mod-sc100ha\\\/\",\"name\":\"CAJON MEINL AJUSTABLE MOD. SC100HA - Mexican Guitar Players\",\"isPartOf\":{\"@id\":\"https:\\\/\\\/www.mexicanguitarplayers.com\\\/#website\"},\"primaryImageOfPage\":{\"@id\":\"https:\\\/\\\/www.mexicanguitarplayers.com\\\/tienda\\\/sin categor\u00eda\\\/cajon-meinl-ajustable-mod-sc100ha\\\/#primaryimage\"},\"image\":{\"@id\":\"https:\\\/\\\/www.mexicanguitarplayers.com\\\/tienda\\\/sin categor\u00eda\\\/cajon-meinl-ajustable-mod-sc100ha\\\/#primaryimage\"},\"thumbnailUrl\":\"https:\\\/\\\/www.mexicanguitarplayers.com\\\/wp-content\\\/uploads\\\/2025\\\/04\\\/IPMEISC100HA.jpg\",\"datePublished\":\"2025-04-09T03:24:54+00:00\",\"dateModified\":\"2026-04-10T10:31:27+00:00\",\"description\":\"Cajon ajustable, cables internos fijos, placa frontal de coraz\u00f3n de fresno, cuerpo de abedul b\u00e1ltico de 7 capas (9 mm), esquinas redondeadas, patas de goma, puerto de sonido, ancho: 11 3\\\/4\u201d, alto: 19 3\\\/4\u201d, profundidad: 11 3\\\/4\u201d.\",\"breadcrumb\":{\"@id\":\"https:\\\/\\\/www.mexicanguitarplayers.com\\\/tienda\\\/sin categor\u00eda\\\/cajon-meinl-ajustable-mod-sc100ha\\\/#breadcrumb\"},\"inLanguage\":\"en-US\",\"potentialAction\":[{\"@type\":\"ReadAction\",\"target\":[\"https:\\\/\\\/www.mexicanguitarplayers.com\\\/tienda\\\/sin categor\u00eda\\\/cajon-meinl-ajustable-mod-sc100ha\\\/\"]}]},{\"@type\":\"ImageObject\",\"inLanguage\":\"en-US\",\"@id\":\"https:\\\/\\\/www.mexicanguitarplayers.com\\\/tienda\\\/sin categor\u00eda\\\/cajon-meinl-ajustable-mod-sc100ha\\\/#primaryimage\",\"url\":\"https:\\\/\\\/www.mexicanguitarplayers.com\\\/wp-content\\\/uploads\\\/2025\\\/04\\\/IPMEISC100HA.jpg\",\"contentUrl\":\"https:\\\/\\\/www.mexicanguitarplayers.com\\\/wp-content\\\/uploads\\\/2025\\\/04\\\/IPMEISC100HA.jpg\",\"width\":1200,\"height\":1200},{\"@type\":\"BreadcrumbList\",\"@id\":\"https:\\\/\\\/www.mexicanguitarplayers.com\\\/tienda\\\/sin categor\u00eda\\\/cajon-meinl-ajustable-mod-sc100ha\\\/#breadcrumb\",\"itemListElement\":[{\"@type\":\"ListItem\",\"position\":1,\"name\":\"Portada\",\"item\":\"https:\\\/\\\/www.mexicanguitarplayers.com\\\/\"},{\"@type\":\"ListItem\",\"position\":2,\"name\":\"Tienda\",\"item\":\"https:\\\/\\\/www.mexicanguitarplayers.com\\\/tienda\\\/\"},{\"@type\":\"ListItem\",\"position\":3,\"name\":\"CAJON MEINL AJUSTABLE MOD. SC100HA\"}]},{\"@type\":\"WebSite\",\"@id\":\"https:\\\/\\\/www.mexicanguitarplayers.com\\\/#website\",\"url\":\"https:\\\/\\\/www.mexicanguitarplayers.com\\\/\",\"name\":\"Mexican Guitar Players\",\"description\":\"Website\",\"publisher\":{\"@id\":\"https:\\\/\\\/www.mexicanguitarplayers.com\\\/#organization\"},\"potentialAction\":[{\"@type\":\"SearchAction\",\"target\":{\"@type\":\"EntryPoint\",\"urlTemplate\":\"https:\\\/\\\/www.mexicanguitarplayers.com\\\/?s={search_term_string}\"},\"query-input\":{\"@type\":\"PropertyValueSpecification\",\"valueRequired\":true,\"valueName\":\"search_term_string\"}}],\"inLanguage\":\"en-US\"},{\"@type\":\"Organization\",\"@id\":\"https:\\\/\\\/www.mexicanguitarplayers.com\\\/#organization\",\"name\":\"Mexican Guitar Players\",\"url\":\"https:\\\/\\\/www.mexicanguitarplayers.com\\\/\",\"logo\":{\"@type\":\"ImageObject\",\"inLanguage\":\"en-US\",\"@id\":\"https:\\\/\\\/www.mexicanguitarplayers.com\\\/#\\\/schema\\\/logo\\\/image\\\/\",\"url\":\"\",\"contentUrl\":\"\",\"caption\":\"Mexican Guitar Players\"},\"image\":{\"@id\":\"https:\\\/\\\/www.mexicanguitarplayers.com\\\/#\\\/schema\\\/logo\\\/image\\\/\"}}]}<\/script>\n<!-- \/ Yoast SEO plugin. -->","yoast_head_json":{"title":"CAJON MEINL AJUSTABLE MOD. SC100HA - Mexican Guitar Players","description":"Cajon ajustable, cables internos fijos, placa frontal de coraz\u00f3n de fresno, cuerpo de abedul b\u00e1ltico de 7 capas (9 mm), esquinas redondeadas, patas de goma, puerto de sonido, ancho: 11 3\/4\u201d, alto: 19 3\/4\u201d, profundidad: 11 3\/4\u201d.","robots":{"index":"index","follow":"follow","max-snippet":"max-snippet:-1","max-image-preview":"max-image-preview:large","max-video-preview":"max-video-preview:-1"},"canonical":"https:\/\/www.mexicanguitarplayers.com\/en\/tienda\/sin categor\u00eda\/cajon-meinl-ajustable-mod-sc100ha\/","og_locale":"en_US","og_type":"article","og_title":"CAJON MEINL AJUSTABLE MOD. SC100HA - Mexican Guitar Players","og_description":"Cajon ajustable, cables internos fijos, placa frontal de coraz\u00f3n de fresno, cuerpo de abedul b\u00e1ltico de 7 capas (9 mm), esquinas redondeadas, patas de goma, puerto de sonido, ancho: 11 3\/4\u201d, alto: 19 3\/4\u201d, profundidad: 11 3\/4\u201d.","og_url":"https:\/\/www.mexicanguitarplayers.com\/en\/tienda\/sin categor\u00eda\/cajon-meinl-ajustable-mod-sc100ha\/","og_site_name":"Mexican Guitar Players","article_modified_time":"2026-04-10T10:31:27+00:00","twitter_card":"summary_large_image","twitter_misc":{"Est. reading time":"1 minute"},"schema":{"@context":"https:\/\/schema.org","@graph":[{"@type":["WebPage","ItemPage"],"@id":"https:\/\/www.mexicanguitarplayers.com\/tienda\/sin categor\u00eda\/cajon-meinl-ajustable-mod-sc100ha\/","url":"https:\/\/www.mexicanguitarplayers.com\/tienda\/sin categor\u00eda\/cajon-meinl-ajustable-mod-sc100ha\/","name":"CAJON MEINL AJUSTABLE MOD. SC100HA - Mexican Guitar Players","isPartOf":{"@id":"https:\/\/www.mexicanguitarplayers.com\/#website"},"primaryImageOfPage":{"@id":"https:\/\/www.mexicanguitarplayers.com\/tienda\/sin categor\u00eda\/cajon-meinl-ajustable-mod-sc100ha\/#primaryimage"},"image":{"@id":"https:\/\/www.mexicanguitarplayers.com\/tienda\/sin categor\u00eda\/cajon-meinl-ajustable-mod-sc100ha\/#primaryimage"},"thumbnailUrl":"https:\/\/www.mexicanguitarplayers.com\/wp-content\/uploads\/2025\/04\/IPMEISC100HA.jpg","datePublished":"2025-04-09T03:24:54+00:00","dateModified":"2026-04-10T10:31:27+00:00","description":"Cajon ajustable, cables internos fijos, placa frontal de coraz\u00f3n de fresno, cuerpo de abedul b\u00e1ltico de 7 capas (9 mm), esquinas redondeadas, patas de goma, puerto de sonido, ancho: 11 3\/4\u201d, alto: 19 3\/4\u201d, profundidad: 11 3\/4\u201d.","breadcrumb":{"@id":"https:\/\/www.mexicanguitarplayers.com\/tienda\/sin categor\u00eda\/cajon-meinl-ajustable-mod-sc100ha\/#breadcrumb"},"inLanguage":"en-US","potentialAction":[{"@type":"ReadAction","target":["https:\/\/www.mexicanguitarplayers.com\/tienda\/sin categor\u00eda\/cajon-meinl-ajustable-mod-sc100ha\/"]}]},{"@type":"ImageObject","inLanguage":"en-US","@id":"https:\/\/www.mexicanguitarplayers.com\/tienda\/sin categor\u00eda\/cajon-meinl-ajustable-mod-sc100ha\/#primaryimage","url":"https:\/\/www.mexicanguitarplayers.com\/wp-content\/uploads\/2025\/04\/IPMEISC100HA.jpg","contentUrl":"https:\/\/www.mexicanguitarplayers.com\/wp-content\/uploads\/2025\/04\/IPMEISC100HA.jpg","width":1200,"height":1200},{"@type":"BreadcrumbList","@id":"https:\/\/www.mexicanguitarplayers.com\/tienda\/sin categor\u00eda\/cajon-meinl-ajustable-mod-sc100ha\/#breadcrumb","itemListElement":[{"@type":"ListItem","position":1,"name":"Portada","item":"https:\/\/www.mexicanguitarplayers.com\/"},{"@type":"ListItem","position":2,"name":"Tienda","item":"https:\/\/www.mexicanguitarplayers.com\/tienda\/"},{"@type":"ListItem","position":3,"name":"CAJON MEINL AJUSTABLE MOD. SC100HA"}]},{"@type":"WebSite","@id":"https:\/\/www.mexicanguitarplayers.com\/#website","url":"https:\/\/www.mexicanguitarplayers.com\/","name":"Mexican Guitar Players","description":"Website","publisher":{"@id":"https:\/\/www.mexicanguitarplayers.com\/#organization"},"potentialAction":[{"@type":"SearchAction","target":{"@type":"EntryPoint","urlTemplate":"https:\/\/www.mexicanguitarplayers.com\/?s={search_term_string}"},"query-input":{"@type":"PropertyValueSpecification","valueRequired":true,"valueName":"search_term_string"}}],"inLanguage":"en-US"},{"@type":"Organization","@id":"https:\/\/www.mexicanguitarplayers.com\/#organization","name":"Mexican Guitar Players","url":"https:\/\/www.mexicanguitarplayers.com\/","logo":{"@type":"ImageObject","inLanguage":"en-US","@id":"https:\/\/www.mexicanguitarplayers.com\/#\/schema\/logo\/image\/","url":"","contentUrl":"","caption":"Mexican Guitar Players"},"image":{"@id":"https:\/\/www.mexicanguitarplayers.com\/#\/schema\/logo\/image\/"}}]}},"brands":[{"id":290,"name":"MEINL","slug":"meinl"}],"_links":{"self":[{"href":"https:\/\/www.mexicanguitarplayers.com\/en\/wp-json\/wp\/v2\/product\/33626","targetHints":{"allow":["GET"]}}],"collection":[{"href":"https:\/\/www.mexicanguitarplayers.com\/en\/wp-json\/wp\/v2\/product"}],"about":[{"href":"https:\/\/www.mexicanguitarplayers.com\/en\/wp-json\/wp\/v2\/types\/product"}],"replies":[{"embeddable":true,"href":"https:\/\/www.mexicanguitarplayers.com\/en\/wp-json\/wp\/v2\/comments?post=33626"}],"wp:featuredmedia":[{"embeddable":true,"href":"https:\/\/www.mexicanguitarplayers.com\/en\/wp-json\/wp\/v2\/media\/33625"}],"wp:attachment":[{"href":"https:\/\/www.mexicanguitarplayers.com\/en\/wp-json\/wp\/v2\/media?parent=33626"}],"wp:term":[{"taxonomy":"pwb-brand","embeddable":true,"href":"https:\/\/www.mexicanguitarplayers.com\/en\/wp-json\/wp\/v2\/pwb-brand?post=33626"},{"taxonomy":"product_brand","embeddable":true,"href":"https:\/\/www.mexicanguitarplayers.com\/en\/wp-json\/wp\/v2\/product_brand?post=33626"},{"taxonomy":"product_cat","embeddable":true,"href":"https:\/\/www.mexicanguitarplayers.com\/en\/wp-json\/wp\/v2\/product_cat?post=33626"},{"taxonomy":"product_tag","embeddable":true,"href":"https:\/\/www.mexicanguitarplayers.com\/en\/wp-json\/wp\/v2\/product_tag?post=33626"}],"curies":[{"name":"wp","href":"https:\/\/api.w.org\/{rel}","templated":true}]}}