{"id":33642,"date":"2025-04-08T21:25:19","date_gmt":"2025-04-09T03:25:19","guid":{"rendered":"https:\/\/www.mexicanguitarplayers.com\/tienda\/sin categor\u00eda\/guitarra-washburn-acustica-mod-agm5bmk-c-funda\/"},"modified":"2026-04-15T04:19:01","modified_gmt":"2026-04-15T10:19:01","slug":"guitarra-washburn-acustica-mod-agm5bmk-c-funda","status":"publish","type":"product","link":"https:\/\/www.mexicanguitarplayers.com\/en\/tienda\/cuerdas\/guitarras-cuerdas\/acusticas\/guitarras-acusticas\/guitarra-washburn-acustica-mod-agm5bmk-c-funda\/","title":{"rendered":"GUITARRA WASHBURN ACUSTICA MOD.AGM5BMK C\/FUNDA"},"content":{"rendered":"<div style=\"text-align: justify\">\n<div>\n<h3>Tu peque\u00f1a compa\u00f1era musical.<\/h3>\n<\/div>\n<div>Con la incorporaci\u00f3n de la Apprentice G-Mini 5 BK, Washburn se basa en el \u00e9xito de su AGM5K Apprentice G-Mini con un nuevo y emocionante modelo en negro mate. Compartiendo las proporciones reducidas de su instrumento hermano, la tapa de abeto seleccionado con terminado mate con la cl\u00e1sica roseta &#8220;Washburn Heritage&#8221; y la combinaci\u00f3n de aros y fondo de caoba de la G-Mini 5 BK dan un tono suave y bien definido con una sorprendente claridad de notas para un instrumento de menores dimensiones. El brazo de caoba con terminado mate natural es extremadamente c\u00f3modo y suave en las manos de los guitarristas, mientras que el diapas\u00f3n y el puente de techwood garantizan su estabilidad. Ideal en casa, en la sala de estar, en el chalet y en la fogata o en cualquier lugar donde te encuentres, la nueva G Mini 5 BK ser\u00e1 tu peque\u00f1a y fiel compa\u00f1era musical.<\/div>\n<div>\n<h4>Quick look<\/h4>\n<\/div>\n<ul style=\"margin: 0px 0px 0px 25px\">\n<li style=\"list-style-type: circle;margin: 5px\">Kind.<\/li>\n<li style=\"list-style-type: circle;margin: 5px\">Forma.<\/li>\n<li style=\"list-style-type: circle;margin: 5px\">Material de la tapa.<\/li>\n<li style=\"list-style-type: circle;margin: 5px\">Material de los aros.<\/li>\n<li style=\"list-style-type: circle;margin: 5px\">Material del fondo.<\/li>\n<li style=\"list-style-type: circle;margin: 5px\">Reinforcement.<\/li>\n<li style=\"list-style-type: circle;margin: 5px\">Rosette<\/li>\n<li style=\"list-style-type: circle;margin: 5px\">Color.<\/li>\n<li style=\"list-style-type: circle;margin: 5px\">Material del brazo.<\/li>\n<li style=\"list-style-type: circle;margin: 5px\">Diapason.<\/li>\n<li style=\"list-style-type: circle;margin: 5px\">Frets<\/li>\n<li style=\"list-style-type: circle;margin: 5px\">Scale.<\/li>\n<li style=\"list-style-type: circle;margin: 5px\">Nut.<\/li>\n<li style=\"list-style-type: circle;margin: 5px\">Scale.<\/li>\n<li style=\"list-style-type: circle;margin: 5px\">Hardware.<\/li>\n<li style=\"list-style-type: circle;margin: 5px\">Bridge.<\/li>\n<li style=\"list-style-type: circle;margin: 5px\">Afinadores.<\/li>\n<li style=\"list-style-type: circle;margin: 5px\">Strings<\/li>\n<li style=\"list-style-type: circle;margin: 5px\">Accessories included.<\/li>\n<\/ul>\n<div>\n<div style=\"font-weight: bold\">Kind.<\/div>\n<div>\n<p>Guitarra ac\u00fastica.<\/p>\n<\/div>\n<div style=\"font-weight: bold\">Forma.<\/div>\n<div>\n<p>Travel \/ Mini.<\/p>\n<\/div>\n<div style=\"font-weight: bold\">Material de la tapa.<\/div>\n<div>\n<p>Abeto seleccionado.<\/p>\n<\/div>\n<div style=\"font-weight: bold\">Material de los aros.<\/div>\n<div>\n<p>Caoba seleccionada.<\/p>\n<\/div>\n<div style=\"font-weight: bold\">Material del fondo.<\/div>\n<div>\n<p>Caoba seleccionada.<\/p>\n<\/div>\n<div style=\"font-weight: bold\">Reinforcement.<\/div>\n<div>\n<p>Festoneado aserrado en cuartos.<\/p>\n<\/div>\n<div style=\"font-weight: bold\">Rosette<\/div>\n<div>\n<p>Washburn Heritage.<\/p>\n<\/div>\n<div style=\"font-weight: bold\">Color.<\/div>\n<div>\n<p>Negro mate.<\/p>\n<\/div>\n<div style=\"font-weight: bold\">Material del brazo.<\/div>\n<div>\n<p>Mahogany.<\/p>\n<\/div>\n<div style=\"font-weight: bold\">Diapason.<\/div>\n<div>\n<p>Madera manufacturada.<\/p>\n<\/div>\n<div style=\"font-weight: bold\">Frets<\/div>\n<div>\n<p>20.<\/p>\n<\/div>\n<div style=\"font-weight: bold\">Scale.<\/div>\n<div>\n<p>Points.<\/p>\n<\/div>\n<div style=\"font-weight: bold\">Nut.<\/div>\n<div>\n<p>Pl\u00e1stico.<\/p>\n<\/div>\n<div style=\"font-weight: bold\">Scale.<\/div>\n<div>\n<p>23-1\/4&#8243;.<\/p>\n<\/div>\n<div style=\"font-weight: bold\">Hardware.<\/div>\n<div>\n<p>Cromado.<\/p>\n<\/div>\n<div style=\"font-weight: bold\">Bridge.<\/div>\n<div>\n<p>Madera manufacturada.<\/p>\n<\/div>\n<div style=\"font-weight: bold\">Afinadores.<\/div>\n<div>\n<p>Cromados con botones negros.<\/p>\n<\/div>\n<div style=\"font-weight: bold\">Strings<\/div>\n<div>\n<p>D&#8217;Addario.<\/p>\n<\/div>\n<div style=\"font-weight: bold\">Accessories included.<\/div>\n<div>\n<p>Funda de transporte.<\/p>\n<\/div>\n<\/div>\n<\/div>","protected":false},"excerpt":{"rendered":"<p>Guitarra ac\u00fastica Travel \/ Mini, tapa de abeto seleccionado, aros y fondo de caoba seleccionada, refuerzo festoneado aserrado en cuartos, roseta Washburn Heritage, color negro mate, brazo de caoba, diapas\u00f3n de madera manufacturada, 20 trastes, incrustaciones de puntos, cejuela de pl\u00e1stico, hardware cromado, puente de madera manufacturada, afinadores cromados con botones negros, cuerdas D&#8217;Addario, incluye funda de transporte.&hellip; <a class=\"kt-excerpt-readmore more-link\" href=\"https:\/\/www.mexicanguitarplayers.com\/en\/tienda\/cuerdas\/guitarras-cuerdas\/acusticas\/guitarras-acusticas\/guitarra-washburn-acustica-mod-agm5bmk-c-funda\/\">Read more<\/a><\/p>","protected":false},"featured_media":33638,"comment_status":"open","ping_status":"closed","template":"","meta":{"kt_blocks_editor_width":""},"pwb-brand":[178],"product_brand":[],"product_cat":[315,224,312,327],"product_tag":[],"class_list":{"0":"post-33642","1":"product","2":"type-product","3":"status-publish","4":"has-post-thumbnail","6":"pwb-brand-washburn","7":"product_cat-acusticas","8":"product_cat-cuerdas","9":"product_cat-guitarras-cuerdas","10":"product_cat-guitarras-acusticas","11":"product_shipping_class-0-5-kg","13":"first","14":"instock","15":"taxable","16":"shipping-taxable","17":"purchasable","18":"product-type-simple"},"yoast_head":"<!-- This site is optimized with the Yoast SEO plugin v27.5 - https:\/\/yoast.com\/product\/yoast-seo-wordpress\/ -->\n<title>GUITARRA WASHBURN ACUSTICA MOD.AGM5BMK C\/FUNDA - Mexican Guitar Players<\/title>\n<meta name=\"description\" content=\"Guitarra ac\u00fastica Travel \/ Mini, tapa de abeto seleccionado, aros y fondo de caoba seleccionada, refuerzo festoneado aserrado en cuartos, roseta Washburn Heritage, color negro mate, brazo de caoba, diapas\u00f3n de madera manufacturada, 20 trastes, incrustaciones de puntos, cejuela de pl\u00e1stico, hardware cromado, puente de madera manufacturada, afinadores cromados con botones negros, cuerdas D&#039;Addario, incluye funda de transporte.\" \/>\n<meta name=\"robots\" content=\"index, follow, max-snippet:-1, max-image-preview:large, max-video-preview:-1\" \/>\n<link rel=\"canonical\" href=\"https:\/\/www.mexicanguitarplayers.com\/en\/tienda\/sin%20categor\u00eda\/guitarra-washburn-acustica-mod-agm5bmk-c-funda\/\" \/>\n<meta property=\"og:locale\" content=\"en_US\" \/>\n<meta property=\"og:type\" content=\"article\" \/>\n<meta property=\"og:title\" content=\"GUITARRA WASHBURN ACUSTICA MOD.AGM5BMK C\/FUNDA - Mexican Guitar Players\" \/>\n<meta property=\"og:description\" content=\"Guitarra ac\u00fastica Travel \/ Mini, tapa de abeto seleccionado, aros y fondo de caoba seleccionada, refuerzo festoneado aserrado en cuartos, roseta Washburn Heritage, color negro mate, brazo de caoba, diapas\u00f3n de madera manufacturada, 20 trastes, incrustaciones de puntos, cejuela de pl\u00e1stico, hardware cromado, puente de madera manufacturada, afinadores cromados con botones negros, cuerdas D&#039;Addario, incluye funda de transporte.\" \/>\n<meta property=\"og:url\" content=\"https:\/\/www.mexicanguitarplayers.com\/en\/tienda\/sin categor\u00eda\/guitarra-washburn-acustica-mod-agm5bmk-c-funda\/\" \/>\n<meta property=\"og:site_name\" content=\"Mexican Guitar Players\" \/>\n<meta property=\"article:modified_time\" content=\"2026-04-15T10:19:01+00:00\" \/>\n<meta name=\"twitter:card\" content=\"summary_large_image\" \/>\n<meta name=\"twitter:label1\" content=\"Est. reading time\" \/>\n\t<meta name=\"twitter:data1\" content=\"1 minute\" \/>\n<script type=\"application\/ld+json\" class=\"yoast-schema-graph\">{\"@context\":\"https:\\\/\\\/schema.org\",\"@graph\":[{\"@type\":[\"WebPage\",\"ItemPage\"],\"@id\":\"https:\\\/\\\/www.mexicanguitarplayers.com\\\/tienda\\\/sin categor\u00eda\\\/guitarra-washburn-acustica-mod-agm5bmk-c-funda\\\/\",\"url\":\"https:\\\/\\\/www.mexicanguitarplayers.com\\\/tienda\\\/sin categor\u00eda\\\/guitarra-washburn-acustica-mod-agm5bmk-c-funda\\\/\",\"name\":\"GUITARRA WASHBURN ACUSTICA MOD.AGM5BMK C\\\/FUNDA - Mexican Guitar Players\",\"isPartOf\":{\"@id\":\"https:\\\/\\\/www.mexicanguitarplayers.com\\\/#website\"},\"primaryImageOfPage\":{\"@id\":\"https:\\\/\\\/www.mexicanguitarplayers.com\\\/tienda\\\/sin categor\u00eda\\\/guitarra-washburn-acustica-mod-agm5bmk-c-funda\\\/#primaryimage\"},\"image\":{\"@id\":\"https:\\\/\\\/www.mexicanguitarplayers.com\\\/tienda\\\/sin categor\u00eda\\\/guitarra-washburn-acustica-mod-agm5bmk-c-funda\\\/#primaryimage\"},\"thumbnailUrl\":\"https:\\\/\\\/www.mexicanguitarplayers.com\\\/wp-content\\\/uploads\\\/2025\\\/04\\\/ISWASAGM5BMK.jpg\",\"datePublished\":\"2025-04-09T03:25:19+00:00\",\"dateModified\":\"2026-04-15T10:19:01+00:00\",\"description\":\"Guitarra ac\u00fastica Travel \\\/ Mini, tapa de abeto seleccionado, aros y fondo de caoba seleccionada, refuerzo festoneado aserrado en cuartos, roseta Washburn Heritage, color negro mate, brazo de caoba, diapas\u00f3n de madera manufacturada, 20 trastes, incrustaciones de puntos, cejuela de pl\u00e1stico, hardware cromado, puente de madera manufacturada, afinadores cromados con botones negros, cuerdas D'Addario, incluye funda de transporte.\",\"breadcrumb\":{\"@id\":\"https:\\\/\\\/www.mexicanguitarplayers.com\\\/tienda\\\/sin categor\u00eda\\\/guitarra-washburn-acustica-mod-agm5bmk-c-funda\\\/#breadcrumb\"},\"inLanguage\":\"en-US\",\"potentialAction\":[{\"@type\":\"ReadAction\",\"target\":[\"https:\\\/\\\/www.mexicanguitarplayers.com\\\/tienda\\\/sin categor\u00eda\\\/guitarra-washburn-acustica-mod-agm5bmk-c-funda\\\/\"]}]},{\"@type\":\"ImageObject\",\"inLanguage\":\"en-US\",\"@id\":\"https:\\\/\\\/www.mexicanguitarplayers.com\\\/tienda\\\/sin categor\u00eda\\\/guitarra-washburn-acustica-mod-agm5bmk-c-funda\\\/#primaryimage\",\"url\":\"https:\\\/\\\/www.mexicanguitarplayers.com\\\/wp-content\\\/uploads\\\/2025\\\/04\\\/ISWASAGM5BMK.jpg\",\"contentUrl\":\"https:\\\/\\\/www.mexicanguitarplayers.com\\\/wp-content\\\/uploads\\\/2025\\\/04\\\/ISWASAGM5BMK.jpg\",\"width\":1200,\"height\":1200},{\"@type\":\"BreadcrumbList\",\"@id\":\"https:\\\/\\\/www.mexicanguitarplayers.com\\\/tienda\\\/sin categor\u00eda\\\/guitarra-washburn-acustica-mod-agm5bmk-c-funda\\\/#breadcrumb\",\"itemListElement\":[{\"@type\":\"ListItem\",\"position\":1,\"name\":\"Portada\",\"item\":\"https:\\\/\\\/www.mexicanguitarplayers.com\\\/\"},{\"@type\":\"ListItem\",\"position\":2,\"name\":\"Tienda\",\"item\":\"https:\\\/\\\/www.mexicanguitarplayers.com\\\/tienda\\\/\"},{\"@type\":\"ListItem\",\"position\":3,\"name\":\"GUITARRA WASHBURN ACUSTICA MOD.AGM5BMK C\\\/FUNDA\"}]},{\"@type\":\"WebSite\",\"@id\":\"https:\\\/\\\/www.mexicanguitarplayers.com\\\/#website\",\"url\":\"https:\\\/\\\/www.mexicanguitarplayers.com\\\/\",\"name\":\"Mexican Guitar Players\",\"description\":\"Website\",\"publisher\":{\"@id\":\"https:\\\/\\\/www.mexicanguitarplayers.com\\\/#organization\"},\"potentialAction\":[{\"@type\":\"SearchAction\",\"target\":{\"@type\":\"EntryPoint\",\"urlTemplate\":\"https:\\\/\\\/www.mexicanguitarplayers.com\\\/?s={search_term_string}\"},\"query-input\":{\"@type\":\"PropertyValueSpecification\",\"valueRequired\":true,\"valueName\":\"search_term_string\"}}],\"inLanguage\":\"en-US\"},{\"@type\":\"Organization\",\"@id\":\"https:\\\/\\\/www.mexicanguitarplayers.com\\\/#organization\",\"name\":\"Mexican Guitar Players\",\"url\":\"https:\\\/\\\/www.mexicanguitarplayers.com\\\/\",\"logo\":{\"@type\":\"ImageObject\",\"inLanguage\":\"en-US\",\"@id\":\"https:\\\/\\\/www.mexicanguitarplayers.com\\\/#\\\/schema\\\/logo\\\/image\\\/\",\"url\":\"\",\"contentUrl\":\"\",\"caption\":\"Mexican Guitar Players\"},\"image\":{\"@id\":\"https:\\\/\\\/www.mexicanguitarplayers.com\\\/#\\\/schema\\\/logo\\\/image\\\/\"}}]}<\/script>\n<!-- \/ Yoast SEO plugin. -->","yoast_head_json":{"title":"GUITARRA WASHBURN ACUSTICA MOD.AGM5BMK C\/FUNDA - Mexican Guitar Players","description":"Guitarra ac\u00fastica Travel \/ Mini, tapa de abeto seleccionado, aros y fondo de caoba seleccionada, refuerzo festoneado aserrado en cuartos, roseta Washburn Heritage, color negro mate, brazo de caoba, diapas\u00f3n de madera manufacturada, 20 trastes, incrustaciones de puntos, cejuela de pl\u00e1stico, hardware cromado, puente de madera manufacturada, afinadores cromados con botones negros, cuerdas D'Addario, incluye funda de transporte.","robots":{"index":"index","follow":"follow","max-snippet":"max-snippet:-1","max-image-preview":"max-image-preview:large","max-video-preview":"max-video-preview:-1"},"canonical":"https:\/\/www.mexicanguitarplayers.com\/en\/tienda\/sin categor\u00eda\/guitarra-washburn-acustica-mod-agm5bmk-c-funda\/","og_locale":"en_US","og_type":"article","og_title":"GUITARRA WASHBURN ACUSTICA MOD.AGM5BMK C\/FUNDA - Mexican Guitar Players","og_description":"Guitarra ac\u00fastica Travel \/ Mini, tapa de abeto seleccionado, aros y fondo de caoba seleccionada, refuerzo festoneado aserrado en cuartos, roseta Washburn Heritage, color negro mate, brazo de caoba, diapas\u00f3n de madera manufacturada, 20 trastes, incrustaciones de puntos, cejuela de pl\u00e1stico, hardware cromado, puente de madera manufacturada, afinadores cromados con botones negros, cuerdas D'Addario, incluye funda de transporte.","og_url":"https:\/\/www.mexicanguitarplayers.com\/en\/tienda\/sin categor\u00eda\/guitarra-washburn-acustica-mod-agm5bmk-c-funda\/","og_site_name":"Mexican Guitar Players","article_modified_time":"2026-04-15T10:19:01+00:00","twitter_card":"summary_large_image","twitter_misc":{"Est. reading time":"1 minute"},"schema":{"@context":"https:\/\/schema.org","@graph":[{"@type":["WebPage","ItemPage"],"@id":"https:\/\/www.mexicanguitarplayers.com\/tienda\/sin categor\u00eda\/guitarra-washburn-acustica-mod-agm5bmk-c-funda\/","url":"https:\/\/www.mexicanguitarplayers.com\/tienda\/sin categor\u00eda\/guitarra-washburn-acustica-mod-agm5bmk-c-funda\/","name":"GUITARRA WASHBURN ACUSTICA MOD.AGM5BMK C\/FUNDA - Mexican Guitar Players","isPartOf":{"@id":"https:\/\/www.mexicanguitarplayers.com\/#website"},"primaryImageOfPage":{"@id":"https:\/\/www.mexicanguitarplayers.com\/tienda\/sin categor\u00eda\/guitarra-washburn-acustica-mod-agm5bmk-c-funda\/#primaryimage"},"image":{"@id":"https:\/\/www.mexicanguitarplayers.com\/tienda\/sin categor\u00eda\/guitarra-washburn-acustica-mod-agm5bmk-c-funda\/#primaryimage"},"thumbnailUrl":"https:\/\/www.mexicanguitarplayers.com\/wp-content\/uploads\/2025\/04\/ISWASAGM5BMK.jpg","datePublished":"2025-04-09T03:25:19+00:00","dateModified":"2026-04-15T10:19:01+00:00","description":"Guitarra ac\u00fastica Travel \/ Mini, tapa de abeto seleccionado, aros y fondo de caoba seleccionada, refuerzo festoneado aserrado en cuartos, roseta Washburn Heritage, color negro mate, brazo de caoba, diapas\u00f3n de madera manufacturada, 20 trastes, incrustaciones de puntos, cejuela de pl\u00e1stico, hardware cromado, puente de madera manufacturada, afinadores cromados con botones negros, cuerdas D'Addario, incluye funda de transporte.","breadcrumb":{"@id":"https:\/\/www.mexicanguitarplayers.com\/tienda\/sin categor\u00eda\/guitarra-washburn-acustica-mod-agm5bmk-c-funda\/#breadcrumb"},"inLanguage":"en-US","potentialAction":[{"@type":"ReadAction","target":["https:\/\/www.mexicanguitarplayers.com\/tienda\/sin categor\u00eda\/guitarra-washburn-acustica-mod-agm5bmk-c-funda\/"]}]},{"@type":"ImageObject","inLanguage":"en-US","@id":"https:\/\/www.mexicanguitarplayers.com\/tienda\/sin categor\u00eda\/guitarra-washburn-acustica-mod-agm5bmk-c-funda\/#primaryimage","url":"https:\/\/www.mexicanguitarplayers.com\/wp-content\/uploads\/2025\/04\/ISWASAGM5BMK.jpg","contentUrl":"https:\/\/www.mexicanguitarplayers.com\/wp-content\/uploads\/2025\/04\/ISWASAGM5BMK.jpg","width":1200,"height":1200},{"@type":"BreadcrumbList","@id":"https:\/\/www.mexicanguitarplayers.com\/tienda\/sin categor\u00eda\/guitarra-washburn-acustica-mod-agm5bmk-c-funda\/#breadcrumb","itemListElement":[{"@type":"ListItem","position":1,"name":"Portada","item":"https:\/\/www.mexicanguitarplayers.com\/"},{"@type":"ListItem","position":2,"name":"Tienda","item":"https:\/\/www.mexicanguitarplayers.com\/tienda\/"},{"@type":"ListItem","position":3,"name":"GUITARRA WASHBURN ACUSTICA MOD.AGM5BMK C\/FUNDA"}]},{"@type":"WebSite","@id":"https:\/\/www.mexicanguitarplayers.com\/#website","url":"https:\/\/www.mexicanguitarplayers.com\/","name":"Mexican Guitar Players","description":"Website","publisher":{"@id":"https:\/\/www.mexicanguitarplayers.com\/#organization"},"potentialAction":[{"@type":"SearchAction","target":{"@type":"EntryPoint","urlTemplate":"https:\/\/www.mexicanguitarplayers.com\/?s={search_term_string}"},"query-input":{"@type":"PropertyValueSpecification","valueRequired":true,"valueName":"search_term_string"}}],"inLanguage":"en-US"},{"@type":"Organization","@id":"https:\/\/www.mexicanguitarplayers.com\/#organization","name":"Mexican Guitar Players","url":"https:\/\/www.mexicanguitarplayers.com\/","logo":{"@type":"ImageObject","inLanguage":"en-US","@id":"https:\/\/www.mexicanguitarplayers.com\/#\/schema\/logo\/image\/","url":"","contentUrl":"","caption":"Mexican Guitar Players"},"image":{"@id":"https:\/\/www.mexicanguitarplayers.com\/#\/schema\/logo\/image\/"}}]}},"brands":[{"id":178,"name":"WASHBURN","slug":"washburn"}],"_links":{"self":[{"href":"https:\/\/www.mexicanguitarplayers.com\/en\/wp-json\/wp\/v2\/product\/33642","targetHints":{"allow":["GET"]}}],"collection":[{"href":"https:\/\/www.mexicanguitarplayers.com\/en\/wp-json\/wp\/v2\/product"}],"about":[{"href":"https:\/\/www.mexicanguitarplayers.com\/en\/wp-json\/wp\/v2\/types\/product"}],"replies":[{"embeddable":true,"href":"https:\/\/www.mexicanguitarplayers.com\/en\/wp-json\/wp\/v2\/comments?post=33642"}],"wp:featuredmedia":[{"embeddable":true,"href":"https:\/\/www.mexicanguitarplayers.com\/en\/wp-json\/wp\/v2\/media\/33638"}],"wp:attachment":[{"href":"https:\/\/www.mexicanguitarplayers.com\/en\/wp-json\/wp\/v2\/media?parent=33642"}],"wp:term":[{"taxonomy":"pwb-brand","embeddable":true,"href":"https:\/\/www.mexicanguitarplayers.com\/en\/wp-json\/wp\/v2\/pwb-brand?post=33642"},{"taxonomy":"product_brand","embeddable":true,"href":"https:\/\/www.mexicanguitarplayers.com\/en\/wp-json\/wp\/v2\/product_brand?post=33642"},{"taxonomy":"product_cat","embeddable":true,"href":"https:\/\/www.mexicanguitarplayers.com\/en\/wp-json\/wp\/v2\/product_cat?post=33642"},{"taxonomy":"product_tag","embeddable":true,"href":"https:\/\/www.mexicanguitarplayers.com\/en\/wp-json\/wp\/v2\/product_tag?post=33642"}],"curies":[{"name":"wp","href":"https:\/\/api.w.org\/{rel}","templated":true}]}}