{"id":33672,"date":"2025-04-08T21:25:57","date_gmt":"2025-04-09T03:25:57","guid":{"rendered":"https:\/\/www.mexicanguitarplayers.com\/tienda\/sin categor\u00eda\/unas-planet-wave-set-mod-4csh6-50\/"},"modified":"2026-05-01T07:22:38","modified_gmt":"2026-05-01T13:22:38","slug":"unas-planet-wave-set-mod-4csh6-50","status":"publish","type":"product","link":"https:\/\/www.mexicanguitarplayers.com\/en\/tienda\/accesorios\/para-guitarras\/unas-y-puas\/unas-planet-wave-set-mod-4csh6-50\/","title":{"rendered":"U\u00d1AS PLANET WAVE SET MOD. 4CSH6-50"},"content":{"rendered":"<div style=\"text-align: justify\">\n<div>\n<h3>Sensaci\u00f3n y sonido natural.<\/h3>\n<\/div>\n<div>Paquete de 50 p\u00faas para dedo color carey de tama\u00f1o grande, fabricadas en celuloide de m\u00e1xima calidad. El celuloide es uno de los materiales para p\u00faas de guitarra m\u00e1s populares en la actualidad. Se encuentra disponible en una amplia variedad de formas, colores y espesores, y proporciona una sensaci\u00f3n natural al tacto y un tono c\u00e1lido y grueso. El celuloide, un material sint\u00e9tico, se introdujo por primera vez a principios de 1900 como sustituto de las p\u00faas de caparaz\u00f3n de tortuga natural.<\/div>\n<div>\n<h4>Quick look<\/h4>\n<\/div>\n<ul style=\"margin: 0px 0px 0px 25px\">\n<li style=\"list-style-type: circle;margin: 5px\">Celuloide de m\u00e1xima calidad.<\/li>\n<\/ul>\n<div>\n<div style=\"font-weight: bold\">Celuloide de m\u00e1xima calidad.<\/div>\n<div>\n<p>Proporciona una sensaci\u00f3n natural al tacto y tono c\u00e1lido y grueso.<\/p>\n<\/div>\n<\/div>\n<div>\n<h4>Characteristics<\/h4>\n<\/div>\n<div>\n<ul style=\"margin: 0px 0px 0px 25px\">\n<li style=\"list-style-type: circle;margin: 5px\">50 p\u00faas por paquete.<\/li>\n<li style=\"list-style-type: circle;margin: 5px\">P\u00faas para dedo tama\u00f1o grande.<\/li>\n<li style=\"list-style-type: circle;margin: 5px\">Color carey.<\/li>\n<\/ul>\n<\/div>\n<\/div>","protected":false},"excerpt":{"rendered":"<p>Paquete con 50 p\u00faas para dedo, tama\u00f1o grande, color carey, fabricadas en celuloide de m\u00e1xima calidad, proporciona una sensaci\u00f3n natural al tacto y un tono c\u00e1lidoy grueso.&hellip; <a class=\"kt-excerpt-readmore more-link\" href=\"https:\/\/www.mexicanguitarplayers.com\/en\/tienda\/accesorios\/para-guitarras\/unas-y-puas\/unas-planet-wave-set-mod-4csh6-50\/\">Read more<\/a><\/p>","protected":false},"featured_media":33671,"comment_status":"open","ping_status":"closed","template":"","meta":{"kt_blocks_editor_width":""},"pwb-brand":[604],"product_brand":[],"product_cat":[85,336,633],"product_tag":[],"class_list":{"0":"post-33672","1":"product","2":"type-product","3":"status-publish","4":"has-post-thumbnail","6":"pwb-brand-planet-waves","7":"product_cat-accesorios","8":"product_cat-para-guitarras","9":"product_cat-unas-y-puas","10":"product_shipping_class-0-5-kg","12":"first","13":"instock","14":"taxable","15":"shipping-taxable","16":"purchasable","17":"product-type-simple"},"yoast_head":"<!-- This site is optimized with the Yoast SEO plugin v27.5 - https:\/\/yoast.com\/product\/yoast-seo-wordpress\/ -->\n<title>U\u00d1AS PLANET WAVE SET MOD. 4CSH6-50 - Mexican Guitar Players<\/title>\n<meta name=\"description\" content=\"Paquete con 50 p\u00faas para dedo, tama\u00f1o grande, color carey, fabricadas en celuloide de m\u00e1xima calidad, proporciona una sensaci\u00f3n natural al tacto y un tono c\u00e1lidoy grueso.\" \/>\n<meta name=\"robots\" content=\"index, follow, max-snippet:-1, max-image-preview:large, max-video-preview:-1\" \/>\n<link rel=\"canonical\" href=\"https:\/\/www.mexicanguitarplayers.com\/en\/tienda\/sin%20categor\u00eda\/unas-planet-wave-set-mod-4csh6-50\/\" \/>\n<meta property=\"og:locale\" content=\"en_US\" \/>\n<meta property=\"og:type\" content=\"article\" \/>\n<meta property=\"og:title\" content=\"U\u00d1AS PLANET WAVE SET MOD. 4CSH6-50 - Mexican Guitar Players\" \/>\n<meta property=\"og:description\" content=\"Paquete con 50 p\u00faas para dedo, tama\u00f1o grande, color carey, fabricadas en celuloide de m\u00e1xima calidad, proporciona una sensaci\u00f3n natural al tacto y un tono c\u00e1lidoy grueso.\" \/>\n<meta property=\"og:url\" content=\"https:\/\/www.mexicanguitarplayers.com\/en\/tienda\/sin categor\u00eda\/unas-planet-wave-set-mod-4csh6-50\/\" \/>\n<meta property=\"og:site_name\" content=\"Mexican Guitar Players\" \/>\n<meta property=\"article:modified_time\" content=\"2026-05-01T13:22:38+00:00\" \/>\n<meta name=\"twitter:card\" content=\"summary_large_image\" \/>\n<meta name=\"twitter:label1\" content=\"Est. reading time\" \/>\n\t<meta name=\"twitter:data1\" content=\"1 minute\" \/>\n<script type=\"application\/ld+json\" class=\"yoast-schema-graph\">{\"@context\":\"https:\\\/\\\/schema.org\",\"@graph\":[{\"@type\":[\"WebPage\",\"ItemPage\"],\"@id\":\"https:\\\/\\\/www.mexicanguitarplayers.com\\\/tienda\\\/sin categor\u00eda\\\/unas-planet-wave-set-mod-4csh6-50\\\/\",\"url\":\"https:\\\/\\\/www.mexicanguitarplayers.com\\\/tienda\\\/sin categor\u00eda\\\/unas-planet-wave-set-mod-4csh6-50\\\/\",\"name\":\"U\u00d1AS PLANET WAVE SET MOD. 4CSH6-50 - Mexican Guitar Players\",\"isPartOf\":{\"@id\":\"https:\\\/\\\/www.mexicanguitarplayers.com\\\/#website\"},\"primaryImageOfPage\":{\"@id\":\"https:\\\/\\\/www.mexicanguitarplayers.com\\\/tienda\\\/sin categor\u00eda\\\/unas-planet-wave-set-mod-4csh6-50\\\/#primaryimage\"},\"image\":{\"@id\":\"https:\\\/\\\/www.mexicanguitarplayers.com\\\/tienda\\\/sin categor\u00eda\\\/unas-planet-wave-set-mod-4csh6-50\\\/#primaryimage\"},\"thumbnailUrl\":\"https:\\\/\\\/www.mexicanguitarplayers.com\\\/wp-content\\\/uploads\\\/2025\\\/04\\\/RAPWA4CSH650.jpg\",\"datePublished\":\"2025-04-09T03:25:57+00:00\",\"dateModified\":\"2026-05-01T13:22:38+00:00\",\"description\":\"Paquete con 50 p\u00faas para dedo, tama\u00f1o grande, color carey, fabricadas en celuloide de m\u00e1xima calidad, proporciona una sensaci\u00f3n natural al tacto y un tono c\u00e1lidoy grueso.\",\"breadcrumb\":{\"@id\":\"https:\\\/\\\/www.mexicanguitarplayers.com\\\/tienda\\\/sin categor\u00eda\\\/unas-planet-wave-set-mod-4csh6-50\\\/#breadcrumb\"},\"inLanguage\":\"en-US\",\"potentialAction\":[{\"@type\":\"ReadAction\",\"target\":[\"https:\\\/\\\/www.mexicanguitarplayers.com\\\/tienda\\\/sin categor\u00eda\\\/unas-planet-wave-set-mod-4csh6-50\\\/\"]}]},{\"@type\":\"ImageObject\",\"inLanguage\":\"en-US\",\"@id\":\"https:\\\/\\\/www.mexicanguitarplayers.com\\\/tienda\\\/sin categor\u00eda\\\/unas-planet-wave-set-mod-4csh6-50\\\/#primaryimage\",\"url\":\"https:\\\/\\\/www.mexicanguitarplayers.com\\\/wp-content\\\/uploads\\\/2025\\\/04\\\/RAPWA4CSH650.jpg\",\"contentUrl\":\"https:\\\/\\\/www.mexicanguitarplayers.com\\\/wp-content\\\/uploads\\\/2025\\\/04\\\/RAPWA4CSH650.jpg\",\"width\":1200,\"height\":1200},{\"@type\":\"BreadcrumbList\",\"@id\":\"https:\\\/\\\/www.mexicanguitarplayers.com\\\/tienda\\\/sin categor\u00eda\\\/unas-planet-wave-set-mod-4csh6-50\\\/#breadcrumb\",\"itemListElement\":[{\"@type\":\"ListItem\",\"position\":1,\"name\":\"Portada\",\"item\":\"https:\\\/\\\/www.mexicanguitarplayers.com\\\/\"},{\"@type\":\"ListItem\",\"position\":2,\"name\":\"Tienda\",\"item\":\"https:\\\/\\\/www.mexicanguitarplayers.com\\\/tienda\\\/\"},{\"@type\":\"ListItem\",\"position\":3,\"name\":\"U\u00d1AS PLANET WAVE SET MOD. 4CSH6-50\"}]},{\"@type\":\"WebSite\",\"@id\":\"https:\\\/\\\/www.mexicanguitarplayers.com\\\/#website\",\"url\":\"https:\\\/\\\/www.mexicanguitarplayers.com\\\/\",\"name\":\"Mexican Guitar Players\",\"description\":\"Website\",\"publisher\":{\"@id\":\"https:\\\/\\\/www.mexicanguitarplayers.com\\\/#organization\"},\"potentialAction\":[{\"@type\":\"SearchAction\",\"target\":{\"@type\":\"EntryPoint\",\"urlTemplate\":\"https:\\\/\\\/www.mexicanguitarplayers.com\\\/?s={search_term_string}\"},\"query-input\":{\"@type\":\"PropertyValueSpecification\",\"valueRequired\":true,\"valueName\":\"search_term_string\"}}],\"inLanguage\":\"en-US\"},{\"@type\":\"Organization\",\"@id\":\"https:\\\/\\\/www.mexicanguitarplayers.com\\\/#organization\",\"name\":\"Mexican Guitar Players\",\"url\":\"https:\\\/\\\/www.mexicanguitarplayers.com\\\/\",\"logo\":{\"@type\":\"ImageObject\",\"inLanguage\":\"en-US\",\"@id\":\"https:\\\/\\\/www.mexicanguitarplayers.com\\\/#\\\/schema\\\/logo\\\/image\\\/\",\"url\":\"\",\"contentUrl\":\"\",\"caption\":\"Mexican Guitar Players\"},\"image\":{\"@id\":\"https:\\\/\\\/www.mexicanguitarplayers.com\\\/#\\\/schema\\\/logo\\\/image\\\/\"}}]}<\/script>\n<!-- \/ Yoast SEO plugin. -->","yoast_head_json":{"title":"U\u00d1AS PLANET WAVE SET MOD. 4CSH6-50 - Mexican Guitar Players","description":"Paquete con 50 p\u00faas para dedo, tama\u00f1o grande, color carey, fabricadas en celuloide de m\u00e1xima calidad, proporciona una sensaci\u00f3n natural al tacto y un tono c\u00e1lidoy grueso.","robots":{"index":"index","follow":"follow","max-snippet":"max-snippet:-1","max-image-preview":"max-image-preview:large","max-video-preview":"max-video-preview:-1"},"canonical":"https:\/\/www.mexicanguitarplayers.com\/en\/tienda\/sin categor\u00eda\/unas-planet-wave-set-mod-4csh6-50\/","og_locale":"en_US","og_type":"article","og_title":"U\u00d1AS PLANET WAVE SET MOD. 4CSH6-50 - Mexican Guitar Players","og_description":"Paquete con 50 p\u00faas para dedo, tama\u00f1o grande, color carey, fabricadas en celuloide de m\u00e1xima calidad, proporciona una sensaci\u00f3n natural al tacto y un tono c\u00e1lidoy grueso.","og_url":"https:\/\/www.mexicanguitarplayers.com\/en\/tienda\/sin categor\u00eda\/unas-planet-wave-set-mod-4csh6-50\/","og_site_name":"Mexican Guitar Players","article_modified_time":"2026-05-01T13:22:38+00:00","twitter_card":"summary_large_image","twitter_misc":{"Est. reading time":"1 minute"},"schema":{"@context":"https:\/\/schema.org","@graph":[{"@type":["WebPage","ItemPage"],"@id":"https:\/\/www.mexicanguitarplayers.com\/tienda\/sin categor\u00eda\/unas-planet-wave-set-mod-4csh6-50\/","url":"https:\/\/www.mexicanguitarplayers.com\/tienda\/sin categor\u00eda\/unas-planet-wave-set-mod-4csh6-50\/","name":"U\u00d1AS PLANET WAVE SET MOD. 4CSH6-50 - Mexican Guitar Players","isPartOf":{"@id":"https:\/\/www.mexicanguitarplayers.com\/#website"},"primaryImageOfPage":{"@id":"https:\/\/www.mexicanguitarplayers.com\/tienda\/sin categor\u00eda\/unas-planet-wave-set-mod-4csh6-50\/#primaryimage"},"image":{"@id":"https:\/\/www.mexicanguitarplayers.com\/tienda\/sin categor\u00eda\/unas-planet-wave-set-mod-4csh6-50\/#primaryimage"},"thumbnailUrl":"https:\/\/www.mexicanguitarplayers.com\/wp-content\/uploads\/2025\/04\/RAPWA4CSH650.jpg","datePublished":"2025-04-09T03:25:57+00:00","dateModified":"2026-05-01T13:22:38+00:00","description":"Paquete con 50 p\u00faas para dedo, tama\u00f1o grande, color carey, fabricadas en celuloide de m\u00e1xima calidad, proporciona una sensaci\u00f3n natural al tacto y un tono c\u00e1lidoy grueso.","breadcrumb":{"@id":"https:\/\/www.mexicanguitarplayers.com\/tienda\/sin categor\u00eda\/unas-planet-wave-set-mod-4csh6-50\/#breadcrumb"},"inLanguage":"en-US","potentialAction":[{"@type":"ReadAction","target":["https:\/\/www.mexicanguitarplayers.com\/tienda\/sin categor\u00eda\/unas-planet-wave-set-mod-4csh6-50\/"]}]},{"@type":"ImageObject","inLanguage":"en-US","@id":"https:\/\/www.mexicanguitarplayers.com\/tienda\/sin categor\u00eda\/unas-planet-wave-set-mod-4csh6-50\/#primaryimage","url":"https:\/\/www.mexicanguitarplayers.com\/wp-content\/uploads\/2025\/04\/RAPWA4CSH650.jpg","contentUrl":"https:\/\/www.mexicanguitarplayers.com\/wp-content\/uploads\/2025\/04\/RAPWA4CSH650.jpg","width":1200,"height":1200},{"@type":"BreadcrumbList","@id":"https:\/\/www.mexicanguitarplayers.com\/tienda\/sin categor\u00eda\/unas-planet-wave-set-mod-4csh6-50\/#breadcrumb","itemListElement":[{"@type":"ListItem","position":1,"name":"Portada","item":"https:\/\/www.mexicanguitarplayers.com\/"},{"@type":"ListItem","position":2,"name":"Tienda","item":"https:\/\/www.mexicanguitarplayers.com\/tienda\/"},{"@type":"ListItem","position":3,"name":"U\u00d1AS PLANET WAVE SET MOD. 4CSH6-50"}]},{"@type":"WebSite","@id":"https:\/\/www.mexicanguitarplayers.com\/#website","url":"https:\/\/www.mexicanguitarplayers.com\/","name":"Mexican Guitar Players","description":"Website","publisher":{"@id":"https:\/\/www.mexicanguitarplayers.com\/#organization"},"potentialAction":[{"@type":"SearchAction","target":{"@type":"EntryPoint","urlTemplate":"https:\/\/www.mexicanguitarplayers.com\/?s={search_term_string}"},"query-input":{"@type":"PropertyValueSpecification","valueRequired":true,"valueName":"search_term_string"}}],"inLanguage":"en-US"},{"@type":"Organization","@id":"https:\/\/www.mexicanguitarplayers.com\/#organization","name":"Mexican Guitar Players","url":"https:\/\/www.mexicanguitarplayers.com\/","logo":{"@type":"ImageObject","inLanguage":"en-US","@id":"https:\/\/www.mexicanguitarplayers.com\/#\/schema\/logo\/image\/","url":"","contentUrl":"","caption":"Mexican Guitar Players"},"image":{"@id":"https:\/\/www.mexicanguitarplayers.com\/#\/schema\/logo\/image\/"}}]}},"brands":[{"id":604,"name":"PLANET WAVES","slug":"planet-waves"}],"_links":{"self":[{"href":"https:\/\/www.mexicanguitarplayers.com\/en\/wp-json\/wp\/v2\/product\/33672","targetHints":{"allow":["GET"]}}],"collection":[{"href":"https:\/\/www.mexicanguitarplayers.com\/en\/wp-json\/wp\/v2\/product"}],"about":[{"href":"https:\/\/www.mexicanguitarplayers.com\/en\/wp-json\/wp\/v2\/types\/product"}],"replies":[{"embeddable":true,"href":"https:\/\/www.mexicanguitarplayers.com\/en\/wp-json\/wp\/v2\/comments?post=33672"}],"wp:featuredmedia":[{"embeddable":true,"href":"https:\/\/www.mexicanguitarplayers.com\/en\/wp-json\/wp\/v2\/media\/33671"}],"wp:attachment":[{"href":"https:\/\/www.mexicanguitarplayers.com\/en\/wp-json\/wp\/v2\/media?parent=33672"}],"wp:term":[{"taxonomy":"pwb-brand","embeddable":true,"href":"https:\/\/www.mexicanguitarplayers.com\/en\/wp-json\/wp\/v2\/pwb-brand?post=33672"},{"taxonomy":"product_brand","embeddable":true,"href":"https:\/\/www.mexicanguitarplayers.com\/en\/wp-json\/wp\/v2\/product_brand?post=33672"},{"taxonomy":"product_cat","embeddable":true,"href":"https:\/\/www.mexicanguitarplayers.com\/en\/wp-json\/wp\/v2\/product_cat?post=33672"},{"taxonomy":"product_tag","embeddable":true,"href":"https:\/\/www.mexicanguitarplayers.com\/en\/wp-json\/wp\/v2\/product_tag?post=33672"}],"curies":[{"name":"wp","href":"https:\/\/api.w.org\/{rel}","templated":true}]}}