{"id":33685,"date":"2025-04-08T21:26:16","date_gmt":"2025-04-09T03:26:16","guid":{"rendered":"https:\/\/www.mexicanguitarplayers.com\/tienda\/sin categor\u00eda\/armonica-seydel-blues-1847-classic\/"},"modified":"2026-01-03T07:18:15","modified_gmt":"2026-01-03T13:18:15","slug":"armonica-seydel-blues-1847-classic","status":"publish","type":"product","link":"https:\/\/www.mexicanguitarplayers.com\/en\/tienda\/alientos\/armonicas\/armonica-seydel-blues-1847-classic\/","title":{"rendered":"ARMONICA SEYDEL BLUES 1847 CLASSIC"},"content":{"rendered":"<div style=\"text-align: justify\">\n<div>\n<h3>La primera arm\u00f3nica diat\u00f3nica producida en serie.<\/h3>\n<\/div>\n<div>La primera arm\u00f3nica diat\u00f3nica producida en serie con ca\u00f1as de acero inoxidable.  La arm\u00f3nica 1847 impresiona a partir de la innovaci\u00f3n, sin embargo se adapta a todas las exigencias tradicionales. Esta arm\u00f3nica es el resultado de 160 a\u00f1os de experiencia en la fabricaci\u00f3n de arm\u00f3nicas de alta calidad.<\/div>\n<div>\n<h4>Quick look<\/h4>\n<\/div>\n<ul style=\"margin: 0px 0px 0px 25px\">\n<li style=\"list-style-type: circle;margin: 5px\">Sonido fuerte y completo.<\/li>\n<li style=\"list-style-type: circle;margin: 5px\">Gran durabilidad.<\/li>\n<li style=\"list-style-type: circle;margin: 5px\">Menor p\u00e9rdida de aire.<\/li>\n<li style=\"list-style-type: circle;margin: 5px\">Cubiertas amigables con los labios.<\/li>\n<li style=\"list-style-type: circle;margin: 5px\">Cubiertas de acero inoxidable.<\/li>\n<li style=\"list-style-type: circle;margin: 5px\">Peine.<\/li>\n<\/ul>\n<div>\n<div style=\"font-weight: bold\">Sonido fuerte y completo.<\/div>\n<div>\n<p>Sonido arm\u00f3nico rico y una repuesta tonal extremadamente r\u00e1pida debido a sus ca\u00f1as de acero inoxidable.<\/p>\n<\/div>\n<div style=\"font-weight: bold\">Gran durabilidad.<\/div>\n<div>\n<p>Incluso con uso rudo, ca\u00f1as y remaches de acero inoxidable.<\/p>\n<\/div>\n<div style=\"font-weight: bold\">Menor p\u00e9rdida de aire.<\/div>\n<div>\n<p>Esto debido a los platos de leng\u00fcetas planos y tolerancias extremadamente peque\u00f1as entre ca\u00f1as y platos de leng\u00fcetas.<\/p>\n<\/div>\n<div style=\"font-weight: bold\">Cubiertas amigables con los labios.<\/div>\n<div>\n<p>Bordes redondeados, sin cortes en la boquilla, aberturas de agujero ergon\u00f3micas y divisores redondeados.<\/p>\n<\/div>\n<div style=\"font-weight: bold\">Cubiertas de acero inoxidable.<\/div>\n<div>\n<p>Cubiertas de acero inoxidable ultra resistente (0.4mm), abierto ampliamente en la parte posterior y bordes redondeados de gran estabilidad.<\/p>\n<\/div>\n<div style=\"font-weight: bold\">Peine.<\/div>\n<div>\n<p>Peine de maple a prueba de humedad con un acabado de m\u00faltiples capas de barniz libre de toxicidad.<\/p>\n<\/div>\n<\/div>\n<\/div>","protected":false},"excerpt":{"rendered":"<p>Arm\u00f3nica diat\u00f3nica con ca\u00f1as de acero inoxidable, sonido fuerte y completo, sonido arm\u00f3nico rico y una repuesta tonal extremadamente r\u00e1pida, gran durabilidad incluso con uso rudo, menor p\u00e9rdida de aire, platos de leng\u00fcetas planos y tolerancias extremadamente peque\u00f1as entre ca\u00f1as y platos de leng\u00fcetas, cubiertas de acero inoxidable amigables con los labios, bordes redondeados, sin cortes en la boquilla, aberturas de agujero ergon\u00f3micas y divisores redondeados, peine de maple aprueba de humedad con un acabado de m\u00faltiples capas de barniz libre de toxicidad.&hellip; <a class=\"kt-excerpt-readmore more-link\" href=\"https:\/\/www.mexicanguitarplayers.com\/en\/tienda\/alientos\/armonicas\/armonica-seydel-blues-1847-classic\/\">Read more<\/a><\/p>","protected":false},"featured_media":33683,"comment_status":"open","ping_status":"closed","template":"","meta":{"kt_blocks_editor_width":""},"pwb-brand":[403],"product_brand":[],"product_cat":[388,401],"product_tag":[],"class_list":{"0":"post-33685","1":"product","2":"type-product","3":"status-publish","4":"has-post-thumbnail","6":"pwb-brand-seydel","7":"product_cat-alientos","8":"product_cat-armonicas","9":"product_shipping_class-0-5-kg","11":"first","12":"instock","13":"taxable","14":"shipping-taxable","15":"purchasable","16":"product-type-simple"},"yoast_head":"<!-- This site is optimized with the Yoast SEO plugin v27.3 - https:\/\/yoast.com\/product\/yoast-seo-wordpress\/ -->\n<title>ARMONICA SEYDEL BLUES 1847 CLASSIC - Mexican Guitar Players<\/title>\n<meta name=\"description\" content=\"Arm\u00f3nica diat\u00f3nica con ca\u00f1as de acero inoxidable, sonido fuerte y completo, sonido arm\u00f3nico rico y una repuesta tonal extremadamente r\u00e1pida, gran durabilidad incluso con uso rudo, menor p\u00e9rdida de aire, platos de leng\u00fcetas planos y tolerancias extremadamente peque\u00f1as entre ca\u00f1as y platos de leng\u00fcetas, cubiertas de acero inoxidable amigables con los labios, bordes redondeados, sin cortes en la boquilla, aberturas de agujero ergon\u00f3micas y divisores redondeados, peine de maple aprueba de humedad con un acabado de m\u00faltiples capas de barniz libre de toxicidad.\" \/>\n<meta name=\"robots\" content=\"index, follow, max-snippet:-1, max-image-preview:large, max-video-preview:-1\" \/>\n<link rel=\"canonical\" href=\"https:\/\/www.mexicanguitarplayers.com\/en\/tienda\/sin%20categor\u00eda\/armonica-seydel-blues-1847-classic\/\" \/>\n<meta property=\"og:locale\" content=\"en_US\" \/>\n<meta property=\"og:type\" content=\"article\" \/>\n<meta property=\"og:title\" content=\"ARMONICA SEYDEL BLUES 1847 CLASSIC - Mexican Guitar Players\" \/>\n<meta property=\"og:description\" content=\"Arm\u00f3nica diat\u00f3nica con ca\u00f1as de acero inoxidable, sonido fuerte y completo, sonido arm\u00f3nico rico y una repuesta tonal extremadamente r\u00e1pida, gran durabilidad incluso con uso rudo, menor p\u00e9rdida de aire, platos de leng\u00fcetas planos y tolerancias extremadamente peque\u00f1as entre ca\u00f1as y platos de leng\u00fcetas, cubiertas de acero inoxidable amigables con los labios, bordes redondeados, sin cortes en la boquilla, aberturas de agujero ergon\u00f3micas y divisores redondeados, peine de maple aprueba de humedad con un acabado de m\u00faltiples capas de barniz libre de toxicidad.\" \/>\n<meta property=\"og:url\" content=\"https:\/\/www.mexicanguitarplayers.com\/en\/tienda\/sin categor\u00eda\/armonica-seydel-blues-1847-classic\/\" \/>\n<meta property=\"og:site_name\" content=\"Mexican Guitar Players\" \/>\n<meta property=\"article:modified_time\" content=\"2026-01-03T13:18:15+00:00\" \/>\n<meta name=\"twitter:card\" content=\"summary_large_image\" \/>\n<meta name=\"twitter:label1\" content=\"Est. reading time\" \/>\n\t<meta name=\"twitter:data1\" content=\"1 minute\" \/>\n<script type=\"application\/ld+json\" class=\"yoast-schema-graph\">{\"@context\":\"https:\\\/\\\/schema.org\",\"@graph\":[{\"@type\":[\"WebPage\",\"ItemPage\"],\"@id\":\"https:\\\/\\\/www.mexicanguitarplayers.com\\\/tienda\\\/sin categor\u00eda\\\/armonica-seydel-blues-1847-classic\\\/\",\"url\":\"https:\\\/\\\/www.mexicanguitarplayers.com\\\/tienda\\\/sin categor\u00eda\\\/armonica-seydel-blues-1847-classic\\\/\",\"name\":\"ARMONICA SEYDEL BLUES 1847 CLASSIC - Mexican Guitar Players\",\"isPartOf\":{\"@id\":\"https:\\\/\\\/www.mexicanguitarplayers.com\\\/#website\"},\"primaryImageOfPage\":{\"@id\":\"https:\\\/\\\/www.mexicanguitarplayers.com\\\/tienda\\\/sin categor\u00eda\\\/armonica-seydel-blues-1847-classic\\\/#primaryimage\"},\"image\":{\"@id\":\"https:\\\/\\\/www.mexicanguitarplayers.com\\\/tienda\\\/sin categor\u00eda\\\/armonica-seydel-blues-1847-classic\\\/#primaryimage\"},\"thumbnailUrl\":\"https:\\\/\\\/www.mexicanguitarplayers.com\\\/wp-content\\\/uploads\\\/2025\\\/04\\\/IVSED16201.jpg\",\"datePublished\":\"2025-04-09T03:26:16+00:00\",\"dateModified\":\"2026-01-03T13:18:15+00:00\",\"description\":\"Arm\u00f3nica diat\u00f3nica con ca\u00f1as de acero inoxidable, sonido fuerte y completo, sonido arm\u00f3nico rico y una repuesta tonal extremadamente r\u00e1pida, gran durabilidad incluso con uso rudo, menor p\u00e9rdida de aire, platos de leng\u00fcetas planos y tolerancias extremadamente peque\u00f1as entre ca\u00f1as y platos de leng\u00fcetas, cubiertas de acero inoxidable amigables con los labios, bordes redondeados, sin cortes en la boquilla, aberturas de agujero ergon\u00f3micas y divisores redondeados, peine de maple aprueba de humedad con un acabado de m\u00faltiples capas de barniz libre de toxicidad.\",\"breadcrumb\":{\"@id\":\"https:\\\/\\\/www.mexicanguitarplayers.com\\\/tienda\\\/sin categor\u00eda\\\/armonica-seydel-blues-1847-classic\\\/#breadcrumb\"},\"inLanguage\":\"en-US\",\"potentialAction\":[{\"@type\":\"ReadAction\",\"target\":[\"https:\\\/\\\/www.mexicanguitarplayers.com\\\/tienda\\\/sin categor\u00eda\\\/armonica-seydel-blues-1847-classic\\\/\"]}]},{\"@type\":\"ImageObject\",\"inLanguage\":\"en-US\",\"@id\":\"https:\\\/\\\/www.mexicanguitarplayers.com\\\/tienda\\\/sin categor\u00eda\\\/armonica-seydel-blues-1847-classic\\\/#primaryimage\",\"url\":\"https:\\\/\\\/www.mexicanguitarplayers.com\\\/wp-content\\\/uploads\\\/2025\\\/04\\\/IVSED16201.jpg\",\"contentUrl\":\"https:\\\/\\\/www.mexicanguitarplayers.com\\\/wp-content\\\/uploads\\\/2025\\\/04\\\/IVSED16201.jpg\",\"width\":1200,\"height\":1200},{\"@type\":\"BreadcrumbList\",\"@id\":\"https:\\\/\\\/www.mexicanguitarplayers.com\\\/tienda\\\/sin categor\u00eda\\\/armonica-seydel-blues-1847-classic\\\/#breadcrumb\",\"itemListElement\":[{\"@type\":\"ListItem\",\"position\":1,\"name\":\"Portada\",\"item\":\"https:\\\/\\\/www.mexicanguitarplayers.com\\\/\"},{\"@type\":\"ListItem\",\"position\":2,\"name\":\"Tienda\",\"item\":\"https:\\\/\\\/www.mexicanguitarplayers.com\\\/tienda\\\/\"},{\"@type\":\"ListItem\",\"position\":3,\"name\":\"ARMONICA SEYDEL BLUES 1847 CLASSIC\"}]},{\"@type\":\"WebSite\",\"@id\":\"https:\\\/\\\/www.mexicanguitarplayers.com\\\/#website\",\"url\":\"https:\\\/\\\/www.mexicanguitarplayers.com\\\/\",\"name\":\"Mexican Guitar Players\",\"description\":\"Website\",\"publisher\":{\"@id\":\"https:\\\/\\\/www.mexicanguitarplayers.com\\\/#organization\"},\"potentialAction\":[{\"@type\":\"SearchAction\",\"target\":{\"@type\":\"EntryPoint\",\"urlTemplate\":\"https:\\\/\\\/www.mexicanguitarplayers.com\\\/?s={search_term_string}\"},\"query-input\":{\"@type\":\"PropertyValueSpecification\",\"valueRequired\":true,\"valueName\":\"search_term_string\"}}],\"inLanguage\":\"en-US\"},{\"@type\":\"Organization\",\"@id\":\"https:\\\/\\\/www.mexicanguitarplayers.com\\\/#organization\",\"name\":\"Mexican Guitar Players\",\"url\":\"https:\\\/\\\/www.mexicanguitarplayers.com\\\/\",\"logo\":{\"@type\":\"ImageObject\",\"inLanguage\":\"en-US\",\"@id\":\"https:\\\/\\\/www.mexicanguitarplayers.com\\\/#\\\/schema\\\/logo\\\/image\\\/\",\"url\":\"\",\"contentUrl\":\"\",\"caption\":\"Mexican Guitar Players\"},\"image\":{\"@id\":\"https:\\\/\\\/www.mexicanguitarplayers.com\\\/#\\\/schema\\\/logo\\\/image\\\/\"}}]}<\/script>\n<!-- \/ Yoast SEO plugin. -->","yoast_head_json":{"title":"ARMONICA SEYDEL BLUES 1847 CLASSIC - Mexican Guitar Players","description":"Arm\u00f3nica diat\u00f3nica con ca\u00f1as de acero inoxidable, sonido fuerte y completo, sonido arm\u00f3nico rico y una repuesta tonal extremadamente r\u00e1pida, gran durabilidad incluso con uso rudo, menor p\u00e9rdida de aire, platos de leng\u00fcetas planos y tolerancias extremadamente peque\u00f1as entre ca\u00f1as y platos de leng\u00fcetas, cubiertas de acero inoxidable amigables con los labios, bordes redondeados, sin cortes en la boquilla, aberturas de agujero ergon\u00f3micas y divisores redondeados, peine de maple aprueba de humedad con un acabado de m\u00faltiples capas de barniz libre de toxicidad.","robots":{"index":"index","follow":"follow","max-snippet":"max-snippet:-1","max-image-preview":"max-image-preview:large","max-video-preview":"max-video-preview:-1"},"canonical":"https:\/\/www.mexicanguitarplayers.com\/en\/tienda\/sin categor\u00eda\/armonica-seydel-blues-1847-classic\/","og_locale":"en_US","og_type":"article","og_title":"ARMONICA SEYDEL BLUES 1847 CLASSIC - Mexican Guitar Players","og_description":"Arm\u00f3nica diat\u00f3nica con ca\u00f1as de acero inoxidable, sonido fuerte y completo, sonido arm\u00f3nico rico y una repuesta tonal extremadamente r\u00e1pida, gran durabilidad incluso con uso rudo, menor p\u00e9rdida de aire, platos de leng\u00fcetas planos y tolerancias extremadamente peque\u00f1as entre ca\u00f1as y platos de leng\u00fcetas, cubiertas de acero inoxidable amigables con los labios, bordes redondeados, sin cortes en la boquilla, aberturas de agujero ergon\u00f3micas y divisores redondeados, peine de maple aprueba de humedad con un acabado de m\u00faltiples capas de barniz libre de toxicidad.","og_url":"https:\/\/www.mexicanguitarplayers.com\/en\/tienda\/sin categor\u00eda\/armonica-seydel-blues-1847-classic\/","og_site_name":"Mexican Guitar Players","article_modified_time":"2026-01-03T13:18:15+00:00","twitter_card":"summary_large_image","twitter_misc":{"Est. reading time":"1 minute"},"schema":{"@context":"https:\/\/schema.org","@graph":[{"@type":["WebPage","ItemPage"],"@id":"https:\/\/www.mexicanguitarplayers.com\/tienda\/sin categor\u00eda\/armonica-seydel-blues-1847-classic\/","url":"https:\/\/www.mexicanguitarplayers.com\/tienda\/sin categor\u00eda\/armonica-seydel-blues-1847-classic\/","name":"ARMONICA SEYDEL BLUES 1847 CLASSIC - Mexican Guitar Players","isPartOf":{"@id":"https:\/\/www.mexicanguitarplayers.com\/#website"},"primaryImageOfPage":{"@id":"https:\/\/www.mexicanguitarplayers.com\/tienda\/sin categor\u00eda\/armonica-seydel-blues-1847-classic\/#primaryimage"},"image":{"@id":"https:\/\/www.mexicanguitarplayers.com\/tienda\/sin categor\u00eda\/armonica-seydel-blues-1847-classic\/#primaryimage"},"thumbnailUrl":"https:\/\/www.mexicanguitarplayers.com\/wp-content\/uploads\/2025\/04\/IVSED16201.jpg","datePublished":"2025-04-09T03:26:16+00:00","dateModified":"2026-01-03T13:18:15+00:00","description":"Arm\u00f3nica diat\u00f3nica con ca\u00f1as de acero inoxidable, sonido fuerte y completo, sonido arm\u00f3nico rico y una repuesta tonal extremadamente r\u00e1pida, gran durabilidad incluso con uso rudo, menor p\u00e9rdida de aire, platos de leng\u00fcetas planos y tolerancias extremadamente peque\u00f1as entre ca\u00f1as y platos de leng\u00fcetas, cubiertas de acero inoxidable amigables con los labios, bordes redondeados, sin cortes en la boquilla, aberturas de agujero ergon\u00f3micas y divisores redondeados, peine de maple aprueba de humedad con un acabado de m\u00faltiples capas de barniz libre de toxicidad.","breadcrumb":{"@id":"https:\/\/www.mexicanguitarplayers.com\/tienda\/sin categor\u00eda\/armonica-seydel-blues-1847-classic\/#breadcrumb"},"inLanguage":"en-US","potentialAction":[{"@type":"ReadAction","target":["https:\/\/www.mexicanguitarplayers.com\/tienda\/sin categor\u00eda\/armonica-seydel-blues-1847-classic\/"]}]},{"@type":"ImageObject","inLanguage":"en-US","@id":"https:\/\/www.mexicanguitarplayers.com\/tienda\/sin categor\u00eda\/armonica-seydel-blues-1847-classic\/#primaryimage","url":"https:\/\/www.mexicanguitarplayers.com\/wp-content\/uploads\/2025\/04\/IVSED16201.jpg","contentUrl":"https:\/\/www.mexicanguitarplayers.com\/wp-content\/uploads\/2025\/04\/IVSED16201.jpg","width":1200,"height":1200},{"@type":"BreadcrumbList","@id":"https:\/\/www.mexicanguitarplayers.com\/tienda\/sin categor\u00eda\/armonica-seydel-blues-1847-classic\/#breadcrumb","itemListElement":[{"@type":"ListItem","position":1,"name":"Portada","item":"https:\/\/www.mexicanguitarplayers.com\/"},{"@type":"ListItem","position":2,"name":"Tienda","item":"https:\/\/www.mexicanguitarplayers.com\/tienda\/"},{"@type":"ListItem","position":3,"name":"ARMONICA SEYDEL BLUES 1847 CLASSIC"}]},{"@type":"WebSite","@id":"https:\/\/www.mexicanguitarplayers.com\/#website","url":"https:\/\/www.mexicanguitarplayers.com\/","name":"Mexican Guitar Players","description":"Website","publisher":{"@id":"https:\/\/www.mexicanguitarplayers.com\/#organization"},"potentialAction":[{"@type":"SearchAction","target":{"@type":"EntryPoint","urlTemplate":"https:\/\/www.mexicanguitarplayers.com\/?s={search_term_string}"},"query-input":{"@type":"PropertyValueSpecification","valueRequired":true,"valueName":"search_term_string"}}],"inLanguage":"en-US"},{"@type":"Organization","@id":"https:\/\/www.mexicanguitarplayers.com\/#organization","name":"Mexican Guitar Players","url":"https:\/\/www.mexicanguitarplayers.com\/","logo":{"@type":"ImageObject","inLanguage":"en-US","@id":"https:\/\/www.mexicanguitarplayers.com\/#\/schema\/logo\/image\/","url":"","contentUrl":"","caption":"Mexican Guitar Players"},"image":{"@id":"https:\/\/www.mexicanguitarplayers.com\/#\/schema\/logo\/image\/"}}]}},"brands":[{"id":403,"name":"SEYDEL","slug":"seydel"}],"_links":{"self":[{"href":"https:\/\/www.mexicanguitarplayers.com\/en\/wp-json\/wp\/v2\/product\/33685","targetHints":{"allow":["GET"]}}],"collection":[{"href":"https:\/\/www.mexicanguitarplayers.com\/en\/wp-json\/wp\/v2\/product"}],"about":[{"href":"https:\/\/www.mexicanguitarplayers.com\/en\/wp-json\/wp\/v2\/types\/product"}],"replies":[{"embeddable":true,"href":"https:\/\/www.mexicanguitarplayers.com\/en\/wp-json\/wp\/v2\/comments?post=33685"}],"wp:featuredmedia":[{"embeddable":true,"href":"https:\/\/www.mexicanguitarplayers.com\/en\/wp-json\/wp\/v2\/media\/33683"}],"wp:attachment":[{"href":"https:\/\/www.mexicanguitarplayers.com\/en\/wp-json\/wp\/v2\/media?parent=33685"}],"wp:term":[{"taxonomy":"pwb-brand","embeddable":true,"href":"https:\/\/www.mexicanguitarplayers.com\/en\/wp-json\/wp\/v2\/pwb-brand?post=33685"},{"taxonomy":"product_brand","embeddable":true,"href":"https:\/\/www.mexicanguitarplayers.com\/en\/wp-json\/wp\/v2\/product_brand?post=33685"},{"taxonomy":"product_cat","embeddable":true,"href":"https:\/\/www.mexicanguitarplayers.com\/en\/wp-json\/wp\/v2\/product_cat?post=33685"},{"taxonomy":"product_tag","embeddable":true,"href":"https:\/\/www.mexicanguitarplayers.com\/en\/wp-json\/wp\/v2\/product_tag?post=33685"}],"curies":[{"name":"wp","href":"https:\/\/api.w.org\/{rel}","templated":true}]}}