{"id":33725,"date":"2025-04-08T21:27:13","date_gmt":"2025-04-09T03:27:13","guid":{"rendered":"https:\/\/www.mexicanguitarplayers.com\/tienda\/sin categor\u00eda\/combo-blackstar-p-guit-debut-10e-black\/"},"modified":"2026-05-01T07:22:35","modified_gmt":"2026-05-01T13:22:35","slug":"combo-blackstar-p-guit-debut-10e-black","status":"publish","type":"product","link":"https:\/\/www.mexicanguitarplayers.com\/en\/tienda\/cuerdas\/combos\/combos-para-guitarra\/combo-blackstar-p-guit-debut-10e-black\/","title":{"rendered":"COMBO BLACKSTAR P\/GUIT DEBUT 10E BLACK"},"content":{"rendered":"<div style=\"text-align: justify\">\n<div>\n<h3>Comienza tu viaje con los amplificadores de la serie Debut.<\/h3>\n<\/div>\n<div>Debut 10E y Debut 15E son los amplificadores de pr\u00e1ctica de gran sonido m\u00e1s sorprendentes con ISF patentado y efecto delay &#8220;tape&#8221; incorporado. Dise\u00f1ados por el mismo equipo de R&amp;D del Reino Unido que los amplificadores de bulbos de gama alta de Blackstar, los amplificadores de pr\u00e1ctica Debut ofrecen la mejor experiencia de interpretaci\u00f3n para guitarristas que reci\u00e9n comienzan y desean un excelente tono. Su dise\u00f1o anal\u00f3gico f\u00e1cil de usar, combinado con magn\u00edficos cosm\u00e9ticos de alta gama para crear los amplificados de pr\u00e1ctica m\u00e1s deseables disponibles. Cualquiera que sea tu capacidad o presupuesto, estos amplificadores geniales elevan el punto de referencia para el tono, las caracter\u00edsticas y la conveniencia. <\/div>\n<div>\n<h4>Quick look<\/h4>\n<\/div>\n<ul style=\"margin: 0px 0px 0px 25px\">\n<li style=\"list-style-type: circle;margin: 5px\">Tonos de sonido natural.<\/li>\n<li style=\"list-style-type: circle;margin: 5px\">Estilo premium.<\/li>\n<li style=\"list-style-type: circle;margin: 5px\">ISF control.<\/li>\n<li style=\"list-style-type: circle;margin: 5px\">Reproducci\u00f3n est\u00e9reo.<\/li>\n<li style=\"list-style-type: circle;margin: 5px\">Pr\u00e1ctica silenciosa.<\/li>\n<li style=\"list-style-type: circle;margin: 5px\">Altavoces lineales est\u00e9reo.<\/li>\n<li style=\"list-style-type: circle;margin: 5px\">Kind.<\/li>\n<li style=\"list-style-type: circle;margin: 5px\">Power.<\/li>\n<li style=\"list-style-type: circle;margin: 5px\">Channels.<\/li>\n<li style=\"list-style-type: circle;margin: 5px\">Speakers.<\/li>\n<li style=\"list-style-type: circle;margin: 5px\">Dimensions.<\/li>\n<li style=\"list-style-type: circle;margin: 5px\">Weight.<\/li>\n<\/ul>\n<div>\n<div style=\"font-weight: bold\">Tonos de sonido natural.<\/div>\n<div>\n<p>Debut tiene un dise\u00f1o completamente anal\u00f3gico y f\u00e1cil de usar para tonos naturales limpios y overdrive.<\/p>\n<\/div>\n<div style=\"font-weight: bold\">Estilo premium.<\/div>\n<div>\n<p>Precioso estilo vintage de crema y sangre de buey con revestimiento<\/p>\n<\/div>\n<div style=\"font-weight: bold\">ISF control.<\/div>\n<div>\n<p>Control ISF patentado (Infinite Shape Feature) para que puedas marcar en cualquier tono. El exclusivo efecto delay &#8220;tape&#8221; integrado hace que tocar sea un placer.<\/p>\n<\/div>\n<div style=\"font-weight: bold\">Reproducci\u00f3n est\u00e9reo.<\/div>\n<div>\n<p>La reproducci\u00f3n est\u00e9reo de MP3\/Line in hace que Debut sea perfecto para escuchar m\u00fasica, juegos, pel\u00edculas, backing tracks, etc.<\/p>\n<\/div>\n<div style=\"font-weight: bold\">Pr\u00e1ctica silenciosa.<\/div>\n<div>\n<p>Salida emulada para altavoces y aud\u00edfonos para practicar en silencio y grabar f\u00e1cilmente.<\/p>\n<\/div>\n<div style=\"font-weight: bold\">Altavoces lineales est\u00e9reo.<\/div>\n<div>\n<p>Altavoces lineales est\u00e9reo perfectos para la reproducci\u00f3n de m\u00fasica.<\/p>\n<\/div>\n<div style=\"font-weight: bold\">Kind.<\/div>\n<div>\n<p>Combo para guitarra.<\/p>\n<\/div>\n<div style=\"font-weight: bold\">Power.<\/div>\n<div>\n<p>10 watts.<\/p>\n<\/div>\n<div style=\"font-weight: bold\">Channels.<\/div>\n<div>\n<p>Clean y overdrive.<\/p>\n<\/div>\n<div style=\"font-weight: bold\">Speakers.<\/div>\n<div>\n<p>2 altavoces de 3&#8243; pulgadas.<\/p>\n<\/div>\n<div style=\"font-weight: bold\">Dimensions.<\/div>\n<div>\n<p>252 x 216 x 142 mm.<\/p>\n<\/div>\n<div style=\"font-weight: bold\">Weight.<\/div>\n<div>\n<p>3 kg.<\/p>\n<\/div>\n<\/div>\n<\/div>","protected":false},"excerpt":{"rendered":"<p>Combo para guitarra, potencia: 10 watts, canales clean y overdrive, dise\u00f1o completamente anal\u00f3gico y f\u00e1cil de usar, control de tono ISF patentado y efecto de delay tape,  salida emulada de altavoz, MP3\/Line in, 2 altavoces de 3\u201d pulgadas, altavoces de respuesta lineal est\u00e9reo perfectos para la reproducci\u00f3n de mp3, dimensiones: 252 x 216 x 142 mm, peso: 3 kg.&hellip; <a class=\"kt-excerpt-readmore more-link\" href=\"https:\/\/www.mexicanguitarplayers.com\/en\/tienda\/cuerdas\/combos\/combos-para-guitarra\/combo-blackstar-p-guit-debut-10e-black\/\">Read more<\/a><\/p>","protected":false},"featured_media":33719,"comment_status":"open","ping_status":"closed","template":"","meta":{"kt_blocks_editor_width":""},"pwb-brand":[172],"product_brand":[],"product_cat":[236,237,224],"product_tag":[],"class_list":{"0":"post-33725","1":"product","2":"type-product","3":"status-publish","4":"has-post-thumbnail","6":"pwb-brand-blackstar","7":"product_cat-combos","8":"product_cat-combos-para-guitarra","9":"product_cat-cuerdas","10":"product_shipping_class-0-5-kg","12":"first","13":"instock","14":"taxable","15":"shipping-taxable","16":"purchasable","17":"product-type-simple"},"yoast_head":"<!-- This site is optimized with the Yoast SEO plugin v27.6 - https:\/\/yoast.com\/product\/yoast-seo-wordpress\/ -->\n<title>COMBO BLACKSTAR P\/GUIT DEBUT 10E BLACK - Mexican Guitar Players<\/title>\n<meta name=\"description\" content=\"Combo para guitarra, potencia: 10 watts, canales clean y overdrive, dise\u00f1o completamente anal\u00f3gico y f\u00e1cil de usar, control de tono ISF patentado y efecto de delay tape, salida emulada de altavoz, MP3\/Line in, 2 altavoces de 3\u201d pulgadas, altavoces de respuesta lineal est\u00e9reo perfectos para la reproducci\u00f3n de mp3, dimensiones: 252 x 216 x 142 mm, peso: 3 kg.\" \/>\n<meta name=\"robots\" content=\"index, follow, max-snippet:-1, max-image-preview:large, max-video-preview:-1\" \/>\n<link rel=\"canonical\" href=\"https:\/\/www.mexicanguitarplayers.com\/en\/tienda\/sin%20categor\u00eda\/combo-blackstar-p-guit-debut-10e-black\/\" \/>\n<meta property=\"og:locale\" content=\"en_US\" \/>\n<meta property=\"og:type\" content=\"article\" \/>\n<meta property=\"og:title\" content=\"COMBO BLACKSTAR P\/GUIT DEBUT 10E BLACK - Mexican Guitar Players\" \/>\n<meta property=\"og:description\" content=\"Combo para guitarra, potencia: 10 watts, canales clean y overdrive, dise\u00f1o completamente anal\u00f3gico y f\u00e1cil de usar, control de tono ISF patentado y efecto de delay tape, salida emulada de altavoz, MP3\/Line in, 2 altavoces de 3\u201d pulgadas, altavoces de respuesta lineal est\u00e9reo perfectos para la reproducci\u00f3n de mp3, dimensiones: 252 x 216 x 142 mm, peso: 3 kg.\" \/>\n<meta property=\"og:url\" content=\"https:\/\/www.mexicanguitarplayers.com\/en\/tienda\/sin categor\u00eda\/combo-blackstar-p-guit-debut-10e-black\/\" \/>\n<meta property=\"og:site_name\" content=\"Mexican Guitar Players\" \/>\n<meta property=\"article:modified_time\" content=\"2026-05-01T13:22:35+00:00\" \/>\n<meta name=\"twitter:card\" content=\"summary_large_image\" \/>\n<meta name=\"twitter:label1\" content=\"Est. reading time\" \/>\n\t<meta name=\"twitter:data1\" content=\"2 minutes\" \/>\n<script type=\"application\/ld+json\" class=\"yoast-schema-graph\">{\"@context\":\"https:\\\/\\\/schema.org\",\"@graph\":[{\"@type\":[\"WebPage\",\"ItemPage\"],\"@id\":\"https:\\\/\\\/www.mexicanguitarplayers.com\\\/tienda\\\/sin categor\u00eda\\\/combo-blackstar-p-guit-debut-10e-black\\\/\",\"url\":\"https:\\\/\\\/www.mexicanguitarplayers.com\\\/tienda\\\/sin categor\u00eda\\\/combo-blackstar-p-guit-debut-10e-black\\\/\",\"name\":\"COMBO BLACKSTAR P\\\/GUIT DEBUT 10E BLACK - Mexican Guitar Players\",\"isPartOf\":{\"@id\":\"https:\\\/\\\/www.mexicanguitarplayers.com\\\/#website\"},\"primaryImageOfPage\":{\"@id\":\"https:\\\/\\\/www.mexicanguitarplayers.com\\\/tienda\\\/sin categor\u00eda\\\/combo-blackstar-p-guit-debut-10e-black\\\/#primaryimage\"},\"image\":{\"@id\":\"https:\\\/\\\/www.mexicanguitarplayers.com\\\/tienda\\\/sin categor\u00eda\\\/combo-blackstar-p-guit-debut-10e-black\\\/#primaryimage\"},\"thumbnailUrl\":\"https:\\\/\\\/www.mexicanguitarplayers.com\\\/wp-content\\\/uploads\\\/2025\\\/04\\\/ICBLSDEBUT10BK.jpg\",\"datePublished\":\"2025-04-09T03:27:13+00:00\",\"dateModified\":\"2026-05-01T13:22:35+00:00\",\"description\":\"Combo para guitarra, potencia: 10 watts, canales clean y overdrive, dise\u00f1o completamente anal\u00f3gico y f\u00e1cil de usar, control de tono ISF patentado y efecto de delay tape, salida emulada de altavoz, MP3\\\/Line in, 2 altavoces de 3\u201d pulgadas, altavoces de respuesta lineal est\u00e9reo perfectos para la reproducci\u00f3n de mp3, dimensiones: 252 x 216 x 142 mm, peso: 3 kg.\",\"breadcrumb\":{\"@id\":\"https:\\\/\\\/www.mexicanguitarplayers.com\\\/tienda\\\/sin categor\u00eda\\\/combo-blackstar-p-guit-debut-10e-black\\\/#breadcrumb\"},\"inLanguage\":\"en-US\",\"potentialAction\":[{\"@type\":\"ReadAction\",\"target\":[\"https:\\\/\\\/www.mexicanguitarplayers.com\\\/tienda\\\/sin categor\u00eda\\\/combo-blackstar-p-guit-debut-10e-black\\\/\"]}]},{\"@type\":\"ImageObject\",\"inLanguage\":\"en-US\",\"@id\":\"https:\\\/\\\/www.mexicanguitarplayers.com\\\/tienda\\\/sin categor\u00eda\\\/combo-blackstar-p-guit-debut-10e-black\\\/#primaryimage\",\"url\":\"https:\\\/\\\/www.mexicanguitarplayers.com\\\/wp-content\\\/uploads\\\/2025\\\/04\\\/ICBLSDEBUT10BK.jpg\",\"contentUrl\":\"https:\\\/\\\/www.mexicanguitarplayers.com\\\/wp-content\\\/uploads\\\/2025\\\/04\\\/ICBLSDEBUT10BK.jpg\",\"width\":1200,\"height\":1200},{\"@type\":\"BreadcrumbList\",\"@id\":\"https:\\\/\\\/www.mexicanguitarplayers.com\\\/tienda\\\/sin categor\u00eda\\\/combo-blackstar-p-guit-debut-10e-black\\\/#breadcrumb\",\"itemListElement\":[{\"@type\":\"ListItem\",\"position\":1,\"name\":\"Portada\",\"item\":\"https:\\\/\\\/www.mexicanguitarplayers.com\\\/\"},{\"@type\":\"ListItem\",\"position\":2,\"name\":\"Tienda\",\"item\":\"https:\\\/\\\/www.mexicanguitarplayers.com\\\/tienda\\\/\"},{\"@type\":\"ListItem\",\"position\":3,\"name\":\"COMBO BLACKSTAR P\\\/GUIT DEBUT 10E BLACK\"}]},{\"@type\":\"WebSite\",\"@id\":\"https:\\\/\\\/www.mexicanguitarplayers.com\\\/#website\",\"url\":\"https:\\\/\\\/www.mexicanguitarplayers.com\\\/\",\"name\":\"Mexican Guitar Players\",\"description\":\"Website\",\"publisher\":{\"@id\":\"https:\\\/\\\/www.mexicanguitarplayers.com\\\/#organization\"},\"potentialAction\":[{\"@type\":\"SearchAction\",\"target\":{\"@type\":\"EntryPoint\",\"urlTemplate\":\"https:\\\/\\\/www.mexicanguitarplayers.com\\\/?s={search_term_string}\"},\"query-input\":{\"@type\":\"PropertyValueSpecification\",\"valueRequired\":true,\"valueName\":\"search_term_string\"}}],\"inLanguage\":\"en-US\"},{\"@type\":\"Organization\",\"@id\":\"https:\\\/\\\/www.mexicanguitarplayers.com\\\/#organization\",\"name\":\"Mexican Guitar Players\",\"url\":\"https:\\\/\\\/www.mexicanguitarplayers.com\\\/\",\"logo\":{\"@type\":\"ImageObject\",\"inLanguage\":\"en-US\",\"@id\":\"https:\\\/\\\/www.mexicanguitarplayers.com\\\/#\\\/schema\\\/logo\\\/image\\\/\",\"url\":\"\",\"contentUrl\":\"\",\"caption\":\"Mexican Guitar Players\"},\"image\":{\"@id\":\"https:\\\/\\\/www.mexicanguitarplayers.com\\\/#\\\/schema\\\/logo\\\/image\\\/\"}}]}<\/script>\n<!-- \/ Yoast SEO plugin. -->","yoast_head_json":{"title":"COMBO BLACKSTAR P\/GUIT DEBUT 10E BLACK - Mexican Guitar Players","description":"Combo para guitarra, potencia: 10 watts, canales clean y overdrive, dise\u00f1o completamente anal\u00f3gico y f\u00e1cil de usar, control de tono ISF patentado y efecto de delay tape, salida emulada de altavoz, MP3\/Line in, 2 altavoces de 3\u201d pulgadas, altavoces de respuesta lineal est\u00e9reo perfectos para la reproducci\u00f3n de mp3, dimensiones: 252 x 216 x 142 mm, peso: 3 kg.","robots":{"index":"index","follow":"follow","max-snippet":"max-snippet:-1","max-image-preview":"max-image-preview:large","max-video-preview":"max-video-preview:-1"},"canonical":"https:\/\/www.mexicanguitarplayers.com\/en\/tienda\/sin categor\u00eda\/combo-blackstar-p-guit-debut-10e-black\/","og_locale":"en_US","og_type":"article","og_title":"COMBO BLACKSTAR P\/GUIT DEBUT 10E BLACK - Mexican Guitar Players","og_description":"Combo para guitarra, potencia: 10 watts, canales clean y overdrive, dise\u00f1o completamente anal\u00f3gico y f\u00e1cil de usar, control de tono ISF patentado y efecto de delay tape, salida emulada de altavoz, MP3\/Line in, 2 altavoces de 3\u201d pulgadas, altavoces de respuesta lineal est\u00e9reo perfectos para la reproducci\u00f3n de mp3, dimensiones: 252 x 216 x 142 mm, peso: 3 kg.","og_url":"https:\/\/www.mexicanguitarplayers.com\/en\/tienda\/sin categor\u00eda\/combo-blackstar-p-guit-debut-10e-black\/","og_site_name":"Mexican Guitar Players","article_modified_time":"2026-05-01T13:22:35+00:00","twitter_card":"summary_large_image","twitter_misc":{"Est. reading time":"2 minutes"},"schema":{"@context":"https:\/\/schema.org","@graph":[{"@type":["WebPage","ItemPage"],"@id":"https:\/\/www.mexicanguitarplayers.com\/tienda\/sin categor\u00eda\/combo-blackstar-p-guit-debut-10e-black\/","url":"https:\/\/www.mexicanguitarplayers.com\/tienda\/sin categor\u00eda\/combo-blackstar-p-guit-debut-10e-black\/","name":"COMBO BLACKSTAR P\/GUIT DEBUT 10E BLACK - Mexican Guitar Players","isPartOf":{"@id":"https:\/\/www.mexicanguitarplayers.com\/#website"},"primaryImageOfPage":{"@id":"https:\/\/www.mexicanguitarplayers.com\/tienda\/sin categor\u00eda\/combo-blackstar-p-guit-debut-10e-black\/#primaryimage"},"image":{"@id":"https:\/\/www.mexicanguitarplayers.com\/tienda\/sin categor\u00eda\/combo-blackstar-p-guit-debut-10e-black\/#primaryimage"},"thumbnailUrl":"https:\/\/www.mexicanguitarplayers.com\/wp-content\/uploads\/2025\/04\/ICBLSDEBUT10BK.jpg","datePublished":"2025-04-09T03:27:13+00:00","dateModified":"2026-05-01T13:22:35+00:00","description":"Combo para guitarra, potencia: 10 watts, canales clean y overdrive, dise\u00f1o completamente anal\u00f3gico y f\u00e1cil de usar, control de tono ISF patentado y efecto de delay tape, salida emulada de altavoz, MP3\/Line in, 2 altavoces de 3\u201d pulgadas, altavoces de respuesta lineal est\u00e9reo perfectos para la reproducci\u00f3n de mp3, dimensiones: 252 x 216 x 142 mm, peso: 3 kg.","breadcrumb":{"@id":"https:\/\/www.mexicanguitarplayers.com\/tienda\/sin categor\u00eda\/combo-blackstar-p-guit-debut-10e-black\/#breadcrumb"},"inLanguage":"en-US","potentialAction":[{"@type":"ReadAction","target":["https:\/\/www.mexicanguitarplayers.com\/tienda\/sin categor\u00eda\/combo-blackstar-p-guit-debut-10e-black\/"]}]},{"@type":"ImageObject","inLanguage":"en-US","@id":"https:\/\/www.mexicanguitarplayers.com\/tienda\/sin categor\u00eda\/combo-blackstar-p-guit-debut-10e-black\/#primaryimage","url":"https:\/\/www.mexicanguitarplayers.com\/wp-content\/uploads\/2025\/04\/ICBLSDEBUT10BK.jpg","contentUrl":"https:\/\/www.mexicanguitarplayers.com\/wp-content\/uploads\/2025\/04\/ICBLSDEBUT10BK.jpg","width":1200,"height":1200},{"@type":"BreadcrumbList","@id":"https:\/\/www.mexicanguitarplayers.com\/tienda\/sin categor\u00eda\/combo-blackstar-p-guit-debut-10e-black\/#breadcrumb","itemListElement":[{"@type":"ListItem","position":1,"name":"Portada","item":"https:\/\/www.mexicanguitarplayers.com\/"},{"@type":"ListItem","position":2,"name":"Tienda","item":"https:\/\/www.mexicanguitarplayers.com\/tienda\/"},{"@type":"ListItem","position":3,"name":"COMBO BLACKSTAR P\/GUIT DEBUT 10E BLACK"}]},{"@type":"WebSite","@id":"https:\/\/www.mexicanguitarplayers.com\/#website","url":"https:\/\/www.mexicanguitarplayers.com\/","name":"Mexican Guitar Players","description":"Website","publisher":{"@id":"https:\/\/www.mexicanguitarplayers.com\/#organization"},"potentialAction":[{"@type":"SearchAction","target":{"@type":"EntryPoint","urlTemplate":"https:\/\/www.mexicanguitarplayers.com\/?s={search_term_string}"},"query-input":{"@type":"PropertyValueSpecification","valueRequired":true,"valueName":"search_term_string"}}],"inLanguage":"en-US"},{"@type":"Organization","@id":"https:\/\/www.mexicanguitarplayers.com\/#organization","name":"Mexican Guitar Players","url":"https:\/\/www.mexicanguitarplayers.com\/","logo":{"@type":"ImageObject","inLanguage":"en-US","@id":"https:\/\/www.mexicanguitarplayers.com\/#\/schema\/logo\/image\/","url":"","contentUrl":"","caption":"Mexican Guitar Players"},"image":{"@id":"https:\/\/www.mexicanguitarplayers.com\/#\/schema\/logo\/image\/"}}]}},"brands":[{"id":172,"name":"BLACKSTAR","slug":"blackstar"}],"_links":{"self":[{"href":"https:\/\/www.mexicanguitarplayers.com\/en\/wp-json\/wp\/v2\/product\/33725","targetHints":{"allow":["GET"]}}],"collection":[{"href":"https:\/\/www.mexicanguitarplayers.com\/en\/wp-json\/wp\/v2\/product"}],"about":[{"href":"https:\/\/www.mexicanguitarplayers.com\/en\/wp-json\/wp\/v2\/types\/product"}],"replies":[{"embeddable":true,"href":"https:\/\/www.mexicanguitarplayers.com\/en\/wp-json\/wp\/v2\/comments?post=33725"}],"wp:featuredmedia":[{"embeddable":true,"href":"https:\/\/www.mexicanguitarplayers.com\/en\/wp-json\/wp\/v2\/media\/33719"}],"wp:attachment":[{"href":"https:\/\/www.mexicanguitarplayers.com\/en\/wp-json\/wp\/v2\/media?parent=33725"}],"wp:term":[{"taxonomy":"pwb-brand","embeddable":true,"href":"https:\/\/www.mexicanguitarplayers.com\/en\/wp-json\/wp\/v2\/pwb-brand?post=33725"},{"taxonomy":"product_brand","embeddable":true,"href":"https:\/\/www.mexicanguitarplayers.com\/en\/wp-json\/wp\/v2\/product_brand?post=33725"},{"taxonomy":"product_cat","embeddable":true,"href":"https:\/\/www.mexicanguitarplayers.com\/en\/wp-json\/wp\/v2\/product_cat?post=33725"},{"taxonomy":"product_tag","embeddable":true,"href":"https:\/\/www.mexicanguitarplayers.com\/en\/wp-json\/wp\/v2\/product_tag?post=33725"}],"curies":[{"name":"wp","href":"https:\/\/api.w.org\/{rel}","templated":true}]}}