{"id":33737,"date":"2025-04-08T21:27:37","date_gmt":"2025-04-09T03:27:37","guid":{"rendered":"https:\/\/www.mexicanguitarplayers.com\/tienda\/sin categor\u00eda\/guitarra-schecter-elect-c-7-apocalypse\/"},"modified":"2026-04-10T04:31:18","modified_gmt":"2026-04-10T10:31:18","slug":"guitarra-schecter-elect-c-7-apocalypse","status":"publish","type":"product","link":"https:\/\/www.mexicanguitarplayers.com\/en\/tienda\/cuerdas\/guitarras-cuerdas\/electricas\/guitarras-electricas-solidas\/guitarra-schecter-elect-c-7-apocalypse\/","title":{"rendered":"GUITARRA SCHECTER ELECT. C-7 APOCALYPSE"},"content":{"rendered":"<div style=\"text-align: justify\">\n<div>\n<h3>Construida para los guitarristas m\u00e1s exigentes, la serie Apocalypse est\u00e1 trayendo el ruido.<\/h3>\n<\/div>\n<div>Dise\u00f1ada para guitarristas de metal extremo con una est\u00e9tica a juego, esta serie viene con todo lo que est\u00e1s buscando para romperla. Pastillas Schecter USA Apocalypse, trastes de acero inoxidable, un radio compuesto para facilitar el toque y un acabado satinado manchado permiten a esta guitarra tomar el abuso dentro y fuera del escenario. Con nuestra famosa forma de cuerpo en C con opciones de Floyd Rose\/Sustainiac y un acabado en moho gris apocal\u00edptico, esta serie te har\u00e1 todo el trabajo.<\/div>\n<div>\n<h4>Quick look<\/h4>\n<\/div>\n<ul style=\"margin: 0px 0px 0px 25px\">\n<li style=\"list-style-type: circle;margin: 5px\">Kind.<\/li>\n<li style=\"list-style-type: circle;margin: 5px\">Cuerpo.<\/li>\n<li style=\"list-style-type: circle;margin: 5px\">Contorno de la tapa.<\/li>\n<li style=\"list-style-type: circle;margin: 5px\">Arm.<\/li>\n<li style=\"list-style-type: circle;margin: 5px\">Diapason.<\/li>\n<li style=\"list-style-type: circle;margin: 5px\">Scale.<\/li>\n<li style=\"list-style-type: circle;margin: 5px\">Uni\u00f3n.<\/li>\n<li style=\"list-style-type: circle;margin: 5px\">Marcadores de puntos.<\/li>\n<li style=\"list-style-type: circle;margin: 5px\">Scale.<\/li>\n<li style=\"list-style-type: circle;margin: 5px\">Forma del brazo.<\/li>\n<li style=\"list-style-type: circle;margin: 5px\">Espesor.<\/li>\n<li style=\"list-style-type: circle;margin: 5px\">Frets<\/li>\n<li style=\"list-style-type: circle;margin: 5px\">Radio del diapas\u00f3n.<\/li>\n<li style=\"list-style-type: circle;margin: 5px\">Nut.<\/li>\n<li style=\"list-style-type: circle;margin: 5px\">Ancho de la cejuela.<\/li>\n<li style=\"list-style-type: circle;margin: 5px\">Soul.<\/li>\n<li style=\"list-style-type: circle;margin: 5px\">Pastillas.<\/li>\n<li style=\"list-style-type: circle;margin: 5px\">Controls<\/li>\n<li style=\"list-style-type: circle;margin: 5px\">Hardware.<\/li>\n<li style=\"list-style-type: circle;margin: 5px\">Bridge.<\/li>\n<li style=\"list-style-type: circle;margin: 5px\">Machinery.<\/li>\n<li style=\"list-style-type: circle;margin: 5px\">Perillas.<\/li>\n<li style=\"list-style-type: circle;margin: 5px\">Construcci\u00f3n.<\/li>\n<\/ul>\n<div>\n<div style=\"font-weight: bold\">Kind.<\/div>\n<div>\n<p>Guitarra el\u00e9ctrica s\u00f3lida de 7 cuerdas.<\/p>\n<\/div>\n<div style=\"font-weight: bold\">Cuerpo.<\/div>\n<div>\n<p>Fresno de pantano.<\/p>\n<\/div>\n<div style=\"font-weight: bold\">Contorno de la tapa.<\/div>\n<div>\n<p>Tapa arqueada.<\/p>\n<\/div>\n<div style=\"font-weight: bold\">Arm.<\/div>\n<div>\n<p>Maple\/padauk multicapa con barra de refuerzo de fibra de carbono.<\/p>\n<\/div>\n<div style=\"font-weight: bold\">Diapason.<\/div>\n<div>\n<p>Ebony.<\/p>\n<\/div>\n<div style=\"font-weight: bold\">Scale.<\/div>\n<div>\n<p>Tri\u00e1ngulos de madre perla en los trastes 12 y 24.<\/p>\n<\/div>\n<div style=\"font-weight: bold\">Uni\u00f3n.<\/div>\n<div>\n<p>Black, one cape.<\/p>\n<\/div>\n<div style=\"font-weight: bold\">Marcadores de puntos.<\/div>\n<div>\n<p>Brillo en la oscuridad.<\/p>\n<\/div>\n<div style=\"font-weight: bold\">Scale.<\/div>\n<div>\n<p>26.5\u201d (673 mm).<\/p>\n<\/div>\n<div style=\"font-weight: bold\">Forma del brazo.<\/div>\n<div>\n<p>C thin.<\/p>\n<\/div>\n<div style=\"font-weight: bold\">Espesor.<\/div>\n<div>\n<p>At the 1st fret: .787 \u201d(20mm) and at the 12th fret: .866\u201d (22mm).<\/p>\n<\/div>\n<div style=\"font-weight: bold\">Frets<\/div>\n<div>\n<p>24 trastes x-jumbo de acero inoxidable.<\/p>\n<\/div>\n<div style=\"font-weight: bold\">Radio del diapas\u00f3n.<\/div>\n<div>\n<p>12\u201d &#8211; 16\u201d radio compuesto.<\/p>\n<\/div>\n<div style=\"font-weight: bold\">Nut.<\/div>\n<div>\n<p>Graph Tech XL Black Tusq.<\/p>\n<\/div>\n<div style=\"font-weight: bold\">Ancho de la cejuela.<\/div>\n<div>\n<p>1.889\u201d (48 mm).<\/p>\n<\/div>\n<div style=\"font-weight: bold\">Soul.<\/div>\n<div>\n<p>Alma de 2 v\u00edas ajustable con tuerca Allen de 5\/32\u201d (4 mm).<\/p>\n<\/div>\n<div style=\"font-weight: bold\">Pastillas.<\/div>\n<div>\n<p>Puente: Schecter USA Apocalypse-VII\u2122. Brazo: Schecter USA Apocalypse-VII\u2122.<\/p>\n<\/div>\n<div style=\"font-weight: bold\">Controls<\/div>\n<div>\n<p>2 vol\u00famenes y 1 tono (push-pull), con selector de 3 posiciones.<\/p>\n<\/div>\n<div style=\"font-weight: bold\">Hardware.<\/div>\n<div>\n<p>Negro satinado.<\/p>\n<\/div>\n<div style=\"font-weight: bold\">Bridge.<\/div>\n<div>\n<p>Hipshot Hardtail (.125) con string thru body.<\/p>\n<\/div>\n<div style=\"font-weight: bold\">Machinery.<\/div>\n<div>\n<p>Schecter Locking.<\/p>\n<\/div>\n<div style=\"font-weight: bold\">Perillas.<\/div>\n<div>\n<p>Hipshot O-Ring.<\/p>\n<\/div>\n<div style=\"font-weight: bold\">Construcci\u00f3n.<\/div>\n<div>\n<p>Set-Neck with Ultra Access.<\/p>\n<\/div>\n<\/div>\n<\/div>","protected":false},"excerpt":{"rendered":"<p>Guitarra el\u00e9ctrica s\u00f3lida de 7 cuerdas, cuerpo de fresno de pantano, tapa arqueada, brazo C delgado de maple\/padauk multicapa con barras de refuerzo de fibra de carbono, diapas\u00f3n de \u00e9bano, incrustaciones: tri\u00e1ngulo de madre perla en los trastes 12 y 24, uni\u00f3n: 1 capa de negro, marcadores de puntos que brillan en la oscuridad, escala: 26.5\u201d (673 mm), 24 trastes x-jumbo de acero inoxidable, cejuela Graph Tech XL Black Tusq de 1.889\u201d (48 mm) de ancho, alma de 2 v\u00edas ajustable con tuerca Allen de 5\/32\u201d (4 mm), pastilla del puente: Schecter USA Apocalypse-VII\u2122, pastilla del brazo: Schecter USA Apocalypse-VII\u2122, 2 vol\u00famenes y 1 tono (push-pull), selector de 3 posiciones, hardware negro satinado, puente Hipshot Hardtail (.125) con string thru body, maquinaria Schecter Locking, perillas Hipshot O-Ring, construcci\u00f3n Set-Neck con Ultra Access.&hellip; <a class=\"kt-excerpt-readmore more-link\" href=\"https:\/\/www.mexicanguitarplayers.com\/en\/tienda\/cuerdas\/guitarras-cuerdas\/electricas\/guitarras-electricas-solidas\/guitarra-schecter-elect-c-7-apocalypse\/\">Read more<\/a><\/p>","protected":false},"featured_media":33726,"comment_status":"open","ping_status":"closed","template":"","meta":{"kt_blocks_editor_width":""},"pwb-brand":[175],"product_brand":[],"product_cat":[224,313,312,314],"product_tag":[],"class_list":{"0":"post-33737","1":"product","2":"type-product","3":"status-publish","4":"has-post-thumbnail","6":"pwb-brand-schecter","7":"product_cat-cuerdas","8":"product_cat-electricas","9":"product_cat-guitarras-cuerdas","10":"product_cat-guitarras-electricas-solidas","11":"product_shipping_class-0-5-kg","13":"first","14":"outofstock","15":"taxable","16":"shipping-taxable","17":"purchasable","18":"product-type-simple"},"yoast_head":"<!-- This site is optimized with the Yoast SEO plugin v27.5 - https:\/\/yoast.com\/product\/yoast-seo-wordpress\/ -->\n<title>GUITARRA SCHECTER ELECT. C-7 APOCALYPSE - Mexican Guitar Players<\/title>\n<meta name=\"description\" content=\"Guitarra el\u00e9ctrica s\u00f3lida de 7 cuerdas, cuerpo de fresno de pantano, tapa arqueada, brazo C delgado de maple\/padauk multicapa con barras de refuerzo de fibra de carbono, diapas\u00f3n de \u00e9bano, incrustaciones: tri\u00e1ngulo de madre perla en los trastes 12 y 24, uni\u00f3n: 1 capa de negro, marcadores de puntos que brillan en la oscuridad, escala: 26.5\u201d (673 mm), 24 trastes x-jumbo de acero inoxidable, cejuela Graph Tech XL Black Tusq de 1.889\u201d (48 mm) de ancho, alma de 2 v\u00edas ajustable con tuerca Allen de 5\/32\u201d (4 mm), pastilla del puente: Schecter USA Apocalypse-VII\u2122, pastilla del brazo: Schecter USA Apocalypse-VII\u2122, 2 vol\u00famenes y 1 tono (push-pull), selector de 3 posiciones, hardware negro satinado, puente Hipshot Hardtail (.125) con string thru body, maquinaria Schecter Locking, perillas Hipshot O-Ring, construcci\u00f3n Set-Neck con Ultra Access.\" \/>\n<meta name=\"robots\" content=\"index, follow, max-snippet:-1, max-image-preview:large, max-video-preview:-1\" \/>\n<link rel=\"canonical\" href=\"https:\/\/www.mexicanguitarplayers.com\/en\/tienda\/sin%20categor\u00eda\/guitarra-schecter-elect-c-7-apocalypse\/\" \/>\n<meta property=\"og:locale\" content=\"en_US\" \/>\n<meta property=\"og:type\" content=\"article\" \/>\n<meta property=\"og:title\" content=\"GUITARRA SCHECTER ELECT. C-7 APOCALYPSE - Mexican Guitar Players\" \/>\n<meta property=\"og:description\" content=\"Guitarra el\u00e9ctrica s\u00f3lida de 7 cuerdas, cuerpo de fresno de pantano, tapa arqueada, brazo C delgado de maple\/padauk multicapa con barras de refuerzo de fibra de carbono, diapas\u00f3n de \u00e9bano, incrustaciones: tri\u00e1ngulo de madre perla en los trastes 12 y 24, uni\u00f3n: 1 capa de negro, marcadores de puntos que brillan en la oscuridad, escala: 26.5\u201d (673 mm), 24 trastes x-jumbo de acero inoxidable, cejuela Graph Tech XL Black Tusq de 1.889\u201d (48 mm) de ancho, alma de 2 v\u00edas ajustable con tuerca Allen de 5\/32\u201d (4 mm), pastilla del puente: Schecter USA Apocalypse-VII\u2122, pastilla del brazo: Schecter USA Apocalypse-VII\u2122, 2 vol\u00famenes y 1 tono (push-pull), selector de 3 posiciones, hardware negro satinado, puente Hipshot Hardtail (.125) con string thru body, maquinaria Schecter Locking, perillas Hipshot O-Ring, construcci\u00f3n Set-Neck con Ultra Access.\" \/>\n<meta property=\"og:url\" content=\"https:\/\/www.mexicanguitarplayers.com\/en\/tienda\/sin categor\u00eda\/guitarra-schecter-elect-c-7-apocalypse\/\" \/>\n<meta property=\"og:site_name\" content=\"Mexican Guitar Players\" \/>\n<meta property=\"article:modified_time\" content=\"2026-04-10T10:31:18+00:00\" \/>\n<meta name=\"twitter:card\" content=\"summary_large_image\" \/>\n<meta name=\"twitter:label1\" content=\"Est. reading time\" \/>\n\t<meta name=\"twitter:data1\" content=\"1 minute\" \/>\n<script type=\"application\/ld+json\" class=\"yoast-schema-graph\">{\"@context\":\"https:\\\/\\\/schema.org\",\"@graph\":[{\"@type\":[\"WebPage\",\"ItemPage\"],\"@id\":\"https:\\\/\\\/www.mexicanguitarplayers.com\\\/tienda\\\/sin categor\u00eda\\\/guitarra-schecter-elect-c-7-apocalypse\\\/\",\"url\":\"https:\\\/\\\/www.mexicanguitarplayers.com\\\/tienda\\\/sin categor\u00eda\\\/guitarra-schecter-elect-c-7-apocalypse\\\/\",\"name\":\"GUITARRA SCHECTER ELECT. C-7 APOCALYPSE - Mexican Guitar Players\",\"isPartOf\":{\"@id\":\"https:\\\/\\\/www.mexicanguitarplayers.com\\\/#website\"},\"primaryImageOfPage\":{\"@id\":\"https:\\\/\\\/www.mexicanguitarplayers.com\\\/tienda\\\/sin categor\u00eda\\\/guitarra-schecter-elect-c-7-apocalypse\\\/#primaryimage\"},\"image\":{\"@id\":\"https:\\\/\\\/www.mexicanguitarplayers.com\\\/tienda\\\/sin categor\u00eda\\\/guitarra-schecter-elect-c-7-apocalypse\\\/#primaryimage\"},\"thumbnailUrl\":\"https:\\\/\\\/www.mexicanguitarplayers.com\\\/wp-content\\\/uploads\\\/2025\\\/04\\\/ISSCCC7APOCALY.jpg\",\"datePublished\":\"2025-04-09T03:27:37+00:00\",\"dateModified\":\"2026-04-10T10:31:18+00:00\",\"description\":\"Guitarra el\u00e9ctrica s\u00f3lida de 7 cuerdas, cuerpo de fresno de pantano, tapa arqueada, brazo C delgado de maple\\\/padauk multicapa con barras de refuerzo de fibra de carbono, diapas\u00f3n de \u00e9bano, incrustaciones: tri\u00e1ngulo de madre perla en los trastes 12 y 24, uni\u00f3n: 1 capa de negro, marcadores de puntos que brillan en la oscuridad, escala: 26.5\u201d (673 mm), 24 trastes x-jumbo de acero inoxidable, cejuela Graph Tech XL Black Tusq de 1.889\u201d (48 mm) de ancho, alma de 2 v\u00edas ajustable con tuerca Allen de 5\\\/32\u201d (4 mm), pastilla del puente: Schecter USA Apocalypse-VII\u2122, pastilla del brazo: Schecter USA Apocalypse-VII\u2122, 2 vol\u00famenes y 1 tono (push-pull), selector de 3 posiciones, hardware negro satinado, puente Hipshot Hardtail (.125) con string thru body, maquinaria Schecter Locking, perillas Hipshot O-Ring, construcci\u00f3n Set-Neck con Ultra Access.\",\"breadcrumb\":{\"@id\":\"https:\\\/\\\/www.mexicanguitarplayers.com\\\/tienda\\\/sin categor\u00eda\\\/guitarra-schecter-elect-c-7-apocalypse\\\/#breadcrumb\"},\"inLanguage\":\"en-US\",\"potentialAction\":[{\"@type\":\"ReadAction\",\"target\":[\"https:\\\/\\\/www.mexicanguitarplayers.com\\\/tienda\\\/sin categor\u00eda\\\/guitarra-schecter-elect-c-7-apocalypse\\\/\"]}]},{\"@type\":\"ImageObject\",\"inLanguage\":\"en-US\",\"@id\":\"https:\\\/\\\/www.mexicanguitarplayers.com\\\/tienda\\\/sin categor\u00eda\\\/guitarra-schecter-elect-c-7-apocalypse\\\/#primaryimage\",\"url\":\"https:\\\/\\\/www.mexicanguitarplayers.com\\\/wp-content\\\/uploads\\\/2025\\\/04\\\/ISSCCC7APOCALY.jpg\",\"contentUrl\":\"https:\\\/\\\/www.mexicanguitarplayers.com\\\/wp-content\\\/uploads\\\/2025\\\/04\\\/ISSCCC7APOCALY.jpg\",\"width\":800,\"height\":1600},{\"@type\":\"BreadcrumbList\",\"@id\":\"https:\\\/\\\/www.mexicanguitarplayers.com\\\/tienda\\\/sin categor\u00eda\\\/guitarra-schecter-elect-c-7-apocalypse\\\/#breadcrumb\",\"itemListElement\":[{\"@type\":\"ListItem\",\"position\":1,\"name\":\"Portada\",\"item\":\"https:\\\/\\\/www.mexicanguitarplayers.com\\\/\"},{\"@type\":\"ListItem\",\"position\":2,\"name\":\"Tienda\",\"item\":\"https:\\\/\\\/www.mexicanguitarplayers.com\\\/tienda\\\/\"},{\"@type\":\"ListItem\",\"position\":3,\"name\":\"GUITARRA SCHECTER ELECT. C-7 APOCALYPSE\"}]},{\"@type\":\"WebSite\",\"@id\":\"https:\\\/\\\/www.mexicanguitarplayers.com\\\/#website\",\"url\":\"https:\\\/\\\/www.mexicanguitarplayers.com\\\/\",\"name\":\"Mexican Guitar Players\",\"description\":\"Website\",\"publisher\":{\"@id\":\"https:\\\/\\\/www.mexicanguitarplayers.com\\\/#organization\"},\"potentialAction\":[{\"@type\":\"SearchAction\",\"target\":{\"@type\":\"EntryPoint\",\"urlTemplate\":\"https:\\\/\\\/www.mexicanguitarplayers.com\\\/?s={search_term_string}\"},\"query-input\":{\"@type\":\"PropertyValueSpecification\",\"valueRequired\":true,\"valueName\":\"search_term_string\"}}],\"inLanguage\":\"en-US\"},{\"@type\":\"Organization\",\"@id\":\"https:\\\/\\\/www.mexicanguitarplayers.com\\\/#organization\",\"name\":\"Mexican Guitar Players\",\"url\":\"https:\\\/\\\/www.mexicanguitarplayers.com\\\/\",\"logo\":{\"@type\":\"ImageObject\",\"inLanguage\":\"en-US\",\"@id\":\"https:\\\/\\\/www.mexicanguitarplayers.com\\\/#\\\/schema\\\/logo\\\/image\\\/\",\"url\":\"\",\"contentUrl\":\"\",\"caption\":\"Mexican Guitar Players\"},\"image\":{\"@id\":\"https:\\\/\\\/www.mexicanguitarplayers.com\\\/#\\\/schema\\\/logo\\\/image\\\/\"}}]}<\/script>\n<!-- \/ Yoast SEO plugin. -->","yoast_head_json":{"title":"GUITARRA SCHECTER ELECT. C-7 APOCALYPSE - Mexican Guitar Players","description":"Guitarra el\u00e9ctrica s\u00f3lida de 7 cuerdas, cuerpo de fresno de pantano, tapa arqueada, brazo C delgado de maple\/padauk multicapa con barras de refuerzo de fibra de carbono, diapas\u00f3n de \u00e9bano, incrustaciones: tri\u00e1ngulo de madre perla en los trastes 12 y 24, uni\u00f3n: 1 capa de negro, marcadores de puntos que brillan en la oscuridad, escala: 26.5\u201d (673 mm), 24 trastes x-jumbo de acero inoxidable, cejuela Graph Tech XL Black Tusq de 1.889\u201d (48 mm) de ancho, alma de 2 v\u00edas ajustable con tuerca Allen de 5\/32\u201d (4 mm), pastilla del puente: Schecter USA Apocalypse-VII\u2122, pastilla del brazo: Schecter USA Apocalypse-VII\u2122, 2 vol\u00famenes y 1 tono (push-pull), selector de 3 posiciones, hardware negro satinado, puente Hipshot Hardtail (.125) con string thru body, maquinaria Schecter Locking, perillas Hipshot O-Ring, construcci\u00f3n Set-Neck con Ultra Access.","robots":{"index":"index","follow":"follow","max-snippet":"max-snippet:-1","max-image-preview":"max-image-preview:large","max-video-preview":"max-video-preview:-1"},"canonical":"https:\/\/www.mexicanguitarplayers.com\/en\/tienda\/sin categor\u00eda\/guitarra-schecter-elect-c-7-apocalypse\/","og_locale":"en_US","og_type":"article","og_title":"GUITARRA SCHECTER ELECT. C-7 APOCALYPSE - Mexican Guitar Players","og_description":"Guitarra el\u00e9ctrica s\u00f3lida de 7 cuerdas, cuerpo de fresno de pantano, tapa arqueada, brazo C delgado de maple\/padauk multicapa con barras de refuerzo de fibra de carbono, diapas\u00f3n de \u00e9bano, incrustaciones: tri\u00e1ngulo de madre perla en los trastes 12 y 24, uni\u00f3n: 1 capa de negro, marcadores de puntos que brillan en la oscuridad, escala: 26.5\u201d (673 mm), 24 trastes x-jumbo de acero inoxidable, cejuela Graph Tech XL Black Tusq de 1.889\u201d (48 mm) de ancho, alma de 2 v\u00edas ajustable con tuerca Allen de 5\/32\u201d (4 mm), pastilla del puente: Schecter USA Apocalypse-VII\u2122, pastilla del brazo: Schecter USA Apocalypse-VII\u2122, 2 vol\u00famenes y 1 tono (push-pull), selector de 3 posiciones, hardware negro satinado, puente Hipshot Hardtail (.125) con string thru body, maquinaria Schecter Locking, perillas Hipshot O-Ring, construcci\u00f3n Set-Neck con Ultra Access.","og_url":"https:\/\/www.mexicanguitarplayers.com\/en\/tienda\/sin categor\u00eda\/guitarra-schecter-elect-c-7-apocalypse\/","og_site_name":"Mexican Guitar Players","article_modified_time":"2026-04-10T10:31:18+00:00","twitter_card":"summary_large_image","twitter_misc":{"Est. reading time":"1 minute"},"schema":{"@context":"https:\/\/schema.org","@graph":[{"@type":["WebPage","ItemPage"],"@id":"https:\/\/www.mexicanguitarplayers.com\/tienda\/sin categor\u00eda\/guitarra-schecter-elect-c-7-apocalypse\/","url":"https:\/\/www.mexicanguitarplayers.com\/tienda\/sin categor\u00eda\/guitarra-schecter-elect-c-7-apocalypse\/","name":"GUITARRA SCHECTER ELECT. C-7 APOCALYPSE - Mexican Guitar Players","isPartOf":{"@id":"https:\/\/www.mexicanguitarplayers.com\/#website"},"primaryImageOfPage":{"@id":"https:\/\/www.mexicanguitarplayers.com\/tienda\/sin categor\u00eda\/guitarra-schecter-elect-c-7-apocalypse\/#primaryimage"},"image":{"@id":"https:\/\/www.mexicanguitarplayers.com\/tienda\/sin categor\u00eda\/guitarra-schecter-elect-c-7-apocalypse\/#primaryimage"},"thumbnailUrl":"https:\/\/www.mexicanguitarplayers.com\/wp-content\/uploads\/2025\/04\/ISSCCC7APOCALY.jpg","datePublished":"2025-04-09T03:27:37+00:00","dateModified":"2026-04-10T10:31:18+00:00","description":"Guitarra el\u00e9ctrica s\u00f3lida de 7 cuerdas, cuerpo de fresno de pantano, tapa arqueada, brazo C delgado de maple\/padauk multicapa con barras de refuerzo de fibra de carbono, diapas\u00f3n de \u00e9bano, incrustaciones: tri\u00e1ngulo de madre perla en los trastes 12 y 24, uni\u00f3n: 1 capa de negro, marcadores de puntos que brillan en la oscuridad, escala: 26.5\u201d (673 mm), 24 trastes x-jumbo de acero inoxidable, cejuela Graph Tech XL Black Tusq de 1.889\u201d (48 mm) de ancho, alma de 2 v\u00edas ajustable con tuerca Allen de 5\/32\u201d (4 mm), pastilla del puente: Schecter USA Apocalypse-VII\u2122, pastilla del brazo: Schecter USA Apocalypse-VII\u2122, 2 vol\u00famenes y 1 tono (push-pull), selector de 3 posiciones, hardware negro satinado, puente Hipshot Hardtail (.125) con string thru body, maquinaria Schecter Locking, perillas Hipshot O-Ring, construcci\u00f3n Set-Neck con Ultra Access.","breadcrumb":{"@id":"https:\/\/www.mexicanguitarplayers.com\/tienda\/sin categor\u00eda\/guitarra-schecter-elect-c-7-apocalypse\/#breadcrumb"},"inLanguage":"en-US","potentialAction":[{"@type":"ReadAction","target":["https:\/\/www.mexicanguitarplayers.com\/tienda\/sin categor\u00eda\/guitarra-schecter-elect-c-7-apocalypse\/"]}]},{"@type":"ImageObject","inLanguage":"en-US","@id":"https:\/\/www.mexicanguitarplayers.com\/tienda\/sin categor\u00eda\/guitarra-schecter-elect-c-7-apocalypse\/#primaryimage","url":"https:\/\/www.mexicanguitarplayers.com\/wp-content\/uploads\/2025\/04\/ISSCCC7APOCALY.jpg","contentUrl":"https:\/\/www.mexicanguitarplayers.com\/wp-content\/uploads\/2025\/04\/ISSCCC7APOCALY.jpg","width":800,"height":1600},{"@type":"BreadcrumbList","@id":"https:\/\/www.mexicanguitarplayers.com\/tienda\/sin categor\u00eda\/guitarra-schecter-elect-c-7-apocalypse\/#breadcrumb","itemListElement":[{"@type":"ListItem","position":1,"name":"Portada","item":"https:\/\/www.mexicanguitarplayers.com\/"},{"@type":"ListItem","position":2,"name":"Tienda","item":"https:\/\/www.mexicanguitarplayers.com\/tienda\/"},{"@type":"ListItem","position":3,"name":"GUITARRA SCHECTER ELECT. C-7 APOCALYPSE"}]},{"@type":"WebSite","@id":"https:\/\/www.mexicanguitarplayers.com\/#website","url":"https:\/\/www.mexicanguitarplayers.com\/","name":"Mexican Guitar Players","description":"Website","publisher":{"@id":"https:\/\/www.mexicanguitarplayers.com\/#organization"},"potentialAction":[{"@type":"SearchAction","target":{"@type":"EntryPoint","urlTemplate":"https:\/\/www.mexicanguitarplayers.com\/?s={search_term_string}"},"query-input":{"@type":"PropertyValueSpecification","valueRequired":true,"valueName":"search_term_string"}}],"inLanguage":"en-US"},{"@type":"Organization","@id":"https:\/\/www.mexicanguitarplayers.com\/#organization","name":"Mexican Guitar Players","url":"https:\/\/www.mexicanguitarplayers.com\/","logo":{"@type":"ImageObject","inLanguage":"en-US","@id":"https:\/\/www.mexicanguitarplayers.com\/#\/schema\/logo\/image\/","url":"","contentUrl":"","caption":"Mexican Guitar Players"},"image":{"@id":"https:\/\/www.mexicanguitarplayers.com\/#\/schema\/logo\/image\/"}}]}},"brands":[{"id":175,"name":"SCHECTER","slug":"schecter"}],"_links":{"self":[{"href":"https:\/\/www.mexicanguitarplayers.com\/en\/wp-json\/wp\/v2\/product\/33737","targetHints":{"allow":["GET"]}}],"collection":[{"href":"https:\/\/www.mexicanguitarplayers.com\/en\/wp-json\/wp\/v2\/product"}],"about":[{"href":"https:\/\/www.mexicanguitarplayers.com\/en\/wp-json\/wp\/v2\/types\/product"}],"replies":[{"embeddable":true,"href":"https:\/\/www.mexicanguitarplayers.com\/en\/wp-json\/wp\/v2\/comments?post=33737"}],"wp:featuredmedia":[{"embeddable":true,"href":"https:\/\/www.mexicanguitarplayers.com\/en\/wp-json\/wp\/v2\/media\/33726"}],"wp:attachment":[{"href":"https:\/\/www.mexicanguitarplayers.com\/en\/wp-json\/wp\/v2\/media?parent=33737"}],"wp:term":[{"taxonomy":"pwb-brand","embeddable":true,"href":"https:\/\/www.mexicanguitarplayers.com\/en\/wp-json\/wp\/v2\/pwb-brand?post=33737"},{"taxonomy":"product_brand","embeddable":true,"href":"https:\/\/www.mexicanguitarplayers.com\/en\/wp-json\/wp\/v2\/product_brand?post=33737"},{"taxonomy":"product_cat","embeddable":true,"href":"https:\/\/www.mexicanguitarplayers.com\/en\/wp-json\/wp\/v2\/product_cat?post=33737"},{"taxonomy":"product_tag","embeddable":true,"href":"https:\/\/www.mexicanguitarplayers.com\/en\/wp-json\/wp\/v2\/product_tag?post=33737"}],"curies":[{"name":"wp","href":"https:\/\/api.w.org\/{rel}","templated":true}]}}