{"id":33743,"date":"2025-04-08T21:27:45","date_gmt":"2025-04-09T03:27:45","guid":{"rendered":"https:\/\/www.mexicanguitarplayers.com\/tienda\/sin categor\u00eda\/amplificador-bugera-p-bajo-bv1001t\/"},"modified":"2025-07-01T04:23:31","modified_gmt":"2025-07-01T10:23:31","slug":"amplificador-bugera-p-bajo-bv1001t","status":"publish","type":"product","link":"https:\/\/www.mexicanguitarplayers.com\/en\/tienda\/cuerdas\/amplificadores-cuerdas\/amps-para-bajo\/amplificador-bugera-p-bajo-bv1001t\/","title":{"rendered":"AMPLIFICADOR BUGERA P\/BAJO BV1001T"},"content":{"rendered":"<div style=\"text-align: justify\">\n<div>\n<h3>Toneladas de potencia en un ligero amplificador.<\/h3>\n<\/div>\n<div>El Bugera Veyron Tube satisface tus necesidades con lo \u00faltimo en potencia desenfrenada. Un amplificador de bajo ultra compacto y con estilo que ofrece 2000 watts de potencia clase D y m\u00e1s caracter\u00edsticas sorprendentes. En su interior encontrar\u00e1s un un compresor \u00f3ptico expresivamente din\u00e1mico, 3 bulbos 12AX7 configurados en un preamo de 6 etapas Clase A, as\u00ed como nuestra tecnolog\u00eda Dynamizer con lo que obtendr\u00e1s un verdadero punch. Junto con una amplia y vers\u00e1til secci\u00f3n de ecualizaci\u00f3n, loop de efectos dedicado y m\u00e1s, el Veyron Mosfet te acompa\u00f1ar\u00e1 en cada nivel de tu carrera, desde el ensayo hasta el estadio.<\/div>\n<div>\n<h4>Characteristics<\/h4>\n<\/div>\n<div>\n<ul style=\"margin: 0px 0px 0px 25px\">\n<li style=\"list-style-type: circle;margin: 5px\">Amplificador h\u00edbrido.<\/li>\n<li style=\"list-style-type: circle;margin: 5px\">1 canal.<\/li>\n<li style=\"list-style-type: circle;margin: 5px\">Potencia: 2000 watts.<\/li>\n<li style=\"list-style-type: circle;margin: 5px\">Compresi\u00f3n.<\/li>\n<li style=\"list-style-type: circle;margin: 5px\">Ecualizador de 3 bandas.<\/li>\n<li style=\"list-style-type: circle;margin: 5px\">3 bulbos 12AX7.<\/li>\n<li style=\"list-style-type: circle;margin: 5px\">2 1\/4 \u2033 inputs.<\/li>\n<li style=\"list-style-type: circle;margin: 5px\">2 salidas de 1\/4&#8243;.<\/li>\n<li style=\"list-style-type: circle;margin: 5px\">Footswitch.<\/li>\n<li style=\"list-style-type: circle;margin: 5px\">Effects loop.<\/li>\n<\/ul>\n<\/div>\n<\/div>","protected":false},"excerpt":{"rendered":"<p>Amplificador h\u00edbrido, 1 canal, potencia: 2000 watts, compresi\u00f3n, ecualizador de3 bandas, 3 bulbos 12AX7, 2 entradas de 1\/4\u201d, 2 salidas de 1\/4\u201d, footswitch, loop de efectos.&hellip; <a class=\"kt-excerpt-readmore more-link\" href=\"https:\/\/www.mexicanguitarplayers.com\/en\/tienda\/cuerdas\/amplificadores-cuerdas\/amps-para-bajo\/amplificador-bugera-p-bajo-bv1001t\/\">Read more<\/a><\/p>","protected":false},"featured_media":33738,"comment_status":"open","ping_status":"closed","template":"","meta":{"kt_blocks_editor_width":""},"pwb-brand":[173],"product_brand":[],"product_cat":[219,254,224],"product_tag":[],"class_list":{"0":"post-33743","1":"product","2":"type-product","3":"status-publish","4":"has-post-thumbnail","6":"pwb-brand-bugera","7":"product_cat-amplificadores-audio","8":"product_cat-amps-para-bajo","9":"product_cat-cuerdas","10":"product_shipping_class-0-5-kg","12":"first","13":"outofstock","14":"taxable","15":"shipping-taxable","16":"purchasable","17":"product-type-simple"},"yoast_head":"<!-- This site is optimized with the Yoast SEO plugin v27.3 - https:\/\/yoast.com\/product\/yoast-seo-wordpress\/ -->\n<title>AMPLIFICADOR BUGERA P\/BAJO BV1001T - Mexican Guitar Players<\/title>\n<meta name=\"description\" content=\"Amplificador h\u00edbrido, 1 canal, potencia: 2000 watts, compresi\u00f3n, ecualizador de3 bandas, 3 bulbos 12AX7, 2 entradas de 1\/4\u201d, 2 salidas de 1\/4\u201d, footswitch, loop de efectos.\" \/>\n<meta name=\"robots\" content=\"index, follow, max-snippet:-1, max-image-preview:large, max-video-preview:-1\" \/>\n<link rel=\"canonical\" href=\"https:\/\/www.mexicanguitarplayers.com\/en\/tienda\/sin%20categor\u00eda\/amplificador-bugera-p-bajo-bv1001t\/\" \/>\n<meta property=\"og:locale\" content=\"en_US\" \/>\n<meta property=\"og:type\" content=\"article\" \/>\n<meta property=\"og:title\" content=\"AMPLIFICADOR BUGERA P\/BAJO BV1001T - Mexican Guitar Players\" \/>\n<meta property=\"og:description\" content=\"Amplificador h\u00edbrido, 1 canal, potencia: 2000 watts, compresi\u00f3n, ecualizador de3 bandas, 3 bulbos 12AX7, 2 entradas de 1\/4\u201d, 2 salidas de 1\/4\u201d, footswitch, loop de efectos.\" \/>\n<meta property=\"og:url\" content=\"https:\/\/www.mexicanguitarplayers.com\/en\/tienda\/sin categor\u00eda\/amplificador-bugera-p-bajo-bv1001t\/\" \/>\n<meta property=\"og:site_name\" content=\"Mexican Guitar Players\" \/>\n<meta property=\"article:modified_time\" content=\"2025-07-01T10:23:31+00:00\" \/>\n<meta name=\"twitter:card\" content=\"summary_large_image\" \/>\n<meta name=\"twitter:label1\" content=\"Est. reading time\" \/>\n\t<meta name=\"twitter:data1\" content=\"1 minute\" \/>\n<script type=\"application\/ld+json\" class=\"yoast-schema-graph\">{\"@context\":\"https:\\\/\\\/schema.org\",\"@graph\":[{\"@type\":[\"WebPage\",\"ItemPage\"],\"@id\":\"https:\\\/\\\/www.mexicanguitarplayers.com\\\/tienda\\\/sin categor\u00eda\\\/amplificador-bugera-p-bajo-bv1001t\\\/\",\"url\":\"https:\\\/\\\/www.mexicanguitarplayers.com\\\/tienda\\\/sin categor\u00eda\\\/amplificador-bugera-p-bajo-bv1001t\\\/\",\"name\":\"AMPLIFICADOR BUGERA P\\\/BAJO BV1001T - Mexican Guitar Players\",\"isPartOf\":{\"@id\":\"https:\\\/\\\/www.mexicanguitarplayers.com\\\/#website\"},\"primaryImageOfPage\":{\"@id\":\"https:\\\/\\\/www.mexicanguitarplayers.com\\\/tienda\\\/sin categor\u00eda\\\/amplificador-bugera-p-bajo-bv1001t\\\/#primaryimage\"},\"image\":{\"@id\":\"https:\\\/\\\/www.mexicanguitarplayers.com\\\/tienda\\\/sin categor\u00eda\\\/amplificador-bugera-p-bajo-bv1001t\\\/#primaryimage\"},\"thumbnailUrl\":\"https:\\\/\\\/www.mexicanguitarplayers.com\\\/wp-content\\\/uploads\\\/2025\\\/04\\\/ICBUGBV1001T.jpg\",\"datePublished\":\"2025-04-09T03:27:45+00:00\",\"dateModified\":\"2025-07-01T10:23:31+00:00\",\"description\":\"Amplificador h\u00edbrido, 1 canal, potencia: 2000 watts, compresi\u00f3n, ecualizador de3 bandas, 3 bulbos 12AX7, 2 entradas de 1\\\/4\u201d, 2 salidas de 1\\\/4\u201d, footswitch, loop de efectos.\",\"breadcrumb\":{\"@id\":\"https:\\\/\\\/www.mexicanguitarplayers.com\\\/tienda\\\/sin categor\u00eda\\\/amplificador-bugera-p-bajo-bv1001t\\\/#breadcrumb\"},\"inLanguage\":\"en-US\",\"potentialAction\":[{\"@type\":\"ReadAction\",\"target\":[\"https:\\\/\\\/www.mexicanguitarplayers.com\\\/tienda\\\/sin categor\u00eda\\\/amplificador-bugera-p-bajo-bv1001t\\\/\"]}]},{\"@type\":\"ImageObject\",\"inLanguage\":\"en-US\",\"@id\":\"https:\\\/\\\/www.mexicanguitarplayers.com\\\/tienda\\\/sin categor\u00eda\\\/amplificador-bugera-p-bajo-bv1001t\\\/#primaryimage\",\"url\":\"https:\\\/\\\/www.mexicanguitarplayers.com\\\/wp-content\\\/uploads\\\/2025\\\/04\\\/ICBUGBV1001T.jpg\",\"contentUrl\":\"https:\\\/\\\/www.mexicanguitarplayers.com\\\/wp-content\\\/uploads\\\/2025\\\/04\\\/ICBUGBV1001T.jpg\",\"width\":1600,\"height\":800},{\"@type\":\"BreadcrumbList\",\"@id\":\"https:\\\/\\\/www.mexicanguitarplayers.com\\\/tienda\\\/sin categor\u00eda\\\/amplificador-bugera-p-bajo-bv1001t\\\/#breadcrumb\",\"itemListElement\":[{\"@type\":\"ListItem\",\"position\":1,\"name\":\"Portada\",\"item\":\"https:\\\/\\\/www.mexicanguitarplayers.com\\\/\"},{\"@type\":\"ListItem\",\"position\":2,\"name\":\"Tienda\",\"item\":\"https:\\\/\\\/www.mexicanguitarplayers.com\\\/tienda\\\/\"},{\"@type\":\"ListItem\",\"position\":3,\"name\":\"AMPLIFICADOR BUGERA P\\\/BAJO BV1001T\"}]},{\"@type\":\"WebSite\",\"@id\":\"https:\\\/\\\/www.mexicanguitarplayers.com\\\/#website\",\"url\":\"https:\\\/\\\/www.mexicanguitarplayers.com\\\/\",\"name\":\"Mexican Guitar Players\",\"description\":\"Website\",\"publisher\":{\"@id\":\"https:\\\/\\\/www.mexicanguitarplayers.com\\\/#organization\"},\"potentialAction\":[{\"@type\":\"SearchAction\",\"target\":{\"@type\":\"EntryPoint\",\"urlTemplate\":\"https:\\\/\\\/www.mexicanguitarplayers.com\\\/?s={search_term_string}\"},\"query-input\":{\"@type\":\"PropertyValueSpecification\",\"valueRequired\":true,\"valueName\":\"search_term_string\"}}],\"inLanguage\":\"en-US\"},{\"@type\":\"Organization\",\"@id\":\"https:\\\/\\\/www.mexicanguitarplayers.com\\\/#organization\",\"name\":\"Mexican Guitar Players\",\"url\":\"https:\\\/\\\/www.mexicanguitarplayers.com\\\/\",\"logo\":{\"@type\":\"ImageObject\",\"inLanguage\":\"en-US\",\"@id\":\"https:\\\/\\\/www.mexicanguitarplayers.com\\\/#\\\/schema\\\/logo\\\/image\\\/\",\"url\":\"\",\"contentUrl\":\"\",\"caption\":\"Mexican Guitar Players\"},\"image\":{\"@id\":\"https:\\\/\\\/www.mexicanguitarplayers.com\\\/#\\\/schema\\\/logo\\\/image\\\/\"}}]}<\/script>\n<!-- \/ Yoast SEO plugin. -->","yoast_head_json":{"title":"AMPLIFICADOR BUGERA P\/BAJO BV1001T - Mexican Guitar Players","description":"Amplificador h\u00edbrido, 1 canal, potencia: 2000 watts, compresi\u00f3n, ecualizador de3 bandas, 3 bulbos 12AX7, 2 entradas de 1\/4\u201d, 2 salidas de 1\/4\u201d, footswitch, loop de efectos.","robots":{"index":"index","follow":"follow","max-snippet":"max-snippet:-1","max-image-preview":"max-image-preview:large","max-video-preview":"max-video-preview:-1"},"canonical":"https:\/\/www.mexicanguitarplayers.com\/en\/tienda\/sin categor\u00eda\/amplificador-bugera-p-bajo-bv1001t\/","og_locale":"en_US","og_type":"article","og_title":"AMPLIFICADOR BUGERA P\/BAJO BV1001T - Mexican Guitar Players","og_description":"Amplificador h\u00edbrido, 1 canal, potencia: 2000 watts, compresi\u00f3n, ecualizador de3 bandas, 3 bulbos 12AX7, 2 entradas de 1\/4\u201d, 2 salidas de 1\/4\u201d, footswitch, loop de efectos.","og_url":"https:\/\/www.mexicanguitarplayers.com\/en\/tienda\/sin categor\u00eda\/amplificador-bugera-p-bajo-bv1001t\/","og_site_name":"Mexican Guitar Players","article_modified_time":"2025-07-01T10:23:31+00:00","twitter_card":"summary_large_image","twitter_misc":{"Est. reading time":"1 minute"},"schema":{"@context":"https:\/\/schema.org","@graph":[{"@type":["WebPage","ItemPage"],"@id":"https:\/\/www.mexicanguitarplayers.com\/tienda\/sin categor\u00eda\/amplificador-bugera-p-bajo-bv1001t\/","url":"https:\/\/www.mexicanguitarplayers.com\/tienda\/sin categor\u00eda\/amplificador-bugera-p-bajo-bv1001t\/","name":"AMPLIFICADOR BUGERA P\/BAJO BV1001T - Mexican Guitar Players","isPartOf":{"@id":"https:\/\/www.mexicanguitarplayers.com\/#website"},"primaryImageOfPage":{"@id":"https:\/\/www.mexicanguitarplayers.com\/tienda\/sin categor\u00eda\/amplificador-bugera-p-bajo-bv1001t\/#primaryimage"},"image":{"@id":"https:\/\/www.mexicanguitarplayers.com\/tienda\/sin categor\u00eda\/amplificador-bugera-p-bajo-bv1001t\/#primaryimage"},"thumbnailUrl":"https:\/\/www.mexicanguitarplayers.com\/wp-content\/uploads\/2025\/04\/ICBUGBV1001T.jpg","datePublished":"2025-04-09T03:27:45+00:00","dateModified":"2025-07-01T10:23:31+00:00","description":"Amplificador h\u00edbrido, 1 canal, potencia: 2000 watts, compresi\u00f3n, ecualizador de3 bandas, 3 bulbos 12AX7, 2 entradas de 1\/4\u201d, 2 salidas de 1\/4\u201d, footswitch, loop de efectos.","breadcrumb":{"@id":"https:\/\/www.mexicanguitarplayers.com\/tienda\/sin categor\u00eda\/amplificador-bugera-p-bajo-bv1001t\/#breadcrumb"},"inLanguage":"en-US","potentialAction":[{"@type":"ReadAction","target":["https:\/\/www.mexicanguitarplayers.com\/tienda\/sin categor\u00eda\/amplificador-bugera-p-bajo-bv1001t\/"]}]},{"@type":"ImageObject","inLanguage":"en-US","@id":"https:\/\/www.mexicanguitarplayers.com\/tienda\/sin categor\u00eda\/amplificador-bugera-p-bajo-bv1001t\/#primaryimage","url":"https:\/\/www.mexicanguitarplayers.com\/wp-content\/uploads\/2025\/04\/ICBUGBV1001T.jpg","contentUrl":"https:\/\/www.mexicanguitarplayers.com\/wp-content\/uploads\/2025\/04\/ICBUGBV1001T.jpg","width":1600,"height":800},{"@type":"BreadcrumbList","@id":"https:\/\/www.mexicanguitarplayers.com\/tienda\/sin categor\u00eda\/amplificador-bugera-p-bajo-bv1001t\/#breadcrumb","itemListElement":[{"@type":"ListItem","position":1,"name":"Portada","item":"https:\/\/www.mexicanguitarplayers.com\/"},{"@type":"ListItem","position":2,"name":"Tienda","item":"https:\/\/www.mexicanguitarplayers.com\/tienda\/"},{"@type":"ListItem","position":3,"name":"AMPLIFICADOR BUGERA P\/BAJO BV1001T"}]},{"@type":"WebSite","@id":"https:\/\/www.mexicanguitarplayers.com\/#website","url":"https:\/\/www.mexicanguitarplayers.com\/","name":"Mexican Guitar Players","description":"Website","publisher":{"@id":"https:\/\/www.mexicanguitarplayers.com\/#organization"},"potentialAction":[{"@type":"SearchAction","target":{"@type":"EntryPoint","urlTemplate":"https:\/\/www.mexicanguitarplayers.com\/?s={search_term_string}"},"query-input":{"@type":"PropertyValueSpecification","valueRequired":true,"valueName":"search_term_string"}}],"inLanguage":"en-US"},{"@type":"Organization","@id":"https:\/\/www.mexicanguitarplayers.com\/#organization","name":"Mexican Guitar Players","url":"https:\/\/www.mexicanguitarplayers.com\/","logo":{"@type":"ImageObject","inLanguage":"en-US","@id":"https:\/\/www.mexicanguitarplayers.com\/#\/schema\/logo\/image\/","url":"","contentUrl":"","caption":"Mexican Guitar Players"},"image":{"@id":"https:\/\/www.mexicanguitarplayers.com\/#\/schema\/logo\/image\/"}}]}},"brands":[{"id":173,"name":"BUGERA","slug":"bugera"}],"_links":{"self":[{"href":"https:\/\/www.mexicanguitarplayers.com\/en\/wp-json\/wp\/v2\/product\/33743","targetHints":{"allow":["GET"]}}],"collection":[{"href":"https:\/\/www.mexicanguitarplayers.com\/en\/wp-json\/wp\/v2\/product"}],"about":[{"href":"https:\/\/www.mexicanguitarplayers.com\/en\/wp-json\/wp\/v2\/types\/product"}],"replies":[{"embeddable":true,"href":"https:\/\/www.mexicanguitarplayers.com\/en\/wp-json\/wp\/v2\/comments?post=33743"}],"wp:featuredmedia":[{"embeddable":true,"href":"https:\/\/www.mexicanguitarplayers.com\/en\/wp-json\/wp\/v2\/media\/33738"}],"wp:attachment":[{"href":"https:\/\/www.mexicanguitarplayers.com\/en\/wp-json\/wp\/v2\/media?parent=33743"}],"wp:term":[{"taxonomy":"pwb-brand","embeddable":true,"href":"https:\/\/www.mexicanguitarplayers.com\/en\/wp-json\/wp\/v2\/pwb-brand?post=33743"},{"taxonomy":"product_brand","embeddable":true,"href":"https:\/\/www.mexicanguitarplayers.com\/en\/wp-json\/wp\/v2\/product_brand?post=33743"},{"taxonomy":"product_cat","embeddable":true,"href":"https:\/\/www.mexicanguitarplayers.com\/en\/wp-json\/wp\/v2\/product_cat?post=33743"},{"taxonomy":"product_tag","embeddable":true,"href":"https:\/\/www.mexicanguitarplayers.com\/en\/wp-json\/wp\/v2\/product_tag?post=33743"}],"curies":[{"name":"wp","href":"https:\/\/api.w.org\/{rel}","templated":true}]}}