{"id":33749,"date":"2025-04-08T21:27:51","date_gmt":"2025-04-09T03:27:51","guid":{"rendered":"https:\/\/www.mexicanguitarplayers.com\/tienda\/sin categor\u00eda\/guitarra-washburn-electrica-evil4\/"},"modified":"2026-04-10T04:31:16","modified_gmt":"2026-04-10T10:31:16","slug":"guitarra-washburn-electrica-evil4","status":"publish","type":"product","link":"https:\/\/www.mexicanguitarplayers.com\/en\/tienda\/cuerdas\/guitarras-cuerdas\/electricas\/guitarras-electricas-solidas\/guitarra-washburn-electrica-evil4\/","title":{"rendered":"GUITARRA WASHBURN ELECTRICA EVIL4"},"content":{"rendered":"<div style=\"text-align: justify\">\n<div>\n<h3>\u00a1Potencia endemoniada!<\/h3>\n<\/div>\n<div>La Serie EVIL te ofrece gran potencia y un diapas\u00f3n muy r\u00e1pido para que saques al shredder que traes dentro y te conviertas en una leyenda del metal. Con sus potentes humbuckers tipo activos, sus 24 trastes y sus gr\u00e1ficos no aptos para fresas te convertir\u00e1s en el centro de atracci\u00f3n. Desde 1883, en Chicago, la Compa\u00f1\u00eda Washburn fabrica guitarras el\u00e9ctricas, cl\u00e1sicas y ac\u00fasticas, bajos el\u00e9ctricos y ac\u00fasticos, banjos, mandolinas, guitarras de viaje, y amplificadores. Washburn ha ido ganando mucho reconocimiento en los \u00faltimos a\u00f1o y ha sido la marca favorita de guitarristas como Dimebag Darrell, Scott Ian, Jennifer Batten, Nuno Bettencourt, Stu Hamm, Paul Stanley, Richie Owens, George Lynch, Leonardo D&#8217;Lozanne, Sonny Smith y muchos m\u00e1s\u2026<\/div>\n<div>\n<h4>Quick look<\/h4>\n<\/div>\n<ul style=\"margin: 0px 0px 0px 25px\">\n<li style=\"list-style-type: circle;margin: 5px\">2 humbuckers cubiertos:<\/li>\n<li style=\"list-style-type: circle;margin: 5px\">Cuerpo de basswood:<\/li>\n<li style=\"list-style-type: circle;margin: 5px\">Maquinaria diecast:<\/li>\n<\/ul>\n<div>\n<div style=\"font-weight: bold\">2 humbuckers cubiertos:<\/div>\n<div>\n<p>Gran potencia y sustain para esos solos infernales.<\/p>\n<\/div>\n<div style=\"font-weight: bold\">Cuerpo de basswood:<\/div>\n<div>\n<p>Madera con mucho sustain y estabilidad estructural.<\/p>\n<\/div>\n<div style=\"font-weight: bold\">Maquinaria diecast:<\/div>\n<div>\n<p>Precisi\u00f3n indestructible.<\/p>\n<\/div>\n<\/div>\n<div>\n<h4>Characteristics<\/h4>\n<\/div>\n<div>\n<ul style=\"margin: 0px 0px 0px 25px\">\n<li style=\"list-style-type: circle;margin: 5px\">Gr\u00e1ficos en alta definici\u00f3n Calavera Diab\u00f3lica con Cruz.<\/li>\n<li style=\"list-style-type: circle;margin: 5px\">3-position selector.<\/li>\n<li style=\"list-style-type: circle;margin: 5px\">24 frets.<\/li>\n<\/ul>\n<\/div>\n<\/div>","protected":false},"excerpt":{"rendered":"<p>Guitarra Washburn EVIL 4 el\u00e9ctrica, serie Evil, cuerpo de basswood, brazo de maple, diapas\u00f3n de rosewood entintado con incrustaciones 666, 2 potentes humbuckerscubiertos, 1 vol, 1 tono, selector de 3 pos.  puente tune-o-matic con stoptail.24 trastes grafico de Calavera Diab\u00f3lica con Cruz.  Incluye funda suave.&hellip; <a class=\"kt-excerpt-readmore more-link\" href=\"https:\/\/www.mexicanguitarplayers.com\/en\/tienda\/cuerdas\/guitarras-cuerdas\/electricas\/guitarras-electricas-solidas\/guitarra-washburn-electrica-evil4\/\">Read more<\/a><\/p>","protected":false},"featured_media":33748,"comment_status":"open","ping_status":"closed","template":"","meta":{"kt_blocks_editor_width":""},"pwb-brand":[178],"product_brand":[],"product_cat":[224,313,312,314],"product_tag":[],"class_list":{"0":"post-33749","1":"product","2":"type-product","3":"status-publish","4":"has-post-thumbnail","6":"pwb-brand-washburn","7":"product_cat-cuerdas","8":"product_cat-electricas","9":"product_cat-guitarras-cuerdas","10":"product_cat-guitarras-electricas-solidas","11":"product_shipping_class-0-5-kg","13":"first","14":"outofstock","15":"taxable","16":"shipping-taxable","17":"purchasable","18":"product-type-simple"},"yoast_head":"<!-- This site is optimized with the Yoast SEO plugin v27.5 - https:\/\/yoast.com\/product\/yoast-seo-wordpress\/ -->\n<title>GUITARRA WASHBURN ELECTRICA EVIL4 - Mexican Guitar Players<\/title>\n<meta name=\"description\" content=\"Guitarra Washburn EVIL 4 el\u00e9ctrica, serie Evil, cuerpo de basswood, brazo de maple, diapas\u00f3n de rosewood entintado con incrustaciones 666, 2 potentes humbuckerscubiertos, 1 vol, 1 tono, selector de 3 pos. puente tune-o-matic con stoptail.24 trastes grafico de Calavera Diab\u00f3lica con Cruz. Incluye funda suave.\" \/>\n<meta name=\"robots\" content=\"index, follow, max-snippet:-1, max-image-preview:large, max-video-preview:-1\" \/>\n<link rel=\"canonical\" href=\"https:\/\/www.mexicanguitarplayers.com\/en\/tienda\/sin%20categor\u00eda\/guitarra-washburn-electrica-evil4\/\" \/>\n<meta property=\"og:locale\" content=\"en_US\" \/>\n<meta property=\"og:type\" content=\"article\" \/>\n<meta property=\"og:title\" content=\"GUITARRA WASHBURN ELECTRICA EVIL4 - Mexican Guitar Players\" \/>\n<meta property=\"og:description\" content=\"Guitarra Washburn EVIL 4 el\u00e9ctrica, serie Evil, cuerpo de basswood, brazo de maple, diapas\u00f3n de rosewood entintado con incrustaciones 666, 2 potentes humbuckerscubiertos, 1 vol, 1 tono, selector de 3 pos. puente tune-o-matic con stoptail.24 trastes grafico de Calavera Diab\u00f3lica con Cruz. Incluye funda suave.\" \/>\n<meta property=\"og:url\" content=\"https:\/\/www.mexicanguitarplayers.com\/en\/tienda\/sin categor\u00eda\/guitarra-washburn-electrica-evil4\/\" \/>\n<meta property=\"og:site_name\" content=\"Mexican Guitar Players\" \/>\n<meta property=\"article:modified_time\" content=\"2026-04-10T10:31:16+00:00\" \/>\n<meta name=\"twitter:card\" content=\"summary_large_image\" \/>\n<meta name=\"twitter:label1\" content=\"Est. reading time\" \/>\n\t<meta name=\"twitter:data1\" content=\"1 minute\" \/>\n<script type=\"application\/ld+json\" class=\"yoast-schema-graph\">{\"@context\":\"https:\\\/\\\/schema.org\",\"@graph\":[{\"@type\":[\"WebPage\",\"ItemPage\"],\"@id\":\"https:\\\/\\\/www.mexicanguitarplayers.com\\\/tienda\\\/sin categor\u00eda\\\/guitarra-washburn-electrica-evil4\\\/\",\"url\":\"https:\\\/\\\/www.mexicanguitarplayers.com\\\/tienda\\\/sin categor\u00eda\\\/guitarra-washburn-electrica-evil4\\\/\",\"name\":\"GUITARRA WASHBURN ELECTRICA EVIL4 - Mexican Guitar Players\",\"isPartOf\":{\"@id\":\"https:\\\/\\\/www.mexicanguitarplayers.com\\\/#website\"},\"primaryImageOfPage\":{\"@id\":\"https:\\\/\\\/www.mexicanguitarplayers.com\\\/tienda\\\/sin categor\u00eda\\\/guitarra-washburn-electrica-evil4\\\/#primaryimage\"},\"image\":{\"@id\":\"https:\\\/\\\/www.mexicanguitarplayers.com\\\/tienda\\\/sin categor\u00eda\\\/guitarra-washburn-electrica-evil4\\\/#primaryimage\"},\"thumbnailUrl\":\"https:\\\/\\\/www.mexicanguitarplayers.com\\\/wp-content\\\/uploads\\\/2025\\\/04\\\/ISWASEVIL4.jpg\",\"datePublished\":\"2025-04-09T03:27:51+00:00\",\"dateModified\":\"2026-04-10T10:31:16+00:00\",\"description\":\"Guitarra Washburn EVIL 4 el\u00e9ctrica, serie Evil, cuerpo de basswood, brazo de maple, diapas\u00f3n de rosewood entintado con incrustaciones 666, 2 potentes humbuckerscubiertos, 1 vol, 1 tono, selector de 3 pos. puente tune-o-matic con stoptail.24 trastes grafico de Calavera Diab\u00f3lica con Cruz. Incluye funda suave.\",\"breadcrumb\":{\"@id\":\"https:\\\/\\\/www.mexicanguitarplayers.com\\\/tienda\\\/sin categor\u00eda\\\/guitarra-washburn-electrica-evil4\\\/#breadcrumb\"},\"inLanguage\":\"en-US\",\"potentialAction\":[{\"@type\":\"ReadAction\",\"target\":[\"https:\\\/\\\/www.mexicanguitarplayers.com\\\/tienda\\\/sin categor\u00eda\\\/guitarra-washburn-electrica-evil4\\\/\"]}]},{\"@type\":\"ImageObject\",\"inLanguage\":\"en-US\",\"@id\":\"https:\\\/\\\/www.mexicanguitarplayers.com\\\/tienda\\\/sin categor\u00eda\\\/guitarra-washburn-electrica-evil4\\\/#primaryimage\",\"url\":\"https:\\\/\\\/www.mexicanguitarplayers.com\\\/wp-content\\\/uploads\\\/2025\\\/04\\\/ISWASEVIL4.jpg\",\"contentUrl\":\"https:\\\/\\\/www.mexicanguitarplayers.com\\\/wp-content\\\/uploads\\\/2025\\\/04\\\/ISWASEVIL4.jpg\",\"width\":300,\"height\":300},{\"@type\":\"BreadcrumbList\",\"@id\":\"https:\\\/\\\/www.mexicanguitarplayers.com\\\/tienda\\\/sin categor\u00eda\\\/guitarra-washburn-electrica-evil4\\\/#breadcrumb\",\"itemListElement\":[{\"@type\":\"ListItem\",\"position\":1,\"name\":\"Portada\",\"item\":\"https:\\\/\\\/www.mexicanguitarplayers.com\\\/\"},{\"@type\":\"ListItem\",\"position\":2,\"name\":\"Tienda\",\"item\":\"https:\\\/\\\/www.mexicanguitarplayers.com\\\/tienda\\\/\"},{\"@type\":\"ListItem\",\"position\":3,\"name\":\"GUITARRA WASHBURN ELECTRICA EVIL4\"}]},{\"@type\":\"WebSite\",\"@id\":\"https:\\\/\\\/www.mexicanguitarplayers.com\\\/#website\",\"url\":\"https:\\\/\\\/www.mexicanguitarplayers.com\\\/\",\"name\":\"Mexican Guitar Players\",\"description\":\"Website\",\"publisher\":{\"@id\":\"https:\\\/\\\/www.mexicanguitarplayers.com\\\/#organization\"},\"potentialAction\":[{\"@type\":\"SearchAction\",\"target\":{\"@type\":\"EntryPoint\",\"urlTemplate\":\"https:\\\/\\\/www.mexicanguitarplayers.com\\\/?s={search_term_string}\"},\"query-input\":{\"@type\":\"PropertyValueSpecification\",\"valueRequired\":true,\"valueName\":\"search_term_string\"}}],\"inLanguage\":\"en-US\"},{\"@type\":\"Organization\",\"@id\":\"https:\\\/\\\/www.mexicanguitarplayers.com\\\/#organization\",\"name\":\"Mexican Guitar Players\",\"url\":\"https:\\\/\\\/www.mexicanguitarplayers.com\\\/\",\"logo\":{\"@type\":\"ImageObject\",\"inLanguage\":\"en-US\",\"@id\":\"https:\\\/\\\/www.mexicanguitarplayers.com\\\/#\\\/schema\\\/logo\\\/image\\\/\",\"url\":\"\",\"contentUrl\":\"\",\"caption\":\"Mexican Guitar Players\"},\"image\":{\"@id\":\"https:\\\/\\\/www.mexicanguitarplayers.com\\\/#\\\/schema\\\/logo\\\/image\\\/\"}}]}<\/script>\n<!-- \/ Yoast SEO plugin. -->","yoast_head_json":{"title":"GUITARRA WASHBURN ELECTRICA EVIL4 - Mexican Guitar Players","description":"Guitarra Washburn EVIL 4 el\u00e9ctrica, serie Evil, cuerpo de basswood, brazo de maple, diapas\u00f3n de rosewood entintado con incrustaciones 666, 2 potentes humbuckerscubiertos, 1 vol, 1 tono, selector de 3 pos. puente tune-o-matic con stoptail.24 trastes grafico de Calavera Diab\u00f3lica con Cruz. Incluye funda suave.","robots":{"index":"index","follow":"follow","max-snippet":"max-snippet:-1","max-image-preview":"max-image-preview:large","max-video-preview":"max-video-preview:-1"},"canonical":"https:\/\/www.mexicanguitarplayers.com\/en\/tienda\/sin categor\u00eda\/guitarra-washburn-electrica-evil4\/","og_locale":"en_US","og_type":"article","og_title":"GUITARRA WASHBURN ELECTRICA EVIL4 - Mexican Guitar Players","og_description":"Guitarra Washburn EVIL 4 el\u00e9ctrica, serie Evil, cuerpo de basswood, brazo de maple, diapas\u00f3n de rosewood entintado con incrustaciones 666, 2 potentes humbuckerscubiertos, 1 vol, 1 tono, selector de 3 pos. puente tune-o-matic con stoptail.24 trastes grafico de Calavera Diab\u00f3lica con Cruz. Incluye funda suave.","og_url":"https:\/\/www.mexicanguitarplayers.com\/en\/tienda\/sin categor\u00eda\/guitarra-washburn-electrica-evil4\/","og_site_name":"Mexican Guitar Players","article_modified_time":"2026-04-10T10:31:16+00:00","twitter_card":"summary_large_image","twitter_misc":{"Est. reading time":"1 minute"},"schema":{"@context":"https:\/\/schema.org","@graph":[{"@type":["WebPage","ItemPage"],"@id":"https:\/\/www.mexicanguitarplayers.com\/tienda\/sin categor\u00eda\/guitarra-washburn-electrica-evil4\/","url":"https:\/\/www.mexicanguitarplayers.com\/tienda\/sin categor\u00eda\/guitarra-washburn-electrica-evil4\/","name":"GUITARRA WASHBURN ELECTRICA EVIL4 - Mexican Guitar Players","isPartOf":{"@id":"https:\/\/www.mexicanguitarplayers.com\/#website"},"primaryImageOfPage":{"@id":"https:\/\/www.mexicanguitarplayers.com\/tienda\/sin categor\u00eda\/guitarra-washburn-electrica-evil4\/#primaryimage"},"image":{"@id":"https:\/\/www.mexicanguitarplayers.com\/tienda\/sin categor\u00eda\/guitarra-washburn-electrica-evil4\/#primaryimage"},"thumbnailUrl":"https:\/\/www.mexicanguitarplayers.com\/wp-content\/uploads\/2025\/04\/ISWASEVIL4.jpg","datePublished":"2025-04-09T03:27:51+00:00","dateModified":"2026-04-10T10:31:16+00:00","description":"Guitarra Washburn EVIL 4 el\u00e9ctrica, serie Evil, cuerpo de basswood, brazo de maple, diapas\u00f3n de rosewood entintado con incrustaciones 666, 2 potentes humbuckerscubiertos, 1 vol, 1 tono, selector de 3 pos. puente tune-o-matic con stoptail.24 trastes grafico de Calavera Diab\u00f3lica con Cruz. Incluye funda suave.","breadcrumb":{"@id":"https:\/\/www.mexicanguitarplayers.com\/tienda\/sin categor\u00eda\/guitarra-washburn-electrica-evil4\/#breadcrumb"},"inLanguage":"en-US","potentialAction":[{"@type":"ReadAction","target":["https:\/\/www.mexicanguitarplayers.com\/tienda\/sin categor\u00eda\/guitarra-washburn-electrica-evil4\/"]}]},{"@type":"ImageObject","inLanguage":"en-US","@id":"https:\/\/www.mexicanguitarplayers.com\/tienda\/sin categor\u00eda\/guitarra-washburn-electrica-evil4\/#primaryimage","url":"https:\/\/www.mexicanguitarplayers.com\/wp-content\/uploads\/2025\/04\/ISWASEVIL4.jpg","contentUrl":"https:\/\/www.mexicanguitarplayers.com\/wp-content\/uploads\/2025\/04\/ISWASEVIL4.jpg","width":300,"height":300},{"@type":"BreadcrumbList","@id":"https:\/\/www.mexicanguitarplayers.com\/tienda\/sin categor\u00eda\/guitarra-washburn-electrica-evil4\/#breadcrumb","itemListElement":[{"@type":"ListItem","position":1,"name":"Portada","item":"https:\/\/www.mexicanguitarplayers.com\/"},{"@type":"ListItem","position":2,"name":"Tienda","item":"https:\/\/www.mexicanguitarplayers.com\/tienda\/"},{"@type":"ListItem","position":3,"name":"GUITARRA WASHBURN ELECTRICA EVIL4"}]},{"@type":"WebSite","@id":"https:\/\/www.mexicanguitarplayers.com\/#website","url":"https:\/\/www.mexicanguitarplayers.com\/","name":"Mexican Guitar Players","description":"Website","publisher":{"@id":"https:\/\/www.mexicanguitarplayers.com\/#organization"},"potentialAction":[{"@type":"SearchAction","target":{"@type":"EntryPoint","urlTemplate":"https:\/\/www.mexicanguitarplayers.com\/?s={search_term_string}"},"query-input":{"@type":"PropertyValueSpecification","valueRequired":true,"valueName":"search_term_string"}}],"inLanguage":"en-US"},{"@type":"Organization","@id":"https:\/\/www.mexicanguitarplayers.com\/#organization","name":"Mexican Guitar Players","url":"https:\/\/www.mexicanguitarplayers.com\/","logo":{"@type":"ImageObject","inLanguage":"en-US","@id":"https:\/\/www.mexicanguitarplayers.com\/#\/schema\/logo\/image\/","url":"","contentUrl":"","caption":"Mexican Guitar Players"},"image":{"@id":"https:\/\/www.mexicanguitarplayers.com\/#\/schema\/logo\/image\/"}}]}},"brands":[{"id":178,"name":"WASHBURN","slug":"washburn"}],"_links":{"self":[{"href":"https:\/\/www.mexicanguitarplayers.com\/en\/wp-json\/wp\/v2\/product\/33749","targetHints":{"allow":["GET"]}}],"collection":[{"href":"https:\/\/www.mexicanguitarplayers.com\/en\/wp-json\/wp\/v2\/product"}],"about":[{"href":"https:\/\/www.mexicanguitarplayers.com\/en\/wp-json\/wp\/v2\/types\/product"}],"replies":[{"embeddable":true,"href":"https:\/\/www.mexicanguitarplayers.com\/en\/wp-json\/wp\/v2\/comments?post=33749"}],"wp:featuredmedia":[{"embeddable":true,"href":"https:\/\/www.mexicanguitarplayers.com\/en\/wp-json\/wp\/v2\/media\/33748"}],"wp:attachment":[{"href":"https:\/\/www.mexicanguitarplayers.com\/en\/wp-json\/wp\/v2\/media?parent=33749"}],"wp:term":[{"taxonomy":"pwb-brand","embeddable":true,"href":"https:\/\/www.mexicanguitarplayers.com\/en\/wp-json\/wp\/v2\/pwb-brand?post=33749"},{"taxonomy":"product_brand","embeddable":true,"href":"https:\/\/www.mexicanguitarplayers.com\/en\/wp-json\/wp\/v2\/product_brand?post=33749"},{"taxonomy":"product_cat","embeddable":true,"href":"https:\/\/www.mexicanguitarplayers.com\/en\/wp-json\/wp\/v2\/product_cat?post=33749"},{"taxonomy":"product_tag","embeddable":true,"href":"https:\/\/www.mexicanguitarplayers.com\/en\/wp-json\/wp\/v2\/product_tag?post=33749"}],"curies":[{"name":"wp","href":"https:\/\/api.w.org\/{rel}","templated":true}]}}