{"id":33766,"date":"2025-04-08T21:28:12","date_gmt":"2025-04-09T03:28:12","guid":{"rendered":"https:\/\/www.mexicanguitarplayers.com\/tienda\/sin categor\u00eda\/estuche-gator-p-guitarra-gl-dread-12\/"},"modified":"2026-05-01T07:22:34","modified_gmt":"2026-05-01T13:22:34","slug":"estuche-gator-p-guitarra-gl-dread-12","status":"publish","type":"product","link":"https:\/\/www.mexicanguitarplayers.com\/en\/tienda\/accesorios\/estuches-y-fundas\/para-guitarra\/para-guitarra-acustica\/estuche-gator-p-guitarra-gl-dread-12\/","title":{"rendered":"ESTUCHE GATOR P\/GUITARRA GL-DREAD-12"},"content":{"rendered":"<div style=\"text-align: justify\">\n<div>\n<h3>Estuche de peso medio y resistente a impactos.<\/h3>\n<\/div>\n<div>El estuche Gator Lightweight GL Series de Gator para guitarras ac\u00fasticas dreadnought de 12 cuerdas es el cruce perfecto entre un estuche r\u00edgido y una funda. El nylon de alta calidad forma un exterior resistente al agua y a las rasgaduras, mientras que los mangos de tela de nylon proporcionan un agarre firma y una correa para hombro acolchada y extra\u00edble agrega versatilidad y movilidad. En el interior del estuche para encontrar\u00e1s tela de felpa y un n\u00facleo de espuma EPS denso contorneado a medida para proteger tu instrumento de cualquier da\u00f1o. Cuando se trata de  uso diario y portabilidad, este estuche es la mejor opci\u00f3n.<\/div>\n<div>\n<h4>Quick look<\/h4>\n<\/div>\n<ul style=\"margin: 0px 0px 0px 25px\">\n<li style=\"list-style-type: circle;margin: 5px\">Dimensiones interiores.<\/li>\n<li style=\"list-style-type: circle;margin: 5px\">Dimensiones exteriores.<\/li>\n<li style=\"list-style-type: circle;margin: 5px\">Weight.<\/li>\n<\/ul>\n<div>\n<div style=\"font-weight: bold\">Dimensiones interiores.<\/div>\n<div>\n<p>Altura interior: 4.9&#8243; (124.46 mm). Longitud del cuerpo: 22.2&#8243; (563.88 mm). Ancho de la parte inferior: 16.1&#8243; (408.94 mm). Ancho de la parte del medio: 12&#8243; (304.8 mm). Ancho de la parte superior: 12.6&#8243; (320.04 mm). Longitud total: 43&#8243; (1092.2 mm).<\/p>\n<\/div>\n<div style=\"font-weight: bold\">Dimensiones exteriores.<\/div>\n<div>\n<p>Longitud exterior: 45.1&#8243; (1145.54 mm). Ancho exterior: 18.1&#8243; (459.74 mm). Altura exterior: 7.9&#8243; (200.66 mm).<\/p>\n<\/div>\n<div style=\"font-weight: bold\">Weight.<\/div>\n<div>\n<p>2.5 kg.<\/p>\n<\/div>\n<\/div>\n<div>\n<h4>Characteristics<\/h4>\n<\/div>\n<div>\n<ul style=\"margin: 0px 0px 0px 25px\">\n<li style=\"list-style-type: circle;margin: 5px\">Estuche h\u00edbrido para guitarra ac\u00fastica dreadnought de 12 cuerdas.<\/li>\n<li style=\"list-style-type: circle;margin: 5px\">Se puede llevar con correas de hombro o tipo mochila.<\/li>\n<li style=\"list-style-type: circle;margin: 5px\">Cuna acolchada.<\/li>\n<li style=\"list-style-type: circle;margin: 5px\">Exterior de nylon resistente Denier 600.<\/li>\n<li style=\"list-style-type: circle;margin: 5px\">N\u00facleo de espuma EPS denso.<\/li>\n<li style=\"list-style-type: circle;margin: 5px\">Forro de felpa.<\/li>\n<li style=\"list-style-type: circle;margin: 5px\">Dos espaciosos compartimentos interiores de almacenamiento.<\/li>\n<li style=\"list-style-type: circle;margin: 5px\">Asa de transporte de nylon.<\/li>\n<\/ul>\n<\/div>\n<\/div>","protected":false},"excerpt":{"rendered":"<p>Estuche h\u00edbrido para guitarra ac\u00fastica dreadnought de 12 cuerdas, se puede llevar con correas de hombro o tipo mochila, cuna acolchada, ofrece la portabilidad de una funda pero cumple con la s\u00f3lida protecci\u00f3n de un estuche r\u00edgido, exterior de nylon resistente Denier 600 que forma un escudo exterior duradero y resistente al agua, n\u00facleo de espuma EPS denso y forro de felpa que mantienen a salvo tu guitarra de golpes y rasgu\u00f1os, dos espaciosos compartimentos interiores de almacenamiento que ofrecen escondites seguros para capos, cuerdas, p\u00faas y accesorios, asa de transporte de nylon de alta resistencia  que brinda un agarre firme.&hellip; <a class=\"kt-excerpt-readmore more-link\" href=\"https:\/\/www.mexicanguitarplayers.com\/en\/tienda\/accesorios\/estuches-y-fundas\/para-guitarra\/para-guitarra-acustica\/estuche-gator-p-guitarra-gl-dread-12\/\">Read more<\/a><\/p>","protected":false},"featured_media":33752,"comment_status":"open","ping_status":"closed","template":"","meta":{"kt_blocks_editor_width":""},"pwb-brand":[572],"product_brand":[],"product_cat":[85,517,566,569],"product_tag":[],"class_list":{"0":"post-33766","1":"product","2":"type-product","3":"status-publish","4":"has-post-thumbnail","6":"pwb-brand-gator","7":"product_cat-accesorios","8":"product_cat-estuches-y-fundas","9":"product_cat-para-guitarra","10":"product_cat-para-guitarra-acustica","11":"product_shipping_class-0-5-kg","13":"first","14":"instock","15":"taxable","16":"shipping-taxable","17":"purchasable","18":"product-type-simple"},"yoast_head":"<!-- This site is optimized with the Yoast SEO plugin v27.5 - https:\/\/yoast.com\/product\/yoast-seo-wordpress\/ -->\n<title>ESTUCHE GATOR P\/GUITARRA GL-DREAD-12 - Mexican Guitar Players<\/title>\n<meta name=\"description\" content=\"Estuche h\u00edbrido para guitarra ac\u00fastica dreadnought de 12 cuerdas, se puede llevar con correas de hombro o tipo mochila, cuna acolchada, ofrece la portabilidad de una funda pero cumple con la s\u00f3lida protecci\u00f3n de un estuche r\u00edgido, exterior de nylon resistente Denier 600 que forma un escudo exterior duradero y resistente al agua, n\u00facleo de espuma EPS denso y forro de felpa que mantienen a salvo tu guitarra de golpes y rasgu\u00f1os, dos espaciosos compartimentos interiores de almacenamiento que ofrecen escondites seguros para capos, cuerdas, p\u00faas y accesorios, asa de transporte de nylon de alta resistencia que brinda un agarre firme.\" \/>\n<meta name=\"robots\" content=\"index, follow, max-snippet:-1, max-image-preview:large, max-video-preview:-1\" \/>\n<link rel=\"canonical\" href=\"https:\/\/www.mexicanguitarplayers.com\/en\/tienda\/sin%20categor\u00eda\/estuche-gator-p-guitarra-gl-dread-12\/\" \/>\n<meta property=\"og:locale\" content=\"en_US\" \/>\n<meta property=\"og:type\" content=\"article\" \/>\n<meta property=\"og:title\" content=\"ESTUCHE GATOR P\/GUITARRA GL-DREAD-12 - Mexican Guitar Players\" \/>\n<meta property=\"og:description\" content=\"Estuche h\u00edbrido para guitarra ac\u00fastica dreadnought de 12 cuerdas, se puede llevar con correas de hombro o tipo mochila, cuna acolchada, ofrece la portabilidad de una funda pero cumple con la s\u00f3lida protecci\u00f3n de un estuche r\u00edgido, exterior de nylon resistente Denier 600 que forma un escudo exterior duradero y resistente al agua, n\u00facleo de espuma EPS denso y forro de felpa que mantienen a salvo tu guitarra de golpes y rasgu\u00f1os, dos espaciosos compartimentos interiores de almacenamiento que ofrecen escondites seguros para capos, cuerdas, p\u00faas y accesorios, asa de transporte de nylon de alta resistencia que brinda un agarre firme.\" \/>\n<meta property=\"og:url\" content=\"https:\/\/www.mexicanguitarplayers.com\/en\/tienda\/sin categor\u00eda\/estuche-gator-p-guitarra-gl-dread-12\/\" \/>\n<meta property=\"og:site_name\" content=\"Mexican Guitar Players\" \/>\n<meta property=\"article:modified_time\" content=\"2026-05-01T13:22:34+00:00\" \/>\n<meta name=\"twitter:card\" content=\"summary_large_image\" \/>\n<meta name=\"twitter:label1\" content=\"Est. reading time\" \/>\n\t<meta name=\"twitter:data1\" content=\"1 minute\" \/>\n<script type=\"application\/ld+json\" class=\"yoast-schema-graph\">{\"@context\":\"https:\\\/\\\/schema.org\",\"@graph\":[{\"@type\":[\"WebPage\",\"ItemPage\"],\"@id\":\"https:\\\/\\\/www.mexicanguitarplayers.com\\\/tienda\\\/sin categor\u00eda\\\/estuche-gator-p-guitarra-gl-dread-12\\\/\",\"url\":\"https:\\\/\\\/www.mexicanguitarplayers.com\\\/tienda\\\/sin categor\u00eda\\\/estuche-gator-p-guitarra-gl-dread-12\\\/\",\"name\":\"ESTUCHE GATOR P\\\/GUITARRA GL-DREAD-12 - Mexican Guitar Players\",\"isPartOf\":{\"@id\":\"https:\\\/\\\/www.mexicanguitarplayers.com\\\/#website\"},\"primaryImageOfPage\":{\"@id\":\"https:\\\/\\\/www.mexicanguitarplayers.com\\\/tienda\\\/sin categor\u00eda\\\/estuche-gator-p-guitarra-gl-dread-12\\\/#primaryimage\"},\"image\":{\"@id\":\"https:\\\/\\\/www.mexicanguitarplayers.com\\\/tienda\\\/sin categor\u00eda\\\/estuche-gator-p-guitarra-gl-dread-12\\\/#primaryimage\"},\"thumbnailUrl\":\"https:\\\/\\\/www.mexicanguitarplayers.com\\\/wp-content\\\/uploads\\\/2025\\\/04\\\/VAGATGLDREAD12.jpg\",\"datePublished\":\"2025-04-09T03:28:12+00:00\",\"dateModified\":\"2026-05-01T13:22:34+00:00\",\"description\":\"Estuche h\u00edbrido para guitarra ac\u00fastica dreadnought de 12 cuerdas, se puede llevar con correas de hombro o tipo mochila, cuna acolchada, ofrece la portabilidad de una funda pero cumple con la s\u00f3lida protecci\u00f3n de un estuche r\u00edgido, exterior de nylon resistente Denier 600 que forma un escudo exterior duradero y resistente al agua, n\u00facleo de espuma EPS denso y forro de felpa que mantienen a salvo tu guitarra de golpes y rasgu\u00f1os, dos espaciosos compartimentos interiores de almacenamiento que ofrecen escondites seguros para capos, cuerdas, p\u00faas y accesorios, asa de transporte de nylon de alta resistencia que brinda un agarre firme.\",\"breadcrumb\":{\"@id\":\"https:\\\/\\\/www.mexicanguitarplayers.com\\\/tienda\\\/sin categor\u00eda\\\/estuche-gator-p-guitarra-gl-dread-12\\\/#breadcrumb\"},\"inLanguage\":\"en-US\",\"potentialAction\":[{\"@type\":\"ReadAction\",\"target\":[\"https:\\\/\\\/www.mexicanguitarplayers.com\\\/tienda\\\/sin categor\u00eda\\\/estuche-gator-p-guitarra-gl-dread-12\\\/\"]}]},{\"@type\":\"ImageObject\",\"inLanguage\":\"en-US\",\"@id\":\"https:\\\/\\\/www.mexicanguitarplayers.com\\\/tienda\\\/sin categor\u00eda\\\/estuche-gator-p-guitarra-gl-dread-12\\\/#primaryimage\",\"url\":\"https:\\\/\\\/www.mexicanguitarplayers.com\\\/wp-content\\\/uploads\\\/2025\\\/04\\\/VAGATGLDREAD12.jpg\",\"contentUrl\":\"https:\\\/\\\/www.mexicanguitarplayers.com\\\/wp-content\\\/uploads\\\/2025\\\/04\\\/VAGATGLDREAD12.jpg\",\"width\":1600,\"height\":800},{\"@type\":\"BreadcrumbList\",\"@id\":\"https:\\\/\\\/www.mexicanguitarplayers.com\\\/tienda\\\/sin categor\u00eda\\\/estuche-gator-p-guitarra-gl-dread-12\\\/#breadcrumb\",\"itemListElement\":[{\"@type\":\"ListItem\",\"position\":1,\"name\":\"Portada\",\"item\":\"https:\\\/\\\/www.mexicanguitarplayers.com\\\/\"},{\"@type\":\"ListItem\",\"position\":2,\"name\":\"Tienda\",\"item\":\"https:\\\/\\\/www.mexicanguitarplayers.com\\\/tienda\\\/\"},{\"@type\":\"ListItem\",\"position\":3,\"name\":\"ESTUCHE GATOR P\\\/GUITARRA GL-DREAD-12\"}]},{\"@type\":\"WebSite\",\"@id\":\"https:\\\/\\\/www.mexicanguitarplayers.com\\\/#website\",\"url\":\"https:\\\/\\\/www.mexicanguitarplayers.com\\\/\",\"name\":\"Mexican Guitar Players\",\"description\":\"Website\",\"publisher\":{\"@id\":\"https:\\\/\\\/www.mexicanguitarplayers.com\\\/#organization\"},\"potentialAction\":[{\"@type\":\"SearchAction\",\"target\":{\"@type\":\"EntryPoint\",\"urlTemplate\":\"https:\\\/\\\/www.mexicanguitarplayers.com\\\/?s={search_term_string}\"},\"query-input\":{\"@type\":\"PropertyValueSpecification\",\"valueRequired\":true,\"valueName\":\"search_term_string\"}}],\"inLanguage\":\"en-US\"},{\"@type\":\"Organization\",\"@id\":\"https:\\\/\\\/www.mexicanguitarplayers.com\\\/#organization\",\"name\":\"Mexican Guitar Players\",\"url\":\"https:\\\/\\\/www.mexicanguitarplayers.com\\\/\",\"logo\":{\"@type\":\"ImageObject\",\"inLanguage\":\"en-US\",\"@id\":\"https:\\\/\\\/www.mexicanguitarplayers.com\\\/#\\\/schema\\\/logo\\\/image\\\/\",\"url\":\"\",\"contentUrl\":\"\",\"caption\":\"Mexican Guitar Players\"},\"image\":{\"@id\":\"https:\\\/\\\/www.mexicanguitarplayers.com\\\/#\\\/schema\\\/logo\\\/image\\\/\"}}]}<\/script>\n<!-- \/ Yoast SEO plugin. -->","yoast_head_json":{"title":"ESTUCHE GATOR P\/GUITARRA GL-DREAD-12 - Mexican Guitar Players","description":"Estuche h\u00edbrido para guitarra ac\u00fastica dreadnought de 12 cuerdas, se puede llevar con correas de hombro o tipo mochila, cuna acolchada, ofrece la portabilidad de una funda pero cumple con la s\u00f3lida protecci\u00f3n de un estuche r\u00edgido, exterior de nylon resistente Denier 600 que forma un escudo exterior duradero y resistente al agua, n\u00facleo de espuma EPS denso y forro de felpa que mantienen a salvo tu guitarra de golpes y rasgu\u00f1os, dos espaciosos compartimentos interiores de almacenamiento que ofrecen escondites seguros para capos, cuerdas, p\u00faas y accesorios, asa de transporte de nylon de alta resistencia que brinda un agarre firme.","robots":{"index":"index","follow":"follow","max-snippet":"max-snippet:-1","max-image-preview":"max-image-preview:large","max-video-preview":"max-video-preview:-1"},"canonical":"https:\/\/www.mexicanguitarplayers.com\/en\/tienda\/sin categor\u00eda\/estuche-gator-p-guitarra-gl-dread-12\/","og_locale":"en_US","og_type":"article","og_title":"ESTUCHE GATOR P\/GUITARRA GL-DREAD-12 - Mexican Guitar Players","og_description":"Estuche h\u00edbrido para guitarra ac\u00fastica dreadnought de 12 cuerdas, se puede llevar con correas de hombro o tipo mochila, cuna acolchada, ofrece la portabilidad de una funda pero cumple con la s\u00f3lida protecci\u00f3n de un estuche r\u00edgido, exterior de nylon resistente Denier 600 que forma un escudo exterior duradero y resistente al agua, n\u00facleo de espuma EPS denso y forro de felpa que mantienen a salvo tu guitarra de golpes y rasgu\u00f1os, dos espaciosos compartimentos interiores de almacenamiento que ofrecen escondites seguros para capos, cuerdas, p\u00faas y accesorios, asa de transporte de nylon de alta resistencia que brinda un agarre firme.","og_url":"https:\/\/www.mexicanguitarplayers.com\/en\/tienda\/sin categor\u00eda\/estuche-gator-p-guitarra-gl-dread-12\/","og_site_name":"Mexican Guitar Players","article_modified_time":"2026-05-01T13:22:34+00:00","twitter_card":"summary_large_image","twitter_misc":{"Est. reading time":"1 minute"},"schema":{"@context":"https:\/\/schema.org","@graph":[{"@type":["WebPage","ItemPage"],"@id":"https:\/\/www.mexicanguitarplayers.com\/tienda\/sin categor\u00eda\/estuche-gator-p-guitarra-gl-dread-12\/","url":"https:\/\/www.mexicanguitarplayers.com\/tienda\/sin categor\u00eda\/estuche-gator-p-guitarra-gl-dread-12\/","name":"ESTUCHE GATOR P\/GUITARRA GL-DREAD-12 - Mexican Guitar Players","isPartOf":{"@id":"https:\/\/www.mexicanguitarplayers.com\/#website"},"primaryImageOfPage":{"@id":"https:\/\/www.mexicanguitarplayers.com\/tienda\/sin categor\u00eda\/estuche-gator-p-guitarra-gl-dread-12\/#primaryimage"},"image":{"@id":"https:\/\/www.mexicanguitarplayers.com\/tienda\/sin categor\u00eda\/estuche-gator-p-guitarra-gl-dread-12\/#primaryimage"},"thumbnailUrl":"https:\/\/www.mexicanguitarplayers.com\/wp-content\/uploads\/2025\/04\/VAGATGLDREAD12.jpg","datePublished":"2025-04-09T03:28:12+00:00","dateModified":"2026-05-01T13:22:34+00:00","description":"Estuche h\u00edbrido para guitarra ac\u00fastica dreadnought de 12 cuerdas, se puede llevar con correas de hombro o tipo mochila, cuna acolchada, ofrece la portabilidad de una funda pero cumple con la s\u00f3lida protecci\u00f3n de un estuche r\u00edgido, exterior de nylon resistente Denier 600 que forma un escudo exterior duradero y resistente al agua, n\u00facleo de espuma EPS denso y forro de felpa que mantienen a salvo tu guitarra de golpes y rasgu\u00f1os, dos espaciosos compartimentos interiores de almacenamiento que ofrecen escondites seguros para capos, cuerdas, p\u00faas y accesorios, asa de transporte de nylon de alta resistencia que brinda un agarre firme.","breadcrumb":{"@id":"https:\/\/www.mexicanguitarplayers.com\/tienda\/sin categor\u00eda\/estuche-gator-p-guitarra-gl-dread-12\/#breadcrumb"},"inLanguage":"en-US","potentialAction":[{"@type":"ReadAction","target":["https:\/\/www.mexicanguitarplayers.com\/tienda\/sin categor\u00eda\/estuche-gator-p-guitarra-gl-dread-12\/"]}]},{"@type":"ImageObject","inLanguage":"en-US","@id":"https:\/\/www.mexicanguitarplayers.com\/tienda\/sin categor\u00eda\/estuche-gator-p-guitarra-gl-dread-12\/#primaryimage","url":"https:\/\/www.mexicanguitarplayers.com\/wp-content\/uploads\/2025\/04\/VAGATGLDREAD12.jpg","contentUrl":"https:\/\/www.mexicanguitarplayers.com\/wp-content\/uploads\/2025\/04\/VAGATGLDREAD12.jpg","width":1600,"height":800},{"@type":"BreadcrumbList","@id":"https:\/\/www.mexicanguitarplayers.com\/tienda\/sin categor\u00eda\/estuche-gator-p-guitarra-gl-dread-12\/#breadcrumb","itemListElement":[{"@type":"ListItem","position":1,"name":"Portada","item":"https:\/\/www.mexicanguitarplayers.com\/"},{"@type":"ListItem","position":2,"name":"Tienda","item":"https:\/\/www.mexicanguitarplayers.com\/tienda\/"},{"@type":"ListItem","position":3,"name":"ESTUCHE GATOR P\/GUITARRA GL-DREAD-12"}]},{"@type":"WebSite","@id":"https:\/\/www.mexicanguitarplayers.com\/#website","url":"https:\/\/www.mexicanguitarplayers.com\/","name":"Mexican Guitar Players","description":"Website","publisher":{"@id":"https:\/\/www.mexicanguitarplayers.com\/#organization"},"potentialAction":[{"@type":"SearchAction","target":{"@type":"EntryPoint","urlTemplate":"https:\/\/www.mexicanguitarplayers.com\/?s={search_term_string}"},"query-input":{"@type":"PropertyValueSpecification","valueRequired":true,"valueName":"search_term_string"}}],"inLanguage":"en-US"},{"@type":"Organization","@id":"https:\/\/www.mexicanguitarplayers.com\/#organization","name":"Mexican Guitar Players","url":"https:\/\/www.mexicanguitarplayers.com\/","logo":{"@type":"ImageObject","inLanguage":"en-US","@id":"https:\/\/www.mexicanguitarplayers.com\/#\/schema\/logo\/image\/","url":"","contentUrl":"","caption":"Mexican Guitar Players"},"image":{"@id":"https:\/\/www.mexicanguitarplayers.com\/#\/schema\/logo\/image\/"}}]}},"brands":[{"id":572,"name":"GATOR","slug":"gator"}],"_links":{"self":[{"href":"https:\/\/www.mexicanguitarplayers.com\/en\/wp-json\/wp\/v2\/product\/33766","targetHints":{"allow":["GET"]}}],"collection":[{"href":"https:\/\/www.mexicanguitarplayers.com\/en\/wp-json\/wp\/v2\/product"}],"about":[{"href":"https:\/\/www.mexicanguitarplayers.com\/en\/wp-json\/wp\/v2\/types\/product"}],"replies":[{"embeddable":true,"href":"https:\/\/www.mexicanguitarplayers.com\/en\/wp-json\/wp\/v2\/comments?post=33766"}],"wp:featuredmedia":[{"embeddable":true,"href":"https:\/\/www.mexicanguitarplayers.com\/en\/wp-json\/wp\/v2\/media\/33752"}],"wp:attachment":[{"href":"https:\/\/www.mexicanguitarplayers.com\/en\/wp-json\/wp\/v2\/media?parent=33766"}],"wp:term":[{"taxonomy":"pwb-brand","embeddable":true,"href":"https:\/\/www.mexicanguitarplayers.com\/en\/wp-json\/wp\/v2\/pwb-brand?post=33766"},{"taxonomy":"product_brand","embeddable":true,"href":"https:\/\/www.mexicanguitarplayers.com\/en\/wp-json\/wp\/v2\/product_brand?post=33766"},{"taxonomy":"product_cat","embeddable":true,"href":"https:\/\/www.mexicanguitarplayers.com\/en\/wp-json\/wp\/v2\/product_cat?post=33766"},{"taxonomy":"product_tag","embeddable":true,"href":"https:\/\/www.mexicanguitarplayers.com\/en\/wp-json\/wp\/v2\/product_tag?post=33766"}],"curies":[{"name":"wp","href":"https:\/\/api.w.org\/{rel}","templated":true}]}}