{"id":33813,"date":"2025-04-08T21:29:22","date_gmt":"2025-04-09T03:29:22","guid":{"rendered":"https:\/\/www.mexicanguitarplayers.com\/tienda\/sin categor\u00eda\/pastillas-sd-juego-sc-yjm-fury-strat\/"},"modified":"2026-05-01T07:22:32","modified_gmt":"2026-05-01T13:22:32","slug":"pastillas-sd-juego-sc-yjm-fury-strat","status":"publish","type":"product","link":"https:\/\/www.mexicanguitarplayers.com\/en\/tienda\/accesorios\/para-guitarras\/pastillas-para-guitarra-electrica\/pastillas-sd-juego-sc-yjm-fury-strat\/","title":{"rendered":"PASTILLAS SD JUEGO SC YJM FURY STRAT"},"content":{"rendered":"<div style=\"text-align: justify\">\n<div>\n<h3>El sonido por excelencia.<\/h3>\n<\/div>\n<div>Si bien se basa en nuestro dise\u00f1o Stack original patentado, la pastilla YJM Fury utiliza imanes de barra de alnico 5 de longitudes personalizadas y una estructura de unique-coil para brindarle ese equilibrio perfecto de dulce fluidez y articulaci\u00f3n que es Yngwie J Malmsteen. El modelo de puente est\u00e1 dise\u00f1ado para manejar el ataque de cuerdas de Yngwie y ofrece una respuesta precisa y articulada que tiene la cantidad justa de agudos sin sonar \u00e1spero o quebradizo. El modelo del puente se enrolla m\u00e1s caliente para proporcionar mejor equilibrio con las pastillas del brazo y central. El modelo de puente se embobina m\u00e1s apretado para proporcionar un mejor equilibrio con las pastillas del brazo y del centro. El modelo del brazo\/centro est\u00e1 dise\u00f1ado para resaltar el equilibrio de la t\u00e9cnica fluida de la mano izquierda de Yngwie con su amplia combinaci\u00f3n de ataques de p\u00faa con la mano derecha para lograr un tono dulce y suave. Cuenta con la cantidad justa de gama alta para hacer que esta pastilla sea extremadamente articulada y especialmente receptiva a la din\u00e1mica. Y es un silencio absoluto. En los a\u00f1os 80 patentamos una bobina inferior especial que en realidad inyecta un zumbido negativo en el c\u00edrculo de captaci\u00f3n y al final del proceso de producci\u00f3n ajustamos cada captaci\u00f3n para lograr la m\u00e1xima cancelaci\u00f3n de ruido. Hechas a mano en Santa B\u00e1rbara, California, las pastillas Stratocaster silenciosas YJM Fury utilizan imanes personalizados de alnico de 5 varillas, cable de 4 conductores,  y est\u00e1n recubiertas de cera para un funcionamiento sin chirridos. Los modelos de brazo\/central tendr\u00e1n la misma salida, direcci\u00f3n de bobinado y polaridad magn\u00e9tica. Todos los sets, excepto el modelo exclusivo de Jimi Hendrix, vienen con un RWRP central como pastilla intermedia. Posici\u00f3n RwRP central (bobinado inverso\/polaridad inversa): Elije esta opci\u00f3n para tener una pastilla que cancele el zumbido con uno de nuestros modelos de brazo o puente.<\/div>\n<div>\n<h4>Quick look<\/h4>\n<\/div>\n<ul style=\"margin: 0px 0px 0px 25px\">\n<li style=\"list-style-type: circle;margin: 5px\">Modelo.<\/li>\n<li style=\"list-style-type: circle;margin: 5px\">Posici\u00f3n.<\/li>\n<li style=\"list-style-type: circle;margin: 5px\">Espaciado.<\/li>\n<li style=\"list-style-type: circle;margin: 5px\">Alambrado.<\/li>\n<li style=\"list-style-type: circle;margin: 5px\">Im\u00e1n.<\/li>\n<li style=\"list-style-type: circle;margin: 5px\">Resistencia.<\/li>\n<\/ul>\n<div>\n<div style=\"font-weight: bold\">Modelo.<\/div>\n<div>\n<p>YJM Fury.<\/p>\n<\/div>\n<div style=\"font-weight: bold\">Posici\u00f3n.<\/div>\n<div>\n<p>Para brazo, centro y puente.<\/p>\n<\/div>\n<div style=\"font-weight: bold\">Espaciado.<\/div>\n<div>\n<p>Est\u00e1ndar.<\/p>\n<\/div>\n<div style=\"font-weight: bold\">Alambrado.<\/div>\n<div>\n<p>4 conductores, blindado.<\/p>\n<\/div>\n<div style=\"font-weight: bold\">Im\u00e1n.<\/div>\n<div>\n<p>Alinico 5.<\/p>\n<\/div>\n<div style=\"font-weight: bold\">Resistencia.<\/div>\n<div>\n<p>Brazo: 25.5 kilo-ohms. Centro: 25.5 kilo-ohms. Puente: 25.7 kilo-ohms.<\/p>\n<\/div>\n<\/div>\n<\/div>","protected":false},"excerpt":{"rendered":"<p>Set de pastillas single-coil modelo YJM Fury Strat, posiciones: puente, central y brazo, im\u00e1n: alnico 5, cableado: 4 conductores, blindado, tipo: pasivo, resistencia brazo: 25.5 kilo-ohms, resistencia centro: 25.5 kilo-ohms, resistencia puente: 25.7 kilo-ohms, equilibrio perfecto de dulce fluidez y articulaci\u00f3n, dise\u00f1ado para manejar el ataque de cuerdas de Yngwie, extremadamente articulada y especialmente receptiva a la din\u00e1mica.&hellip; <a class=\"kt-excerpt-readmore more-link\" href=\"https:\/\/www.mexicanguitarplayers.com\/en\/tienda\/accesorios\/para-guitarras\/pastillas-para-guitarra-electrica\/pastillas-sd-juego-sc-yjm-fury-strat\/\">Read more<\/a><\/p>","protected":false},"featured_media":33808,"comment_status":"open","ping_status":"closed","template":"","meta":{"kt_blocks_editor_width":""},"pwb-brand":[502],"product_brand":[],"product_cat":[85,336,353],"product_tag":[],"class_list":{"0":"post-33813","1":"product","2":"type-product","3":"status-publish","4":"has-post-thumbnail","6":"pwb-brand-seymour-duncan","7":"product_cat-accesorios","8":"product_cat-para-guitarras","9":"product_cat-pastillas-para-guitarra-electrica","10":"product_shipping_class-0-5-kg","12":"first","13":"instock","14":"taxable","15":"shipping-taxable","16":"purchasable","17":"product-type-simple"},"yoast_head":"<!-- This site is optimized with the Yoast SEO plugin v27.5 - https:\/\/yoast.com\/product\/yoast-seo-wordpress\/ -->\n<title>PASTILLAS SD JUEGO SC YJM FURY STRAT - Mexican Guitar Players<\/title>\n<meta name=\"description\" content=\"Set de pastillas single-coil modelo YJM Fury Strat, posiciones: puente, central y brazo, im\u00e1n: alnico 5, cableado: 4 conductores, blindado, tipo: pasivo, resistencia brazo: 25.5 kilo-ohms, resistencia centro: 25.5 kilo-ohms, resistencia puente: 25.7 kilo-ohms, equilibrio perfecto de dulce fluidez y articulaci\u00f3n, dise\u00f1ado para manejar el ataque de cuerdas de Yngwie, extremadamente articulada y especialmente receptiva a la din\u00e1mica.\" \/>\n<meta name=\"robots\" content=\"index, follow, max-snippet:-1, max-image-preview:large, max-video-preview:-1\" \/>\n<link rel=\"canonical\" href=\"https:\/\/www.mexicanguitarplayers.com\/en\/tienda\/sin%20categor\u00eda\/pastillas-sd-juego-sc-yjm-fury-strat\/\" \/>\n<meta property=\"og:locale\" content=\"en_US\" \/>\n<meta property=\"og:type\" content=\"article\" \/>\n<meta property=\"og:title\" content=\"PASTILLAS SD JUEGO SC YJM FURY STRAT - Mexican Guitar Players\" \/>\n<meta property=\"og:description\" content=\"Set de pastillas single-coil modelo YJM Fury Strat, posiciones: puente, central y brazo, im\u00e1n: alnico 5, cableado: 4 conductores, blindado, tipo: pasivo, resistencia brazo: 25.5 kilo-ohms, resistencia centro: 25.5 kilo-ohms, resistencia puente: 25.7 kilo-ohms, equilibrio perfecto de dulce fluidez y articulaci\u00f3n, dise\u00f1ado para manejar el ataque de cuerdas de Yngwie, extremadamente articulada y especialmente receptiva a la din\u00e1mica.\" \/>\n<meta property=\"og:url\" content=\"https:\/\/www.mexicanguitarplayers.com\/en\/tienda\/sin categor\u00eda\/pastillas-sd-juego-sc-yjm-fury-strat\/\" \/>\n<meta property=\"og:site_name\" content=\"Mexican Guitar Players\" \/>\n<meta property=\"article:modified_time\" content=\"2026-05-01T13:22:32+00:00\" \/>\n<meta name=\"twitter:card\" content=\"summary_large_image\" \/>\n<meta name=\"twitter:label1\" content=\"Est. reading time\" \/>\n\t<meta name=\"twitter:data1\" content=\"2 minutes\" \/>\n<script type=\"application\/ld+json\" class=\"yoast-schema-graph\">{\"@context\":\"https:\\\/\\\/schema.org\",\"@graph\":[{\"@type\":[\"WebPage\",\"ItemPage\"],\"@id\":\"https:\\\/\\\/www.mexicanguitarplayers.com\\\/tienda\\\/sin categor\u00eda\\\/pastillas-sd-juego-sc-yjm-fury-strat\\\/\",\"url\":\"https:\\\/\\\/www.mexicanguitarplayers.com\\\/tienda\\\/sin categor\u00eda\\\/pastillas-sd-juego-sc-yjm-fury-strat\\\/\",\"name\":\"PASTILLAS SD JUEGO SC YJM FURY STRAT - Mexican Guitar Players\",\"isPartOf\":{\"@id\":\"https:\\\/\\\/www.mexicanguitarplayers.com\\\/#website\"},\"primaryImageOfPage\":{\"@id\":\"https:\\\/\\\/www.mexicanguitarplayers.com\\\/tienda\\\/sin categor\u00eda\\\/pastillas-sd-juego-sc-yjm-fury-strat\\\/#primaryimage\"},\"image\":{\"@id\":\"https:\\\/\\\/www.mexicanguitarplayers.com\\\/tienda\\\/sin categor\u00eda\\\/pastillas-sd-juego-sc-yjm-fury-strat\\\/#primaryimage\"},\"thumbnailUrl\":\"https:\\\/\\\/www.mexicanguitarplayers.com\\\/wp-content\\\/uploads\\\/2025\\\/04\\\/RASEOSTKS10SYJ.jpg\",\"datePublished\":\"2025-04-09T03:29:22+00:00\",\"dateModified\":\"2026-05-01T13:22:32+00:00\",\"description\":\"Set de pastillas single-coil modelo YJM Fury Strat, posiciones: puente, central y brazo, im\u00e1n: alnico 5, cableado: 4 conductores, blindado, tipo: pasivo, resistencia brazo: 25.5 kilo-ohms, resistencia centro: 25.5 kilo-ohms, resistencia puente: 25.7 kilo-ohms, equilibrio perfecto de dulce fluidez y articulaci\u00f3n, dise\u00f1ado para manejar el ataque de cuerdas de Yngwie, extremadamente articulada y especialmente receptiva a la din\u00e1mica.\",\"breadcrumb\":{\"@id\":\"https:\\\/\\\/www.mexicanguitarplayers.com\\\/tienda\\\/sin categor\u00eda\\\/pastillas-sd-juego-sc-yjm-fury-strat\\\/#breadcrumb\"},\"inLanguage\":\"en-US\",\"potentialAction\":[{\"@type\":\"ReadAction\",\"target\":[\"https:\\\/\\\/www.mexicanguitarplayers.com\\\/tienda\\\/sin categor\u00eda\\\/pastillas-sd-juego-sc-yjm-fury-strat\\\/\"]}]},{\"@type\":\"ImageObject\",\"inLanguage\":\"en-US\",\"@id\":\"https:\\\/\\\/www.mexicanguitarplayers.com\\\/tienda\\\/sin categor\u00eda\\\/pastillas-sd-juego-sc-yjm-fury-strat\\\/#primaryimage\",\"url\":\"https:\\\/\\\/www.mexicanguitarplayers.com\\\/wp-content\\\/uploads\\\/2025\\\/04\\\/RASEOSTKS10SYJ.jpg\",\"contentUrl\":\"https:\\\/\\\/www.mexicanguitarplayers.com\\\/wp-content\\\/uploads\\\/2025\\\/04\\\/RASEOSTKS10SYJ.jpg\",\"width\":1200,\"height\":1200},{\"@type\":\"BreadcrumbList\",\"@id\":\"https:\\\/\\\/www.mexicanguitarplayers.com\\\/tienda\\\/sin categor\u00eda\\\/pastillas-sd-juego-sc-yjm-fury-strat\\\/#breadcrumb\",\"itemListElement\":[{\"@type\":\"ListItem\",\"position\":1,\"name\":\"Portada\",\"item\":\"https:\\\/\\\/www.mexicanguitarplayers.com\\\/\"},{\"@type\":\"ListItem\",\"position\":2,\"name\":\"Tienda\",\"item\":\"https:\\\/\\\/www.mexicanguitarplayers.com\\\/tienda\\\/\"},{\"@type\":\"ListItem\",\"position\":3,\"name\":\"PASTILLAS SD JUEGO SC YJM FURY STRAT\"}]},{\"@type\":\"WebSite\",\"@id\":\"https:\\\/\\\/www.mexicanguitarplayers.com\\\/#website\",\"url\":\"https:\\\/\\\/www.mexicanguitarplayers.com\\\/\",\"name\":\"Mexican Guitar Players\",\"description\":\"Website\",\"publisher\":{\"@id\":\"https:\\\/\\\/www.mexicanguitarplayers.com\\\/#organization\"},\"potentialAction\":[{\"@type\":\"SearchAction\",\"target\":{\"@type\":\"EntryPoint\",\"urlTemplate\":\"https:\\\/\\\/www.mexicanguitarplayers.com\\\/?s={search_term_string}\"},\"query-input\":{\"@type\":\"PropertyValueSpecification\",\"valueRequired\":true,\"valueName\":\"search_term_string\"}}],\"inLanguage\":\"en-US\"},{\"@type\":\"Organization\",\"@id\":\"https:\\\/\\\/www.mexicanguitarplayers.com\\\/#organization\",\"name\":\"Mexican Guitar Players\",\"url\":\"https:\\\/\\\/www.mexicanguitarplayers.com\\\/\",\"logo\":{\"@type\":\"ImageObject\",\"inLanguage\":\"en-US\",\"@id\":\"https:\\\/\\\/www.mexicanguitarplayers.com\\\/#\\\/schema\\\/logo\\\/image\\\/\",\"url\":\"\",\"contentUrl\":\"\",\"caption\":\"Mexican Guitar Players\"},\"image\":{\"@id\":\"https:\\\/\\\/www.mexicanguitarplayers.com\\\/#\\\/schema\\\/logo\\\/image\\\/\"}}]}<\/script>\n<!-- \/ Yoast SEO plugin. -->","yoast_head_json":{"title":"PASTILLAS SD JUEGO SC YJM FURY STRAT - Mexican Guitar Players","description":"Set de pastillas single-coil modelo YJM Fury Strat, posiciones: puente, central y brazo, im\u00e1n: alnico 5, cableado: 4 conductores, blindado, tipo: pasivo, resistencia brazo: 25.5 kilo-ohms, resistencia centro: 25.5 kilo-ohms, resistencia puente: 25.7 kilo-ohms, equilibrio perfecto de dulce fluidez y articulaci\u00f3n, dise\u00f1ado para manejar el ataque de cuerdas de Yngwie, extremadamente articulada y especialmente receptiva a la din\u00e1mica.","robots":{"index":"index","follow":"follow","max-snippet":"max-snippet:-1","max-image-preview":"max-image-preview:large","max-video-preview":"max-video-preview:-1"},"canonical":"https:\/\/www.mexicanguitarplayers.com\/en\/tienda\/sin categor\u00eda\/pastillas-sd-juego-sc-yjm-fury-strat\/","og_locale":"en_US","og_type":"article","og_title":"PASTILLAS SD JUEGO SC YJM FURY STRAT - Mexican Guitar Players","og_description":"Set de pastillas single-coil modelo YJM Fury Strat, posiciones: puente, central y brazo, im\u00e1n: alnico 5, cableado: 4 conductores, blindado, tipo: pasivo, resistencia brazo: 25.5 kilo-ohms, resistencia centro: 25.5 kilo-ohms, resistencia puente: 25.7 kilo-ohms, equilibrio perfecto de dulce fluidez y articulaci\u00f3n, dise\u00f1ado para manejar el ataque de cuerdas de Yngwie, extremadamente articulada y especialmente receptiva a la din\u00e1mica.","og_url":"https:\/\/www.mexicanguitarplayers.com\/en\/tienda\/sin categor\u00eda\/pastillas-sd-juego-sc-yjm-fury-strat\/","og_site_name":"Mexican Guitar Players","article_modified_time":"2026-05-01T13:22:32+00:00","twitter_card":"summary_large_image","twitter_misc":{"Est. reading time":"2 minutes"},"schema":{"@context":"https:\/\/schema.org","@graph":[{"@type":["WebPage","ItemPage"],"@id":"https:\/\/www.mexicanguitarplayers.com\/tienda\/sin categor\u00eda\/pastillas-sd-juego-sc-yjm-fury-strat\/","url":"https:\/\/www.mexicanguitarplayers.com\/tienda\/sin categor\u00eda\/pastillas-sd-juego-sc-yjm-fury-strat\/","name":"PASTILLAS SD JUEGO SC YJM FURY STRAT - Mexican Guitar Players","isPartOf":{"@id":"https:\/\/www.mexicanguitarplayers.com\/#website"},"primaryImageOfPage":{"@id":"https:\/\/www.mexicanguitarplayers.com\/tienda\/sin categor\u00eda\/pastillas-sd-juego-sc-yjm-fury-strat\/#primaryimage"},"image":{"@id":"https:\/\/www.mexicanguitarplayers.com\/tienda\/sin categor\u00eda\/pastillas-sd-juego-sc-yjm-fury-strat\/#primaryimage"},"thumbnailUrl":"https:\/\/www.mexicanguitarplayers.com\/wp-content\/uploads\/2025\/04\/RASEOSTKS10SYJ.jpg","datePublished":"2025-04-09T03:29:22+00:00","dateModified":"2026-05-01T13:22:32+00:00","description":"Set de pastillas single-coil modelo YJM Fury Strat, posiciones: puente, central y brazo, im\u00e1n: alnico 5, cableado: 4 conductores, blindado, tipo: pasivo, resistencia brazo: 25.5 kilo-ohms, resistencia centro: 25.5 kilo-ohms, resistencia puente: 25.7 kilo-ohms, equilibrio perfecto de dulce fluidez y articulaci\u00f3n, dise\u00f1ado para manejar el ataque de cuerdas de Yngwie, extremadamente articulada y especialmente receptiva a la din\u00e1mica.","breadcrumb":{"@id":"https:\/\/www.mexicanguitarplayers.com\/tienda\/sin categor\u00eda\/pastillas-sd-juego-sc-yjm-fury-strat\/#breadcrumb"},"inLanguage":"en-US","potentialAction":[{"@type":"ReadAction","target":["https:\/\/www.mexicanguitarplayers.com\/tienda\/sin categor\u00eda\/pastillas-sd-juego-sc-yjm-fury-strat\/"]}]},{"@type":"ImageObject","inLanguage":"en-US","@id":"https:\/\/www.mexicanguitarplayers.com\/tienda\/sin categor\u00eda\/pastillas-sd-juego-sc-yjm-fury-strat\/#primaryimage","url":"https:\/\/www.mexicanguitarplayers.com\/wp-content\/uploads\/2025\/04\/RASEOSTKS10SYJ.jpg","contentUrl":"https:\/\/www.mexicanguitarplayers.com\/wp-content\/uploads\/2025\/04\/RASEOSTKS10SYJ.jpg","width":1200,"height":1200},{"@type":"BreadcrumbList","@id":"https:\/\/www.mexicanguitarplayers.com\/tienda\/sin categor\u00eda\/pastillas-sd-juego-sc-yjm-fury-strat\/#breadcrumb","itemListElement":[{"@type":"ListItem","position":1,"name":"Portada","item":"https:\/\/www.mexicanguitarplayers.com\/"},{"@type":"ListItem","position":2,"name":"Tienda","item":"https:\/\/www.mexicanguitarplayers.com\/tienda\/"},{"@type":"ListItem","position":3,"name":"PASTILLAS SD JUEGO SC YJM FURY STRAT"}]},{"@type":"WebSite","@id":"https:\/\/www.mexicanguitarplayers.com\/#website","url":"https:\/\/www.mexicanguitarplayers.com\/","name":"Mexican Guitar Players","description":"Website","publisher":{"@id":"https:\/\/www.mexicanguitarplayers.com\/#organization"},"potentialAction":[{"@type":"SearchAction","target":{"@type":"EntryPoint","urlTemplate":"https:\/\/www.mexicanguitarplayers.com\/?s={search_term_string}"},"query-input":{"@type":"PropertyValueSpecification","valueRequired":true,"valueName":"search_term_string"}}],"inLanguage":"en-US"},{"@type":"Organization","@id":"https:\/\/www.mexicanguitarplayers.com\/#organization","name":"Mexican Guitar Players","url":"https:\/\/www.mexicanguitarplayers.com\/","logo":{"@type":"ImageObject","inLanguage":"en-US","@id":"https:\/\/www.mexicanguitarplayers.com\/#\/schema\/logo\/image\/","url":"","contentUrl":"","caption":"Mexican Guitar Players"},"image":{"@id":"https:\/\/www.mexicanguitarplayers.com\/#\/schema\/logo\/image\/"}}]}},"brands":[{"id":502,"name":"SEYMOUR DUNCAN","slug":"seymour-duncan"}],"_links":{"self":[{"href":"https:\/\/www.mexicanguitarplayers.com\/en\/wp-json\/wp\/v2\/product\/33813","targetHints":{"allow":["GET"]}}],"collection":[{"href":"https:\/\/www.mexicanguitarplayers.com\/en\/wp-json\/wp\/v2\/product"}],"about":[{"href":"https:\/\/www.mexicanguitarplayers.com\/en\/wp-json\/wp\/v2\/types\/product"}],"replies":[{"embeddable":true,"href":"https:\/\/www.mexicanguitarplayers.com\/en\/wp-json\/wp\/v2\/comments?post=33813"}],"wp:featuredmedia":[{"embeddable":true,"href":"https:\/\/www.mexicanguitarplayers.com\/en\/wp-json\/wp\/v2\/media\/33808"}],"wp:attachment":[{"href":"https:\/\/www.mexicanguitarplayers.com\/en\/wp-json\/wp\/v2\/media?parent=33813"}],"wp:term":[{"taxonomy":"pwb-brand","embeddable":true,"href":"https:\/\/www.mexicanguitarplayers.com\/en\/wp-json\/wp\/v2\/pwb-brand?post=33813"},{"taxonomy":"product_brand","embeddable":true,"href":"https:\/\/www.mexicanguitarplayers.com\/en\/wp-json\/wp\/v2\/product_brand?post=33813"},{"taxonomy":"product_cat","embeddable":true,"href":"https:\/\/www.mexicanguitarplayers.com\/en\/wp-json\/wp\/v2\/product_cat?post=33813"},{"taxonomy":"product_tag","embeddable":true,"href":"https:\/\/www.mexicanguitarplayers.com\/en\/wp-json\/wp\/v2\/product_tag?post=33813"}],"curies":[{"name":"wp","href":"https:\/\/api.w.org\/{rel}","templated":true}]}}