{"id":33816,"date":"2025-04-08T21:29:25","date_gmt":"2025-04-09T03:29:25","guid":{"rendered":"https:\/\/www.mexicanguitarplayers.com\/tienda\/sin categor\u00eda\/teclado-casio-portatil-wk-8000\/"},"modified":"2025-04-08T21:29:25","modified_gmt":"2025-04-09T03:29:25","slug":"teclado-casio-portatil-wk-8000","status":"publish","type":"product","link":"https:\/\/www.mexicanguitarplayers.com\/en\/tienda\/teclas\/teclados\/avanzados\/teclado-casio-portatil-wk-8000\/","title":{"rendered":"TECLADO CASIO PORTATIL    WK-8000"},"content":{"rendered":"<div style=\"text-align: justify\">\n<div>\n<h3>Fuente de sonidos ZPI de alta calidad, sistema de expansi\u00f3n de datos por internet, y otras funciones avanzadas para verdaderas actuaciones a nivel profesional.<\/h3>\n<\/div>\n<div>Desde actuaciones en vivo hasta sesiones de composici\u00f3n y clases de m\u00fasica, estos modelos de TECLADOS DE ALTA GAMA con m\u00faltiples funcionalidades pueden hacer de todo. Gracias a sus tonos de calidad superior, la variada selecci\u00f3n de tonos y ritmos que se adaptan a los g\u00e9neros musicales de todo el mundo as\u00ed como a sus funciones y caracter\u00edsticas avanzadas, estos teclados pueden ejecutar pr\u00e1cticamente cualquier estilo musical imaginable.  El WK-8000 es una revelaci\u00f3n para todos los teclistas que quieren interpretar piezas para piano pero que prefieren tocar sobre un teclado sin contrapesos. Con sus 670 timbres distintos y sus 166 ritmos, este teclado de altas prestaciones de CASIO ofrece una diversidad que encandila por completo.  La pantalla LC del WK-8000 es m\u00e1s grande que la de sus hermanos peque\u00f1os WK-3300 y WK-3800, y su sistema de altavoces mayor: la moderna carcasa y el soporte en \u00f3ptica de madera enamoran a primera vista. <\/div>\n<div>\n<h4>Quick look<\/h4>\n<\/div>\n<ul style=\"margin: 0px 0px 0px 25px\">\n<li style=\"list-style-type: circle;margin: 5px\">Mezclador de 16 canales.<\/li>\n<li style=\"list-style-type: circle;margin: 5px\">88 teclas.<\/li>\n<li style=\"list-style-type: circle;margin: 5px\">670 timbres.<\/li>\n<li style=\"list-style-type: circle;margin: 5px\">166 ritmos.<\/li>\n<li style=\"list-style-type: circle;margin: 5px\">Ranura para tarjeta SD.<\/li>\n<li style=\"list-style-type: circle;margin: 5px\">Creaci\u00f3n de nuevos timbres ZPI.<\/li>\n<li style=\"list-style-type: circle;margin: 5px\">USB.<\/li>\n<li style=\"list-style-type: circle;margin: 5px\">Salida de audio.<\/li>\n<li style=\"list-style-type: circle;margin: 5px\">Software IDES (CD-ROM).<\/li>\n<li style=\"list-style-type: circle;margin: 5px\">Polifon\u00eda de 32 voces.<\/li>\n<li style=\"list-style-type: circle;margin: 5px\">242 efectos digitales.<\/li>\n<li style=\"list-style-type: circle;margin: 5px\">Pantalla LC.<\/li>\n<li style=\"list-style-type: circle;margin: 5px\">Rueda Pitch-Bend.<\/li>\n<li style=\"list-style-type: circle;margin: 5px\">Memoria de registro.<\/li>\n<\/ul>\n<div>\n<div style=\"font-weight: bold\">Mezclador de 16 canales.<\/div>\n<div>\n<p>Utilice esta funci\u00f3n para activar o desactivar canales, ajustar el volumen y controlar los ajustes de paneo estereof\u00f3nico para las melod\u00edas que se ejecutan en el teclado o las del acompa\u00f1amiento autom\u00e1tico, seis pistas de memoria de canciones, etc.<\/p>\n<\/div>\n<div style=\"font-weight: bold\">88 teclas.<\/div>\n<div>\n<p>Espacio para su m\u00fasica: 88 teclas sensibles a la din\u00e1mica le ofrecen un espacio ideal para sus ideas musicales.<\/p>\n<\/div>\n<div style=\"font-weight: bold\">670 timbres.<\/div>\n<div>\n<p>En el WK-8000 se encuentran ya grabados 670 timbres de alta calidad, pudiendo a\u00f1adirse otros 224.<\/p>\n<\/div>\n<div style=\"font-weight: bold\">166 ritmos.<\/div>\n<div>\n<p>166 ritmos pre configurados (160 y 6 configuraciones del metr\u00f3nomo) le permitir\u00e1n disfrutar de toda la variedad del mundo de la m\u00fasica.<\/p>\n<\/div>\n<div style=\"font-weight: bold\">Ranura para tarjeta SD.<\/div>\n<div>\n<p>El innovador medio de almacenamiento de tarjeta SD le permite ampliar el almacenamiento de canciones interno del WK-8000 de modo f\u00e1cil y sin l\u00edmites.<\/p>\n<\/div>\n<div style=\"font-weight: bold\">Creaci\u00f3n de nuevos timbres ZPI.<\/div>\n<div>\n<p>La mejor creaci\u00f3n de timbres de CASIO: la creaci\u00f3n de timbres ZPI de alta calidad del WK-8000 se orienta seg\u00fan su manera de tocar y abre las muestras correspondientes.<\/p>\n<\/div>\n<div style=\"font-weight: bold\">USB.<\/div>\n<div>\n<p>Este nuevo desarrollo de la interfaz MIDI unifica datos de m\u00fasica (SMF) para intercambiarlos sencillamente con el PC.<\/p>\n<\/div>\n<div style=\"font-weight: bold\">Salida de audio.<\/div>\n<div>\n<p>Listo para el escenario: mediante la salida de audio podr\u00e1 conectar su WK-8000 al equipo de escenario, como altavoces y mesa de mezclas o a su equipo est\u00e9reo en casa.<\/p>\n<\/div>\n<div style=\"font-weight: bold\">Software IDES (CD-ROM).<\/div>\n<div>\n<p>Software IDES incluido: con el Internet Data Expansi\u00f3n System tendr\u00e1 a su disposici\u00f3n numerosas posibilidades de ampliaci\u00f3n.<\/p>\n<\/div>\n<div style=\"font-weight: bold\">Polifon\u00eda de 32 voces.<\/div>\n<div>\n<p>Diversidad de sonidos en vivo: el WK-8000 puede reproducir hasta 32 voces simult\u00e1neamente.<\/p>\n<\/div>\n<div style=\"font-weight: bold\">242 efectos digitales.<\/div>\n<div>\n<p>Todo a bordo: 100 efectos DSP, 100 DSP adicionales, as\u00ed como 16 efectos de reverberaciones y 16 de coros + 10 configuraciones EQ completan la versatilidad sonora de su teclado.<\/p>\n<\/div>\n<div style=\"font-weight: bold\">Pantalla LC.<\/div>\n<div>\n<p>No se pierda: en la pantalla LC ver\u00e1 c\u00f3modamente toda la informaci\u00f3n importante de un vistazo.<\/p>\n<\/div>\n<div style=\"font-weight: bold\">Rueda Pitch-Bend.<\/div>\n<div>\n<p>Con ayudas como la rueda Pitch-Bend se puede cambiar moment\u00e1neamente la altura de los tonos que se tocan. As\u00ed se pueden reproducir de forma real las t\u00e9cnicas de tocar algunos instrumentos, como la guitarra o el saxof\u00f3n.<\/p>\n<\/div>\n<div style=\"font-weight: bold\">Memoria de registro.<\/div>\n<div>\n<p>Acceso m\u00e1s r\u00e1pido: en la memoria de registro se pueden guardar hasta 32 configuraciones (8 bancos de datos con 4 registros cada uno).<\/p>\n<\/div>\n<\/div>\n<\/div>","protected":false},"excerpt":{"rendered":"<p>Teclado Casio mod. WK-8000.88 teclas tipo piano, sensibilidad al tacto,32 notasde polifon\u00eda, gabinete, 670 sonidos zpi,166 ritmos,242 efectos digitales, 50 sonidos de \u00f3rgano con barra de arm\u00f3nicos, memoria flash room de 4mb, grabadora de 5canciones a 6 pistas, reproductor smf, funci\u00f3n split y layer, ranura para tarjeta sd, puerto usb, software de aplicaciones por internet, general midi.&hellip; <a class=\"kt-excerpt-readmore more-link\" href=\"https:\/\/www.mexicanguitarplayers.com\/en\/tienda\/teclas\/teclados\/avanzados\/teclado-casio-portatil-wk-8000\/\">Read more<\/a><\/p>","protected":false},"featured_media":33814,"comment_status":"open","ping_status":"closed","template":"","meta":{"kt_blocks_editor_width":""},"pwb-brand":[274],"product_brand":[],"product_cat":[382,380,376],"product_tag":[],"class_list":{"0":"post-33816","1":"product","2":"type-product","3":"status-publish","4":"has-post-thumbnail","6":"pwb-brand-casio","7":"product_cat-avanzados","8":"product_cat-teclados","9":"product_cat-teclas","10":"product_shipping_class-25-30-kg","12":"first","13":"outofstock","14":"taxable","15":"shipping-taxable","16":"purchasable","17":"product-type-simple"},"yoast_head":"<!-- This site is optimized with the Yoast SEO plugin v27.3 - https:\/\/yoast.com\/product\/yoast-seo-wordpress\/ -->\n<title>TECLADO CASIO PORTATIL  WK-8000 - Mexican Guitar Players<\/title>\n<meta name=\"description\" content=\"Teclado Casio mod. WK-8000.88 teclas tipo piano, sensibilidad al tacto,32 notasde polifon\u00eda, gabinete, 670 sonidos zpi,166 ritmos,242 efectos digitales, 50 sonidos de \u00f3rgano con barra de arm\u00f3nicos, memoria flash room de 4mb, grabadora de 5canciones a 6 pistas, reproductor smf, funci\u00f3n split y layer, ranura para tarjeta sd, puerto usb, software de aplicaciones por internet, general midi.\" \/>\n<meta name=\"robots\" content=\"index, follow, max-snippet:-1, max-image-preview:large, max-video-preview:-1\" \/>\n<link rel=\"canonical\" href=\"https:\/\/www.mexicanguitarplayers.com\/en\/tienda\/sin%20categor\u00eda\/teclado-casio-portatil-wk-8000\/\" \/>\n<meta property=\"og:locale\" content=\"en_US\" \/>\n<meta property=\"og:type\" content=\"article\" \/>\n<meta property=\"og:title\" content=\"TECLADO CASIO PORTATIL  WK-8000 - Mexican Guitar Players\" \/>\n<meta property=\"og:description\" content=\"Teclado Casio mod. WK-8000.88 teclas tipo piano, sensibilidad al tacto,32 notasde polifon\u00eda, gabinete, 670 sonidos zpi,166 ritmos,242 efectos digitales, 50 sonidos de \u00f3rgano con barra de arm\u00f3nicos, memoria flash room de 4mb, grabadora de 5canciones a 6 pistas, reproductor smf, funci\u00f3n split y layer, ranura para tarjeta sd, puerto usb, software de aplicaciones por internet, general midi.\" \/>\n<meta property=\"og:url\" content=\"https:\/\/www.mexicanguitarplayers.com\/en\/tienda\/sin categor\u00eda\/teclado-casio-portatil-wk-8000\/\" \/>\n<meta property=\"og:site_name\" content=\"Mexican Guitar Players\" \/>\n<meta name=\"twitter:card\" content=\"summary_large_image\" \/>\n<meta name=\"twitter:label1\" content=\"Est. reading time\" \/>\n\t<meta name=\"twitter:data1\" content=\"3 minutes\" \/>\n<script type=\"application\/ld+json\" class=\"yoast-schema-graph\">{\"@context\":\"https:\\\/\\\/schema.org\",\"@graph\":[{\"@type\":[\"WebPage\",\"ItemPage\"],\"@id\":\"https:\\\/\\\/www.mexicanguitarplayers.com\\\/tienda\\\/sin categor\u00eda\\\/teclado-casio-portatil-wk-8000\\\/\",\"url\":\"https:\\\/\\\/www.mexicanguitarplayers.com\\\/tienda\\\/sin categor\u00eda\\\/teclado-casio-portatil-wk-8000\\\/\",\"name\":\"TECLADO CASIO PORTATIL WK-8000 - Mexican Guitar Players\",\"isPartOf\":{\"@id\":\"https:\\\/\\\/www.mexicanguitarplayers.com\\\/#website\"},\"primaryImageOfPage\":{\"@id\":\"https:\\\/\\\/www.mexicanguitarplayers.com\\\/tienda\\\/sin categor\u00eda\\\/teclado-casio-portatil-wk-8000\\\/#primaryimage\"},\"image\":{\"@id\":\"https:\\\/\\\/www.mexicanguitarplayers.com\\\/tienda\\\/sin categor\u00eda\\\/teclado-casio-portatil-wk-8000\\\/#primaryimage\"},\"thumbnailUrl\":\"https:\\\/\\\/www.mexicanguitarplayers.com\\\/wp-content\\\/uploads\\\/2025\\\/04\\\/ITCASWK8000.jpg\",\"datePublished\":\"2025-04-09T03:29:25+00:00\",\"description\":\"Teclado Casio mod. WK-8000.88 teclas tipo piano, sensibilidad al tacto,32 notasde polifon\u00eda, gabinete, 670 sonidos zpi,166 ritmos,242 efectos digitales, 50 sonidos de \u00f3rgano con barra de arm\u00f3nicos, memoria flash room de 4mb, grabadora de 5canciones a 6 pistas, reproductor smf, funci\u00f3n split y layer, ranura para tarjeta sd, puerto usb, software de aplicaciones por internet, general midi.\",\"breadcrumb\":{\"@id\":\"https:\\\/\\\/www.mexicanguitarplayers.com\\\/tienda\\\/sin categor\u00eda\\\/teclado-casio-portatil-wk-8000\\\/#breadcrumb\"},\"inLanguage\":\"en-US\",\"potentialAction\":[{\"@type\":\"ReadAction\",\"target\":[\"https:\\\/\\\/www.mexicanguitarplayers.com\\\/tienda\\\/sin categor\u00eda\\\/teclado-casio-portatil-wk-8000\\\/\"]}]},{\"@type\":\"ImageObject\",\"inLanguage\":\"en-US\",\"@id\":\"https:\\\/\\\/www.mexicanguitarplayers.com\\\/tienda\\\/sin categor\u00eda\\\/teclado-casio-portatil-wk-8000\\\/#primaryimage\",\"url\":\"https:\\\/\\\/www.mexicanguitarplayers.com\\\/wp-content\\\/uploads\\\/2025\\\/04\\\/ITCASWK8000.jpg\",\"contentUrl\":\"https:\\\/\\\/www.mexicanguitarplayers.com\\\/wp-content\\\/uploads\\\/2025\\\/04\\\/ITCASWK8000.jpg\",\"width\":1332,\"height\":1332},{\"@type\":\"BreadcrumbList\",\"@id\":\"https:\\\/\\\/www.mexicanguitarplayers.com\\\/tienda\\\/sin categor\u00eda\\\/teclado-casio-portatil-wk-8000\\\/#breadcrumb\",\"itemListElement\":[{\"@type\":\"ListItem\",\"position\":1,\"name\":\"Portada\",\"item\":\"https:\\\/\\\/www.mexicanguitarplayers.com\\\/\"},{\"@type\":\"ListItem\",\"position\":2,\"name\":\"Tienda\",\"item\":\"https:\\\/\\\/www.mexicanguitarplayers.com\\\/tienda\\\/\"},{\"@type\":\"ListItem\",\"position\":3,\"name\":\"TECLADO CASIO PORTATIL WK-8000\"}]},{\"@type\":\"WebSite\",\"@id\":\"https:\\\/\\\/www.mexicanguitarplayers.com\\\/#website\",\"url\":\"https:\\\/\\\/www.mexicanguitarplayers.com\\\/\",\"name\":\"Mexican Guitar Players\",\"description\":\"Website\",\"publisher\":{\"@id\":\"https:\\\/\\\/www.mexicanguitarplayers.com\\\/#organization\"},\"potentialAction\":[{\"@type\":\"SearchAction\",\"target\":{\"@type\":\"EntryPoint\",\"urlTemplate\":\"https:\\\/\\\/www.mexicanguitarplayers.com\\\/?s={search_term_string}\"},\"query-input\":{\"@type\":\"PropertyValueSpecification\",\"valueRequired\":true,\"valueName\":\"search_term_string\"}}],\"inLanguage\":\"en-US\"},{\"@type\":\"Organization\",\"@id\":\"https:\\\/\\\/www.mexicanguitarplayers.com\\\/#organization\",\"name\":\"Mexican Guitar Players\",\"url\":\"https:\\\/\\\/www.mexicanguitarplayers.com\\\/\",\"logo\":{\"@type\":\"ImageObject\",\"inLanguage\":\"en-US\",\"@id\":\"https:\\\/\\\/www.mexicanguitarplayers.com\\\/#\\\/schema\\\/logo\\\/image\\\/\",\"url\":\"\",\"contentUrl\":\"\",\"caption\":\"Mexican Guitar Players\"},\"image\":{\"@id\":\"https:\\\/\\\/www.mexicanguitarplayers.com\\\/#\\\/schema\\\/logo\\\/image\\\/\"}}]}<\/script>\n<!-- \/ Yoast SEO plugin. -->","yoast_head_json":{"title":"TECLADO CASIO PORTATIL  WK-8000 - Mexican Guitar Players","description":"Teclado Casio mod. WK-8000.88 teclas tipo piano, sensibilidad al tacto,32 notasde polifon\u00eda, gabinete, 670 sonidos zpi,166 ritmos,242 efectos digitales, 50 sonidos de \u00f3rgano con barra de arm\u00f3nicos, memoria flash room de 4mb, grabadora de 5canciones a 6 pistas, reproductor smf, funci\u00f3n split y layer, ranura para tarjeta sd, puerto usb, software de aplicaciones por internet, general midi.","robots":{"index":"index","follow":"follow","max-snippet":"max-snippet:-1","max-image-preview":"max-image-preview:large","max-video-preview":"max-video-preview:-1"},"canonical":"https:\/\/www.mexicanguitarplayers.com\/en\/tienda\/sin categor\u00eda\/teclado-casio-portatil-wk-8000\/","og_locale":"en_US","og_type":"article","og_title":"TECLADO CASIO PORTATIL  WK-8000 - Mexican Guitar Players","og_description":"Teclado Casio mod. WK-8000.88 teclas tipo piano, sensibilidad al tacto,32 notasde polifon\u00eda, gabinete, 670 sonidos zpi,166 ritmos,242 efectos digitales, 50 sonidos de \u00f3rgano con barra de arm\u00f3nicos, memoria flash room de 4mb, grabadora de 5canciones a 6 pistas, reproductor smf, funci\u00f3n split y layer, ranura para tarjeta sd, puerto usb, software de aplicaciones por internet, general midi.","og_url":"https:\/\/www.mexicanguitarplayers.com\/en\/tienda\/sin categor\u00eda\/teclado-casio-portatil-wk-8000\/","og_site_name":"Mexican Guitar Players","twitter_card":"summary_large_image","twitter_misc":{"Est. reading time":"3 minutes"},"schema":{"@context":"https:\/\/schema.org","@graph":[{"@type":["WebPage","ItemPage"],"@id":"https:\/\/www.mexicanguitarplayers.com\/tienda\/sin categor\u00eda\/teclado-casio-portatil-wk-8000\/","url":"https:\/\/www.mexicanguitarplayers.com\/tienda\/sin categor\u00eda\/teclado-casio-portatil-wk-8000\/","name":"TECLADO CASIO PORTATIL WK-8000 - Mexican Guitar Players","isPartOf":{"@id":"https:\/\/www.mexicanguitarplayers.com\/#website"},"primaryImageOfPage":{"@id":"https:\/\/www.mexicanguitarplayers.com\/tienda\/sin categor\u00eda\/teclado-casio-portatil-wk-8000\/#primaryimage"},"image":{"@id":"https:\/\/www.mexicanguitarplayers.com\/tienda\/sin categor\u00eda\/teclado-casio-portatil-wk-8000\/#primaryimage"},"thumbnailUrl":"https:\/\/www.mexicanguitarplayers.com\/wp-content\/uploads\/2025\/04\/ITCASWK8000.jpg","datePublished":"2025-04-09T03:29:25+00:00","description":"Teclado Casio mod. WK-8000.88 teclas tipo piano, sensibilidad al tacto,32 notasde polifon\u00eda, gabinete, 670 sonidos zpi,166 ritmos,242 efectos digitales, 50 sonidos de \u00f3rgano con barra de arm\u00f3nicos, memoria flash room de 4mb, grabadora de 5canciones a 6 pistas, reproductor smf, funci\u00f3n split y layer, ranura para tarjeta sd, puerto usb, software de aplicaciones por internet, general midi.","breadcrumb":{"@id":"https:\/\/www.mexicanguitarplayers.com\/tienda\/sin categor\u00eda\/teclado-casio-portatil-wk-8000\/#breadcrumb"},"inLanguage":"en-US","potentialAction":[{"@type":"ReadAction","target":["https:\/\/www.mexicanguitarplayers.com\/tienda\/sin categor\u00eda\/teclado-casio-portatil-wk-8000\/"]}]},{"@type":"ImageObject","inLanguage":"en-US","@id":"https:\/\/www.mexicanguitarplayers.com\/tienda\/sin categor\u00eda\/teclado-casio-portatil-wk-8000\/#primaryimage","url":"https:\/\/www.mexicanguitarplayers.com\/wp-content\/uploads\/2025\/04\/ITCASWK8000.jpg","contentUrl":"https:\/\/www.mexicanguitarplayers.com\/wp-content\/uploads\/2025\/04\/ITCASWK8000.jpg","width":1332,"height":1332},{"@type":"BreadcrumbList","@id":"https:\/\/www.mexicanguitarplayers.com\/tienda\/sin categor\u00eda\/teclado-casio-portatil-wk-8000\/#breadcrumb","itemListElement":[{"@type":"ListItem","position":1,"name":"Portada","item":"https:\/\/www.mexicanguitarplayers.com\/"},{"@type":"ListItem","position":2,"name":"Tienda","item":"https:\/\/www.mexicanguitarplayers.com\/tienda\/"},{"@type":"ListItem","position":3,"name":"TECLADO CASIO PORTATIL WK-8000"}]},{"@type":"WebSite","@id":"https:\/\/www.mexicanguitarplayers.com\/#website","url":"https:\/\/www.mexicanguitarplayers.com\/","name":"Mexican Guitar Players","description":"Website","publisher":{"@id":"https:\/\/www.mexicanguitarplayers.com\/#organization"},"potentialAction":[{"@type":"SearchAction","target":{"@type":"EntryPoint","urlTemplate":"https:\/\/www.mexicanguitarplayers.com\/?s={search_term_string}"},"query-input":{"@type":"PropertyValueSpecification","valueRequired":true,"valueName":"search_term_string"}}],"inLanguage":"en-US"},{"@type":"Organization","@id":"https:\/\/www.mexicanguitarplayers.com\/#organization","name":"Mexican Guitar Players","url":"https:\/\/www.mexicanguitarplayers.com\/","logo":{"@type":"ImageObject","inLanguage":"en-US","@id":"https:\/\/www.mexicanguitarplayers.com\/#\/schema\/logo\/image\/","url":"","contentUrl":"","caption":"Mexican Guitar Players"},"image":{"@id":"https:\/\/www.mexicanguitarplayers.com\/#\/schema\/logo\/image\/"}}]}},"brands":[{"id":274,"name":"CASIO","slug":"casio"}],"_links":{"self":[{"href":"https:\/\/www.mexicanguitarplayers.com\/en\/wp-json\/wp\/v2\/product\/33816","targetHints":{"allow":["GET"]}}],"collection":[{"href":"https:\/\/www.mexicanguitarplayers.com\/en\/wp-json\/wp\/v2\/product"}],"about":[{"href":"https:\/\/www.mexicanguitarplayers.com\/en\/wp-json\/wp\/v2\/types\/product"}],"replies":[{"embeddable":true,"href":"https:\/\/www.mexicanguitarplayers.com\/en\/wp-json\/wp\/v2\/comments?post=33816"}],"wp:featuredmedia":[{"embeddable":true,"href":"https:\/\/www.mexicanguitarplayers.com\/en\/wp-json\/wp\/v2\/media\/33814"}],"wp:attachment":[{"href":"https:\/\/www.mexicanguitarplayers.com\/en\/wp-json\/wp\/v2\/media?parent=33816"}],"wp:term":[{"taxonomy":"pwb-brand","embeddable":true,"href":"https:\/\/www.mexicanguitarplayers.com\/en\/wp-json\/wp\/v2\/pwb-brand?post=33816"},{"taxonomy":"product_brand","embeddable":true,"href":"https:\/\/www.mexicanguitarplayers.com\/en\/wp-json\/wp\/v2\/product_brand?post=33816"},{"taxonomy":"product_cat","embeddable":true,"href":"https:\/\/www.mexicanguitarplayers.com\/en\/wp-json\/wp\/v2\/product_cat?post=33816"},{"taxonomy":"product_tag","embeddable":true,"href":"https:\/\/www.mexicanguitarplayers.com\/en\/wp-json\/wp\/v2\/product_tag?post=33816"}],"curies":[{"name":"wp","href":"https:\/\/api.w.org\/{rel}","templated":true}]}}