{"id":33836,"date":"2025-04-08T21:29:49","date_gmt":"2025-04-09T03:29:49","guid":{"rendered":"https:\/\/www.mexicanguitarplayers.com\/tienda\/sin categor\u00eda\/bateria-gretsch-s-stands-cat-mpl-61-pz\/"},"modified":"2026-04-10T04:31:06","modified_gmt":"2026-04-10T10:31:06","slug":"bateria-gretsch-s-stands-cat-mpl-61-pz","status":"publish","type":"product","link":"https:\/\/www.mexicanguitarplayers.com\/en\/tienda\/percusiones\/baterias\/baterias-acusticas\/baterias-profesionales\/bateria-gretsch-s-stands-cat-mpl-61-pz\/","title":{"rendered":"BATERIA GRETSCH S\/STANDS CAT. MPL 6+1 PZ"},"content":{"rendered":"<div style=\"text-align: justify\">\n<div>\n<h3>El poderoso sonido vintage.<\/h3>\n<\/div>\n<div>La serie Catalina de Gretsch ha sido dise\u00f1ada para el m\u00fasico que est\u00e1 en busca de caracter\u00edsticas de calidad sin un alto precio. Con el c\u00e1lido tono de los vasos de arce fino, acabados en brillo UV y tom holders profesionales, la serie Catalina Maple ofrece un aspecto y caracter\u00edsticas de un kit profesional sin llevarte a la quiebra.<\/div>\n<div>\n<h4>Quick look<\/h4>\n<\/div>\n<ul style=\"margin: 0px 0px 0px 25px\">\n<li style=\"list-style-type: circle;margin: 5px\">Incluye.<\/li>\n<\/ul>\n<div>\n<div style=\"font-weight: bold\">Incluye.<\/div>\n<div>\n<p>Bombo de 22&#8243; x 18&#8243; pulgadas. Tom de aire de 10&#8243; x 7&#8243; pulgadas. Tom de aire de 12&#8243; x 8&#8243; pulgadas. Tom de aire (de regalo) de 8&#8243; x 7&#8243; pulgadas. Tom de piso de 14&#8243; x 14&#8243; pulgadas. Tom de piso de 16&#8243; x 16&#8243; pulgadas. Tarola de 14&#8243; x 6&#8243; pulgadas.<\/p>\n<\/div>\n<\/div>\n<div>\n<h4>Characteristics<\/h4>\n<\/div>\n<div>\n<ul style=\"margin: 0px 0px 0px 25px\">\n<li style=\"list-style-type: circle;margin: 5px\">Bater\u00eda ac\u00fastica serie Catalina Maple.<\/li>\n<li style=\"list-style-type: circle;margin: 5px\">Shell pack de 6 + 1 piezas.<\/li>\n<li style=\"list-style-type: circle;margin: 5px\">Vasos de 7 capas de maple.<\/li>\n<li style=\"list-style-type: circle;margin: 5px\">Bordes afilados de 30\u00ba grados.<\/li>\n<li style=\"list-style-type: circle;margin: 5px\">Parches Remo UT.<\/li>\n<li style=\"list-style-type: circle;margin: 5px\">Soporte doble para toms de aire con espacio para boom de platillo.<\/li>\n<\/ul>\n<\/div>\n<\/div>","protected":false},"excerpt":{"rendered":"<p>Bater\u00eda ac\u00fastica serie Catalina Maple, shell pack de 6 + 1 piezas que incluye bombo de 22\u201d x 18\u201d, toms de aire de 10\u201d x 7\u201d y 12\u201d x 8\u201d, tom  un tom de regalo de8\u201d x 7\u201d, toms de piso de 14\u201d x 14\u201d y 16\u201d x 16\u201d y tarola de 14\u201d x 6\u201d, vasos de 7 capas de maple, bordes afilados de 30\u00ba, parches Remo UT, incluye soporte doble para toms de aire con espacio para boom de platillo.&hellip; <a class=\"kt-excerpt-readmore more-link\" href=\"https:\/\/www.mexicanguitarplayers.com\/en\/tienda\/percusiones\/baterias\/baterias-acusticas\/baterias-profesionales\/bateria-gretsch-s-stands-cat-mpl-61-pz\/\">Read more<\/a><\/p>","protected":false},"featured_media":33832,"comment_status":"open","ping_status":"closed","template":"","meta":{"kt_blocks_editor_width":""},"pwb-brand":[275],"product_brand":[],"product_cat":[209,210,211,208],"product_tag":[],"class_list":{"0":"post-33836","1":"product","2":"type-product","3":"status-publish","4":"has-post-thumbnail","6":"pwb-brand-gretsch","7":"product_cat-baterias","8":"product_cat-baterias-acusticas","9":"product_cat-baterias-profesionales","10":"product_cat-percusiones","11":"product_shipping_class-20-25-kg","13":"first","14":"outofstock","15":"taxable","16":"shipping-taxable","17":"purchasable","18":"product-type-simple"},"yoast_head":"<!-- This site is optimized with the Yoast SEO plugin v27.6 - https:\/\/yoast.com\/product\/yoast-seo-wordpress\/ -->\n<title>BATERIA GRETSCH S\/STANDS CAT. MPL 6+1 PZ - Mexican Guitar Players<\/title>\n<meta name=\"description\" content=\"Bater\u00eda ac\u00fastica serie Catalina Maple, shell pack de 6 + 1 piezas que incluye bombo de 22\u201d x 18\u201d, toms de aire de 10\u201d x 7\u201d y 12\u201d x 8\u201d, tom un tom de regalo de8\u201d x 7\u201d, toms de piso de 14\u201d x 14\u201d y 16\u201d x 16\u201d y tarola de 14\u201d x 6\u201d, vasos de 7 capas de maple, bordes afilados de 30\u00ba, parches Remo UT, incluye soporte doble para toms de aire con espacio para boom de platillo.\" \/>\n<meta name=\"robots\" content=\"index, follow, max-snippet:-1, max-image-preview:large, max-video-preview:-1\" \/>\n<link rel=\"canonical\" href=\"https:\/\/www.mexicanguitarplayers.com\/en\/tienda\/sin%20categor\u00eda\/bateria-gretsch-s-stands-cat-mpl-61-pz\/\" \/>\n<meta property=\"og:locale\" content=\"en_US\" \/>\n<meta property=\"og:type\" content=\"article\" \/>\n<meta property=\"og:title\" content=\"BATERIA GRETSCH S\/STANDS CAT. MPL 6+1 PZ - Mexican Guitar Players\" \/>\n<meta property=\"og:description\" content=\"Bater\u00eda ac\u00fastica serie Catalina Maple, shell pack de 6 + 1 piezas que incluye bombo de 22\u201d x 18\u201d, toms de aire de 10\u201d x 7\u201d y 12\u201d x 8\u201d, tom un tom de regalo de8\u201d x 7\u201d, toms de piso de 14\u201d x 14\u201d y 16\u201d x 16\u201d y tarola de 14\u201d x 6\u201d, vasos de 7 capas de maple, bordes afilados de 30\u00ba, parches Remo UT, incluye soporte doble para toms de aire con espacio para boom de platillo.\" \/>\n<meta property=\"og:url\" content=\"https:\/\/www.mexicanguitarplayers.com\/en\/tienda\/sin categor\u00eda\/bateria-gretsch-s-stands-cat-mpl-61-pz\/\" \/>\n<meta property=\"og:site_name\" content=\"Mexican Guitar Players\" \/>\n<meta property=\"article:modified_time\" content=\"2026-04-10T10:31:06+00:00\" \/>\n<meta name=\"twitter:card\" content=\"summary_large_image\" \/>\n<meta name=\"twitter:label1\" content=\"Est. reading time\" \/>\n\t<meta name=\"twitter:data1\" content=\"1 minute\" \/>\n<script type=\"application\/ld+json\" class=\"yoast-schema-graph\">{\"@context\":\"https:\\\/\\\/schema.org\",\"@graph\":[{\"@type\":[\"WebPage\",\"ItemPage\"],\"@id\":\"https:\\\/\\\/www.mexicanguitarplayers.com\\\/tienda\\\/sin categor\u00eda\\\/bateria-gretsch-s-stands-cat-mpl-61-pz\\\/\",\"url\":\"https:\\\/\\\/www.mexicanguitarplayers.com\\\/tienda\\\/sin categor\u00eda\\\/bateria-gretsch-s-stands-cat-mpl-61-pz\\\/\",\"name\":\"BATERIA GRETSCH S\\\/STANDS CAT. MPL 6+1 PZ - Mexican Guitar Players\",\"isPartOf\":{\"@id\":\"https:\\\/\\\/www.mexicanguitarplayers.com\\\/#website\"},\"primaryImageOfPage\":{\"@id\":\"https:\\\/\\\/www.mexicanguitarplayers.com\\\/tienda\\\/sin categor\u00eda\\\/bateria-gretsch-s-stands-cat-mpl-61-pz\\\/#primaryimage\"},\"image\":{\"@id\":\"https:\\\/\\\/www.mexicanguitarplayers.com\\\/tienda\\\/sin categor\u00eda\\\/bateria-gretsch-s-stands-cat-mpl-61-pz\\\/#primaryimage\"},\"thumbnailUrl\":\"https:\\\/\\\/www.mexicanguitarplayers.com\\\/wp-content\\\/uploads\\\/2025\\\/04\\\/IPGRTCM1E826P.jpg\",\"datePublished\":\"2025-04-09T03:29:49+00:00\",\"dateModified\":\"2026-04-10T10:31:06+00:00\",\"description\":\"Bater\u00eda ac\u00fastica serie Catalina Maple, shell pack de 6 + 1 piezas que incluye bombo de 22\u201d x 18\u201d, toms de aire de 10\u201d x 7\u201d y 12\u201d x 8\u201d, tom un tom de regalo de8\u201d x 7\u201d, toms de piso de 14\u201d x 14\u201d y 16\u201d x 16\u201d y tarola de 14\u201d x 6\u201d, vasos de 7 capas de maple, bordes afilados de 30\u00ba, parches Remo UT, incluye soporte doble para toms de aire con espacio para boom de platillo.\",\"breadcrumb\":{\"@id\":\"https:\\\/\\\/www.mexicanguitarplayers.com\\\/tienda\\\/sin categor\u00eda\\\/bateria-gretsch-s-stands-cat-mpl-61-pz\\\/#breadcrumb\"},\"inLanguage\":\"en-US\",\"potentialAction\":[{\"@type\":\"ReadAction\",\"target\":[\"https:\\\/\\\/www.mexicanguitarplayers.com\\\/tienda\\\/sin categor\u00eda\\\/bateria-gretsch-s-stands-cat-mpl-61-pz\\\/\"]}]},{\"@type\":\"ImageObject\",\"inLanguage\":\"en-US\",\"@id\":\"https:\\\/\\\/www.mexicanguitarplayers.com\\\/tienda\\\/sin categor\u00eda\\\/bateria-gretsch-s-stands-cat-mpl-61-pz\\\/#primaryimage\",\"url\":\"https:\\\/\\\/www.mexicanguitarplayers.com\\\/wp-content\\\/uploads\\\/2025\\\/04\\\/IPGRTCM1E826P.jpg\",\"contentUrl\":\"https:\\\/\\\/www.mexicanguitarplayers.com\\\/wp-content\\\/uploads\\\/2025\\\/04\\\/IPGRTCM1E826P.jpg\",\"width\":1200,\"height\":1200},{\"@type\":\"BreadcrumbList\",\"@id\":\"https:\\\/\\\/www.mexicanguitarplayers.com\\\/tienda\\\/sin categor\u00eda\\\/bateria-gretsch-s-stands-cat-mpl-61-pz\\\/#breadcrumb\",\"itemListElement\":[{\"@type\":\"ListItem\",\"position\":1,\"name\":\"Portada\",\"item\":\"https:\\\/\\\/www.mexicanguitarplayers.com\\\/\"},{\"@type\":\"ListItem\",\"position\":2,\"name\":\"Tienda\",\"item\":\"https:\\\/\\\/www.mexicanguitarplayers.com\\\/tienda\\\/\"},{\"@type\":\"ListItem\",\"position\":3,\"name\":\"BATERIA GRETSCH S\\\/STANDS CAT. MPL 6+1 PZ\"}]},{\"@type\":\"WebSite\",\"@id\":\"https:\\\/\\\/www.mexicanguitarplayers.com\\\/#website\",\"url\":\"https:\\\/\\\/www.mexicanguitarplayers.com\\\/\",\"name\":\"Mexican Guitar Players\",\"description\":\"Website\",\"publisher\":{\"@id\":\"https:\\\/\\\/www.mexicanguitarplayers.com\\\/#organization\"},\"potentialAction\":[{\"@type\":\"SearchAction\",\"target\":{\"@type\":\"EntryPoint\",\"urlTemplate\":\"https:\\\/\\\/www.mexicanguitarplayers.com\\\/?s={search_term_string}\"},\"query-input\":{\"@type\":\"PropertyValueSpecification\",\"valueRequired\":true,\"valueName\":\"search_term_string\"}}],\"inLanguage\":\"en-US\"},{\"@type\":\"Organization\",\"@id\":\"https:\\\/\\\/www.mexicanguitarplayers.com\\\/#organization\",\"name\":\"Mexican Guitar Players\",\"url\":\"https:\\\/\\\/www.mexicanguitarplayers.com\\\/\",\"logo\":{\"@type\":\"ImageObject\",\"inLanguage\":\"en-US\",\"@id\":\"https:\\\/\\\/www.mexicanguitarplayers.com\\\/#\\\/schema\\\/logo\\\/image\\\/\",\"url\":\"\",\"contentUrl\":\"\",\"caption\":\"Mexican Guitar Players\"},\"image\":{\"@id\":\"https:\\\/\\\/www.mexicanguitarplayers.com\\\/#\\\/schema\\\/logo\\\/image\\\/\"}}]}<\/script>\n<!-- \/ Yoast SEO plugin. -->","yoast_head_json":{"title":"BATERIA GRETSCH S\/STANDS CAT. MPL 6+1 PZ - Mexican Guitar Players","description":"Bater\u00eda ac\u00fastica serie Catalina Maple, shell pack de 6 + 1 piezas que incluye bombo de 22\u201d x 18\u201d, toms de aire de 10\u201d x 7\u201d y 12\u201d x 8\u201d, tom un tom de regalo de8\u201d x 7\u201d, toms de piso de 14\u201d x 14\u201d y 16\u201d x 16\u201d y tarola de 14\u201d x 6\u201d, vasos de 7 capas de maple, bordes afilados de 30\u00ba, parches Remo UT, incluye soporte doble para toms de aire con espacio para boom de platillo.","robots":{"index":"index","follow":"follow","max-snippet":"max-snippet:-1","max-image-preview":"max-image-preview:large","max-video-preview":"max-video-preview:-1"},"canonical":"https:\/\/www.mexicanguitarplayers.com\/en\/tienda\/sin categor\u00eda\/bateria-gretsch-s-stands-cat-mpl-61-pz\/","og_locale":"en_US","og_type":"article","og_title":"BATERIA GRETSCH S\/STANDS CAT. MPL 6+1 PZ - Mexican Guitar Players","og_description":"Bater\u00eda ac\u00fastica serie Catalina Maple, shell pack de 6 + 1 piezas que incluye bombo de 22\u201d x 18\u201d, toms de aire de 10\u201d x 7\u201d y 12\u201d x 8\u201d, tom un tom de regalo de8\u201d x 7\u201d, toms de piso de 14\u201d x 14\u201d y 16\u201d x 16\u201d y tarola de 14\u201d x 6\u201d, vasos de 7 capas de maple, bordes afilados de 30\u00ba, parches Remo UT, incluye soporte doble para toms de aire con espacio para boom de platillo.","og_url":"https:\/\/www.mexicanguitarplayers.com\/en\/tienda\/sin categor\u00eda\/bateria-gretsch-s-stands-cat-mpl-61-pz\/","og_site_name":"Mexican Guitar Players","article_modified_time":"2026-04-10T10:31:06+00:00","twitter_card":"summary_large_image","twitter_misc":{"Est. reading time":"1 minute"},"schema":{"@context":"https:\/\/schema.org","@graph":[{"@type":["WebPage","ItemPage"],"@id":"https:\/\/www.mexicanguitarplayers.com\/tienda\/sin categor\u00eda\/bateria-gretsch-s-stands-cat-mpl-61-pz\/","url":"https:\/\/www.mexicanguitarplayers.com\/tienda\/sin categor\u00eda\/bateria-gretsch-s-stands-cat-mpl-61-pz\/","name":"BATERIA GRETSCH S\/STANDS CAT. MPL 6+1 PZ - Mexican Guitar Players","isPartOf":{"@id":"https:\/\/www.mexicanguitarplayers.com\/#website"},"primaryImageOfPage":{"@id":"https:\/\/www.mexicanguitarplayers.com\/tienda\/sin categor\u00eda\/bateria-gretsch-s-stands-cat-mpl-61-pz\/#primaryimage"},"image":{"@id":"https:\/\/www.mexicanguitarplayers.com\/tienda\/sin categor\u00eda\/bateria-gretsch-s-stands-cat-mpl-61-pz\/#primaryimage"},"thumbnailUrl":"https:\/\/www.mexicanguitarplayers.com\/wp-content\/uploads\/2025\/04\/IPGRTCM1E826P.jpg","datePublished":"2025-04-09T03:29:49+00:00","dateModified":"2026-04-10T10:31:06+00:00","description":"Bater\u00eda ac\u00fastica serie Catalina Maple, shell pack de 6 + 1 piezas que incluye bombo de 22\u201d x 18\u201d, toms de aire de 10\u201d x 7\u201d y 12\u201d x 8\u201d, tom un tom de regalo de8\u201d x 7\u201d, toms de piso de 14\u201d x 14\u201d y 16\u201d x 16\u201d y tarola de 14\u201d x 6\u201d, vasos de 7 capas de maple, bordes afilados de 30\u00ba, parches Remo UT, incluye soporte doble para toms de aire con espacio para boom de platillo.","breadcrumb":{"@id":"https:\/\/www.mexicanguitarplayers.com\/tienda\/sin categor\u00eda\/bateria-gretsch-s-stands-cat-mpl-61-pz\/#breadcrumb"},"inLanguage":"en-US","potentialAction":[{"@type":"ReadAction","target":["https:\/\/www.mexicanguitarplayers.com\/tienda\/sin categor\u00eda\/bateria-gretsch-s-stands-cat-mpl-61-pz\/"]}]},{"@type":"ImageObject","inLanguage":"en-US","@id":"https:\/\/www.mexicanguitarplayers.com\/tienda\/sin categor\u00eda\/bateria-gretsch-s-stands-cat-mpl-61-pz\/#primaryimage","url":"https:\/\/www.mexicanguitarplayers.com\/wp-content\/uploads\/2025\/04\/IPGRTCM1E826P.jpg","contentUrl":"https:\/\/www.mexicanguitarplayers.com\/wp-content\/uploads\/2025\/04\/IPGRTCM1E826P.jpg","width":1200,"height":1200},{"@type":"BreadcrumbList","@id":"https:\/\/www.mexicanguitarplayers.com\/tienda\/sin categor\u00eda\/bateria-gretsch-s-stands-cat-mpl-61-pz\/#breadcrumb","itemListElement":[{"@type":"ListItem","position":1,"name":"Portada","item":"https:\/\/www.mexicanguitarplayers.com\/"},{"@type":"ListItem","position":2,"name":"Tienda","item":"https:\/\/www.mexicanguitarplayers.com\/tienda\/"},{"@type":"ListItem","position":3,"name":"BATERIA GRETSCH S\/STANDS CAT. MPL 6+1 PZ"}]},{"@type":"WebSite","@id":"https:\/\/www.mexicanguitarplayers.com\/#website","url":"https:\/\/www.mexicanguitarplayers.com\/","name":"Mexican Guitar Players","description":"Website","publisher":{"@id":"https:\/\/www.mexicanguitarplayers.com\/#organization"},"potentialAction":[{"@type":"SearchAction","target":{"@type":"EntryPoint","urlTemplate":"https:\/\/www.mexicanguitarplayers.com\/?s={search_term_string}"},"query-input":{"@type":"PropertyValueSpecification","valueRequired":true,"valueName":"search_term_string"}}],"inLanguage":"en-US"},{"@type":"Organization","@id":"https:\/\/www.mexicanguitarplayers.com\/#organization","name":"Mexican Guitar Players","url":"https:\/\/www.mexicanguitarplayers.com\/","logo":{"@type":"ImageObject","inLanguage":"en-US","@id":"https:\/\/www.mexicanguitarplayers.com\/#\/schema\/logo\/image\/","url":"","contentUrl":"","caption":"Mexican Guitar Players"},"image":{"@id":"https:\/\/www.mexicanguitarplayers.com\/#\/schema\/logo\/image\/"}}]}},"brands":[{"id":275,"name":"GRETSCH","slug":"gretsch"}],"_links":{"self":[{"href":"https:\/\/www.mexicanguitarplayers.com\/en\/wp-json\/wp\/v2\/product\/33836","targetHints":{"allow":["GET"]}}],"collection":[{"href":"https:\/\/www.mexicanguitarplayers.com\/en\/wp-json\/wp\/v2\/product"}],"about":[{"href":"https:\/\/www.mexicanguitarplayers.com\/en\/wp-json\/wp\/v2\/types\/product"}],"replies":[{"embeddable":true,"href":"https:\/\/www.mexicanguitarplayers.com\/en\/wp-json\/wp\/v2\/comments?post=33836"}],"wp:featuredmedia":[{"embeddable":true,"href":"https:\/\/www.mexicanguitarplayers.com\/en\/wp-json\/wp\/v2\/media\/33832"}],"wp:attachment":[{"href":"https:\/\/www.mexicanguitarplayers.com\/en\/wp-json\/wp\/v2\/media?parent=33836"}],"wp:term":[{"taxonomy":"pwb-brand","embeddable":true,"href":"https:\/\/www.mexicanguitarplayers.com\/en\/wp-json\/wp\/v2\/pwb-brand?post=33836"},{"taxonomy":"product_brand","embeddable":true,"href":"https:\/\/www.mexicanguitarplayers.com\/en\/wp-json\/wp\/v2\/product_brand?post=33836"},{"taxonomy":"product_cat","embeddable":true,"href":"https:\/\/www.mexicanguitarplayers.com\/en\/wp-json\/wp\/v2\/product_cat?post=33836"},{"taxonomy":"product_tag","embeddable":true,"href":"https:\/\/www.mexicanguitarplayers.com\/en\/wp-json\/wp\/v2\/product_tag?post=33836"}],"curies":[{"name":"wp","href":"https:\/\/api.w.org\/{rel}","templated":true}]}}