{"id":33851,"date":"2025-04-08T21:30:13","date_gmt":"2025-04-09T03:30:13","guid":{"rendered":"https:\/\/www.mexicanguitarplayers.com\/tienda\/sin categor\u00eda\/bafle-electro-voice-mod-zxa5-90b\/"},"modified":"2026-01-22T04:19:05","modified_gmt":"2026-01-22T10:19:05","slug":"bafle-electro-voice-mod-zxa5-90b","status":"publish","type":"product","link":"https:\/\/www.mexicanguitarplayers.com\/en\/tienda\/audio\/bafles-y-bocinas\/bafles\/bafles-activos\/bafle-electro-voice-mod-zxa5-90b\/","title":{"rendered":"BAFLE ELECTRO VOICE  MOD. ZXA5-90B"},"content":{"rendered":"<div style=\"text-align: justify\">\n<div>\n<h3>Un bafle potente y flexible.<\/h3>\n<\/div>\n<div>ZxA5 de Electro-Voice es el nuevo est\u00e1ndar de rendimiento de audio sin concesiones y versatilidad en un paquete compacto y f\u00e1cil de usar. En su coraz\u00f3n est\u00e1n los transductores. Primero est\u00e1 el transductor de baja frecuencia de alto rendimiento DVX3150. EV utiliz\u00f3 t\u00e9cnicas avanzadas de dise\u00f1o asistido por computadora para crear aire forzado, enfriamiento de bobina m\u00f3vil direccional para alta potencia y eficiencia. Se utiliz\u00f3 el an\u00e1lisis de elementos finitos para optimizar la suspensi\u00f3n y la estructura magn\u00e9tica para viajes largos y lineales para proporcionar una baja distorsi\u00f3n y una mayor extensi\u00f3n de LF. Estas caracter\u00edsticas y detalles como componentes magn\u00e9ticos forjados y materiales especiales, brindan confiabilidad en un transductor liviano. El siguiente es el ND2, un driver de compresi\u00f3n de bobina m\u00f3vil de 2&#8243; pulgadas basado en una estructura de motor de neodimio que permite una salida m\u00e1xima mientras reduce el tama\u00f1o y peso al m\u00ednimo. Su plug de precisi\u00f3n de fase y su diafragma de titanio proporcionan un mejor rendimiento de alta frecuencia, mientras que el disipador t\u00e9rmico integral proporciona refrigeraci\u00f3n para una salida de alta potencia. La carcasa de alta tecnolog\u00eda utiliza espuma estructural de polipropileno de alto impacto moldeada por inyecci\u00f3n para hacer que la ZXA5 sea incre\u00edblemente duradera. Los elementos de geometr\u00eda de la caja se han dise\u00f1ado cuidadosamente para proporcionar la m\u00e1xima rigidez y respuesta de graves. Por dise\u00f1o, el ZXA5 tambi\u00e9n es una soluci\u00f3n perfecta para monitores de escenario, al permitir dos \u00e1ngulos (45\u00b0 o 55\u00b0) sin ning\u00fan accesorio adicional. ZXA5 tiene un amplificador digital ligero integrado de alto rendimiento que produce 1000W LF y 250W HF. El dise\u00f1o de muy bajo ruido incluye un filtro pasa-altos de 24 dB\/octava 100 Hz para usar con un subwoofer, siendo la combinaci\u00f3n perfecta el subwoofer activo Plasma P2 de 18&#8243; pulgadas. ZXA5 est\u00e1 equipado con tres placas de anclaje para rigging con un solo perno, junto con dos puntos de fijaci\u00f3n de placa de anclaje en la parte inferior. Para suspensi\u00f3n permanente o sujetar soportes, ZXA5 tambi\u00e9n tiene dos inserciones M8 en la parte superior e inferior, dos debajo del asa y cuatro en la parte posterior del gabinete, para un total de 10.<\/div>\n<div>\n<h4>Quick look<\/h4>\n<\/div>\n<ul style=\"margin: 0px 0px 0px 25px\">\n<li style=\"list-style-type: circle;margin: 5px\">Rango de frecuencia (-10 dB).<\/li>\n<li style=\"list-style-type: circle;margin: 5px\">Climatizado.<\/li>\n<li style=\"list-style-type: circle;margin: 5px\">Flying.<\/li>\n<li style=\"list-style-type: circle;margin: 5px\">Material del gabinete.<\/li>\n<li style=\"list-style-type: circle;margin: 5px\">Frecuencia de crossover.<\/li>\n<li style=\"list-style-type: circle;margin: 5px\">Transductor HF.<\/li>\n<li style=\"list-style-type: circle;margin: 5px\">Transductor LF.<\/li>\n<li style=\"list-style-type: circle;margin: 5px\">Cobertura.<\/li>\n<li style=\"list-style-type: circle;margin: 5px\">Maximum SPL.<\/li>\n<li style=\"list-style-type: circle;margin: 5px\">Frecuencia recomendada de crossover.<\/li>\n<li style=\"list-style-type: circle;margin: 5px\">Frequency response.<\/li>\n<li style=\"list-style-type: circle;margin: 5px\">Conexiones de entrada.<\/li>\n<li style=\"list-style-type: circle;margin: 5px\">Energy.<\/li>\n<li style=\"list-style-type: circle;margin: 5px\">Tipo de altavoz.<\/li>\n<li style=\"list-style-type: circle;margin: 5px\">Tama\u00f1o del chasis.<\/li>\n<li style=\"list-style-type: circle;margin: 5px\">Potencia del amplificador.<\/li>\n<li style=\"list-style-type: circle;margin: 5px\">Potencia nominal.<\/li>\n<li style=\"list-style-type: circle;margin: 5px\">Weight.<\/li>\n<\/ul>\n<div>\n<div style=\"font-weight: bold\">Rango de frecuencia (-10 dB).<\/div>\n<div>\n<p>50 &#8211; 20,000 kHz.<\/p>\n<\/div>\n<div style=\"font-weight: bold\">Climatizado.<\/div>\n<div>\n<p>No.<\/p>\n<\/div>\n<div style=\"font-weight: bold\">Flying.<\/div>\n<div>\n<p>Yes.<\/p>\n<\/div>\n<div style=\"font-weight: bold\">Material del gabinete.<\/div>\n<div>\n<p>Compuesto de polipropileno.<\/p>\n<\/div>\n<div style=\"font-weight: bold\">Frecuencia de crossover.<\/div>\n<div>\n<p>1500 Hz.<\/p>\n<\/div>\n<div style=\"font-weight: bold\">Transductor HF.<\/div>\n<div>\n<p>ND2 de 2\u201d pulgadas.<\/p>\n<\/div>\n<div style=\"font-weight: bold\">Transductor LF.<\/div>\n<div>\n<p>DVX3150A de 15\u201d pulgadas.<\/p>\n<\/div>\n<div style=\"font-weight: bold\">Cobertura.<\/div>\n<div>\n<p>Vertical: 50\/60\u00b0. Horizontal: 50\/90\u00b0.<\/p>\n<\/div>\n<div style=\"font-weight: bold\">Maximum SPL.<\/div>\n<div>\n<p>133 dB.<\/p>\n<\/div>\n<div style=\"font-weight: bold\">Frecuencia recomendada de crossover.<\/div>\n<div>\n<p>100 Hz (seleccionable por el usuario).<\/p>\n<\/div>\n<div style=\"font-weight: bold\">Frequency response.<\/div>\n<div>\n<p>58 &#8211; 18,000 Hz.<\/p>\n<\/div>\n<div style=\"font-weight: bold\">Conexiones de entrada.<\/div>\n<div>\n<p>XLR.<\/p>\n<\/div>\n<div style=\"font-weight: bold\">Energy.<\/div>\n<div>\n<p>120V: 95V &#8211; 132V, 50 &#8211; 60 Hz, 0.6A. 230V:190V &#8211; 264V, 50 &#8211; 60 Hz, 0.4A.<\/p>\n<\/div>\n<div style=\"font-weight: bold\">Tipo de altavoz.<\/div>\n<div>\n<p>Full-Range, activo, monitor activo, dos v\u00edas.<\/p>\n<\/div>\n<div style=\"font-weight: bold\">Tama\u00f1o del chasis.<\/div>\n<div>\n<p>381 mm.<\/p>\n<\/div>\n<div style=\"font-weight: bold\">Potencia del amplificador.<\/div>\n<div>\n<p>1250W.<\/p>\n<\/div>\n<div style=\"font-weight: bold\">Potencia nominal.<\/div>\n<div>\n<p>1000W.<\/p>\n<\/div>\n<div style=\"font-weight: bold\">Weight.<\/div>\n<div>\n<p>22.9 kg.<\/p>\n<\/div>\n<\/div>\n<\/div>","protected":false},"excerpt":{"rendered":"<p>Bafle activo de 15\u201d pulgadas, ideal para uso port\u00e1til y de instalaci\u00f3n, amplificador integrado de 2 canales, 1000W LF y 250W HF, woofer DVX3150 con refrigeraci\u00f3n por aire forzado, driver HF de titanio\/neodimio ND2 de 2 \u201dpulgadas, horn de cobertura de 90\u00ba x 50\u00ba, alta sensibilidad, SPL m\u00e1ximo de 133 dB, filtro pasa-altos conmutable para usar con subwoofer, conector PowerCon con through esclavo, carcasa compacta de polipropileno de alto impacto, forma de cu\u00f1a para monitores de 45\u00ba o 55\u00ba, mango integrado, hasta 5 accesorios de placa de anclaje, 10 insertos de montaje M8, terminado en color negro, peso: 22.9 kg.&hellip; <a class=\"kt-excerpt-readmore more-link\" href=\"https:\/\/www.mexicanguitarplayers.com\/en\/tienda\/audio\/bafles-y-bocinas\/bafles\/bafles-activos\/bafle-electro-voice-mod-zxa5-90b\/\">Read more<\/a><\/p>","protected":false},"featured_media":33843,"comment_status":"open","ping_status":"closed","template":"","meta":{"kt_blocks_editor_width":""},"pwb-brand":[535],"product_brand":[],"product_cat":[213,222,472,221],"product_tag":[],"class_list":{"0":"post-33851","1":"product","2":"type-product","3":"status-publish","4":"has-post-thumbnail","6":"pwb-brand-electrovoice","7":"product_cat-audio","8":"product_cat-bafles","9":"product_cat-bafles-activos","10":"product_cat-bafles-y-bocinas","11":"product_shipping_class-25-30-kg","13":"first","14":"outofstock","15":"taxable","16":"shipping-taxable","17":"purchasable","18":"product-type-simple"},"yoast_head":"<!-- This site is optimized with the Yoast SEO plugin v27.3 - https:\/\/yoast.com\/product\/yoast-seo-wordpress\/ -->\n<title>BAFLE ELECTRO VOICE MOD. ZXA5-90B - Mexican Guitar Players<\/title>\n<meta name=\"description\" content=\"Bafle activo de 15\u201d pulgadas, ideal para uso port\u00e1til y de instalaci\u00f3n, amplificador integrado de 2 canales, 1000W LF y 250W HF, woofer DVX3150 con refrigeraci\u00f3n por aire forzado, driver HF de titanio\/neodimio ND2 de 2 \u201dpulgadas, horn de cobertura de 90\u00ba x 50\u00ba, alta sensibilidad, SPL m\u00e1ximo de 133 dB, filtro pasa-altos conmutable para usar con subwoofer, conector PowerCon con through esclavo, carcasa compacta de polipropileno de alto impacto, forma de cu\u00f1a para monitores de 45\u00ba o 55\u00ba, mango integrado, hasta 5 accesorios de placa de anclaje, 10 insertos de montaje M8, terminado en color negro, peso: 22.9 kg.\" \/>\n<meta name=\"robots\" content=\"index, follow, max-snippet:-1, max-image-preview:large, max-video-preview:-1\" \/>\n<link rel=\"canonical\" href=\"https:\/\/www.mexicanguitarplayers.com\/en\/tienda\/sin%20categor\u00eda\/bafle-electro-voice-mod-zxa5-90b\/\" \/>\n<meta property=\"og:locale\" content=\"en_US\" \/>\n<meta property=\"og:type\" content=\"article\" \/>\n<meta property=\"og:title\" content=\"BAFLE ELECTRO VOICE MOD. ZXA5-90B - Mexican Guitar Players\" \/>\n<meta property=\"og:description\" content=\"Bafle activo de 15\u201d pulgadas, ideal para uso port\u00e1til y de instalaci\u00f3n, amplificador integrado de 2 canales, 1000W LF y 250W HF, woofer DVX3150 con refrigeraci\u00f3n por aire forzado, driver HF de titanio\/neodimio ND2 de 2 \u201dpulgadas, horn de cobertura de 90\u00ba x 50\u00ba, alta sensibilidad, SPL m\u00e1ximo de 133 dB, filtro pasa-altos conmutable para usar con subwoofer, conector PowerCon con through esclavo, carcasa compacta de polipropileno de alto impacto, forma de cu\u00f1a para monitores de 45\u00ba o 55\u00ba, mango integrado, hasta 5 accesorios de placa de anclaje, 10 insertos de montaje M8, terminado en color negro, peso: 22.9 kg.\" \/>\n<meta property=\"og:url\" content=\"https:\/\/www.mexicanguitarplayers.com\/en\/tienda\/sin categor\u00eda\/bafle-electro-voice-mod-zxa5-90b\/\" \/>\n<meta property=\"og:site_name\" content=\"Mexican Guitar Players\" \/>\n<meta property=\"article:modified_time\" content=\"2026-01-22T10:19:05+00:00\" \/>\n<meta name=\"twitter:card\" content=\"summary_large_image\" \/>\n<meta name=\"twitter:label1\" content=\"Est. reading time\" \/>\n\t<meta name=\"twitter:data1\" content=\"3 minutes\" \/>\n<script type=\"application\/ld+json\" class=\"yoast-schema-graph\">{\"@context\":\"https:\\\/\\\/schema.org\",\"@graph\":[{\"@type\":[\"WebPage\",\"ItemPage\"],\"@id\":\"https:\\\/\\\/www.mexicanguitarplayers.com\\\/tienda\\\/sin categor\u00eda\\\/bafle-electro-voice-mod-zxa5-90b\\\/\",\"url\":\"https:\\\/\\\/www.mexicanguitarplayers.com\\\/tienda\\\/sin categor\u00eda\\\/bafle-electro-voice-mod-zxa5-90b\\\/\",\"name\":\"BAFLE ELECTRO VOICE MOD. ZXA5-90B - Mexican Guitar Players\",\"isPartOf\":{\"@id\":\"https:\\\/\\\/www.mexicanguitarplayers.com\\\/#website\"},\"primaryImageOfPage\":{\"@id\":\"https:\\\/\\\/www.mexicanguitarplayers.com\\\/tienda\\\/sin categor\u00eda\\\/bafle-electro-voice-mod-zxa5-90b\\\/#primaryimage\"},\"image\":{\"@id\":\"https:\\\/\\\/www.mexicanguitarplayers.com\\\/tienda\\\/sin categor\u00eda\\\/bafle-electro-voice-mod-zxa5-90b\\\/#primaryimage\"},\"thumbnailUrl\":\"https:\\\/\\\/www.mexicanguitarplayers.com\\\/wp-content\\\/uploads\\\/2025\\\/04\\\/IAEVOZXA590B.jpg\",\"datePublished\":\"2025-04-09T03:30:13+00:00\",\"dateModified\":\"2026-01-22T10:19:05+00:00\",\"description\":\"Bafle activo de 15\u201d pulgadas, ideal para uso port\u00e1til y de instalaci\u00f3n, amplificador integrado de 2 canales, 1000W LF y 250W HF, woofer DVX3150 con refrigeraci\u00f3n por aire forzado, driver HF de titanio\\\/neodimio ND2 de 2 \u201dpulgadas, horn de cobertura de 90\u00ba x 50\u00ba, alta sensibilidad, SPL m\u00e1ximo de 133 dB, filtro pasa-altos conmutable para usar con subwoofer, conector PowerCon con through esclavo, carcasa compacta de polipropileno de alto impacto, forma de cu\u00f1a para monitores de 45\u00ba o 55\u00ba, mango integrado, hasta 5 accesorios de placa de anclaje, 10 insertos de montaje M8, terminado en color negro, peso: 22.9 kg.\",\"breadcrumb\":{\"@id\":\"https:\\\/\\\/www.mexicanguitarplayers.com\\\/tienda\\\/sin categor\u00eda\\\/bafle-electro-voice-mod-zxa5-90b\\\/#breadcrumb\"},\"inLanguage\":\"en-US\",\"potentialAction\":[{\"@type\":\"ReadAction\",\"target\":[\"https:\\\/\\\/www.mexicanguitarplayers.com\\\/tienda\\\/sin categor\u00eda\\\/bafle-electro-voice-mod-zxa5-90b\\\/\"]}]},{\"@type\":\"ImageObject\",\"inLanguage\":\"en-US\",\"@id\":\"https:\\\/\\\/www.mexicanguitarplayers.com\\\/tienda\\\/sin categor\u00eda\\\/bafle-electro-voice-mod-zxa5-90b\\\/#primaryimage\",\"url\":\"https:\\\/\\\/www.mexicanguitarplayers.com\\\/wp-content\\\/uploads\\\/2025\\\/04\\\/IAEVOZXA590B.jpg\",\"contentUrl\":\"https:\\\/\\\/www.mexicanguitarplayers.com\\\/wp-content\\\/uploads\\\/2025\\\/04\\\/IAEVOZXA590B.jpg\",\"width\":1200,\"height\":1200},{\"@type\":\"BreadcrumbList\",\"@id\":\"https:\\\/\\\/www.mexicanguitarplayers.com\\\/tienda\\\/sin categor\u00eda\\\/bafle-electro-voice-mod-zxa5-90b\\\/#breadcrumb\",\"itemListElement\":[{\"@type\":\"ListItem\",\"position\":1,\"name\":\"Portada\",\"item\":\"https:\\\/\\\/www.mexicanguitarplayers.com\\\/\"},{\"@type\":\"ListItem\",\"position\":2,\"name\":\"Tienda\",\"item\":\"https:\\\/\\\/www.mexicanguitarplayers.com\\\/tienda\\\/\"},{\"@type\":\"ListItem\",\"position\":3,\"name\":\"BAFLE ELECTRO VOICE MOD. ZXA5-90B\"}]},{\"@type\":\"WebSite\",\"@id\":\"https:\\\/\\\/www.mexicanguitarplayers.com\\\/#website\",\"url\":\"https:\\\/\\\/www.mexicanguitarplayers.com\\\/\",\"name\":\"Mexican Guitar Players\",\"description\":\"Website\",\"publisher\":{\"@id\":\"https:\\\/\\\/www.mexicanguitarplayers.com\\\/#organization\"},\"potentialAction\":[{\"@type\":\"SearchAction\",\"target\":{\"@type\":\"EntryPoint\",\"urlTemplate\":\"https:\\\/\\\/www.mexicanguitarplayers.com\\\/?s={search_term_string}\"},\"query-input\":{\"@type\":\"PropertyValueSpecification\",\"valueRequired\":true,\"valueName\":\"search_term_string\"}}],\"inLanguage\":\"en-US\"},{\"@type\":\"Organization\",\"@id\":\"https:\\\/\\\/www.mexicanguitarplayers.com\\\/#organization\",\"name\":\"Mexican Guitar Players\",\"url\":\"https:\\\/\\\/www.mexicanguitarplayers.com\\\/\",\"logo\":{\"@type\":\"ImageObject\",\"inLanguage\":\"en-US\",\"@id\":\"https:\\\/\\\/www.mexicanguitarplayers.com\\\/#\\\/schema\\\/logo\\\/image\\\/\",\"url\":\"\",\"contentUrl\":\"\",\"caption\":\"Mexican Guitar Players\"},\"image\":{\"@id\":\"https:\\\/\\\/www.mexicanguitarplayers.com\\\/#\\\/schema\\\/logo\\\/image\\\/\"}}]}<\/script>\n<!-- \/ Yoast SEO plugin. -->","yoast_head_json":{"title":"BAFLE ELECTRO VOICE MOD. ZXA5-90B - Mexican Guitar Players","description":"Bafle activo de 15\u201d pulgadas, ideal para uso port\u00e1til y de instalaci\u00f3n, amplificador integrado de 2 canales, 1000W LF y 250W HF, woofer DVX3150 con refrigeraci\u00f3n por aire forzado, driver HF de titanio\/neodimio ND2 de 2 \u201dpulgadas, horn de cobertura de 90\u00ba x 50\u00ba, alta sensibilidad, SPL m\u00e1ximo de 133 dB, filtro pasa-altos conmutable para usar con subwoofer, conector PowerCon con through esclavo, carcasa compacta de polipropileno de alto impacto, forma de cu\u00f1a para monitores de 45\u00ba o 55\u00ba, mango integrado, hasta 5 accesorios de placa de anclaje, 10 insertos de montaje M8, terminado en color negro, peso: 22.9 kg.","robots":{"index":"index","follow":"follow","max-snippet":"max-snippet:-1","max-image-preview":"max-image-preview:large","max-video-preview":"max-video-preview:-1"},"canonical":"https:\/\/www.mexicanguitarplayers.com\/en\/tienda\/sin categor\u00eda\/bafle-electro-voice-mod-zxa5-90b\/","og_locale":"en_US","og_type":"article","og_title":"BAFLE ELECTRO VOICE MOD. ZXA5-90B - Mexican Guitar Players","og_description":"Bafle activo de 15\u201d pulgadas, ideal para uso port\u00e1til y de instalaci\u00f3n, amplificador integrado de 2 canales, 1000W LF y 250W HF, woofer DVX3150 con refrigeraci\u00f3n por aire forzado, driver HF de titanio\/neodimio ND2 de 2 \u201dpulgadas, horn de cobertura de 90\u00ba x 50\u00ba, alta sensibilidad, SPL m\u00e1ximo de 133 dB, filtro pasa-altos conmutable para usar con subwoofer, conector PowerCon con through esclavo, carcasa compacta de polipropileno de alto impacto, forma de cu\u00f1a para monitores de 45\u00ba o 55\u00ba, mango integrado, hasta 5 accesorios de placa de anclaje, 10 insertos de montaje M8, terminado en color negro, peso: 22.9 kg.","og_url":"https:\/\/www.mexicanguitarplayers.com\/en\/tienda\/sin categor\u00eda\/bafle-electro-voice-mod-zxa5-90b\/","og_site_name":"Mexican Guitar Players","article_modified_time":"2026-01-22T10:19:05+00:00","twitter_card":"summary_large_image","twitter_misc":{"Est. reading time":"3 minutes"},"schema":{"@context":"https:\/\/schema.org","@graph":[{"@type":["WebPage","ItemPage"],"@id":"https:\/\/www.mexicanguitarplayers.com\/tienda\/sin categor\u00eda\/bafle-electro-voice-mod-zxa5-90b\/","url":"https:\/\/www.mexicanguitarplayers.com\/tienda\/sin categor\u00eda\/bafle-electro-voice-mod-zxa5-90b\/","name":"BAFLE ELECTRO VOICE MOD. ZXA5-90B - Mexican Guitar Players","isPartOf":{"@id":"https:\/\/www.mexicanguitarplayers.com\/#website"},"primaryImageOfPage":{"@id":"https:\/\/www.mexicanguitarplayers.com\/tienda\/sin categor\u00eda\/bafle-electro-voice-mod-zxa5-90b\/#primaryimage"},"image":{"@id":"https:\/\/www.mexicanguitarplayers.com\/tienda\/sin categor\u00eda\/bafle-electro-voice-mod-zxa5-90b\/#primaryimage"},"thumbnailUrl":"https:\/\/www.mexicanguitarplayers.com\/wp-content\/uploads\/2025\/04\/IAEVOZXA590B.jpg","datePublished":"2025-04-09T03:30:13+00:00","dateModified":"2026-01-22T10:19:05+00:00","description":"Bafle activo de 15\u201d pulgadas, ideal para uso port\u00e1til y de instalaci\u00f3n, amplificador integrado de 2 canales, 1000W LF y 250W HF, woofer DVX3150 con refrigeraci\u00f3n por aire forzado, driver HF de titanio\/neodimio ND2 de 2 \u201dpulgadas, horn de cobertura de 90\u00ba x 50\u00ba, alta sensibilidad, SPL m\u00e1ximo de 133 dB, filtro pasa-altos conmutable para usar con subwoofer, conector PowerCon con through esclavo, carcasa compacta de polipropileno de alto impacto, forma de cu\u00f1a para monitores de 45\u00ba o 55\u00ba, mango integrado, hasta 5 accesorios de placa de anclaje, 10 insertos de montaje M8, terminado en color negro, peso: 22.9 kg.","breadcrumb":{"@id":"https:\/\/www.mexicanguitarplayers.com\/tienda\/sin categor\u00eda\/bafle-electro-voice-mod-zxa5-90b\/#breadcrumb"},"inLanguage":"en-US","potentialAction":[{"@type":"ReadAction","target":["https:\/\/www.mexicanguitarplayers.com\/tienda\/sin categor\u00eda\/bafle-electro-voice-mod-zxa5-90b\/"]}]},{"@type":"ImageObject","inLanguage":"en-US","@id":"https:\/\/www.mexicanguitarplayers.com\/tienda\/sin categor\u00eda\/bafle-electro-voice-mod-zxa5-90b\/#primaryimage","url":"https:\/\/www.mexicanguitarplayers.com\/wp-content\/uploads\/2025\/04\/IAEVOZXA590B.jpg","contentUrl":"https:\/\/www.mexicanguitarplayers.com\/wp-content\/uploads\/2025\/04\/IAEVOZXA590B.jpg","width":1200,"height":1200},{"@type":"BreadcrumbList","@id":"https:\/\/www.mexicanguitarplayers.com\/tienda\/sin categor\u00eda\/bafle-electro-voice-mod-zxa5-90b\/#breadcrumb","itemListElement":[{"@type":"ListItem","position":1,"name":"Portada","item":"https:\/\/www.mexicanguitarplayers.com\/"},{"@type":"ListItem","position":2,"name":"Tienda","item":"https:\/\/www.mexicanguitarplayers.com\/tienda\/"},{"@type":"ListItem","position":3,"name":"BAFLE ELECTRO VOICE MOD. ZXA5-90B"}]},{"@type":"WebSite","@id":"https:\/\/www.mexicanguitarplayers.com\/#website","url":"https:\/\/www.mexicanguitarplayers.com\/","name":"Mexican Guitar Players","description":"Website","publisher":{"@id":"https:\/\/www.mexicanguitarplayers.com\/#organization"},"potentialAction":[{"@type":"SearchAction","target":{"@type":"EntryPoint","urlTemplate":"https:\/\/www.mexicanguitarplayers.com\/?s={search_term_string}"},"query-input":{"@type":"PropertyValueSpecification","valueRequired":true,"valueName":"search_term_string"}}],"inLanguage":"en-US"},{"@type":"Organization","@id":"https:\/\/www.mexicanguitarplayers.com\/#organization","name":"Mexican Guitar Players","url":"https:\/\/www.mexicanguitarplayers.com\/","logo":{"@type":"ImageObject","inLanguage":"en-US","@id":"https:\/\/www.mexicanguitarplayers.com\/#\/schema\/logo\/image\/","url":"","contentUrl":"","caption":"Mexican Guitar Players"},"image":{"@id":"https:\/\/www.mexicanguitarplayers.com\/#\/schema\/logo\/image\/"}}]}},"brands":[{"id":535,"name":"ELECTROVOICE","slug":"electrovoice"}],"_links":{"self":[{"href":"https:\/\/www.mexicanguitarplayers.com\/en\/wp-json\/wp\/v2\/product\/33851","targetHints":{"allow":["GET"]}}],"collection":[{"href":"https:\/\/www.mexicanguitarplayers.com\/en\/wp-json\/wp\/v2\/product"}],"about":[{"href":"https:\/\/www.mexicanguitarplayers.com\/en\/wp-json\/wp\/v2\/types\/product"}],"replies":[{"embeddable":true,"href":"https:\/\/www.mexicanguitarplayers.com\/en\/wp-json\/wp\/v2\/comments?post=33851"}],"wp:featuredmedia":[{"embeddable":true,"href":"https:\/\/www.mexicanguitarplayers.com\/en\/wp-json\/wp\/v2\/media\/33843"}],"wp:attachment":[{"href":"https:\/\/www.mexicanguitarplayers.com\/en\/wp-json\/wp\/v2\/media?parent=33851"}],"wp:term":[{"taxonomy":"pwb-brand","embeddable":true,"href":"https:\/\/www.mexicanguitarplayers.com\/en\/wp-json\/wp\/v2\/pwb-brand?post=33851"},{"taxonomy":"product_brand","embeddable":true,"href":"https:\/\/www.mexicanguitarplayers.com\/en\/wp-json\/wp\/v2\/product_brand?post=33851"},{"taxonomy":"product_cat","embeddable":true,"href":"https:\/\/www.mexicanguitarplayers.com\/en\/wp-json\/wp\/v2\/product_cat?post=33851"},{"taxonomy":"product_tag","embeddable":true,"href":"https:\/\/www.mexicanguitarplayers.com\/en\/wp-json\/wp\/v2\/product_tag?post=33851"}],"curies":[{"name":"wp","href":"https:\/\/api.w.org\/{rel}","templated":true}]}}