{"id":33873,"date":"2025-04-08T21:30:45","date_gmt":"2025-04-09T03:30:45","guid":{"rendered":"https:\/\/www.mexicanguitarplayers.com\/tienda\/sin categor\u00eda\/microfono-behringer-mod-b-906\/"},"modified":"2026-05-01T07:22:30","modified_gmt":"2026-05-01T13:22:30","slug":"microfono-behringer-mod-b-906","status":"publish","type":"product","link":"https:\/\/www.mexicanguitarplayers.com\/en\/tienda\/accesorios\/stands\/para-instrumento-stands\/microfono-behringer-mod-b-906\/","title":{"rendered":"MICROFONO BEHRINGER MOD. B 906"},"content":{"rendered":"<div style=\"text-align: justify\">\n<div>\n<h3>Un s\u00faper micr\u00f3fono para amplificadores, instrumentos y voces.<\/h3>\n<\/div>\n<div>\u00bfNecesitas un micr\u00f3fono vers\u00e1til para bater\u00eda, percusi\u00f3n, amplificadores y otras fuentes instrumentales? Behringer tiene la respuesta con el B 906, un micr\u00f3fono din\u00e1mico s\u00faper cardioide dise\u00f1ado a medida para una excelente reproducci\u00f3n de instrumentos. El micr\u00f3fono para instrumentos B 906 est\u00e1 especialmente dise\u00f1ado para amplificadores de guitarra y tambi\u00e9n es una excelente opci\u00f3n para percusi\u00f3n, alientos y voces. El micr\u00f3fono B 906 presenta un filtro de presencia conmutable que te permite adaptar las caracter\u00edsticas de sonido a los diferentes requisitos y estilos de sonido. El filtro se ajusta a trav\u00e9s de un interruptor deslizante en el micr\u00f3fono con diferentes posiciones para aumentar la presencia de guitarras r\u00edtmicas de metal agresivas o de rock cl\u00e1sico y sonidos suaves de jazz y blues. Puedes colgar el B 906 en un amplificador de guitarra para un rendimiento independiente. SU c\u00e1psula montada lateralmente ha sido especialmente desarrollada para microfonear amplificadores de guitarra de frente y extremadamente cerca de la fuente de se\u00f1al. Debido a su dise\u00f1o plano, el B 906 tambi\u00e9n es muy adecuado para su uso con tambores, ya que se puede colocar f\u00e1cilmente en condiciones de espacio reducido. El patr\u00f3n polar supercardioide es ideal para reducir el sangrado en situaciones dif\u00edciles en el escenario y la bobina de compensaci\u00f3n de zumbido del B 906 rechaza la interferencia. Por el B 906 frente a tu amplificador o kit de bater\u00eda y estar\u00e1s listo para comenzar.<\/div>\n<div>\n<h4>Quick look<\/h4>\n<\/div>\n<ul style=\"margin: 0px 0px 0px 25px\">\n<li style=\"list-style-type: circle;margin: 5px\">Kind.<\/li>\n<li style=\"list-style-type: circle;margin: 5px\">Frequency response.<\/li>\n<li style=\"list-style-type: circle;margin: 5px\">Impedance.<\/li>\n<li style=\"list-style-type: circle;margin: 5px\">Connector<\/li>\n<li style=\"list-style-type: circle;margin: 5px\">Polar pattern.<\/li>\n<li style=\"list-style-type: circle;margin: 5px\">Sensitivity.<\/li>\n<li style=\"list-style-type: circle;margin: 5px\">Weight.<\/li>\n<\/ul>\n<div>\n<div style=\"font-weight: bold\">Kind.<\/div>\n<div>\n<p>Din\u00e1mico.<\/p>\n<\/div>\n<div style=\"font-weight: bold\">Frequency response.<\/div>\n<div>\n<p>50 Hz a 18 kHz.<\/p>\n<\/div>\n<div style=\"font-weight: bold\">Impedance.<\/div>\n<div>\n<p>600 ohms.<\/p>\n<\/div>\n<div style=\"font-weight: bold\">Connector<\/div>\n<div>\n<p>3 pins.<\/p>\n<\/div>\n<div style=\"font-weight: bold\">Polar pattern.<\/div>\n<div>\n<p>Supercardioide.<\/p>\n<\/div>\n<div style=\"font-weight: bold\">Sensitivity.<\/div>\n<div>\n<p>-54 dB \u00b13 dB @ 1 kHz (1 V \/ Pa).<\/p>\n<\/div>\n<div style=\"font-weight: bold\">Weight.<\/div>\n<div>\n<p>140 g.<\/p>\n<\/div>\n<\/div>\n<\/div>","protected":false},"excerpt":{"rendered":"<p>Micr\u00f3fono din\u00e1mico para aplicaciones vocales e instrumento, respuesta de frecuencia dise\u00f1ada para amplificadores de guitarra, percusiones e instrumentos de madera, patr\u00f3n polar supercardioide que minimiza el ruido de fondo y la retroalimentaci\u00f3n, low-cut conmutable y boost de alta frecuencia para ajustarse a instrumentos, salida de se\u00f1al extremadamente alta, cuerpo de micr\u00f3fono de forma plana perfecto para amplificadores de guitarra y gabinetes, adaptador de soporte para micr\u00f3fono y estuche resistente al impacto incluido, construcci\u00f3n robusta y confiable del cuerpo die-cast.&hellip; <a class=\"kt-excerpt-readmore more-link\" href=\"https:\/\/www.mexicanguitarplayers.com\/en\/tienda\/accesorios\/stands\/para-instrumento-stands\/microfono-behringer-mod-b-906\/\">Read more<\/a><\/p>","protected":false},"featured_media":33869,"comment_status":"open","ping_status":"closed","template":"","meta":{"kt_blocks_editor_width":""},"pwb-brand":[171],"product_brand":[],"product_cat":[213,214,215,510],"product_tag":[],"class_list":{"0":"post-33873","1":"product","2":"type-product","3":"status-publish","4":"has-post-thumbnail","6":"pwb-brand-behringer","7":"product_cat-audio","8":"product_cat-microfonia","9":"product_cat-microfonos-alambricos","10":"product_cat-para-instrumento-stands","11":"product_shipping_class-0-5-kg","13":"first","14":"instock","15":"taxable","16":"shipping-taxable","17":"purchasable","18":"product-type-simple"},"yoast_head":"<!-- This site is optimized with the Yoast SEO plugin v27.5 - https:\/\/yoast.com\/product\/yoast-seo-wordpress\/ -->\n<title>MICROFONO BEHRINGER MOD. B 906 - Mexican Guitar Players<\/title>\n<meta name=\"description\" content=\"Micr\u00f3fono din\u00e1mico para aplicaciones vocales e instrumento, respuesta de frecuencia dise\u00f1ada para amplificadores de guitarra, percusiones e instrumentos de madera, patr\u00f3n polar supercardioide que minimiza el ruido de fondo y la retroalimentaci\u00f3n, low-cut conmutable y boost de alta frecuencia para ajustarse a instrumentos, salida de se\u00f1al extremadamente alta, cuerpo de micr\u00f3fono de forma plana perfecto para amplificadores de guitarra y gabinetes, adaptador de soporte para micr\u00f3fono y estuche resistente al impacto incluido, construcci\u00f3n robusta y confiable del cuerpo die-cast.\" \/>\n<meta name=\"robots\" content=\"index, follow, max-snippet:-1, max-image-preview:large, max-video-preview:-1\" \/>\n<link rel=\"canonical\" href=\"https:\/\/www.mexicanguitarplayers.com\/en\/tienda\/sin%20categor\u00eda\/microfono-behringer-mod-b-906\/\" \/>\n<meta property=\"og:locale\" content=\"en_US\" \/>\n<meta property=\"og:type\" content=\"article\" \/>\n<meta property=\"og:title\" content=\"MICROFONO BEHRINGER MOD. B 906 - Mexican Guitar Players\" \/>\n<meta property=\"og:description\" content=\"Micr\u00f3fono din\u00e1mico para aplicaciones vocales e instrumento, respuesta de frecuencia dise\u00f1ada para amplificadores de guitarra, percusiones e instrumentos de madera, patr\u00f3n polar supercardioide que minimiza el ruido de fondo y la retroalimentaci\u00f3n, low-cut conmutable y boost de alta frecuencia para ajustarse a instrumentos, salida de se\u00f1al extremadamente alta, cuerpo de micr\u00f3fono de forma plana perfecto para amplificadores de guitarra y gabinetes, adaptador de soporte para micr\u00f3fono y estuche resistente al impacto incluido, construcci\u00f3n robusta y confiable del cuerpo die-cast.\" \/>\n<meta property=\"og:url\" content=\"https:\/\/www.mexicanguitarplayers.com\/en\/tienda\/sin categor\u00eda\/microfono-behringer-mod-b-906\/\" \/>\n<meta property=\"og:site_name\" content=\"Mexican Guitar Players\" \/>\n<meta property=\"article:modified_time\" content=\"2026-05-01T13:22:30+00:00\" \/>\n<meta name=\"twitter:card\" content=\"summary_large_image\" \/>\n<meta name=\"twitter:label1\" content=\"Est. reading time\" \/>\n\t<meta name=\"twitter:data1\" content=\"2 minutes\" \/>\n<script type=\"application\/ld+json\" class=\"yoast-schema-graph\">{\"@context\":\"https:\\\/\\\/schema.org\",\"@graph\":[{\"@type\":[\"WebPage\",\"ItemPage\"],\"@id\":\"https:\\\/\\\/www.mexicanguitarplayers.com\\\/tienda\\\/sin categor\u00eda\\\/microfono-behringer-mod-b-906\\\/\",\"url\":\"https:\\\/\\\/www.mexicanguitarplayers.com\\\/tienda\\\/sin categor\u00eda\\\/microfono-behringer-mod-b-906\\\/\",\"name\":\"MICROFONO BEHRINGER MOD. B 906 - Mexican Guitar Players\",\"isPartOf\":{\"@id\":\"https:\\\/\\\/www.mexicanguitarplayers.com\\\/#website\"},\"primaryImageOfPage\":{\"@id\":\"https:\\\/\\\/www.mexicanguitarplayers.com\\\/tienda\\\/sin categor\u00eda\\\/microfono-behringer-mod-b-906\\\/#primaryimage\"},\"image\":{\"@id\":\"https:\\\/\\\/www.mexicanguitarplayers.com\\\/tienda\\\/sin categor\u00eda\\\/microfono-behringer-mod-b-906\\\/#primaryimage\"},\"thumbnailUrl\":\"https:\\\/\\\/www.mexicanguitarplayers.com\\\/wp-content\\\/uploads\\\/2025\\\/04\\\/IABEHB906.jpg\",\"datePublished\":\"2025-04-09T03:30:45+00:00\",\"dateModified\":\"2026-05-01T13:22:30+00:00\",\"description\":\"Micr\u00f3fono din\u00e1mico para aplicaciones vocales e instrumento, respuesta de frecuencia dise\u00f1ada para amplificadores de guitarra, percusiones e instrumentos de madera, patr\u00f3n polar supercardioide que minimiza el ruido de fondo y la retroalimentaci\u00f3n, low-cut conmutable y boost de alta frecuencia para ajustarse a instrumentos, salida de se\u00f1al extremadamente alta, cuerpo de micr\u00f3fono de forma plana perfecto para amplificadores de guitarra y gabinetes, adaptador de soporte para micr\u00f3fono y estuche resistente al impacto incluido, construcci\u00f3n robusta y confiable del cuerpo die-cast.\",\"breadcrumb\":{\"@id\":\"https:\\\/\\\/www.mexicanguitarplayers.com\\\/tienda\\\/sin categor\u00eda\\\/microfono-behringer-mod-b-906\\\/#breadcrumb\"},\"inLanguage\":\"en-US\",\"potentialAction\":[{\"@type\":\"ReadAction\",\"target\":[\"https:\\\/\\\/www.mexicanguitarplayers.com\\\/tienda\\\/sin categor\u00eda\\\/microfono-behringer-mod-b-906\\\/\"]}]},{\"@type\":\"ImageObject\",\"inLanguage\":\"en-US\",\"@id\":\"https:\\\/\\\/www.mexicanguitarplayers.com\\\/tienda\\\/sin categor\u00eda\\\/microfono-behringer-mod-b-906\\\/#primaryimage\",\"url\":\"https:\\\/\\\/www.mexicanguitarplayers.com\\\/wp-content\\\/uploads\\\/2025\\\/04\\\/IABEHB906.jpg\",\"contentUrl\":\"https:\\\/\\\/www.mexicanguitarplayers.com\\\/wp-content\\\/uploads\\\/2025\\\/04\\\/IABEHB906.jpg\",\"width\":800,\"height\":1600},{\"@type\":\"BreadcrumbList\",\"@id\":\"https:\\\/\\\/www.mexicanguitarplayers.com\\\/tienda\\\/sin categor\u00eda\\\/microfono-behringer-mod-b-906\\\/#breadcrumb\",\"itemListElement\":[{\"@type\":\"ListItem\",\"position\":1,\"name\":\"Portada\",\"item\":\"https:\\\/\\\/www.mexicanguitarplayers.com\\\/\"},{\"@type\":\"ListItem\",\"position\":2,\"name\":\"Tienda\",\"item\":\"https:\\\/\\\/www.mexicanguitarplayers.com\\\/tienda\\\/\"},{\"@type\":\"ListItem\",\"position\":3,\"name\":\"MICROFONO BEHRINGER MOD. B 906\"}]},{\"@type\":\"WebSite\",\"@id\":\"https:\\\/\\\/www.mexicanguitarplayers.com\\\/#website\",\"url\":\"https:\\\/\\\/www.mexicanguitarplayers.com\\\/\",\"name\":\"Mexican Guitar Players\",\"description\":\"Website\",\"publisher\":{\"@id\":\"https:\\\/\\\/www.mexicanguitarplayers.com\\\/#organization\"},\"potentialAction\":[{\"@type\":\"SearchAction\",\"target\":{\"@type\":\"EntryPoint\",\"urlTemplate\":\"https:\\\/\\\/www.mexicanguitarplayers.com\\\/?s={search_term_string}\"},\"query-input\":{\"@type\":\"PropertyValueSpecification\",\"valueRequired\":true,\"valueName\":\"search_term_string\"}}],\"inLanguage\":\"en-US\"},{\"@type\":\"Organization\",\"@id\":\"https:\\\/\\\/www.mexicanguitarplayers.com\\\/#organization\",\"name\":\"Mexican Guitar Players\",\"url\":\"https:\\\/\\\/www.mexicanguitarplayers.com\\\/\",\"logo\":{\"@type\":\"ImageObject\",\"inLanguage\":\"en-US\",\"@id\":\"https:\\\/\\\/www.mexicanguitarplayers.com\\\/#\\\/schema\\\/logo\\\/image\\\/\",\"url\":\"\",\"contentUrl\":\"\",\"caption\":\"Mexican Guitar Players\"},\"image\":{\"@id\":\"https:\\\/\\\/www.mexicanguitarplayers.com\\\/#\\\/schema\\\/logo\\\/image\\\/\"}}]}<\/script>\n<!-- \/ Yoast SEO plugin. -->","yoast_head_json":{"title":"MICROFONO BEHRINGER MOD. B 906 - Mexican Guitar Players","description":"Micr\u00f3fono din\u00e1mico para aplicaciones vocales e instrumento, respuesta de frecuencia dise\u00f1ada para amplificadores de guitarra, percusiones e instrumentos de madera, patr\u00f3n polar supercardioide que minimiza el ruido de fondo y la retroalimentaci\u00f3n, low-cut conmutable y boost de alta frecuencia para ajustarse a instrumentos, salida de se\u00f1al extremadamente alta, cuerpo de micr\u00f3fono de forma plana perfecto para amplificadores de guitarra y gabinetes, adaptador de soporte para micr\u00f3fono y estuche resistente al impacto incluido, construcci\u00f3n robusta y confiable del cuerpo die-cast.","robots":{"index":"index","follow":"follow","max-snippet":"max-snippet:-1","max-image-preview":"max-image-preview:large","max-video-preview":"max-video-preview:-1"},"canonical":"https:\/\/www.mexicanguitarplayers.com\/en\/tienda\/sin categor\u00eda\/microfono-behringer-mod-b-906\/","og_locale":"en_US","og_type":"article","og_title":"MICROFONO BEHRINGER MOD. B 906 - Mexican Guitar Players","og_description":"Micr\u00f3fono din\u00e1mico para aplicaciones vocales e instrumento, respuesta de frecuencia dise\u00f1ada para amplificadores de guitarra, percusiones e instrumentos de madera, patr\u00f3n polar supercardioide que minimiza el ruido de fondo y la retroalimentaci\u00f3n, low-cut conmutable y boost de alta frecuencia para ajustarse a instrumentos, salida de se\u00f1al extremadamente alta, cuerpo de micr\u00f3fono de forma plana perfecto para amplificadores de guitarra y gabinetes, adaptador de soporte para micr\u00f3fono y estuche resistente al impacto incluido, construcci\u00f3n robusta y confiable del cuerpo die-cast.","og_url":"https:\/\/www.mexicanguitarplayers.com\/en\/tienda\/sin categor\u00eda\/microfono-behringer-mod-b-906\/","og_site_name":"Mexican Guitar Players","article_modified_time":"2026-05-01T13:22:30+00:00","twitter_card":"summary_large_image","twitter_misc":{"Est. reading time":"2 minutes"},"schema":{"@context":"https:\/\/schema.org","@graph":[{"@type":["WebPage","ItemPage"],"@id":"https:\/\/www.mexicanguitarplayers.com\/tienda\/sin categor\u00eda\/microfono-behringer-mod-b-906\/","url":"https:\/\/www.mexicanguitarplayers.com\/tienda\/sin categor\u00eda\/microfono-behringer-mod-b-906\/","name":"MICROFONO BEHRINGER MOD. B 906 - Mexican Guitar Players","isPartOf":{"@id":"https:\/\/www.mexicanguitarplayers.com\/#website"},"primaryImageOfPage":{"@id":"https:\/\/www.mexicanguitarplayers.com\/tienda\/sin categor\u00eda\/microfono-behringer-mod-b-906\/#primaryimage"},"image":{"@id":"https:\/\/www.mexicanguitarplayers.com\/tienda\/sin categor\u00eda\/microfono-behringer-mod-b-906\/#primaryimage"},"thumbnailUrl":"https:\/\/www.mexicanguitarplayers.com\/wp-content\/uploads\/2025\/04\/IABEHB906.jpg","datePublished":"2025-04-09T03:30:45+00:00","dateModified":"2026-05-01T13:22:30+00:00","description":"Micr\u00f3fono din\u00e1mico para aplicaciones vocales e instrumento, respuesta de frecuencia dise\u00f1ada para amplificadores de guitarra, percusiones e instrumentos de madera, patr\u00f3n polar supercardioide que minimiza el ruido de fondo y la retroalimentaci\u00f3n, low-cut conmutable y boost de alta frecuencia para ajustarse a instrumentos, salida de se\u00f1al extremadamente alta, cuerpo de micr\u00f3fono de forma plana perfecto para amplificadores de guitarra y gabinetes, adaptador de soporte para micr\u00f3fono y estuche resistente al impacto incluido, construcci\u00f3n robusta y confiable del cuerpo die-cast.","breadcrumb":{"@id":"https:\/\/www.mexicanguitarplayers.com\/tienda\/sin categor\u00eda\/microfono-behringer-mod-b-906\/#breadcrumb"},"inLanguage":"en-US","potentialAction":[{"@type":"ReadAction","target":["https:\/\/www.mexicanguitarplayers.com\/tienda\/sin categor\u00eda\/microfono-behringer-mod-b-906\/"]}]},{"@type":"ImageObject","inLanguage":"en-US","@id":"https:\/\/www.mexicanguitarplayers.com\/tienda\/sin categor\u00eda\/microfono-behringer-mod-b-906\/#primaryimage","url":"https:\/\/www.mexicanguitarplayers.com\/wp-content\/uploads\/2025\/04\/IABEHB906.jpg","contentUrl":"https:\/\/www.mexicanguitarplayers.com\/wp-content\/uploads\/2025\/04\/IABEHB906.jpg","width":800,"height":1600},{"@type":"BreadcrumbList","@id":"https:\/\/www.mexicanguitarplayers.com\/tienda\/sin categor\u00eda\/microfono-behringer-mod-b-906\/#breadcrumb","itemListElement":[{"@type":"ListItem","position":1,"name":"Portada","item":"https:\/\/www.mexicanguitarplayers.com\/"},{"@type":"ListItem","position":2,"name":"Tienda","item":"https:\/\/www.mexicanguitarplayers.com\/tienda\/"},{"@type":"ListItem","position":3,"name":"MICROFONO BEHRINGER MOD. B 906"}]},{"@type":"WebSite","@id":"https:\/\/www.mexicanguitarplayers.com\/#website","url":"https:\/\/www.mexicanguitarplayers.com\/","name":"Mexican Guitar Players","description":"Website","publisher":{"@id":"https:\/\/www.mexicanguitarplayers.com\/#organization"},"potentialAction":[{"@type":"SearchAction","target":{"@type":"EntryPoint","urlTemplate":"https:\/\/www.mexicanguitarplayers.com\/?s={search_term_string}"},"query-input":{"@type":"PropertyValueSpecification","valueRequired":true,"valueName":"search_term_string"}}],"inLanguage":"en-US"},{"@type":"Organization","@id":"https:\/\/www.mexicanguitarplayers.com\/#organization","name":"Mexican Guitar Players","url":"https:\/\/www.mexicanguitarplayers.com\/","logo":{"@type":"ImageObject","inLanguage":"en-US","@id":"https:\/\/www.mexicanguitarplayers.com\/#\/schema\/logo\/image\/","url":"","contentUrl":"","caption":"Mexican Guitar Players"},"image":{"@id":"https:\/\/www.mexicanguitarplayers.com\/#\/schema\/logo\/image\/"}}]}},"brands":[{"id":171,"name":"BEHRINGER","slug":"behringer"}],"_links":{"self":[{"href":"https:\/\/www.mexicanguitarplayers.com\/en\/wp-json\/wp\/v2\/product\/33873","targetHints":{"allow":["GET"]}}],"collection":[{"href":"https:\/\/www.mexicanguitarplayers.com\/en\/wp-json\/wp\/v2\/product"}],"about":[{"href":"https:\/\/www.mexicanguitarplayers.com\/en\/wp-json\/wp\/v2\/types\/product"}],"replies":[{"embeddable":true,"href":"https:\/\/www.mexicanguitarplayers.com\/en\/wp-json\/wp\/v2\/comments?post=33873"}],"wp:featuredmedia":[{"embeddable":true,"href":"https:\/\/www.mexicanguitarplayers.com\/en\/wp-json\/wp\/v2\/media\/33869"}],"wp:attachment":[{"href":"https:\/\/www.mexicanguitarplayers.com\/en\/wp-json\/wp\/v2\/media?parent=33873"}],"wp:term":[{"taxonomy":"pwb-brand","embeddable":true,"href":"https:\/\/www.mexicanguitarplayers.com\/en\/wp-json\/wp\/v2\/pwb-brand?post=33873"},{"taxonomy":"product_brand","embeddable":true,"href":"https:\/\/www.mexicanguitarplayers.com\/en\/wp-json\/wp\/v2\/product_brand?post=33873"},{"taxonomy":"product_cat","embeddable":true,"href":"https:\/\/www.mexicanguitarplayers.com\/en\/wp-json\/wp\/v2\/product_cat?post=33873"},{"taxonomy":"product_tag","embeddable":true,"href":"https:\/\/www.mexicanguitarplayers.com\/en\/wp-json\/wp\/v2\/product_tag?post=33873"}],"curies":[{"name":"wp","href":"https:\/\/api.w.org\/{rel}","templated":true}]}}