{"id":33900,"date":"2025-04-08T21:31:27","date_gmt":"2025-04-09T03:31:27","guid":{"rendered":"https:\/\/www.mexicanguitarplayers.com\/tienda\/sin categor\u00eda\/guitarra-schecter-elect-sunset-6-extreme\/"},"modified":"2026-05-01T07:22:29","modified_gmt":"2026-05-01T13:22:29","slug":"guitarra-schecter-elect-sunset-6-extreme","status":"publish","type":"product","link":"https:\/\/www.mexicanguitarplayers.com\/en\/tienda\/cuerdas\/guitarras-cuerdas\/electricas\/guitarras-electricas-solidas\/guitarra-schecter-elect-sunset-6-extreme\/","title":{"rendered":"GUITARRA SCHECTER ELECT SUNSET-6 EXTREME"},"content":{"rendered":"<div style=\"text-align: justify\">\n<div>\n<h3>Guitarra El\u00e9ctrica Schecter Sunset-6 Extreme<\/h3>\n<\/div>\n<div>Sunset-6 Extreme construido con  arce, palo de rosa, nyatoh y \u00e9bano, m\u00e1stil de alta velocidad  con 24 trastes. <\/div>\n<div>\n<h4>Characteristics<\/h4>\n<\/div>\n<div>\n<ul style=\"margin: 0px 0px 0px 25px\">\n<li style=\"list-style-type: circle;margin: 5px\">N\u00famero de cuerdas<\/li>\n<li style=\"list-style-type: circle;margin: 5px\">Zurdo\/Derecho<\/li>\n<li style=\"list-style-type: circle;margin: 5px\">Tipo de cuerpo<\/li>\n<li style=\"list-style-type: circle;margin: 5px\">Forma del cuerpo<\/li>\n<li style=\"list-style-type: circle;margin: 5px\">Cuerpo material<\/li>\n<li style=\"list-style-type: circle;margin: 5px\">Material superior<\/li>\n<li style=\"list-style-type: circle;margin: 5px\">Acabado del cuerpo<\/li>\n<li style=\"list-style-type: circle;margin: 5px\">Color<\/li>\n<li style=\"list-style-type: circle;margin: 5px\">Material del cuello<\/li>\n<li style=\"list-style-type: circle;margin: 5px\">Forma del cuello<\/li>\n<li style=\"list-style-type: circle;margin: 5px\">Articulaci\u00f3n del cuello<\/li>\n<li style=\"list-style-type: circle;margin: 5px\">Radio<\/li>\n<li style=\"list-style-type: circle;margin: 5px\">Material del diapas\u00f3n<\/li>\n<li style=\"list-style-type: circle;margin: 5px\">Incrustaci\u00f3n de diapas\u00f3n<\/li>\n<li style=\"list-style-type: circle;margin: 5px\">N\u00famero de trastes<\/li>\n<li style=\"list-style-type: circle;margin: 5px\">Longitud de la escala<\/li>\n<li style=\"list-style-type: circle;margin: 5px\">Material de la tuerca<\/li>\n<li style=\"list-style-type: circle;margin: 5px\">Puente\/Cordal<\/li>\n<li style=\"list-style-type: circle;margin: 5px\">Material de la tuerca<\/li>\n<li style=\"list-style-type: circle;margin: 5px\">Puente\/Cordal<\/li>\n<li style=\"list-style-type: circle;margin: 5px\">Sintonizadores<\/li>\n<li style=\"list-style-type: circle;margin: 5px\">Pastilla del m\u00e1stil<\/li>\n<li style=\"list-style-type: circle;margin: 5px\">Pastilla del puente<\/li>\n<li style=\"list-style-type: circle;margin: 5px\">controles<\/li>\n<li style=\"list-style-type: circle;margin: 5px\">Traspuesta<\/li>\n<\/ul>\n<\/div>\n<\/div>","protected":false},"excerpt":{"rendered":"<p>Guitarra Schecter Sunset-6 Extreme construida con cuerpo Nyatoh, m\u00e1stil de arce y palisandro, diapas\u00f3n de \u00e9bano con dise\u00f1o de cuello de m\u00faltiples capas y perfil del m\u00e1stil en forma de \u201dC\u201d ultradelgado y 24 trastes XJ. Escala de 25,5 pulgadas y el radio del diapas\u00f3n de 16 pulgadas, humbuckers Schecter USA, incluyen un Sunset Strip en el puente y Pasadena en el m\u00e1stil, dise\u00f1o de bobina dividida se acompa\u00f1a de una perilla de volumen \u00fanica y un selector de 5 posiciones y clavijeros de bloqueo Schecter y el puente Diamond Hardtail Plus est\u00e1n unidos por una tuerca Graph Tech Black TUSQ XL&hellip; <a class=\"kt-excerpt-readmore more-link\" href=\"https:\/\/www.mexicanguitarplayers.com\/en\/tienda\/cuerdas\/guitarras-cuerdas\/electricas\/guitarras-electricas-solidas\/guitarra-schecter-elect-sunset-6-extreme\/\">Read more<\/a><\/p>","protected":false},"featured_media":33886,"comment_status":"open","ping_status":"closed","template":"","meta":{"kt_blocks_editor_width":""},"pwb-brand":[175],"product_brand":[],"product_cat":[224,313,312,314],"product_tag":[],"class_list":{"0":"post-33900","1":"product","2":"type-product","3":"status-publish","4":"has-post-thumbnail","6":"pwb-brand-schecter","7":"product_cat-cuerdas","8":"product_cat-electricas","9":"product_cat-guitarras-cuerdas","10":"product_cat-guitarras-electricas-solidas","11":"product_shipping_class-0-5-kg","13":"first","14":"instock","15":"taxable","16":"shipping-taxable","17":"purchasable","18":"product-type-simple"},"yoast_head":"<!-- This site is optimized with the Yoast SEO plugin v27.5 - https:\/\/yoast.com\/product\/yoast-seo-wordpress\/ -->\n<title>GUITARRA SCHECTER ELECT SUNSET-6 EXTREME - Mexican Guitar Players<\/title>\n<meta name=\"description\" content=\"Guitarra Schecter Sunset-6 Extreme construida con cuerpo Nyatoh, m\u00e1stil de arce y palisandro, diapas\u00f3n de \u00e9bano con dise\u00f1o de cuello de m\u00faltiples capas y perfil del m\u00e1stil en forma de \u201dC\u201d ultradelgado y 24 trastes XJ. Escala de 25,5 pulgadas y el radio del diapas\u00f3n de 16 pulgadas, humbuckers Schecter USA, incluyen un Sunset Strip en el puente y Pasadena en el m\u00e1stil, dise\u00f1o de bobina dividida se acompa\u00f1a de una perilla de volumen \u00fanica y un selector de 5 posiciones y clavijeros de bloqueo Schecter y el puente Diamond Hardtail Plus est\u00e1n unidos por una tuerca Graph Tech Black TUSQ XL\" \/>\n<meta name=\"robots\" content=\"index, follow, max-snippet:-1, max-image-preview:large, max-video-preview:-1\" \/>\n<link rel=\"canonical\" href=\"https:\/\/www.mexicanguitarplayers.com\/en\/tienda\/sin%20categor\u00eda\/guitarra-schecter-elect-sunset-6-extreme\/\" \/>\n<meta property=\"og:locale\" content=\"en_US\" \/>\n<meta property=\"og:type\" content=\"article\" \/>\n<meta property=\"og:title\" content=\"GUITARRA SCHECTER ELECT SUNSET-6 EXTREME - Mexican Guitar Players\" \/>\n<meta property=\"og:description\" content=\"Guitarra Schecter Sunset-6 Extreme construida con cuerpo Nyatoh, m\u00e1stil de arce y palisandro, diapas\u00f3n de \u00e9bano con dise\u00f1o de cuello de m\u00faltiples capas y perfil del m\u00e1stil en forma de \u201dC\u201d ultradelgado y 24 trastes XJ. Escala de 25,5 pulgadas y el radio del diapas\u00f3n de 16 pulgadas, humbuckers Schecter USA, incluyen un Sunset Strip en el puente y Pasadena en el m\u00e1stil, dise\u00f1o de bobina dividida se acompa\u00f1a de una perilla de volumen \u00fanica y un selector de 5 posiciones y clavijeros de bloqueo Schecter y el puente Diamond Hardtail Plus est\u00e1n unidos por una tuerca Graph Tech Black TUSQ XL\" \/>\n<meta property=\"og:url\" content=\"https:\/\/www.mexicanguitarplayers.com\/en\/tienda\/sin categor\u00eda\/guitarra-schecter-elect-sunset-6-extreme\/\" \/>\n<meta property=\"og:site_name\" content=\"Mexican Guitar Players\" \/>\n<meta property=\"article:modified_time\" content=\"2026-05-01T13:22:29+00:00\" \/>\n<meta name=\"twitter:card\" content=\"summary_large_image\" \/>\n<script type=\"application\/ld+json\" class=\"yoast-schema-graph\">{\"@context\":\"https:\\\/\\\/schema.org\",\"@graph\":[{\"@type\":[\"WebPage\",\"ItemPage\"],\"@id\":\"https:\\\/\\\/www.mexicanguitarplayers.com\\\/tienda\\\/sin categor\u00eda\\\/guitarra-schecter-elect-sunset-6-extreme\\\/\",\"url\":\"https:\\\/\\\/www.mexicanguitarplayers.com\\\/tienda\\\/sin categor\u00eda\\\/guitarra-schecter-elect-sunset-6-extreme\\\/\",\"name\":\"GUITARRA SCHECTER ELECT SUNSET-6 EXTREME - Mexican Guitar Players\",\"isPartOf\":{\"@id\":\"https:\\\/\\\/www.mexicanguitarplayers.com\\\/#website\"},\"primaryImageOfPage\":{\"@id\":\"https:\\\/\\\/www.mexicanguitarplayers.com\\\/tienda\\\/sin categor\u00eda\\\/guitarra-schecter-elect-sunset-6-extreme\\\/#primaryimage\"},\"image\":{\"@id\":\"https:\\\/\\\/www.mexicanguitarplayers.com\\\/tienda\\\/sin categor\u00eda\\\/guitarra-schecter-elect-sunset-6-extreme\\\/#primaryimage\"},\"thumbnailUrl\":\"https:\\\/\\\/www.mexicanguitarplayers.com\\\/wp-content\\\/uploads\\\/2025\\\/04\\\/ISSCCSUNSET6EX.jpg\",\"datePublished\":\"2025-04-09T03:31:27+00:00\",\"dateModified\":\"2026-05-01T13:22:29+00:00\",\"description\":\"Guitarra Schecter Sunset-6 Extreme construida con cuerpo Nyatoh, m\u00e1stil de arce y palisandro, diapas\u00f3n de \u00e9bano con dise\u00f1o de cuello de m\u00faltiples capas y perfil del m\u00e1stil en forma de \u201dC\u201d ultradelgado y 24 trastes XJ. Escala de 25,5 pulgadas y el radio del diapas\u00f3n de 16 pulgadas, humbuckers Schecter USA, incluyen un Sunset Strip en el puente y Pasadena en el m\u00e1stil, dise\u00f1o de bobina dividida se acompa\u00f1a de una perilla de volumen \u00fanica y un selector de 5 posiciones y clavijeros de bloqueo Schecter y el puente Diamond Hardtail Plus est\u00e1n unidos por una tuerca Graph Tech Black TUSQ XL\",\"breadcrumb\":{\"@id\":\"https:\\\/\\\/www.mexicanguitarplayers.com\\\/tienda\\\/sin categor\u00eda\\\/guitarra-schecter-elect-sunset-6-extreme\\\/#breadcrumb\"},\"inLanguage\":\"en-US\",\"potentialAction\":[{\"@type\":\"ReadAction\",\"target\":[\"https:\\\/\\\/www.mexicanguitarplayers.com\\\/tienda\\\/sin categor\u00eda\\\/guitarra-schecter-elect-sunset-6-extreme\\\/\"]}]},{\"@type\":\"ImageObject\",\"inLanguage\":\"en-US\",\"@id\":\"https:\\\/\\\/www.mexicanguitarplayers.com\\\/tienda\\\/sin categor\u00eda\\\/guitarra-schecter-elect-sunset-6-extreme\\\/#primaryimage\",\"url\":\"https:\\\/\\\/www.mexicanguitarplayers.com\\\/wp-content\\\/uploads\\\/2025\\\/04\\\/ISSCCSUNSET6EX.jpg\",\"contentUrl\":\"https:\\\/\\\/www.mexicanguitarplayers.com\\\/wp-content\\\/uploads\\\/2025\\\/04\\\/ISSCCSUNSET6EX.jpg\",\"width\":800,\"height\":1600},{\"@type\":\"BreadcrumbList\",\"@id\":\"https:\\\/\\\/www.mexicanguitarplayers.com\\\/tienda\\\/sin categor\u00eda\\\/guitarra-schecter-elect-sunset-6-extreme\\\/#breadcrumb\",\"itemListElement\":[{\"@type\":\"ListItem\",\"position\":1,\"name\":\"Portada\",\"item\":\"https:\\\/\\\/www.mexicanguitarplayers.com\\\/\"},{\"@type\":\"ListItem\",\"position\":2,\"name\":\"Tienda\",\"item\":\"https:\\\/\\\/www.mexicanguitarplayers.com\\\/tienda\\\/\"},{\"@type\":\"ListItem\",\"position\":3,\"name\":\"GUITARRA SCHECTER ELECT SUNSET-6 EXTREME\"}]},{\"@type\":\"WebSite\",\"@id\":\"https:\\\/\\\/www.mexicanguitarplayers.com\\\/#website\",\"url\":\"https:\\\/\\\/www.mexicanguitarplayers.com\\\/\",\"name\":\"Mexican Guitar Players\",\"description\":\"Website\",\"publisher\":{\"@id\":\"https:\\\/\\\/www.mexicanguitarplayers.com\\\/#organization\"},\"potentialAction\":[{\"@type\":\"SearchAction\",\"target\":{\"@type\":\"EntryPoint\",\"urlTemplate\":\"https:\\\/\\\/www.mexicanguitarplayers.com\\\/?s={search_term_string}\"},\"query-input\":{\"@type\":\"PropertyValueSpecification\",\"valueRequired\":true,\"valueName\":\"search_term_string\"}}],\"inLanguage\":\"en-US\"},{\"@type\":\"Organization\",\"@id\":\"https:\\\/\\\/www.mexicanguitarplayers.com\\\/#organization\",\"name\":\"Mexican Guitar Players\",\"url\":\"https:\\\/\\\/www.mexicanguitarplayers.com\\\/\",\"logo\":{\"@type\":\"ImageObject\",\"inLanguage\":\"en-US\",\"@id\":\"https:\\\/\\\/www.mexicanguitarplayers.com\\\/#\\\/schema\\\/logo\\\/image\\\/\",\"url\":\"\",\"contentUrl\":\"\",\"caption\":\"Mexican Guitar Players\"},\"image\":{\"@id\":\"https:\\\/\\\/www.mexicanguitarplayers.com\\\/#\\\/schema\\\/logo\\\/image\\\/\"}}]}<\/script>\n<!-- \/ Yoast SEO plugin. -->","yoast_head_json":{"title":"GUITARRA SCHECTER ELECT SUNSET-6 EXTREME - Mexican Guitar Players","description":"Guitarra Schecter Sunset-6 Extreme construida con cuerpo Nyatoh, m\u00e1stil de arce y palisandro, diapas\u00f3n de \u00e9bano con dise\u00f1o de cuello de m\u00faltiples capas y perfil del m\u00e1stil en forma de \u201dC\u201d ultradelgado y 24 trastes XJ. Escala de 25,5 pulgadas y el radio del diapas\u00f3n de 16 pulgadas, humbuckers Schecter USA, incluyen un Sunset Strip en el puente y Pasadena en el m\u00e1stil, dise\u00f1o de bobina dividida se acompa\u00f1a de una perilla de volumen \u00fanica y un selector de 5 posiciones y clavijeros de bloqueo Schecter y el puente Diamond Hardtail Plus est\u00e1n unidos por una tuerca Graph Tech Black TUSQ XL","robots":{"index":"index","follow":"follow","max-snippet":"max-snippet:-1","max-image-preview":"max-image-preview:large","max-video-preview":"max-video-preview:-1"},"canonical":"https:\/\/www.mexicanguitarplayers.com\/en\/tienda\/sin categor\u00eda\/guitarra-schecter-elect-sunset-6-extreme\/","og_locale":"en_US","og_type":"article","og_title":"GUITARRA SCHECTER ELECT SUNSET-6 EXTREME - Mexican Guitar Players","og_description":"Guitarra Schecter Sunset-6 Extreme construida con cuerpo Nyatoh, m\u00e1stil de arce y palisandro, diapas\u00f3n de \u00e9bano con dise\u00f1o de cuello de m\u00faltiples capas y perfil del m\u00e1stil en forma de \u201dC\u201d ultradelgado y 24 trastes XJ. Escala de 25,5 pulgadas y el radio del diapas\u00f3n de 16 pulgadas, humbuckers Schecter USA, incluyen un Sunset Strip en el puente y Pasadena en el m\u00e1stil, dise\u00f1o de bobina dividida se acompa\u00f1a de una perilla de volumen \u00fanica y un selector de 5 posiciones y clavijeros de bloqueo Schecter y el puente Diamond Hardtail Plus est\u00e1n unidos por una tuerca Graph Tech Black TUSQ XL","og_url":"https:\/\/www.mexicanguitarplayers.com\/en\/tienda\/sin categor\u00eda\/guitarra-schecter-elect-sunset-6-extreme\/","og_site_name":"Mexican Guitar Players","article_modified_time":"2026-05-01T13:22:29+00:00","twitter_card":"summary_large_image","schema":{"@context":"https:\/\/schema.org","@graph":[{"@type":["WebPage","ItemPage"],"@id":"https:\/\/www.mexicanguitarplayers.com\/tienda\/sin categor\u00eda\/guitarra-schecter-elect-sunset-6-extreme\/","url":"https:\/\/www.mexicanguitarplayers.com\/tienda\/sin categor\u00eda\/guitarra-schecter-elect-sunset-6-extreme\/","name":"GUITARRA SCHECTER ELECT SUNSET-6 EXTREME - Mexican Guitar Players","isPartOf":{"@id":"https:\/\/www.mexicanguitarplayers.com\/#website"},"primaryImageOfPage":{"@id":"https:\/\/www.mexicanguitarplayers.com\/tienda\/sin categor\u00eda\/guitarra-schecter-elect-sunset-6-extreme\/#primaryimage"},"image":{"@id":"https:\/\/www.mexicanguitarplayers.com\/tienda\/sin categor\u00eda\/guitarra-schecter-elect-sunset-6-extreme\/#primaryimage"},"thumbnailUrl":"https:\/\/www.mexicanguitarplayers.com\/wp-content\/uploads\/2025\/04\/ISSCCSUNSET6EX.jpg","datePublished":"2025-04-09T03:31:27+00:00","dateModified":"2026-05-01T13:22:29+00:00","description":"Guitarra Schecter Sunset-6 Extreme construida con cuerpo Nyatoh, m\u00e1stil de arce y palisandro, diapas\u00f3n de \u00e9bano con dise\u00f1o de cuello de m\u00faltiples capas y perfil del m\u00e1stil en forma de \u201dC\u201d ultradelgado y 24 trastes XJ. Escala de 25,5 pulgadas y el radio del diapas\u00f3n de 16 pulgadas, humbuckers Schecter USA, incluyen un Sunset Strip en el puente y Pasadena en el m\u00e1stil, dise\u00f1o de bobina dividida se acompa\u00f1a de una perilla de volumen \u00fanica y un selector de 5 posiciones y clavijeros de bloqueo Schecter y el puente Diamond Hardtail Plus est\u00e1n unidos por una tuerca Graph Tech Black TUSQ XL","breadcrumb":{"@id":"https:\/\/www.mexicanguitarplayers.com\/tienda\/sin categor\u00eda\/guitarra-schecter-elect-sunset-6-extreme\/#breadcrumb"},"inLanguage":"en-US","potentialAction":[{"@type":"ReadAction","target":["https:\/\/www.mexicanguitarplayers.com\/tienda\/sin categor\u00eda\/guitarra-schecter-elect-sunset-6-extreme\/"]}]},{"@type":"ImageObject","inLanguage":"en-US","@id":"https:\/\/www.mexicanguitarplayers.com\/tienda\/sin categor\u00eda\/guitarra-schecter-elect-sunset-6-extreme\/#primaryimage","url":"https:\/\/www.mexicanguitarplayers.com\/wp-content\/uploads\/2025\/04\/ISSCCSUNSET6EX.jpg","contentUrl":"https:\/\/www.mexicanguitarplayers.com\/wp-content\/uploads\/2025\/04\/ISSCCSUNSET6EX.jpg","width":800,"height":1600},{"@type":"BreadcrumbList","@id":"https:\/\/www.mexicanguitarplayers.com\/tienda\/sin categor\u00eda\/guitarra-schecter-elect-sunset-6-extreme\/#breadcrumb","itemListElement":[{"@type":"ListItem","position":1,"name":"Portada","item":"https:\/\/www.mexicanguitarplayers.com\/"},{"@type":"ListItem","position":2,"name":"Tienda","item":"https:\/\/www.mexicanguitarplayers.com\/tienda\/"},{"@type":"ListItem","position":3,"name":"GUITARRA SCHECTER ELECT SUNSET-6 EXTREME"}]},{"@type":"WebSite","@id":"https:\/\/www.mexicanguitarplayers.com\/#website","url":"https:\/\/www.mexicanguitarplayers.com\/","name":"Mexican Guitar Players","description":"Website","publisher":{"@id":"https:\/\/www.mexicanguitarplayers.com\/#organization"},"potentialAction":[{"@type":"SearchAction","target":{"@type":"EntryPoint","urlTemplate":"https:\/\/www.mexicanguitarplayers.com\/?s={search_term_string}"},"query-input":{"@type":"PropertyValueSpecification","valueRequired":true,"valueName":"search_term_string"}}],"inLanguage":"en-US"},{"@type":"Organization","@id":"https:\/\/www.mexicanguitarplayers.com\/#organization","name":"Mexican Guitar Players","url":"https:\/\/www.mexicanguitarplayers.com\/","logo":{"@type":"ImageObject","inLanguage":"en-US","@id":"https:\/\/www.mexicanguitarplayers.com\/#\/schema\/logo\/image\/","url":"","contentUrl":"","caption":"Mexican Guitar Players"},"image":{"@id":"https:\/\/www.mexicanguitarplayers.com\/#\/schema\/logo\/image\/"}}]}},"brands":[{"id":175,"name":"SCHECTER","slug":"schecter"}],"_links":{"self":[{"href":"https:\/\/www.mexicanguitarplayers.com\/en\/wp-json\/wp\/v2\/product\/33900","targetHints":{"allow":["GET"]}}],"collection":[{"href":"https:\/\/www.mexicanguitarplayers.com\/en\/wp-json\/wp\/v2\/product"}],"about":[{"href":"https:\/\/www.mexicanguitarplayers.com\/en\/wp-json\/wp\/v2\/types\/product"}],"replies":[{"embeddable":true,"href":"https:\/\/www.mexicanguitarplayers.com\/en\/wp-json\/wp\/v2\/comments?post=33900"}],"wp:featuredmedia":[{"embeddable":true,"href":"https:\/\/www.mexicanguitarplayers.com\/en\/wp-json\/wp\/v2\/media\/33886"}],"wp:attachment":[{"href":"https:\/\/www.mexicanguitarplayers.com\/en\/wp-json\/wp\/v2\/media?parent=33900"}],"wp:term":[{"taxonomy":"pwb-brand","embeddable":true,"href":"https:\/\/www.mexicanguitarplayers.com\/en\/wp-json\/wp\/v2\/pwb-brand?post=33900"},{"taxonomy":"product_brand","embeddable":true,"href":"https:\/\/www.mexicanguitarplayers.com\/en\/wp-json\/wp\/v2\/product_brand?post=33900"},{"taxonomy":"product_cat","embeddable":true,"href":"https:\/\/www.mexicanguitarplayers.com\/en\/wp-json\/wp\/v2\/product_cat?post=33900"},{"taxonomy":"product_tag","embeddable":true,"href":"https:\/\/www.mexicanguitarplayers.com\/en\/wp-json\/wp\/v2\/product_tag?post=33900"}],"curies":[{"name":"wp","href":"https:\/\/api.w.org\/{rel}","templated":true}]}}