{"id":33903,"date":"2025-04-08T21:31:30","date_gmt":"2025-04-09T03:31:30","guid":{"rendered":"https:\/\/www.mexicanguitarplayers.com\/tienda\/sin categor\u00eda\/bafle-electro-voice-mod-zxa1-sub\/"},"modified":"2025-04-08T21:31:30","modified_gmt":"2025-04-09T03:31:30","slug":"bafle-electro-voice-mod-zxa1-sub","status":"publish","type":"product","link":"https:\/\/www.mexicanguitarplayers.com\/en\/tienda\/audio\/bafles-y-bocinas\/bafles\/bafles-activos\/bafle-electro-voice-mod-zxa1-sub\/","title":{"rendered":"BAFLE ELECTRO VOICE  MOD. ZXA1-SUB"},"content":{"rendered":"<div style=\"text-align: justify\">\n<div>\n<h3>Subwoofer Activo para cualquier aplicacion.<\/h3>\n<\/div>\n<div>Cuenta con una alta relaci\u00f3n entre la presi\u00f3n sonora generada y su tama\u00f1o compacto. Est\u00e1 pensado como complemento de bajos para la caja compacta auto-amplificada de dos v\u00edas 8&#8243; ZXA1. El ZXA1-Sub est\u00e1 dise\u00f1ado para proporcionar lo \u00faltimo en cuanto a combinar portabilidad y potencia de salida en un formato peque\u00f1o y ligero. La unidad cuenta con un amplificador de 700W de clase D, un recinto de madera de 15 mm de espesor y un SPL m\u00e1ximo de 126 dB, con un peso de 21 kg. En la parte trasera encontraremos dos XLRs de entrada y otros tantos de salida, as\u00ed como el control de volumen.<\/div>\n<div>\n<h4>Quick look<\/h4>\n<\/div>\n<ul style=\"margin: 0px 0px 0px 25px\">\n<li style=\"list-style-type: circle;margin: 5px\">Amplificador ligero de 700-W Clase D: 126-dB SPL m\u00e1ximo.<\/li>\n<li style=\"list-style-type: circle;margin: 5px\">Woofer de alta salida de 12\u201d<\/li>\n<li style=\"list-style-type: circle;margin: 5px\">Entradas y salidas est\u00e9reo XLR<\/li>\n<li style=\"list-style-type: circle;margin: 5px\">Entradas y salidas est\u00e9reo XLR<\/li>\n<li style=\"list-style-type: circle;margin: 5px\">Permite montaje en poste para sistemas de rango completo<\/li>\n<li style=\"list-style-type: circle;margin: 5px\">Gabinete de madera reforzado de 9 capas\/15mm con pintura texturizada<\/li>\n<li style=\"list-style-type: circle;margin: 5px\">20.9 Kg, con manijas para f\u00e1cil transportaci\u00f3n<\/li>\n<li style=\"list-style-type: circle;margin: 5px\">Recinto de madera de 9 capas con pintura texturada y refuerzos internos<\/li>\n<li style=\"list-style-type: circle;margin: 5px\">DSP con refuerzo de bajos y control de polaridad<\/li>\n<\/ul>\n<div>\n<div style=\"font-weight: bold\">Amplificador ligero de 700-W Clase D: 126-dB SPL m\u00e1ximo.<\/div>\n<div>\n<\/div>\n<div style=\"font-weight: bold\">Woofer de alta salida de 12\u201d<\/div>\n<div>\n<\/div>\n<div style=\"font-weight: bold\">Entradas y salidas est\u00e9reo XLR<\/div>\n<div>\n<\/div>\n<div style=\"font-weight: bold\">Entradas y salidas est\u00e9reo XLR<\/div>\n<div>\n<\/div>\n<div style=\"font-weight: bold\">Permite montaje en poste para sistemas de rango completo<\/div>\n<div>\n<\/div>\n<div style=\"font-weight: bold\">Gabinete de madera reforzado de 9 capas\/15mm con pintura texturizada<\/div>\n<div>\n<\/div>\n<div style=\"font-weight: bold\">20.9 Kg, con manijas para f\u00e1cil transportaci\u00f3n<\/div>\n<div>\n<\/div>\n<div style=\"font-weight: bold\">Recinto de madera de 9 capas con pintura texturada y refuerzos internos<\/div>\n<div>\n<\/div>\n<div style=\"font-weight: bold\">DSP con refuerzo de bajos y control de polaridad<\/div>\n<div>\n<\/div>\n<\/div>\n<\/div>","protected":false},"excerpt":{"rendered":"<p>Subwoofer activo de 12\u201d pulgadas, un altavoz EVS-12S, respuesta de graves potente y atractiva, potencia: 700 watts, ligero amplificador Clase D, frecuencia de crossover: 100 Hz, respuesta de frecuencia 53 Hz &#8211; 93 Hz, rango de frecuencia 44 Hz &#8211; 118 Hz, SPL m\u00e1ximo: 126 dB, cobertura omnidireccional, dos conectores XLR est\u00e9reo de entrada y dos conectores XLR est\u00e9reo de salida, fabricado con 9 capas de madera contrachapada de 15 mm con refuerzo interno y pintura texturizada, rejilla de acero 16GA con pintura en polvo negro, montaje en poste para sistemas de rango completo, modos de ecualizaci\u00f3n conmutables para diferentes aplicaciones, indicadores LED para encendido y l\u00edmite, dimensiones: 400 x 444.5 x 457.2 mm, peso: 20.9 kg.&hellip; <a class=\"kt-excerpt-readmore more-link\" href=\"https:\/\/www.mexicanguitarplayers.com\/en\/tienda\/audio\/bafles-y-bocinas\/bafles\/bafles-activos\/bafle-electro-voice-mod-zxa1-sub\/\">Read more<\/a><\/p>","protected":false},"featured_media":33901,"comment_status":"open","ping_status":"closed","template":"","meta":{"kt_blocks_editor_width":""},"pwb-brand":[535],"product_brand":[],"product_cat":[213,222,472,221],"product_tag":[],"class_list":{"0":"post-33903","1":"product","2":"type-product","3":"status-publish","4":"has-post-thumbnail","6":"pwb-brand-electrovoice","7":"product_cat-audio","8":"product_cat-bafles","9":"product_cat-bafles-activos","10":"product_cat-bafles-y-bocinas","11":"product_shipping_class-25-30-kg","13":"first","14":"outofstock","15":"taxable","16":"shipping-taxable","17":"purchasable","18":"product-type-simple"},"yoast_head":"<!-- This site is optimized with the Yoast SEO plugin v27.3 - https:\/\/yoast.com\/product\/yoast-seo-wordpress\/ -->\n<title>BAFLE ELECTRO VOICE MOD. ZXA1-SUB - Mexican Guitar Players<\/title>\n<meta name=\"description\" content=\"Subwoofer activo de 12\u201d pulgadas, un altavoz EVS-12S, respuesta de graves potente y atractiva, potencia: 700 watts, ligero amplificador Clase D, frecuencia de crossover: 100 Hz, respuesta de frecuencia 53 Hz - 93 Hz, rango de frecuencia 44 Hz - 118 Hz, SPL m\u00e1ximo: 126 dB, cobertura omnidireccional, dos conectores XLR est\u00e9reo de entrada y dos conectores XLR est\u00e9reo de salida, fabricado con 9 capas de madera contrachapada de 15 mm con refuerzo interno y pintura texturizada, rejilla de acero 16GA con pintura en polvo negro, montaje en poste para sistemas de rango completo, modos de ecualizaci\u00f3n conmutables para diferentes aplicaciones, indicadores LED para encendido y l\u00edmite, dimensiones: 400 x 444.5 x 457.2 mm, peso: 20.9 kg.\" \/>\n<meta name=\"robots\" content=\"index, follow, max-snippet:-1, max-image-preview:large, max-video-preview:-1\" \/>\n<link rel=\"canonical\" href=\"https:\/\/www.mexicanguitarplayers.com\/en\/tienda\/sin%20categor\u00eda\/bafle-electro-voice-mod-zxa1-sub\/\" \/>\n<meta property=\"og:locale\" content=\"en_US\" \/>\n<meta property=\"og:type\" content=\"article\" \/>\n<meta property=\"og:title\" content=\"BAFLE ELECTRO VOICE MOD. ZXA1-SUB - Mexican Guitar Players\" \/>\n<meta property=\"og:description\" content=\"Subwoofer activo de 12\u201d pulgadas, un altavoz EVS-12S, respuesta de graves potente y atractiva, potencia: 700 watts, ligero amplificador Clase D, frecuencia de crossover: 100 Hz, respuesta de frecuencia 53 Hz - 93 Hz, rango de frecuencia 44 Hz - 118 Hz, SPL m\u00e1ximo: 126 dB, cobertura omnidireccional, dos conectores XLR est\u00e9reo de entrada y dos conectores XLR est\u00e9reo de salida, fabricado con 9 capas de madera contrachapada de 15 mm con refuerzo interno y pintura texturizada, rejilla de acero 16GA con pintura en polvo negro, montaje en poste para sistemas de rango completo, modos de ecualizaci\u00f3n conmutables para diferentes aplicaciones, indicadores LED para encendido y l\u00edmite, dimensiones: 400 x 444.5 x 457.2 mm, peso: 20.9 kg.\" \/>\n<meta property=\"og:url\" content=\"https:\/\/www.mexicanguitarplayers.com\/en\/tienda\/sin categor\u00eda\/bafle-electro-voice-mod-zxa1-sub\/\" \/>\n<meta property=\"og:site_name\" content=\"Mexican Guitar Players\" \/>\n<meta name=\"twitter:card\" content=\"summary_large_image\" \/>\n<meta name=\"twitter:label1\" content=\"Est. reading time\" \/>\n\t<meta name=\"twitter:data1\" content=\"1 minute\" \/>\n<script type=\"application\/ld+json\" class=\"yoast-schema-graph\">{\"@context\":\"https:\\\/\\\/schema.org\",\"@graph\":[{\"@type\":[\"WebPage\",\"ItemPage\"],\"@id\":\"https:\\\/\\\/www.mexicanguitarplayers.com\\\/tienda\\\/sin categor\u00eda\\\/bafle-electro-voice-mod-zxa1-sub\\\/\",\"url\":\"https:\\\/\\\/www.mexicanguitarplayers.com\\\/tienda\\\/sin categor\u00eda\\\/bafle-electro-voice-mod-zxa1-sub\\\/\",\"name\":\"BAFLE ELECTRO VOICE MOD. ZXA1-SUB - Mexican Guitar Players\",\"isPartOf\":{\"@id\":\"https:\\\/\\\/www.mexicanguitarplayers.com\\\/#website\"},\"primaryImageOfPage\":{\"@id\":\"https:\\\/\\\/www.mexicanguitarplayers.com\\\/tienda\\\/sin categor\u00eda\\\/bafle-electro-voice-mod-zxa1-sub\\\/#primaryimage\"},\"image\":{\"@id\":\"https:\\\/\\\/www.mexicanguitarplayers.com\\\/tienda\\\/sin categor\u00eda\\\/bafle-electro-voice-mod-zxa1-sub\\\/#primaryimage\"},\"thumbnailUrl\":\"https:\\\/\\\/www.mexicanguitarplayers.com\\\/wp-content\\\/uploads\\\/2025\\\/04\\\/IAEVOZXA1SUB.jpg\",\"datePublished\":\"2025-04-09T03:31:30+00:00\",\"description\":\"Subwoofer activo de 12\u201d pulgadas, un altavoz EVS-12S, respuesta de graves potente y atractiva, potencia: 700 watts, ligero amplificador Clase D, frecuencia de crossover: 100 Hz, respuesta de frecuencia 53 Hz - 93 Hz, rango de frecuencia 44 Hz - 118 Hz, SPL m\u00e1ximo: 126 dB, cobertura omnidireccional, dos conectores XLR est\u00e9reo de entrada y dos conectores XLR est\u00e9reo de salida, fabricado con 9 capas de madera contrachapada de 15 mm con refuerzo interno y pintura texturizada, rejilla de acero 16GA con pintura en polvo negro, montaje en poste para sistemas de rango completo, modos de ecualizaci\u00f3n conmutables para diferentes aplicaciones, indicadores LED para encendido y l\u00edmite, dimensiones: 400 x 444.5 x 457.2 mm, peso: 20.9 kg.\",\"breadcrumb\":{\"@id\":\"https:\\\/\\\/www.mexicanguitarplayers.com\\\/tienda\\\/sin categor\u00eda\\\/bafle-electro-voice-mod-zxa1-sub\\\/#breadcrumb\"},\"inLanguage\":\"en-US\",\"potentialAction\":[{\"@type\":\"ReadAction\",\"target\":[\"https:\\\/\\\/www.mexicanguitarplayers.com\\\/tienda\\\/sin categor\u00eda\\\/bafle-electro-voice-mod-zxa1-sub\\\/\"]}]},{\"@type\":\"ImageObject\",\"inLanguage\":\"en-US\",\"@id\":\"https:\\\/\\\/www.mexicanguitarplayers.com\\\/tienda\\\/sin categor\u00eda\\\/bafle-electro-voice-mod-zxa1-sub\\\/#primaryimage\",\"url\":\"https:\\\/\\\/www.mexicanguitarplayers.com\\\/wp-content\\\/uploads\\\/2025\\\/04\\\/IAEVOZXA1SUB.jpg\",\"contentUrl\":\"https:\\\/\\\/www.mexicanguitarplayers.com\\\/wp-content\\\/uploads\\\/2025\\\/04\\\/IAEVOZXA1SUB.jpg\",\"width\":1200,\"height\":1200},{\"@type\":\"BreadcrumbList\",\"@id\":\"https:\\\/\\\/www.mexicanguitarplayers.com\\\/tienda\\\/sin categor\u00eda\\\/bafle-electro-voice-mod-zxa1-sub\\\/#breadcrumb\",\"itemListElement\":[{\"@type\":\"ListItem\",\"position\":1,\"name\":\"Portada\",\"item\":\"https:\\\/\\\/www.mexicanguitarplayers.com\\\/\"},{\"@type\":\"ListItem\",\"position\":2,\"name\":\"Tienda\",\"item\":\"https:\\\/\\\/www.mexicanguitarplayers.com\\\/tienda\\\/\"},{\"@type\":\"ListItem\",\"position\":3,\"name\":\"BAFLE ELECTRO VOICE MOD. ZXA1-SUB\"}]},{\"@type\":\"WebSite\",\"@id\":\"https:\\\/\\\/www.mexicanguitarplayers.com\\\/#website\",\"url\":\"https:\\\/\\\/www.mexicanguitarplayers.com\\\/\",\"name\":\"Mexican Guitar Players\",\"description\":\"Website\",\"publisher\":{\"@id\":\"https:\\\/\\\/www.mexicanguitarplayers.com\\\/#organization\"},\"potentialAction\":[{\"@type\":\"SearchAction\",\"target\":{\"@type\":\"EntryPoint\",\"urlTemplate\":\"https:\\\/\\\/www.mexicanguitarplayers.com\\\/?s={search_term_string}\"},\"query-input\":{\"@type\":\"PropertyValueSpecification\",\"valueRequired\":true,\"valueName\":\"search_term_string\"}}],\"inLanguage\":\"en-US\"},{\"@type\":\"Organization\",\"@id\":\"https:\\\/\\\/www.mexicanguitarplayers.com\\\/#organization\",\"name\":\"Mexican Guitar Players\",\"url\":\"https:\\\/\\\/www.mexicanguitarplayers.com\\\/\",\"logo\":{\"@type\":\"ImageObject\",\"inLanguage\":\"en-US\",\"@id\":\"https:\\\/\\\/www.mexicanguitarplayers.com\\\/#\\\/schema\\\/logo\\\/image\\\/\",\"url\":\"\",\"contentUrl\":\"\",\"caption\":\"Mexican Guitar Players\"},\"image\":{\"@id\":\"https:\\\/\\\/www.mexicanguitarplayers.com\\\/#\\\/schema\\\/logo\\\/image\\\/\"}}]}<\/script>\n<!-- \/ Yoast SEO plugin. -->","yoast_head_json":{"title":"BAFLE ELECTRO VOICE MOD. ZXA1-SUB - Mexican Guitar Players","description":"Subwoofer activo de 12\u201d pulgadas, un altavoz EVS-12S, respuesta de graves potente y atractiva, potencia: 700 watts, ligero amplificador Clase D, frecuencia de crossover: 100 Hz, respuesta de frecuencia 53 Hz - 93 Hz, rango de frecuencia 44 Hz - 118 Hz, SPL m\u00e1ximo: 126 dB, cobertura omnidireccional, dos conectores XLR est\u00e9reo de entrada y dos conectores XLR est\u00e9reo de salida, fabricado con 9 capas de madera contrachapada de 15 mm con refuerzo interno y pintura texturizada, rejilla de acero 16GA con pintura en polvo negro, montaje en poste para sistemas de rango completo, modos de ecualizaci\u00f3n conmutables para diferentes aplicaciones, indicadores LED para encendido y l\u00edmite, dimensiones: 400 x 444.5 x 457.2 mm, peso: 20.9 kg.","robots":{"index":"index","follow":"follow","max-snippet":"max-snippet:-1","max-image-preview":"max-image-preview:large","max-video-preview":"max-video-preview:-1"},"canonical":"https:\/\/www.mexicanguitarplayers.com\/en\/tienda\/sin categor\u00eda\/bafle-electro-voice-mod-zxa1-sub\/","og_locale":"en_US","og_type":"article","og_title":"BAFLE ELECTRO VOICE MOD. ZXA1-SUB - Mexican Guitar Players","og_description":"Subwoofer activo de 12\u201d pulgadas, un altavoz EVS-12S, respuesta de graves potente y atractiva, potencia: 700 watts, ligero amplificador Clase D, frecuencia de crossover: 100 Hz, respuesta de frecuencia 53 Hz - 93 Hz, rango de frecuencia 44 Hz - 118 Hz, SPL m\u00e1ximo: 126 dB, cobertura omnidireccional, dos conectores XLR est\u00e9reo de entrada y dos conectores XLR est\u00e9reo de salida, fabricado con 9 capas de madera contrachapada de 15 mm con refuerzo interno y pintura texturizada, rejilla de acero 16GA con pintura en polvo negro, montaje en poste para sistemas de rango completo, modos de ecualizaci\u00f3n conmutables para diferentes aplicaciones, indicadores LED para encendido y l\u00edmite, dimensiones: 400 x 444.5 x 457.2 mm, peso: 20.9 kg.","og_url":"https:\/\/www.mexicanguitarplayers.com\/en\/tienda\/sin categor\u00eda\/bafle-electro-voice-mod-zxa1-sub\/","og_site_name":"Mexican Guitar Players","twitter_card":"summary_large_image","twitter_misc":{"Est. reading time":"1 minute"},"schema":{"@context":"https:\/\/schema.org","@graph":[{"@type":["WebPage","ItemPage"],"@id":"https:\/\/www.mexicanguitarplayers.com\/tienda\/sin categor\u00eda\/bafle-electro-voice-mod-zxa1-sub\/","url":"https:\/\/www.mexicanguitarplayers.com\/tienda\/sin categor\u00eda\/bafle-electro-voice-mod-zxa1-sub\/","name":"BAFLE ELECTRO VOICE MOD. ZXA1-SUB - Mexican Guitar Players","isPartOf":{"@id":"https:\/\/www.mexicanguitarplayers.com\/#website"},"primaryImageOfPage":{"@id":"https:\/\/www.mexicanguitarplayers.com\/tienda\/sin categor\u00eda\/bafle-electro-voice-mod-zxa1-sub\/#primaryimage"},"image":{"@id":"https:\/\/www.mexicanguitarplayers.com\/tienda\/sin categor\u00eda\/bafle-electro-voice-mod-zxa1-sub\/#primaryimage"},"thumbnailUrl":"https:\/\/www.mexicanguitarplayers.com\/wp-content\/uploads\/2025\/04\/IAEVOZXA1SUB.jpg","datePublished":"2025-04-09T03:31:30+00:00","description":"Subwoofer activo de 12\u201d pulgadas, un altavoz EVS-12S, respuesta de graves potente y atractiva, potencia: 700 watts, ligero amplificador Clase D, frecuencia de crossover: 100 Hz, respuesta de frecuencia 53 Hz - 93 Hz, rango de frecuencia 44 Hz - 118 Hz, SPL m\u00e1ximo: 126 dB, cobertura omnidireccional, dos conectores XLR est\u00e9reo de entrada y dos conectores XLR est\u00e9reo de salida, fabricado con 9 capas de madera contrachapada de 15 mm con refuerzo interno y pintura texturizada, rejilla de acero 16GA con pintura en polvo negro, montaje en poste para sistemas de rango completo, modos de ecualizaci\u00f3n conmutables para diferentes aplicaciones, indicadores LED para encendido y l\u00edmite, dimensiones: 400 x 444.5 x 457.2 mm, peso: 20.9 kg.","breadcrumb":{"@id":"https:\/\/www.mexicanguitarplayers.com\/tienda\/sin categor\u00eda\/bafle-electro-voice-mod-zxa1-sub\/#breadcrumb"},"inLanguage":"en-US","potentialAction":[{"@type":"ReadAction","target":["https:\/\/www.mexicanguitarplayers.com\/tienda\/sin categor\u00eda\/bafle-electro-voice-mod-zxa1-sub\/"]}]},{"@type":"ImageObject","inLanguage":"en-US","@id":"https:\/\/www.mexicanguitarplayers.com\/tienda\/sin categor\u00eda\/bafle-electro-voice-mod-zxa1-sub\/#primaryimage","url":"https:\/\/www.mexicanguitarplayers.com\/wp-content\/uploads\/2025\/04\/IAEVOZXA1SUB.jpg","contentUrl":"https:\/\/www.mexicanguitarplayers.com\/wp-content\/uploads\/2025\/04\/IAEVOZXA1SUB.jpg","width":1200,"height":1200},{"@type":"BreadcrumbList","@id":"https:\/\/www.mexicanguitarplayers.com\/tienda\/sin categor\u00eda\/bafle-electro-voice-mod-zxa1-sub\/#breadcrumb","itemListElement":[{"@type":"ListItem","position":1,"name":"Portada","item":"https:\/\/www.mexicanguitarplayers.com\/"},{"@type":"ListItem","position":2,"name":"Tienda","item":"https:\/\/www.mexicanguitarplayers.com\/tienda\/"},{"@type":"ListItem","position":3,"name":"BAFLE ELECTRO VOICE MOD. ZXA1-SUB"}]},{"@type":"WebSite","@id":"https:\/\/www.mexicanguitarplayers.com\/#website","url":"https:\/\/www.mexicanguitarplayers.com\/","name":"Mexican Guitar Players","description":"Website","publisher":{"@id":"https:\/\/www.mexicanguitarplayers.com\/#organization"},"potentialAction":[{"@type":"SearchAction","target":{"@type":"EntryPoint","urlTemplate":"https:\/\/www.mexicanguitarplayers.com\/?s={search_term_string}"},"query-input":{"@type":"PropertyValueSpecification","valueRequired":true,"valueName":"search_term_string"}}],"inLanguage":"en-US"},{"@type":"Organization","@id":"https:\/\/www.mexicanguitarplayers.com\/#organization","name":"Mexican Guitar Players","url":"https:\/\/www.mexicanguitarplayers.com\/","logo":{"@type":"ImageObject","inLanguage":"en-US","@id":"https:\/\/www.mexicanguitarplayers.com\/#\/schema\/logo\/image\/","url":"","contentUrl":"","caption":"Mexican Guitar Players"},"image":{"@id":"https:\/\/www.mexicanguitarplayers.com\/#\/schema\/logo\/image\/"}}]}},"brands":[{"id":535,"name":"ELECTROVOICE","slug":"electrovoice"}],"_links":{"self":[{"href":"https:\/\/www.mexicanguitarplayers.com\/en\/wp-json\/wp\/v2\/product\/33903","targetHints":{"allow":["GET"]}}],"collection":[{"href":"https:\/\/www.mexicanguitarplayers.com\/en\/wp-json\/wp\/v2\/product"}],"about":[{"href":"https:\/\/www.mexicanguitarplayers.com\/en\/wp-json\/wp\/v2\/types\/product"}],"replies":[{"embeddable":true,"href":"https:\/\/www.mexicanguitarplayers.com\/en\/wp-json\/wp\/v2\/comments?post=33903"}],"wp:featuredmedia":[{"embeddable":true,"href":"https:\/\/www.mexicanguitarplayers.com\/en\/wp-json\/wp\/v2\/media\/33901"}],"wp:attachment":[{"href":"https:\/\/www.mexicanguitarplayers.com\/en\/wp-json\/wp\/v2\/media?parent=33903"}],"wp:term":[{"taxonomy":"pwb-brand","embeddable":true,"href":"https:\/\/www.mexicanguitarplayers.com\/en\/wp-json\/wp\/v2\/pwb-brand?post=33903"},{"taxonomy":"product_brand","embeddable":true,"href":"https:\/\/www.mexicanguitarplayers.com\/en\/wp-json\/wp\/v2\/product_brand?post=33903"},{"taxonomy":"product_cat","embeddable":true,"href":"https:\/\/www.mexicanguitarplayers.com\/en\/wp-json\/wp\/v2\/product_cat?post=33903"},{"taxonomy":"product_tag","embeddable":true,"href":"https:\/\/www.mexicanguitarplayers.com\/en\/wp-json\/wp\/v2\/product_tag?post=33903"}],"curies":[{"name":"wp","href":"https:\/\/api.w.org\/{rel}","templated":true}]}}