{"id":33918,"date":"2025-04-08T21:31:49","date_gmt":"2025-04-09T03:31:49","guid":{"rendered":"https:\/\/www.mexicanguitarplayers.com\/tienda\/sin categor\u00eda\/bafle-behringer-instalacion-ce500d\/"},"modified":"2026-05-01T07:22:29","modified_gmt":"2026-05-01T13:22:29","slug":"bafle-behringer-instalacion-ce500d","status":"publish","type":"product","link":"https:\/\/www.mexicanguitarplayers.com\/en\/tienda\/audio\/bafles-y-bocinas\/bafles\/instalacion\/bafle-behringer-instalacion-ce500d\/","title":{"rendered":"BAFLE BEHRINGER INSTALACION    CE500D"},"content":{"rendered":"<div style=\"text-align: justify\">\n<div>\n<h3>El sonido perfecto.<\/h3>\n<\/div>\n<div>El sistema de altavoz activo CE500D es ideal para entornos de negocios, permiti\u00e9ndote disfrutar de un sonido pleno y claro en una amplia \u00e1rea de audici\u00f3n. Est\u00e1 espec\u00edficamente dise\u00f1ado para complementar instalaciones comerciales en interiores, como restaurantes, tiendas, salas de exposiciones y m\u00e1s. Este bafle de 100W est\u00e1 equipado con soportes de montaje especiales para que pueda colocarse en paredes o suspenderse desde arriba para cumplir con los requisitos de cobertura. Clase-D &#8211; Potencia masiva, sonido perfecto. Gracias a nuestra revolucionaria tecnolog\u00eda de amplificador de Clase-D, el CE500D proporciona una enorme potencia y un incre\u00edble rendimiento sonoro en un paquete liviano y f\u00e1cil de usar. La amplificaci\u00f3n de Clase-D marca la diferencia, ya que ofrece lo \u00faltimo en eficiencia energ\u00e9tica y elimina la necesidad de suministros de energ\u00eda pesados y enormes disipadores de calor. Esta incre\u00edble tecnolog\u00eda hace posible dise\u00f1ar y construir productos extremadamente poderosos que son significativamente m\u00e1s ligeros que sus contrapartes tradicionales, al mismo tiempo que utilizan menos energ\u00eda y protegen el medio ambiente. Transductores personalizados. Los potentes amplificadores combinados con la tecnolog\u00eda m\u00e1s avanzada suenan impresionantes, pero \u00bfqu\u00e9 hay del sistema que realmente escuchas? Nuestros transductores LF (baja frecuencia) y HF (alta frecuencia) est\u00e1n dise\u00f1ados espec\u00edficamente para cada aplicaci\u00f3n, es lo que nos diferencia de la competencia. Cuando compras un sistema CD500D puedes estar seguro de que los transductores en su interior han sido dise\u00f1ados para funcionar sin problemas con cualquier otro elemento para obtener resultados verdaderamente profesionales. Como resultado, el CD500D proporciona una respuesta de frecuencia plana de 60 Hz a 20 kHz, con graves ajustados y precisos, medios detallados de forma articulada y cristalinos agudos.<\/div>\n<div>\n<h4>Quick look<\/h4>\n<\/div>\n<ul style=\"margin: 0px 0px 0px 25px\">\n<li style=\"list-style-type: circle;margin: 5px\">Amplifier.<\/li>\n<li style=\"list-style-type: circle;margin: 5px\">Audio inputs.<\/li>\n<li style=\"list-style-type: circle;margin: 5px\">Salida Link.<\/li>\n<li style=\"list-style-type: circle;margin: 5px\">Control de nivel.<\/li>\n<li style=\"list-style-type: circle;margin: 5px\">Datos de sistema de altavoces.<\/li>\n<li style=\"list-style-type: circle;margin: 5px\">Power supply.<\/li>\n<li style=\"list-style-type: circle;margin: 5px\">Dimensions.<\/li>\n<li style=\"list-style-type: circle;margin: 5px\">Weight.<\/li>\n<\/ul>\n<div>\n<div style=\"font-weight: bold\">Amplifier.<\/div>\n<div>\n<p>Potencia de salida m\u00e1xima: 100 W. Tipo: Clase D. Protecci\u00f3n de sobrecarga: limitador integrado.<\/p>\n<\/div>\n<div style=\"font-weight: bold\">Audio inputs.<\/div>\n<div>\n<p>Entrada Mic\/Line: XLR, balanceado. Sensibilidad: -50 dBu a 0 dBu. Impedancia: 20 kilo-ohms balanceado, 15 kilo-ohms desbalanceado. Entrada Aux: TRS 1\/8&#8243; est\u00e9reo. Sensibilidad: -35 dBu a 15 dBu. Impedancia: 20 kilo-ohms desbalanceado.<\/p>\n<\/div>\n<div style=\"font-weight: bold\">Salida Link.<\/div>\n<div>\n<p>Conector: XLR balanceado. Impedancia: 20 kilo-ohms balanceado, 15 kilo-ohms desbalanceado. Nivel de salida m\u00e1ximo: 26 dBu.<\/p>\n<\/div>\n<div style=\"font-weight: bold\">Control de nivel.<\/div>\n<div>\n<p>Trim de entrada: -8 a -50 dB. Nivel de entrada m\u00e1ximo: +16 dBu.<\/p>\n<\/div>\n<div style=\"font-weight: bold\">Datos de sistema de altavoces.<\/div>\n<div>\n<p>Tipo: Woofer de 5.5&#8243; (132 mm) y tweeter de 0.5&#8243; (13 mm). Rango de frecuencia (-10 dB): 60 Hz a 20 kHz.<\/p>\n<\/div>\n<div style=\"font-weight: bold\">Power supply.<\/div>\n<div>\n<p>Fuente de alimentaci\u00f3n conmutada: 100-240 V, ~50\/60 Hz. Consumo de energ\u00eda a 1\/8 de potencia m\u00e1xima: 30 W. Conexi\u00f3n de energ\u00eda: Recept\u00e1culo IEC est\u00e1ndar.<\/p>\n<\/div>\n<div style=\"font-weight: bold\">Dimensions.<\/div>\n<div>\n<p>320 x 196 x 195 mm.<\/p>\n<\/div>\n<div style=\"font-weight: bold\">Weight.<\/div>\n<div>\n<p>4 kg.<\/p>\n<\/div>\n<\/div>\n<\/div>","protected":false},"excerpt":{"rendered":"<p>Altavoz activo de 100W de alto rendimiento para instalaci\u00f3n, ideal para restaurantes, tiendas, exposiciones, multimedia, grabaci\u00f3n casera y producci\u00f3n AV, calidad de sonido excepcional, amplio rango din\u00e1mico y rango de frecuencia ultra lineal, revolucionaria tecnolog\u00eda de amplificador Clase D, enorme potencia y rendimiento sonoro, potente woofer de 5.5\u201d con cono de celulosa extremadamente ligero y tweeter de 1\/2\u201d de alta resoluci\u00f3n, entrada de Mic\/Line de ruido ultra bajo con control de volumen y LED de pico, conector de salida adicional para conectar sistemas de altavoces adicionales, limitador integrado para m\u00e1ximo control del sistema y protecci\u00f3n de los altavoces, incluye soporte de montaje en pared ultra flexible y resistente, fuente de alimentaci\u00f3n de conmutaci\u00f3n interna (100-240V) para audio sin ruido y bajo consumo de energ\u00eda, dimensiones: 320 x 196 x 195 mm, peso: 4 kg.&hellip; <a class=\"kt-excerpt-readmore more-link\" href=\"https:\/\/www.mexicanguitarplayers.com\/en\/tienda\/audio\/bafles-y-bocinas\/bafles\/instalacion\/bafle-behringer-instalacion-ce500d\/\">Read more<\/a><\/p>","protected":false},"featured_media":33912,"comment_status":"open","ping_status":"closed","template":"","meta":{"kt_blocks_editor_width":""},"pwb-brand":[171],"product_brand":[],"product_cat":[213,222,221,243],"product_tag":[],"class_list":{"0":"post-33918","1":"product","2":"type-product","3":"status-publish","4":"has-post-thumbnail","6":"pwb-brand-behringer","7":"product_cat-audio","8":"product_cat-bafles","9":"product_cat-bafles-y-bocinas","10":"product_cat-instalacion","11":"product_shipping_class-0-5-kg","13":"first","14":"instock","15":"taxable","16":"shipping-taxable","17":"purchasable","18":"product-type-simple"},"yoast_head":"<!-- This site is optimized with the Yoast SEO plugin v27.5 - https:\/\/yoast.com\/product\/yoast-seo-wordpress\/ -->\n<title>BAFLE BEHRINGER INSTALACION  CE500D - Mexican Guitar Players<\/title>\n<meta name=\"description\" content=\"Altavoz activo de 100W de alto rendimiento para instalaci\u00f3n, ideal para restaurantes, tiendas, exposiciones, multimedia, grabaci\u00f3n casera y producci\u00f3n AV, calidad de sonido excepcional, amplio rango din\u00e1mico y rango de frecuencia ultra lineal, revolucionaria tecnolog\u00eda de amplificador Clase D, enorme potencia y rendimiento sonoro, potente woofer de 5.5\u201d con cono de celulosa extremadamente ligero y tweeter de 1\/2\u201d de alta resoluci\u00f3n, entrada de Mic\/Line de ruido ultra bajo con control de volumen y LED de pico, conector de salida adicional para conectar sistemas de altavoces adicionales, limitador integrado para m\u00e1ximo control del sistema y protecci\u00f3n de los altavoces, incluye soporte de montaje en pared ultra flexible y resistente, fuente de alimentaci\u00f3n de conmutaci\u00f3n interna (100-240V) para audio sin ruido y bajo consumo de energ\u00eda, dimensiones: 320 x 196 x 195 mm, peso: 4 kg.\" \/>\n<meta name=\"robots\" content=\"index, follow, max-snippet:-1, max-image-preview:large, max-video-preview:-1\" \/>\n<link rel=\"canonical\" href=\"https:\/\/www.mexicanguitarplayers.com\/en\/tienda\/sin%20categor\u00eda\/bafle-behringer-instalacion-ce500d\/\" \/>\n<meta property=\"og:locale\" content=\"en_US\" \/>\n<meta property=\"og:type\" content=\"article\" \/>\n<meta property=\"og:title\" content=\"BAFLE BEHRINGER INSTALACION  CE500D - Mexican Guitar Players\" \/>\n<meta property=\"og:description\" content=\"Altavoz activo de 100W de alto rendimiento para instalaci\u00f3n, ideal para restaurantes, tiendas, exposiciones, multimedia, grabaci\u00f3n casera y producci\u00f3n AV, calidad de sonido excepcional, amplio rango din\u00e1mico y rango de frecuencia ultra lineal, revolucionaria tecnolog\u00eda de amplificador Clase D, enorme potencia y rendimiento sonoro, potente woofer de 5.5\u201d con cono de celulosa extremadamente ligero y tweeter de 1\/2\u201d de alta resoluci\u00f3n, entrada de Mic\/Line de ruido ultra bajo con control de volumen y LED de pico, conector de salida adicional para conectar sistemas de altavoces adicionales, limitador integrado para m\u00e1ximo control del sistema y protecci\u00f3n de los altavoces, incluye soporte de montaje en pared ultra flexible y resistente, fuente de alimentaci\u00f3n de conmutaci\u00f3n interna (100-240V) para audio sin ruido y bajo consumo de energ\u00eda, dimensiones: 320 x 196 x 195 mm, peso: 4 kg.\" \/>\n<meta property=\"og:url\" content=\"https:\/\/www.mexicanguitarplayers.com\/en\/tienda\/sin categor\u00eda\/bafle-behringer-instalacion-ce500d\/\" \/>\n<meta property=\"og:site_name\" content=\"Mexican Guitar Players\" \/>\n<meta property=\"article:modified_time\" content=\"2026-05-01T13:22:29+00:00\" \/>\n<meta name=\"twitter:card\" content=\"summary_large_image\" \/>\n<meta name=\"twitter:label1\" content=\"Est. reading time\" \/>\n\t<meta name=\"twitter:data1\" content=\"2 minutes\" \/>\n<script type=\"application\/ld+json\" class=\"yoast-schema-graph\">{\"@context\":\"https:\\\/\\\/schema.org\",\"@graph\":[{\"@type\":[\"WebPage\",\"ItemPage\"],\"@id\":\"https:\\\/\\\/www.mexicanguitarplayers.com\\\/tienda\\\/sin categor\u00eda\\\/bafle-behringer-instalacion-ce500d\\\/\",\"url\":\"https:\\\/\\\/www.mexicanguitarplayers.com\\\/tienda\\\/sin categor\u00eda\\\/bafle-behringer-instalacion-ce500d\\\/\",\"name\":\"BAFLE BEHRINGER INSTALACION CE500D - Mexican Guitar Players\",\"isPartOf\":{\"@id\":\"https:\\\/\\\/www.mexicanguitarplayers.com\\\/#website\"},\"primaryImageOfPage\":{\"@id\":\"https:\\\/\\\/www.mexicanguitarplayers.com\\\/tienda\\\/sin categor\u00eda\\\/bafle-behringer-instalacion-ce500d\\\/#primaryimage\"},\"image\":{\"@id\":\"https:\\\/\\\/www.mexicanguitarplayers.com\\\/tienda\\\/sin categor\u00eda\\\/bafle-behringer-instalacion-ce500d\\\/#primaryimage\"},\"thumbnailUrl\":\"https:\\\/\\\/www.mexicanguitarplayers.com\\\/wp-content\\\/uploads\\\/2025\\\/04\\\/IABEHCE500D.jpg\",\"datePublished\":\"2025-04-09T03:31:49+00:00\",\"dateModified\":\"2026-05-01T13:22:29+00:00\",\"description\":\"Altavoz activo de 100W de alto rendimiento para instalaci\u00f3n, ideal para restaurantes, tiendas, exposiciones, multimedia, grabaci\u00f3n casera y producci\u00f3n AV, calidad de sonido excepcional, amplio rango din\u00e1mico y rango de frecuencia ultra lineal, revolucionaria tecnolog\u00eda de amplificador Clase D, enorme potencia y rendimiento sonoro, potente woofer de 5.5\u201d con cono de celulosa extremadamente ligero y tweeter de 1\\\/2\u201d de alta resoluci\u00f3n, entrada de Mic\\\/Line de ruido ultra bajo con control de volumen y LED de pico, conector de salida adicional para conectar sistemas de altavoces adicionales, limitador integrado para m\u00e1ximo control del sistema y protecci\u00f3n de los altavoces, incluye soporte de montaje en pared ultra flexible y resistente, fuente de alimentaci\u00f3n de conmutaci\u00f3n interna (100-240V) para audio sin ruido y bajo consumo de energ\u00eda, dimensiones: 320 x 196 x 195 mm, peso: 4 kg.\",\"breadcrumb\":{\"@id\":\"https:\\\/\\\/www.mexicanguitarplayers.com\\\/tienda\\\/sin categor\u00eda\\\/bafle-behringer-instalacion-ce500d\\\/#breadcrumb\"},\"inLanguage\":\"en-US\",\"potentialAction\":[{\"@type\":\"ReadAction\",\"target\":[\"https:\\\/\\\/www.mexicanguitarplayers.com\\\/tienda\\\/sin categor\u00eda\\\/bafle-behringer-instalacion-ce500d\\\/\"]}]},{\"@type\":\"ImageObject\",\"inLanguage\":\"en-US\",\"@id\":\"https:\\\/\\\/www.mexicanguitarplayers.com\\\/tienda\\\/sin categor\u00eda\\\/bafle-behringer-instalacion-ce500d\\\/#primaryimage\",\"url\":\"https:\\\/\\\/www.mexicanguitarplayers.com\\\/wp-content\\\/uploads\\\/2025\\\/04\\\/IABEHCE500D.jpg\",\"contentUrl\":\"https:\\\/\\\/www.mexicanguitarplayers.com\\\/wp-content\\\/uploads\\\/2025\\\/04\\\/IABEHCE500D.jpg\",\"width\":1200,\"height\":1200},{\"@type\":\"BreadcrumbList\",\"@id\":\"https:\\\/\\\/www.mexicanguitarplayers.com\\\/tienda\\\/sin categor\u00eda\\\/bafle-behringer-instalacion-ce500d\\\/#breadcrumb\",\"itemListElement\":[{\"@type\":\"ListItem\",\"position\":1,\"name\":\"Portada\",\"item\":\"https:\\\/\\\/www.mexicanguitarplayers.com\\\/\"},{\"@type\":\"ListItem\",\"position\":2,\"name\":\"Tienda\",\"item\":\"https:\\\/\\\/www.mexicanguitarplayers.com\\\/tienda\\\/\"},{\"@type\":\"ListItem\",\"position\":3,\"name\":\"BAFLE BEHRINGER INSTALACION CE500D\"}]},{\"@type\":\"WebSite\",\"@id\":\"https:\\\/\\\/www.mexicanguitarplayers.com\\\/#website\",\"url\":\"https:\\\/\\\/www.mexicanguitarplayers.com\\\/\",\"name\":\"Mexican Guitar Players\",\"description\":\"Website\",\"publisher\":{\"@id\":\"https:\\\/\\\/www.mexicanguitarplayers.com\\\/#organization\"},\"potentialAction\":[{\"@type\":\"SearchAction\",\"target\":{\"@type\":\"EntryPoint\",\"urlTemplate\":\"https:\\\/\\\/www.mexicanguitarplayers.com\\\/?s={search_term_string}\"},\"query-input\":{\"@type\":\"PropertyValueSpecification\",\"valueRequired\":true,\"valueName\":\"search_term_string\"}}],\"inLanguage\":\"en-US\"},{\"@type\":\"Organization\",\"@id\":\"https:\\\/\\\/www.mexicanguitarplayers.com\\\/#organization\",\"name\":\"Mexican Guitar Players\",\"url\":\"https:\\\/\\\/www.mexicanguitarplayers.com\\\/\",\"logo\":{\"@type\":\"ImageObject\",\"inLanguage\":\"en-US\",\"@id\":\"https:\\\/\\\/www.mexicanguitarplayers.com\\\/#\\\/schema\\\/logo\\\/image\\\/\",\"url\":\"\",\"contentUrl\":\"\",\"caption\":\"Mexican Guitar Players\"},\"image\":{\"@id\":\"https:\\\/\\\/www.mexicanguitarplayers.com\\\/#\\\/schema\\\/logo\\\/image\\\/\"}}]}<\/script>\n<!-- \/ Yoast SEO plugin. -->","yoast_head_json":{"title":"BAFLE BEHRINGER INSTALACION  CE500D - Mexican Guitar Players","description":"Altavoz activo de 100W de alto rendimiento para instalaci\u00f3n, ideal para restaurantes, tiendas, exposiciones, multimedia, grabaci\u00f3n casera y producci\u00f3n AV, calidad de sonido excepcional, amplio rango din\u00e1mico y rango de frecuencia ultra lineal, revolucionaria tecnolog\u00eda de amplificador Clase D, enorme potencia y rendimiento sonoro, potente woofer de 5.5\u201d con cono de celulosa extremadamente ligero y tweeter de 1\/2\u201d de alta resoluci\u00f3n, entrada de Mic\/Line de ruido ultra bajo con control de volumen y LED de pico, conector de salida adicional para conectar sistemas de altavoces adicionales, limitador integrado para m\u00e1ximo control del sistema y protecci\u00f3n de los altavoces, incluye soporte de montaje en pared ultra flexible y resistente, fuente de alimentaci\u00f3n de conmutaci\u00f3n interna (100-240V) para audio sin ruido y bajo consumo de energ\u00eda, dimensiones: 320 x 196 x 195 mm, peso: 4 kg.","robots":{"index":"index","follow":"follow","max-snippet":"max-snippet:-1","max-image-preview":"max-image-preview:large","max-video-preview":"max-video-preview:-1"},"canonical":"https:\/\/www.mexicanguitarplayers.com\/en\/tienda\/sin categor\u00eda\/bafle-behringer-instalacion-ce500d\/","og_locale":"en_US","og_type":"article","og_title":"BAFLE BEHRINGER INSTALACION  CE500D - Mexican Guitar Players","og_description":"Altavoz activo de 100W de alto rendimiento para instalaci\u00f3n, ideal para restaurantes, tiendas, exposiciones, multimedia, grabaci\u00f3n casera y producci\u00f3n AV, calidad de sonido excepcional, amplio rango din\u00e1mico y rango de frecuencia ultra lineal, revolucionaria tecnolog\u00eda de amplificador Clase D, enorme potencia y rendimiento sonoro, potente woofer de 5.5\u201d con cono de celulosa extremadamente ligero y tweeter de 1\/2\u201d de alta resoluci\u00f3n, entrada de Mic\/Line de ruido ultra bajo con control de volumen y LED de pico, conector de salida adicional para conectar sistemas de altavoces adicionales, limitador integrado para m\u00e1ximo control del sistema y protecci\u00f3n de los altavoces, incluye soporte de montaje en pared ultra flexible y resistente, fuente de alimentaci\u00f3n de conmutaci\u00f3n interna (100-240V) para audio sin ruido y bajo consumo de energ\u00eda, dimensiones: 320 x 196 x 195 mm, peso: 4 kg.","og_url":"https:\/\/www.mexicanguitarplayers.com\/en\/tienda\/sin categor\u00eda\/bafle-behringer-instalacion-ce500d\/","og_site_name":"Mexican Guitar Players","article_modified_time":"2026-05-01T13:22:29+00:00","twitter_card":"summary_large_image","twitter_misc":{"Est. reading time":"2 minutes"},"schema":{"@context":"https:\/\/schema.org","@graph":[{"@type":["WebPage","ItemPage"],"@id":"https:\/\/www.mexicanguitarplayers.com\/tienda\/sin categor\u00eda\/bafle-behringer-instalacion-ce500d\/","url":"https:\/\/www.mexicanguitarplayers.com\/tienda\/sin categor\u00eda\/bafle-behringer-instalacion-ce500d\/","name":"BAFLE BEHRINGER INSTALACION CE500D - Mexican Guitar Players","isPartOf":{"@id":"https:\/\/www.mexicanguitarplayers.com\/#website"},"primaryImageOfPage":{"@id":"https:\/\/www.mexicanguitarplayers.com\/tienda\/sin categor\u00eda\/bafle-behringer-instalacion-ce500d\/#primaryimage"},"image":{"@id":"https:\/\/www.mexicanguitarplayers.com\/tienda\/sin categor\u00eda\/bafle-behringer-instalacion-ce500d\/#primaryimage"},"thumbnailUrl":"https:\/\/www.mexicanguitarplayers.com\/wp-content\/uploads\/2025\/04\/IABEHCE500D.jpg","datePublished":"2025-04-09T03:31:49+00:00","dateModified":"2026-05-01T13:22:29+00:00","description":"Altavoz activo de 100W de alto rendimiento para instalaci\u00f3n, ideal para restaurantes, tiendas, exposiciones, multimedia, grabaci\u00f3n casera y producci\u00f3n AV, calidad de sonido excepcional, amplio rango din\u00e1mico y rango de frecuencia ultra lineal, revolucionaria tecnolog\u00eda de amplificador Clase D, enorme potencia y rendimiento sonoro, potente woofer de 5.5\u201d con cono de celulosa extremadamente ligero y tweeter de 1\/2\u201d de alta resoluci\u00f3n, entrada de Mic\/Line de ruido ultra bajo con control de volumen y LED de pico, conector de salida adicional para conectar sistemas de altavoces adicionales, limitador integrado para m\u00e1ximo control del sistema y protecci\u00f3n de los altavoces, incluye soporte de montaje en pared ultra flexible y resistente, fuente de alimentaci\u00f3n de conmutaci\u00f3n interna (100-240V) para audio sin ruido y bajo consumo de energ\u00eda, dimensiones: 320 x 196 x 195 mm, peso: 4 kg.","breadcrumb":{"@id":"https:\/\/www.mexicanguitarplayers.com\/tienda\/sin categor\u00eda\/bafle-behringer-instalacion-ce500d\/#breadcrumb"},"inLanguage":"en-US","potentialAction":[{"@type":"ReadAction","target":["https:\/\/www.mexicanguitarplayers.com\/tienda\/sin categor\u00eda\/bafle-behringer-instalacion-ce500d\/"]}]},{"@type":"ImageObject","inLanguage":"en-US","@id":"https:\/\/www.mexicanguitarplayers.com\/tienda\/sin categor\u00eda\/bafle-behringer-instalacion-ce500d\/#primaryimage","url":"https:\/\/www.mexicanguitarplayers.com\/wp-content\/uploads\/2025\/04\/IABEHCE500D.jpg","contentUrl":"https:\/\/www.mexicanguitarplayers.com\/wp-content\/uploads\/2025\/04\/IABEHCE500D.jpg","width":1200,"height":1200},{"@type":"BreadcrumbList","@id":"https:\/\/www.mexicanguitarplayers.com\/tienda\/sin categor\u00eda\/bafle-behringer-instalacion-ce500d\/#breadcrumb","itemListElement":[{"@type":"ListItem","position":1,"name":"Portada","item":"https:\/\/www.mexicanguitarplayers.com\/"},{"@type":"ListItem","position":2,"name":"Tienda","item":"https:\/\/www.mexicanguitarplayers.com\/tienda\/"},{"@type":"ListItem","position":3,"name":"BAFLE BEHRINGER INSTALACION CE500D"}]},{"@type":"WebSite","@id":"https:\/\/www.mexicanguitarplayers.com\/#website","url":"https:\/\/www.mexicanguitarplayers.com\/","name":"Mexican Guitar Players","description":"Website","publisher":{"@id":"https:\/\/www.mexicanguitarplayers.com\/#organization"},"potentialAction":[{"@type":"SearchAction","target":{"@type":"EntryPoint","urlTemplate":"https:\/\/www.mexicanguitarplayers.com\/?s={search_term_string}"},"query-input":{"@type":"PropertyValueSpecification","valueRequired":true,"valueName":"search_term_string"}}],"inLanguage":"en-US"},{"@type":"Organization","@id":"https:\/\/www.mexicanguitarplayers.com\/#organization","name":"Mexican Guitar Players","url":"https:\/\/www.mexicanguitarplayers.com\/","logo":{"@type":"ImageObject","inLanguage":"en-US","@id":"https:\/\/www.mexicanguitarplayers.com\/#\/schema\/logo\/image\/","url":"","contentUrl":"","caption":"Mexican Guitar Players"},"image":{"@id":"https:\/\/www.mexicanguitarplayers.com\/#\/schema\/logo\/image\/"}}]}},"brands":[{"id":171,"name":"BEHRINGER","slug":"behringer"}],"_links":{"self":[{"href":"https:\/\/www.mexicanguitarplayers.com\/en\/wp-json\/wp\/v2\/product\/33918","targetHints":{"allow":["GET"]}}],"collection":[{"href":"https:\/\/www.mexicanguitarplayers.com\/en\/wp-json\/wp\/v2\/product"}],"about":[{"href":"https:\/\/www.mexicanguitarplayers.com\/en\/wp-json\/wp\/v2\/types\/product"}],"replies":[{"embeddable":true,"href":"https:\/\/www.mexicanguitarplayers.com\/en\/wp-json\/wp\/v2\/comments?post=33918"}],"wp:featuredmedia":[{"embeddable":true,"href":"https:\/\/www.mexicanguitarplayers.com\/en\/wp-json\/wp\/v2\/media\/33912"}],"wp:attachment":[{"href":"https:\/\/www.mexicanguitarplayers.com\/en\/wp-json\/wp\/v2\/media?parent=33918"}],"wp:term":[{"taxonomy":"pwb-brand","embeddable":true,"href":"https:\/\/www.mexicanguitarplayers.com\/en\/wp-json\/wp\/v2\/pwb-brand?post=33918"},{"taxonomy":"product_brand","embeddable":true,"href":"https:\/\/www.mexicanguitarplayers.com\/en\/wp-json\/wp\/v2\/product_brand?post=33918"},{"taxonomy":"product_cat","embeddable":true,"href":"https:\/\/www.mexicanguitarplayers.com\/en\/wp-json\/wp\/v2\/product_cat?post=33918"},{"taxonomy":"product_tag","embeddable":true,"href":"https:\/\/www.mexicanguitarplayers.com\/en\/wp-json\/wp\/v2\/product_tag?post=33918"}],"curies":[{"name":"wp","href":"https:\/\/api.w.org\/{rel}","templated":true}]}}