{"id":33930,"date":"2025-04-08T21:32:06","date_gmt":"2025-04-09T03:32:06","guid":{"rendered":"https:\/\/www.mexicanguitarplayers.com\/tienda\/sin categor\u00eda\/pedal-behringer-uc200-ultra-chorus\/"},"modified":"2026-04-17T10:15:05","modified_gmt":"2026-04-17T16:15:05","slug":"pedal-behringer-uc200-ultra-chorus","status":"publish","type":"product","link":"https:\/\/www.mexicanguitarplayers.com\/en\/tienda\/cuerdas\/efectos\/efectos-individuales\/pedal-behringer-uc200-ultra-chorus\/","title":{"rendered":"PEDAL BEHRINGER UC200 ULTRA CHORUS"},"content":{"rendered":"<div style=\"text-align: justify\">\n<div>\n<h3>The ideal stereo chorus.<\/h3>\n<\/div>\n<div>El ULTRA CHORUS UC200 de Behringer es un pedal chorus que realza el sonido de tu guitarra d\u00e1ndote un sonido s\u00faper grueso y a\u00f1ade un efecto est\u00e9reo incre\u00edblemente rico. Se proporcionan controles dedicados Depth, Rate y Level para una formaci\u00f3n formidable del sonido. Cultura chorus. Cuando tu m\u00fasica requiere algo m\u00e1s en el reino de lo extraordinario, conecta tu pedal ULTRA CHORUS UC200 y comp\u00f3n tu propia oda.Este pedal chorus es excelente para engordar una mezcla, creando la ilusi\u00f3n de que hay m\u00e1s guitarristas aparte de ti en el escenario. El brillante LED de estado te dice cu\u00e1ndo se encuentra activado el efecto y su interruptor On\/Off de calidad superior, mantiene una incre\u00edble integridad de la se\u00f1al en el modo bypass. Puedes alimentar este peque\u00f1o pedal con una pila de 9V o con un adaptador de corriente PSU-SB DC de Behringer (no incluido).<\/div>\n<div>\n<h4>Quick look<\/h4>\n<\/div>\n<ul style=\"margin: 0px 0px 0px 25px\">\n<li style=\"list-style-type: circle;margin: 5px\">Entrance.<\/li>\n<li style=\"list-style-type: circle;margin: 5px\">Salida A.<\/li>\n<li style=\"list-style-type: circle;margin: 5px\">Salida B.<\/li>\n<li style=\"list-style-type: circle;margin: 5px\">Power supply.<\/li>\n<li style=\"list-style-type: circle;margin: 5px\">Dimensions.<\/li>\n<li style=\"list-style-type: circle;margin: 5px\">Weight.<\/li>\n<\/ul>\n<div>\n<div style=\"font-weight: bold\">Entrance.<\/div>\n<div>\n<p>Conector: Jack mono de 6.3 mm.Impedancia: 500 kohms.<\/p>\n<\/div>\n<div style=\"font-weight: bold\">Salida A.<\/div>\n<div>\n<p>Conector: Jack mono de 6.3 mm.Impedancia: 1 kohm.<\/p>\n<\/div>\n<div style=\"font-weight: bold\">Salida B.<\/div>\n<div>\n<p>Conector: Jack mono de 6.3 mm.Impedancia: 1 kohm.<\/p>\n<\/div>\n<div style=\"font-weight: bold\">Power supply.<\/div>\n<div>\n<p>9V~, 100 mA regulada.120V, 60 Hz.Conector de alimentaci\u00f3n: Jack DC de 2 mm, centro negativo.Consumo de corriente: 30 mA.<\/p>\n<\/div>\n<div style=\"font-weight: bold\">Dimensions.<\/div>\n<div>\n<p>54 x 70 x 123 mm.<\/p>\n<\/div>\n<div style=\"font-weight: bold\">Weight.<\/div>\n<div>\n<p>0.33 kg.<\/p>\n<\/div>\n<\/div>\n<\/div>","protected":false},"excerpt":{"rendered":"<p>Pedal chorus para guitarra, obt\u00e9n un sonido chorus s\u00faper grueso con un incre\u00edbleefecto est\u00e9reo, controles dedicados para Level, Tone, Rate y Depth para una formaci\u00f3n formidable del sonido, LED de estado para activar y desactivar el efectoy para checar la bater\u00eda, funciona con una pila de 9V o con un adaptador de corriente PSU-SB DC de Behringer (no incluido), interruptor electr\u00f3nico On\/Off de primera clase para una mayor integridad de la se\u00f1al en modo bypass, dimensiones: 54 x 70 x 123 mm, peso: 0.33 kg.&hellip; <a class=\"kt-excerpt-readmore more-link\" href=\"https:\/\/www.mexicanguitarplayers.com\/en\/tienda\/cuerdas\/efectos\/efectos-individuales\/pedal-behringer-uc200-ultra-chorus\/\">Read more<\/a><\/p>","protected":false},"featured_media":33927,"comment_status":"open","ping_status":"closed","template":"","meta":{"kt_blocks_editor_width":""},"pwb-brand":[171],"product_brand":[],"product_cat":[224,241,504],"product_tag":[],"class_list":{"0":"post-33930","1":"product","2":"type-product","3":"status-publish","4":"has-post-thumbnail","6":"pwb-brand-behringer","7":"product_cat-cuerdas","8":"product_cat-efectos","9":"product_cat-efectos-individuales","10":"product_shipping_class-0-5-kg","12":"first","13":"outofstock","14":"taxable","15":"shipping-taxable","16":"purchasable","17":"product-type-simple"},"yoast_head":"<!-- This site is optimized with the Yoast SEO plugin v27.5 - https:\/\/yoast.com\/product\/yoast-seo-wordpress\/ -->\n<title>PEDAL BEHRINGER UC200 ULTRA CHORUS - Mexican Guitar Players<\/title>\n<meta name=\"description\" content=\"Pedal chorus para guitarra, obt\u00e9n un sonido chorus s\u00faper grueso con un incre\u00edbleefecto est\u00e9reo, controles dedicados para Level, Tone, Rate y Depth para una formaci\u00f3n formidable del sonido, LED de estado para activar y desactivar el efectoy para checar la bater\u00eda, funciona con una pila de 9V o con un adaptador de corriente PSU-SB DC de Behringer (no incluido), interruptor electr\u00f3nico On\/Off de primera clase para una mayor integridad de la se\u00f1al en modo bypass, dimensiones: 54 x 70 x 123 mm, peso: 0.33 kg.\" \/>\n<meta name=\"robots\" content=\"index, follow, max-snippet:-1, max-image-preview:large, max-video-preview:-1\" \/>\n<link rel=\"canonical\" href=\"https:\/\/www.mexicanguitarplayers.com\/en\/tienda\/sin%20categor\u00eda\/pedal-behringer-uc200-ultra-chorus\/\" \/>\n<meta property=\"og:locale\" content=\"en_US\" \/>\n<meta property=\"og:type\" content=\"article\" \/>\n<meta property=\"og:title\" content=\"PEDAL BEHRINGER UC200 ULTRA CHORUS - Mexican Guitar Players\" \/>\n<meta property=\"og:description\" content=\"Pedal chorus para guitarra, obt\u00e9n un sonido chorus s\u00faper grueso con un incre\u00edbleefecto est\u00e9reo, controles dedicados para Level, Tone, Rate y Depth para una formaci\u00f3n formidable del sonido, LED de estado para activar y desactivar el efectoy para checar la bater\u00eda, funciona con una pila de 9V o con un adaptador de corriente PSU-SB DC de Behringer (no incluido), interruptor electr\u00f3nico On\/Off de primera clase para una mayor integridad de la se\u00f1al en modo bypass, dimensiones: 54 x 70 x 123 mm, peso: 0.33 kg.\" \/>\n<meta property=\"og:url\" content=\"https:\/\/www.mexicanguitarplayers.com\/en\/tienda\/sin categor\u00eda\/pedal-behringer-uc200-ultra-chorus\/\" \/>\n<meta property=\"og:site_name\" content=\"Mexican Guitar Players\" \/>\n<meta property=\"article:modified_time\" content=\"2026-04-17T16:15:05+00:00\" \/>\n<meta name=\"twitter:card\" content=\"summary_large_image\" \/>\n<meta name=\"twitter:label1\" content=\"Est. reading time\" \/>\n\t<meta name=\"twitter:data1\" content=\"1 minute\" \/>\n<script type=\"application\/ld+json\" class=\"yoast-schema-graph\">{\"@context\":\"https:\\\/\\\/schema.org\",\"@graph\":[{\"@type\":[\"WebPage\",\"ItemPage\"],\"@id\":\"https:\\\/\\\/www.mexicanguitarplayers.com\\\/tienda\\\/sin categor\u00eda\\\/pedal-behringer-uc200-ultra-chorus\\\/\",\"url\":\"https:\\\/\\\/www.mexicanguitarplayers.com\\\/tienda\\\/sin categor\u00eda\\\/pedal-behringer-uc200-ultra-chorus\\\/\",\"name\":\"PEDAL BEHRINGER UC200 ULTRA CHORUS - Mexican Guitar Players\",\"isPartOf\":{\"@id\":\"https:\\\/\\\/www.mexicanguitarplayers.com\\\/#website\"},\"primaryImageOfPage\":{\"@id\":\"https:\\\/\\\/www.mexicanguitarplayers.com\\\/tienda\\\/sin categor\u00eda\\\/pedal-behringer-uc200-ultra-chorus\\\/#primaryimage\"},\"image\":{\"@id\":\"https:\\\/\\\/www.mexicanguitarplayers.com\\\/tienda\\\/sin categor\u00eda\\\/pedal-behringer-uc200-ultra-chorus\\\/#primaryimage\"},\"thumbnailUrl\":\"https:\\\/\\\/www.mexicanguitarplayers.com\\\/wp-content\\\/uploads\\\/2025\\\/04\\\/VABEHUC200.jpg\",\"datePublished\":\"2025-04-09T03:32:06+00:00\",\"dateModified\":\"2026-04-17T16:15:05+00:00\",\"description\":\"Pedal chorus para guitarra, obt\u00e9n un sonido chorus s\u00faper grueso con un incre\u00edbleefecto est\u00e9reo, controles dedicados para Level, Tone, Rate y Depth para una formaci\u00f3n formidable del sonido, LED de estado para activar y desactivar el efectoy para checar la bater\u00eda, funciona con una pila de 9V o con un adaptador de corriente PSU-SB DC de Behringer (no incluido), interruptor electr\u00f3nico On\\\/Off de primera clase para una mayor integridad de la se\u00f1al en modo bypass, dimensiones: 54 x 70 x 123 mm, peso: 0.33 kg.\",\"breadcrumb\":{\"@id\":\"https:\\\/\\\/www.mexicanguitarplayers.com\\\/tienda\\\/sin categor\u00eda\\\/pedal-behringer-uc200-ultra-chorus\\\/#breadcrumb\"},\"inLanguage\":\"en-US\",\"potentialAction\":[{\"@type\":\"ReadAction\",\"target\":[\"https:\\\/\\\/www.mexicanguitarplayers.com\\\/tienda\\\/sin categor\u00eda\\\/pedal-behringer-uc200-ultra-chorus\\\/\"]}]},{\"@type\":\"ImageObject\",\"inLanguage\":\"en-US\",\"@id\":\"https:\\\/\\\/www.mexicanguitarplayers.com\\\/tienda\\\/sin categor\u00eda\\\/pedal-behringer-uc200-ultra-chorus\\\/#primaryimage\",\"url\":\"https:\\\/\\\/www.mexicanguitarplayers.com\\\/wp-content\\\/uploads\\\/2025\\\/04\\\/VABEHUC200.jpg\",\"contentUrl\":\"https:\\\/\\\/www.mexicanguitarplayers.com\\\/wp-content\\\/uploads\\\/2025\\\/04\\\/VABEHUC200.jpg\",\"width\":1200,\"height\":1200},{\"@type\":\"BreadcrumbList\",\"@id\":\"https:\\\/\\\/www.mexicanguitarplayers.com\\\/tienda\\\/sin categor\u00eda\\\/pedal-behringer-uc200-ultra-chorus\\\/#breadcrumb\",\"itemListElement\":[{\"@type\":\"ListItem\",\"position\":1,\"name\":\"Portada\",\"item\":\"https:\\\/\\\/www.mexicanguitarplayers.com\\\/\"},{\"@type\":\"ListItem\",\"position\":2,\"name\":\"Tienda\",\"item\":\"https:\\\/\\\/www.mexicanguitarplayers.com\\\/tienda\\\/\"},{\"@type\":\"ListItem\",\"position\":3,\"name\":\"PEDAL BEHRINGER UC200 ULTRA CHORUS\"}]},{\"@type\":\"WebSite\",\"@id\":\"https:\\\/\\\/www.mexicanguitarplayers.com\\\/#website\",\"url\":\"https:\\\/\\\/www.mexicanguitarplayers.com\\\/\",\"name\":\"Mexican Guitar Players\",\"description\":\"Website\",\"publisher\":{\"@id\":\"https:\\\/\\\/www.mexicanguitarplayers.com\\\/#organization\"},\"potentialAction\":[{\"@type\":\"SearchAction\",\"target\":{\"@type\":\"EntryPoint\",\"urlTemplate\":\"https:\\\/\\\/www.mexicanguitarplayers.com\\\/?s={search_term_string}\"},\"query-input\":{\"@type\":\"PropertyValueSpecification\",\"valueRequired\":true,\"valueName\":\"search_term_string\"}}],\"inLanguage\":\"en-US\"},{\"@type\":\"Organization\",\"@id\":\"https:\\\/\\\/www.mexicanguitarplayers.com\\\/#organization\",\"name\":\"Mexican Guitar Players\",\"url\":\"https:\\\/\\\/www.mexicanguitarplayers.com\\\/\",\"logo\":{\"@type\":\"ImageObject\",\"inLanguage\":\"en-US\",\"@id\":\"https:\\\/\\\/www.mexicanguitarplayers.com\\\/#\\\/schema\\\/logo\\\/image\\\/\",\"url\":\"\",\"contentUrl\":\"\",\"caption\":\"Mexican Guitar Players\"},\"image\":{\"@id\":\"https:\\\/\\\/www.mexicanguitarplayers.com\\\/#\\\/schema\\\/logo\\\/image\\\/\"}}]}<\/script>\n<!-- \/ Yoast SEO plugin. -->","yoast_head_json":{"title":"PEDAL BEHRINGER UC200 ULTRA CHORUS - Mexican Guitar Players","description":"Pedal chorus para guitarra, obt\u00e9n un sonido chorus s\u00faper grueso con un incre\u00edbleefecto est\u00e9reo, controles dedicados para Level, Tone, Rate y Depth para una formaci\u00f3n formidable del sonido, LED de estado para activar y desactivar el efectoy para checar la bater\u00eda, funciona con una pila de 9V o con un adaptador de corriente PSU-SB DC de Behringer (no incluido), interruptor electr\u00f3nico On\/Off de primera clase para una mayor integridad de la se\u00f1al en modo bypass, dimensiones: 54 x 70 x 123 mm, peso: 0.33 kg.","robots":{"index":"index","follow":"follow","max-snippet":"max-snippet:-1","max-image-preview":"max-image-preview:large","max-video-preview":"max-video-preview:-1"},"canonical":"https:\/\/www.mexicanguitarplayers.com\/en\/tienda\/sin categor\u00eda\/pedal-behringer-uc200-ultra-chorus\/","og_locale":"en_US","og_type":"article","og_title":"PEDAL BEHRINGER UC200 ULTRA CHORUS - Mexican Guitar Players","og_description":"Pedal chorus para guitarra, obt\u00e9n un sonido chorus s\u00faper grueso con un incre\u00edbleefecto est\u00e9reo, controles dedicados para Level, Tone, Rate y Depth para una formaci\u00f3n formidable del sonido, LED de estado para activar y desactivar el efectoy para checar la bater\u00eda, funciona con una pila de 9V o con un adaptador de corriente PSU-SB DC de Behringer (no incluido), interruptor electr\u00f3nico On\/Off de primera clase para una mayor integridad de la se\u00f1al en modo bypass, dimensiones: 54 x 70 x 123 mm, peso: 0.33 kg.","og_url":"https:\/\/www.mexicanguitarplayers.com\/en\/tienda\/sin categor\u00eda\/pedal-behringer-uc200-ultra-chorus\/","og_site_name":"Mexican Guitar Players","article_modified_time":"2026-04-17T16:15:05+00:00","twitter_card":"summary_large_image","twitter_misc":{"Est. reading time":"1 minute"},"schema":{"@context":"https:\/\/schema.org","@graph":[{"@type":["WebPage","ItemPage"],"@id":"https:\/\/www.mexicanguitarplayers.com\/tienda\/sin categor\u00eda\/pedal-behringer-uc200-ultra-chorus\/","url":"https:\/\/www.mexicanguitarplayers.com\/tienda\/sin categor\u00eda\/pedal-behringer-uc200-ultra-chorus\/","name":"PEDAL BEHRINGER UC200 ULTRA CHORUS - Mexican Guitar Players","isPartOf":{"@id":"https:\/\/www.mexicanguitarplayers.com\/#website"},"primaryImageOfPage":{"@id":"https:\/\/www.mexicanguitarplayers.com\/tienda\/sin categor\u00eda\/pedal-behringer-uc200-ultra-chorus\/#primaryimage"},"image":{"@id":"https:\/\/www.mexicanguitarplayers.com\/tienda\/sin categor\u00eda\/pedal-behringer-uc200-ultra-chorus\/#primaryimage"},"thumbnailUrl":"https:\/\/www.mexicanguitarplayers.com\/wp-content\/uploads\/2025\/04\/VABEHUC200.jpg","datePublished":"2025-04-09T03:32:06+00:00","dateModified":"2026-04-17T16:15:05+00:00","description":"Pedal chorus para guitarra, obt\u00e9n un sonido chorus s\u00faper grueso con un incre\u00edbleefecto est\u00e9reo, controles dedicados para Level, Tone, Rate y Depth para una formaci\u00f3n formidable del sonido, LED de estado para activar y desactivar el efectoy para checar la bater\u00eda, funciona con una pila de 9V o con un adaptador de corriente PSU-SB DC de Behringer (no incluido), interruptor electr\u00f3nico On\/Off de primera clase para una mayor integridad de la se\u00f1al en modo bypass, dimensiones: 54 x 70 x 123 mm, peso: 0.33 kg.","breadcrumb":{"@id":"https:\/\/www.mexicanguitarplayers.com\/tienda\/sin categor\u00eda\/pedal-behringer-uc200-ultra-chorus\/#breadcrumb"},"inLanguage":"en-US","potentialAction":[{"@type":"ReadAction","target":["https:\/\/www.mexicanguitarplayers.com\/tienda\/sin categor\u00eda\/pedal-behringer-uc200-ultra-chorus\/"]}]},{"@type":"ImageObject","inLanguage":"en-US","@id":"https:\/\/www.mexicanguitarplayers.com\/tienda\/sin categor\u00eda\/pedal-behringer-uc200-ultra-chorus\/#primaryimage","url":"https:\/\/www.mexicanguitarplayers.com\/wp-content\/uploads\/2025\/04\/VABEHUC200.jpg","contentUrl":"https:\/\/www.mexicanguitarplayers.com\/wp-content\/uploads\/2025\/04\/VABEHUC200.jpg","width":1200,"height":1200},{"@type":"BreadcrumbList","@id":"https:\/\/www.mexicanguitarplayers.com\/tienda\/sin categor\u00eda\/pedal-behringer-uc200-ultra-chorus\/#breadcrumb","itemListElement":[{"@type":"ListItem","position":1,"name":"Portada","item":"https:\/\/www.mexicanguitarplayers.com\/"},{"@type":"ListItem","position":2,"name":"Tienda","item":"https:\/\/www.mexicanguitarplayers.com\/tienda\/"},{"@type":"ListItem","position":3,"name":"PEDAL BEHRINGER UC200 ULTRA CHORUS"}]},{"@type":"WebSite","@id":"https:\/\/www.mexicanguitarplayers.com\/#website","url":"https:\/\/www.mexicanguitarplayers.com\/","name":"Mexican Guitar Players","description":"Website","publisher":{"@id":"https:\/\/www.mexicanguitarplayers.com\/#organization"},"potentialAction":[{"@type":"SearchAction","target":{"@type":"EntryPoint","urlTemplate":"https:\/\/www.mexicanguitarplayers.com\/?s={search_term_string}"},"query-input":{"@type":"PropertyValueSpecification","valueRequired":true,"valueName":"search_term_string"}}],"inLanguage":"en-US"},{"@type":"Organization","@id":"https:\/\/www.mexicanguitarplayers.com\/#organization","name":"Mexican Guitar Players","url":"https:\/\/www.mexicanguitarplayers.com\/","logo":{"@type":"ImageObject","inLanguage":"en-US","@id":"https:\/\/www.mexicanguitarplayers.com\/#\/schema\/logo\/image\/","url":"","contentUrl":"","caption":"Mexican Guitar Players"},"image":{"@id":"https:\/\/www.mexicanguitarplayers.com\/#\/schema\/logo\/image\/"}}]}},"brands":[{"id":171,"name":"BEHRINGER","slug":"behringer"}],"_links":{"self":[{"href":"https:\/\/www.mexicanguitarplayers.com\/en\/wp-json\/wp\/v2\/product\/33930","targetHints":{"allow":["GET"]}}],"collection":[{"href":"https:\/\/www.mexicanguitarplayers.com\/en\/wp-json\/wp\/v2\/product"}],"about":[{"href":"https:\/\/www.mexicanguitarplayers.com\/en\/wp-json\/wp\/v2\/types\/product"}],"replies":[{"embeddable":true,"href":"https:\/\/www.mexicanguitarplayers.com\/en\/wp-json\/wp\/v2\/comments?post=33930"}],"wp:featuredmedia":[{"embeddable":true,"href":"https:\/\/www.mexicanguitarplayers.com\/en\/wp-json\/wp\/v2\/media\/33927"}],"wp:attachment":[{"href":"https:\/\/www.mexicanguitarplayers.com\/en\/wp-json\/wp\/v2\/media?parent=33930"}],"wp:term":[{"taxonomy":"pwb-brand","embeddable":true,"href":"https:\/\/www.mexicanguitarplayers.com\/en\/wp-json\/wp\/v2\/pwb-brand?post=33930"},{"taxonomy":"product_brand","embeddable":true,"href":"https:\/\/www.mexicanguitarplayers.com\/en\/wp-json\/wp\/v2\/product_brand?post=33930"},{"taxonomy":"product_cat","embeddable":true,"href":"https:\/\/www.mexicanguitarplayers.com\/en\/wp-json\/wp\/v2\/product_cat?post=33930"},{"taxonomy":"product_tag","embeddable":true,"href":"https:\/\/www.mexicanguitarplayers.com\/en\/wp-json\/wp\/v2\/product_tag?post=33930"}],"curies":[{"name":"wp","href":"https:\/\/api.w.org\/{rel}","templated":true}]}}