{"id":34010,"date":"2025-04-08T21:34:49","date_gmt":"2025-04-09T03:34:49","guid":{"rendered":"https:\/\/www.mexicanguitarplayers.com\/tienda\/sin categor\u00eda\/amplificador-ashdown-p-bajo-abm-600-evo-iv\/"},"modified":"2025-04-08T21:34:49","modified_gmt":"2025-04-09T03:34:49","slug":"amplificador-ashdown-p-bajo-abm-600-evo-iv","status":"publish","type":"product","link":"https:\/\/www.mexicanguitarplayers.com\/en\/tienda\/cuerdas\/amplificadores-cuerdas\/amps-para-bajo\/amplificador-ashdown-p-bajo-abm-600-evo-iv\/","title":{"rendered":"AMPLIFICADOR ASHDOWN P\/BAJO ABM-600-EVO IV"},"content":{"rendered":"<div style=\"text-align: justify\">\n<div>\n<h3>AMPLIFICADOR ASHDOWN PARA BAJO ABM-600-EVO IV<\/h3>\n<\/div>\n<div>Desata el verdadero potencial de tu bajo con el Ashdown ABM EVO IV. Durante m\u00e1s de dos d\u00e9cadas, la serie ABM ha sido la elecci\u00f3n preferida de los bajistas que buscan un tono, versatilidad, potencia y fiabilidad incomparables. Ahora, en su quinta iteraci\u00f3n, el ABM EVO IV lleva los l\u00edmites a\u00fan m\u00e1s lejos. El cabezal de 600W cuenta con el Variable Valve Drive Plus, que ofrece una gama de tonos limpios a distorsionados al alcance de tus dedos. El nuevo ecualizador de 9 bandas, con controles de precisi\u00f3n, garantiza que encuentres tu sonido perfecto sin esfuerzo. Y no olvidemos el medidor de entrada VU, que simplifica el proceso de configuraci\u00f3n. El ABM EVO IV conserva caracter\u00edsticas queridas como el Compresor Din\u00e1mico de Un Bot\u00f3n y el Generador Sub-Harm\u00f3nico, enriqueciendo tus notas de bajo con profundidad y car\u00e1cter. Las opciones de conectividad profesional, que incluyen una salida de afinador, un bucle de efectos transparente y una entrada de l\u00ednea, hacen que este cabezal est\u00e9 listo para el escenario y sea amigable para el estudio. Con capacidades de conmutaci\u00f3n flexible de pedal, puedes controlar Valve Drive, Compresi\u00f3n, EQ y Generaci\u00f3n Sub-Harm\u00f3nica sobre la marcha, brind\u00e1ndote innumerables combinaciones de sonido sin necesidad de pedales adicionales. Eleva tu forma de tocar el bajo con el Ashdown ABM EVO IV.<\/div>\n<div>\n<h4>Quick look<\/h4>\n<\/div>\n<ul style=\"margin: 0px 0px 0px 25px\">\n<li style=\"list-style-type: circle;margin: 5px\">Output power.<\/li>\n<li style=\"list-style-type: circle;margin: 5px\">Requerimientos de energ\u00eda.<\/li>\n<li style=\"list-style-type: circle;margin: 5px\">Salidas de altavoz.<\/li>\n<li style=\"list-style-type: circle;margin: 5px\">Respuesta de frecuencia (-3 dB).<\/li>\n<li style=\"list-style-type: circle;margin: 5px\">Entrada instrumento High.<\/li>\n<li style=\"list-style-type: circle;margin: 5px\">Entrada de instrumento Low.<\/li>\n<li style=\"list-style-type: circle;margin: 5px\">Salida de l\u00ednea.<\/li>\n<li style=\"list-style-type: circle;margin: 5px\">DI output.<\/li>\n<li style=\"list-style-type: circle;margin: 5px\">Salida de afinador.<\/li>\n<li style=\"list-style-type: circle;margin: 5px\">Impedance.<\/li>\n<li style=\"list-style-type: circle;margin: 5px\">Env\u00edo de efectos.<\/li>\n<li style=\"list-style-type: circle;margin: 5px\">Retorno de efectos.<\/li>\n<li style=\"list-style-type: circle;margin: 5px\">Bulbos de pre amplificaci\u00f3n.<\/li>\n<li style=\"list-style-type: circle;margin: 5px\">Material.<\/li>\n<li style=\"list-style-type: circle;margin: 5px\">Dimensions.<\/li>\n<li style=\"list-style-type: circle;margin: 5px\">Weight.<\/li>\n<\/ul>\n<div>\n<div style=\"font-weight: bold\">Output power.<\/div>\n<div>\n<p>600 watts.<\/p>\n<\/div>\n<div style=\"font-weight: bold\">Requerimientos de energ\u00eda.<\/div>\n<div>\n<p>115 &#8211; 230 volts.<\/p>\n<\/div>\n<div style=\"font-weight: bold\">Salidas de altavoz.<\/div>\n<div>\n<p>2 salidas Jack\/Speakon.<\/p>\n<\/div>\n<div style=\"font-weight: bold\">Respuesta de frecuencia (-3 dB).<\/div>\n<div>\n<p>17 Hz &#8211; 30 kHz.<\/p>\n<\/div>\n<div style=\"font-weight: bold\">Entrada instrumento High.<\/div>\n<div>\n<p>Impedancia: 3.9 mili ohms. Rango de entrada: 150 mV P-P.<\/p>\n<\/div>\n<div style=\"font-weight: bold\">Entrada de instrumento Low.<\/div>\n<div>\n<p>Impedancia: &#8211; 10 kilo ohms. Rango de entrada: 300 mv a 40 V P-P.<\/p>\n<\/div>\n<div style=\"font-weight: bold\">Salida de l\u00ednea.<\/div>\n<div>\n<p>Impedancia: 22 kilo ohms. Nivel de salida nominal 0 dBu.<\/p>\n<\/div>\n<div style=\"font-weight: bold\">DI output.<\/div>\n<div>\n<p>Impedancia: 600 ohms balanceado. Nivel: -20 dBu nominal con Ground Lift.<\/p>\n<\/div>\n<div style=\"font-weight: bold\">Salida de afinador.<\/div>\n<div>\n<p>Impedancia: 22 kilo ohms. Nivel: 0 dBu nominal.<\/p>\n<\/div>\n<div style=\"font-weight: bold\">Impedance.<\/div>\n<div>\n<p>M\u00ednimo 4 ohms.<\/p>\n<\/div>\n<div style=\"font-weight: bold\">Env\u00edo de efectos.<\/div>\n<div>\n<p>Impedancia: 22 kilo ohms. Nivel: 0 dBu nominal.<\/p>\n<\/div>\n<div style=\"font-weight: bold\">Retorno de efectos.<\/div>\n<div>\n<p>Impedancia: 22 kilo ohms. Nivel de entrada: 0 dBu nominal.<\/p>\n<\/div>\n<div style=\"font-weight: bold\">Bulbos de pre amplificaci\u00f3n.<\/div>\n<div>\n<p>1 bulbo 12 AX7.<\/p>\n<\/div>\n<div style=\"font-weight: bold\">Material.<\/div>\n<div>\n<p>Pliego de abedul de Latvia de 18 mm.<\/p>\n<\/div>\n<div style=\"font-weight: bold\">Dimensions.<\/div>\n<div>\n<p>135 x 474 x 320 mm.<\/p>\n<\/div>\n<div style=\"font-weight: bold\">Weight.<\/div>\n<div>\n<p>12.5 kg.<\/p>\n<\/div>\n<\/div>\n<\/div>","protected":false},"excerpt":{"rendered":"<p>El cabezal Ashdown ABM EVO IV ofrece un impresionante rendimiento de 600 vatios, lo que lo convierte en una opci\u00f3n potente para cualquier bajista. Con una amplia gama de opciones de conectividad, incluidas salidas de altavoz, entrada de l\u00ednea y salida DI, este cabezal es tanto vers\u00e1til como f\u00e1cil de integrar en cualquier configuraci\u00f3n. Su ecualizador de 9 bandas y la capacidad de controlar funciones clave como la compresi\u00f3n y la generaci\u00f3n de arm\u00f3nicos sub le permiten refinar su sonido con precisi\u00f3n. Compacto y robusto, este cabezal est\u00e1 dise\u00f1ado para sobresalir tanto en el escenario como en el estudio, proporcionando una plataforma confiable para expresar tu creatividad musical. Con un dise\u00f1o compacto y un peso de 12.5 kg, es f\u00e1cil de transportar sin sacrificar potencia o funcionalidad.&hellip; <a class=\"kt-excerpt-readmore more-link\" href=\"https:\/\/www.mexicanguitarplayers.com\/en\/tienda\/cuerdas\/amplificadores-cuerdas\/amps-para-bajo\/amplificador-ashdown-p-bajo-abm-600-evo-iv\/\">Read more<\/a><\/p>","protected":false},"featured_media":34005,"comment_status":"open","ping_status":"closed","template":"","meta":{"kt_blocks_editor_width":""},"pwb-brand":[257],"product_brand":[],"product_cat":[219,254,224],"product_tag":[],"class_list":{"0":"post-34010","1":"product","2":"type-product","3":"status-publish","4":"has-post-thumbnail","6":"pwb-brand-ashdown","7":"product_cat-amplificadores-audio","8":"product_cat-amps-para-bajo","9":"product_cat-cuerdas","10":"product_shipping_class-10-15-kg","12":"first","13":"outofstock","14":"taxable","15":"shipping-taxable","16":"purchasable","17":"product-type-simple"},"yoast_head":"<!-- This site is optimized with the Yoast SEO plugin v27.3 - https:\/\/yoast.com\/product\/yoast-seo-wordpress\/ -->\n<title>AMPLIFICADOR ASHDOWN P\/BAJO ABM-600-EVO IV - Mexican Guitar Players<\/title>\n<meta name=\"description\" content=\"El cabezal Ashdown ABM EVO IV ofrece un impresionante rendimiento de 600 vatios, lo que lo convierte en una opci\u00f3n potente para cualquier bajista. Con una amplia gama de opciones de conectividad, incluidas salidas de altavoz, entrada de l\u00ednea y salida DI, este cabezal es tanto vers\u00e1til como f\u00e1cil de integrar en cualquier configuraci\u00f3n. Su ecualizador de 9 bandas y la capacidad de controlar funciones clave como la compresi\u00f3n y la generaci\u00f3n de arm\u00f3nicos sub le permiten refinar su sonido con precisi\u00f3n. Compacto y robusto, este cabezal est\u00e1 dise\u00f1ado para sobresalir tanto en el escenario como en el estudio, proporcionando una plataforma confiable para expresar tu creatividad musical. Con un dise\u00f1o compacto y un peso de 12.5 kg, es f\u00e1cil de transportar sin sacrificar potencia o funcionalidad.\" \/>\n<meta name=\"robots\" content=\"index, follow, max-snippet:-1, max-image-preview:large, max-video-preview:-1\" \/>\n<link rel=\"canonical\" href=\"https:\/\/www.mexicanguitarplayers.com\/en\/tienda\/sin%20categor\u00eda\/amplificador-ashdown-p-bajo-abm-600-evo-iv\/\" \/>\n<meta property=\"og:locale\" content=\"en_US\" \/>\n<meta property=\"og:type\" content=\"article\" \/>\n<meta property=\"og:title\" content=\"AMPLIFICADOR ASHDOWN P\/BAJO ABM-600-EVO IV - Mexican Guitar Players\" \/>\n<meta property=\"og:description\" content=\"El cabezal Ashdown ABM EVO IV ofrece un impresionante rendimiento de 600 vatios, lo que lo convierte en una opci\u00f3n potente para cualquier bajista. Con una amplia gama de opciones de conectividad, incluidas salidas de altavoz, entrada de l\u00ednea y salida DI, este cabezal es tanto vers\u00e1til como f\u00e1cil de integrar en cualquier configuraci\u00f3n. Su ecualizador de 9 bandas y la capacidad de controlar funciones clave como la compresi\u00f3n y la generaci\u00f3n de arm\u00f3nicos sub le permiten refinar su sonido con precisi\u00f3n. Compacto y robusto, este cabezal est\u00e1 dise\u00f1ado para sobresalir tanto en el escenario como en el estudio, proporcionando una plataforma confiable para expresar tu creatividad musical. Con un dise\u00f1o compacto y un peso de 12.5 kg, es f\u00e1cil de transportar sin sacrificar potencia o funcionalidad.\" \/>\n<meta property=\"og:url\" content=\"https:\/\/www.mexicanguitarplayers.com\/en\/tienda\/sin categor\u00eda\/amplificador-ashdown-p-bajo-abm-600-evo-iv\/\" \/>\n<meta property=\"og:site_name\" content=\"Mexican Guitar Players\" \/>\n<meta name=\"twitter:card\" content=\"summary_large_image\" \/>\n<meta name=\"twitter:label1\" content=\"Est. reading time\" \/>\n\t<meta name=\"twitter:data1\" content=\"2 minutes\" \/>\n<script type=\"application\/ld+json\" class=\"yoast-schema-graph\">{\"@context\":\"https:\\\/\\\/schema.org\",\"@graph\":[{\"@type\":[\"WebPage\",\"ItemPage\"],\"@id\":\"https:\\\/\\\/www.mexicanguitarplayers.com\\\/tienda\\\/sin categor\u00eda\\\/amplificador-ashdown-p-bajo-abm-600-evo-iv\\\/\",\"url\":\"https:\\\/\\\/www.mexicanguitarplayers.com\\\/tienda\\\/sin categor\u00eda\\\/amplificador-ashdown-p-bajo-abm-600-evo-iv\\\/\",\"name\":\"AMPLIFICADOR ASHDOWN P\\\/BAJO ABM-600-EVO IV - Mexican Guitar Players\",\"isPartOf\":{\"@id\":\"https:\\\/\\\/www.mexicanguitarplayers.com\\\/#website\"},\"primaryImageOfPage\":{\"@id\":\"https:\\\/\\\/www.mexicanguitarplayers.com\\\/tienda\\\/sin categor\u00eda\\\/amplificador-ashdown-p-bajo-abm-600-evo-iv\\\/#primaryimage\"},\"image\":{\"@id\":\"https:\\\/\\\/www.mexicanguitarplayers.com\\\/tienda\\\/sin categor\u00eda\\\/amplificador-ashdown-p-bajo-abm-600-evo-iv\\\/#primaryimage\"},\"thumbnailUrl\":\"https:\\\/\\\/www.mexicanguitarplayers.com\\\/wp-content\\\/uploads\\\/2025\\\/04\\\/ICASOABM600EIV.jpg\",\"datePublished\":\"2025-04-09T03:34:49+00:00\",\"description\":\"El cabezal Ashdown ABM EVO IV ofrece un impresionante rendimiento de 600 vatios, lo que lo convierte en una opci\u00f3n potente para cualquier bajista. Con una amplia gama de opciones de conectividad, incluidas salidas de altavoz, entrada de l\u00ednea y salida DI, este cabezal es tanto vers\u00e1til como f\u00e1cil de integrar en cualquier configuraci\u00f3n. Su ecualizador de 9 bandas y la capacidad de controlar funciones clave como la compresi\u00f3n y la generaci\u00f3n de arm\u00f3nicos sub le permiten refinar su sonido con precisi\u00f3n. Compacto y robusto, este cabezal est\u00e1 dise\u00f1ado para sobresalir tanto en el escenario como en el estudio, proporcionando una plataforma confiable para expresar tu creatividad musical. Con un dise\u00f1o compacto y un peso de 12.5 kg, es f\u00e1cil de transportar sin sacrificar potencia o funcionalidad.\",\"breadcrumb\":{\"@id\":\"https:\\\/\\\/www.mexicanguitarplayers.com\\\/tienda\\\/sin categor\u00eda\\\/amplificador-ashdown-p-bajo-abm-600-evo-iv\\\/#breadcrumb\"},\"inLanguage\":\"en-US\",\"potentialAction\":[{\"@type\":\"ReadAction\",\"target\":[\"https:\\\/\\\/www.mexicanguitarplayers.com\\\/tienda\\\/sin categor\u00eda\\\/amplificador-ashdown-p-bajo-abm-600-evo-iv\\\/\"]}]},{\"@type\":\"ImageObject\",\"inLanguage\":\"en-US\",\"@id\":\"https:\\\/\\\/www.mexicanguitarplayers.com\\\/tienda\\\/sin categor\u00eda\\\/amplificador-ashdown-p-bajo-abm-600-evo-iv\\\/#primaryimage\",\"url\":\"https:\\\/\\\/www.mexicanguitarplayers.com\\\/wp-content\\\/uploads\\\/2025\\\/04\\\/ICASOABM600EIV.jpg\",\"contentUrl\":\"https:\\\/\\\/www.mexicanguitarplayers.com\\\/wp-content\\\/uploads\\\/2025\\\/04\\\/ICASOABM600EIV.jpg\",\"width\":1200,\"height\":1200},{\"@type\":\"BreadcrumbList\",\"@id\":\"https:\\\/\\\/www.mexicanguitarplayers.com\\\/tienda\\\/sin categor\u00eda\\\/amplificador-ashdown-p-bajo-abm-600-evo-iv\\\/#breadcrumb\",\"itemListElement\":[{\"@type\":\"ListItem\",\"position\":1,\"name\":\"Portada\",\"item\":\"https:\\\/\\\/www.mexicanguitarplayers.com\\\/\"},{\"@type\":\"ListItem\",\"position\":2,\"name\":\"Tienda\",\"item\":\"https:\\\/\\\/www.mexicanguitarplayers.com\\\/tienda\\\/\"},{\"@type\":\"ListItem\",\"position\":3,\"name\":\"AMPLIFICADOR ASHDOWN P\\\/BAJO ABM-600-EVO IV\"}]},{\"@type\":\"WebSite\",\"@id\":\"https:\\\/\\\/www.mexicanguitarplayers.com\\\/#website\",\"url\":\"https:\\\/\\\/www.mexicanguitarplayers.com\\\/\",\"name\":\"Mexican Guitar Players\",\"description\":\"Website\",\"publisher\":{\"@id\":\"https:\\\/\\\/www.mexicanguitarplayers.com\\\/#organization\"},\"potentialAction\":[{\"@type\":\"SearchAction\",\"target\":{\"@type\":\"EntryPoint\",\"urlTemplate\":\"https:\\\/\\\/www.mexicanguitarplayers.com\\\/?s={search_term_string}\"},\"query-input\":{\"@type\":\"PropertyValueSpecification\",\"valueRequired\":true,\"valueName\":\"search_term_string\"}}],\"inLanguage\":\"en-US\"},{\"@type\":\"Organization\",\"@id\":\"https:\\\/\\\/www.mexicanguitarplayers.com\\\/#organization\",\"name\":\"Mexican Guitar Players\",\"url\":\"https:\\\/\\\/www.mexicanguitarplayers.com\\\/\",\"logo\":{\"@type\":\"ImageObject\",\"inLanguage\":\"en-US\",\"@id\":\"https:\\\/\\\/www.mexicanguitarplayers.com\\\/#\\\/schema\\\/logo\\\/image\\\/\",\"url\":\"\",\"contentUrl\":\"\",\"caption\":\"Mexican Guitar Players\"},\"image\":{\"@id\":\"https:\\\/\\\/www.mexicanguitarplayers.com\\\/#\\\/schema\\\/logo\\\/image\\\/\"}}]}<\/script>\n<!-- \/ Yoast SEO plugin. -->","yoast_head_json":{"title":"AMPLIFICADOR ASHDOWN P\/BAJO ABM-600-EVO IV - Mexican Guitar Players","description":"El cabezal Ashdown ABM EVO IV ofrece un impresionante rendimiento de 600 vatios, lo que lo convierte en una opci\u00f3n potente para cualquier bajista. Con una amplia gama de opciones de conectividad, incluidas salidas de altavoz, entrada de l\u00ednea y salida DI, este cabezal es tanto vers\u00e1til como f\u00e1cil de integrar en cualquier configuraci\u00f3n. Su ecualizador de 9 bandas y la capacidad de controlar funciones clave como la compresi\u00f3n y la generaci\u00f3n de arm\u00f3nicos sub le permiten refinar su sonido con precisi\u00f3n. Compacto y robusto, este cabezal est\u00e1 dise\u00f1ado para sobresalir tanto en el escenario como en el estudio, proporcionando una plataforma confiable para expresar tu creatividad musical. Con un dise\u00f1o compacto y un peso de 12.5 kg, es f\u00e1cil de transportar sin sacrificar potencia o funcionalidad.","robots":{"index":"index","follow":"follow","max-snippet":"max-snippet:-1","max-image-preview":"max-image-preview:large","max-video-preview":"max-video-preview:-1"},"canonical":"https:\/\/www.mexicanguitarplayers.com\/en\/tienda\/sin categor\u00eda\/amplificador-ashdown-p-bajo-abm-600-evo-iv\/","og_locale":"en_US","og_type":"article","og_title":"AMPLIFICADOR ASHDOWN P\/BAJO ABM-600-EVO IV - Mexican Guitar Players","og_description":"El cabezal Ashdown ABM EVO IV ofrece un impresionante rendimiento de 600 vatios, lo que lo convierte en una opci\u00f3n potente para cualquier bajista. Con una amplia gama de opciones de conectividad, incluidas salidas de altavoz, entrada de l\u00ednea y salida DI, este cabezal es tanto vers\u00e1til como f\u00e1cil de integrar en cualquier configuraci\u00f3n. Su ecualizador de 9 bandas y la capacidad de controlar funciones clave como la compresi\u00f3n y la generaci\u00f3n de arm\u00f3nicos sub le permiten refinar su sonido con precisi\u00f3n. Compacto y robusto, este cabezal est\u00e1 dise\u00f1ado para sobresalir tanto en el escenario como en el estudio, proporcionando una plataforma confiable para expresar tu creatividad musical. Con un dise\u00f1o compacto y un peso de 12.5 kg, es f\u00e1cil de transportar sin sacrificar potencia o funcionalidad.","og_url":"https:\/\/www.mexicanguitarplayers.com\/en\/tienda\/sin categor\u00eda\/amplificador-ashdown-p-bajo-abm-600-evo-iv\/","og_site_name":"Mexican Guitar Players","twitter_card":"summary_large_image","twitter_misc":{"Est. reading time":"2 minutes"},"schema":{"@context":"https:\/\/schema.org","@graph":[{"@type":["WebPage","ItemPage"],"@id":"https:\/\/www.mexicanguitarplayers.com\/tienda\/sin categor\u00eda\/amplificador-ashdown-p-bajo-abm-600-evo-iv\/","url":"https:\/\/www.mexicanguitarplayers.com\/tienda\/sin categor\u00eda\/amplificador-ashdown-p-bajo-abm-600-evo-iv\/","name":"AMPLIFICADOR ASHDOWN P\/BAJO ABM-600-EVO IV - Mexican Guitar Players","isPartOf":{"@id":"https:\/\/www.mexicanguitarplayers.com\/#website"},"primaryImageOfPage":{"@id":"https:\/\/www.mexicanguitarplayers.com\/tienda\/sin categor\u00eda\/amplificador-ashdown-p-bajo-abm-600-evo-iv\/#primaryimage"},"image":{"@id":"https:\/\/www.mexicanguitarplayers.com\/tienda\/sin categor\u00eda\/amplificador-ashdown-p-bajo-abm-600-evo-iv\/#primaryimage"},"thumbnailUrl":"https:\/\/www.mexicanguitarplayers.com\/wp-content\/uploads\/2025\/04\/ICASOABM600EIV.jpg","datePublished":"2025-04-09T03:34:49+00:00","description":"El cabezal Ashdown ABM EVO IV ofrece un impresionante rendimiento de 600 vatios, lo que lo convierte en una opci\u00f3n potente para cualquier bajista. Con una amplia gama de opciones de conectividad, incluidas salidas de altavoz, entrada de l\u00ednea y salida DI, este cabezal es tanto vers\u00e1til como f\u00e1cil de integrar en cualquier configuraci\u00f3n. Su ecualizador de 9 bandas y la capacidad de controlar funciones clave como la compresi\u00f3n y la generaci\u00f3n de arm\u00f3nicos sub le permiten refinar su sonido con precisi\u00f3n. Compacto y robusto, este cabezal est\u00e1 dise\u00f1ado para sobresalir tanto en el escenario como en el estudio, proporcionando una plataforma confiable para expresar tu creatividad musical. Con un dise\u00f1o compacto y un peso de 12.5 kg, es f\u00e1cil de transportar sin sacrificar potencia o funcionalidad.","breadcrumb":{"@id":"https:\/\/www.mexicanguitarplayers.com\/tienda\/sin categor\u00eda\/amplificador-ashdown-p-bajo-abm-600-evo-iv\/#breadcrumb"},"inLanguage":"en-US","potentialAction":[{"@type":"ReadAction","target":["https:\/\/www.mexicanguitarplayers.com\/tienda\/sin categor\u00eda\/amplificador-ashdown-p-bajo-abm-600-evo-iv\/"]}]},{"@type":"ImageObject","inLanguage":"en-US","@id":"https:\/\/www.mexicanguitarplayers.com\/tienda\/sin categor\u00eda\/amplificador-ashdown-p-bajo-abm-600-evo-iv\/#primaryimage","url":"https:\/\/www.mexicanguitarplayers.com\/wp-content\/uploads\/2025\/04\/ICASOABM600EIV.jpg","contentUrl":"https:\/\/www.mexicanguitarplayers.com\/wp-content\/uploads\/2025\/04\/ICASOABM600EIV.jpg","width":1200,"height":1200},{"@type":"BreadcrumbList","@id":"https:\/\/www.mexicanguitarplayers.com\/tienda\/sin categor\u00eda\/amplificador-ashdown-p-bajo-abm-600-evo-iv\/#breadcrumb","itemListElement":[{"@type":"ListItem","position":1,"name":"Portada","item":"https:\/\/www.mexicanguitarplayers.com\/"},{"@type":"ListItem","position":2,"name":"Tienda","item":"https:\/\/www.mexicanguitarplayers.com\/tienda\/"},{"@type":"ListItem","position":3,"name":"AMPLIFICADOR ASHDOWN P\/BAJO ABM-600-EVO IV"}]},{"@type":"WebSite","@id":"https:\/\/www.mexicanguitarplayers.com\/#website","url":"https:\/\/www.mexicanguitarplayers.com\/","name":"Mexican Guitar Players","description":"Website","publisher":{"@id":"https:\/\/www.mexicanguitarplayers.com\/#organization"},"potentialAction":[{"@type":"SearchAction","target":{"@type":"EntryPoint","urlTemplate":"https:\/\/www.mexicanguitarplayers.com\/?s={search_term_string}"},"query-input":{"@type":"PropertyValueSpecification","valueRequired":true,"valueName":"search_term_string"}}],"inLanguage":"en-US"},{"@type":"Organization","@id":"https:\/\/www.mexicanguitarplayers.com\/#organization","name":"Mexican Guitar Players","url":"https:\/\/www.mexicanguitarplayers.com\/","logo":{"@type":"ImageObject","inLanguage":"en-US","@id":"https:\/\/www.mexicanguitarplayers.com\/#\/schema\/logo\/image\/","url":"","contentUrl":"","caption":"Mexican Guitar Players"},"image":{"@id":"https:\/\/www.mexicanguitarplayers.com\/#\/schema\/logo\/image\/"}}]}},"brands":[{"id":257,"name":"ASHDOWN","slug":"ashdown"}],"_links":{"self":[{"href":"https:\/\/www.mexicanguitarplayers.com\/en\/wp-json\/wp\/v2\/product\/34010","targetHints":{"allow":["GET"]}}],"collection":[{"href":"https:\/\/www.mexicanguitarplayers.com\/en\/wp-json\/wp\/v2\/product"}],"about":[{"href":"https:\/\/www.mexicanguitarplayers.com\/en\/wp-json\/wp\/v2\/types\/product"}],"replies":[{"embeddable":true,"href":"https:\/\/www.mexicanguitarplayers.com\/en\/wp-json\/wp\/v2\/comments?post=34010"}],"wp:featuredmedia":[{"embeddable":true,"href":"https:\/\/www.mexicanguitarplayers.com\/en\/wp-json\/wp\/v2\/media\/34005"}],"wp:attachment":[{"href":"https:\/\/www.mexicanguitarplayers.com\/en\/wp-json\/wp\/v2\/media?parent=34010"}],"wp:term":[{"taxonomy":"pwb-brand","embeddable":true,"href":"https:\/\/www.mexicanguitarplayers.com\/en\/wp-json\/wp\/v2\/pwb-brand?post=34010"},{"taxonomy":"product_brand","embeddable":true,"href":"https:\/\/www.mexicanguitarplayers.com\/en\/wp-json\/wp\/v2\/product_brand?post=34010"},{"taxonomy":"product_cat","embeddable":true,"href":"https:\/\/www.mexicanguitarplayers.com\/en\/wp-json\/wp\/v2\/product_cat?post=34010"},{"taxonomy":"product_tag","embeddable":true,"href":"https:\/\/www.mexicanguitarplayers.com\/en\/wp-json\/wp\/v2\/product_tag?post=34010"}],"curies":[{"name":"wp","href":"https:\/\/api.w.org\/{rel}","templated":true}]}}