{"id":34028,"date":"2025-04-08T21:35:10","date_gmt":"2025-04-09T03:35:10","guid":{"rendered":"https:\/\/www.mexicanguitarplayers.com\/tienda\/sin categor\u00eda\/microfono-behringer-mod-hm50\/"},"modified":"2026-03-10T19:16:46","modified_gmt":"2026-03-11T01:16:46","slug":"microfono-behringer-mod-hm50","status":"publish","type":"product","link":"https:\/\/www.mexicanguitarplayers.com\/en\/tienda\/audio\/microfonia\/microfonos-inalambricos\/de-solapa\/microfono-behringer-mod-hm50\/","title":{"rendered":"MICROFONO BEHRINGER MOD. HM50"},"content":{"rendered":"<div style=\"text-align: justify\">\n<div>\n<h3>HM50<\/h3>\n<\/div>\n<div>El HM50 es un micr\u00f3fono compacto y ligero que te permite capturar grabaciones corales de alta calidad en una amplia variedad de entornos. Ya sea que est\u00e9s grabando coros en un auditorio o capturando un coro dentro de un lugar de culto, el HM50 cumple con tus necesidades como un micr\u00f3fono colgante muy capaz. Contiene una c\u00e1psula de condensador de alta calidad con un patr\u00f3n de captaci\u00f3n cardioide ajustado para espacios grandes, al tiempo que aten\u00faa los sonidos molestos en la cercan\u00eda. Su carcasa de metal de alta calidad ofrece durabilidad y un alto nivel de rechazo de RF. Adem\u00e1s, el HM50 funciona con dispositivos de grabaci\u00f3n\/procesamiento a trav\u00e9s del convertidor de alimentaci\u00f3n fantasma incluido, lo que permite un rendimiento de alta calidad a un precio accesible dentro de cualquier presupuesto. Su dise\u00f1o de tubo de resonancia excelente y su c\u00e1psula con una respuesta de frecuencia ultra amplia hacen que el HM50 se destaque frente a otros micr\u00f3fonos, capturando coros con un sonido completo y natural. El cable extra largo de 10 m (33 pies) facilita su instalaci\u00f3n, mientras que la abrazadera de resorte integrada y el parabrisas discreto son pr\u00e1cticos para la posici\u00f3n \u00f3ptima y la eliminaci\u00f3n del ruido del viento durante las grabaciones. Adem\u00e1s, el HM50 viene con un parabrisas personalizado, un convertidor de alimentaci\u00f3n fantasma mini-XLR a XLR, y un estuche r\u00edgido para un almacenamiento y transporte f\u00e1cil. \u00a1Descubre hoy mismo en tu distribuidor autorizado local lo f\u00e1cil y asequible que es unirse al fen\u00f3meno HM50.<\/div>\n<div>\n<h4>Characteristics<\/h4>\n<\/div>\n<div>\n<ul style=\"margin: 0px 0px 0px 25px\">\n<li style=\"list-style-type: circle;margin: 5px\">Tipo de c\u00e1psula<\/li>\n<li style=\"list-style-type: circle;margin: 5px\">patr\u00f3n polar<\/li>\n<li style=\"list-style-type: circle;margin: 5px\">Rango de frecuencia<\/li>\n<li style=\"list-style-type: circle;margin: 5px\">Sensibilidad<\/li>\n<li style=\"list-style-type: circle;margin: 5px\">Impedancia<\/li>\n<li style=\"list-style-type: circle;margin: 5px\">Tensi\u00f3n de trabajo<\/li>\n<li style=\"list-style-type: circle;margin: 5px\">Longitud del cable<\/li>\n<li style=\"list-style-type: circle;margin: 5px\">Conector<\/li>\n<\/ul>\n<\/div>\n<\/div>","protected":false},"excerpt":{"rendered":"<p>Este micr\u00f3fono colgante de alto rendimiento es perfecto para grabaciones corales en una amplia gama de aplicaciones, desde registrar coros en un auditorio hasta capturar coros dentro de lugares de culto. Su respuesta de frecuencia ultra amplia captura la plenitud del sonido, mientras que el patr\u00f3n de captaci\u00f3n cardiode separa el ruido posterior para una calidad de audio \u00f3ptima. Cuenta con una abrazadera de resorte integrada para posicionarlo en el lugar \u00f3ptimo, y su dise\u00f1o blindado electromagn\u00e9ticamente elimina la interferencia de fuentes de radiofrecuencia cercanas. La interfaz XLR chapada en oro asegura la m\u00e1xima integridad de la se\u00f1al, y se incluye un cable de alta calidad extra largo de 10 m (33 pies) para una instalaci\u00f3n flexible. Adem\u00e1s, viene con un convertidor de alimentaci\u00f3n fantasma y un parabrisas de espuma para completar el paquete.&hellip; <a class=\"kt-excerpt-readmore more-link\" href=\"https:\/\/www.mexicanguitarplayers.com\/en\/tienda\/audio\/microfonia\/microfonos-inalambricos\/de-solapa\/microfono-behringer-mod-hm50\/\">Read more<\/a><\/p>","protected":false},"featured_media":34022,"comment_status":"open","ping_status":"closed","template":"","meta":{"kt_blocks_editor_width":""},"pwb-brand":[171],"product_brand":[],"product_cat":[213,543,214,231],"product_tag":[],"class_list":{"0":"post-34028","1":"product","2":"type-product","3":"status-publish","4":"has-post-thumbnail","6":"pwb-brand-behringer","7":"product_cat-audio","8":"product_cat-de-solapa","9":"product_cat-microfonia","10":"product_cat-microfonos-inalambricos","11":"product_shipping_class-0-5-kg","13":"first","14":"instock","15":"taxable","16":"shipping-taxable","17":"purchasable","18":"product-type-simple"},"yoast_head":"<!-- This site is optimized with the Yoast SEO plugin v27.3 - https:\/\/yoast.com\/product\/yoast-seo-wordpress\/ -->\n<title>MICROFONO BEHRINGER MOD. HM50 - Mexican Guitar Players<\/title>\n<meta name=\"description\" content=\"Este micr\u00f3fono colgante de alto rendimiento es perfecto para grabaciones corales en una amplia gama de aplicaciones, desde registrar coros en un auditorio hasta capturar coros dentro de lugares de culto. Su respuesta de frecuencia ultra amplia captura la plenitud del sonido, mientras que el patr\u00f3n de captaci\u00f3n cardiode separa el ruido posterior para una calidad de audio \u00f3ptima. Cuenta con una abrazadera de resorte integrada para posicionarlo en el lugar \u00f3ptimo, y su dise\u00f1o blindado electromagn\u00e9ticamente elimina la interferencia de fuentes de radiofrecuencia cercanas. La interfaz XLR chapada en oro asegura la m\u00e1xima integridad de la se\u00f1al, y se incluye un cable de alta calidad extra largo de 10 m (33 pies) para una instalaci\u00f3n flexible. Adem\u00e1s, viene con un convertidor de alimentaci\u00f3n fantasma y un parabrisas de espuma para completar el paquete.\" \/>\n<meta name=\"robots\" content=\"index, follow, max-snippet:-1, max-image-preview:large, max-video-preview:-1\" \/>\n<link rel=\"canonical\" href=\"https:\/\/www.mexicanguitarplayers.com\/en\/tienda\/sin%20categor\u00eda\/microfono-behringer-mod-hm50\/\" \/>\n<meta property=\"og:locale\" content=\"en_US\" \/>\n<meta property=\"og:type\" content=\"article\" \/>\n<meta property=\"og:title\" content=\"MICROFONO BEHRINGER MOD. HM50 - Mexican Guitar Players\" \/>\n<meta property=\"og:description\" content=\"Este micr\u00f3fono colgante de alto rendimiento es perfecto para grabaciones corales en una amplia gama de aplicaciones, desde registrar coros en un auditorio hasta capturar coros dentro de lugares de culto. Su respuesta de frecuencia ultra amplia captura la plenitud del sonido, mientras que el patr\u00f3n de captaci\u00f3n cardiode separa el ruido posterior para una calidad de audio \u00f3ptima. Cuenta con una abrazadera de resorte integrada para posicionarlo en el lugar \u00f3ptimo, y su dise\u00f1o blindado electromagn\u00e9ticamente elimina la interferencia de fuentes de radiofrecuencia cercanas. La interfaz XLR chapada en oro asegura la m\u00e1xima integridad de la se\u00f1al, y se incluye un cable de alta calidad extra largo de 10 m (33 pies) para una instalaci\u00f3n flexible. Adem\u00e1s, viene con un convertidor de alimentaci\u00f3n fantasma y un parabrisas de espuma para completar el paquete.\" \/>\n<meta property=\"og:url\" content=\"https:\/\/www.mexicanguitarplayers.com\/en\/tienda\/sin categor\u00eda\/microfono-behringer-mod-hm50\/\" \/>\n<meta property=\"og:site_name\" content=\"Mexican Guitar Players\" \/>\n<meta property=\"article:modified_time\" content=\"2026-03-11T01:16:46+00:00\" \/>\n<meta name=\"twitter:card\" content=\"summary_large_image\" \/>\n<meta name=\"twitter:label1\" content=\"Est. reading time\" \/>\n\t<meta name=\"twitter:data1\" content=\"1 minute\" \/>\n<script type=\"application\/ld+json\" class=\"yoast-schema-graph\">{\"@context\":\"https:\\\/\\\/schema.org\",\"@graph\":[{\"@type\":[\"WebPage\",\"ItemPage\"],\"@id\":\"https:\\\/\\\/www.mexicanguitarplayers.com\\\/tienda\\\/sin categor\u00eda\\\/microfono-behringer-mod-hm50\\\/\",\"url\":\"https:\\\/\\\/www.mexicanguitarplayers.com\\\/tienda\\\/sin categor\u00eda\\\/microfono-behringer-mod-hm50\\\/\",\"name\":\"MICROFONO BEHRINGER MOD. HM50 - Mexican Guitar Players\",\"isPartOf\":{\"@id\":\"https:\\\/\\\/www.mexicanguitarplayers.com\\\/#website\"},\"primaryImageOfPage\":{\"@id\":\"https:\\\/\\\/www.mexicanguitarplayers.com\\\/tienda\\\/sin categor\u00eda\\\/microfono-behringer-mod-hm50\\\/#primaryimage\"},\"image\":{\"@id\":\"https:\\\/\\\/www.mexicanguitarplayers.com\\\/tienda\\\/sin categor\u00eda\\\/microfono-behringer-mod-hm50\\\/#primaryimage\"},\"thumbnailUrl\":\"https:\\\/\\\/www.mexicanguitarplayers.com\\\/wp-content\\\/uploads\\\/2025\\\/04\\\/IABEHHM50.jpg\",\"datePublished\":\"2025-04-09T03:35:10+00:00\",\"dateModified\":\"2026-03-11T01:16:46+00:00\",\"description\":\"Este micr\u00f3fono colgante de alto rendimiento es perfecto para grabaciones corales en una amplia gama de aplicaciones, desde registrar coros en un auditorio hasta capturar coros dentro de lugares de culto. Su respuesta de frecuencia ultra amplia captura la plenitud del sonido, mientras que el patr\u00f3n de captaci\u00f3n cardiode separa el ruido posterior para una calidad de audio \u00f3ptima. Cuenta con una abrazadera de resorte integrada para posicionarlo en el lugar \u00f3ptimo, y su dise\u00f1o blindado electromagn\u00e9ticamente elimina la interferencia de fuentes de radiofrecuencia cercanas. La interfaz XLR chapada en oro asegura la m\u00e1xima integridad de la se\u00f1al, y se incluye un cable de alta calidad extra largo de 10 m (33 pies) para una instalaci\u00f3n flexible. Adem\u00e1s, viene con un convertidor de alimentaci\u00f3n fantasma y un parabrisas de espuma para completar el paquete.\",\"breadcrumb\":{\"@id\":\"https:\\\/\\\/www.mexicanguitarplayers.com\\\/tienda\\\/sin categor\u00eda\\\/microfono-behringer-mod-hm50\\\/#breadcrumb\"},\"inLanguage\":\"en-US\",\"potentialAction\":[{\"@type\":\"ReadAction\",\"target\":[\"https:\\\/\\\/www.mexicanguitarplayers.com\\\/tienda\\\/sin categor\u00eda\\\/microfono-behringer-mod-hm50\\\/\"]}]},{\"@type\":\"ImageObject\",\"inLanguage\":\"en-US\",\"@id\":\"https:\\\/\\\/www.mexicanguitarplayers.com\\\/tienda\\\/sin categor\u00eda\\\/microfono-behringer-mod-hm50\\\/#primaryimage\",\"url\":\"https:\\\/\\\/www.mexicanguitarplayers.com\\\/wp-content\\\/uploads\\\/2025\\\/04\\\/IABEHHM50.jpg\",\"contentUrl\":\"https:\\\/\\\/www.mexicanguitarplayers.com\\\/wp-content\\\/uploads\\\/2025\\\/04\\\/IABEHHM50.jpg\",\"width\":1200,\"height\":1200},{\"@type\":\"BreadcrumbList\",\"@id\":\"https:\\\/\\\/www.mexicanguitarplayers.com\\\/tienda\\\/sin categor\u00eda\\\/microfono-behringer-mod-hm50\\\/#breadcrumb\",\"itemListElement\":[{\"@type\":\"ListItem\",\"position\":1,\"name\":\"Portada\",\"item\":\"https:\\\/\\\/www.mexicanguitarplayers.com\\\/\"},{\"@type\":\"ListItem\",\"position\":2,\"name\":\"Tienda\",\"item\":\"https:\\\/\\\/www.mexicanguitarplayers.com\\\/tienda\\\/\"},{\"@type\":\"ListItem\",\"position\":3,\"name\":\"MICROFONO BEHRINGER MOD. HM50\"}]},{\"@type\":\"WebSite\",\"@id\":\"https:\\\/\\\/www.mexicanguitarplayers.com\\\/#website\",\"url\":\"https:\\\/\\\/www.mexicanguitarplayers.com\\\/\",\"name\":\"Mexican Guitar Players\",\"description\":\"Website\",\"publisher\":{\"@id\":\"https:\\\/\\\/www.mexicanguitarplayers.com\\\/#organization\"},\"potentialAction\":[{\"@type\":\"SearchAction\",\"target\":{\"@type\":\"EntryPoint\",\"urlTemplate\":\"https:\\\/\\\/www.mexicanguitarplayers.com\\\/?s={search_term_string}\"},\"query-input\":{\"@type\":\"PropertyValueSpecification\",\"valueRequired\":true,\"valueName\":\"search_term_string\"}}],\"inLanguage\":\"en-US\"},{\"@type\":\"Organization\",\"@id\":\"https:\\\/\\\/www.mexicanguitarplayers.com\\\/#organization\",\"name\":\"Mexican Guitar Players\",\"url\":\"https:\\\/\\\/www.mexicanguitarplayers.com\\\/\",\"logo\":{\"@type\":\"ImageObject\",\"inLanguage\":\"en-US\",\"@id\":\"https:\\\/\\\/www.mexicanguitarplayers.com\\\/#\\\/schema\\\/logo\\\/image\\\/\",\"url\":\"\",\"contentUrl\":\"\",\"caption\":\"Mexican Guitar Players\"},\"image\":{\"@id\":\"https:\\\/\\\/www.mexicanguitarplayers.com\\\/#\\\/schema\\\/logo\\\/image\\\/\"}}]}<\/script>\n<!-- \/ Yoast SEO plugin. -->","yoast_head_json":{"title":"MICROFONO BEHRINGER MOD. HM50 - Mexican Guitar Players","description":"Este micr\u00f3fono colgante de alto rendimiento es perfecto para grabaciones corales en una amplia gama de aplicaciones, desde registrar coros en un auditorio hasta capturar coros dentro de lugares de culto. Su respuesta de frecuencia ultra amplia captura la plenitud del sonido, mientras que el patr\u00f3n de captaci\u00f3n cardiode separa el ruido posterior para una calidad de audio \u00f3ptima. Cuenta con una abrazadera de resorte integrada para posicionarlo en el lugar \u00f3ptimo, y su dise\u00f1o blindado electromagn\u00e9ticamente elimina la interferencia de fuentes de radiofrecuencia cercanas. La interfaz XLR chapada en oro asegura la m\u00e1xima integridad de la se\u00f1al, y se incluye un cable de alta calidad extra largo de 10 m (33 pies) para una instalaci\u00f3n flexible. Adem\u00e1s, viene con un convertidor de alimentaci\u00f3n fantasma y un parabrisas de espuma para completar el paquete.","robots":{"index":"index","follow":"follow","max-snippet":"max-snippet:-1","max-image-preview":"max-image-preview:large","max-video-preview":"max-video-preview:-1"},"canonical":"https:\/\/www.mexicanguitarplayers.com\/en\/tienda\/sin categor\u00eda\/microfono-behringer-mod-hm50\/","og_locale":"en_US","og_type":"article","og_title":"MICROFONO BEHRINGER MOD. HM50 - Mexican Guitar Players","og_description":"Este micr\u00f3fono colgante de alto rendimiento es perfecto para grabaciones corales en una amplia gama de aplicaciones, desde registrar coros en un auditorio hasta capturar coros dentro de lugares de culto. Su respuesta de frecuencia ultra amplia captura la plenitud del sonido, mientras que el patr\u00f3n de captaci\u00f3n cardiode separa el ruido posterior para una calidad de audio \u00f3ptima. Cuenta con una abrazadera de resorte integrada para posicionarlo en el lugar \u00f3ptimo, y su dise\u00f1o blindado electromagn\u00e9ticamente elimina la interferencia de fuentes de radiofrecuencia cercanas. La interfaz XLR chapada en oro asegura la m\u00e1xima integridad de la se\u00f1al, y se incluye un cable de alta calidad extra largo de 10 m (33 pies) para una instalaci\u00f3n flexible. Adem\u00e1s, viene con un convertidor de alimentaci\u00f3n fantasma y un parabrisas de espuma para completar el paquete.","og_url":"https:\/\/www.mexicanguitarplayers.com\/en\/tienda\/sin categor\u00eda\/microfono-behringer-mod-hm50\/","og_site_name":"Mexican Guitar Players","article_modified_time":"2026-03-11T01:16:46+00:00","twitter_card":"summary_large_image","twitter_misc":{"Est. reading time":"1 minute"},"schema":{"@context":"https:\/\/schema.org","@graph":[{"@type":["WebPage","ItemPage"],"@id":"https:\/\/www.mexicanguitarplayers.com\/tienda\/sin categor\u00eda\/microfono-behringer-mod-hm50\/","url":"https:\/\/www.mexicanguitarplayers.com\/tienda\/sin categor\u00eda\/microfono-behringer-mod-hm50\/","name":"MICROFONO BEHRINGER MOD. HM50 - Mexican Guitar Players","isPartOf":{"@id":"https:\/\/www.mexicanguitarplayers.com\/#website"},"primaryImageOfPage":{"@id":"https:\/\/www.mexicanguitarplayers.com\/tienda\/sin categor\u00eda\/microfono-behringer-mod-hm50\/#primaryimage"},"image":{"@id":"https:\/\/www.mexicanguitarplayers.com\/tienda\/sin categor\u00eda\/microfono-behringer-mod-hm50\/#primaryimage"},"thumbnailUrl":"https:\/\/www.mexicanguitarplayers.com\/wp-content\/uploads\/2025\/04\/IABEHHM50.jpg","datePublished":"2025-04-09T03:35:10+00:00","dateModified":"2026-03-11T01:16:46+00:00","description":"Este micr\u00f3fono colgante de alto rendimiento es perfecto para grabaciones corales en una amplia gama de aplicaciones, desde registrar coros en un auditorio hasta capturar coros dentro de lugares de culto. Su respuesta de frecuencia ultra amplia captura la plenitud del sonido, mientras que el patr\u00f3n de captaci\u00f3n cardiode separa el ruido posterior para una calidad de audio \u00f3ptima. Cuenta con una abrazadera de resorte integrada para posicionarlo en el lugar \u00f3ptimo, y su dise\u00f1o blindado electromagn\u00e9ticamente elimina la interferencia de fuentes de radiofrecuencia cercanas. La interfaz XLR chapada en oro asegura la m\u00e1xima integridad de la se\u00f1al, y se incluye un cable de alta calidad extra largo de 10 m (33 pies) para una instalaci\u00f3n flexible. Adem\u00e1s, viene con un convertidor de alimentaci\u00f3n fantasma y un parabrisas de espuma para completar el paquete.","breadcrumb":{"@id":"https:\/\/www.mexicanguitarplayers.com\/tienda\/sin categor\u00eda\/microfono-behringer-mod-hm50\/#breadcrumb"},"inLanguage":"en-US","potentialAction":[{"@type":"ReadAction","target":["https:\/\/www.mexicanguitarplayers.com\/tienda\/sin categor\u00eda\/microfono-behringer-mod-hm50\/"]}]},{"@type":"ImageObject","inLanguage":"en-US","@id":"https:\/\/www.mexicanguitarplayers.com\/tienda\/sin categor\u00eda\/microfono-behringer-mod-hm50\/#primaryimage","url":"https:\/\/www.mexicanguitarplayers.com\/wp-content\/uploads\/2025\/04\/IABEHHM50.jpg","contentUrl":"https:\/\/www.mexicanguitarplayers.com\/wp-content\/uploads\/2025\/04\/IABEHHM50.jpg","width":1200,"height":1200},{"@type":"BreadcrumbList","@id":"https:\/\/www.mexicanguitarplayers.com\/tienda\/sin categor\u00eda\/microfono-behringer-mod-hm50\/#breadcrumb","itemListElement":[{"@type":"ListItem","position":1,"name":"Portada","item":"https:\/\/www.mexicanguitarplayers.com\/"},{"@type":"ListItem","position":2,"name":"Tienda","item":"https:\/\/www.mexicanguitarplayers.com\/tienda\/"},{"@type":"ListItem","position":3,"name":"MICROFONO BEHRINGER MOD. HM50"}]},{"@type":"WebSite","@id":"https:\/\/www.mexicanguitarplayers.com\/#website","url":"https:\/\/www.mexicanguitarplayers.com\/","name":"Mexican Guitar Players","description":"Website","publisher":{"@id":"https:\/\/www.mexicanguitarplayers.com\/#organization"},"potentialAction":[{"@type":"SearchAction","target":{"@type":"EntryPoint","urlTemplate":"https:\/\/www.mexicanguitarplayers.com\/?s={search_term_string}"},"query-input":{"@type":"PropertyValueSpecification","valueRequired":true,"valueName":"search_term_string"}}],"inLanguage":"en-US"},{"@type":"Organization","@id":"https:\/\/www.mexicanguitarplayers.com\/#organization","name":"Mexican Guitar Players","url":"https:\/\/www.mexicanguitarplayers.com\/","logo":{"@type":"ImageObject","inLanguage":"en-US","@id":"https:\/\/www.mexicanguitarplayers.com\/#\/schema\/logo\/image\/","url":"","contentUrl":"","caption":"Mexican Guitar Players"},"image":{"@id":"https:\/\/www.mexicanguitarplayers.com\/#\/schema\/logo\/image\/"}}]}},"brands":[{"id":171,"name":"BEHRINGER","slug":"behringer"}],"_links":{"self":[{"href":"https:\/\/www.mexicanguitarplayers.com\/en\/wp-json\/wp\/v2\/product\/34028","targetHints":{"allow":["GET"]}}],"collection":[{"href":"https:\/\/www.mexicanguitarplayers.com\/en\/wp-json\/wp\/v2\/product"}],"about":[{"href":"https:\/\/www.mexicanguitarplayers.com\/en\/wp-json\/wp\/v2\/types\/product"}],"replies":[{"embeddable":true,"href":"https:\/\/www.mexicanguitarplayers.com\/en\/wp-json\/wp\/v2\/comments?post=34028"}],"wp:featuredmedia":[{"embeddable":true,"href":"https:\/\/www.mexicanguitarplayers.com\/en\/wp-json\/wp\/v2\/media\/34022"}],"wp:attachment":[{"href":"https:\/\/www.mexicanguitarplayers.com\/en\/wp-json\/wp\/v2\/media?parent=34028"}],"wp:term":[{"taxonomy":"pwb-brand","embeddable":true,"href":"https:\/\/www.mexicanguitarplayers.com\/en\/wp-json\/wp\/v2\/pwb-brand?post=34028"},{"taxonomy":"product_brand","embeddable":true,"href":"https:\/\/www.mexicanguitarplayers.com\/en\/wp-json\/wp\/v2\/product_brand?post=34028"},{"taxonomy":"product_cat","embeddable":true,"href":"https:\/\/www.mexicanguitarplayers.com\/en\/wp-json\/wp\/v2\/product_cat?post=34028"},{"taxonomy":"product_tag","embeddable":true,"href":"https:\/\/www.mexicanguitarplayers.com\/en\/wp-json\/wp\/v2\/product_tag?post=34028"}],"curies":[{"name":"wp","href":"https:\/\/api.w.org\/{rel}","templated":true}]}}