{"id":34032,"date":"2025-04-08T21:35:16","date_gmt":"2025-04-09T03:35:16","guid":{"rendered":"https:\/\/www.mexicanguitarplayers.com\/tienda\/sin categor\u00eda\/rack-skb-estuche-p-laptop-1skb-isf2u\/"},"modified":"2026-04-10T04:30:48","modified_gmt":"2026-04-10T10:30:48","slug":"rack-skb-estuche-p-laptop-1skb-isf2u","status":"publish","type":"product","link":"https:\/\/www.mexicanguitarplayers.com\/en\/tienda\/accesorios\/estuches-y-fundas\/para-equipo-de-computo\/rack-skb-estuche-p-laptop-1skb-isf2u\/","title":{"rendered":"RACK SKB ESTUCHE P\/LAPTOP 1SKB-ISF2U"},"content":{"rendered":"<div style=\"text-align: justify\">\n<div>\n<h3>El primer estuche moldeado por inyecci\u00f3n a prueba de agua.<\/h3>\n<\/div>\n<div>El 1SKB-iSF2U Studio Flyer es una fuente inagotable de caracter\u00edsticas innovadoras empaquetadas en un tama\u00f1o compacto y conveniente. Con una carcasa moldeada por inyecci\u00f3n, virtualmente indestructible y que a la vez es m\u00e1s ligera, resistente y menos costosa que la anterior 2U Studio Flyer, el 1SKB-iSF2U tambi\u00e9n cuenta con rieles  de rack cuadrados moldeados delanteros y traseros preinstalados con tuercas para un elemento adicional de seguridad y durabilidad para equipos sensibles sobre la marcha. Las ruedas de deslizamiento silencioso mejoradas, un mango de f\u00e1cil manejo y una garant\u00eda de por vida inmejorable ayudan a crear hoy la soluci\u00f3n definitiva de transporte para el equipo de estudio. Superficie de trabajo de la computadora port\u00e1til: 19&#8243; x 11&#8243;. <\/div>\n<div>\n<h4>Quick look<\/h4>\n<\/div>\n<ul style=\"margin: 0px 0px 0px 25px\">\n<li style=\"list-style-type: circle;margin: 5px\">Kind.<\/li>\n<li style=\"list-style-type: circle;margin: 5px\">Rieles.<\/li>\n<li style=\"list-style-type: circle;margin: 5px\">Unidades de rack.<\/li>\n<li style=\"list-style-type: circle;margin: 5px\">Profundidad de rack.<\/li>\n<li style=\"list-style-type: circle;margin: 5px\">Carril de rack trasero.<\/li>\n<li style=\"list-style-type: circle;margin: 5px\">Carril de cierre frontal.<\/li>\n<li style=\"list-style-type: circle;margin: 5px\">Superficie de laptop.<\/li>\n<li style=\"list-style-type: circle;margin: 5px\">Bolsillos de cable.<\/li>\n<li style=\"list-style-type: circle;margin: 5px\">Ancho interior.<\/li>\n<li style=\"list-style-type: circle;margin: 5px\">Altura interior.<\/li>\n<li style=\"list-style-type: circle;margin: 5px\">Profundidad exterior.<\/li>\n<li style=\"list-style-type: circle;margin: 5px\">Ancho exterior.<\/li>\n<li style=\"list-style-type: circle;margin: 5px\">Altura exterior.<\/li>\n<li style=\"list-style-type: circle;margin: 5px\">Profundidad de rack riel a riel.<\/li>\n<li style=\"list-style-type: circle;margin: 5px\">Profundidad de la tapa.<\/li>\n<li style=\"list-style-type: circle;margin: 5px\">Weight.<\/li>\n<\/ul>\n<div>\n<div style=\"font-weight: bold\">Kind.<\/div>\n<div>\n<p>Rack estuche para laptop<\/p>\n<\/div>\n<div style=\"font-weight: bold\">Rieles.<\/div>\n<div>\n<p>Innovadores rieles delanteros y traseros moldeados.<\/p>\n<\/div>\n<div style=\"font-weight: bold\">Unidades de rack.<\/div>\n<div>\n<p>2.<\/p>\n<\/div>\n<div style=\"font-weight: bold\">Profundidad de rack.<\/div>\n<div>\n<p>11.46\u201d.<\/p>\n<\/div>\n<div style=\"font-weight: bold\">Carril de rack trasero.<\/div>\n<div>\n<p>De 0.75\u201d a la profundidad de la puerta trasera.<\/p>\n<\/div>\n<div style=\"font-weight: bold\">Carril de cierre frontal.<\/div>\n<div>\n<p>De 1.26\u201d a la profundidad de la puerta delantera.<\/p>\n<\/div>\n<div style=\"font-weight: bold\">Superficie de laptop.<\/div>\n<div>\n<p>19&#8243; x 11&#8243;.<\/p>\n<\/div>\n<div style=\"font-weight: bold\">Bolsillos de cable.<\/div>\n<div>\n<p>7.73&#8243; x 1.67&#8243; x 1.93&#8243;.<\/p>\n<\/div>\n<div style=\"font-weight: bold\">Ancho interior.<\/div>\n<div>\n<p>48.26 cm (19\u201d).<\/p>\n<\/div>\n<div style=\"font-weight: bold\">Altura interior.<\/div>\n<div>\n<p>8.89 cm (3.5\u201d).<\/p>\n<\/div>\n<div style=\"font-weight: bold\">Profundidad exterior.<\/div>\n<div>\n<p>56.52 cm (22.25\u201d).<\/p>\n<\/div>\n<div style=\"font-weight: bold\">Ancho exterior.<\/div>\n<div>\n<p>35.56 cm (14\u201d).<\/p>\n<\/div>\n<div style=\"font-weight: bold\">Altura exterior.<\/div>\n<div>\n<p>24.13 cm (9.5\u201d).<\/p>\n<\/div>\n<div style=\"font-weight: bold\">Profundidad de rack riel a riel.<\/div>\n<div>\n<p>29.11 cm (11.46\u201d).<\/p>\n<\/div>\n<div style=\"font-weight: bold\">Profundidad de la tapa.<\/div>\n<div>\n<p>5.08 cm (2\u201d).<\/p>\n<\/div>\n<div style=\"font-weight: bold\">Weight.<\/div>\n<div>\n<p>6.89 kg.<\/p>\n<\/div>\n<\/div>\n<div>\n<h4>Characteristics<\/h4>\n<\/div>\n<div>\n<ul style=\"margin: 0px 0px 0px 25px\">\n<li style=\"list-style-type: circle;margin: 5px\">Impermeable y resistente a los golpes.<\/li>\n<li style=\"list-style-type: circle;margin: 5px\">8 tacos de goma para sostener la laptop en su posici\u00f3n durante el transporte.<\/li>\n<li style=\"list-style-type: circle;margin: 5px\">Ruedas de deslizamiento silencioso y manivela.<\/li>\n<li style=\"list-style-type: circle;margin: 5px\">Fabricado en USA.<\/li>\n<\/ul>\n<\/div>\n<\/div>","protected":false},"excerpt":{"rendered":"<p>Rack estuche para laptop, tama\u00f1o compacto de mano, impermeable y resistente a los golpes, innovadores rieles delanteros y traseros moldeados, 2 unidades de rack, 8 tacos de goma para sostener la laptop en su posici\u00f3n durante el transporte, carril de cierre frontal de 1.26\u201d a la profundidad de la puerta delantera, profundidad de rack: 11.46\u201d, carril de rack trasero de 0.75\u201d a la profundidad de la puerta, superficie de laptop: 19\u201d x 11\u201d, bolsillos de cable: 7.73\u201d x 1.67\u201d x 1.93\u201d, ruedas de deslizamiento silencioso y manivela, fabricado en USA, ancho interior: 48.26 cm, altura interior: 8.89cm, profundidad exterior: 56.52 cm, ancho exterior: 35.56 cm, altura exterior: 24.13 cm, profundidad de rack riel a riel: 29.11 cm, profundidad de la tapa: 5.08 cm, peso: 6.89 kg.&hellip; <a class=\"kt-excerpt-readmore more-link\" href=\"https:\/\/www.mexicanguitarplayers.com\/en\/tienda\/accesorios\/estuches-y-fundas\/para-equipo-de-computo\/rack-skb-estuche-p-laptop-1skb-isf2u\/\">Read more<\/a><\/p>","protected":false},"featured_media":34029,"comment_status":"open","ping_status":"closed","template":"","meta":{"kt_blocks_editor_width":""},"pwb-brand":[609],"product_brand":[],"product_cat":[85,517,579],"product_tag":[],"class_list":{"0":"post-34032","1":"product","2":"type-product","3":"status-publish","4":"has-post-thumbnail","6":"pwb-brand-skb","7":"product_cat-accesorios","8":"product_cat-estuches-y-fundas","9":"product_cat-para-equipo-de-computo","10":"product_shipping_class-5-10-kg","12":"first","13":"instock","14":"taxable","15":"shipping-taxable","16":"purchasable","17":"product-type-simple"},"yoast_head":"<!-- This site is optimized with the Yoast SEO plugin v27.5 - https:\/\/yoast.com\/product\/yoast-seo-wordpress\/ -->\n<title>RACK SKB ESTUCHE P\/LAPTOP 1SKB-ISF2U - Mexican Guitar Players<\/title>\n<meta name=\"description\" content=\"Rack estuche para laptop, tama\u00f1o compacto de mano, impermeable y resistente a los golpes, innovadores rieles delanteros y traseros moldeados, 2 unidades de rack, 8 tacos de goma para sostener la laptop en su posici\u00f3n durante el transporte, carril de cierre frontal de 1.26\u201d a la profundidad de la puerta delantera, profundidad de rack: 11.46\u201d, carril de rack trasero de 0.75\u201d a la profundidad de la puerta, superficie de laptop: 19\u201d x 11\u201d, bolsillos de cable: 7.73\u201d x 1.67\u201d x 1.93\u201d, ruedas de deslizamiento silencioso y manivela, fabricado en USA, ancho interior: 48.26 cm, altura interior: 8.89cm, profundidad exterior: 56.52 cm, ancho exterior: 35.56 cm, altura exterior: 24.13 cm, profundidad de rack riel a riel: 29.11 cm, profundidad de la tapa: 5.08 cm, peso: 6.89 kg.\" \/>\n<meta name=\"robots\" content=\"index, follow, max-snippet:-1, max-image-preview:large, max-video-preview:-1\" \/>\n<link rel=\"canonical\" href=\"https:\/\/www.mexicanguitarplayers.com\/en\/tienda\/sin%20categor\u00eda\/rack-skb-estuche-p-laptop-1skb-isf2u\/\" \/>\n<meta property=\"og:locale\" content=\"en_US\" \/>\n<meta property=\"og:type\" content=\"article\" \/>\n<meta property=\"og:title\" content=\"RACK SKB ESTUCHE P\/LAPTOP 1SKB-ISF2U - Mexican Guitar Players\" \/>\n<meta property=\"og:description\" content=\"Rack estuche para laptop, tama\u00f1o compacto de mano, impermeable y resistente a los golpes, innovadores rieles delanteros y traseros moldeados, 2 unidades de rack, 8 tacos de goma para sostener la laptop en su posici\u00f3n durante el transporte, carril de cierre frontal de 1.26\u201d a la profundidad de la puerta delantera, profundidad de rack: 11.46\u201d, carril de rack trasero de 0.75\u201d a la profundidad de la puerta, superficie de laptop: 19\u201d x 11\u201d, bolsillos de cable: 7.73\u201d x 1.67\u201d x 1.93\u201d, ruedas de deslizamiento silencioso y manivela, fabricado en USA, ancho interior: 48.26 cm, altura interior: 8.89cm, profundidad exterior: 56.52 cm, ancho exterior: 35.56 cm, altura exterior: 24.13 cm, profundidad de rack riel a riel: 29.11 cm, profundidad de la tapa: 5.08 cm, peso: 6.89 kg.\" \/>\n<meta property=\"og:url\" content=\"https:\/\/www.mexicanguitarplayers.com\/en\/tienda\/sin categor\u00eda\/rack-skb-estuche-p-laptop-1skb-isf2u\/\" \/>\n<meta property=\"og:site_name\" content=\"Mexican Guitar Players\" \/>\n<meta property=\"article:modified_time\" content=\"2026-04-10T10:30:48+00:00\" \/>\n<meta name=\"twitter:card\" content=\"summary_large_image\" \/>\n<meta name=\"twitter:label1\" content=\"Est. reading time\" \/>\n\t<meta name=\"twitter:data1\" content=\"1 minute\" \/>\n<script type=\"application\/ld+json\" class=\"yoast-schema-graph\">{\"@context\":\"https:\\\/\\\/schema.org\",\"@graph\":[{\"@type\":[\"WebPage\",\"ItemPage\"],\"@id\":\"https:\\\/\\\/www.mexicanguitarplayers.com\\\/tienda\\\/sin categor\u00eda\\\/rack-skb-estuche-p-laptop-1skb-isf2u\\\/\",\"url\":\"https:\\\/\\\/www.mexicanguitarplayers.com\\\/tienda\\\/sin categor\u00eda\\\/rack-skb-estuche-p-laptop-1skb-isf2u\\\/\",\"name\":\"RACK SKB ESTUCHE P\\\/LAPTOP 1SKB-ISF2U - Mexican Guitar Players\",\"isPartOf\":{\"@id\":\"https:\\\/\\\/www.mexicanguitarplayers.com\\\/#website\"},\"primaryImageOfPage\":{\"@id\":\"https:\\\/\\\/www.mexicanguitarplayers.com\\\/tienda\\\/sin categor\u00eda\\\/rack-skb-estuche-p-laptop-1skb-isf2u\\\/#primaryimage\"},\"image\":{\"@id\":\"https:\\\/\\\/www.mexicanguitarplayers.com\\\/tienda\\\/sin categor\u00eda\\\/rack-skb-estuche-p-laptop-1skb-isf2u\\\/#primaryimage\"},\"thumbnailUrl\":\"https:\\\/\\\/www.mexicanguitarplayers.com\\\/wp-content\\\/uploads\\\/2025\\\/04\\\/VASKB1SKBISF2U.jpg\",\"datePublished\":\"2025-04-09T03:35:16+00:00\",\"dateModified\":\"2026-04-10T10:30:48+00:00\",\"description\":\"Rack estuche para laptop, tama\u00f1o compacto de mano, impermeable y resistente a los golpes, innovadores rieles delanteros y traseros moldeados, 2 unidades de rack, 8 tacos de goma para sostener la laptop en su posici\u00f3n durante el transporte, carril de cierre frontal de 1.26\u201d a la profundidad de la puerta delantera, profundidad de rack: 11.46\u201d, carril de rack trasero de 0.75\u201d a la profundidad de la puerta, superficie de laptop: 19\u201d x 11\u201d, bolsillos de cable: 7.73\u201d x 1.67\u201d x 1.93\u201d, ruedas de deslizamiento silencioso y manivela, fabricado en USA, ancho interior: 48.26 cm, altura interior: 8.89cm, profundidad exterior: 56.52 cm, ancho exterior: 35.56 cm, altura exterior: 24.13 cm, profundidad de rack riel a riel: 29.11 cm, profundidad de la tapa: 5.08 cm, peso: 6.89 kg.\",\"breadcrumb\":{\"@id\":\"https:\\\/\\\/www.mexicanguitarplayers.com\\\/tienda\\\/sin categor\u00eda\\\/rack-skb-estuche-p-laptop-1skb-isf2u\\\/#breadcrumb\"},\"inLanguage\":\"en-US\",\"potentialAction\":[{\"@type\":\"ReadAction\",\"target\":[\"https:\\\/\\\/www.mexicanguitarplayers.com\\\/tienda\\\/sin categor\u00eda\\\/rack-skb-estuche-p-laptop-1skb-isf2u\\\/\"]}]},{\"@type\":\"ImageObject\",\"inLanguage\":\"en-US\",\"@id\":\"https:\\\/\\\/www.mexicanguitarplayers.com\\\/tienda\\\/sin categor\u00eda\\\/rack-skb-estuche-p-laptop-1skb-isf2u\\\/#primaryimage\",\"url\":\"https:\\\/\\\/www.mexicanguitarplayers.com\\\/wp-content\\\/uploads\\\/2025\\\/04\\\/VASKB1SKBISF2U.jpg\",\"contentUrl\":\"https:\\\/\\\/www.mexicanguitarplayers.com\\\/wp-content\\\/uploads\\\/2025\\\/04\\\/VASKB1SKBISF2U.jpg\",\"width\":1600,\"height\":800},{\"@type\":\"BreadcrumbList\",\"@id\":\"https:\\\/\\\/www.mexicanguitarplayers.com\\\/tienda\\\/sin categor\u00eda\\\/rack-skb-estuche-p-laptop-1skb-isf2u\\\/#breadcrumb\",\"itemListElement\":[{\"@type\":\"ListItem\",\"position\":1,\"name\":\"Portada\",\"item\":\"https:\\\/\\\/www.mexicanguitarplayers.com\\\/\"},{\"@type\":\"ListItem\",\"position\":2,\"name\":\"Tienda\",\"item\":\"https:\\\/\\\/www.mexicanguitarplayers.com\\\/tienda\\\/\"},{\"@type\":\"ListItem\",\"position\":3,\"name\":\"RACK SKB ESTUCHE P\\\/LAPTOP 1SKB-ISF2U\"}]},{\"@type\":\"WebSite\",\"@id\":\"https:\\\/\\\/www.mexicanguitarplayers.com\\\/#website\",\"url\":\"https:\\\/\\\/www.mexicanguitarplayers.com\\\/\",\"name\":\"Mexican Guitar Players\",\"description\":\"Website\",\"publisher\":{\"@id\":\"https:\\\/\\\/www.mexicanguitarplayers.com\\\/#organization\"},\"potentialAction\":[{\"@type\":\"SearchAction\",\"target\":{\"@type\":\"EntryPoint\",\"urlTemplate\":\"https:\\\/\\\/www.mexicanguitarplayers.com\\\/?s={search_term_string}\"},\"query-input\":{\"@type\":\"PropertyValueSpecification\",\"valueRequired\":true,\"valueName\":\"search_term_string\"}}],\"inLanguage\":\"en-US\"},{\"@type\":\"Organization\",\"@id\":\"https:\\\/\\\/www.mexicanguitarplayers.com\\\/#organization\",\"name\":\"Mexican Guitar Players\",\"url\":\"https:\\\/\\\/www.mexicanguitarplayers.com\\\/\",\"logo\":{\"@type\":\"ImageObject\",\"inLanguage\":\"en-US\",\"@id\":\"https:\\\/\\\/www.mexicanguitarplayers.com\\\/#\\\/schema\\\/logo\\\/image\\\/\",\"url\":\"\",\"contentUrl\":\"\",\"caption\":\"Mexican Guitar Players\"},\"image\":{\"@id\":\"https:\\\/\\\/www.mexicanguitarplayers.com\\\/#\\\/schema\\\/logo\\\/image\\\/\"}}]}<\/script>\n<!-- \/ Yoast SEO plugin. -->","yoast_head_json":{"title":"RACK SKB ESTUCHE P\/LAPTOP 1SKB-ISF2U - Mexican Guitar Players","description":"Rack estuche para laptop, tama\u00f1o compacto de mano, impermeable y resistente a los golpes, innovadores rieles delanteros y traseros moldeados, 2 unidades de rack, 8 tacos de goma para sostener la laptop en su posici\u00f3n durante el transporte, carril de cierre frontal de 1.26\u201d a la profundidad de la puerta delantera, profundidad de rack: 11.46\u201d, carril de rack trasero de 0.75\u201d a la profundidad de la puerta, superficie de laptop: 19\u201d x 11\u201d, bolsillos de cable: 7.73\u201d x 1.67\u201d x 1.93\u201d, ruedas de deslizamiento silencioso y manivela, fabricado en USA, ancho interior: 48.26 cm, altura interior: 8.89cm, profundidad exterior: 56.52 cm, ancho exterior: 35.56 cm, altura exterior: 24.13 cm, profundidad de rack riel a riel: 29.11 cm, profundidad de la tapa: 5.08 cm, peso: 6.89 kg.","robots":{"index":"index","follow":"follow","max-snippet":"max-snippet:-1","max-image-preview":"max-image-preview:large","max-video-preview":"max-video-preview:-1"},"canonical":"https:\/\/www.mexicanguitarplayers.com\/en\/tienda\/sin categor\u00eda\/rack-skb-estuche-p-laptop-1skb-isf2u\/","og_locale":"en_US","og_type":"article","og_title":"RACK SKB ESTUCHE P\/LAPTOP 1SKB-ISF2U - Mexican Guitar Players","og_description":"Rack estuche para laptop, tama\u00f1o compacto de mano, impermeable y resistente a los golpes, innovadores rieles delanteros y traseros moldeados, 2 unidades de rack, 8 tacos de goma para sostener la laptop en su posici\u00f3n durante el transporte, carril de cierre frontal de 1.26\u201d a la profundidad de la puerta delantera, profundidad de rack: 11.46\u201d, carril de rack trasero de 0.75\u201d a la profundidad de la puerta, superficie de laptop: 19\u201d x 11\u201d, bolsillos de cable: 7.73\u201d x 1.67\u201d x 1.93\u201d, ruedas de deslizamiento silencioso y manivela, fabricado en USA, ancho interior: 48.26 cm, altura interior: 8.89cm, profundidad exterior: 56.52 cm, ancho exterior: 35.56 cm, altura exterior: 24.13 cm, profundidad de rack riel a riel: 29.11 cm, profundidad de la tapa: 5.08 cm, peso: 6.89 kg.","og_url":"https:\/\/www.mexicanguitarplayers.com\/en\/tienda\/sin categor\u00eda\/rack-skb-estuche-p-laptop-1skb-isf2u\/","og_site_name":"Mexican Guitar Players","article_modified_time":"2026-04-10T10:30:48+00:00","twitter_card":"summary_large_image","twitter_misc":{"Est. reading time":"1 minute"},"schema":{"@context":"https:\/\/schema.org","@graph":[{"@type":["WebPage","ItemPage"],"@id":"https:\/\/www.mexicanguitarplayers.com\/tienda\/sin categor\u00eda\/rack-skb-estuche-p-laptop-1skb-isf2u\/","url":"https:\/\/www.mexicanguitarplayers.com\/tienda\/sin categor\u00eda\/rack-skb-estuche-p-laptop-1skb-isf2u\/","name":"RACK SKB ESTUCHE P\/LAPTOP 1SKB-ISF2U - Mexican Guitar Players","isPartOf":{"@id":"https:\/\/www.mexicanguitarplayers.com\/#website"},"primaryImageOfPage":{"@id":"https:\/\/www.mexicanguitarplayers.com\/tienda\/sin categor\u00eda\/rack-skb-estuche-p-laptop-1skb-isf2u\/#primaryimage"},"image":{"@id":"https:\/\/www.mexicanguitarplayers.com\/tienda\/sin categor\u00eda\/rack-skb-estuche-p-laptop-1skb-isf2u\/#primaryimage"},"thumbnailUrl":"https:\/\/www.mexicanguitarplayers.com\/wp-content\/uploads\/2025\/04\/VASKB1SKBISF2U.jpg","datePublished":"2025-04-09T03:35:16+00:00","dateModified":"2026-04-10T10:30:48+00:00","description":"Rack estuche para laptop, tama\u00f1o compacto de mano, impermeable y resistente a los golpes, innovadores rieles delanteros y traseros moldeados, 2 unidades de rack, 8 tacos de goma para sostener la laptop en su posici\u00f3n durante el transporte, carril de cierre frontal de 1.26\u201d a la profundidad de la puerta delantera, profundidad de rack: 11.46\u201d, carril de rack trasero de 0.75\u201d a la profundidad de la puerta, superficie de laptop: 19\u201d x 11\u201d, bolsillos de cable: 7.73\u201d x 1.67\u201d x 1.93\u201d, ruedas de deslizamiento silencioso y manivela, fabricado en USA, ancho interior: 48.26 cm, altura interior: 8.89cm, profundidad exterior: 56.52 cm, ancho exterior: 35.56 cm, altura exterior: 24.13 cm, profundidad de rack riel a riel: 29.11 cm, profundidad de la tapa: 5.08 cm, peso: 6.89 kg.","breadcrumb":{"@id":"https:\/\/www.mexicanguitarplayers.com\/tienda\/sin categor\u00eda\/rack-skb-estuche-p-laptop-1skb-isf2u\/#breadcrumb"},"inLanguage":"en-US","potentialAction":[{"@type":"ReadAction","target":["https:\/\/www.mexicanguitarplayers.com\/tienda\/sin categor\u00eda\/rack-skb-estuche-p-laptop-1skb-isf2u\/"]}]},{"@type":"ImageObject","inLanguage":"en-US","@id":"https:\/\/www.mexicanguitarplayers.com\/tienda\/sin categor\u00eda\/rack-skb-estuche-p-laptop-1skb-isf2u\/#primaryimage","url":"https:\/\/www.mexicanguitarplayers.com\/wp-content\/uploads\/2025\/04\/VASKB1SKBISF2U.jpg","contentUrl":"https:\/\/www.mexicanguitarplayers.com\/wp-content\/uploads\/2025\/04\/VASKB1SKBISF2U.jpg","width":1600,"height":800},{"@type":"BreadcrumbList","@id":"https:\/\/www.mexicanguitarplayers.com\/tienda\/sin categor\u00eda\/rack-skb-estuche-p-laptop-1skb-isf2u\/#breadcrumb","itemListElement":[{"@type":"ListItem","position":1,"name":"Portada","item":"https:\/\/www.mexicanguitarplayers.com\/"},{"@type":"ListItem","position":2,"name":"Tienda","item":"https:\/\/www.mexicanguitarplayers.com\/tienda\/"},{"@type":"ListItem","position":3,"name":"RACK SKB ESTUCHE P\/LAPTOP 1SKB-ISF2U"}]},{"@type":"WebSite","@id":"https:\/\/www.mexicanguitarplayers.com\/#website","url":"https:\/\/www.mexicanguitarplayers.com\/","name":"Mexican Guitar Players","description":"Website","publisher":{"@id":"https:\/\/www.mexicanguitarplayers.com\/#organization"},"potentialAction":[{"@type":"SearchAction","target":{"@type":"EntryPoint","urlTemplate":"https:\/\/www.mexicanguitarplayers.com\/?s={search_term_string}"},"query-input":{"@type":"PropertyValueSpecification","valueRequired":true,"valueName":"search_term_string"}}],"inLanguage":"en-US"},{"@type":"Organization","@id":"https:\/\/www.mexicanguitarplayers.com\/#organization","name":"Mexican Guitar Players","url":"https:\/\/www.mexicanguitarplayers.com\/","logo":{"@type":"ImageObject","inLanguage":"en-US","@id":"https:\/\/www.mexicanguitarplayers.com\/#\/schema\/logo\/image\/","url":"","contentUrl":"","caption":"Mexican Guitar Players"},"image":{"@id":"https:\/\/www.mexicanguitarplayers.com\/#\/schema\/logo\/image\/"}}]}},"brands":[{"id":609,"name":"SKB","slug":"skb"}],"_links":{"self":[{"href":"https:\/\/www.mexicanguitarplayers.com\/en\/wp-json\/wp\/v2\/product\/34032","targetHints":{"allow":["GET"]}}],"collection":[{"href":"https:\/\/www.mexicanguitarplayers.com\/en\/wp-json\/wp\/v2\/product"}],"about":[{"href":"https:\/\/www.mexicanguitarplayers.com\/en\/wp-json\/wp\/v2\/types\/product"}],"replies":[{"embeddable":true,"href":"https:\/\/www.mexicanguitarplayers.com\/en\/wp-json\/wp\/v2\/comments?post=34032"}],"wp:featuredmedia":[{"embeddable":true,"href":"https:\/\/www.mexicanguitarplayers.com\/en\/wp-json\/wp\/v2\/media\/34029"}],"wp:attachment":[{"href":"https:\/\/www.mexicanguitarplayers.com\/en\/wp-json\/wp\/v2\/media?parent=34032"}],"wp:term":[{"taxonomy":"pwb-brand","embeddable":true,"href":"https:\/\/www.mexicanguitarplayers.com\/en\/wp-json\/wp\/v2\/pwb-brand?post=34032"},{"taxonomy":"product_brand","embeddable":true,"href":"https:\/\/www.mexicanguitarplayers.com\/en\/wp-json\/wp\/v2\/product_brand?post=34032"},{"taxonomy":"product_cat","embeddable":true,"href":"https:\/\/www.mexicanguitarplayers.com\/en\/wp-json\/wp\/v2\/product_cat?post=34032"},{"taxonomy":"product_tag","embeddable":true,"href":"https:\/\/www.mexicanguitarplayers.com\/en\/wp-json\/wp\/v2\/product_tag?post=34032"}],"curies":[{"name":"wp","href":"https:\/\/api.w.org\/{rel}","templated":true}]}}